{"id":66850,"date":"2021-12-10T15:37:14","date_gmt":"2021-12-10T15:37:14","guid":{"rendered":"https:\/\/monatglobal.com\/pl\/?page_id=66850"},"modified":"2026-02-19T19:58:36","modified_gmt":"2026-02-19T19:58:36","slug":"creamy-cleanser","status":"publish","type":"page","link":"https:\/\/monatglobal.com\/pl\/creamy-cleanser\/","title":{"rendered":"BE GENTLE\u2122 Oczyszczaj\u0105cy Krem Do Twarzy"},"content":{"rendered":"\n<link rel=\"stylesheet\" href=\"https:\/\/unpkg.com\/swiper\/swiper-bundle.min.css\">\n<link rel=\"stylesheet\" href=\"https:\/\/monatglobal.com\/wp-content\/creative_css\/product_styles_sheet.css\">\n    <!--==================================================== ECOMM SECTION ====================================================-->\n        <!--==================================================== Ecomm image ====================================================-->\n        <img decoding=\"async\" src=\"https:\/\/monatglobal.com\/au\/wp-content\/uploads\/sites\/12\/2021\/12\/BE-GENTLE-Creamy-Cleanser-ecomm-2022.png\" alt=\"BE GENTLE\u2122 Oczyszczaj\u0105cy Krem Do Twarzy\" loading=\"lazy\">\n        <!--==================================================== Ecomm information  ====================================================-->\n            <p>BE GENTLE\u2122<\/p>\n            <h1>Oczyszczaj\u0105cy Krem <br>Do Twarzy<\/h1>\n            \n            <p>Oczyszczenie i&nbsp;ukojenie<br> Od\u017cywiaj\u0105ce sk\u00f3r\u0119 przeciwutleniacze i&nbsp;REJUVENIQE&nbsp;S\u2122<\/p>\n            <p>120 ml \u212e | 4.0 fl. oz.<\/p>\n         <!--==================================================== pricing box ====================================================--> \n         <p>Cena detaliczna<br>000.00 z\u0142<\/p>\n         <p>Klient VIP<br>000.00 z\u0142<\/p>\n         <!--==================================================== pricing box ====================================================-->   \n            <p>Aby dowiedzie\u0107 si\u0119 wi\u0119cej na temat praduktu BE GENTLE\u2122 Oczyszczaj\u0105cy Krem Do&nbsp;Twarzy, prosimy skontaktowa\u0107 si\u0119 ze swoim Market Partnerem&nbsp;MONAT.<\/p>\n          <a href=\"\" target=\"_blank\" role=\"button\" aria-label=\"\" rel=\"noopener\"><\/a>\n    <!--==================================================== \/ECOMM SECTION  ====================================================-->\n   <!--==================================================== Benefits image ====================================================-->\n  \n    <source media=\"(max-width: 700px)\" srcset=\"https:\/\/monatglobal.com\/au\/wp-content\/uploads\/sites\/12\/2021\/12\/BE-GENTLE-Creamy-Cleanser-benefits-close-up_mobile.jpg\" loading=\"lazy\">\n      <img decoding=\"async\" src=\"https:\/\/monatglobal.com\/au\/wp-content\/uploads\/sites\/12\/2021\/12\/BE-GENTLE-Creamy-Cleanser-benefits-close-up.jpg\" alt=\"\" loading=\"lazy\">\n    \n   <!--==================================================== Benefits text ====================================================-->\n         <h2>ZALETY<\/h2>\n         <h3>Delikatny kremowy preparat oczyszczaj\u0105cy, kt\u00f3ry \u0142agodnie usuwa i&nbsp;zmywa zanieczyszczenia, \n         jednocze\u015bnie od\u017cywiaj\u0105c sk\u00f3r\u0119, pozostawiaj\u0105c j\u0105 od\u015bwie\u017con\u0105 i&nbsp;nawil\u017con\u0105.<\/h3>\n         <!--==================================================== features image  ====================================================-->\n         <img decoding=\"async\" alt=\"\" src=\"https:\/\/monatglobal.com\/au\/wp-content\/uploads\/sites\/12\/2021\/12\/BE-GENTLE-Creamy-Cleanser-features.jpg\" loading=\"lazy\">\n      <!--==================================================== features text ====================================================-->\n            <h3>Cechy<\/h3>\n               <p>\/ Delikatnie usuwa zanieczyszczenia bez \u015bcierania&nbsp;sk\u00f3ry<\/p>\n               <p>\/ Od\u017cywiaj\u0105ca formu\u0142a pozostawia sk\u00f3r\u0119 czyst\u0105 bez uczucia napi\u0119cia czy&nbsp;wysuszenia<\/p>\n               <p>\/ Sk\u00f3ra jest ukojona, rozlu\u017aniona i&nbsp;daje poczucie&nbsp;komfortu<\/p>\n               <br>\n            <p>Fragrance \/ Unwind and enjoy a&nbsp;coconut-forward, citrusy aroma with notes of blood orange, coconut husk, cashew nut and&nbsp;sandalwood. <\/p>\n            <p> Texture \/ Cream <\/p>\n   <!--==================================================== composition image mobile ====================================================-->\n   <img decoding=\"async\" alt=\"\" src=\"https:\/\/monatglobal.com\/au\/wp-content\/uploads\/sites\/12\/2021\/12\/BE-GENTLE-Creamy-Cleanser-composition-1.jpg\" loading=\"lazy\">\n   <!--==================================================== Why it works text ====================================================-->\n      <h2>OCZYSZCZENIE I UKOJENIE<\/h2>\n      <h3>Niezwykle \u0142agodny, kremowy preparat oczyszczaj\u0105cy \u0142agodnie usuwa zanieczyszczenia, \n      jednocze\u015bnie zmi\u0119kczaj\u0105c i&nbsp;koj\u0105c&nbsp;sk\u00f3r\u0119.<\/h3>\n      Usuwa pozosta\u0142o\u015bci makija\u017cu, nadmiar sebum i&nbsp;martwy nask\u00f3rek, pozostawiaj\u0105c czyst\u0105, mi\u0119kk\u0105, \n      g\u0142adk\u0105 i&nbsp;nawil\u017con\u0105 cer\u0119 o&nbsp;w\u0142a\u015bciwej&nbsp;strukturze.\n<!--==================================================== Composition section ====================================================-->\n      <img decoding=\"async\" alt=\"\" src=\"https:\/\/monatglobal.com\/au\/wp-content\/uploads\/sites\/12\/2021\/12\/BE-GENTLE-Creamy-Cleanser-composition-1.jpg\" loading=\"lazy\">\n      <img decoding=\"async\" alt=\"\" src=\"https:\/\/monatglobal.com\/au\/wp-content\/uploads\/sites\/12\/2021\/12\/be-gentle-creamy-clenaser-composition-3.jpg\" loading=\"lazy\">\n            <!--==================================================== Directions text ====================================================--> \n               <h3>Wskaz\u00f3wki<\/h3>\n                    <p>\/ U\u017cywaj codziennie, rano i&nbsp;wieczorem.<\/p>\n                    <p>\/ Rozetrzyj niewielk\u0105 ilo\u015b\u0107 preparatu w&nbsp;r\u0119kach.<\/p>\n                    <p>\/ Nanie\u015b na wilgotn\u0105 sk\u00f3r\u0119. Delikatnie oczy\u015b\u0107 twarz, szyj\u0119 i&nbsp;dekolt, wykonuj\u0105c okr\u0119\u017cne&nbsp;ruchy.<\/p>\n                    <p>\/ Unikaj kontaktu z&nbsp;oczami.<\/p>\n                    <p>\/ Sp\u0142ucz ciep\u0142\u0105 wod\u0105.<\/p>\n                    <p>\/ Nast\u0119pnie zastosuj swoje ulubione produkty do piel\u0119gnacji twarzy&nbsp;MONAT.<\/p>\n            <!--==================================================== Directions video ====================================================-->\n      <p>Be Balanced\u2122 <br>Lightweight Moisturizer <br>0:35<\/p>\n         <!--==================================================== features image  ====================================================-->\n         <img decoding=\"async\" alt=\"\" src=\"https:\/\/monatglobal.com\/au\/wp-content\/uploads\/sites\/12\/2021\/12\/sunscreen-suggestion.jpg\" loading=\"lazy\">\n      <!--==================================================== features text ====================================================-->\n            <h3>Sugestie<\/h3>\n               <p>\/ Dla osi\u0105gni\u0119cia najlepszych rezultat\u00f3w oczy\u015b\u0107 sk\u00f3r\u0119&nbsp;dwukrotnie.<\/p>\n               <p>\/ Zastosuj filtr s\u0142oneczny 15 minut przed wyj\u015bciem na&nbsp;zewn\u0105trz.<\/p>\n      <a href=\"\" target=\"_blank\" role=\"button\" aria-label=\"\" rel=\"noopener\"><\/a>\n   <!--==================================================== Ingredients section  ====================================================-->\n      <h2>NAJWA\u017bNIEJSZE SK\u0141ADNIKI AKTYWNE<\/h2>\n      <p>REJUVENIQE S\u2122<\/p>\n      <p>Peptydy<\/p>\n      <p>Naturalne kwasy owocowe&nbsp;(AHA)<\/p>\n      <p>Koj\u0105cy kompleks <\/p>\n        <button id=\"myBtn\" type=\"button\">ZOBACZ PE\u0141N\u0104 LIST\u0118&nbsp;SK\u0141ADNIK\u00d3W<\/button>\n      <!--==================================================== Modal content  ====================================================-->\n         \u00d7\n         Aqua\/Water\/Eau, Sodium Cocoyl Glutamate, Cetearyl Alcohol, Sodium Cocoyl Isethionate, Glyceryl Stearate SE, Helianthus \n         Annuus (Sunflower) Seed Oil, Cetearyl Glucoside, Glycerin, Cetyl Alcohol, Butyrospermum Parkii (Shea) Butter, Sodium Lauroyl Glutamate, \n         Sodium Astrocaryum Murumuruate, Trifluoroacetyl Tripeptide-2, Bisabolol, Zingiber Officinale (Ginger) Root Extract, Glycolic Acid, \n         Mangifera Indica (Mango) Pulp Extract, Musa Sapientum (Banana) Pulp Extract, Saccharum Officinarum (Sugarcane) Extract, Limnanthes Alba \n         (Meadowfoam) Seed Oil, Crambe Abyssinica Seed Oil, Camellia Oleifera Seed Oil, Solanum Lycopersicum (Tomato) Seed Oil, Daucus Carota Sativa \n         (Carrot) Seed Oil, Citrus Limon (Lemon) Peel Oil, Citrus Aurantifolia (Lime) Oil, Citrus Aurantium Bergamia (Bergamot) Fruit Oil, Adansonia\n         Digitata Oil, Mauritia Flexuosa Fruit Oil, Cocos Nucifera (Coconut) Oil, Gardenia Taitensis Flower Extract, Moringa Oleifera Seed Oil, \n         Caryocar Brasiliense Fruit Oil, Olea Europaea (Olive) Fruit Oil, Simmondsia Chinensis (Jojoba) Seed Extract, Tocopherol, Sodium \n         Polyacrylate, Xylitol, Caprylic Acid, Glyceryl Stearate, Dextran, Fragrance\/Parfum, Ethylhexylglycerin, Benzyl&nbsp;Alcohol.\n   <!--==================================================== You might also like section ====================================================-->\n      <h2>INNE PRODUKTY, KT\u00d3RE MOG\u0104 CI SI\u0118 SPODOBA\u0106<\/h2>\n      <!--==================================================== Slider YOU MIGHT ALSO LIKE ====================================================-->\n          <!---->\n          <!--   -->\n                <!-- Slides products-->\n          <!--      -->\n          <!--         <a href=\"\/pl\/skin-revitalizing\/\" aria-label=\"Go to SKIN REVITALIZING ESSENCE\u2122 page\">-->\n          <!--          <img decoding=\"async\" src=\"https:\/\/monatglobal.com\/wp-content\/uploads\/2022\/12\/Skin-Revitalizing-Essence-ecomm-2022-min.png\" alt=\"SKIN REVITALIZING ESSENCE\u2122\" loading=\"lazy\"\/>-->\n          <!--          <p>SKIN REVITALIZING&nbsp;ESSENCE\u2122<\/p>-->\n          <!--        <\/a>-->\n          <!--      -->\n          <!--      -->\n          <!--         <a href=\"\/pl\/age-control-nectar\/\" aria-label=\"Go to REWIND\u2122 NEKTAR KONTROLUJ\u0104CY WIEK page\">-->\n          <!--          <img decoding=\"async\" src=\"https:\/\/monatglobal.com\/wp-content\/uploads\/2022\/12\/Rewind-Age-Control-Nectar-ecomm-min.png\" alt=\"REWIND\u2122 NEKTAR KONTROLUJ\u0104CY WIEK\" loading=\"lazy\"\/>-->\n          <!--          <p>REWIND\u2122 <br \/>NEKTAR KONTROLUJ\u0104CY&nbsp;WIEK<\/p>-->\n          <!--        <\/a>-->\n          <!--      -->\n          <!--      -->\n          <!--         <a href=\"\/pl\/eye-smooth\/\" aria-label=\"Go to EYE SMOOTH\u2122 page\">-->\n          <!--            <img decoding=\"async\" src=\"https:\/\/monatglobal.com\/wp-content\/uploads\/2022\/12\/Eye-smooth-ecomm-2022-min.png\" alt=\"EYE SMOOTH\u2122\" loading=\"lazy\"\/>-->\n          <!--            <p>EYE&nbsp;SMOOTH\u2122<\/p>-->\n          <!--         <\/a>-->\n          <!--      -->\n          <!--   -->\n             <!-- If we need navigation buttons -->\n          <!--   -->\n          <!--   -->\n             <!-- If we need paginations -->\n          <!--   -->\n          <!---->\n         <!--==================================================== If we need navigation buttons  ====================================================-->\n         <!--==================================================== If we need paginations  ====================================================-->\n    <a href=\"\" aria-label=\"\"><\/a>\n<!--==================================================== this link has to go last for it to work   ====================================================-->\n","protected":false},"excerpt":{"rendered":"<p>BE GENTLE\u2122 Oczyszczaj\u0105cy Krem Do Twarzy Oczyszczenie i&nbsp;ukojenie Od\u017cywiaj\u0105ce sk\u00f3r\u0119 przeciwutleniacze i&nbsp;REJUVENIQE&nbsp;S\u2122 120 ml \u212e | 4.0 fl. oz. Cena detaliczna000.00 z\u0142 Klient VIP000.00 z\u0142 Aby dowiedzie\u0107 si\u0119 wi\u0119cej na temat praduktu BE GENTLE\u2122 Oczyszczaj\u0105cy Krem Do&nbsp;Twarzy, prosimy skontaktowa\u0107 si\u0119 ze swoim Market Partnerem&nbsp;MONAT. ZALETY Delikatny kremowy preparat oczyszczaj\u0105cy, kt\u00f3ry \u0142agodnie usuwa i&nbsp;zmywa zanieczyszczenia, jednocze\u015bnie&hellip;<\/p>\n","protected":false},"author":31,"featured_media":66852,"parent":0,"menu_order":0,"comment_status":"closed","ping_status":"closed","template":"","meta":{"inline_featured_image":false,"om_disable_all_campaigns":false,"_monsterinsights_skip_tracking":false,"_monsterinsights_sitenote_active":false,"_monsterinsights_sitenote_note":"","_monsterinsights_sitenote_category":0,"footnotes":""},"categories":[39],"tags":[],"class_list":["post-66850","page","type-page","status-publish","has-post-thumbnail","hentry","category-product-pl"],"aioseo_notices":[],"aioseo_head":"\n\t\t<!-- All in One SEO Pro 4.9.6 - aioseo.com -->\n\t<meta name=\"description\" content=\"--&gt;\" \/>\n\t<meta name=\"robots\" content=\"max-image-preview:large\" \/>\n\t<link rel=\"canonical\" href=\"https:\/\/monatglobal.com\/pl\/creamy-cleanser\/\" \/>\n\t<meta name=\"generator\" content=\"All in One SEO Pro (AIOSEO) 4.9.6\" \/>\n\t\t<meta property=\"og:locale\" content=\"pl_PL\" \/>\n\t\t<meta property=\"og:site_name\" content=\"MONAT POLAND - MONAT GLOBAL\" \/>\n\t\t<meta property=\"og:type\" content=\"article\" \/>\n\t\t<meta property=\"og:title\" content=\"BE GENTLE\u2122 Oczyszczaj\u0105cy Krem Do Twarzy\" \/>\n\t\t<meta property=\"og:description\" content=\"--&gt;\" \/>\n\t\t<meta property=\"og:url\" content=\"https:\/\/monatglobal.com\/pl\/creamy-cleanser\/\" \/>\n\t\t<meta property=\"article:published_time\" content=\"2021-12-10T15:37:14+00:00\" \/>\n\t\t<meta property=\"article:modified_time\" content=\"2026-02-19T19:58:36+00:00\" \/>\n\t\t<meta name=\"twitter:card\" content=\"summary_large_image\" \/>\n\t\t<meta name=\"twitter:title\" content=\"BE GENTLE\u2122 Oczyszczaj\u0105cy Krem Do Twarzy\" \/>\n\t\t<meta name=\"twitter:description\" content=\"--&gt;\" \/>\n\t\t<script type=\"application\/ld+json\" class=\"aioseo-schema\">\n\t\t\t{\"@context\":\"https:\\\/\\\/schema.org\",\"@graph\":[{\"@type\":\"BreadcrumbList\",\"@id\":\"https:\\\/\\\/monatglobal.com\\\/pl\\\/creamy-cleanser\\\/#breadcrumblist\",\"itemListElement\":[{\"@type\":\"ListItem\",\"@id\":\"https:\\\/\\\/monatglobal.com\\\/pl#listItem\",\"position\":1,\"name\":\"Home\",\"item\":\"https:\\\/\\\/monatglobal.com\\\/pl\",\"nextItem\":{\"@type\":\"ListItem\",\"@id\":\"https:\\\/\\\/monatglobal.com\\\/pl\\\/creamy-cleanser\\\/#listItem\",\"name\":\"BE GENTLE\\u2122 Oczyszczaj\\u0105cy Krem Do Twarzy\"}},{\"@type\":\"ListItem\",\"@id\":\"https:\\\/\\\/monatglobal.com\\\/pl\\\/creamy-cleanser\\\/#listItem\",\"position\":2,\"name\":\"BE GENTLE\\u2122 Oczyszczaj\\u0105cy Krem Do Twarzy\",\"previousItem\":{\"@type\":\"ListItem\",\"@id\":\"https:\\\/\\\/monatglobal.com\\\/pl#listItem\",\"name\":\"Home\"}}]},{\"@type\":\"Organization\",\"@id\":\"https:\\\/\\\/monatglobal.com\\\/pl\\\/#organization\",\"name\":\"MONAT POLAND\",\"description\":\"MONAT GLOBAL\",\"url\":\"https:\\\/\\\/monatglobal.com\\\/pl\\\/\"},{\"@type\":\"WebPage\",\"@id\":\"https:\\\/\\\/monatglobal.com\\\/pl\\\/creamy-cleanser\\\/#webpage\",\"url\":\"https:\\\/\\\/monatglobal.com\\\/pl\\\/creamy-cleanser\\\/\",\"name\":\"BE GENTLE\\u2122 Oczyszczaj\\u0105cy Krem Do Twarzy\",\"description\":\"-->\",\"inLanguage\":\"pl-PL\",\"isPartOf\":{\"@id\":\"https:\\\/\\\/monatglobal.com\\\/pl\\\/#website\"},\"breadcrumb\":{\"@id\":\"https:\\\/\\\/monatglobal.com\\\/pl\\\/creamy-cleanser\\\/#breadcrumblist\"},\"image\":{\"@type\":\"ImageObject\",\"url\":\"https:\\\/\\\/monatglobal.com\\\/pl\\\/wp-content\\\/uploads\\\/sites\\\/9\\\/2021\\\/12\\\/BE-GENTLE-Creamy-Cleanser-ecomm-2022.png\",\"@id\":\"https:\\\/\\\/monatglobal.com\\\/pl\\\/creamy-cleanser\\\/#mainImage\",\"width\":641,\"height\":800},\"primaryImageOfPage\":{\"@id\":\"https:\\\/\\\/monatglobal.com\\\/pl\\\/creamy-cleanser\\\/#mainImage\"},\"datePublished\":\"2021-12-10T15:37:14+00:00\",\"dateModified\":\"2026-02-19T19:58:36+00:00\"},{\"@type\":\"WebSite\",\"@id\":\"https:\\\/\\\/monatglobal.com\\\/pl\\\/#website\",\"url\":\"https:\\\/\\\/monatglobal.com\\\/pl\\\/\",\"name\":\"MONAT POLAND\",\"description\":\"MONAT GLOBAL\",\"inLanguage\":\"pl-PL\",\"publisher\":{\"@id\":\"https:\\\/\\\/monatglobal.com\\\/pl\\\/#organization\"}}]}\n\t\t<\/script>\n\t\t<!-- All in One SEO Pro -->\r\n\t\t<title>BE GENTLE\u2122 Oczyszczaj\u0105cy Krem Do Twarzy<\/title>\n\n","aioseo_head_json":{"title":"BE GENTLE\u2122 Oczyszczaj\u0105cy Krem Do Twarzy","description":"-->","canonical_url":"https:\/\/monatglobal.com\/pl\/creamy-cleanser\/","robots":"max-image-preview:large","keywords":"","webmasterTools":{"miscellaneous":""},"schema":{"@context":"https:\/\/schema.org","@graph":[{"@type":"BreadcrumbList","@id":"https:\/\/monatglobal.com\/pl\/creamy-cleanser\/#breadcrumblist","itemListElement":[{"@type":"ListItem","@id":"https:\/\/monatglobal.com\/pl#listItem","position":1,"name":"Home","item":"https:\/\/monatglobal.com\/pl","nextItem":{"@type":"ListItem","@id":"https:\/\/monatglobal.com\/pl\/creamy-cleanser\/#listItem","name":"BE GENTLE\u2122 Oczyszczaj\u0105cy Krem Do Twarzy"}},{"@type":"ListItem","@id":"https:\/\/monatglobal.com\/pl\/creamy-cleanser\/#listItem","position":2,"name":"BE GENTLE\u2122 Oczyszczaj\u0105cy Krem Do Twarzy","previousItem":{"@type":"ListItem","@id":"https:\/\/monatglobal.com\/pl#listItem","name":"Home"}}]},{"@type":"Organization","@id":"https:\/\/monatglobal.com\/pl\/#organization","name":"MONAT POLAND","description":"MONAT GLOBAL","url":"https:\/\/monatglobal.com\/pl\/"},{"@type":"WebPage","@id":"https:\/\/monatglobal.com\/pl\/creamy-cleanser\/#webpage","url":"https:\/\/monatglobal.com\/pl\/creamy-cleanser\/","name":"BE GENTLE\u2122 Oczyszczaj\u0105cy Krem Do Twarzy","description":"-->","inLanguage":"pl-PL","isPartOf":{"@id":"https:\/\/monatglobal.com\/pl\/#website"},"breadcrumb":{"@id":"https:\/\/monatglobal.com\/pl\/creamy-cleanser\/#breadcrumblist"},"image":{"@type":"ImageObject","url":"https:\/\/monatglobal.com\/pl\/wp-content\/uploads\/sites\/9\/2021\/12\/BE-GENTLE-Creamy-Cleanser-ecomm-2022.png","@id":"https:\/\/monatglobal.com\/pl\/creamy-cleanser\/#mainImage","width":641,"height":800},"primaryImageOfPage":{"@id":"https:\/\/monatglobal.com\/pl\/creamy-cleanser\/#mainImage"},"datePublished":"2021-12-10T15:37:14+00:00","dateModified":"2026-02-19T19:58:36+00:00"},{"@type":"WebSite","@id":"https:\/\/monatglobal.com\/pl\/#website","url":"https:\/\/monatglobal.com\/pl\/","name":"MONAT POLAND","description":"MONAT GLOBAL","inLanguage":"pl-PL","publisher":{"@id":"https:\/\/monatglobal.com\/pl\/#organization"}}]},"og:locale":"pl_PL","og:site_name":"MONAT POLAND - MONAT GLOBAL","og:type":"article","og:title":"BE GENTLE\u2122 Oczyszczaj\u0105cy Krem Do Twarzy","og:description":"--&gt;","og:url":"https:\/\/monatglobal.com\/pl\/creamy-cleanser\/","article:published_time":"2021-12-10T15:37:14+00:00","article:modified_time":"2026-02-19T19:58:36+00:00","twitter:card":"summary_large_image","twitter:title":"BE GENTLE\u2122 Oczyszczaj\u0105cy Krem Do Twarzy","twitter:description":"--&gt;"},"aioseo_meta_data":{"post_id":"66850","title":"BE GENTLE\u2122 Oczyszczaj\u0105cy Krem Do Twarzy","description":null,"keywords":null,"keyphrases":{"focus":{"keyphrase":"","score":0,"analysis":{"keyphraseInTitle":{"score":0,"maxScore":9,"error":1}}},"additional":[]},"primary_term":null,"canonical_url":null,"og_title":null,"og_description":null,"og_object_type":"default","og_image_type":"default","og_image_url":null,"og_image_width":null,"og_image_height":null,"og_image_custom_url":null,"og_image_custom_fields":null,"og_video":"","og_custom_url":null,"og_article_section":null,"og_article_tags":null,"twitter_use_og":false,"twitter_card":"default","twitter_image_type":"default","twitter_image_url":null,"twitter_image_custom_url":null,"twitter_image_custom_fields":null,"twitter_title":null,"twitter_description":null,"schema":{"blockGraphs":[],"customGraphs":[],"default":{"data":{"Article":[],"Course":[],"Dataset":[],"FAQPage":[],"Movie":[],"Person":[],"Product":[],"ProductReview":[],"Car":[],"Recipe":[],"Service":[],"SoftwareApplication":[],"WebPage":[]},"graphName":"WebPage","isEnabled":true},"graphs":[]},"schema_type":"default","schema_type_options":null,"pillar_content":false,"robots_default":true,"robots_noindex":false,"robots_noarchive":false,"robots_nosnippet":false,"robots_nofollow":false,"robots_noimageindex":false,"robots_noodp":false,"robots_notranslate":false,"robots_max_snippet":"-1","robots_max_videopreview":"-1","robots_max_imagepreview":"large","priority":null,"frequency":"default","local_seo":null,"seo_analyzer_scan_date":"2026-02-19 20:03:13","limit_modified_date":false,"reviewed_by":"0","open_ai":null,"ai":{"faqs":[],"keyPoints":[],"titles":[],"descriptions":[],"socialPosts":{"email":[],"linkedin":[],"twitter":[],"facebook":[],"instagram":[]}},"created":"2023-07-26 09:58:10","updated":"2026-02-19 20:03:13"},"aioseo_breadcrumb":"<div class=\"aioseo-breadcrumbs\"><span class=\"aioseo-breadcrumb\">\n\t<a href=\"https:\/\/monatglobal.com\/pl\" title=\"Home\">Home<\/a>\n<\/span><span class=\"aioseo-breadcrumb-separator\">&raquo;<\/span><span class=\"aioseo-breadcrumb\">\n\tBE GENTLE\u2122 Oczyszczaj\u0105cy Krem Do Twarzy\n<\/span><\/div>","aioseo_breadcrumb_json":[{"label":"Home","link":"https:\/\/monatglobal.com\/pl"},{"label":"BE GENTLE\u2122 Oczyszczaj\u0105cy Krem Do Twarzy","link":"https:\/\/monatglobal.com\/pl\/creamy-cleanser\/"}],"_links":{"self":[{"href":"https:\/\/monatglobal.com\/pl\/wp-json\/wp\/v2\/pages\/66850","targetHints":{"allow":["GET"]}}],"collection":[{"href":"https:\/\/monatglobal.com\/pl\/wp-json\/wp\/v2\/pages"}],"about":[{"href":"https:\/\/monatglobal.com\/pl\/wp-json\/wp\/v2\/types\/page"}],"author":[{"embeddable":true,"href":"https:\/\/monatglobal.com\/pl\/wp-json\/wp\/v2\/users\/31"}],"replies":[{"embeddable":true,"href":"https:\/\/monatglobal.com\/pl\/wp-json\/wp\/v2\/comments?post=66850"}],"version-history":[{"count":22,"href":"https:\/\/monatglobal.com\/pl\/wp-json\/wp\/v2\/pages\/66850\/revisions"}],"predecessor-version":[{"id":109314,"href":"https:\/\/monatglobal.com\/pl\/wp-json\/wp\/v2\/pages\/66850\/revisions\/109314"}],"wp:featuredmedia":[{"embeddable":true,"href":"https:\/\/monatglobal.com\/pl\/wp-json\/wp\/v2\/media\/66852"}],"wp:attachment":[{"href":"https:\/\/monatglobal.com\/pl\/wp-json\/wp\/v2\/media?parent=66850"}],"wp:term":[{"taxonomy":"category","embeddable":true,"href":"https:\/\/monatglobal.com\/pl\/wp-json\/wp\/v2\/categories?post=66850"},{"taxonomy":"post_tag","embeddable":true,"href":"https:\/\/monatglobal.com\/pl\/wp-json\/wp\/v2\/tags?post=66850"}],"curies":[{"name":"wp","href":"https:\/\/api.w.org\/{rel}","templated":true}]}}