{"id":66841,"date":"2021-12-10T14:14:08","date_gmt":"2021-12-10T14:14:08","guid":{"rendered":"https:\/\/monatglobal.com\/pl\/?page_id=66841"},"modified":"2026-02-19T20:06:14","modified_gmt":"2026-02-19T20:06:14","slug":"foamy-cleanser","status":"publish","type":"page","link":"https:\/\/monatglobal.com\/pl\/foamy-cleanser\/","title":{"rendered":"BE BALANCED\u2122 Pianka Myj\u0105ca"},"content":{"rendered":"\n<link rel=\"stylesheet\" href=\"https:\/\/unpkg.com\/swiper\/swiper-bundle.min.css\">\n<link rel=\"stylesheet\" href=\"https:\/\/monatglobal.com\/wp-content\/creative_css\/product_styles_sheet.css\">\n    <!--==================================================== ECOMM SECTION ====================================================-->\n    <p>BESTSELLERY<\/p>\n        <!--==================================================== Ecomm image ====================================================-->\n        <img decoding=\"async\" src=\"https:\/\/monatglobal.com\/au\/wp-content\/uploads\/sites\/12\/2021\/12\/BE-balanced-Creamy-Cleanser-ecomm-2022.png\" alt=\"BE BALANCED\u2122 Pianka Myj\u0105ca\" loading=\"lazy\">\n        <!--==================================================== Ecomm information  ====================================================-->\n            <p>BESTSELLERY<\/p>\n            <p>BE BALANCED\u2122<\/p>\n            <h1>Pianka Myj\u0105ca<\/h1>\n            \n            <p>Oczyszcza i&nbsp;pozostawia sk\u00f3r\u0119 mi\u0119kk\u0105 w&nbsp;dotyku<br> Antyoksydanty i&nbsp;naturalne kwasy owocowe maj\u0105 dzia\u0142anie wyg\u0142adzaj\u0105ce na&nbsp;sk\u00f3r\u0119.<\/p>\n            <p>120 ml e | 4.0 fl oz<\/p>\n        <!--==================================================== pricing box ====================================================-->\n         <p>Cena detaliczna<br>000.00 z\u0142<\/p>\n         <p>Klient VIP<br>000.00 z\u0142<\/p>\n        <!--==================================================== pricing box ====================================================-->    \n            <p>Aby dowiedzie\u0107 si\u0119 wi\u0119cej na temat produktu BE BALANCED\u2122 Pianka Myj\u0105ca, prosimy skontaktowa\u0107 si\u0119 ze swoim Market Partnerem&nbsp;MONAT.<\/p>\n          <a href=\"\" target=\"_blank\" role=\"button\" aria-label=\"\" rel=\"noopener\"><\/a>\n    <!--==================================================== \/ECOMM SECTION  ====================================================-->\n   <!--==================================================== Benefits image ====================================================-->\n  \n    <source media=\"(max-width: 700px)\" srcset=\"https:\/\/monatglobal.com\/au\/wp-content\/uploads\/sites\/12\/2021\/12\/BE-balanced-foamy-Cleanser-benefits_mobile.jpg\" loading=\"lazy\">\n      <img decoding=\"async\" src=\"https:\/\/monatglobal.com\/au\/wp-content\/uploads\/sites\/12\/2021\/12\/BE-balanced-foamy-Cleanser-benefits.jpg\" alt=\"\" loading=\"lazy\">\n    \n   <!--==================================================== Benefits text ====================================================-->\n         <h2>ZALETY<\/h2>\n         <h3>Luksusowa i&nbsp;od\u015bwie\u017caj\u0105ca pianka oczyszcza sk\u00f3r\u0119 z&nbsp;zanieczyszcze\u0144 i&nbsp;utrzymuje \n         odpowiedni poziom nawil\u017cenia, dzi\u0119ki czemu mo\u017cesz cieszy\u0107 si\u0119 promienn\u0105 i&nbsp;zdrowo wygl\u0105daj\u0105c\u0105&nbsp;cer\u0105.<\/h3>\n         <!--==================================================== features image  ====================================================-->\n         <img decoding=\"async\" alt=\"\" src=\"https:\/\/monatglobal.com\/au\/wp-content\/uploads\/sites\/12\/2021\/12\/be-balanced-foamy-cleanser-features.jpg\" loading=\"lazy\">\n      <!--==================================================== features text ====================================================-->\n            <h3>Cechy<\/h3>\n               <p>\/ Delikatnie usuwa zanieczyszczenia, jednocze\u015bnie zapewniaj\u0105c sk\u00f3rze mi\u0119kko\u015b\u0107 i&nbsp;komfort<\/p>\n               <p>\/ Oczyszcza pory bez uczucia \u015bci\u0105gni\u0119cia lub&nbsp;wysuszenia<\/p>\n               <p>\/ Koi, od\u015bwie\u017ca i&nbsp;roz\u015bwietla cer\u0119<\/p>\n               <p>\/ Oczyszcza z&nbsp;sebum i&nbsp;zapewnia 24-godzinne nawil\u017cenie<\/p>\n               <p>\/ Doskona\u0142e rozwi\u0105zanie dla sk\u00f3ry normalnej i&nbsp;mieszanej<\/p>\n               <br>\n            <p>Fragrance \/ Unwind and enjoy a coconut-forward, citrusy aroma with notes of blood orange, coconut husk, cashew nut and&nbsp;sandalwood. <\/p>\n            <p> Texture \/ Cream <\/p>\n   <!--==================================================== composition image mobile ====================================================-->\n   <img decoding=\"async\" alt=\"\" src=\"https:\/\/monatglobal.com\/au\/wp-content\/uploads\/sites\/12\/2021\/12\/Be-Balanced-Foamy-Cleanser-composition-1.jpg\" loading=\"lazy\">\n   <!--==================================================== Why it works text ====================================================-->\n      <h2>OCZYSZCZONA SK\u00d3RA, KT\u00d3RA JEST MI\u0118KKA W&nbsp;DOTYKU<\/h2>\n      <h3>Luksusowa, od\u015bwie\u017caj\u0105ca pianka oczyszcza sk\u00f3r\u0119 z&nbsp;zanieczyszcze\u0144 i&nbsp;nadmiaru sebum, \n      nadaj\u0105c jedwabist\u0105 g\u0142adko\u015b\u0107 i&nbsp;przywracaj\u0105c odpowiedni\u0105&nbsp;struktur\u0119.<\/h3>\n      <p>Produkt zapewnia g\u0142\u0119bokie oczyszczenie i&nbsp;sprawia, \u017ce Twoja cera promienieje zdrowym&nbsp;wygl\u0105dem.<\/p>\n<!--==================================================== Composition section ====================================================-->\n      <img decoding=\"async\" alt=\"\" src=\"https:\/\/monatglobal.com\/au\/wp-content\/uploads\/sites\/12\/2021\/12\/Be-Balanced-Foamy-Cleanser-composition-1.jpg\" loading=\"lazy\">\n      <img decoding=\"async\" alt=\"\" src=\"https:\/\/monatglobal.com\/au\/wp-content\/uploads\/sites\/12\/2021\/12\/Be-Balanced-Foamy-Cleanser-composition-3.jpg\" loading=\"lazy\">\n            <!--==================================================== Directions text ====================================================--> \n               <h3>Spos\u00f3b u\u017cycia<\/h3>\n                    <p>\/ U\u017cywaj codziennie rano i&nbsp;wieczorem.<\/p>\n                    <p>\/ Nanie\u015b niewielk\u0105 ilo\u015b\u0107 na d\u0142onie, dodaj wody i&nbsp;rozetrzyj a\u017c do&nbsp;spienienia.<\/p>\n                    <p>\/ Delikatnie oczy\u015b\u0107 twarz, szyj\u0119 i&nbsp;dekolt, wykonuj\u0105c okr\u0119\u017cne&nbsp;ruchy.<\/p>\n                    <p>\/ Unikaj kontaktu z&nbsp;oczami.<\/p>\n                    <p>\/ Sp\u0142ucz ciep\u0142\u0105 wod\u0105.<\/p>\n                    <p>\/ Nast\u0119pnie zastosuj swoje ulubione produkty do piel\u0119gnacji sk\u00f3ry&nbsp;MONAT.<\/p>\n            <!--==================================================== Directions video ====================================================-->\n      <p>Be Balanced\u2122 <br>Lightweight Moisturizer <br>0:35<\/p>\n         <!--==================================================== features image  ====================================================-->\n         <img decoding=\"async\" alt=\"\" src=\"https:\/\/monatglobal.com\/au\/wp-content\/uploads\/sites\/12\/2021\/12\/sunscreen-suggestion.jpg\" loading=\"lazy\">\n      <!--==================================================== features text ====================================================-->\n            <h3>Wskaz\u00f3wki dla zdrowej&nbsp;sk\u00f3ry<\/h3>\n               <p>\/ Dla osi\u0105gni\u0119cia najlepszych rezultat\u00f3w oczy\u015b\u0107 sk\u00f3r\u0119&nbsp;dwukrotnie.<\/p>\n               <p>\/ Zastosuj krem z&nbsp;filtrem 15 minut przed wyj\u015bciem na&nbsp;s\u0142o\u0144ce.<\/p>\n      <a href=\"\" target=\"_blank\" role=\"button\" aria-label=\"\" rel=\"noopener\"><\/a>\n   <!--==================================================== Ingredients section  ====================================================-->\n      <h2>KLUCZOWE SK\u0141ADNIKI AKTYWNE<\/h2>\n      <p>REJUVENIQE S\u2122<\/p>\n      <p>Peptydy<\/p>\n      <p>Naturalne kwasy owocowe&nbsp;(AHA)<\/p>\n      <p>Antyoksydanty<\/p>\n        <button id=\"myBtn\" type=\"button\">ZOBACZ PE\u0141N\u0104 LIST\u0118&nbsp;SK\u0141ADNIK\u00d3W<\/button>\n      <!--==================================================== Modal content  ====================================================-->\n         \u00d7\n         Aqua\/Water\/Eau, Sodium Cocoyl Isethionate, Lecithin, Glycerin, Palmitic Acid, C12-16 Alcohols, Trifluoroacetyl \n         Tripeptide-2, Mangifera Indica (Mango) Pulp Extract, Musa Sapientum (Banana) Pulp Extract, Saccharum Officinarum (Sugarcane) \n         Extract, Glycolic Acid, Tocopherol, Limnanthes Alba (Meadowfoam) Seed Oil, Crambe Abyssinica Seed Oil, Camellia Oleifera Seed \n         Oil, Solanum Lycopersicum (Tomato) Seed Oil, Daucus Carota Sativa (Carrot) Seed Oil, Citrus Limon (Lemon) Peel Oil, Citrus \n         Aurantifolia (Lime) Oil, Citrus Aurantium Bergamia (Bergamot) Fruit Oil, Adansonia Digitata Oil, Mauritia Flexuosa Fruit Oil, \n         Cocos Nucifera (Coconut) Oil, Gardenia Taitensis Flower Extract, Moringa Oleifera Seed Oil, Caryocar Brasiliense Fruit Oil, \n         Helianthus Annuus (Sunflower) Seed Oil, Olea Europaea (Olive) Fruit Oil, Simmondsia Chinensis (Jojoba) Seed Extract, Sodium \n         Phytate, Xanthan Gum, Sclerotium Gum, Pullulan, Dextran, Fragrance\/Parfum, Ethylhexylglycerin, Benzyl&nbsp;Alcohol.\n   <!--==================================================== You might also like section ====================================================-->\n      <h2>INNE PRODUKTY, KT\u00d3RE MOG\u0104 CI\u0118&nbsp;ZAINTERESOWA\u0106<\/h2>\n      <!--==================================================== Slider YOU MIGHT ALSO LIKE ====================================================-->\n          <!---->\n          <!--   -->\n                <!-- Slides products-->\n          <!--      -->\n          <!--         <a href=\"\/pl\/age-control-nectar\/\" aria-label=\"Go to REWIND\u2122 NEKTAR KONTROLUJ\u0104CY WIEK page\">-->\n          <!--          <img decoding=\"async\" src=\"https:\/\/monatglobal.com\/wp-content\/uploads\/2022\/12\/Rewind-Age-Control-Nectar-ecomm-min.png\" alt=\"REWIND\u2122 NEKTAR KONTROLUJ\u0104CY WIEK\" loading=\"lazy\"\/>-->\n          <!--          <p>REWIND\u2122 <br \/>NEKTAR KONTROLUJ\u0104CY&nbsp;WIEK<\/p>-->\n          <!--        <\/a>-->\n          <!--      -->\n          <!--      -->\n          <!--         <a href=\"\/pl\/eye-smooth\/\" aria-label=\"Go to EYE SMOOTH\u2122 page\">-->\n          <!--            <img decoding=\"async\" src=\"https:\/\/monatglobal.com\/wp-content\/uploads\/2022\/12\/Eye-smooth-ecomm-2022-min.png\" alt=\"EYE SMOOTH\u2122\" loading=\"lazy\"\/>-->\n          <!--            <p>EYE&nbsp;SMOOTH\u2122<\/p>-->\n          <!--         <\/a>-->\n          <!--      -->\n          <!--      -->\n          <!--         <a href=\"\/pl\/lightweight-moisturizer\/\" aria-label=\"Go to BE BALANCED\u2122 LEKKI KREM NAWIL\u017bAJ\u0104CY page\">-->\n          <!--            <img decoding=\"async\" src=\"https:\/\/monatglobal.com\/wp-content\/uploads\/2022\/12\/BE-BALANCED-Lightweight-Moisturizer_ecomm-min.png\" alt=\"BE BALANCED\u2122 LEKKI KREM NAWIL\u017bAJ\u0104CY\" loading=\"lazy\"\/>-->\n          <!--            <p>BE BALANCED\u2122 <br \/>LEKKI KREM NAWIL\u017bAJ\u0104CY<\/p>-->\n          <!--         <\/a>-->\n          <!--      -->\n          <!--   -->\n             <!-- If we need navigation buttons -->\n          <!--   -->\n          <!--   -->\n             <!-- If we need paginations -->\n          <!--   -->\n          <!---->\n         <!--==================================================== If we need navigation buttons  ====================================================-->\n         <!--==================================================== If we need paginations  ====================================================-->\n    <a href=\"\" aria-label=\"\"><\/a>\n<!--==================================================== this link has to go last for it to work   ====================================================-->\n","protected":false},"excerpt":{"rendered":"<p>BESTSELLERY BESTSELLERY BE BALANCED\u2122 Pianka Myj\u0105ca Oczyszcza i&nbsp;pozostawia sk\u00f3r\u0119 mi\u0119kk\u0105 w&nbsp;dotyku Antyoksydanty i&nbsp;naturalne kwasy owocowe maj\u0105 dzia\u0142anie wyg\u0142adzaj\u0105ce na&nbsp;sk\u00f3r\u0119. 120 ml e | 4.0 fl oz Cena detaliczna000.00 z\u0142 Klient VIP000.00 z\u0142 Aby dowiedzie\u0107 si\u0119 wi\u0119cej na temat produktu BE BALANCED\u2122 Pianka Myj\u0105ca, prosimy skontaktowa\u0107 si\u0119 ze swoim Market Partnerem&nbsp;MONAT. ZALETY Luksusowa i&nbsp;od\u015bwie\u017caj\u0105ca pianka oczyszcza&hellip;<\/p>\n","protected":false},"author":31,"featured_media":66843,"parent":0,"menu_order":0,"comment_status":"closed","ping_status":"closed","template":"","meta":{"inline_featured_image":false,"om_disable_all_campaigns":false,"_monsterinsights_skip_tracking":false,"_monsterinsights_sitenote_active":false,"_monsterinsights_sitenote_note":"","_monsterinsights_sitenote_category":0,"footnotes":""},"categories":[39],"tags":[],"class_list":["post-66841","page","type-page","status-publish","has-post-thumbnail","hentry","category-product-pl"],"aioseo_notices":[],"aioseo_head":"\n\t\t<!-- All in One SEO Pro 4.9.5.2 - aioseo.com -->\n\t<meta name=\"description\" content=\"BESTSELLERY --&gt;\" \/>\n\t<meta name=\"robots\" content=\"max-image-preview:large\" \/>\n\t<link rel=\"canonical\" href=\"https:\/\/monatglobal.com\/pl\/foamy-cleanser\/\" \/>\n\t<meta name=\"generator\" content=\"All in One SEO Pro (AIOSEO) 4.9.5.2\" \/>\n\t\t<meta property=\"og:locale\" content=\"pl_PL\" \/>\n\t\t<meta property=\"og:site_name\" content=\"MONAT POLAND - MONAT GLOBAL\" \/>\n\t\t<meta property=\"og:type\" content=\"article\" \/>\n\t\t<meta property=\"og:title\" content=\"BE BALANCED\u2122 Pianka Myj\u0105ca\" \/>\n\t\t<meta property=\"og:description\" content=\"BESTSELLERY --&gt;\" \/>\n\t\t<meta property=\"og:url\" content=\"https:\/\/monatglobal.com\/pl\/foamy-cleanser\/\" \/>\n\t\t<meta property=\"article:published_time\" content=\"2021-12-10T14:14:08+00:00\" \/>\n\t\t<meta property=\"article:modified_time\" content=\"2026-02-19T20:06:14+00:00\" \/>\n\t\t<meta name=\"twitter:card\" content=\"summary_large_image\" \/>\n\t\t<meta name=\"twitter:title\" content=\"BE BALANCED\u2122 Pianka Myj\u0105ca\" \/>\n\t\t<meta name=\"twitter:description\" content=\"BESTSELLERY --&gt;\" \/>\n\t\t<script type=\"application\/ld+json\" class=\"aioseo-schema\">\n\t\t\t{\"@context\":\"https:\\\/\\\/schema.org\",\"@graph\":[{\"@type\":\"BreadcrumbList\",\"@id\":\"https:\\\/\\\/monatglobal.com\\\/pl\\\/foamy-cleanser\\\/#breadcrumblist\",\"itemListElement\":[{\"@type\":\"ListItem\",\"@id\":\"https:\\\/\\\/monatglobal.com\\\/pl#listItem\",\"position\":1,\"name\":\"Home\",\"item\":\"https:\\\/\\\/monatglobal.com\\\/pl\",\"nextItem\":{\"@type\":\"ListItem\",\"@id\":\"https:\\\/\\\/monatglobal.com\\\/pl\\\/foamy-cleanser\\\/#listItem\",\"name\":\"BE BALANCED\\u2122 Pianka Myj\\u0105ca\"}},{\"@type\":\"ListItem\",\"@id\":\"https:\\\/\\\/monatglobal.com\\\/pl\\\/foamy-cleanser\\\/#listItem\",\"position\":2,\"name\":\"BE BALANCED\\u2122 Pianka Myj\\u0105ca\",\"previousItem\":{\"@type\":\"ListItem\",\"@id\":\"https:\\\/\\\/monatglobal.com\\\/pl#listItem\",\"name\":\"Home\"}}]},{\"@type\":\"Organization\",\"@id\":\"https:\\\/\\\/monatglobal.com\\\/pl\\\/#organization\",\"name\":\"MONAT POLAND\",\"description\":\"MONAT GLOBAL\",\"url\":\"https:\\\/\\\/monatglobal.com\\\/pl\\\/\"},{\"@type\":\"WebPage\",\"@id\":\"https:\\\/\\\/monatglobal.com\\\/pl\\\/foamy-cleanser\\\/#webpage\",\"url\":\"https:\\\/\\\/monatglobal.com\\\/pl\\\/foamy-cleanser\\\/\",\"name\":\"BE BALANCED\\u2122 Pianka Myj\\u0105ca\",\"description\":\"BESTSELLERY -->\",\"inLanguage\":\"pl-PL\",\"isPartOf\":{\"@id\":\"https:\\\/\\\/monatglobal.com\\\/pl\\\/#website\"},\"breadcrumb\":{\"@id\":\"https:\\\/\\\/monatglobal.com\\\/pl\\\/foamy-cleanser\\\/#breadcrumblist\"},\"image\":{\"@type\":\"ImageObject\",\"url\":\"https:\\\/\\\/monatglobal.com\\\/pl\\\/wp-content\\\/uploads\\\/sites\\\/9\\\/2021\\\/12\\\/BE-balanced-Creamy-Cleanser-ecomm-2022.png\",\"@id\":\"https:\\\/\\\/monatglobal.com\\\/pl\\\/foamy-cleanser\\\/#mainImage\",\"width\":641,\"height\":800},\"primaryImageOfPage\":{\"@id\":\"https:\\\/\\\/monatglobal.com\\\/pl\\\/foamy-cleanser\\\/#mainImage\"},\"datePublished\":\"2021-12-10T14:14:08+00:00\",\"dateModified\":\"2026-02-19T20:06:14+00:00\"},{\"@type\":\"WebSite\",\"@id\":\"https:\\\/\\\/monatglobal.com\\\/pl\\\/#website\",\"url\":\"https:\\\/\\\/monatglobal.com\\\/pl\\\/\",\"name\":\"MONAT POLAND\",\"description\":\"MONAT GLOBAL\",\"inLanguage\":\"pl-PL\",\"publisher\":{\"@id\":\"https:\\\/\\\/monatglobal.com\\\/pl\\\/#organization\"}}]}\n\t\t<\/script>\n\t\t<!-- All in One SEO Pro -->\r\n\t\t<title>BE BALANCED\u2122 Pianka Myj\u0105ca<\/title>\n\n","aioseo_head_json":{"title":"BE BALANCED\u2122 Pianka Myj\u0105ca","description":"BESTSELLERY -->","canonical_url":"https:\/\/monatglobal.com\/pl\/foamy-cleanser\/","robots":"max-image-preview:large","keywords":"","webmasterTools":{"miscellaneous":""},"schema":{"@context":"https:\/\/schema.org","@graph":[{"@type":"BreadcrumbList","@id":"https:\/\/monatglobal.com\/pl\/foamy-cleanser\/#breadcrumblist","itemListElement":[{"@type":"ListItem","@id":"https:\/\/monatglobal.com\/pl#listItem","position":1,"name":"Home","item":"https:\/\/monatglobal.com\/pl","nextItem":{"@type":"ListItem","@id":"https:\/\/monatglobal.com\/pl\/foamy-cleanser\/#listItem","name":"BE BALANCED\u2122 Pianka Myj\u0105ca"}},{"@type":"ListItem","@id":"https:\/\/monatglobal.com\/pl\/foamy-cleanser\/#listItem","position":2,"name":"BE BALANCED\u2122 Pianka Myj\u0105ca","previousItem":{"@type":"ListItem","@id":"https:\/\/monatglobal.com\/pl#listItem","name":"Home"}}]},{"@type":"Organization","@id":"https:\/\/monatglobal.com\/pl\/#organization","name":"MONAT POLAND","description":"MONAT GLOBAL","url":"https:\/\/monatglobal.com\/pl\/"},{"@type":"WebPage","@id":"https:\/\/monatglobal.com\/pl\/foamy-cleanser\/#webpage","url":"https:\/\/monatglobal.com\/pl\/foamy-cleanser\/","name":"BE BALANCED\u2122 Pianka Myj\u0105ca","description":"BESTSELLERY -->","inLanguage":"pl-PL","isPartOf":{"@id":"https:\/\/monatglobal.com\/pl\/#website"},"breadcrumb":{"@id":"https:\/\/monatglobal.com\/pl\/foamy-cleanser\/#breadcrumblist"},"image":{"@type":"ImageObject","url":"https:\/\/monatglobal.com\/pl\/wp-content\/uploads\/sites\/9\/2021\/12\/BE-balanced-Creamy-Cleanser-ecomm-2022.png","@id":"https:\/\/monatglobal.com\/pl\/foamy-cleanser\/#mainImage","width":641,"height":800},"primaryImageOfPage":{"@id":"https:\/\/monatglobal.com\/pl\/foamy-cleanser\/#mainImage"},"datePublished":"2021-12-10T14:14:08+00:00","dateModified":"2026-02-19T20:06:14+00:00"},{"@type":"WebSite","@id":"https:\/\/monatglobal.com\/pl\/#website","url":"https:\/\/monatglobal.com\/pl\/","name":"MONAT POLAND","description":"MONAT GLOBAL","inLanguage":"pl-PL","publisher":{"@id":"https:\/\/monatglobal.com\/pl\/#organization"}}]},"og:locale":"pl_PL","og:site_name":"MONAT POLAND - MONAT GLOBAL","og:type":"article","og:title":"BE BALANCED\u2122 Pianka Myj\u0105ca","og:description":"BESTSELLERY --&gt;","og:url":"https:\/\/monatglobal.com\/pl\/foamy-cleanser\/","article:published_time":"2021-12-10T14:14:08+00:00","article:modified_time":"2026-02-19T20:06:14+00:00","twitter:card":"summary_large_image","twitter:title":"BE BALANCED\u2122 Pianka Myj\u0105ca","twitter:description":"BESTSELLERY --&gt;"},"aioseo_meta_data":{"post_id":"66841","title":"BE BALANCED\u2122 Pianka Myj\u0105ca","description":null,"keywords":null,"keyphrases":{"focus":{"keyphrase":"","score":0,"analysis":{"keyphraseInTitle":{"score":0,"maxScore":9,"error":1}}},"additional":[]},"primary_term":null,"canonical_url":null,"og_title":null,"og_description":null,"og_object_type":"default","og_image_type":"default","og_image_url":null,"og_image_width":null,"og_image_height":null,"og_image_custom_url":null,"og_image_custom_fields":null,"og_video":"","og_custom_url":null,"og_article_section":null,"og_article_tags":null,"twitter_use_og":false,"twitter_card":"default","twitter_image_type":"default","twitter_image_url":null,"twitter_image_custom_url":null,"twitter_image_custom_fields":null,"twitter_title":null,"twitter_description":null,"schema":{"blockGraphs":[],"customGraphs":[],"default":{"data":{"Article":[],"Course":[],"Dataset":[],"FAQPage":[],"Movie":[],"Person":[],"Product":[],"ProductReview":[],"Car":[],"Recipe":[],"Service":[],"SoftwareApplication":[],"WebPage":[]},"graphName":"WebPage","isEnabled":true},"graphs":[]},"schema_type":"default","schema_type_options":null,"pillar_content":false,"robots_default":true,"robots_noindex":false,"robots_noarchive":false,"robots_nosnippet":false,"robots_nofollow":false,"robots_noimageindex":false,"robots_noodp":false,"robots_notranslate":false,"robots_max_snippet":"-1","robots_max_videopreview":"-1","robots_max_imagepreview":"large","priority":null,"frequency":"default","local_seo":null,"seo_analyzer_scan_date":"2026-02-19 20:19:59","limit_modified_date":false,"reviewed_by":"0","open_ai":null,"ai":{"faqs":[],"keyPoints":[],"titles":[],"descriptions":[],"socialPosts":{"email":[],"linkedin":[],"twitter":[],"facebook":[],"instagram":[]}},"created":"2023-07-26 09:58:10","updated":"2026-02-19 20:19:59"},"aioseo_breadcrumb":"<div class=\"aioseo-breadcrumbs\"><span class=\"aioseo-breadcrumb\">\n\t<a href=\"https:\/\/monatglobal.com\/pl\" title=\"Home\">Home<\/a>\n<\/span><span class=\"aioseo-breadcrumb-separator\">&raquo;<\/span><span class=\"aioseo-breadcrumb\">\n\tBE BALANCED\u2122 Pianka Myj\u0105ca\n<\/span><\/div>","aioseo_breadcrumb_json":[{"label":"Home","link":"https:\/\/monatglobal.com\/pl"},{"label":"BE BALANCED\u2122 Pianka Myj\u0105ca","link":"https:\/\/monatglobal.com\/pl\/foamy-cleanser\/"}],"_links":{"self":[{"href":"https:\/\/monatglobal.com\/pl\/wp-json\/wp\/v2\/pages\/66841","targetHints":{"allow":["GET"]}}],"collection":[{"href":"https:\/\/monatglobal.com\/pl\/wp-json\/wp\/v2\/pages"}],"about":[{"href":"https:\/\/monatglobal.com\/pl\/wp-json\/wp\/v2\/types\/page"}],"author":[{"embeddable":true,"href":"https:\/\/monatglobal.com\/pl\/wp-json\/wp\/v2\/users\/31"}],"replies":[{"embeddable":true,"href":"https:\/\/monatglobal.com\/pl\/wp-json\/wp\/v2\/comments?post=66841"}],"version-history":[{"count":27,"href":"https:\/\/monatglobal.com\/pl\/wp-json\/wp\/v2\/pages\/66841\/revisions"}],"predecessor-version":[{"id":109315,"href":"https:\/\/monatglobal.com\/pl\/wp-json\/wp\/v2\/pages\/66841\/revisions\/109315"}],"wp:featuredmedia":[{"embeddable":true,"href":"https:\/\/monatglobal.com\/pl\/wp-json\/wp\/v2\/media\/66843"}],"wp:attachment":[{"href":"https:\/\/monatglobal.com\/pl\/wp-json\/wp\/v2\/media?parent=66841"}],"wp:term":[{"taxonomy":"category","embeddable":true,"href":"https:\/\/monatglobal.com\/pl\/wp-json\/wp\/v2\/categories?post=66841"},{"taxonomy":"post_tag","embeddable":true,"href":"https:\/\/monatglobal.com\/pl\/wp-json\/wp\/v2\/tags?post=66841"}],"curies":[{"name":"wp","href":"https:\/\/api.w.org\/{rel}","templated":true}]}}