{"id":66825,"date":"2021-12-09T21:03:08","date_gmt":"2021-12-09T21:03:08","guid":{"rendered":"https:\/\/monatglobal.com\/pl\/?page_id=66825"},"modified":"2026-02-19T21:14:57","modified_gmt":"2026-02-19T21:14:57","slug":"lightweight-moisturizer","status":"publish","type":"page","link":"https:\/\/monatglobal.com\/pl\/lightweight-moisturizer\/","title":{"rendered":"BE BALANCED\u2122 Lekki Krem Nawil\u017caj\u0105cy"},"content":{"rendered":"\n<link rel=\"stylesheet\" href=\"https:\/\/unpkg.com\/swiper\/swiper-bundle.min.css\">\n<link rel=\"stylesheet\" href=\"https:\/\/monatglobal.com\/wp-content\/creative_css\/product_styles_sheet.css\">\n    <!--==================================================== ECOMM SECTION ====================================================-->\n        <!--==================================================== Ecomm image ====================================================-->\n            \n                <source media=\"(max-width: 700px)\" srcset=\"https:\/\/monatglobal.com\/au\/wp-content\/uploads\/sites\/12\/2021\/12\/BE-BALANCED-Lightweight-Moisturizer_ecomm_mobile.png\" loading=\"lazy\">\n                <img decoding=\"async\" src=\"https:\/\/monatglobal.com\/au\/wp-content\/uploads\/sites\/12\/2021\/12\/BE-BALANCED-Lightweight-Moisturizer_ecomm.png\" alt=\"BE BALANCED\u2122 Lekki Krem Nawil\u017caj\u0105cy\" loading=\"lazy\">\n            \n        <!--==================================================== Ecomm information  ====================================================-->\n            <p>BE BALANCED\u2122<\/p>\n            <h1>Lekki Krem <br>Nawil\u017caj\u0105cy<\/h1>\n            \n            <p>Przywraca r\u00f3wnowag\u0119 i&nbsp;wyg\u0142adza<br> Regeneruj\u0105ce ro\u015blinne kom\u00f3rki macierzyste i&nbsp;ceramidy<\/p>\n            <p>45 ml \u212e 1.52 fl oz<\/p>\n        <!--==================================================== pricing box ====================================================-->  \n         <p>Cena detaliczna<br>000.00 z\u0142<\/p>\n         <p>Klient VIP<br>000.00 z\u0142<\/p>\n        <!--==================================================== pricing box ====================================================-->    \n            <p>Aby dowiedzie\u0107 si\u0119 wi\u0119cej na temat produktu BE BALANCED\u2122 Lekki Krem Nawil\u017caj\u0105cy, prosimy skontaktowa\u0107 si\u0119 ze swoim Market Partnerem&nbsp;MONAT.<\/p>\n          <a href=\"\" target=\"_blank\" role=\"button\" aria-label=\"\" rel=\"noopener\"><\/a>\n    <!--==================================================== \/ECOMM SECTION  ====================================================-->\n   <!--==================================================== Benefits image ====================================================-->\n  \n    <source media=\"(max-width: 700px)\" srcset=\"https:\/\/monatglobal.com\/es\/wp-content\/uploads\/sites\/10\/2021\/12\/BE-BALANCED-Lightweight-Moisturizer-benefits-close-up_mobile.jpg\" loading=\"lazy\">\n      <img decoding=\"async\" src=\"https:\/\/monatglobal.com\/es\/wp-content\/uploads\/sites\/10\/2021\/12\/BE-BALANCED-Lightweight-Moisturizer-benefits-close-up.jpg\" alt=\"BE-BALANCED-Lightweight-Moisturizer-benefits\" loading=\"lazy\">\n    \n   <!--==================================================== Benefits text ====================================================-->\n         <h2>ZALETY<\/h2>\n         <h3>Lekki krem nawil\u017caj\u0105cy, kt\u00f3ry \u0142atwo si\u0119 wch\u0142ania, daj\u0105c efekt \n         delikatnej, g\u0142adkiej i&nbsp;zdrowo wygl\u0105daj\u0105cej&nbsp;cery.<\/h3>\n         <!--==================================================== features image  ====================================================-->\n         <img decoding=\"async\" alt=\"\" src=\"https:\/\/monatglobal.com\/es\/wp-content\/uploads\/sites\/10\/2021\/12\/BE-BALANCED-Lightweight-Moisturizer-features.jpg\" loading=\"lazy\">\n      <!--==================================================== features text ====================================================-->\n            <h3>Cechy<\/h3>\n               <p>\/ Op\u00f3\u017ania oznaki starzenia<\/p>\n               <p>\/ Zapewnia nawodnienie i&nbsp;nawil\u017cenie przez ca\u0142y&nbsp;dzie\u0144<\/p>\n               <p>\/ Minimalizuje widoczno\u015b\u0107 zmarszczek i&nbsp;drobnych linii, przywracaj\u0105c jednocze\u015bnie&nbsp;elastyczno\u015b\u0107<\/p>\n               <p>\/ Sk\u00f3ra jest ukojona, wyg\u0142adzona i&nbsp;mi\u0119kka<\/p>\n               <p>\/ \u015awie\u017ca i&nbsp;promienna cera<\/p>\n               <br>\n            <p>Fragrance \/ Unwind and enjoy a coconut-forward, citrusy aroma with notes of blood orange, coconut husk, cashew nut and&nbsp;sandalwood. <\/p>\n            <p> Texture \/ Cream <\/p>\n   <!--==================================================== composition image mobile ====================================================-->\n   <img decoding=\"async\" alt=\"\" src=\"https:\/\/monatglobal.com\/es\/wp-content\/uploads\/sites\/10\/2021\/12\/BE-BALANCED-Lightweight-Moisturizer-comp1.jpg\" loading=\"lazy\">\n   <!--==================================================== Why it works text ====================================================-->\n      <h2>REGENERACJA I WYG\u0141ADZENIE<\/h2>\n      <h3>Lekki krem  na bazie wody do codziennego stosowania dostarcza \n      sk\u00f3rze skoncentrowan\u0105 dawk\u0119 substancji od\u017cywczych oraz&nbsp;nawodnienie.<\/h3>\n      Optymalny kompleks regeneruj\u0105cych sk\u0142adnik\u00f3w ro\u015blinnych zapewnia odpowiedni \n      poziom nawil\u017cenia, dzi\u0119ki czemu Twoja sk\u00f3ra stanie si\u0119 j\u0119drniejsza i&nbsp;bardziej&nbsp;promienna.\n<!--==================================================== Composition section ====================================================-->\n      <img decoding=\"async\" alt=\"\" src=\"https:\/\/monatglobal.com\/es\/wp-content\/uploads\/sites\/10\/2021\/12\/BE-BALANCED-Lightweight-Moisturizer-comp1.jpg\" loading=\"lazy\">\n      <img decoding=\"async\" alt=\"\" src=\"https:\/\/monatglobal.com\/es\/wp-content\/uploads\/sites\/10\/2021\/12\/BE-BALANCED-Lightweight-Moisturizer-composition-3.jpg\" loading=\"lazy\">\n            <!--==================================================== Directions text ====================================================--> \n               <h3>Spos\u00f3b u\u017cycia<\/h3>\n                    <p>\/ U\u017cywaj codziennie rano i&nbsp;wieczorem.<\/p>\n                    <p>\/ Nabierz niewielk\u0105 ilo\u015b\u0107 kremu ze s\u0142oiczka za pomoc\u0105 do\u0142\u0105czonej&nbsp;szpatu\u0142ki.<\/p>\n                    <p>\/ Na\u0142\u00f3\u017c r\u00f3wnomiernie na czubki&nbsp;palc\u00f3w.<\/p>\n                    <p>\/ Wmasuj w&nbsp;twarz, szyj\u0119 i&nbsp;dekolt, wykonuj\u0105c ruchy w&nbsp;g\u00f3r\u0119, w&nbsp;celu zregenerowania&nbsp;sk\u00f3ry.<\/p>\n                    <p>\/ Poczekaj do pe\u0142nego wch\u0142oni\u0119cia przed na\u0142o\u017ceniem filtru przeciws\u0142onecznego lub&nbsp;podk\u0142adu.<\/p>\n            <!--==================================================== Directions video ====================================================-->\n      <p>Be Balanced\u2122 <br>Lightweight Moisturizer <br>0:35<\/p>\n         <!--==================================================== Suggestion image  ====================================================-->\n         <img decoding=\"async\" alt=\"\" src=\"https:\/\/monatglobal.com\/es\/wp-content\/uploads\/sites\/10\/2021\/12\/REJUVENIQE-light-suggestions.jpg\" loading=\"lazy\">\n      <!--==================================================== Suggestion text ====================================================-->\n            <h3>Wskaz\u00f3wka dla zdrowej&nbsp;sk\u00f3ry<\/h3>\n               <p>\/ Czujesz nadmiern\u0105 sucho\u015b\u0107? Dodaj 1 lub 2 krople REJUVENIQE Light by MONAT\u2122 na d\u0142onie i&nbsp;wymieszaj z kremem&nbsp;nawil\u017caj\u0105cym.<\/p>\n      <a href=\"\" target=\"_blank\" role=\"button\" aria-label=\"\" rel=\"noopener\"><\/a>\n   <!--==================================================== Ingredients section  ====================================================-->\n      <h2>KLUCZOWE SK\u0141ADNIKI AKTYWNE<\/h2>\n      <p>REJUVENIQE S\u2122<\/p>\n      <p>Ro\u015blinne kom\u00f3rki&nbsp;macierzyste<\/p>\n      <p>Kwas hialuronowy<\/p>\n      <p>Peptydy<\/p>\n      <p>Ceramidy<\/p>\n        <button id=\"myBtn\" type=\"button\">ZOBACZ PE\u0141N\u0104 LIST\u0118&nbsp;SK\u0141ADNIK\u00d3W<\/button>\n      <!--==================================================== Modal content  ====================================================-->\n         \u00d7\n         Aqua\/Water\/Eau, Cetearyl Alcohol, Glyceryl Stearate SE, Caprylic\/Capric Triglyceride, Glycerin, Isopropyl Myristate, \n         Isomalt, Cetearyl Glucoside, Sodium Hyaluronate, Trifluoroacetyl Tripeptide-2, Ceramide NP, Ceramide AP, Ceramide EOP, Bisabolol, \n         Zingiber Officinale (Ginger) Root Extract, Limnanthes Alba (Meadowfoam) Seed Oil, Crambe Abyssinica Seed Oil, Camellia Oleifera Seed \n         Oil, Solanum Lycopersicum (Tomato) Seed Oil, Daucus Carota Sativa (Carrot) Seed Oil, Citrus Limon (Lemon) Peel Oil, Citrus \n         Aurantifolia (Lime) Oil, Citrus Aurantium Bergamia (Bergamot) Fruit Oil, Adansonia Digitata Oil, Mauritia Flexuosa Fruit Oil, \n         Cocos Nucifera (Coconut) Oil, Gardenia Taitensis Flower Extract, Moringa Oleifera Seed Oil, Caryocar Brasiliense Fruit Oil, \n         Helianthus Annuus (Sunflower) Seed Oil, Olea Europaea (Olive) Fruit Oil, Simmondsia Chinensis (Jojoba) Seed Extract, Tocopherol, \n         Phytol, Dextran, Phytosphingosine, Cholesterol, Sodium Lauroyl Lactylate, Carbomer, Xanthan Gum, Fragrance\/Parfum, Ethylhexylglycerin, \n         Benzyl&nbsp;Alcohol.\n   <!--==================================================== You might also like section ====================================================-->\n      <h2>INNE PRODUKTY, KT\u00d3RE MOG\u0104 CI\u0118 ZAINTERESOWA\u0106<\/h2>\n      <!--==================================================== Slider YOU MIGHT ALSO LIKE ====================================================-->\n          <!---->\n          <!--   -->\n                <!-- Slides products-->\n          <!--      -->\n          <!--         <a href=\"\/pl\/foamy-cleanser\/\" aria-label=\"Go to BE BALANCED\u2122 PIANKA MYJ\u0104CA page\">-->\n          <!--          <img decoding=\"async\" src=\"https:\/\/monatglobal.com\/wp-content\/uploads\/2022\/12\/Be-Balanced-Foamy-cleanser_Ecomm-min.png\" alt=\"BE BALANCED\u2122 PIANKA MYJ\u0104CA\" loading=\"lazy\"\/>-->\n          <!--          <p>BE BALANCED\u2122 PIANKA MYJ\u0104CA<\/p>-->\n          <!--        <\/a>-->\n          <!--      -->\n          <!--      -->\n          <!--         <a href=\"\/pl\/age-control-nectar\/\" aria-label=\"Go to REWIND\u2122 NEKTAR KONTROLUJ\u0104CY WIEK page\">-->\n          <!--          <img decoding=\"async\" src=\"https:\/\/monatglobal.com\/wp-content\/uploads\/2022\/12\/Rewind-Age-Control-Nectar-ecomm-min.png\" alt=\"REWIND\u2122 NEKTAR KONTROLUJ\u0104CY WIEK\" loading=\"lazy\"\/>-->\n          <!--          <p>REWIND\u2122 NEKTAR KONTROLUJ\u0104CY WIEK<\/p>-->\n          <!--        <\/a>-->\n          <!--      -->\n          <!--      -->\n          <!--         <a href=\"\/pl\/eye-smooth\/\" aria-label=\"Go to EYE SMOOTH\u2122 page\">-->\n          <!--          <img decoding=\"async\" src=\"https:\/\/monatglobal.com\/wp-content\/uploads\/2022\/12\/Eye-smooth-ecomm-2022-min.png\" alt=\"EYE SMOOTH\u2122\" loading=\"lazy\"\/>-->\n          <!--          <p>EYE SMOOTH\u2122<\/p>-->\n          <!--        <\/a>-->\n          <!--      -->\n          <!--   -->\n             <!-- If we need navigation buttons -->\n          <!--   -->\n          <!--   -->\n             <!-- If we need paginations -->\n          <!--   -->\n          <!---->\n         <!--==================================================== If we need navigation buttons  ====================================================-->\n         <!--==================================================== If we need paginations  ====================================================-->\n    <a href=\"\" aria-label=\"\"><\/a>\n<!--==================================================== this link has to go last for it to work   ====================================================-->\n","protected":false},"excerpt":{"rendered":"<p>BE BALANCED\u2122 Lekki Krem Nawil\u017caj\u0105cy Przywraca r\u00f3wnowag\u0119 i&nbsp;wyg\u0142adza Regeneruj\u0105ce ro\u015blinne kom\u00f3rki macierzyste i&nbsp;ceramidy 45 ml \u212e 1.52 fl oz Cena detaliczna000.00 z\u0142 Klient VIP000.00 z\u0142 Aby dowiedzie\u0107 si\u0119 wi\u0119cej na temat produktu BE BALANCED\u2122 Lekki Krem Nawil\u017caj\u0105cy, prosimy skontaktowa\u0107 si\u0119 ze swoim Market Partnerem&nbsp;MONAT. ZALETY Lekki krem nawil\u017caj\u0105cy, kt\u00f3ry \u0142atwo si\u0119 wch\u0142ania, daj\u0105c efekt delikatnej,&hellip;<\/p>\n","protected":false},"author":31,"featured_media":66826,"parent":0,"menu_order":0,"comment_status":"closed","ping_status":"closed","template":"","meta":{"inline_featured_image":false,"om_disable_all_campaigns":false,"_monsterinsights_skip_tracking":false,"_monsterinsights_sitenote_active":false,"_monsterinsights_sitenote_note":"","_monsterinsights_sitenote_category":0,"footnotes":""},"categories":[39],"tags":[],"class_list":["post-66825","page","type-page","status-publish","has-post-thumbnail","hentry","category-product-pl"],"aioseo_notices":[],"aioseo_head":"\n\t\t<!-- All in One SEO Pro 4.9.6 - aioseo.com -->\n\t<meta name=\"description\" content=\"--&gt;\" \/>\n\t<meta name=\"robots\" content=\"max-image-preview:large\" \/>\n\t<link rel=\"canonical\" href=\"https:\/\/monatglobal.com\/pl\/lightweight-moisturizer\/\" \/>\n\t<meta name=\"generator\" content=\"All in One SEO Pro (AIOSEO) 4.9.6\" \/>\n\t\t<meta property=\"og:locale\" content=\"pl_PL\" \/>\n\t\t<meta property=\"og:site_name\" content=\"MONAT POLAND - MONAT GLOBAL\" \/>\n\t\t<meta property=\"og:type\" content=\"article\" \/>\n\t\t<meta property=\"og:title\" content=\"BE BALANCED\u2122 Lekki Krem Nawil\u017caj\u0105cy\" \/>\n\t\t<meta property=\"og:description\" content=\"--&gt;\" \/>\n\t\t<meta property=\"og:url\" content=\"https:\/\/monatglobal.com\/pl\/lightweight-moisturizer\/\" \/>\n\t\t<meta property=\"article:published_time\" content=\"2021-12-09T21:03:08+00:00\" \/>\n\t\t<meta property=\"article:modified_time\" content=\"2026-02-19T21:14:57+00:00\" \/>\n\t\t<meta name=\"twitter:card\" content=\"summary_large_image\" \/>\n\t\t<meta name=\"twitter:title\" content=\"BE BALANCED\u2122 Lekki Krem Nawil\u017caj\u0105cy\" \/>\n\t\t<meta name=\"twitter:description\" content=\"--&gt;\" \/>\n\t\t<script type=\"application\/ld+json\" class=\"aioseo-schema\">\n\t\t\t{\"@context\":\"https:\\\/\\\/schema.org\",\"@graph\":[{\"@type\":\"BreadcrumbList\",\"@id\":\"https:\\\/\\\/monatglobal.com\\\/pl\\\/lightweight-moisturizer\\\/#breadcrumblist\",\"itemListElement\":[{\"@type\":\"ListItem\",\"@id\":\"https:\\\/\\\/monatglobal.com\\\/pl#listItem\",\"position\":1,\"name\":\"Home\",\"item\":\"https:\\\/\\\/monatglobal.com\\\/pl\",\"nextItem\":{\"@type\":\"ListItem\",\"@id\":\"https:\\\/\\\/monatglobal.com\\\/pl\\\/lightweight-moisturizer\\\/#listItem\",\"name\":\"BE BALANCED\\u2122 Lekki Krem Nawil\\u017caj\\u0105cy\"}},{\"@type\":\"ListItem\",\"@id\":\"https:\\\/\\\/monatglobal.com\\\/pl\\\/lightweight-moisturizer\\\/#listItem\",\"position\":2,\"name\":\"BE BALANCED\\u2122 Lekki Krem Nawil\\u017caj\\u0105cy\",\"previousItem\":{\"@type\":\"ListItem\",\"@id\":\"https:\\\/\\\/monatglobal.com\\\/pl#listItem\",\"name\":\"Home\"}}]},{\"@type\":\"Organization\",\"@id\":\"https:\\\/\\\/monatglobal.com\\\/pl\\\/#organization\",\"name\":\"MONAT POLAND\",\"description\":\"MONAT GLOBAL\",\"url\":\"https:\\\/\\\/monatglobal.com\\\/pl\\\/\"},{\"@type\":\"WebPage\",\"@id\":\"https:\\\/\\\/monatglobal.com\\\/pl\\\/lightweight-moisturizer\\\/#webpage\",\"url\":\"https:\\\/\\\/monatglobal.com\\\/pl\\\/lightweight-moisturizer\\\/\",\"name\":\"BE BALANCED\\u2122 Lekki Krem Nawil\\u017caj\\u0105cy\",\"description\":\"-->\",\"inLanguage\":\"pl-PL\",\"isPartOf\":{\"@id\":\"https:\\\/\\\/monatglobal.com\\\/pl\\\/#website\"},\"breadcrumb\":{\"@id\":\"https:\\\/\\\/monatglobal.com\\\/pl\\\/lightweight-moisturizer\\\/#breadcrumblist\"},\"image\":{\"@type\":\"ImageObject\",\"url\":\"https:\\\/\\\/monatglobal.com\\\/pl\\\/wp-content\\\/uploads\\\/sites\\\/9\\\/2021\\\/12\\\/BE-BALANCED-Lightweight-Moisturizer_ecomm.png\",\"@id\":\"https:\\\/\\\/monatglobal.com\\\/pl\\\/lightweight-moisturizer\\\/#mainImage\",\"width\":641,\"height\":800},\"primaryImageOfPage\":{\"@id\":\"https:\\\/\\\/monatglobal.com\\\/pl\\\/lightweight-moisturizer\\\/#mainImage\"},\"datePublished\":\"2021-12-09T21:03:08+00:00\",\"dateModified\":\"2026-02-19T21:14:57+00:00\"},{\"@type\":\"WebSite\",\"@id\":\"https:\\\/\\\/monatglobal.com\\\/pl\\\/#website\",\"url\":\"https:\\\/\\\/monatglobal.com\\\/pl\\\/\",\"name\":\"MONAT POLAND\",\"description\":\"MONAT GLOBAL\",\"inLanguage\":\"pl-PL\",\"publisher\":{\"@id\":\"https:\\\/\\\/monatglobal.com\\\/pl\\\/#organization\"}}]}\n\t\t<\/script>\n\t\t<!-- All in One SEO Pro -->\r\n\t\t<title>BE BALANCED\u2122 Lekki Krem Nawil\u017caj\u0105cy<\/title>\n\n","aioseo_head_json":{"title":"BE BALANCED\u2122 Lekki Krem Nawil\u017caj\u0105cy","description":"-->","canonical_url":"https:\/\/monatglobal.com\/pl\/lightweight-moisturizer\/","robots":"max-image-preview:large","keywords":"","webmasterTools":{"miscellaneous":""},"schema":{"@context":"https:\/\/schema.org","@graph":[{"@type":"BreadcrumbList","@id":"https:\/\/monatglobal.com\/pl\/lightweight-moisturizer\/#breadcrumblist","itemListElement":[{"@type":"ListItem","@id":"https:\/\/monatglobal.com\/pl#listItem","position":1,"name":"Home","item":"https:\/\/monatglobal.com\/pl","nextItem":{"@type":"ListItem","@id":"https:\/\/monatglobal.com\/pl\/lightweight-moisturizer\/#listItem","name":"BE BALANCED\u2122 Lekki Krem Nawil\u017caj\u0105cy"}},{"@type":"ListItem","@id":"https:\/\/monatglobal.com\/pl\/lightweight-moisturizer\/#listItem","position":2,"name":"BE BALANCED\u2122 Lekki Krem Nawil\u017caj\u0105cy","previousItem":{"@type":"ListItem","@id":"https:\/\/monatglobal.com\/pl#listItem","name":"Home"}}]},{"@type":"Organization","@id":"https:\/\/monatglobal.com\/pl\/#organization","name":"MONAT POLAND","description":"MONAT GLOBAL","url":"https:\/\/monatglobal.com\/pl\/"},{"@type":"WebPage","@id":"https:\/\/monatglobal.com\/pl\/lightweight-moisturizer\/#webpage","url":"https:\/\/monatglobal.com\/pl\/lightweight-moisturizer\/","name":"BE BALANCED\u2122 Lekki Krem Nawil\u017caj\u0105cy","description":"-->","inLanguage":"pl-PL","isPartOf":{"@id":"https:\/\/monatglobal.com\/pl\/#website"},"breadcrumb":{"@id":"https:\/\/monatglobal.com\/pl\/lightweight-moisturizer\/#breadcrumblist"},"image":{"@type":"ImageObject","url":"https:\/\/monatglobal.com\/pl\/wp-content\/uploads\/sites\/9\/2021\/12\/BE-BALANCED-Lightweight-Moisturizer_ecomm.png","@id":"https:\/\/monatglobal.com\/pl\/lightweight-moisturizer\/#mainImage","width":641,"height":800},"primaryImageOfPage":{"@id":"https:\/\/monatglobal.com\/pl\/lightweight-moisturizer\/#mainImage"},"datePublished":"2021-12-09T21:03:08+00:00","dateModified":"2026-02-19T21:14:57+00:00"},{"@type":"WebSite","@id":"https:\/\/monatglobal.com\/pl\/#website","url":"https:\/\/monatglobal.com\/pl\/","name":"MONAT POLAND","description":"MONAT GLOBAL","inLanguage":"pl-PL","publisher":{"@id":"https:\/\/monatglobal.com\/pl\/#organization"}}]},"og:locale":"pl_PL","og:site_name":"MONAT POLAND - MONAT GLOBAL","og:type":"article","og:title":"BE BALANCED\u2122 Lekki Krem Nawil\u017caj\u0105cy","og:description":"--&gt;","og:url":"https:\/\/monatglobal.com\/pl\/lightweight-moisturizer\/","article:published_time":"2021-12-09T21:03:08+00:00","article:modified_time":"2026-02-19T21:14:57+00:00","twitter:card":"summary_large_image","twitter:title":"BE BALANCED\u2122 Lekki Krem Nawil\u017caj\u0105cy","twitter:description":"--&gt;"},"aioseo_meta_data":{"post_id":"66825","title":"BE BALANCED\u2122 Lekki Krem Nawil\u017caj\u0105cy","description":null,"keywords":null,"keyphrases":{"focus":{"keyphrase":"","score":0,"analysis":{"keyphraseInTitle":{"score":0,"maxScore":9,"error":1}}},"additional":[]},"primary_term":null,"canonical_url":null,"og_title":null,"og_description":null,"og_object_type":"default","og_image_type":"default","og_image_url":null,"og_image_width":null,"og_image_height":null,"og_image_custom_url":null,"og_image_custom_fields":null,"og_video":"","og_custom_url":null,"og_article_section":null,"og_article_tags":null,"twitter_use_og":false,"twitter_card":"default","twitter_image_type":"default","twitter_image_url":null,"twitter_image_custom_url":null,"twitter_image_custom_fields":null,"twitter_title":null,"twitter_description":null,"schema":{"blockGraphs":[],"customGraphs":[],"default":{"data":{"Article":[],"Course":[],"Dataset":[],"FAQPage":[],"Movie":[],"Person":[],"Product":[],"ProductReview":[],"Car":[],"Recipe":[],"Service":[],"SoftwareApplication":[],"WebPage":[]},"graphName":"WebPage","isEnabled":true},"graphs":[]},"schema_type":"default","schema_type_options":null,"pillar_content":false,"robots_default":true,"robots_noindex":false,"robots_noarchive":false,"robots_nosnippet":false,"robots_nofollow":false,"robots_noimageindex":false,"robots_noodp":false,"robots_notranslate":false,"robots_max_snippet":"-1","robots_max_videopreview":"-1","robots_max_imagepreview":"large","priority":null,"frequency":"default","local_seo":null,"seo_analyzer_scan_date":"2026-02-19 21:20:31","limit_modified_date":false,"reviewed_by":"0","open_ai":null,"ai":{"faqs":[],"keyPoints":[],"titles":[],"descriptions":[],"socialPosts":{"email":[],"linkedin":[],"twitter":[],"facebook":[],"instagram":[]}},"created":"2023-07-26 09:58:10","updated":"2026-02-19 21:25:46"},"aioseo_breadcrumb":"<div class=\"aioseo-breadcrumbs\"><span class=\"aioseo-breadcrumb\">\n\t<a href=\"https:\/\/monatglobal.com\/pl\" title=\"Home\">Home<\/a>\n<\/span><span class=\"aioseo-breadcrumb-separator\">&raquo;<\/span><span class=\"aioseo-breadcrumb\">\n\tBE BALANCED\u2122 Lekki Krem Nawil\u017caj\u0105cy\n<\/span><\/div>","aioseo_breadcrumb_json":[{"label":"Home","link":"https:\/\/monatglobal.com\/pl"},{"label":"BE BALANCED\u2122 Lekki Krem Nawil\u017caj\u0105cy","link":"https:\/\/monatglobal.com\/pl\/lightweight-moisturizer\/"}],"_links":{"self":[{"href":"https:\/\/monatglobal.com\/pl\/wp-json\/wp\/v2\/pages\/66825","targetHints":{"allow":["GET"]}}],"collection":[{"href":"https:\/\/monatglobal.com\/pl\/wp-json\/wp\/v2\/pages"}],"about":[{"href":"https:\/\/monatglobal.com\/pl\/wp-json\/wp\/v2\/types\/page"}],"author":[{"embeddable":true,"href":"https:\/\/monatglobal.com\/pl\/wp-json\/wp\/v2\/users\/31"}],"replies":[{"embeddable":true,"href":"https:\/\/monatglobal.com\/pl\/wp-json\/wp\/v2\/comments?post=66825"}],"version-history":[{"count":25,"href":"https:\/\/monatglobal.com\/pl\/wp-json\/wp\/v2\/pages\/66825\/revisions"}],"predecessor-version":[{"id":109337,"href":"https:\/\/monatglobal.com\/pl\/wp-json\/wp\/v2\/pages\/66825\/revisions\/109337"}],"wp:featuredmedia":[{"embeddable":true,"href":"https:\/\/monatglobal.com\/pl\/wp-json\/wp\/v2\/media\/66826"}],"wp:attachment":[{"href":"https:\/\/monatglobal.com\/pl\/wp-json\/wp\/v2\/media?parent=66825"}],"wp:term":[{"taxonomy":"category","embeddable":true,"href":"https:\/\/monatglobal.com\/pl\/wp-json\/wp\/v2\/categories?post=66825"},{"taxonomy":"post_tag","embeddable":true,"href":"https:\/\/monatglobal.com\/pl\/wp-json\/wp\/v2\/tags?post=66825"}],"curies":[{"name":"wp","href":"https:\/\/api.w.org\/{rel}","templated":true}]}}