{"id":65562,"date":"2021-12-03T21:09:37","date_gmt":"2021-12-03T21:09:37","guid":{"rendered":"https:\/\/monatglobal.com\/pl\/?page_id=65562"},"modified":"2026-02-19T21:19:31","modified_gmt":"2026-02-19T21:19:31","slug":"skin-oil-free-moisturizer","status":"publish","type":"page","link":"https:\/\/monatglobal.com\/pl\/skin-oil-free-moisturizer\/","title":{"rendered":"BE PURIFIED\u2122 Krem Nawil\u017caj\u0105cy\u00a0Bez Olej\u00f3w"},"content":{"rendered":"\n<link rel=\"stylesheet\" href=\"https:\/\/unpkg.com\/swiper\/swiper-bundle.min.css\">\n<link rel=\"stylesheet\" href=\"https:\/\/monatglobal.com\/wp-content\/creative_css\/product_styles_sheet.css\">\n    <!--==================================================== ECOMM SECTION ====================================================-->\n        <!--==================================================== Ecomm image ====================================================-->\n            \n                <source media=\"(max-width: 700px)\" srcset=\"https:\/\/monatglobal.com\/pl\/wp-content\/uploads\/sites\/9\/2021\/12\/be-purified-oil-free-moisturizer-ecomm-2022_mobile.png\" loading=\"lazy\">\n                <img decoding=\"async\" src=\"https:\/\/monatglobal.com\/pl\/wp-content\/uploads\/sites\/9\/2021\/12\/Be-purified-oil-free-moisturizer-ecomm-2022.png\" alt=\"Be purified oil free moisturizer\" loading=\"lazy\">\n            \n        <!--==================================================== Ecomm information  ====================================================-->\n            <p>BE PURIFIED\u2122<\/p>\n            <h1>Krem Nawil\u017caj\u0105cy Bez&nbsp;Olej\u00f3w<\/h1>\n            \n            <p>Ten lekki i&nbsp;niezawieraj\u0105cy olejk\u00f3w preparat nawil\u017caj\u0105cy pomaga zminimalizowa\u0107 \u015bwiecenie, jednocze\u015bnie absorbuj\u0105c nadmiar sebum, dzi\u0119ki czemu sk\u00f3ra wygl\u0105da na&nbsp;zdrowsz\u0105.<\/p>\n            <p>45 ml \u212e 1.52 fl oz<\/p>\n       <!--==================================================== pricing box ====================================================--> \n         <p>Cena detaliczna<br>000.00 z\u0142<\/p>\n         <p>Klient VIP<br>000.00 z\u0142<\/p>\n       <!--==================================================== pricing box ====================================================-->     \n            <p>Aby dowiedzie\u0107 si\u0119 wi\u0119cej na temat produktu  BE PURIFIED\u2122 Krem Nawil\u017caj\u0105cy Bez Olej\u00f3w, prosimy skontaktowa\u0107 si\u0119 ze swoim Market Partnerem&nbsp;MONAT.<\/p> \n          <a href=\"\" target=\"_blank\" role=\"button\" aria-label=\"\" rel=\"noopener\"><\/a>\n    <!--==================================================== \/ECOMM SECTION  ====================================================-->\n   <!--==================================================== Benefits image ====================================================-->\n  \n    <source media=\"(max-width: 700px)\" srcset=\"https:\/\/monatglobal.com\/pl\/wp-content\/uploads\/sites\/9\/2021\/12\/BE-PURIFIED-oil-free-moisturizer_mobile.jpg\" loading=\"lazy\">\n      <img decoding=\"async\" src=\"https:\/\/monatglobal.com\/pl\/wp-content\/uploads\/sites\/9\/2021\/12\/BE-PURIFIED-oil-free-moisturizer-benefits-.jpg\" alt=\"\" loading=\"lazy\">\n    \n   <!--==================================================== Benefits text ====================================================-->\n         <h2>ZALETY<\/h2>\n         <h3>Przeznaczona do przet\u0142uszczaj\u0105cej si\u0119 sk\u00f3ry bezolejowa formu\u0142a delikatnie \n         redukuje nadmiar sebum oraz \u015bwiecenie, utrzymuj\u0105c ca\u0142odzienne&nbsp;nawodnienie.<\/h3>\n         <!--==================================================== features image  ====================================================-->\n         <img decoding=\"async\" alt=\"\" src=\"https:\/\/monatglobal.com\/pl\/wp-content\/uploads\/sites\/9\/2021\/12\/BE-PURIFIED-oil-free-moisturizer_features.jpg\" loading=\"lazy\">\n      <!--==================================================== features text ====================================================-->\n            <h3>Cechy<\/h3>\n               <p>\/ Zapewnia ca\u0142odzienne nawil\u017cenie sk\u00f3ry<\/p>\n               <p>\/ Szybko wch\u0142aniaj\u0105ca si\u0119 formu\u0142a<\/p>\n               <p>\/ Pomaga ukoi\u0107 sk\u00f3r\u0119<\/p>\n               <p>\/ Matuje i&nbsp;ogranicza b\u0142yszczenie nawet do o\u015bmiu&nbsp;godzin<\/p>\n               <p>\/ Przywraca naturaln\u0105 r\u00f3wnowag\u0119 nawil\u017cenia&nbsp;sk\u00f3ry<\/p>\n               <p>\/ Zapewnia 24-godzinne nawodnienie<\/p>\n               <br>\n            <p>Fragrance \/ Unwind and enjoy a coconut-forward, citrusy aroma with notes of blood orange, coconut husk, cashew nut and&nbsp;sandalwood. <\/p>\n            <p> Texture \/ Cream <\/p>\n   <!--==================================================== composition image mobile ====================================================-->\n   <img decoding=\"async\" alt=\"\" src=\"https:\/\/monatglobal.com\/pl\/wp-content\/uploads\/sites\/9\/2021\/12\/BE-PURIFIED-oil-free-moisturizer-comps1.jpg\" loading=\"lazy\">\n   <!--==================================================== Why it works text ====================================================-->\n      <br><br><br><br>\n      <h3>Zawieraj\u0105cy francusk\u0105 bia\u0142\u0105 glink\u0119, bogate w&nbsp;minera\u0142y dodatkowe glinki, zielon\u0105 herbat\u0119, \n      rozmaryn i&nbsp;aloes bezolejowy preparat nawil\u017caj\u0105cy naturalnie matuje, oczyszcza, nawadnia i&nbsp;od\u017cywia&nbsp;sk\u00f3r\u0119.<\/h3>\n<!--==================================================== Composition section ====================================================-->\n      <img decoding=\"async\" alt=\"\" src=\"https:\/\/monatglobal.com\/pl\/wp-content\/uploads\/sites\/9\/2021\/12\/BE-PURIFIED-oil-free-moisturizer-comps1.jpg\" loading=\"lazy\">\n      <img decoding=\"async\" alt=\"\" src=\"https:\/\/monatglobal.com\/pl\/wp-content\/uploads\/sites\/9\/2021\/12\/BE-PURIFIED-oil-free-moisturizer-comp-3.jpg\" loading=\"lazy\">\n            <!--==================================================== Directions text ====================================================--> \n               <h3>Wskaz\u00f3wki<\/h3>\n                    <p>\/ U\u017cyj do\u0142\u0105czonej szpatu\u0142ki, aby nabra\u0107 preparat ze&nbsp;s\u0142oiczka.<\/p>\n                    <p>\/ Na\u0142\u00f3\u017c r\u00f3wnomiernie na opuszki.<\/p>\n                    <p>\/ Wmasuj w&nbsp;sk\u00f3r\u0119 twarzy, szyi i&nbsp;dekoltu.<\/p>\n                    <p>\/ Zostaw produkt do ca\u0142kowitego wch\u0142oni\u0119cia przed na\u0142o\u017ceniem kremu z&nbsp;filtrem SPF i&nbsp;makija\u017cu.<\/p>\n            <!--==================================================== Directions video ====================================================-->\n      <p>Be Balanced\u2122 <br>Lightweight Moisturizer <br>0:35<\/p>\n      <a href=\"\" target=\"_blank\" role=\"button\" aria-label=\"\" rel=\"noopener\"><\/a>\n   <!--==================================================== Ingredients section  ====================================================-->\n      <h2>NAJWA\u017bNIEJSZE SK\u0141ADNIKI AKTYWNE<\/h2>\n      <p>Francuska glinka bia\u0142a<\/p>\n      <p>Ekstrakty ro\u015blinne<\/p>\n      <p>Wyci\u0105g z&nbsp;palmy saba\u0142owej<\/p>\n      <p>Kwas hialuronowy<\/p>\n        <button id=\"myBtn\" type=\"button\">ZOBACZ PE\u0141N\u0104 LIST\u0118&nbsp;SK\u0141ADNIK\u00d3W<\/button>\n      <!--==================================================== Modal content  ====================================================-->\n         \u00d7\n         Aqua\/Water\/Eau, Kaolin, Cetearyl Alcohol, Bentonite, Charcoal Powder, Propanediol, Sodium Laurylglucosides \n         Hydroxypropylsulfonate, Glycerin, Salicylic Acid, Lactic Acid, Menthol, Menthone, Maclura Cochinchinensis Leaf Prenylflavonoids, \n         Sodium Cocoamphoacetate, Xanthan Gum, Cocamidopropyl Hydroxysultaine, Sodium Phytate, Pentylene Glycol, Phenethyl Alcohol,&nbsp;Alcohol.\n   <!--==================================================== You might also like section ====================================================-->\n      <h2>INNE PRODUKTY, KT\u00d3RE MOG\u0104 CI SI\u0118 SPODOBA\u0106<\/h2>\n      <!--==================================================== Slider YOU MIGHT ALSO LIKE ====================================================-->\n          <!---->\n          <!--   -->\n                <!-- Slides products-->\n          <!--      -->\n          <!--         <a href=\"\/pl\/skin-clarifying-cleanser\" aria-label=\"Go to BE PURIFIED\u2122 \u017bEL OCZYSZCZAJ\u0104CY page\">-->\n          <!--          <img decoding=\"async\" src=\"https:\/\/monatglobal.com\/wp-content\/uploads\/2022\/12\/be-puried-clarifying-cleanser-ecomm-2022.png\" alt=\"BE PURIFIED\u2122 \u017bEL OCZYSZCZAJ\u0104CY\" loading=\"lazy\"\/>-->\n          <!--          <p>BE PURIFIED\u2122 <br \/>\u017bEL OCZYSZCZAJ\u0104CY<\/p>-->\n          <!--        <\/a>-->\n          <!--      -->\n          <!--      -->\n          <!--         <a href=\"\/pl\/charcoal-mask\/\" aria-label=\"Go to BE PURIFIED\u2122 CH\u0141ODZ\u0104CA MASECZKA Z W\u0118GLEM AKTYWNYM page\">-->\n          <!--          <img decoding=\"async\" src=\"https:\/\/monatglobal.com\/wp-content\/uploads\/2022\/12\/cold-charcoal-mask-ecomm-2022-min.png\" alt=\"BE PURIFIED\u2122 CH\u0141ODZ\u0104CA MASECZKA Z W\u0118GLEM AKTYWNYM\" loading=\"lazy\"\/>-->\n          <!--          <p>BE PURIFIED\u2122 CH\u0141ODZ\u0104CA <br \/>MASECZKA Z W\u0118GLEM&nbsp;AKTYWNYM<\/p>-->\n          <!--        <\/a>-->\n          <!--      -->\n          <!--   -->\n             <!-- If we need navigation buttons -->\n          <!--   -->\n          <!--   -->\n             <!-- If we need paginations -->\n          <!--   -->\n          <!---->\n         <!--==================================================== If we need navigation buttons  ====================================================-->\n         <!--==================================================== If we need paginations  ====================================================-->\n    <a href=\"\" aria-label=\"\"><\/a>\n<!--==================================================== this link has to go last for it to work   ====================================================-->\n","protected":false},"excerpt":{"rendered":"<p>BE PURIFIED\u2122 Krem Nawil\u017caj\u0105cy Bez&nbsp;Olej\u00f3w Ten lekki i&nbsp;niezawieraj\u0105cy olejk\u00f3w preparat nawil\u017caj\u0105cy pomaga zminimalizowa\u0107 \u015bwiecenie, jednocze\u015bnie absorbuj\u0105c nadmiar sebum, dzi\u0119ki czemu sk\u00f3ra wygl\u0105da na&nbsp;zdrowsz\u0105. 45 ml \u212e 1.52 fl oz Cena detaliczna000.00 z\u0142 Klient VIP000.00 z\u0142 Aby dowiedzie\u0107 si\u0119 wi\u0119cej na temat produktu BE PURIFIED\u2122 Krem Nawil\u017caj\u0105cy Bez Olej\u00f3w, prosimy skontaktowa\u0107 si\u0119 ze swoim Market Partnerem&nbsp;MONAT.&hellip;<\/p>\n","protected":false},"author":31,"featured_media":65565,"parent":0,"menu_order":0,"comment_status":"closed","ping_status":"closed","template":"","meta":{"inline_featured_image":false,"om_disable_all_campaigns":false,"_monsterinsights_skip_tracking":false,"_monsterinsights_sitenote_active":false,"_monsterinsights_sitenote_note":"","_monsterinsights_sitenote_category":0,"footnotes":""},"categories":[39],"tags":[],"class_list":["post-65562","page","type-page","status-publish","has-post-thumbnail","hentry","category-product-pl"],"aioseo_notices":[],"aioseo_head":"\n\t\t<!-- All in One SEO Pro 4.9.6 - aioseo.com -->\n\t<meta name=\"description\" content=\"--&gt;\" \/>\n\t<meta name=\"robots\" content=\"max-image-preview:large\" \/>\n\t<link rel=\"canonical\" href=\"https:\/\/monatglobal.com\/pl\/skin-oil-free-moisturizer\/\" \/>\n\t<meta name=\"generator\" content=\"All in One SEO Pro (AIOSEO) 4.9.6\" \/>\n\t\t<meta property=\"og:locale\" content=\"pl_PL\" \/>\n\t\t<meta property=\"og:site_name\" content=\"MONAT POLAND - MONAT GLOBAL\" \/>\n\t\t<meta property=\"og:type\" content=\"article\" \/>\n\t\t<meta property=\"og:title\" content=\"BE PURIFIED\u2122 Krem Nawil\u017caj\u0105cy Bez Olej\u00f3w\" \/>\n\t\t<meta property=\"og:description\" content=\"--&gt;\" \/>\n\t\t<meta property=\"og:url\" content=\"https:\/\/monatglobal.com\/pl\/skin-oil-free-moisturizer\/\" \/>\n\t\t<meta property=\"article:published_time\" content=\"2021-12-03T21:09:37+00:00\" \/>\n\t\t<meta property=\"article:modified_time\" content=\"2026-02-19T21:19:31+00:00\" \/>\n\t\t<meta name=\"twitter:card\" content=\"summary_large_image\" \/>\n\t\t<meta name=\"twitter:title\" content=\"BE PURIFIED\u2122 Krem Nawil\u017caj\u0105cy Bez Olej\u00f3w\" \/>\n\t\t<meta name=\"twitter:description\" content=\"--&gt;\" \/>\n\t\t<script type=\"application\/ld+json\" class=\"aioseo-schema\">\n\t\t\t{\"@context\":\"https:\\\/\\\/schema.org\",\"@graph\":[{\"@type\":\"BreadcrumbList\",\"@id\":\"https:\\\/\\\/monatglobal.com\\\/pl\\\/skin-oil-free-moisturizer\\\/#breadcrumblist\",\"itemListElement\":[{\"@type\":\"ListItem\",\"@id\":\"https:\\\/\\\/monatglobal.com\\\/pl#listItem\",\"position\":1,\"name\":\"Home\",\"item\":\"https:\\\/\\\/monatglobal.com\\\/pl\",\"nextItem\":{\"@type\":\"ListItem\",\"@id\":\"https:\\\/\\\/monatglobal.com\\\/pl\\\/skin-oil-free-moisturizer\\\/#listItem\",\"name\":\"BE PURIFIED\\u2122 Krem Nawil\\u017caj\\u0105cy\\u00a0Bez Olej\\u00f3w\"}},{\"@type\":\"ListItem\",\"@id\":\"https:\\\/\\\/monatglobal.com\\\/pl\\\/skin-oil-free-moisturizer\\\/#listItem\",\"position\":2,\"name\":\"BE PURIFIED\\u2122 Krem Nawil\\u017caj\\u0105cy\\u00a0Bez Olej\\u00f3w\",\"previousItem\":{\"@type\":\"ListItem\",\"@id\":\"https:\\\/\\\/monatglobal.com\\\/pl#listItem\",\"name\":\"Home\"}}]},{\"@type\":\"Organization\",\"@id\":\"https:\\\/\\\/monatglobal.com\\\/pl\\\/#organization\",\"name\":\"MONAT POLAND\",\"description\":\"MONAT GLOBAL\",\"url\":\"https:\\\/\\\/monatglobal.com\\\/pl\\\/\"},{\"@type\":\"WebPage\",\"@id\":\"https:\\\/\\\/monatglobal.com\\\/pl\\\/skin-oil-free-moisturizer\\\/#webpage\",\"url\":\"https:\\\/\\\/monatglobal.com\\\/pl\\\/skin-oil-free-moisturizer\\\/\",\"name\":\"BE PURIFIED\\u2122 Krem Nawil\\u017caj\\u0105cy Bez Olej\\u00f3w\",\"description\":\"-->\",\"inLanguage\":\"pl-PL\",\"isPartOf\":{\"@id\":\"https:\\\/\\\/monatglobal.com\\\/pl\\\/#website\"},\"breadcrumb\":{\"@id\":\"https:\\\/\\\/monatglobal.com\\\/pl\\\/skin-oil-free-moisturizer\\\/#breadcrumblist\"},\"image\":{\"@type\":\"ImageObject\",\"url\":\"https:\\\/\\\/monatglobal.com\\\/pl\\\/wp-content\\\/uploads\\\/sites\\\/9\\\/2021\\\/12\\\/be-pmois-1.png\",\"@id\":\"https:\\\/\\\/monatglobal.com\\\/pl\\\/skin-oil-free-moisturizer\\\/#mainImage\",\"width\":341,\"height\":450},\"primaryImageOfPage\":{\"@id\":\"https:\\\/\\\/monatglobal.com\\\/pl\\\/skin-oil-free-moisturizer\\\/#mainImage\"},\"datePublished\":\"2021-12-03T21:09:37+00:00\",\"dateModified\":\"2026-02-19T21:19:31+00:00\"},{\"@type\":\"WebSite\",\"@id\":\"https:\\\/\\\/monatglobal.com\\\/pl\\\/#website\",\"url\":\"https:\\\/\\\/monatglobal.com\\\/pl\\\/\",\"name\":\"MONAT POLAND\",\"description\":\"MONAT GLOBAL\",\"inLanguage\":\"pl-PL\",\"publisher\":{\"@id\":\"https:\\\/\\\/monatglobal.com\\\/pl\\\/#organization\"}}]}\n\t\t<\/script>\n\t\t<!-- All in One SEO Pro -->\r\n\t\t<title>BE PURIFIED\u2122 Krem Nawil\u017caj\u0105cy Bez Olej\u00f3w<\/title>\n\n","aioseo_head_json":{"title":"BE PURIFIED\u2122 Krem Nawil\u017caj\u0105cy Bez Olej\u00f3w","description":"-->","canonical_url":"https:\/\/monatglobal.com\/pl\/skin-oil-free-moisturizer\/","robots":"max-image-preview:large","keywords":"","webmasterTools":{"miscellaneous":""},"schema":{"@context":"https:\/\/schema.org","@graph":[{"@type":"BreadcrumbList","@id":"https:\/\/monatglobal.com\/pl\/skin-oil-free-moisturizer\/#breadcrumblist","itemListElement":[{"@type":"ListItem","@id":"https:\/\/monatglobal.com\/pl#listItem","position":1,"name":"Home","item":"https:\/\/monatglobal.com\/pl","nextItem":{"@type":"ListItem","@id":"https:\/\/monatglobal.com\/pl\/skin-oil-free-moisturizer\/#listItem","name":"BE PURIFIED\u2122 Krem Nawil\u017caj\u0105cy\u00a0Bez Olej\u00f3w"}},{"@type":"ListItem","@id":"https:\/\/monatglobal.com\/pl\/skin-oil-free-moisturizer\/#listItem","position":2,"name":"BE PURIFIED\u2122 Krem Nawil\u017caj\u0105cy\u00a0Bez Olej\u00f3w","previousItem":{"@type":"ListItem","@id":"https:\/\/monatglobal.com\/pl#listItem","name":"Home"}}]},{"@type":"Organization","@id":"https:\/\/monatglobal.com\/pl\/#organization","name":"MONAT POLAND","description":"MONAT GLOBAL","url":"https:\/\/monatglobal.com\/pl\/"},{"@type":"WebPage","@id":"https:\/\/monatglobal.com\/pl\/skin-oil-free-moisturizer\/#webpage","url":"https:\/\/monatglobal.com\/pl\/skin-oil-free-moisturizer\/","name":"BE PURIFIED\u2122 Krem Nawil\u017caj\u0105cy Bez Olej\u00f3w","description":"-->","inLanguage":"pl-PL","isPartOf":{"@id":"https:\/\/monatglobal.com\/pl\/#website"},"breadcrumb":{"@id":"https:\/\/monatglobal.com\/pl\/skin-oil-free-moisturizer\/#breadcrumblist"},"image":{"@type":"ImageObject","url":"https:\/\/monatglobal.com\/pl\/wp-content\/uploads\/sites\/9\/2021\/12\/be-pmois-1.png","@id":"https:\/\/monatglobal.com\/pl\/skin-oil-free-moisturizer\/#mainImage","width":341,"height":450},"primaryImageOfPage":{"@id":"https:\/\/monatglobal.com\/pl\/skin-oil-free-moisturizer\/#mainImage"},"datePublished":"2021-12-03T21:09:37+00:00","dateModified":"2026-02-19T21:19:31+00:00"},{"@type":"WebSite","@id":"https:\/\/monatglobal.com\/pl\/#website","url":"https:\/\/monatglobal.com\/pl\/","name":"MONAT POLAND","description":"MONAT GLOBAL","inLanguage":"pl-PL","publisher":{"@id":"https:\/\/monatglobal.com\/pl\/#organization"}}]},"og:locale":"pl_PL","og:site_name":"MONAT POLAND - MONAT GLOBAL","og:type":"article","og:title":"BE PURIFIED\u2122 Krem Nawil\u017caj\u0105cy Bez Olej\u00f3w","og:description":"--&gt;","og:url":"https:\/\/monatglobal.com\/pl\/skin-oil-free-moisturizer\/","article:published_time":"2021-12-03T21:09:37+00:00","article:modified_time":"2026-02-19T21:19:31+00:00","twitter:card":"summary_large_image","twitter:title":"BE PURIFIED\u2122 Krem Nawil\u017caj\u0105cy Bez Olej\u00f3w","twitter:description":"--&gt;"},"aioseo_meta_data":{"post_id":"65562","title":"BE PURIFIED\u2122 Krem Nawil\u017caj\u0105cy Bez Olej\u00f3w","description":null,"keywords":null,"keyphrases":{"focus":{"keyphrase":"","score":0,"analysis":{"keyphraseInTitle":{"score":0,"maxScore":9,"error":1}}},"additional":[]},"primary_term":null,"canonical_url":null,"og_title":null,"og_description":null,"og_object_type":"default","og_image_type":"default","og_image_url":null,"og_image_width":null,"og_image_height":null,"og_image_custom_url":null,"og_image_custom_fields":null,"og_video":"","og_custom_url":null,"og_article_section":null,"og_article_tags":null,"twitter_use_og":false,"twitter_card":"default","twitter_image_type":"default","twitter_image_url":null,"twitter_image_custom_url":null,"twitter_image_custom_fields":null,"twitter_title":null,"twitter_description":null,"schema":{"blockGraphs":[],"customGraphs":[],"default":{"data":{"Article":[],"Course":[],"Dataset":[],"FAQPage":[],"Movie":[],"Person":[],"Product":[],"ProductReview":[],"Car":[],"Recipe":[],"Service":[],"SoftwareApplication":[],"WebPage":[]},"graphName":"WebPage","isEnabled":true},"graphs":[]},"schema_type":"default","schema_type_options":null,"pillar_content":false,"robots_default":true,"robots_noindex":false,"robots_noarchive":false,"robots_nosnippet":false,"robots_nofollow":false,"robots_noimageindex":false,"robots_noodp":false,"robots_notranslate":false,"robots_max_snippet":"-1","robots_max_videopreview":"-1","robots_max_imagepreview":"large","priority":null,"frequency":"default","local_seo":null,"seo_analyzer_scan_date":"2026-02-19 21:20:28","limit_modified_date":false,"reviewed_by":"0","open_ai":null,"ai":{"faqs":[],"keyPoints":[],"titles":[],"descriptions":[],"socialPosts":{"email":[],"linkedin":[],"twitter":[],"facebook":[],"instagram":[]}},"created":"2023-07-26 09:58:10","updated":"2026-02-19 21:25:46"},"aioseo_breadcrumb":"<div class=\"aioseo-breadcrumbs\"><span class=\"aioseo-breadcrumb\">\n\t<a href=\"https:\/\/monatglobal.com\/pl\" title=\"Home\">Home<\/a>\n<\/span><span class=\"aioseo-breadcrumb-separator\">&raquo;<\/span><span class=\"aioseo-breadcrumb\">\n\tBE PURIFIED\u2122 Krem Nawil\u017caj\u0105cy Bez Olej\u00f3w\n<\/span><\/div>","aioseo_breadcrumb_json":[{"label":"Home","link":"https:\/\/monatglobal.com\/pl"},{"label":"BE PURIFIED\u2122 Krem Nawil\u017caj\u0105cy\u00a0Bez Olej\u00f3w","link":"https:\/\/monatglobal.com\/pl\/skin-oil-free-moisturizer\/"}],"_links":{"self":[{"href":"https:\/\/monatglobal.com\/pl\/wp-json\/wp\/v2\/pages\/65562","targetHints":{"allow":["GET"]}}],"collection":[{"href":"https:\/\/monatglobal.com\/pl\/wp-json\/wp\/v2\/pages"}],"about":[{"href":"https:\/\/monatglobal.com\/pl\/wp-json\/wp\/v2\/types\/page"}],"author":[{"embeddable":true,"href":"https:\/\/monatglobal.com\/pl\/wp-json\/wp\/v2\/users\/31"}],"replies":[{"embeddable":true,"href":"https:\/\/monatglobal.com\/pl\/wp-json\/wp\/v2\/comments?post=65562"}],"version-history":[{"count":30,"href":"https:\/\/monatglobal.com\/pl\/wp-json\/wp\/v2\/pages\/65562\/revisions"}],"predecessor-version":[{"id":109338,"href":"https:\/\/monatglobal.com\/pl\/wp-json\/wp\/v2\/pages\/65562\/revisions\/109338"}],"wp:featuredmedia":[{"embeddable":true,"href":"https:\/\/monatglobal.com\/pl\/wp-json\/wp\/v2\/media\/65565"}],"wp:attachment":[{"href":"https:\/\/monatglobal.com\/pl\/wp-json\/wp\/v2\/media?parent=65562"}],"wp:term":[{"taxonomy":"category","embeddable":true,"href":"https:\/\/monatglobal.com\/pl\/wp-json\/wp\/v2\/categories?post=65562"},{"taxonomy":"post_tag","embeddable":true,"href":"https:\/\/monatglobal.com\/pl\/wp-json\/wp\/v2\/tags?post=65562"}],"curies":[{"name":"wp","href":"https:\/\/api.w.org\/{rel}","templated":true}]}}