{"id":65513,"date":"2021-12-01T16:29:00","date_gmt":"2021-12-01T16:29:00","guid":{"rendered":"https:\/\/monatglobal.com\/pl\/?page_id=65513"},"modified":"2026-02-19T20:50:29","modified_gmt":"2026-02-19T20:50:29","slug":"bakuchiol","status":"publish","type":"page","link":"https:\/\/monatglobal.com\/pl\/bakuchiol\/","title":{"rendered":"Bakuchiol Ro\u015blinny Wega\u0144ska Alternatywa Retinolu"},"content":{"rendered":"\n<link rel=\"stylesheet\" href=\"https:\/\/unpkg.com\/swiper\/swiper-bundle.min.css\">\n<link rel=\"stylesheet\" href=\"https:\/\/monatglobal.com\/wp-content\/creative_css\/product_styles_sheet.css\">\n    <!--==================================================== ECOMM SECTION ====================================================-->\n        <!--==================================================== Ecomm image ====================================================-->\n        <img decoding=\"async\" src=\"https:\/\/monatglobal.com\/wp-content\/uploads\/2020\/11\/bbvr.png\" alt=\"Bakuchiol Ro\u015blinny Wega\u0144ska Alternatywa Retinolu\" loading=\"lazy\">\n        <!--==================================================== Ecomm information  ====================================================-->\n            \n            <h1>Bakuchiol Ro\u015blinny Wega\u0144ska Alternatywa Retinolu<\/h1>\n            \n            <p>Lekka, szybko wch\u0142aniaj\u0105ca si\u0119 i&nbsp;bazuj\u0105ca na wega\u0144skim zamienniku retinolu formu\u0142a, kt\u00f3r\u0105 mo\u017cna stosowa\u0107 bezpiecznie na co&nbsp;dzie\u0144.<\/p>\n            <p>30 ml \u212e 1 fl. oz.<\/p>\n         <!--==================================================== pricing box ====================================================-->   \n         <p>Cena detaliczna<br>000.00 z\u0142<\/p>\n         <p>Klient VIP<br>000.00 z\u0142<\/p>\n         <!--==================================================== pricing box ====================================================-->   \n            <p>Aby dowiedzie\u0107 si\u0119 wi\u0119cej na temat produktu Bakuchiol Ro\u015blinny &#8211; Wega\u0144ska Alternatywa Dla Retinolu, prosimy skontaktowa\u0107 si\u0119 ze swoim Market Partnerem&nbsp;MONAT.<\/p>\n          <a href=\"\" target=\"_blank\" role=\"button\" aria-label=\"\" rel=\"noopener\"><\/a>\n    <!--==================================================== \/ECOMM SECTION  ====================================================-->\n   <!--==================================================== Benefits image ====================================================-->\n  \n    <source media=\"(max-width: 700px)\" srcset=\"https:\/\/monatglobal.com\/lt\/wp-content\/uploads\/sites\/11\/2021\/12\/bakuchiol-benefits_mobile.jpg\" loading=\"lazy\">\n      <img decoding=\"async\" src=\"https:\/\/monatglobal.com\/lt\/wp-content\/uploads\/sites\/11\/2021\/12\/bakuchiol-benefits.jpg\" alt=\"\" loading=\"lazy\">\n    \n   <!--==================================================== Benefits text ====================================================-->\n         <h2>ZALETY<\/h2>\n         <h3>Czerpi\u0105ce z natury lekkie serum oferuje bogactwo skutecznych, aktywnych sk\u0142adnik\u00f3w \n         ro\u015blinnych, kt\u00f3re pomagaj\u0105 zredukowa\u0107 widoczne przebarwienia zwi\u0105zane z&nbsp;wiekiem, zmarszczki i&nbsp;drobne linie oraz wyr\u00f3wna\u0107 \n         koloryt sk\u00f3ry i&nbsp;poprawi\u0107 jej&nbsp;struktur\u0119.<\/h3>\n         <!--==================================================== features image  ====================================================-->\n         <img decoding=\"async\" alt=\"\" src=\"https:\/\/monatglobal.com\/lt\/wp-content\/uploads\/sites\/11\/2021\/12\/botanic-bakuchiol-features.jpg\" loading=\"lazy\">\n      <!--==================================================== features text ====================================================-->\n            <h3>Cechy<\/h3>\n               <p>\/ Pomaga zredukowa\u0107 widoczne przebarwienia zwi\u0105zane z&nbsp;wiekiem, nadaj\u0105c sk\u00f3rze bardziej r\u00f3wnomierny&nbsp;odcie\u0144<\/p>\n               <p>\/ Wyr\u00f3wnuje odcie\u0144 i&nbsp;poprawia struktur\u0119&nbsp;sk\u00f3ry<\/p>\n               <p>\/ Pomaga w&nbsp;zachowaniu g\u0142adszej i&nbsp;bardziej promiennej&nbsp;cery<\/p>\n               <p>\/ Redukuje widoczno\u015b\u0107 drobnych linii i&nbsp;zmarszczek<\/p>\n               <p>\/ Nadaje si\u0119 do wszystkich rodzaj\u00f3w sk\u00f3ry, w&nbsp;tym tak\u017ce&nbsp;wra\u017cliwej<\/p>\n               <p>\/ Zapewnia 24-godzinne&nbsp;nawodnienie<\/p>\n               <br>\n            <p>Fragrance \/ Unwind and enjoy a coconut-forward, citrusy aroma with notes of blood orange, coconut husk, cashew nut and&nbsp;sandalwood. <\/p>\n            <p> Texture \/ Cream <\/p>\n   <!--==================================================== composition image mobile ====================================================-->\n   <img decoding=\"async\" alt=\"\" src=\"https:\/\/monatglobal.com\/lt\/wp-content\/uploads\/sites\/11\/2021\/12\/botanic-bakuchiol-composition-1.jpg\" loading=\"lazy\">\n   <!--==================================================== Why it works text ====================================================-->\n      \n      <h3>Nasza lekka, szybko wch\u0142aniaj\u0105ca si\u0119 formu\u0142a jest przeznaczona do wszystkich \n      rodzaj\u00f3w sk\u00f3ry i&nbsp;ma za zadanie nada\u0107 cerze g\u0142adszy i&nbsp;bardziej promienny&nbsp;wygl\u0105d.<\/h3>\n      Wzboga\u0107 zabiegi piel\u0119gnacyjne z&nbsp;preparatem Bakuchiol Ro\u015blinny Wega\u0144ska Alternatywa Dla Retinolu. \n      Nasza naturalna formu\u0142a jest mieszank\u0105 aktywnych sk\u0142adnik\u00f3w ro\u015blinnych, w&nbsp;tym REJUVENIQE S\u2122, bakuchiolu oraz skwalanu \n      ro\u015blinnego. Uzyskiwane dzi\u0119ki Bakuchiolowi rezultaty sprawiaj\u0105, \u017ce jest to \u015bwietna alternatywa dla retinolu w&nbsp;dziedzinie \n      piel\u0119gnacji&nbsp;sk\u00f3ry.\n<!--==================================================== Composition section ====================================================-->\n      <img decoding=\"async\" alt=\"\" src=\"https:\/\/monatglobal.com\/lt\/wp-content\/uploads\/sites\/11\/2021\/12\/botanic-bakuchiol-composition-1.jpg\" loading=\"lazy\">\n      <img decoding=\"async\" alt=\"\" src=\"https:\/\/monatglobal.com\/lt\/wp-content\/uploads\/sites\/11\/2021\/12\/botanic-bakuchiol-composition-2-1.jpg\" loading=\"lazy\">\n            <!--==================================================== Directions text ====================================================--> \n               <h3>Wskaz\u00f3wki<\/h3>\n                    <p>Stosuj codziennie.<\/p>\n                    <p>\/ Nanie\u015b preparat za pomoc\u0105 pompki na czubki palc\u00f3w i&nbsp;rozetrzyj&nbsp;r\u00f3wnomiernie.<\/p>\n                    <p>\/ Wmasowuj delikatnie w&nbsp;czyst\u0105 sk\u00f3r\u0119, wykonuj\u0105c okr\u0119\u017cne&nbsp;ruchy.<\/p>\n                    <p>\/ Poczekaj do pe\u0142nego wch\u0142oni\u0119cia przed zastosowaniem preparatu nawil\u017caj\u0105cego&nbsp;MONAT.<\/p>\n                    <p>\/ Stosuj filtr przeciws\u0142oneczny codziennie, zgodnie z&nbsp;zaleceniami.<\/p>\n            <!--==================================================== Directions video ====================================================-->\n      <p>Be Balanced\u2122 <br>Lightweight Moisturizer <br>0:35<\/p>\n         <!--==================================================== features image  ====================================================-->\n         <img decoding=\"async\" alt=\"\" src=\"https:\/\/monatglobal.com\/lt\/wp-content\/uploads\/sites\/11\/2021\/12\/botanic-bakuchiol-suggestions.jpg\" loading=\"lazy\">\n      <!--==================================================== features text ====================================================-->\n            <h3>Wskaz\u00f3wka dla zapewnienia zdrowia&nbsp;sk\u00f3ry<\/h3>\n               \/ Bakuchiol jest cz\u0119sto nazywany naturalnym odpowiednikiem retinolu. Znany z&nbsp;dostarczania tych samych korzy\u015bci, \n               ale bez efekt\u00f3w uczuleniowych, jest delikatnym i&nbsp;efektywnym rozwi\u0105zaniem dla wszystkich rodzaj\u00f3w sk\u00f3ry, \n               nawet tej wra\u017cliwej. Aby uzyska\u0107 najlepsze rezultaty, stosuj po na\u0142o\u017ceniu serum MONAT w&nbsp;ramach swojej codziennej&nbsp;piel\u0119gnacji.\n               &nbsp;&nbsp;&nbsp;Stosowany razem z&nbsp;Nektarem Kontroluj\u0105cym Wiek Rewind\u2122 zapewnia optymalne rezultaty \n               w&nbsp;postaci promiennej i&nbsp;zdrowej sk\u00f3ry w&nbsp;ka\u017cdym wieku.\n      <a href=\"\" target=\"_blank\" role=\"button\" aria-label=\"\" rel=\"noopener\"><\/a>\n   <!--==================================================== Ingredients section  ====================================================-->\n      <h2>NAJWA\u017bNIEJSZE SK\u0141ADNIKI AKTYWNE<\/h2>\n      <p>REJUVENIQE S\u2122<\/p>\n      <p>Bakuchiol<\/p>\n      <p>Skwalan ro\u015blinny<\/p>\n      <p>Padinami<\/p>\n      <p>Olej z&nbsp;Sacha Inchi<\/p>\n      <p>Wyci\u0105g z&nbsp;kwiatu kangurzej&nbsp;\u0142apy<\/p>\n      <p>Retinoinian<\/p>\n        <button id=\"myBtn\" type=\"button\">ZOBACZ PE\u0141N\u0104 LIST\u0118&nbsp;SK\u0141ADNIK\u00d3W<\/button>\n      <!--==================================================== Modal content  ====================================================-->\n         \u00d7\n         Aqua\/Water\/Eau, Squalane, Glycerin, Propanediol, Hydroxyethyl Acrylate\/Sodium Acryloyldimethyl Taurate Copolymer, \n         Bakuchiol, Hydroxypinacolone Retinoate, Padina Pavonica Thallus Extract, Plukenetia Volubilis Seed Oil, Anigozanthos Flavidus \n         Extract, Simmondsia Chinensis (Jojoba) Seed Oil, Limnanthes Alba (Meadowfoam) Seed Oil, Crambe Abyssinica Seed Oil, Camellia \n         Oleifera Seed Oil, Solanum Lycopersicum (Tomato) Seed Oil, Daucus Carota Sativa (Carrot) Seed Oil, Citrus Limon (Lemon) Peel \n         Oil, Citrus Aurantifolia (Lime) Oil, Citrus Aurantium Bergamia (Bergamot) Fruit Oil, Adansonia Digitata Oil, Mauritia Flexuosa \n         Fruit Oil, Cocos Nucifera (Coconut) Oil, Gardenia Taitensis Flower Extract, Moringa Oleifera Seed Oil, Caryocar Brasiliense \n         Fruit Oil, Helianthus Annuus (Sunflower) Seed Oil, Olea Europaea (Olive) Fruit Oil, Simmondsia Chinensis (Jojoba) Seed Extract, \n         Glyceryl Polyacrylate, Sodium Phytate, Sodium Stearoyl Lactylate, Hydrogenated Lecithin, Dimethyl Isosorbide, Fragrance\/Parfum, \n         Tocopherol, Ethylhexylglycerin, Benzyl&nbsp;Alcohol.\n   <!--==================================================== You might also like section ====================================================-->\n      <h2>INNE PRODUKTY, KT\u00d3RE MOG\u0104 CI SI\u0118&nbsp;SPODOBA\u0106<\/h2>\n      <!--==================================================== Slider YOU MIGHT ALSO LIKE ====================================================-->\n          <!---->\n          <!--   -->\n                <!-- Slides products-->\n          <!--      -->\n          <!--         <a href=\"\/pl\/skincare-night-age-control-cream\/\" aria-label=\"Go to NIGHT HAVEN\u2122 KREM NA NOC PRZECIW OZNAKOM STARZENIA page\">-->\n          <!--          <img decoding=\"async\" src=\"https:\/\/monatglobal.com\/wp-content\/uploads\/2022\/12\/Night-Haven-Age-control_Ecomm-min.png\" alt=\"NIGHT HAVEN\u2122 KREM NA NOC PRZECIW OZNAKOM STARZENIA\" loading=\"lazy\"\/>-->\n          <!--          <p>NIGHT HAVEN\u2122 KREM NA NOC PRZECIW OZNAKOM&nbsp;STARZENIA<\/p>-->\n          <!--        <\/a>-->\n          <!--      -->\n          <!--      -->\n          <!--         <a href=\"\/pl\/age-control-nectar\/\" aria-label=\"Go to REWIND\u2122 NEKTAR KONTROLUJ\u0104CY WIEK page\">-->\n          <!--          <img decoding=\"async\" src=\"https:\/\/monatglobal.com\/wp-content\/uploads\/2022\/12\/Rewind-Age-Control-Nectar-ecomm-min.png\" alt=\"REWIND\u2122 NEKTAR KONTROLUJ\u0104CY WIEK\" loading=\"lazy\"\/>-->\n          <!--          <p>REWIND\u2122 NEKTAR KONTROLUJ\u0104CY&nbsp;WIEK<\/p>-->\n          <!--        <\/a>-->\n          <!--      -->\n          <!--   -->\n             <!-- If we need navigation buttons -->\n          <!--   -->\n          <!--   -->\n             <!-- If we need paginations -->\n          <!--   -->\n          <!---->\n         <!--==================================================== If we need navigation buttons  ====================================================-->\n         <!--==================================================== If we need paginations  ====================================================-->\n    <a href=\"\" aria-label=\"\"><\/a>\n<!--==================================================== this link has to go last for it to work   ====================================================-->\n","protected":false},"excerpt":{"rendered":"<p>Bakuchiol Ro\u015blinny Wega\u0144ska Alternatywa Retinolu Lekka, szybko wch\u0142aniaj\u0105ca si\u0119 i&nbsp;bazuj\u0105ca na wega\u0144skim zamienniku retinolu formu\u0142a, kt\u00f3r\u0105 mo\u017cna stosowa\u0107 bezpiecznie na co&nbsp;dzie\u0144. 30 ml \u212e 1 fl. oz. Cena detaliczna000.00 z\u0142 Klient VIP000.00 z\u0142 Aby dowiedzie\u0107 si\u0119 wi\u0119cej na temat produktu Bakuchiol Ro\u015blinny &#8211; Wega\u0144ska Alternatywa Dla Retinolu, prosimy skontaktowa\u0107 si\u0119 ze swoim Market Partnerem&nbsp;MONAT. ZALETY&hellip;<\/p>\n","protected":false},"author":31,"featured_media":65515,"parent":0,"menu_order":0,"comment_status":"closed","ping_status":"closed","template":"","meta":{"inline_featured_image":false,"om_disable_all_campaigns":false,"_monsterinsights_skip_tracking":false,"_monsterinsights_sitenote_active":false,"_monsterinsights_sitenote_note":"","_monsterinsights_sitenote_category":0,"footnotes":""},"categories":[39],"tags":[],"class_list":["post-65513","page","type-page","status-publish","has-post-thumbnail","hentry","category-product-pl"],"aioseo_notices":[],"aioseo_head":"\n\t\t<!-- All in One SEO Pro 4.9.5.2 - aioseo.com -->\n\t<meta name=\"description\" content=\"--&gt;\" \/>\n\t<meta name=\"robots\" content=\"max-image-preview:large\" \/>\n\t<link rel=\"canonical\" href=\"https:\/\/monatglobal.com\/pl\/bakuchiol\/\" \/>\n\t<meta name=\"generator\" content=\"All in One SEO Pro (AIOSEO) 4.9.5.2\" \/>\n\t\t<meta property=\"og:locale\" content=\"pl_PL\" \/>\n\t\t<meta property=\"og:site_name\" content=\"MONAT POLAND - MONAT GLOBAL\" \/>\n\t\t<meta property=\"og:type\" content=\"article\" \/>\n\t\t<meta property=\"og:title\" content=\"Bakuchiol Ro\u015blinny Wega\u0144ska Alternatywa Retinolu\" \/>\n\t\t<meta property=\"og:description\" content=\"--&gt;\" \/>\n\t\t<meta property=\"og:url\" content=\"https:\/\/monatglobal.com\/pl\/bakuchiol\/\" \/>\n\t\t<meta property=\"article:published_time\" content=\"2021-12-01T16:29:00+00:00\" \/>\n\t\t<meta property=\"article:modified_time\" content=\"2026-02-19T20:50:29+00:00\" \/>\n\t\t<meta name=\"twitter:card\" content=\"summary_large_image\" \/>\n\t\t<meta name=\"twitter:title\" content=\"Bakuchiol Ro\u015blinny Wega\u0144ska Alternatywa Retinolu\" \/>\n\t\t<meta name=\"twitter:description\" content=\"--&gt;\" \/>\n\t\t<script type=\"application\/ld+json\" class=\"aioseo-schema\">\n\t\t\t{\"@context\":\"https:\\\/\\\/schema.org\",\"@graph\":[{\"@type\":\"BreadcrumbList\",\"@id\":\"https:\\\/\\\/monatglobal.com\\\/pl\\\/bakuchiol\\\/#breadcrumblist\",\"itemListElement\":[{\"@type\":\"ListItem\",\"@id\":\"https:\\\/\\\/monatglobal.com\\\/pl#listItem\",\"position\":1,\"name\":\"Home\",\"item\":\"https:\\\/\\\/monatglobal.com\\\/pl\",\"nextItem\":{\"@type\":\"ListItem\",\"@id\":\"https:\\\/\\\/monatglobal.com\\\/pl\\\/bakuchiol\\\/#listItem\",\"name\":\"Bakuchiol Ro\\u015blinny Wega\\u0144ska Alternatywa Retinolu\"}},{\"@type\":\"ListItem\",\"@id\":\"https:\\\/\\\/monatglobal.com\\\/pl\\\/bakuchiol\\\/#listItem\",\"position\":2,\"name\":\"Bakuchiol Ro\\u015blinny Wega\\u0144ska Alternatywa Retinolu\",\"previousItem\":{\"@type\":\"ListItem\",\"@id\":\"https:\\\/\\\/monatglobal.com\\\/pl#listItem\",\"name\":\"Home\"}}]},{\"@type\":\"Organization\",\"@id\":\"https:\\\/\\\/monatglobal.com\\\/pl\\\/#organization\",\"name\":\"MONAT POLAND\",\"description\":\"MONAT GLOBAL\",\"url\":\"https:\\\/\\\/monatglobal.com\\\/pl\\\/\"},{\"@type\":\"WebPage\",\"@id\":\"https:\\\/\\\/monatglobal.com\\\/pl\\\/bakuchiol\\\/#webpage\",\"url\":\"https:\\\/\\\/monatglobal.com\\\/pl\\\/bakuchiol\\\/\",\"name\":\"Bakuchiol Ro\\u015blinny Wega\\u0144ska Alternatywa Retinolu\",\"description\":\"-->\",\"inLanguage\":\"pl-PL\",\"isPartOf\":{\"@id\":\"https:\\\/\\\/monatglobal.com\\\/pl\\\/#website\"},\"breadcrumb\":{\"@id\":\"https:\\\/\\\/monatglobal.com\\\/pl\\\/bakuchiol\\\/#breadcrumblist\"},\"image\":{\"@type\":\"ImageObject\",\"url\":\"https:\\\/\\\/monatglobal.com\\\/pl\\\/wp-content\\\/uploads\\\/sites\\\/9\\\/2021\\\/12\\\/bbvr.png\",\"@id\":\"https:\\\/\\\/monatglobal.com\\\/pl\\\/bakuchiol\\\/#mainImage\",\"width\":438,\"height\":500},\"primaryImageOfPage\":{\"@id\":\"https:\\\/\\\/monatglobal.com\\\/pl\\\/bakuchiol\\\/#mainImage\"},\"datePublished\":\"2021-12-01T16:29:00+00:00\",\"dateModified\":\"2026-02-19T20:50:29+00:00\"},{\"@type\":\"WebSite\",\"@id\":\"https:\\\/\\\/monatglobal.com\\\/pl\\\/#website\",\"url\":\"https:\\\/\\\/monatglobal.com\\\/pl\\\/\",\"name\":\"MONAT POLAND\",\"description\":\"MONAT GLOBAL\",\"inLanguage\":\"pl-PL\",\"publisher\":{\"@id\":\"https:\\\/\\\/monatglobal.com\\\/pl\\\/#organization\"}}]}\n\t\t<\/script>\n\t\t<!-- All in One SEO Pro -->\r\n\t\t<title>Bakuchiol Ro\u015blinny Wega\u0144ska Alternatywa Retinolu<\/title>\n\n","aioseo_head_json":{"title":"Bakuchiol Ro\u015blinny Wega\u0144ska Alternatywa Retinolu","description":"-->","canonical_url":"https:\/\/monatglobal.com\/pl\/bakuchiol\/","robots":"max-image-preview:large","keywords":"","webmasterTools":{"miscellaneous":""},"schema":{"@context":"https:\/\/schema.org","@graph":[{"@type":"BreadcrumbList","@id":"https:\/\/monatglobal.com\/pl\/bakuchiol\/#breadcrumblist","itemListElement":[{"@type":"ListItem","@id":"https:\/\/monatglobal.com\/pl#listItem","position":1,"name":"Home","item":"https:\/\/monatglobal.com\/pl","nextItem":{"@type":"ListItem","@id":"https:\/\/monatglobal.com\/pl\/bakuchiol\/#listItem","name":"Bakuchiol Ro\u015blinny Wega\u0144ska Alternatywa Retinolu"}},{"@type":"ListItem","@id":"https:\/\/monatglobal.com\/pl\/bakuchiol\/#listItem","position":2,"name":"Bakuchiol Ro\u015blinny Wega\u0144ska Alternatywa Retinolu","previousItem":{"@type":"ListItem","@id":"https:\/\/monatglobal.com\/pl#listItem","name":"Home"}}]},{"@type":"Organization","@id":"https:\/\/monatglobal.com\/pl\/#organization","name":"MONAT POLAND","description":"MONAT GLOBAL","url":"https:\/\/monatglobal.com\/pl\/"},{"@type":"WebPage","@id":"https:\/\/monatglobal.com\/pl\/bakuchiol\/#webpage","url":"https:\/\/monatglobal.com\/pl\/bakuchiol\/","name":"Bakuchiol Ro\u015blinny Wega\u0144ska Alternatywa Retinolu","description":"-->","inLanguage":"pl-PL","isPartOf":{"@id":"https:\/\/monatglobal.com\/pl\/#website"},"breadcrumb":{"@id":"https:\/\/monatglobal.com\/pl\/bakuchiol\/#breadcrumblist"},"image":{"@type":"ImageObject","url":"https:\/\/monatglobal.com\/pl\/wp-content\/uploads\/sites\/9\/2021\/12\/bbvr.png","@id":"https:\/\/monatglobal.com\/pl\/bakuchiol\/#mainImage","width":438,"height":500},"primaryImageOfPage":{"@id":"https:\/\/monatglobal.com\/pl\/bakuchiol\/#mainImage"},"datePublished":"2021-12-01T16:29:00+00:00","dateModified":"2026-02-19T20:50:29+00:00"},{"@type":"WebSite","@id":"https:\/\/monatglobal.com\/pl\/#website","url":"https:\/\/monatglobal.com\/pl\/","name":"MONAT POLAND","description":"MONAT GLOBAL","inLanguage":"pl-PL","publisher":{"@id":"https:\/\/monatglobal.com\/pl\/#organization"}}]},"og:locale":"pl_PL","og:site_name":"MONAT POLAND - MONAT GLOBAL","og:type":"article","og:title":"Bakuchiol Ro\u015blinny Wega\u0144ska Alternatywa Retinolu","og:description":"--&gt;","og:url":"https:\/\/monatglobal.com\/pl\/bakuchiol\/","article:published_time":"2021-12-01T16:29:00+00:00","article:modified_time":"2026-02-19T20:50:29+00:00","twitter:card":"summary_large_image","twitter:title":"Bakuchiol Ro\u015blinny Wega\u0144ska Alternatywa Retinolu","twitter:description":"--&gt;"},"aioseo_meta_data":{"post_id":"65513","title":"Bakuchiol Ro\u015blinny Wega\u0144ska Alternatywa Retinolu","description":null,"keywords":null,"keyphrases":{"focus":{"keyphrase":"","score":0,"analysis":{"keyphraseInTitle":{"score":0,"maxScore":9,"error":1}}},"additional":[]},"primary_term":null,"canonical_url":null,"og_title":null,"og_description":null,"og_object_type":"default","og_image_type":"default","og_image_url":null,"og_image_width":null,"og_image_height":null,"og_image_custom_url":null,"og_image_custom_fields":null,"og_video":"","og_custom_url":null,"og_article_section":null,"og_article_tags":null,"twitter_use_og":false,"twitter_card":"default","twitter_image_type":"default","twitter_image_url":null,"twitter_image_custom_url":null,"twitter_image_custom_fields":null,"twitter_title":null,"twitter_description":null,"schema":{"blockGraphs":[],"customGraphs":[],"default":{"data":{"Article":[],"Course":[],"Dataset":[],"FAQPage":[],"Movie":[],"Person":[],"Product":[],"ProductReview":[],"Car":[],"Recipe":[],"Service":[],"SoftwareApplication":[],"WebPage":[]},"graphName":"WebPage","isEnabled":true},"graphs":[]},"schema_type":"default","schema_type_options":null,"pillar_content":false,"robots_default":true,"robots_noindex":false,"robots_noarchive":false,"robots_nosnippet":false,"robots_nofollow":false,"robots_noimageindex":false,"robots_noodp":false,"robots_notranslate":false,"robots_max_snippet":"-1","robots_max_videopreview":"-1","robots_max_imagepreview":"large","priority":null,"frequency":"default","local_seo":null,"seo_analyzer_scan_date":"2026-02-19 21:03:39","limit_modified_date":false,"reviewed_by":"0","open_ai":null,"ai":{"faqs":[],"keyPoints":[],"titles":[],"descriptions":[],"socialPosts":{"email":[],"linkedin":[],"twitter":[],"facebook":[],"instagram":[]}},"created":"2023-07-26 09:58:10","updated":"2026-02-19 21:03:39"},"aioseo_breadcrumb":"<div class=\"aioseo-breadcrumbs\"><span class=\"aioseo-breadcrumb\">\n\t<a href=\"https:\/\/monatglobal.com\/pl\" title=\"Home\">Home<\/a>\n<\/span><span class=\"aioseo-breadcrumb-separator\">&raquo;<\/span><span class=\"aioseo-breadcrumb\">\n\tBakuchiol Ro\u015blinny Wega\u0144ska Alternatywa Retinolu\n<\/span><\/div>","aioseo_breadcrumb_json":[{"label":"Home","link":"https:\/\/monatglobal.com\/pl"},{"label":"Bakuchiol Ro\u015blinny Wega\u0144ska Alternatywa Retinolu","link":"https:\/\/monatglobal.com\/pl\/bakuchiol\/"}],"_links":{"self":[{"href":"https:\/\/monatglobal.com\/pl\/wp-json\/wp\/v2\/pages\/65513","targetHints":{"allow":["GET"]}}],"collection":[{"href":"https:\/\/monatglobal.com\/pl\/wp-json\/wp\/v2\/pages"}],"about":[{"href":"https:\/\/monatglobal.com\/pl\/wp-json\/wp\/v2\/types\/page"}],"author":[{"embeddable":true,"href":"https:\/\/monatglobal.com\/pl\/wp-json\/wp\/v2\/users\/31"}],"replies":[{"embeddable":true,"href":"https:\/\/monatglobal.com\/pl\/wp-json\/wp\/v2\/comments?post=65513"}],"version-history":[{"count":23,"href":"https:\/\/monatglobal.com\/pl\/wp-json\/wp\/v2\/pages\/65513\/revisions"}],"predecessor-version":[{"id":109327,"href":"https:\/\/monatglobal.com\/pl\/wp-json\/wp\/v2\/pages\/65513\/revisions\/109327"}],"wp:featuredmedia":[{"embeddable":true,"href":"https:\/\/monatglobal.com\/pl\/wp-json\/wp\/v2\/media\/65515"}],"wp:attachment":[{"href":"https:\/\/monatglobal.com\/pl\/wp-json\/wp\/v2\/media?parent=65513"}],"wp:term":[{"taxonomy":"category","embeddable":true,"href":"https:\/\/monatglobal.com\/pl\/wp-json\/wp\/v2\/categories?post=65513"},{"taxonomy":"post_tag","embeddable":true,"href":"https:\/\/monatglobal.com\/pl\/wp-json\/wp\/v2\/tags?post=65513"}],"curies":[{"name":"wp","href":"https:\/\/api.w.org\/{rel}","templated":true}]}}