{"id":65493,"date":"2021-11-29T19:37:42","date_gmt":"2021-11-29T19:37:42","guid":{"rendered":"https:\/\/monatglobal.com\/pl\/?page_id=65493"},"modified":"2026-02-20T14:27:26","modified_gmt":"2026-02-20T14:27:26","slug":"men-face-moisturizer","status":"publish","type":"page","link":"https:\/\/monatglobal.com\/pl\/men-face-moisturizer\/","title":{"rendered":"MONAT FOR MEN\u2122 Krem Nawil\u017caj\u0105cy Do Twarzy"},"content":{"rendered":"\n<link rel=\"stylesheet\" href=\"https:\/\/unpkg.com\/swiper\/swiper-bundle.min.css\">\n<link rel=\"stylesheet\" href=\"https:\/\/monatglobal.com\/wp-content\/creative_css\/product_styles_sheet.css\">\n   <!--==================================================== ECOMM SECTION ====================================================-->\n      <!--==================================================== Ecomm image ====================================================-->\n      <img decoding=\"async\" src=\"https:\/\/monatglobal.com\/pl\/wp-content\/uploads\/sites\/9\/2022\/01\/essential-face-moisturizer-ecomm-2022.png\" alt=\"MONAT FOR MEN\u2122 Krem Nawil\u017caj\u0105cy Do Twarzy\" loading=\"lazy\">\n      <!--==================================================== Ecomm information  ====================================================-->\n         <p>MONAT FOR MEN\u2122 <\/p>\n         <h1>Krem Nawil\u017caj\u0105cy Do&nbsp;Twarzy <\/h1>\n         \n         <p>Lekki, niet\u0142usty  preparat, kt\u00f3ry zapewnia nawil\u017cenie oraz chroni przed niekorzystnymi czynnikami&nbsp;\u015brodowiskowymi.<\/p>\n         <p>50 ml \u212e 1.7 fl. oz.<\/p>\n       <!--==================================================== pricing box ====================================================-->   \n         <p>Cena detaliczna<br>000.00 z\u0142<\/p>\n         <p>Klient VIP<br>000.00 z\u0142<\/p>\n       <!--==================================================== pricing box ====================================================--> \n         Aby dowiedzie\u0107 si\u0119 wi\u0119cej na temat produktu \n             MONAT FOR MEN\u2122 Krem Nawil\u017caj\u0105cy Do Twarzy, prosimy skontaktowa\u0107 si\u0119 ze swoim Market Partnerem&nbsp;MONAT.\n          <a href=\"\" target=\"_blank\" role=\"button\" aria-label=\"\" rel=\"noopener\"><\/a>\n   <!--==================================================== \/ECOMM SECTION  ====================================================-->\n   <!--==================================================== Benefits image ====================================================-->\n  \n    <source media=\"(max-width: 700px)\" srcset=\"https:\/\/monatglobal.com\/pl\/wp-content\/uploads\/sites\/9\/2021\/12\/essential-face-moisturizer-benefits_mobile.jpg\" loading=\"lazy\">\n      <img decoding=\"async\" src=\"https:\/\/monatglobal.com\/pl\/wp-content\/uploads\/sites\/9\/2021\/12\/essential-face-moisturizer-benefits.jpg\" alt=\"\" loading=\"lazy\">\n    \n   <!--==================================================== Benefits text ====================================================-->\n         <h2>ZALETY<\/h2>\n         <h3>Nasza koj\u0105ca formu\u0142a szybko si\u0119 wch\u0142ania i&nbsp;zapewnia ch\u0142odz\u0105ce i&nbsp;od\u015bwie\u017caj\u0105ce dzia\u0142anie \n         przy jednoczesnym dostarczeniu sk\u00f3rze ca\u0142odziennego&nbsp;nawodnienia.<\/h3>\n         <p>Zapewnia matuj\u0105cy efekt oraz redukuje b\u0142yszczenie i&nbsp;nadmiar&nbsp;sebum.<\/p>\n         <!--==================================================== features image  ====================================================-->\n         <img decoding=\"async\" alt=\"\" src=\"https:\/\/monatglobal.com\/pl\/wp-content\/uploads\/sites\/9\/2021\/12\/essential-face-moisturizer-features_.jpg\" loading=\"lazy\">\n      <!--==================================================== features text ====================================================-->\n            <h3>Cechy<\/h3>\n               <p>\/ Pomaga ukoi\u0107 sk\u00f3r\u0119<\/p>\n               <p>\/ Sprawia, \u017ce sk\u00f3ra staje si\u0119 g\u0142adka i&nbsp;mi\u0119kka w&nbsp;dotyku<\/p>\n               <p>\/ Od\u015bwie\u017ca sk\u00f3r\u0119, dodaje energii i&nbsp;wyg\u0142adza<\/p>\n               <p>\/ Poprawia elastyczno\u015b\u0107&nbsp;sk\u00f3ry<\/p>\n               <p>\/ Zapewnia matuj\u0105cy efekt oraz redukuje&nbsp;b\u0142yszczenie<\/p>\n               <p>\/ Doskona\u0142e rozwi\u0105zanie dla ka\u017cdego rodzaju sk\u00f3ry, w&nbsp;tym tak\u017ce dla sk\u00f3ry&nbsp;wra\u017cliwej<\/p>\n               <br>\n            <p>Fragrance \/ Unwind and enjoy a coconut-forward, citrusy aroma with notes of blood orange, coconut husk, cashew nut and&nbsp;sandalwood. <\/p>\n            <p> Texture \/ Cream <\/p>\n   <!--==================================================== composition image mobile ====================================================-->\n   <img decoding=\"async\" alt=\"\" src=\"https:\/\/monatglobal.com\/pl\/wp-content\/uploads\/sites\/9\/2021\/12\/essential-face-mousturizer.jpg\" loading=\"lazy\">\n   <!--==================================================== Why it works text ====================================================-->\n      \n      <h3>Ten lekki krem zosta\u0142 stworzony specjalnie z&nbsp;my\u015bl\u0105 o&nbsp;sk\u00f3rze m\u0119\u017cczyzn. Preparat dostarcza \n       odpowiednie nawil\u017cenie, od\u015bwie\u017ca i&nbsp;sprawia, \u017ce sk\u00f3ra staje si\u0119 g\u0142adka, mi\u0119kka w&nbsp;dotyku i&nbsp;pe\u0142na energii.<\/h3>\n<!--==================================================== Composition section ====================================================-->\n      <img decoding=\"async\" alt=\"\" src=\"https:\/\/monatglobal.com\/pl\/wp-content\/uploads\/sites\/9\/2021\/12\/essential-face-mousturizer.jpg\" loading=\"lazy\">\n      <img decoding=\"async\" alt=\"\" src=\"https:\/\/monatglobal.com\/pl\/wp-content\/uploads\/sites\/9\/2021\/12\/essential-face-moisturizer-composition3.jpg\" loading=\"lazy\">\n            <!--==================================================== Directions text ====================================================--> \n               <h3>Spos\u00f3b u\u017cycia<\/h3>\n                    <p>\/ Na\u0142\u00f3\u017c niewielk\u0105 ilo\u015b\u0107 kremu nawil\u017caj\u0105cego na czubki&nbsp;palc\u00f3w.<\/p>\n                    <p>\/ Wmasuj delikatnie w&nbsp;czyst\u0105 i&nbsp;such\u0105&nbsp;sk\u00f3r\u0119.<\/p>\n                    <p>\/ Mo\u017cna stosowa\u0107 rano i&nbsp;wieczorem.<\/p>\n                    <p>\/ W ramach zdrowej piel\u0119gnacji sk\u00f3ry zalecamy codzienne stosowanie filtru&nbsp;przeciws\u0142onecznego.<\/p>\n            <!--==================================================== Directions video ====================================================-->\n      <p>Be Balanced\u2122 <br>Lightweight Moisturizer <br>0:35<\/p>\n      <a href=\"\" target=\"_blank\" role=\"button\" aria-label=\"\" rel=\"noopener\"><\/a>\n   <!--==================================================== Ingredients section  ====================================================-->\n      <h2>KLUCZOWE SK\u0141ADNIKI AKTYWNE<\/h2>\n      <p>REJUVENIQE S\u2122<\/p>\n      <p>Naturalne kwasy owocowe&nbsp;AHA:<\/p>\n      <p>Niacynamid &#8211; witamina&nbsp;B3:<\/p>\n      <p>Wyci\u0105g z nasion arabiki<\/p>\n      <p>Kompleks koj\u0105cy<\/p>\n        <button id=\"myBtn\" type=\"button\">ZOBACZ PE\u0141N\u0104 LIST\u0118&nbsp;SK\u0141ADNIK\u00d3W<\/button>\n      <!--==================================================== Modal content  ====================================================-->\n         \u00d7\n         Aqua\/Water\/Eau, Cetearyl Alcohol, Glyceryl Stearate SE, Heptyl Undecylenate, Caprylic\/Capric Triglyceride, Cetearyl \n         Glucoside, Butyrospermum Parkii (Shea) Butter, Menthol, Menthone, Niacinamide, Limnanthes Alba (Meadowfoam) Seed Oil, Crambe \n         Abyssinica Seed Oil, Camellia Oleifera Seed Oil, Solanum Lycopersicum (Tomato) Seed Oil, Daucus Carota Sativa (Carrot) Seed Oil, \n         Citrus Limon (Lemon) Peel Oil, Citrus Aurantifolia (Lime) Oil, Citrus Aurantium Bergamia (Bergamot) Fruit Oil, Adansonia Digitata \n         Oil, Mauritia Flexuosa Fruit Oil, Cocos Nucifera (Coconut) Oil, Gardenia Taitensis Flower Extract, Moringa Oleifera Seed Oil, \n         Caryocar Brasiliense Fruit Oil, Helianthus Annuus (Sunflower) Seed Oil, Olea Europaea (Olive) Fruit Oil, Simmondsia Chinensis \n         (Jojoba) Seed Extract, Glycerin, Mangifera Indica (Mango) Pulp Extract, Musa Sapientum (Banana) Pulp Extract, Saccharum Officinarum \n         (Sugarcane) Extract, Glycolic Acid, Caffeine, Coffea Arabica (Coffee) Seed Extract, Lecithin, Bisabolol, Zingiber Officinale (Ginger) \n         Root Extract, Calendula Officinalis Flower Extract, Disodium EDTA- Copper, Benzyl Alcohol, Ethylhexylglycerin, Tocopherol, \n         Fragrance\/Parfum, Alpha-Isomethyl Ionone, Benzyl Benzoate, Citronellol, Coumarin, Limonene, Linalool, Geraniol,&nbsp;Hydroxycitronellal.\n   <!--==================================================== You might also like section ====================================================-->\n      <h2>INNE PRODUKTY, KT\u00d3RE MOG\u0104 CI\u0118 ZAINTERESOWA\u0106<\/h2>\n      <!--==================================================== Slider YOU MIGHT ALSO LIKE ====================================================-->\n          <!---->\n          <!--   -->\n                <!-- Slides products-->\n          <!--      -->\n          <!--         <a href=\"\/pl\/monat-black-shampoo-conditioner\/\" aria-label=\"Go to MONAT BLACK SZAMPON + OD\u017bYWKA page\">-->\n          <!--          <img decoding=\"async\" src=\"https:\/\/monatglobal.com\/wp-content\/uploads\/2022\/12\/Monat-Black-shampoo-conditioner-Ecomm.png\" alt=\"MONAT BLACK SZAMPON + OD\u017bYWKA\" loading=\"lazy\"\/>-->\n          <!--          <p>MONAT BLACK <br \/>SZAMPON + OD\u017bYWKA 2W1<\/p>-->\n          <!--        <\/a>-->\n          <!--      -->\n          <!--      -->\n          <!--         <a href=\"\/pl\/men-face-scrub\/\" aria-label=\"Go to MONAT FOR MEN\u2122 PEELING DO TWARZY\">-->\n          <!--            <img decoding=\"async\" src=\"https:\/\/monatglobal.com\/wp-content\/uploads\/2022\/12\/essential-face-scrub-ecomm-2022-min.png\" alt=\"PEELING DO TWARZY\" loading=\"lazy\"\/>-->\n          <!--            <p>MONAT FOR MEN\u2122 <br \/>PEELING DO TWARZY<\/p>-->\n          <!--         <\/a>-->\n          <!--      -->\n          <!--      -->\n          <!--         <a href=\"\/pl\/men-face-wash\/\" aria-label=\"Go to MONAT FOR MEN\u2122 \u017bEL DO MYCIA TWARZY page\">-->\n          <!--          <img decoding=\"async\" src=\"https:\/\/monatglobal.com\/wp-content\/uploads\/2022\/12\/essential-face-wash-ecomm-2022-min.png\" alt=\"MONAT FOR MEN\u2122 \u017bEL DO MYCIA TWARZY\" loading=\"lazy\"\/>-->\n          <!--          <p>MONAT FOR MEN\u2122 <br \/>\u017bEL DO MYCIA TWARZY<\/p>-->\n          <!--        <\/a>-->\n          <!--      -->\n          <!--   -->\n             <!-- If we need navigation buttons -->\n          <!--   -->\n          <!--   -->\n             <!-- If we need paginations -->\n          <!--   -->\n          <!---->\n         <!--==================================================== If we need navigation buttons  ====================================================-->\n         <!--==================================================== If we need paginations  ====================================================-->\n    <a href=\"\" aria-label=\"\"><\/a>\n<!--==================================================== this link has to go last for it to work   ====================================================-->\n","protected":false},"excerpt":{"rendered":"<p>MONAT FOR MEN\u2122 Krem Nawil\u017caj\u0105cy Do&nbsp;Twarzy Lekki, niet\u0142usty preparat, kt\u00f3ry zapewnia nawil\u017cenie oraz chroni przed niekorzystnymi czynnikami&nbsp;\u015brodowiskowymi. 50 ml \u212e 1.7 fl. oz. Cena detaliczna000.00 z\u0142 Klient VIP000.00 z\u0142 Aby dowiedzie\u0107 si\u0119 wi\u0119cej na temat produktu MONAT FOR MEN\u2122 Krem Nawil\u017caj\u0105cy Do Twarzy, prosimy skontaktowa\u0107 si\u0119 ze swoim Market Partnerem&nbsp;MONAT. ZALETY Nasza koj\u0105ca formu\u0142a szybko&hellip;<\/p>\n","protected":false},"author":31,"featured_media":57729,"parent":0,"menu_order":0,"comment_status":"closed","ping_status":"closed","template":"","meta":{"inline_featured_image":false,"om_disable_all_campaigns":false,"_monsterinsights_skip_tracking":false,"_monsterinsights_sitenote_active":false,"_monsterinsights_sitenote_note":"","_monsterinsights_sitenote_category":0,"footnotes":""},"categories":[39],"tags":[],"class_list":["post-65493","page","type-page","status-publish","has-post-thumbnail","hentry","category-product-pl"],"aioseo_notices":[],"aioseo_head":"\n\t\t<!-- All in One SEO Pro 4.9.5.2 - aioseo.com -->\n\t<meta name=\"description\" content=\"--&gt;\" \/>\n\t<meta name=\"robots\" content=\"max-image-preview:large\" \/>\n\t<link rel=\"canonical\" href=\"https:\/\/monatglobal.com\/pl\/men-face-moisturizer\/\" \/>\n\t<meta name=\"generator\" content=\"All in One SEO Pro (AIOSEO) 4.9.5.2\" \/>\n\t\t<meta property=\"og:locale\" content=\"pl_PL\" \/>\n\t\t<meta property=\"og:site_name\" content=\"MONAT POLAND - MONAT GLOBAL\" \/>\n\t\t<meta property=\"og:type\" content=\"article\" \/>\n\t\t<meta property=\"og:title\" content=\"MONAT FOR MEN\u2122 Krem Nawil\u017caj\u0105cy Do Twarzy\" \/>\n\t\t<meta property=\"og:description\" content=\"--&gt;\" \/>\n\t\t<meta property=\"og:url\" content=\"https:\/\/monatglobal.com\/pl\/men-face-moisturizer\/\" \/>\n\t\t<meta property=\"article:published_time\" content=\"2021-11-29T19:37:42+00:00\" \/>\n\t\t<meta property=\"article:modified_time\" content=\"2026-02-20T14:27:26+00:00\" \/>\n\t\t<meta name=\"twitter:card\" content=\"summary_large_image\" \/>\n\t\t<meta name=\"twitter:title\" content=\"MONAT FOR MEN\u2122 Krem Nawil\u017caj\u0105cy Do Twarzy\" \/>\n\t\t<meta name=\"twitter:description\" content=\"--&gt;\" \/>\n\t\t<script type=\"application\/ld+json\" class=\"aioseo-schema\">\n\t\t\t{\"@context\":\"https:\\\/\\\/schema.org\",\"@graph\":[{\"@type\":\"BreadcrumbList\",\"@id\":\"https:\\\/\\\/monatglobal.com\\\/pl\\\/men-face-moisturizer\\\/#breadcrumblist\",\"itemListElement\":[{\"@type\":\"ListItem\",\"@id\":\"https:\\\/\\\/monatglobal.com\\\/pl#listItem\",\"position\":1,\"name\":\"Home\",\"item\":\"https:\\\/\\\/monatglobal.com\\\/pl\",\"nextItem\":{\"@type\":\"ListItem\",\"@id\":\"https:\\\/\\\/monatglobal.com\\\/pl\\\/men-face-moisturizer\\\/#listItem\",\"name\":\"MONAT FOR MEN\\u2122 Krem Nawil\\u017caj\\u0105cy Do Twarzy\"}},{\"@type\":\"ListItem\",\"@id\":\"https:\\\/\\\/monatglobal.com\\\/pl\\\/men-face-moisturizer\\\/#listItem\",\"position\":2,\"name\":\"MONAT FOR MEN\\u2122 Krem Nawil\\u017caj\\u0105cy Do Twarzy\",\"previousItem\":{\"@type\":\"ListItem\",\"@id\":\"https:\\\/\\\/monatglobal.com\\\/pl#listItem\",\"name\":\"Home\"}}]},{\"@type\":\"Organization\",\"@id\":\"https:\\\/\\\/monatglobal.com\\\/pl\\\/#organization\",\"name\":\"MONAT POLAND\",\"description\":\"MONAT GLOBAL\",\"url\":\"https:\\\/\\\/monatglobal.com\\\/pl\\\/\"},{\"@type\":\"WebPage\",\"@id\":\"https:\\\/\\\/monatglobal.com\\\/pl\\\/men-face-moisturizer\\\/#webpage\",\"url\":\"https:\\\/\\\/monatglobal.com\\\/pl\\\/men-face-moisturizer\\\/\",\"name\":\"MONAT FOR MEN\\u2122 Krem Nawil\\u017caj\\u0105cy Do Twarzy\",\"description\":\"-->\",\"inLanguage\":\"pl-PL\",\"isPartOf\":{\"@id\":\"https:\\\/\\\/monatglobal.com\\\/pl\\\/#website\"},\"breadcrumb\":{\"@id\":\"https:\\\/\\\/monatglobal.com\\\/pl\\\/men-face-moisturizer\\\/#breadcrumblist\"},\"image\":{\"@type\":\"ImageObject\",\"url\":\"https:\\\/\\\/monatglobal.com\\\/pl\\\/wp-content\\\/uploads\\\/sites\\\/9\\\/2021\\\/02\\\/MB-ESSENTIAL-FACE-MOISTURIZER-1-1.png\",\"@id\":\"https:\\\/\\\/monatglobal.com\\\/pl\\\/men-face-moisturizer\\\/#mainImage\",\"width\":438,\"height\":546},\"primaryImageOfPage\":{\"@id\":\"https:\\\/\\\/monatglobal.com\\\/pl\\\/men-face-moisturizer\\\/#mainImage\"},\"datePublished\":\"2021-11-29T19:37:42+00:00\",\"dateModified\":\"2026-02-20T14:27:26+00:00\"},{\"@type\":\"WebSite\",\"@id\":\"https:\\\/\\\/monatglobal.com\\\/pl\\\/#website\",\"url\":\"https:\\\/\\\/monatglobal.com\\\/pl\\\/\",\"name\":\"MONAT POLAND\",\"description\":\"MONAT GLOBAL\",\"inLanguage\":\"pl-PL\",\"publisher\":{\"@id\":\"https:\\\/\\\/monatglobal.com\\\/pl\\\/#organization\"}}]}\n\t\t<\/script>\n\t\t<!-- All in One SEO Pro -->\r\n\t\t<title>MONAT FOR MEN\u2122 Krem Nawil\u017caj\u0105cy Do Twarzy<\/title>\n\n","aioseo_head_json":{"title":"MONAT FOR MEN\u2122 Krem Nawil\u017caj\u0105cy Do Twarzy","description":"-->","canonical_url":"https:\/\/monatglobal.com\/pl\/men-face-moisturizer\/","robots":"max-image-preview:large","keywords":"","webmasterTools":{"miscellaneous":""},"schema":{"@context":"https:\/\/schema.org","@graph":[{"@type":"BreadcrumbList","@id":"https:\/\/monatglobal.com\/pl\/men-face-moisturizer\/#breadcrumblist","itemListElement":[{"@type":"ListItem","@id":"https:\/\/monatglobal.com\/pl#listItem","position":1,"name":"Home","item":"https:\/\/monatglobal.com\/pl","nextItem":{"@type":"ListItem","@id":"https:\/\/monatglobal.com\/pl\/men-face-moisturizer\/#listItem","name":"MONAT FOR MEN\u2122 Krem Nawil\u017caj\u0105cy Do Twarzy"}},{"@type":"ListItem","@id":"https:\/\/monatglobal.com\/pl\/men-face-moisturizer\/#listItem","position":2,"name":"MONAT FOR MEN\u2122 Krem Nawil\u017caj\u0105cy Do Twarzy","previousItem":{"@type":"ListItem","@id":"https:\/\/monatglobal.com\/pl#listItem","name":"Home"}}]},{"@type":"Organization","@id":"https:\/\/monatglobal.com\/pl\/#organization","name":"MONAT POLAND","description":"MONAT GLOBAL","url":"https:\/\/monatglobal.com\/pl\/"},{"@type":"WebPage","@id":"https:\/\/monatglobal.com\/pl\/men-face-moisturizer\/#webpage","url":"https:\/\/monatglobal.com\/pl\/men-face-moisturizer\/","name":"MONAT FOR MEN\u2122 Krem Nawil\u017caj\u0105cy Do Twarzy","description":"-->","inLanguage":"pl-PL","isPartOf":{"@id":"https:\/\/monatglobal.com\/pl\/#website"},"breadcrumb":{"@id":"https:\/\/monatglobal.com\/pl\/men-face-moisturizer\/#breadcrumblist"},"image":{"@type":"ImageObject","url":"https:\/\/monatglobal.com\/pl\/wp-content\/uploads\/sites\/9\/2021\/02\/MB-ESSENTIAL-FACE-MOISTURIZER-1-1.png","@id":"https:\/\/monatglobal.com\/pl\/men-face-moisturizer\/#mainImage","width":438,"height":546},"primaryImageOfPage":{"@id":"https:\/\/monatglobal.com\/pl\/men-face-moisturizer\/#mainImage"},"datePublished":"2021-11-29T19:37:42+00:00","dateModified":"2026-02-20T14:27:26+00:00"},{"@type":"WebSite","@id":"https:\/\/monatglobal.com\/pl\/#website","url":"https:\/\/monatglobal.com\/pl\/","name":"MONAT POLAND","description":"MONAT GLOBAL","inLanguage":"pl-PL","publisher":{"@id":"https:\/\/monatglobal.com\/pl\/#organization"}}]},"og:locale":"pl_PL","og:site_name":"MONAT POLAND - MONAT GLOBAL","og:type":"article","og:title":"MONAT FOR MEN\u2122 Krem Nawil\u017caj\u0105cy Do Twarzy","og:description":"--&gt;","og:url":"https:\/\/monatglobal.com\/pl\/men-face-moisturizer\/","article:published_time":"2021-11-29T19:37:42+00:00","article:modified_time":"2026-02-20T14:27:26+00:00","twitter:card":"summary_large_image","twitter:title":"MONAT FOR MEN\u2122 Krem Nawil\u017caj\u0105cy Do Twarzy","twitter:description":"--&gt;"},"aioseo_meta_data":{"post_id":"65493","title":"MONAT FOR MEN\u2122 Krem Nawil\u017caj\u0105cy Do Twarzy","description":null,"keywords":null,"keyphrases":{"focus":{"keyphrase":"","score":0,"analysis":{"keyphraseInTitle":{"score":0,"maxScore":9,"error":1}}},"additional":[]},"primary_term":null,"canonical_url":null,"og_title":null,"og_description":null,"og_object_type":"default","og_image_type":"default","og_image_url":null,"og_image_width":null,"og_image_height":null,"og_image_custom_url":null,"og_image_custom_fields":null,"og_video":"","og_custom_url":null,"og_article_section":null,"og_article_tags":null,"twitter_use_og":false,"twitter_card":"default","twitter_image_type":"default","twitter_image_url":null,"twitter_image_custom_url":null,"twitter_image_custom_fields":null,"twitter_title":null,"twitter_description":null,"schema":{"blockGraphs":[],"customGraphs":[],"default":{"data":{"Article":[],"Course":[],"Dataset":[],"FAQPage":[],"Movie":[],"Person":[],"Product":[],"ProductReview":[],"Car":[],"Recipe":[],"Service":[],"SoftwareApplication":[],"WebPage":[]},"graphName":"WebPage","isEnabled":true},"graphs":[]},"schema_type":"default","schema_type_options":null,"pillar_content":false,"robots_default":true,"robots_noindex":false,"robots_noarchive":false,"robots_nosnippet":false,"robots_nofollow":false,"robots_noimageindex":false,"robots_noodp":false,"robots_notranslate":false,"robots_max_snippet":"-1","robots_max_videopreview":"-1","robots_max_imagepreview":"large","priority":null,"frequency":"default","local_seo":null,"seo_analyzer_scan_date":"2026-02-20 14:40:40","limit_modified_date":false,"reviewed_by":"0","open_ai":null,"ai":{"faqs":[],"keyPoints":[],"titles":[],"descriptions":[],"socialPosts":{"email":[],"linkedin":[],"twitter":[],"facebook":[],"instagram":[]}},"created":"2023-07-26 09:58:10","updated":"2026-02-20 14:40:40"},"aioseo_breadcrumb":"<div class=\"aioseo-breadcrumbs\"><span class=\"aioseo-breadcrumb\">\n\t<a href=\"https:\/\/monatglobal.com\/pl\" title=\"Home\">Home<\/a>\n<\/span><span class=\"aioseo-breadcrumb-separator\">&raquo;<\/span><span class=\"aioseo-breadcrumb\">\n\tMONAT FOR MEN\u2122 Krem Nawil\u017caj\u0105cy Do Twarzy\n<\/span><\/div>","aioseo_breadcrumb_json":[{"label":"Home","link":"https:\/\/monatglobal.com\/pl"},{"label":"MONAT FOR MEN\u2122 Krem Nawil\u017caj\u0105cy Do Twarzy","link":"https:\/\/monatglobal.com\/pl\/men-face-moisturizer\/"}],"_links":{"self":[{"href":"https:\/\/monatglobal.com\/pl\/wp-json\/wp\/v2\/pages\/65493","targetHints":{"allow":["GET"]}}],"collection":[{"href":"https:\/\/monatglobal.com\/pl\/wp-json\/wp\/v2\/pages"}],"about":[{"href":"https:\/\/monatglobal.com\/pl\/wp-json\/wp\/v2\/types\/page"}],"author":[{"embeddable":true,"href":"https:\/\/monatglobal.com\/pl\/wp-json\/wp\/v2\/users\/31"}],"replies":[{"embeddable":true,"href":"https:\/\/monatglobal.com\/pl\/wp-json\/wp\/v2\/comments?post=65493"}],"version-history":[{"count":27,"href":"https:\/\/monatglobal.com\/pl\/wp-json\/wp\/v2\/pages\/65493\/revisions"}],"predecessor-version":[{"id":109352,"href":"https:\/\/monatglobal.com\/pl\/wp-json\/wp\/v2\/pages\/65493\/revisions\/109352"}],"wp:featuredmedia":[{"embeddable":true,"href":"https:\/\/monatglobal.com\/pl\/wp-json\/wp\/v2\/media\/57729"}],"wp:attachment":[{"href":"https:\/\/monatglobal.com\/pl\/wp-json\/wp\/v2\/media?parent=65493"}],"wp:term":[{"taxonomy":"category","embeddable":true,"href":"https:\/\/monatglobal.com\/pl\/wp-json\/wp\/v2\/categories?post=65493"},{"taxonomy":"post_tag","embeddable":true,"href":"https:\/\/monatglobal.com\/pl\/wp-json\/wp\/v2\/tags?post=65493"}],"curies":[{"name":"wp","href":"https:\/\/api.w.org\/{rel}","templated":true}]}}