{"id":65480,"date":"2021-11-29T17:15:42","date_gmt":"2021-11-29T17:15:42","guid":{"rendered":"https:\/\/monatglobal.com\/pl\/?page_id=65480"},"modified":"2026-02-20T14:19:03","modified_gmt":"2026-02-20T14:19:03","slug":"men-face-scrub","status":"publish","type":"page","link":"https:\/\/monatglobal.com\/pl\/men-face-scrub\/","title":{"rendered":"MONAT FOR MEN\u2122 Peeling Do Twarzy"},"content":{"rendered":"\n<link rel=\"stylesheet\" href=\"https:\/\/unpkg.com\/swiper\/swiper-bundle.min.css\">\n<link rel=\"stylesheet\" href=\"https:\/\/monatglobal.com\/wp-content\/creative_css\/product_styles_sheet.css\">\n   <!--==================================================== ECOMM SECTION ====================================================-->\n      <!--==================================================== Ecomm image ====================================================-->\n      <img decoding=\"async\" src=\"https:\/\/monatglobal.com\/pl\/wp-content\/uploads\/sites\/9\/2022\/01\/essential-face-scrub-ecomm-2022.png\" alt=\"MONAT FOR MEN\u2122 Peeling Do Twarzy\" loading=\"lazy\">\n      <!--==================================================== Ecomm information  ====================================================-->\n         <p>MONAT FOR MEN\u2122<\/p>\n         <h1>Peeling Do Twarzy<\/h1>\n         \n         Kremowy, mikroz\u0142uszczaj\u0105cy peeling do twarzy, kt\u00f3ry usuwa martwe \n         kom\u00f3rki&nbsp;nask\u00f3rka.\n         <p>100 ml \u212e 3.4 fl. oz.<\/p>\n      <!--==================================================== pricing box ====================================================-->   \n         <p>Cena detaliczna<br>000.00 z\u0142<\/p>\n         <p>Klient VIP<br>000.00 z\u0142<\/p>\n      <!--==================================================== pricing box ====================================================--> \n         Aby dowiedzie\u0107 si\u0119 wi\u0119cej na temat produktu \n             MONAT FOR MEN\u2122 Peeling Do Twarzy, prosimy skontaktowa\u0107 si\u0119 ze swoim Market Partnerem&nbsp;MONAT.\n          <a href=\"\" target=\"_blank\" role=\"button\" aria-label=\"\" rel=\"noopener\"><\/a>\n   <!--==================================================== \/ECOMM SECTION  ====================================================-->\n   <!--==================================================== Benefits image ====================================================-->\n  \n    <source media=\"(max-width: 700px)\" srcset=\"http:\/\/monatglobal.com\/pl\/wp-content\/uploads\/sites\/9\/2022\/02\/MONAT-FOR-MEN-Essential-Face-Scrub-benefits-mobile.jpg\" loading=\"lazy\">\n      <img decoding=\"async\" src=\"https:\/\/monatglobal.com\/pl\/wp-content\/uploads\/sites\/9\/2022\/02\/MONAT-FOR-MEN-Essential-Face-Scrub-benefits.jpg\" alt=\"\" loading=\"lazy\">\n    \n   <!--==================================================== Benefits text ====================================================-->\n         <h2>ZALETY<\/h2>\n         <h3>Ten kremowy, wielozadaniowy, mikroz\u0142uszczaj\u0105cy peeling do twarzy usuwa martwe kom\u00f3rki nask\u00f3rka, \n         przygotowuje sk\u00f3r\u0119 pod g\u0142adkie golenie i&nbsp;pomaga roz\u015bwietli\u0107 cer\u0119, jednocze\u015bnie dodaj\u0105c jej energii i&nbsp;zapewniaj\u0105c efekt ch\u0142odnego \n         ukojenia i&nbsp;od\u015bwie\u017cenia.<\/h3>\n         <!--==================================================== features image  ====================================================-->\n         <img decoding=\"async\" alt=\"\" src=\"http:\/\/monatglobal.com\/pl\/wp-content\/uploads\/sites\/9\/2022\/02\/MONAT-FOR-MEN-Essential-Face-Scrub-features.jpg\" loading=\"lazy\">\n      <!--==================================================== features text ====================================================-->\n            <h3>Cechy<\/h3>\n               <p>\/ Delikatnie z\u0142uszcza i&nbsp;pomaga usun\u0105\u0107  martwe kom\u00f3rki&nbsp;nask\u00f3rka<\/p>\n               <p>\/ Przygotowuje sk\u00f3r\u0119, zapewniaj\u0105c g\u0142adsze&nbsp;golenie<\/p>\n               <p>\/ Zawiera naturalne, przyjazne \u015brodowisku i&nbsp;biodegradowalne sk\u0142adniki&nbsp;z\u0142uszczaj\u0105ce<\/p>\n               <p>\/ Rewitalizuje cer\u0119<\/p>\n               <p>\/ Doskona\u0142e rozwi\u0105zanie dla m\u0119\u017cczyzn z&nbsp;ka\u017cdym rodzajem sk\u00f3ry, r\u00f3wnie\u017c&nbsp;wra\u017cliwej<\/p>\n               <br>\n            <p>Fragrance \/ Unwind and enjoy a coconut-forward, citrusy aroma with notes of blood orange, coconut husk, cashew nut and&nbsp;sandalwood. <\/p>\n            <p> Texture \/ Cream <\/p>\n   <!--==================================================== composition image mobile ====================================================-->\n   <img decoding=\"async\" alt=\"\" src=\"http:\/\/monatglobal.com\/pl\/wp-content\/uploads\/sites\/9\/2022\/02\/MONAT-FOR-MEN-Essential-Face-Scrub-comp-1.jpg\" loading=\"lazy\">\n   <!--==================================================== Why it works text ====================================================-->\n      <h2>Nasz delikatny, kremowy peeling nadaje sk\u00f3rze g\u0142adko\u015b\u0107 i&nbsp;zdrowy&nbsp;wygl\u0105d.<\/h2>\n      <h3>Zawieraj\u0105cy naturalne, ekologiczne i&nbsp;biodegradowalne sk\u0142adniki z\u0142uszczaj\u0105ce w&nbsp;postaci ziaren \n      arabiki i&nbsp;sproszkowanej \u0142upiny kokosu MONAT FOR MEN\u2122 Peeling Do Twarzy jest doskona\u0142ym preparatem, kt\u00f3ry zapewnia g\u0142adkie i&nbsp;czyste&nbsp;golenie.<\/h3>\n<!--==================================================== Composition section ====================================================-->\n      <img decoding=\"async\" alt=\"\" src=\"http:\/\/monatglobal.com\/pl\/wp-content\/uploads\/sites\/9\/2022\/02\/MONAT-FOR-MEN-Essential-Face-Scrub-comp-1.jpg\" loading=\"lazy\">\n      <img decoding=\"async\" alt=\"\" src=\"http:\/\/monatglobal.com\/pl\/wp-content\/uploads\/sites\/9\/2022\/02\/MONAT-FOR-MEN-Essential-Face-Scrub-comp-3.jpg\" loading=\"lazy\">\n            <!--==================================================== Directions text ====================================================--> \n               <h3>Spos\u00f3b u\u017cycia<\/h3>\n                    <p>\/ Na\u0142\u00f3\u017c niewielk\u0105 ilo\u015b\u0107 produktu na&nbsp;d\u0142onie.<\/p>\n                    <p>\/ Delikatnie wmasuj w&nbsp;wilgotn\u0105 sk\u00f3r\u0119, wykonuj\u0105c okr\u0119\u017cne ruchy i&nbsp;unikaj\u0105c okolicy&nbsp;oczu.<\/p>\n                    <p>\/ Sp\u0142ucz ciep\u0142\u0105 wod\u0105 i&nbsp;osusz twarz&nbsp;r\u0119cznikiem.<\/p>\n                    <p>\/ Produkt nale\u017cy stosowa\u0107 raz lub dwa razy w&nbsp;tygodniu.<\/p>\n                    <p>\/ Nast\u0119pnie zastosuj MONAT FOR MEN\u2122 Krem Nawil\u017caj\u0105cy Do&nbsp;Twarzy.<\/p>\n            <!--==================================================== Directions video ====================================================-->\n      <p>Be Balanced\u2122 <br>Lightweight Moisturizer <br>0:35<\/p>\n      <a href=\"\" target=\"_blank\" role=\"button\" aria-label=\"\" rel=\"noopener\"><\/a>\n   <!--==================================================== Ingredients section  ====================================================-->\n      <h2>NAJWA\u017bNIEJSZE SK\u0141ADNIKI AKTYWNE<\/h2>\n      <p>REJUVENIQE&nbsp;S\u2122<\/p>\n      <p>Nasiona arabiki<\/p>\n      <p>Sproszkowana \u0142upina&nbsp;kokosa<\/p>\n      <p>Wyci\u0105g z&nbsp;kwiatu nagietka<\/p>\n      <p>Kompleks koj\u0105cy<\/p>\n        <button id=\"myBtn\" type=\"button\">ZOBACZ PE\u0141N\u0104 LIST\u0118&nbsp;SK\u0141ADNIK\u00d3W<\/button>\n      <!--==================================================== Modal content  ====================================================-->\n         \u00d7\n         Aqua\/Water\/Eau, Sodium Cocoyl Isethionate, C12-16 Alcohols, Cocos Nucifera (Coconut) Shell Powder, Glycerin, \n         Lecithin, Palmitic Acid, Coffea Arabica (Coffee) Seed Powder, Xanthan Gum, Sclerotium Gum, Bisabolol, Pullulan, Menthol, Menthone, \n         Calendula Officinalis Flower Extract, Caffeine, Coffea Arabica (Coffee) Seed Extract, Zingiber Officinale (Ginger) Root Extract, \n         Limnanthes Alba (Meadowfoam) Seed Oil, Crambe Abyssinica Seed Oil, Camellia Oleifera Seed Oil, Solanum Lycopersicum (Tomato) Seed \n         Oil, Daucus Carota Sativa (Carrot) Seed Oil, Citrus Limon (Lemon) Peel Oil, Citrus Aurantifolia (Lime) Oil, Citrus Aurantium \n         Bergamia (Bergamot) Fruit Oil, Adansonia Digitata Oil, Mauritia Flexuosa Fruit Oil, Cocos Nucifera (Coconut) Oil, Gardenia Taitensis \n         Flower Extract, Moringa Oleifera Seed Oil, Caryocar Brasiliense Fruit Oil, Helianthus Annuus (Sunflower) Seed Oil, Olea Europaea \n         (Olive) Fruit Oil, Simmondsia Chinensis (Jojoba) Seed Extract, Disodium EDTA-Copper, Benzyl Alcohol, Ethylhexylglycerin, Tocopherol, \n         Fragrance\/Parfum, Limonene, Linalool, Benzyl&nbsp;Benzoate.\n   <!--==================================================== You might also like section ====================================================-->\n      <h2>INNE PRODUKTY, KT\u00d3RE MOG\u0104 CI SI\u0118 SPODOBA\u0106<\/h2>\n      <!--==================================================== Slider YOU MIGHT ALSO LIKE ====================================================-->\n          <!---->\n          <!--   -->\n                <!-- Slides products-->\n          <!--      -->\n          <!--         <a href=\"\/pl\/monat-black-shampoo-conditioner\/\" aria-label=\"Go to MONAT BLACK SZAMPON + OD\u017bYWKA page\">-->\n          <!--          <img decoding=\"async\" src=\"https:\/\/monatglobal.com\/wp-content\/uploads\/2022\/12\/Monat-Black-shampoo-conditioner-Ecomm.png\" alt=\"MONAT BLACK SZAMPON + OD\u017bYWKA\" loading=\"lazy\"\/>-->\n          <!--          <p>MONAT BLACK <br \/>SZAMPON + OD\u017bYWKA<\/p>-->\n          <!--        <\/a>-->\n          <!--      -->\n          <!--      -->\n          <!--         <a href=\"\/pl\/men-face-wash\/\" aria-label=\"Go to MONAT FOR MEN\u2122 \u017bEL DO MYCIA TWARZY page\">-->\n          <!--          <img decoding=\"async\" src=\"https:\/\/monatglobal.com\/wp-content\/uploads\/2022\/12\/essential-face-wash-ecomm-2022-min.png\" alt=\"MONAT FOR MEN\u2122 \u017bEL DO MYCIA TWARZY\" loading=\"lazy\"\/>-->\n          <!--          <p>MONAT FOR MEN\u2122 <br \/>\u017bEL DO MYCIA TWARZY<\/p>-->\n          <!--        <\/a>-->\n          <!--      -->\n          <!--      -->\n          <!--         <a href=\"\/pl\/men-face-moisturizer\/\" aria-label=\"Go to MONAT FOR MEN\u2122 KREM NAWIL\u017bAJ\u0104CY DO TWARZY page\">-->\n          <!--            <img decoding=\"async\" src=\"https:\/\/monatglobal.com\/wp-content\/uploads\/2022\/12\/essential-face-moisturizer-ecomm-2022-min.png\" alt=\"MONAT FOR MEN\u2122 KREM NAWIL\u017bAJ\u0104CY DO TWARZY\" loading=\"lazy\"\/>-->\n          <!--            <p>MONAT FOR MEN\u2122 <br \/>KREM NAWIL\u017bAJ\u0104CY DO TWARZY <\/p>-->\n          <!--         <\/a>-->\n          <!--      -->\n          <!--   -->\n             <!-- If we need navigation buttons -->\n          <!--   -->\n          <!--   -->\n             <!-- If we need paginations -->\n          <!--   -->\n          <!---->\n         <!--==================================================== If we need navigation buttons  ====================================================-->\n         <!--==================================================== If we need paginations  ====================================================-->\n    <a href=\"\" aria-label=\"\"><\/a>\n<!--==================================================== this link has to go last for it to work   ====================================================-->\n","protected":false},"excerpt":{"rendered":"<p>MONAT FOR MEN\u2122 Peeling Do Twarzy Kremowy, mikroz\u0142uszczaj\u0105cy peeling do twarzy, kt\u00f3ry usuwa martwe kom\u00f3rki&nbsp;nask\u00f3rka. 100 ml \u212e 3.4 fl. oz. Cena detaliczna000.00 z\u0142 Klient VIP000.00 z\u0142 Aby dowiedzie\u0107 si\u0119 wi\u0119cej na temat produktu MONAT FOR MEN\u2122 Peeling Do Twarzy, prosimy skontaktowa\u0107 si\u0119 ze swoim Market Partnerem&nbsp;MONAT. ZALETY Ten kremowy, wielozadaniowy, mikroz\u0142uszczaj\u0105cy peeling do twarzy&hellip;<\/p>\n","protected":false},"author":31,"featured_media":57730,"parent":0,"menu_order":0,"comment_status":"closed","ping_status":"closed","template":"","meta":{"inline_featured_image":false,"om_disable_all_campaigns":false,"_monsterinsights_skip_tracking":false,"_monsterinsights_sitenote_active":false,"_monsterinsights_sitenote_note":"","_monsterinsights_sitenote_category":0,"footnotes":""},"categories":[39],"tags":[],"class_list":["post-65480","page","type-page","status-publish","has-post-thumbnail","hentry","category-product-pl"],"aioseo_notices":[],"aioseo_head":"\n\t\t<!-- All in One SEO Pro 4.9.5.2 - aioseo.com -->\n\t<meta name=\"description\" content=\"--&gt;\" \/>\n\t<meta name=\"robots\" content=\"max-image-preview:large\" \/>\n\t<link rel=\"canonical\" href=\"https:\/\/monatglobal.com\/pl\/men-face-scrub\/\" \/>\n\t<meta name=\"generator\" content=\"All in One SEO Pro (AIOSEO) 4.9.5.2\" \/>\n\t\t<meta property=\"og:locale\" content=\"pl_PL\" \/>\n\t\t<meta property=\"og:site_name\" content=\"MONAT POLAND - MONAT GLOBAL\" \/>\n\t\t<meta property=\"og:type\" content=\"article\" \/>\n\t\t<meta property=\"og:title\" content=\"MONAT FOR MEN\u2122 Peeling Do Twarzy\" \/>\n\t\t<meta property=\"og:description\" content=\"--&gt;\" \/>\n\t\t<meta property=\"og:url\" content=\"https:\/\/monatglobal.com\/pl\/men-face-scrub\/\" \/>\n\t\t<meta property=\"article:published_time\" content=\"2021-11-29T17:15:42+00:00\" \/>\n\t\t<meta property=\"article:modified_time\" content=\"2026-02-20T14:19:03+00:00\" \/>\n\t\t<meta name=\"twitter:card\" content=\"summary_large_image\" \/>\n\t\t<meta name=\"twitter:title\" content=\"MONAT FOR MEN\u2122 Peeling Do Twarzy\" \/>\n\t\t<meta name=\"twitter:description\" content=\"--&gt;\" \/>\n\t\t<script type=\"application\/ld+json\" class=\"aioseo-schema\">\n\t\t\t{\"@context\":\"https:\\\/\\\/schema.org\",\"@graph\":[{\"@type\":\"BreadcrumbList\",\"@id\":\"https:\\\/\\\/monatglobal.com\\\/pl\\\/men-face-scrub\\\/#breadcrumblist\",\"itemListElement\":[{\"@type\":\"ListItem\",\"@id\":\"https:\\\/\\\/monatglobal.com\\\/pl#listItem\",\"position\":1,\"name\":\"Home\",\"item\":\"https:\\\/\\\/monatglobal.com\\\/pl\",\"nextItem\":{\"@type\":\"ListItem\",\"@id\":\"https:\\\/\\\/monatglobal.com\\\/pl\\\/men-face-scrub\\\/#listItem\",\"name\":\"MONAT FOR MEN\\u2122 Peeling Do Twarzy\"}},{\"@type\":\"ListItem\",\"@id\":\"https:\\\/\\\/monatglobal.com\\\/pl\\\/men-face-scrub\\\/#listItem\",\"position\":2,\"name\":\"MONAT FOR MEN\\u2122 Peeling Do Twarzy\",\"previousItem\":{\"@type\":\"ListItem\",\"@id\":\"https:\\\/\\\/monatglobal.com\\\/pl#listItem\",\"name\":\"Home\"}}]},{\"@type\":\"Organization\",\"@id\":\"https:\\\/\\\/monatglobal.com\\\/pl\\\/#organization\",\"name\":\"MONAT POLAND\",\"description\":\"MONAT GLOBAL\",\"url\":\"https:\\\/\\\/monatglobal.com\\\/pl\\\/\"},{\"@type\":\"WebPage\",\"@id\":\"https:\\\/\\\/monatglobal.com\\\/pl\\\/men-face-scrub\\\/#webpage\",\"url\":\"https:\\\/\\\/monatglobal.com\\\/pl\\\/men-face-scrub\\\/\",\"name\":\"MONAT FOR MEN\\u2122 Peeling Do Twarzy\",\"description\":\"-->\",\"inLanguage\":\"pl-PL\",\"isPartOf\":{\"@id\":\"https:\\\/\\\/monatglobal.com\\\/pl\\\/#website\"},\"breadcrumb\":{\"@id\":\"https:\\\/\\\/monatglobal.com\\\/pl\\\/men-face-scrub\\\/#breadcrumblist\"},\"image\":{\"@type\":\"ImageObject\",\"url\":\"https:\\\/\\\/monatglobal.com\\\/pl\\\/wp-content\\\/uploads\\\/sites\\\/9\\\/2021\\\/02\\\/MB-ESSENTIAL-FACE-SCRUB.png\",\"@id\":\"https:\\\/\\\/monatglobal.com\\\/pl\\\/men-face-scrub\\\/#mainImage\",\"width\":438,\"height\":546},\"primaryImageOfPage\":{\"@id\":\"https:\\\/\\\/monatglobal.com\\\/pl\\\/men-face-scrub\\\/#mainImage\"},\"datePublished\":\"2021-11-29T17:15:42+00:00\",\"dateModified\":\"2026-02-20T14:19:03+00:00\"},{\"@type\":\"WebSite\",\"@id\":\"https:\\\/\\\/monatglobal.com\\\/pl\\\/#website\",\"url\":\"https:\\\/\\\/monatglobal.com\\\/pl\\\/\",\"name\":\"MONAT POLAND\",\"description\":\"MONAT GLOBAL\",\"inLanguage\":\"pl-PL\",\"publisher\":{\"@id\":\"https:\\\/\\\/monatglobal.com\\\/pl\\\/#organization\"}}]}\n\t\t<\/script>\n\t\t<!-- All in One SEO Pro -->\r\n\t\t<title>MONAT FOR MEN\u2122 Peeling Do Twarzy<\/title>\n\n","aioseo_head_json":{"title":"MONAT FOR MEN\u2122 Peeling Do Twarzy","description":"-->","canonical_url":"https:\/\/monatglobal.com\/pl\/men-face-scrub\/","robots":"max-image-preview:large","keywords":"","webmasterTools":{"miscellaneous":""},"schema":{"@context":"https:\/\/schema.org","@graph":[{"@type":"BreadcrumbList","@id":"https:\/\/monatglobal.com\/pl\/men-face-scrub\/#breadcrumblist","itemListElement":[{"@type":"ListItem","@id":"https:\/\/monatglobal.com\/pl#listItem","position":1,"name":"Home","item":"https:\/\/monatglobal.com\/pl","nextItem":{"@type":"ListItem","@id":"https:\/\/monatglobal.com\/pl\/men-face-scrub\/#listItem","name":"MONAT FOR MEN\u2122 Peeling Do Twarzy"}},{"@type":"ListItem","@id":"https:\/\/monatglobal.com\/pl\/men-face-scrub\/#listItem","position":2,"name":"MONAT FOR MEN\u2122 Peeling Do Twarzy","previousItem":{"@type":"ListItem","@id":"https:\/\/monatglobal.com\/pl#listItem","name":"Home"}}]},{"@type":"Organization","@id":"https:\/\/monatglobal.com\/pl\/#organization","name":"MONAT POLAND","description":"MONAT GLOBAL","url":"https:\/\/monatglobal.com\/pl\/"},{"@type":"WebPage","@id":"https:\/\/monatglobal.com\/pl\/men-face-scrub\/#webpage","url":"https:\/\/monatglobal.com\/pl\/men-face-scrub\/","name":"MONAT FOR MEN\u2122 Peeling Do Twarzy","description":"-->","inLanguage":"pl-PL","isPartOf":{"@id":"https:\/\/monatglobal.com\/pl\/#website"},"breadcrumb":{"@id":"https:\/\/monatglobal.com\/pl\/men-face-scrub\/#breadcrumblist"},"image":{"@type":"ImageObject","url":"https:\/\/monatglobal.com\/pl\/wp-content\/uploads\/sites\/9\/2021\/02\/MB-ESSENTIAL-FACE-SCRUB.png","@id":"https:\/\/monatglobal.com\/pl\/men-face-scrub\/#mainImage","width":438,"height":546},"primaryImageOfPage":{"@id":"https:\/\/monatglobal.com\/pl\/men-face-scrub\/#mainImage"},"datePublished":"2021-11-29T17:15:42+00:00","dateModified":"2026-02-20T14:19:03+00:00"},{"@type":"WebSite","@id":"https:\/\/monatglobal.com\/pl\/#website","url":"https:\/\/monatglobal.com\/pl\/","name":"MONAT POLAND","description":"MONAT GLOBAL","inLanguage":"pl-PL","publisher":{"@id":"https:\/\/monatglobal.com\/pl\/#organization"}}]},"og:locale":"pl_PL","og:site_name":"MONAT POLAND - MONAT GLOBAL","og:type":"article","og:title":"MONAT FOR MEN\u2122 Peeling Do Twarzy","og:description":"--&gt;","og:url":"https:\/\/monatglobal.com\/pl\/men-face-scrub\/","article:published_time":"2021-11-29T17:15:42+00:00","article:modified_time":"2026-02-20T14:19:03+00:00","twitter:card":"summary_large_image","twitter:title":"MONAT FOR MEN\u2122 Peeling Do Twarzy","twitter:description":"--&gt;"},"aioseo_meta_data":{"post_id":"65480","title":"MONAT FOR MEN\u2122 Peeling Do Twarzy","description":null,"keywords":null,"keyphrases":{"focus":{"keyphrase":"","score":0,"analysis":{"keyphraseInTitle":{"score":0,"maxScore":9,"error":1}}},"additional":[]},"primary_term":null,"canonical_url":null,"og_title":null,"og_description":null,"og_object_type":"default","og_image_type":"default","og_image_url":null,"og_image_width":null,"og_image_height":null,"og_image_custom_url":null,"og_image_custom_fields":null,"og_video":"","og_custom_url":null,"og_article_section":null,"og_article_tags":null,"twitter_use_og":false,"twitter_card":"default","twitter_image_type":"default","twitter_image_url":null,"twitter_image_custom_url":null,"twitter_image_custom_fields":null,"twitter_title":null,"twitter_description":null,"schema":{"blockGraphs":[],"customGraphs":[],"default":{"data":{"Article":[],"Course":[],"Dataset":[],"FAQPage":[],"Movie":[],"Person":[],"Product":[],"ProductReview":[],"Car":[],"Recipe":[],"Service":[],"SoftwareApplication":[],"WebPage":[]},"graphName":"WebPage","isEnabled":true},"graphs":[]},"schema_type":"default","schema_type_options":null,"pillar_content":false,"robots_default":true,"robots_noindex":false,"robots_noarchive":false,"robots_nosnippet":false,"robots_nofollow":false,"robots_noimageindex":false,"robots_noodp":false,"robots_notranslate":false,"robots_max_snippet":"-1","robots_max_videopreview":"-1","robots_max_imagepreview":"large","priority":null,"frequency":"default","local_seo":null,"seo_analyzer_scan_date":"2026-02-20 14:23:59","limit_modified_date":false,"reviewed_by":"0","open_ai":null,"ai":{"faqs":[],"keyPoints":[],"titles":[],"descriptions":[],"socialPosts":{"email":[],"linkedin":[],"twitter":[],"facebook":[],"instagram":[]}},"created":"2023-07-26 09:53:01","updated":"2026-02-20 14:32:17"},"aioseo_breadcrumb":"<div class=\"aioseo-breadcrumbs\"><span class=\"aioseo-breadcrumb\">\n\t<a href=\"https:\/\/monatglobal.com\/pl\" title=\"Home\">Home<\/a>\n<\/span><span class=\"aioseo-breadcrumb-separator\">&raquo;<\/span><span class=\"aioseo-breadcrumb\">\n\tMONAT FOR MEN\u2122 Peeling Do Twarzy\n<\/span><\/div>","aioseo_breadcrumb_json":[{"label":"Home","link":"https:\/\/monatglobal.com\/pl"},{"label":"MONAT FOR MEN\u2122 Peeling Do Twarzy","link":"https:\/\/monatglobal.com\/pl\/men-face-scrub\/"}],"_links":{"self":[{"href":"https:\/\/monatglobal.com\/pl\/wp-json\/wp\/v2\/pages\/65480","targetHints":{"allow":["GET"]}}],"collection":[{"href":"https:\/\/monatglobal.com\/pl\/wp-json\/wp\/v2\/pages"}],"about":[{"href":"https:\/\/monatglobal.com\/pl\/wp-json\/wp\/v2\/types\/page"}],"author":[{"embeddable":true,"href":"https:\/\/monatglobal.com\/pl\/wp-json\/wp\/v2\/users\/31"}],"replies":[{"embeddable":true,"href":"https:\/\/monatglobal.com\/pl\/wp-json\/wp\/v2\/comments?post=65480"}],"version-history":[{"count":22,"href":"https:\/\/monatglobal.com\/pl\/wp-json\/wp\/v2\/pages\/65480\/revisions"}],"predecessor-version":[{"id":109351,"href":"https:\/\/monatglobal.com\/pl\/wp-json\/wp\/v2\/pages\/65480\/revisions\/109351"}],"wp:featuredmedia":[{"embeddable":true,"href":"https:\/\/monatglobal.com\/pl\/wp-json\/wp\/v2\/media\/57730"}],"wp:attachment":[{"href":"https:\/\/monatglobal.com\/pl\/wp-json\/wp\/v2\/media?parent=65480"}],"wp:term":[{"taxonomy":"category","embeddable":true,"href":"https:\/\/monatglobal.com\/pl\/wp-json\/wp\/v2\/categories?post=65480"},{"taxonomy":"post_tag","embeddable":true,"href":"https:\/\/monatglobal.com\/pl\/wp-json\/wp\/v2\/tags?post=65480"}],"curies":[{"name":"wp","href":"https:\/\/api.w.org\/{rel}","templated":true}]}}