{"id":65464,"date":"2021-11-29T15:29:25","date_gmt":"2021-11-29T15:29:25","guid":{"rendered":"https:\/\/monatglobal.com\/pl\/?page_id=65464"},"modified":"2026-02-20T14:11:55","modified_gmt":"2026-02-20T14:11:55","slug":"men-face-wash","status":"publish","type":"page","link":"https:\/\/monatglobal.com\/pl\/men-face-wash\/","title":{"rendered":"MONAT FOR MEN\u2122 \u017bel Do Mycia Twarzy"},"content":{"rendered":"\n<link rel=\"stylesheet\" href=\"https:\/\/unpkg.com\/swiper\/swiper-bundle.min.css\">\n<link rel=\"stylesheet\" href=\"https:\/\/monatglobal.com\/wp-content\/creative_css\/product_styles_sheet.css\">\n   <!--==================================================== ECOMM SECTION ====================================================-->\n      <!--==================================================== Ecomm image ====================================================-->\n      <img decoding=\"async\" src=\"https:\/\/monatglobal.com\/pl\/wp-content\/uploads\/sites\/9\/2022\/01\/essential-face-wash-ecomm-2022.png\" alt=\"MONAT FOR MEN\u2122 \u017bel Do Mycia Twarzy\" loading=\"lazy\">\n      <!--==================================================== Ecomm information  ====================================================-->\n         <p>MONAT FOR MEN\u2122<\/p>\n         <h1>\u017bel Do Mycia&nbsp;Twarzy<\/h1>\n         \n         Rewitalizuj\u0105cy i&nbsp;od\u015bwie\u017caj\u0105cy \u017cel do mycia twarzy, kt\u00f3ry zapewnia g\u0142\u0119bokie \n         oczyszczenie i regeneracj\u0119 sk\u00f3ry.\n         <p>150 ml \u212e 5 fl. oz.<\/p>\n       <!--==================================================== pricing box ====================================================-->   \n         <p>Cena detaliczna<br>000.00 z\u0142<\/p>\n         <p>Klient VIP<br>000.00 z\u0142<\/p>\n       <!--==================================================== pricing box ====================================================--> \n         Aby dowiedzie\u0107 si\u0119 wi\u0119cej na temat produktu MONAT FOR MEN\u2122 \u017bel Do Mycia Twarzy, prosimy \n         skontaktowa\u0107 si\u0119 ze swoim Market Partnerem&nbsp;MONAT.\n          <a href=\"\" target=\"_blank\" role=\"button\" aria-label=\"\" rel=\"noopener\"><\/a>\n   <!--==================================================== \/ECOMM SECTION  ====================================================-->\n   <!--==================================================== Benefits image ====================================================-->\n  \n    <source media=\"(max-width: 700px)\" srcset=\"https:\/\/monatglobal.com\/pl\/wp-content\/uploads\/sites\/9\/2021\/12\/Essential-face-wash-benefits_mobile.jpg\" loading=\"lazy\">\n      <img decoding=\"async\" src=\"https:\/\/monatglobal.com\/pl\/wp-content\/uploads\/sites\/9\/2021\/12\/skincare-benefits-Recovered.jpg\" alt=\"\" loading=\"lazy\">\n    \n   <!--==================================================== Benefits text ====================================================-->\n         <h2>ZALETY<\/h2>\n         <h3>Nadaje zdrowy wygl\u0105d sk\u00f3rze i&nbsp;natychmiastowo oczyszcza, od\u015bwie\u017ca i&nbsp;nawadnia.<\/h3>\n         <!--==================================================== features image  ====================================================-->\n         <img decoding=\"async\" alt=\"\" src=\"https:\/\/monatglobal.com\/pl\/wp-content\/uploads\/sites\/9\/2021\/12\/essential-face-wash-features.jpg\" loading=\"lazy\">\n      <!--==================================================== features text ====================================================-->\n            <h3>Cechy<\/h3>\n               <p>\/ Usuwa nadmiar sebum i&nbsp;zanieczyszczenia<\/p>\n               <p>\/ Rewitalizuje i&nbsp;dodaje energii<\/p>\n               <p>\/ G\u0142\u0119boko oczyszcza bez pozbawiania sk\u00f3ry naturalnej bariery&nbsp;ochronnej<\/p>\n               <p>\/ Zapewnia sk\u00f3rze ch\u0142odz\u0105ce i&nbsp;od\u015bwie\u017caj\u0105ce dzia\u0142anie&nbsp;piel\u0119gnacyjne<\/p>\n               <p>\/ Lekka formu\u0142a jest odpowiednia dla wszystkich rodzaj\u00f3w sk\u00f3ry, w&nbsp;tym tak\u017ce dla sk\u00f3ry&nbsp;wra\u017cliwej<\/p>\n               <br>\n            <p>Fragrance \/ Unwind and enjoy a coconut-forward, citrusy aroma with notes of blood orange, coconut husk, cashew nut and&nbsp;sandalwood. <\/p>\n            <p> Texture \/ Cream <\/p>\n   <!--==================================================== composition image mobile ====================================================-->\n   <img decoding=\"async\" alt=\"\" src=\"https:\/\/monatglobal.com\/pl\/wp-content\/uploads\/sites\/9\/2021\/12\/Essential-face-wash-comp1.jpg\" loading=\"lazy\">\n   <!--==================================================== Why it works text ====================================================-->\n      \n      <h3>Ten lekki \u017cel do mycia twarzy zosta\u0142 stworzony specjalnie z&nbsp;my\u015bl\u0105 o&nbsp;sk\u00f3rze m\u0119\u017cczyzn. Preparat \n      g\u0142\u0119boko oczyszcza i&nbsp;b\u0142yskawicznie od\u015bwie\u017ca, stanowi\u0105c kluczowy pierwszy krok w&nbsp;efektywnej rutynie piel\u0119gnacji&nbsp;sk\u00f3ry.<\/h3>\n<!--==================================================== Composition section ====================================================-->\n      <img decoding=\"async\" alt=\"\" src=\"https:\/\/monatglobal.com\/pl\/wp-content\/uploads\/sites\/9\/2021\/12\/Essential-face-wash-comp1.jpg\" loading=\"lazy\">\n      <img decoding=\"async\" alt=\"\" src=\"https:\/\/monatglobal.com\/pl\/wp-content\/uploads\/sites\/9\/2021\/12\/essential-face-moisturizer-composition3.jpg\" loading=\"lazy\">\n            <!--==================================================== Directions text ====================================================--> \n               <h3>Spos\u00f3b u\u017cycia<\/h3>\n                    <p>\/ Na\u0142\u00f3\u017c niewielk\u0105 ilo\u015b\u0107 na czubki&nbsp;palc\u00f3w.<\/p>\n                    \/ Wmasuj delikatnie w&nbsp;zwil\u017con\u0105 sk\u00f3r\u0119, wykonuj\u0105c okr\u0119\u017cne ruchy i&nbsp;rozcieraj\u0105c preparat oczyszczaj\u0105cy \n                    a\u017c do uzyskania pianki, unikaj\u0105c okolic&nbsp;oczu.\n                    <p>\/ Dok\u0142adnie op\u0142ucz twarz ciep\u0142\u0105 wod\u0105 i&nbsp;delikatnie osusz&nbsp;sk\u00f3r\u0119.<\/p>\n                    <p>\/ Mo\u017cna stosowa\u0107 rano i&nbsp;wieczorem.<\/p>\n                    <p>\/ Nast\u0119pnie zastosuj MONAT For MEN\u2122 Krem Nawil\u017caj\u0105cy Do&nbsp;Twarzy.<\/p>\n            <!--==================================================== Directions video ====================================================-->\n      <p>Be Balanced\u2122 <br>Lightweight Moisturizer <br>0:35<\/p>\n      <a href=\"\" target=\"_blank\" role=\"button\" aria-label=\"\" rel=\"noopener\"><\/a>\n   <!--==================================================== Ingredients section  ====================================================-->\n      <h2>KLUCZOWE SK\u0141ADNIKI AKTYWNE<\/h2>\n      <p>REJUVENIQE S\u2122<\/p>\n      <p>Naturalne kwasy owocowe&nbsp;AHA:<\/p>\n      <p>Niacynamid &#8211; witamina&nbsp;B3:<\/p>\n      <p>Wyci\u0105g z nasion&nbsp;arabiki<\/p>\n      <p>Kompleks koj\u0105cy<\/p>\n        <button id=\"myBtn\" type=\"button\">ZOBACZ PE\u0141N\u0104 LIST\u0118&nbsp;SK\u0141ADNIK\u00d3W<\/button>\n      <!--==================================================== Modal content  ====================================================-->\n         \u00d7\n         Aqua\/Water\/Eau, Cetearyl Alcohol, Glyceryl Stearate SE, Heptyl Undecylenate, Caprylic\/Capric Triglyceride, Cetearyl \n         Glucoside, Butyrospermum Parkii (Shea) Butter, Menthol, Menthone, Niacinamide, Limnanthes Alba (Meadowfoam) Seed Oil, Crambe \n         Abyssinica Seed Oil, Camellia Oleifera Seed Oil, Solanum Lycopersicum (Tomato) Seed Oil, Daucus Carota Sativa (Carrot) Seed Oil, \n         Citrus Limon (Lemon) Peel Oil, Citrus Aurantifolia (Lime) Oil, Citrus Aurantium Bergamia (Bergamot) Fruit Oil, Adansonia Digitata \n         Oil, Mauritia Flexuosa Fruit Oil, Cocos Nucifera (Coconut) Oil, Gardenia Taitensis Flower Extract, Moringa Oleifera Seed Oil, \n         Caryocar Brasiliense Fruit Oil, Helianthus Annuus (Sunflower) Seed Oil, Olea Europaea (Olive) Fruit Oil, Simmondsia Chinensis \n         (Jojoba) Seed Extract, Glycerin, Mangifera Indica (Mango) Pulp Extract, Musa Sapientum (Banana) Pulp Extract, Saccharum Officinarum \n         (Sugarcane) Extract, Glycolic Acid, Caffeine, Coffea Arabica (Coffee) Seed Extract, Lecithin, Bisabolol, Zingiber Officinale (Ginger) \n         Root Extract, Calendula Officinalis Flower Extract, Disodium EDTA-Copper, Benzyl Alcohol, Ethylhexylglycerin, Tocopherol, \n         Fragrance\/Parfum, Alpha-Isomethyl Ionone, Benzyl Benzoate, Citronellol, Coumarin, Limonene, Linalool, Geraniol,&nbsp;Hydroxycitronellal.\n   <!--==================================================== You might also like section ====================================================-->\n      <h2>INNE PRODUKTY, KT\u00d3RE MOG\u0104 CI\u0118 ZAINTERESOWA\u0106<\/h2>\n      <!--==================================================== Slider YOU MIGHT ALSO LIKE ====================================================-->\n          <!---->\n          <!--   -->\n                <!-- Slides products-->\n          <!--      -->\n          <!--         <a href=\"\/pl\/monat-black-shampoo-conditioner\/\" aria-label=\"Go to MONAT BLACK SZAMPON + OD\u017bYWKA page\">-->\n          <!--          <img decoding=\"async\" src=\"https:\/\/monatglobal.com\/wp-content\/uploads\/2022\/12\/Monat-Black-shampoo-conditioner-Ecomm.png\" alt=\"MONAT BLACK SZAMPON + OD\u017bYWKA\" loading=\"lazy\"\/>-->\n          <!--          <p>MONAT BLACK <br \/>SZAMPON + OD\u017bYWKA 2W1<\/p>-->\n          <!--        <\/a>-->\n          <!--      -->\n          <!--      -->\n          <!--         <a href=\"\/pl\/men-face-scrub\/\" aria-label=\"Go to MONAT FOR MEN\u2122 PEELING DO TWARZY page\">-->\n          <!--          <img decoding=\"async\" src=\"https:\/\/monatglobal.com\/wp-content\/uploads\/2022\/12\/essential-face-scrub-ecomm-2022-min.png\" alt=\"MONAT FOR MEN\u2122 PEELING DO TWARZY\" loading=\"lazy\"\/>-->\n          <!--          <p>MONAT FOR MEN\u2122 <br \/>PEELING DO TWARZY<\/p>-->\n          <!--        <\/a>-->\n          <!--      -->\n          <!--      -->\n          <!--         <a href=\"\/pl\/men-face-moisturizer\/\" aria-label=\"Go to MONAT FOR MEN\u2122 KREM NAWIL\u017bAJ\u0104CY DO TWARZY page\">-->\n          <!--            <img decoding=\"async\" src=\"https:\/\/monatglobal.com\/wp-content\/uploads\/2022\/12\/essential-face-moisturizer-ecomm-2022-min.png\" alt=\"MONAT FOR MEN\u2122 KREM NAWIL\u017bAJ\u0104CY DO TWARZY\" loading=\"lazy\"\/>-->\n          <!--            <p>MONAT FOR MEN\u2122 <br \/>KREM NAWIL\u017bAJ\u0104CY DO TWARZY <\/p>-->\n          <!--         <\/a>-->\n          <!--      -->\n          <!--   -->\n             <!-- If we need navigation buttons -->\n          <!--   -->\n          <!--   -->\n             <!-- If we need paginations -->\n          <!--   -->\n          <!---->\n         <!--==================================================== If we need navigation buttons  ====================================================-->\n         <!--==================================================== If we need paginations  ====================================================-->\n    <a href=\"\" aria-label=\"\"><\/a>\n<!--==================================================== this link has to go last for it to work   ====================================================-->\n","protected":false},"excerpt":{"rendered":"<p>MONAT FOR MEN\u2122 \u017bel Do Mycia&nbsp;Twarzy Rewitalizuj\u0105cy i&nbsp;od\u015bwie\u017caj\u0105cy \u017cel do mycia twarzy, kt\u00f3ry zapewnia g\u0142\u0119bokie oczyszczenie i regeneracj\u0119 sk\u00f3ry. 150 ml \u212e 5 fl. oz. Cena detaliczna000.00 z\u0142 Klient VIP000.00 z\u0142 Aby dowiedzie\u0107 si\u0119 wi\u0119cej na temat produktu MONAT FOR MEN\u2122 \u017bel Do Mycia Twarzy, prosimy skontaktowa\u0107 si\u0119 ze swoim Market Partnerem&nbsp;MONAT. ZALETY Nadaje zdrowy&hellip;<\/p>\n","protected":false},"author":31,"featured_media":57731,"parent":0,"menu_order":0,"comment_status":"closed","ping_status":"closed","template":"","meta":{"inline_featured_image":false,"om_disable_all_campaigns":false,"_monsterinsights_skip_tracking":false,"_monsterinsights_sitenote_active":false,"_monsterinsights_sitenote_note":"","_monsterinsights_sitenote_category":0,"footnotes":""},"categories":[39],"tags":[],"class_list":["post-65464","page","type-page","status-publish","has-post-thumbnail","hentry","category-product-pl"],"aioseo_notices":[],"aioseo_head":"\n\t\t<!-- All in One SEO Pro 4.9.5.2 - aioseo.com -->\n\t<meta name=\"description\" content=\"--&gt;\" \/>\n\t<meta name=\"robots\" content=\"max-image-preview:large\" \/>\n\t<link rel=\"canonical\" href=\"https:\/\/monatglobal.com\/pl\/men-face-wash\/\" \/>\n\t<meta name=\"generator\" content=\"All in One SEO Pro (AIOSEO) 4.9.5.2\" \/>\n\t\t<meta property=\"og:locale\" content=\"pl_PL\" \/>\n\t\t<meta property=\"og:site_name\" content=\"MONAT POLAND - MONAT GLOBAL\" \/>\n\t\t<meta property=\"og:type\" content=\"article\" \/>\n\t\t<meta property=\"og:title\" content=\"MONAT FOR MEN\u2122 \u017bel Do Mycia Twarzy\" \/>\n\t\t<meta property=\"og:description\" content=\"--&gt;\" \/>\n\t\t<meta property=\"og:url\" content=\"https:\/\/monatglobal.com\/pl\/men-face-wash\/\" \/>\n\t\t<meta property=\"article:published_time\" content=\"2021-11-29T15:29:25+00:00\" \/>\n\t\t<meta property=\"article:modified_time\" content=\"2026-02-20T14:11:55+00:00\" \/>\n\t\t<meta name=\"twitter:card\" content=\"summary_large_image\" \/>\n\t\t<meta name=\"twitter:title\" content=\"MONAT FOR MEN\u2122 \u017bel Do Mycia Twarzy\" \/>\n\t\t<meta name=\"twitter:description\" content=\"--&gt;\" \/>\n\t\t<script type=\"application\/ld+json\" class=\"aioseo-schema\">\n\t\t\t{\"@context\":\"https:\\\/\\\/schema.org\",\"@graph\":[{\"@type\":\"BreadcrumbList\",\"@id\":\"https:\\\/\\\/monatglobal.com\\\/pl\\\/men-face-wash\\\/#breadcrumblist\",\"itemListElement\":[{\"@type\":\"ListItem\",\"@id\":\"https:\\\/\\\/monatglobal.com\\\/pl#listItem\",\"position\":1,\"name\":\"Home\",\"item\":\"https:\\\/\\\/monatglobal.com\\\/pl\",\"nextItem\":{\"@type\":\"ListItem\",\"@id\":\"https:\\\/\\\/monatglobal.com\\\/pl\\\/men-face-wash\\\/#listItem\",\"name\":\"MONAT FOR MEN\\u2122 \\u017bel Do Mycia Twarzy\"}},{\"@type\":\"ListItem\",\"@id\":\"https:\\\/\\\/monatglobal.com\\\/pl\\\/men-face-wash\\\/#listItem\",\"position\":2,\"name\":\"MONAT FOR MEN\\u2122 \\u017bel Do Mycia Twarzy\",\"previousItem\":{\"@type\":\"ListItem\",\"@id\":\"https:\\\/\\\/monatglobal.com\\\/pl#listItem\",\"name\":\"Home\"}}]},{\"@type\":\"Organization\",\"@id\":\"https:\\\/\\\/monatglobal.com\\\/pl\\\/#organization\",\"name\":\"MONAT POLAND\",\"description\":\"MONAT GLOBAL\",\"url\":\"https:\\\/\\\/monatglobal.com\\\/pl\\\/\"},{\"@type\":\"WebPage\",\"@id\":\"https:\\\/\\\/monatglobal.com\\\/pl\\\/men-face-wash\\\/#webpage\",\"url\":\"https:\\\/\\\/monatglobal.com\\\/pl\\\/men-face-wash\\\/\",\"name\":\"MONAT FOR MEN\\u2122 \\u017bel Do Mycia Twarzy\",\"description\":\"-->\",\"inLanguage\":\"pl-PL\",\"isPartOf\":{\"@id\":\"https:\\\/\\\/monatglobal.com\\\/pl\\\/#website\"},\"breadcrumb\":{\"@id\":\"https:\\\/\\\/monatglobal.com\\\/pl\\\/men-face-wash\\\/#breadcrumblist\"},\"image\":{\"@type\":\"ImageObject\",\"url\":\"https:\\\/\\\/monatglobal.com\\\/pl\\\/wp-content\\\/uploads\\\/sites\\\/9\\\/2021\\\/02\\\/MB-ESSENTIAL-FACE-WASH.png\",\"@id\":\"https:\\\/\\\/monatglobal.com\\\/pl\\\/men-face-wash\\\/#mainImage\",\"width\":438,\"height\":546},\"primaryImageOfPage\":{\"@id\":\"https:\\\/\\\/monatglobal.com\\\/pl\\\/men-face-wash\\\/#mainImage\"},\"datePublished\":\"2021-11-29T15:29:25+00:00\",\"dateModified\":\"2026-02-20T14:11:55+00:00\"},{\"@type\":\"WebSite\",\"@id\":\"https:\\\/\\\/monatglobal.com\\\/pl\\\/#website\",\"url\":\"https:\\\/\\\/monatglobal.com\\\/pl\\\/\",\"name\":\"MONAT POLAND\",\"description\":\"MONAT GLOBAL\",\"inLanguage\":\"pl-PL\",\"publisher\":{\"@id\":\"https:\\\/\\\/monatglobal.com\\\/pl\\\/#organization\"}}]}\n\t\t<\/script>\n\t\t<!-- All in One SEO Pro -->\r\n\t\t<title>MONAT FOR MEN\u2122 \u017bel Do Mycia Twarzy<\/title>\n\n","aioseo_head_json":{"title":"MONAT FOR MEN\u2122 \u017bel Do Mycia Twarzy","description":"-->","canonical_url":"https:\/\/monatglobal.com\/pl\/men-face-wash\/","robots":"max-image-preview:large","keywords":"","webmasterTools":{"miscellaneous":""},"schema":{"@context":"https:\/\/schema.org","@graph":[{"@type":"BreadcrumbList","@id":"https:\/\/monatglobal.com\/pl\/men-face-wash\/#breadcrumblist","itemListElement":[{"@type":"ListItem","@id":"https:\/\/monatglobal.com\/pl#listItem","position":1,"name":"Home","item":"https:\/\/monatglobal.com\/pl","nextItem":{"@type":"ListItem","@id":"https:\/\/monatglobal.com\/pl\/men-face-wash\/#listItem","name":"MONAT FOR MEN\u2122 \u017bel Do Mycia Twarzy"}},{"@type":"ListItem","@id":"https:\/\/monatglobal.com\/pl\/men-face-wash\/#listItem","position":2,"name":"MONAT FOR MEN\u2122 \u017bel Do Mycia Twarzy","previousItem":{"@type":"ListItem","@id":"https:\/\/monatglobal.com\/pl#listItem","name":"Home"}}]},{"@type":"Organization","@id":"https:\/\/monatglobal.com\/pl\/#organization","name":"MONAT POLAND","description":"MONAT GLOBAL","url":"https:\/\/monatglobal.com\/pl\/"},{"@type":"WebPage","@id":"https:\/\/monatglobal.com\/pl\/men-face-wash\/#webpage","url":"https:\/\/monatglobal.com\/pl\/men-face-wash\/","name":"MONAT FOR MEN\u2122 \u017bel Do Mycia Twarzy","description":"-->","inLanguage":"pl-PL","isPartOf":{"@id":"https:\/\/monatglobal.com\/pl\/#website"},"breadcrumb":{"@id":"https:\/\/monatglobal.com\/pl\/men-face-wash\/#breadcrumblist"},"image":{"@type":"ImageObject","url":"https:\/\/monatglobal.com\/pl\/wp-content\/uploads\/sites\/9\/2021\/02\/MB-ESSENTIAL-FACE-WASH.png","@id":"https:\/\/monatglobal.com\/pl\/men-face-wash\/#mainImage","width":438,"height":546},"primaryImageOfPage":{"@id":"https:\/\/monatglobal.com\/pl\/men-face-wash\/#mainImage"},"datePublished":"2021-11-29T15:29:25+00:00","dateModified":"2026-02-20T14:11:55+00:00"},{"@type":"WebSite","@id":"https:\/\/monatglobal.com\/pl\/#website","url":"https:\/\/monatglobal.com\/pl\/","name":"MONAT POLAND","description":"MONAT GLOBAL","inLanguage":"pl-PL","publisher":{"@id":"https:\/\/monatglobal.com\/pl\/#organization"}}]},"og:locale":"pl_PL","og:site_name":"MONAT POLAND - MONAT GLOBAL","og:type":"article","og:title":"MONAT FOR MEN\u2122 \u017bel Do Mycia Twarzy","og:description":"--&gt;","og:url":"https:\/\/monatglobal.com\/pl\/men-face-wash\/","article:published_time":"2021-11-29T15:29:25+00:00","article:modified_time":"2026-02-20T14:11:55+00:00","twitter:card":"summary_large_image","twitter:title":"MONAT FOR MEN\u2122 \u017bel Do Mycia Twarzy","twitter:description":"--&gt;"},"aioseo_meta_data":{"post_id":"65464","title":"MONAT FOR MEN\u2122 \u017bel Do Mycia Twarzy","description":null,"keywords":null,"keyphrases":{"focus":{"keyphrase":"","score":0,"analysis":{"keyphraseInTitle":{"score":0,"maxScore":9,"error":1}}},"additional":[]},"primary_term":null,"canonical_url":null,"og_title":null,"og_description":null,"og_object_type":"default","og_image_type":"default","og_image_url":null,"og_image_width":null,"og_image_height":null,"og_image_custom_url":null,"og_image_custom_fields":null,"og_video":"","og_custom_url":null,"og_article_section":null,"og_article_tags":null,"twitter_use_og":false,"twitter_card":"default","twitter_image_type":"default","twitter_image_url":null,"twitter_image_custom_url":null,"twitter_image_custom_fields":null,"twitter_title":null,"twitter_description":null,"schema":{"blockGraphs":[],"customGraphs":[],"default":{"data":{"Article":[],"Course":[],"Dataset":[],"FAQPage":[],"Movie":[],"Person":[],"Product":[],"ProductReview":[],"Car":[],"Recipe":[],"Service":[],"SoftwareApplication":[],"WebPage":[]},"graphName":"WebPage","isEnabled":true},"graphs":[]},"schema_type":"default","schema_type_options":null,"pillar_content":false,"robots_default":true,"robots_noindex":false,"robots_noarchive":false,"robots_nosnippet":false,"robots_nofollow":false,"robots_noimageindex":false,"robots_noodp":false,"robots_notranslate":false,"robots_max_snippet":"-1","robots_max_videopreview":"-1","robots_max_imagepreview":"large","priority":null,"frequency":"default","local_seo":null,"seo_analyzer_scan_date":"2026-02-20 14:23:57","limit_modified_date":false,"reviewed_by":"0","open_ai":null,"ai":{"faqs":[],"keyPoints":[],"titles":[],"descriptions":[],"socialPosts":{"email":[],"linkedin":[],"twitter":[],"facebook":[],"instagram":[]}},"created":"2023-07-26 09:53:01","updated":"2026-02-20 14:23:57"},"aioseo_breadcrumb":"<div class=\"aioseo-breadcrumbs\"><span class=\"aioseo-breadcrumb\">\n\t<a href=\"https:\/\/monatglobal.com\/pl\" title=\"Home\">Home<\/a>\n<\/span><span class=\"aioseo-breadcrumb-separator\">&raquo;<\/span><span class=\"aioseo-breadcrumb\">\n\tMONAT FOR MEN\u2122 \u017bel Do Mycia Twarzy\n<\/span><\/div>","aioseo_breadcrumb_json":[{"label":"Home","link":"https:\/\/monatglobal.com\/pl"},{"label":"MONAT FOR MEN\u2122 \u017bel Do Mycia Twarzy","link":"https:\/\/monatglobal.com\/pl\/men-face-wash\/"}],"_links":{"self":[{"href":"https:\/\/monatglobal.com\/pl\/wp-json\/wp\/v2\/pages\/65464","targetHints":{"allow":["GET"]}}],"collection":[{"href":"https:\/\/monatglobal.com\/pl\/wp-json\/wp\/v2\/pages"}],"about":[{"href":"https:\/\/monatglobal.com\/pl\/wp-json\/wp\/v2\/types\/page"}],"author":[{"embeddable":true,"href":"https:\/\/monatglobal.com\/pl\/wp-json\/wp\/v2\/users\/31"}],"replies":[{"embeddable":true,"href":"https:\/\/monatglobal.com\/pl\/wp-json\/wp\/v2\/comments?post=65464"}],"version-history":[{"count":25,"href":"https:\/\/monatglobal.com\/pl\/wp-json\/wp\/v2\/pages\/65464\/revisions"}],"predecessor-version":[{"id":109350,"href":"https:\/\/monatglobal.com\/pl\/wp-json\/wp\/v2\/pages\/65464\/revisions\/109350"}],"wp:featuredmedia":[{"embeddable":true,"href":"https:\/\/monatglobal.com\/pl\/wp-json\/wp\/v2\/media\/57731"}],"wp:attachment":[{"href":"https:\/\/monatglobal.com\/pl\/wp-json\/wp\/v2\/media?parent=65464"}],"wp:term":[{"taxonomy":"category","embeddable":true,"href":"https:\/\/monatglobal.com\/pl\/wp-json\/wp\/v2\/categories?post=65464"},{"taxonomy":"post_tag","embeddable":true,"href":"https:\/\/monatglobal.com\/pl\/wp-json\/wp\/v2\/tags?post=65464"}],"curies":[{"name":"wp","href":"https:\/\/api.w.org\/{rel}","templated":true}]}}