{"id":63909,"date":"2021-10-06T21:47:18","date_gmt":"2021-10-06T20:47:18","guid":{"rendered":"https:\/\/monatglobal.com\/pl\/?page_id=63909"},"modified":"2026-02-19T19:24:48","modified_gmt":"2026-02-19T19:24:48","slug":"conditioning-dry-shampoo","status":"publish","type":"page","link":"https:\/\/monatglobal.com\/pl\/conditioning-dry-shampoo\/","title":{"rendered":"SUCHY SZAMPON Z OD\u017bYWK\u0104 MONAT STUDIO ONE\u2122 THE CHAMP\u2122"},"content":{"rendered":"\n<link rel=\"stylesheet\" href=\"https:\/\/unpkg.com\/swiper\/swiper-bundle.min.css\">\n<link rel=\"stylesheet\" href=\"https:\/\/monatglobal.com\/wp-content\/creative_css\/product_styles_sheet.css\">\n    <!--==================================================== ECOMM SECTION ====================================================-->\n    <p>BESTSELLERY<\/p>\n        <!--==================================================== Ecomm image ====================================================-->\n        <img decoding=\"async\" src=\"https:\/\/monatglobal.com\/es\/wp-content\/uploads\/sites\/10\/2021\/10\/CHAMPU-ACONDICIONADOR-EN-SECO-MONAT-STUDIO-ONE-THE-CHAMP-ecomm.png\" alt=\"Product shot of MONAT STUDIO ONE\u2122 The Champ Conditioning Dry Shampoo.\" loading=\"lazy\">\n        <!--==================================================== Ecomm information  ====================================================-->\n            <p>BESTSELLERY<\/p>\n            <h1>Suchy Szampon<br>Z Od\u017cywk\u0105<\/h1>\n            <p>MONAT STUDIO ONE\u2122 The Champ\u2122<\/p>\n            <p>Z dodatkiem REJUVENIQE<sup>\u00ae<\/sup><\/p>\n            <p>Suchy szampon, kt\u00f3ry poch\u0142ania sebum, brud i zanieczyszczenia pomi\u0119dzy myciami.<\/p>\n            <p>113g \/ 4 oz. \u212e 108 ml \/ 3.7 fl. oz..<\/p>\n        <!--==================================================== pricing box ====================================================--> \n         <p>Cena detaliczna<br>000.00 z\u0142<\/p>\n         <p>Cena dla Klient\u00f3w VIP<br>000.00 z\u0142<\/p>\n        <!--==================================================== pricing box ====================================================-->    \n            <p>Aby dowiedzie\u0107 si\u0119 wi\u0119cej na temat Suchego Szamponu z&nbsp;Od\u017cywk\u0105 MONAT STUDIO ONE\u2122 THE CHAMP\u2122, prosimy skontaktowa\u0107 si\u0119 ze swoim Market Partnerem&nbsp;MONAT.<\/p>\n          <a href=\"\" target=\"_blank\" role=\"button\" aria-label=\"\" rel=\"noopener\"><\/a>\n    <!--==================================================== \/ECOMM SECTION  ====================================================-->\n   <!--==================================================== Benefits image ====================================================-->\n \n  <source media=\"(max-width: 700px)\" srcset=\"https:\/\/monatglobal.com\/nz\/wp-content\/uploads\/sites\/15\/2022\/10\/benefits-the-champ-mobile.jpg\" loading=\"lazy\">\n    <img decoding=\"async\" src=\"https:\/\/monatglobal.com\/nz\/wp-content\/uploads\/sites\/15\/2022\/10\/benefits-the-champ-desk.jpg\" alt=\"Blonde female smiling while holding MONAT STUDIO ONE\u2122 The Champ Conditioning Dry Shampoo.\" loading=\"lazy\">\n  \n   <!--==================================================== Benefits text ====================================================-->\n         <h2>ZALETY<\/h2>\n         <h3>Ten suchy szampon zawiera drobnoziarnist\u0105 skrobi\u0119 ry\u017cow\u0105, kt\u00f3ra absorbuje sebum, dzi\u0119ki czemu mo\u017cesz d\u0142u\u017cej cieszy\u0107 si\u0119 \u015bwie\u017cymi w\u0142osami. <\/h3>\n         <p>\u015awietnie sprawdza si\u0119 do wszystkich rodzaj\u00f3w i tekstur w\u0142os\u00f3w, jest bezpieczny dla w\u0142os\u00f3w farbowanych, hipoalergiczny i przetestowany dermatologicznie.<\/p>\n         <!--==================================================== features image  ====================================================-->\n         <img decoding=\"async\" alt=\"MONAT STUDIO ONE\u2122 The Champ Conditioning Dry Shampoo laying on a flat surface, along with ingredients such as lemon and lime slices, tomatoes, coconut pieces and sunflower seeds.\" src=\"https:\/\/monatglobal.com\/nz\/wp-content\/uploads\/sites\/15\/2022\/10\/The-champ-features.jpg\" loading=\"lazy\">\n      <!--==================================================== features text ====================================================-->\n            <h3>Cechy<\/h3>\n                <p>\/ Absorbuje sebum u nasady w\u0142os\u00f3w<\/p>\n                <p>\/ Nadaje obj\u0119to\u015b\u0107 i tekstur\u0119<\/p>\n               <br>\n            <p>Zapach \/ Zawiera mu\u015bni\u0119ty s\u0142o\u0144cem, cytrusowy zapach po\u0142\u0105czony z wiosennymi kwiatami, takimi jak ja\u015bmin i r\u00f3\u017ca oraz z mandarynk\u0105 i pomara\u0144cz\u0105 satsuma.<\/p>\n            <p> Tekstura \/ suchy proszek<\/p>\n   <!--==================================================== composition image mobile ====================================================-->\n   <img decoding=\"async\" alt=\"MONAT STUDIO ONE\u2122 The Champ Conditioning Dry Shampoo laying on a purple surface with hair rollers and small pumpkins.\" src=\"https:\/\/monatglobal.com\/nz\/wp-content\/uploads\/sites\/15\/2022\/10\/The-champ-comp1.jpg\" loading=\"lazy\">\n   <!--==================================================== Why it works text ====================================================-->\n      <h2>Pozb\u0105d\u017a si\u0119 t\u0142ustych w\u0142os\u00f3w z Suchym Szamponem Z Od\u017cywk\u0105 MONAT STUDIO ONE\u2122 The Champ\u2122.<\/h2>\n      <h3>THE CHAMP\u2122 to szybki i \u0142atwy spos\u00f3b na od\u015bwie\u017cenie stylizacji.<\/h3>\n      <p>Ten suchy szampon usuwa sebum i zanieczyszczenia, zapewniaj\u0105c w\u0142osom swie\u017cy wygl\u0105d.<\/p>\n      <p>The effects last for two to three washes, and is enhanced with repeated use. Plus, its lightweight formula ensures that you&#8217;ll never be left with build-up, oiliness, or&nbsp;heaviness.<\/p>\n<!--==================================================== Composition section ====================================================-->\n      <img decoding=\"async\" alt=\"MONAT STUDIO ONE\u2122 The Champ Conditioning Dry Shampoo laying on a purple surface with hair rollers and small pumpkins.\" src=\"https:\/\/monatglobal.com\/nz\/wp-content\/uploads\/sites\/15\/2022\/10\/The-champ-comp1.jpg\" loading=\"lazy\">\n      <img decoding=\"async\" alt=\"Blonde female smiling while touching her hair, overlaying a purple background.\" src=\"https:\/\/monatglobal.com\/nz\/wp-content\/uploads\/sites\/15\/2022\/10\/The-champ-comp2.jpg\" loading=\"lazy\">\n            <!--==================================================== Directions text ====================================================--> \n               <h3>Spos\u00f3b u\u017cycia<\/h3>\n                    <p>\/ Mocno wstrz\u0105\u015bnij.<\/p>\n                    <p>\/ Spryskaj r\u00f3wnomiernie w\u0142osy u nasady z odleg\u0142o\u015bci 25-30 cm.<\/p>\n                    <p>\/ Pozostaw produkt do ca\u0142kowitego wyschni\u0119cia, ok. 1-2 minuty.<\/p>\n            <!--==================================================== Directions video ====================================================-->\n      <p>REJUVENIQE<sup>\u00ae<\/sup><br>0:00<\/p>\n      <a href=\"\" target=\"_blank\" role=\"button\" aria-label=\"\" rel=\"noopener\"><\/a>\n   <!--==================================================== Ingredients section  ====================================================-->\n      <h2>KLUCZOWE SK\u0141ADNIKI<\/h2>\n   <p>REJUVENIQE<sup>\u00ae<\/sup><\/p>\n <p>Skrobia ry\u017cowa Agrana <\/p>\n        <button id=\"myBtn\" type=\"button\">LISTA SK\u0141ADNIK\u00d3W<\/button>\n      <!--==================================================== Modal content  ====================================================-->\n         \u00d7\n         <p>Tetrafluoropropene, Alcohol Denat., Oryza Sativa (Rice) Starch, Quaternium-90 Sepiolite, Isopropyl Myristate, Fragrance\/Parfum, Limnanthes Alba (Meadowfoam) Seed Oil, Crambe Abyssinica Seed Oil, Cocos Nucifera (Coconut) Oil, Camellia Oleifera Seed Oil, Solanum Lycopersicum (Tomato) Seed Oil, Daucus Carota Sativa (Carrot) Seed Oil, Citrus Limon (Lemon) Peel Oil, Citrus Aurantifolia (Lime) Oil, Citrus Aurantium Bergamia (Bergamot) Fruit Oil, Adansonia Digitata Oil, Mauritia Flexuosa Fruit Oil, Gardenia Taitensis Flower Extract, Moringa Oleifera Seed Oil, Caryocar Brasiliense Fruit Oil, Helianthus Annuus (Sunflower) Seed Oil, Cetrimonium Chloride, Quaternium-90 Montmorillonite, Hydroxycitronellal, Limonene, Linalool.<\/p>\n   <!--==================================================== You might also like section ====================================================-->\n      <h2>INNE PRODUKTY, KT\u00d3RE MOG\u0104 CI\u0118 ZAINTERESOWA\u0106<\/h2>\n      <!--==================================================== Slider YOU MIGHT ALSO LIKE ====================================================-->\n      <!---->\n      <!--   -->\n            <!--==================================================== Slides products ====================================================-->\n      <!--          -->\n      <!--               <a href=\"\/pl\/soothing-micellar-shampoo\/\" aria-label=\"Go to Koj\u0105cy Szampon MICELARNY page\">-->\n      <!--                <img decoding=\"async\" src=\"https:\/\/monatglobal.com\/wp-content\/uploads\/2022\/12\/soothing-micellar_ecomm-min.png\" alt=\"Koj\u0105cy Szampon MICELARNY\" loading=\"lazy\" \/>-->\n      <!--                <p>Koj\u0105cy Szampon<br \/>MICELARNY<\/p>-->\n      <!--              <\/a>-->\n      <!--          -->\n      <!--          -->\n      <!--             <a href=\"https:\/\/corp.mymonat.com\/shop\/products\/monat-studio-one-volume-lift-spray-6000002083\/?globallanguage=pl&globalmarket=pl\" target=\"blank\" aria-label=\"Go to MONAT STUDIO ONE\u2122 Spray Nadaj\u0105cy Obj\u0119to\u015b\u0107 I Unosz\u0105cy W\u0142osy U Nasady SHAMPOO shop\" rel=\"noopener\">-->\n      <!--              <img decoding=\"async\" src=\"https:\/\/monatglobal.com\/wp-content\/uploads\/2022\/12\/STUDIO-ONE-VOLUME-LIFT-SPRAY_-ecomm-min.png\" alt=\"MONAT STUDIO ONE\u2122 Spray Nadaj\u0105cy Obj\u0119to\u015b\u0107 I Unosz\u0105cy W\u0142osy U Nasady\" loading=\"lazy\"\/>-->\n      <!--              <p>MONAT STUDIO ONE\u2122<br \/>Spray Nadaj\u0105cy Obj\u0119to\u015b\u0107<br \/>I Unosz\u0105cy W\u0142osy<br \/>U Nasady<\/p>-->\n      <!--            <\/a>-->\n      <!--          -->\n      <!--          -->\n      <!--           <a href=\"\/pl\/makeup-vanishing-balm\/\" aria-label=\"Go to Makeup Vanishing Balm\u2122 page\">-->\n      <!--              <img decoding=\"async\" src=\"https:\/\/monatglobal.com\/wp-content\/uploads\/2022\/12\/makeup-vanishing-balm-ecomm-2022-min.png\" alt=\"Makeup Vanishing Balm\u2122\" loading=\"lazy\"\/>-->\n      <!--              <p>Makeup Vanishing Balm\u2122<\/p>-->\n      <!--           <\/a>-->\n      <!--          -->\n      <!--   -->\n         <!--==================================================== If we need navigation buttons  ====================================================-->\n      <!--   -->\n      <!--   -->\n         <!--==================================================== If we need paginations  ====================================================-->\n      <!--   -->\n      <!---->\n         <!--==================================================== If we need navigation buttons  ====================================================-->\n         <!--==================================================== If we need paginations  ====================================================-->\n    <a href=\"\" aria-label=\"\"><\/a>\n<!--==================================================== this link has to go last for it to work   ====================================================-->\n","protected":false},"excerpt":{"rendered":"<p>BESTSELLERY BESTSELLERY Suchy SzamponZ Od\u017cywk\u0105 MONAT STUDIO ONE\u2122 The Champ\u2122 Z dodatkiem REJUVENIQE\u00ae Suchy szampon, kt\u00f3ry poch\u0142ania sebum, brud i zanieczyszczenia pomi\u0119dzy myciami. 113g \/ 4 oz. \u212e 108 ml \/ 3.7 fl. oz.. Cena detaliczna000.00 z\u0142 Cena dla Klient\u00f3w VIP000.00 z\u0142 Aby dowiedzie\u0107 si\u0119 wi\u0119cej na temat Suchego Szamponu z&nbsp;Od\u017cywk\u0105 MONAT STUDIO ONE\u2122 THE&hellip;<\/p>\n","protected":false},"author":31,"featured_media":69903,"parent":0,"menu_order":0,"comment_status":"closed","ping_status":"closed","template":"","meta":{"inline_featured_image":false,"om_disable_all_campaigns":false,"_monsterinsights_skip_tracking":false,"_monsterinsights_sitenote_active":false,"_monsterinsights_sitenote_note":"","_monsterinsights_sitenote_category":0,"footnotes":""},"categories":[39],"tags":[],"class_list":["post-63909","page","type-page","status-publish","has-post-thumbnail","hentry","category-product-pl"],"aioseo_notices":[],"aioseo_head":"\n\t\t<!-- All in One SEO Pro 4.9.5.2 - aioseo.com -->\n\t<meta name=\"description\" content=\"BESTSELLERY --&gt;\" \/>\n\t<meta name=\"robots\" content=\"max-image-preview:large\" \/>\n\t<link rel=\"canonical\" href=\"https:\/\/monatglobal.com\/pl\/conditioning-dry-shampoo\/\" \/>\n\t<meta name=\"generator\" content=\"All in One SEO Pro (AIOSEO) 4.9.5.2\" \/>\n\t\t<meta property=\"og:locale\" content=\"pl_PL\" \/>\n\t\t<meta property=\"og:site_name\" content=\"MONAT POLAND - MONAT GLOBAL\" \/>\n\t\t<meta property=\"og:type\" content=\"article\" \/>\n\t\t<meta property=\"og:title\" content=\"SUCHY SZAMPON Z OD\u017bYWK\u0104 MONAT STUDIO ONE\u2122 THE CHAMP\u2122\" \/>\n\t\t<meta property=\"og:description\" content=\"BESTSELLERY --&gt;\" \/>\n\t\t<meta property=\"og:url\" content=\"https:\/\/monatglobal.com\/pl\/conditioning-dry-shampoo\/\" \/>\n\t\t<meta property=\"article:published_time\" content=\"2021-10-06T20:47:18+00:00\" \/>\n\t\t<meta property=\"article:modified_time\" content=\"2026-02-19T19:24:48+00:00\" \/>\n\t\t<meta name=\"twitter:card\" content=\"summary_large_image\" \/>\n\t\t<meta name=\"twitter:title\" content=\"SUCHY SZAMPON Z OD\u017bYWK\u0104 MONAT STUDIO ONE\u2122 THE CHAMP\u2122\" \/>\n\t\t<meta name=\"twitter:description\" content=\"BESTSELLERY --&gt;\" \/>\n\t\t<script type=\"application\/ld+json\" class=\"aioseo-schema\">\n\t\t\t{\"@context\":\"https:\\\/\\\/schema.org\",\"@graph\":[{\"@type\":\"BreadcrumbList\",\"@id\":\"https:\\\/\\\/monatglobal.com\\\/pl\\\/conditioning-dry-shampoo\\\/#breadcrumblist\",\"itemListElement\":[{\"@type\":\"ListItem\",\"@id\":\"https:\\\/\\\/monatglobal.com\\\/pl#listItem\",\"position\":1,\"name\":\"Home\",\"item\":\"https:\\\/\\\/monatglobal.com\\\/pl\",\"nextItem\":{\"@type\":\"ListItem\",\"@id\":\"https:\\\/\\\/monatglobal.com\\\/pl\\\/conditioning-dry-shampoo\\\/#listItem\",\"name\":\"SUCHY SZAMPON Z OD\\u017bYWK\\u0104 MONAT STUDIO ONE\\u2122 THE CHAMP\\u2122\"}},{\"@type\":\"ListItem\",\"@id\":\"https:\\\/\\\/monatglobal.com\\\/pl\\\/conditioning-dry-shampoo\\\/#listItem\",\"position\":2,\"name\":\"SUCHY SZAMPON Z OD\\u017bYWK\\u0104 MONAT STUDIO ONE\\u2122 THE CHAMP\\u2122\",\"previousItem\":{\"@type\":\"ListItem\",\"@id\":\"https:\\\/\\\/monatglobal.com\\\/pl#listItem\",\"name\":\"Home\"}}]},{\"@type\":\"Organization\",\"@id\":\"https:\\\/\\\/monatglobal.com\\\/pl\\\/#organization\",\"name\":\"MONAT POLAND\",\"description\":\"MONAT GLOBAL\",\"url\":\"https:\\\/\\\/monatglobal.com\\\/pl\\\/\"},{\"@type\":\"WebPage\",\"@id\":\"https:\\\/\\\/monatglobal.com\\\/pl\\\/conditioning-dry-shampoo\\\/#webpage\",\"url\":\"https:\\\/\\\/monatglobal.com\\\/pl\\\/conditioning-dry-shampoo\\\/\",\"name\":\"SUCHY SZAMPON Z OD\\u017bYWK\\u0104 MONAT STUDIO ONE\\u2122 THE CHAMP\\u2122\",\"description\":\"BESTSELLERY -->\",\"inLanguage\":\"pl-PL\",\"isPartOf\":{\"@id\":\"https:\\\/\\\/monatglobal.com\\\/pl\\\/#website\"},\"breadcrumb\":{\"@id\":\"https:\\\/\\\/monatglobal.com\\\/pl\\\/conditioning-dry-shampoo\\\/#breadcrumblist\"},\"image\":{\"@type\":\"ImageObject\",\"url\":\"https:\\\/\\\/monatglobal.com\\\/pl\\\/wp-content\\\/uploads\\\/sites\\\/9\\\/2019\\\/12\\\/the-champ.png\",\"@id\":\"https:\\\/\\\/monatglobal.com\\\/pl\\\/conditioning-dry-shampoo\\\/#mainImage\",\"width\":438,\"height\":500},\"primaryImageOfPage\":{\"@id\":\"https:\\\/\\\/monatglobal.com\\\/pl\\\/conditioning-dry-shampoo\\\/#mainImage\"},\"datePublished\":\"2021-10-06T21:47:18+01:00\",\"dateModified\":\"2026-02-19T19:24:48+00:00\"},{\"@type\":\"WebSite\",\"@id\":\"https:\\\/\\\/monatglobal.com\\\/pl\\\/#website\",\"url\":\"https:\\\/\\\/monatglobal.com\\\/pl\\\/\",\"name\":\"MONAT POLAND\",\"description\":\"MONAT GLOBAL\",\"inLanguage\":\"pl-PL\",\"publisher\":{\"@id\":\"https:\\\/\\\/monatglobal.com\\\/pl\\\/#organization\"}}]}\n\t\t<\/script>\n\t\t<!-- All in One SEO Pro -->\r\n\t\t<title>SUCHY SZAMPON Z OD\u017bYWK\u0104 MONAT STUDIO ONE\u2122 THE CHAMP\u2122<\/title>\n\n","aioseo_head_json":{"title":"SUCHY SZAMPON Z OD\u017bYWK\u0104 MONAT STUDIO ONE\u2122 THE CHAMP\u2122","description":"BESTSELLERY -->","canonical_url":"https:\/\/monatglobal.com\/pl\/conditioning-dry-shampoo\/","robots":"max-image-preview:large","keywords":"","webmasterTools":{"miscellaneous":""},"schema":{"@context":"https:\/\/schema.org","@graph":[{"@type":"BreadcrumbList","@id":"https:\/\/monatglobal.com\/pl\/conditioning-dry-shampoo\/#breadcrumblist","itemListElement":[{"@type":"ListItem","@id":"https:\/\/monatglobal.com\/pl#listItem","position":1,"name":"Home","item":"https:\/\/monatglobal.com\/pl","nextItem":{"@type":"ListItem","@id":"https:\/\/monatglobal.com\/pl\/conditioning-dry-shampoo\/#listItem","name":"SUCHY SZAMPON Z OD\u017bYWK\u0104 MONAT STUDIO ONE\u2122 THE CHAMP\u2122"}},{"@type":"ListItem","@id":"https:\/\/monatglobal.com\/pl\/conditioning-dry-shampoo\/#listItem","position":2,"name":"SUCHY SZAMPON Z OD\u017bYWK\u0104 MONAT STUDIO ONE\u2122 THE CHAMP\u2122","previousItem":{"@type":"ListItem","@id":"https:\/\/monatglobal.com\/pl#listItem","name":"Home"}}]},{"@type":"Organization","@id":"https:\/\/monatglobal.com\/pl\/#organization","name":"MONAT POLAND","description":"MONAT GLOBAL","url":"https:\/\/monatglobal.com\/pl\/"},{"@type":"WebPage","@id":"https:\/\/monatglobal.com\/pl\/conditioning-dry-shampoo\/#webpage","url":"https:\/\/monatglobal.com\/pl\/conditioning-dry-shampoo\/","name":"SUCHY SZAMPON Z OD\u017bYWK\u0104 MONAT STUDIO ONE\u2122 THE CHAMP\u2122","description":"BESTSELLERY -->","inLanguage":"pl-PL","isPartOf":{"@id":"https:\/\/monatglobal.com\/pl\/#website"},"breadcrumb":{"@id":"https:\/\/monatglobal.com\/pl\/conditioning-dry-shampoo\/#breadcrumblist"},"image":{"@type":"ImageObject","url":"https:\/\/monatglobal.com\/pl\/wp-content\/uploads\/sites\/9\/2019\/12\/the-champ.png","@id":"https:\/\/monatglobal.com\/pl\/conditioning-dry-shampoo\/#mainImage","width":438,"height":500},"primaryImageOfPage":{"@id":"https:\/\/monatglobal.com\/pl\/conditioning-dry-shampoo\/#mainImage"},"datePublished":"2021-10-06T21:47:18+01:00","dateModified":"2026-02-19T19:24:48+00:00"},{"@type":"WebSite","@id":"https:\/\/monatglobal.com\/pl\/#website","url":"https:\/\/monatglobal.com\/pl\/","name":"MONAT POLAND","description":"MONAT GLOBAL","inLanguage":"pl-PL","publisher":{"@id":"https:\/\/monatglobal.com\/pl\/#organization"}}]},"og:locale":"pl_PL","og:site_name":"MONAT POLAND - MONAT GLOBAL","og:type":"article","og:title":"SUCHY SZAMPON Z OD\u017bYWK\u0104 MONAT STUDIO ONE\u2122 THE CHAMP\u2122","og:description":"BESTSELLERY --&gt;","og:url":"https:\/\/monatglobal.com\/pl\/conditioning-dry-shampoo\/","article:published_time":"2021-10-06T20:47:18+00:00","article:modified_time":"2026-02-19T19:24:48+00:00","twitter:card":"summary_large_image","twitter:title":"SUCHY SZAMPON Z OD\u017bYWK\u0104 MONAT STUDIO ONE\u2122 THE CHAMP\u2122","twitter:description":"BESTSELLERY --&gt;"},"aioseo_meta_data":{"post_id":"63909","title":"SUCHY SZAMPON Z OD\u017bYWK\u0104 MONAT STUDIO ONE\u2122 THE CHAMP\u2122","description":null,"keywords":null,"keyphrases":{"focus":{"keyphrase":"","score":0,"analysis":{"keyphraseInTitle":{"score":0,"maxScore":9,"error":1}}},"additional":[]},"primary_term":null,"canonical_url":null,"og_title":null,"og_description":null,"og_object_type":"default","og_image_type":"default","og_image_url":null,"og_image_width":null,"og_image_height":null,"og_image_custom_url":null,"og_image_custom_fields":null,"og_video":"","og_custom_url":null,"og_article_section":null,"og_article_tags":null,"twitter_use_og":false,"twitter_card":"default","twitter_image_type":"default","twitter_image_url":null,"twitter_image_custom_url":null,"twitter_image_custom_fields":null,"twitter_title":null,"twitter_description":null,"schema":{"blockGraphs":[],"customGraphs":[],"default":{"data":{"Article":[],"Course":[],"Dataset":[],"FAQPage":[],"Movie":[],"Person":[],"Product":[],"ProductReview":[],"Car":[],"Recipe":[],"Service":[],"SoftwareApplication":[],"WebPage":[]},"graphName":"WebPage","isEnabled":true},"graphs":[]},"schema_type":"default","schema_type_options":null,"pillar_content":false,"robots_default":true,"robots_noindex":false,"robots_noarchive":false,"robots_nosnippet":false,"robots_nofollow":false,"robots_noimageindex":false,"robots_noodp":false,"robots_notranslate":false,"robots_max_snippet":"-1","robots_max_videopreview":"-1","robots_max_imagepreview":"large","priority":null,"frequency":"default","local_seo":null,"seo_analyzer_scan_date":"2026-02-19 19:40:04","limit_modified_date":false,"reviewed_by":"0","open_ai":null,"ai":{"faqs":[],"keyPoints":[],"titles":[],"descriptions":[],"socialPosts":{"email":[],"linkedin":[],"twitter":[],"facebook":[],"instagram":[]}},"created":"2023-07-26 09:53:01","updated":"2026-02-19 19:40:04"},"aioseo_breadcrumb":"<div class=\"aioseo-breadcrumbs\"><span class=\"aioseo-breadcrumb\">\n\t<a href=\"https:\/\/monatglobal.com\/pl\" title=\"Home\">Home<\/a>\n<\/span><span class=\"aioseo-breadcrumb-separator\">&raquo;<\/span><span class=\"aioseo-breadcrumb\">\n\tSUCHY SZAMPON Z OD\u017bYWK\u0104 MONAT STUDIO ONE\u2122 THE CHAMP\u2122\n<\/span><\/div>","aioseo_breadcrumb_json":[{"label":"Home","link":"https:\/\/monatglobal.com\/pl"},{"label":"SUCHY SZAMPON Z OD\u017bYWK\u0104 MONAT STUDIO ONE\u2122 THE CHAMP\u2122","link":"https:\/\/monatglobal.com\/pl\/conditioning-dry-shampoo\/"}],"_links":{"self":[{"href":"https:\/\/monatglobal.com\/pl\/wp-json\/wp\/v2\/pages\/63909","targetHints":{"allow":["GET"]}}],"collection":[{"href":"https:\/\/monatglobal.com\/pl\/wp-json\/wp\/v2\/pages"}],"about":[{"href":"https:\/\/monatglobal.com\/pl\/wp-json\/wp\/v2\/types\/page"}],"author":[{"embeddable":true,"href":"https:\/\/monatglobal.com\/pl\/wp-json\/wp\/v2\/users\/31"}],"replies":[{"embeddable":true,"href":"https:\/\/monatglobal.com\/pl\/wp-json\/wp\/v2\/comments?post=63909"}],"version-history":[{"count":36,"href":"https:\/\/monatglobal.com\/pl\/wp-json\/wp\/v2\/pages\/63909\/revisions"}],"predecessor-version":[{"id":109303,"href":"https:\/\/monatglobal.com\/pl\/wp-json\/wp\/v2\/pages\/63909\/revisions\/109303"}],"wp:featuredmedia":[{"embeddable":true,"href":"https:\/\/monatglobal.com\/pl\/wp-json\/wp\/v2\/media\/69903"}],"wp:attachment":[{"href":"https:\/\/monatglobal.com\/pl\/wp-json\/wp\/v2\/media?parent=63909"}],"wp:term":[{"taxonomy":"category","embeddable":true,"href":"https:\/\/monatglobal.com\/pl\/wp-json\/wp\/v2\/categories?post=63909"},{"taxonomy":"post_tag","embeddable":true,"href":"https:\/\/monatglobal.com\/pl\/wp-json\/wp\/v2\/tags?post=63909"}],"curies":[{"name":"wp","href":"https:\/\/api.w.org\/{rel}","templated":true}]}}