{"id":63904,"date":"2021-10-06T16:38:19","date_gmt":"2021-10-06T15:38:19","guid":{"rendered":"https:\/\/monatglobal.com\/pl\/?page_id=63904"},"modified":"2026-02-19T17:02:22","modified_gmt":"2026-02-19T17:02:22","slug":"lash-brow-enhancing-serum","status":"publish","type":"page","link":"https:\/\/monatglobal.com\/pl\/lash-brow-enhancing-serum\/","title":{"rendered":"LASH &amp; BROW ENHANCING SERUM BY MONAT\u2122\ufe0f"},"content":{"rendered":"\n<link rel=\"stylesheet\" href=\"https:\/\/unpkg.com\/swiper\/swiper-bundle.min.css\">\n<link rel=\"stylesheet\" href=\"https:\/\/monatglobal.com\/wp-content\/creative_css\/product_styles_sheet.css\">\n   <!--==================================================== ECOMM SECTION ====================================================-->\n      <!--==================================================== Ecomm image ====================================================-->\n      <img decoding=\"async\" src=\"https:\/\/monatglobal.com\/es\/wp-content\/uploads\/sites\/10\/2021\/10\/LASH-BROW-ENHANCING-SERUM-BY-MONAT-ecomm.png\" alt=\"Product shot of Lash &amp; Brow Enhancing Serum\" loading=\"lazy\">\n      <!--==================================================== Ecomm information  ====================================================-->\n         \n         <h1>Lash &amp; Brow<br>Enhancing Serum<br>by&nbsp;MONAT\u2122<\/h1>\n         \n         <p>Serum, kt\u00f3re pogrubia brwi i&nbsp;rz\u0119sy, daj\u0105c d\u0142ugotrwa\u0142e&nbsp;rezultaty.*<\/p>\n         <p>*Na podstawie wynik\u00f3w testu percepcji trwaj\u0105cego 28 dni.<\/p>\n         <p>9 ml \u212e 0.3 fl. oz.<\/p>\n       <!--==================================================== pricing box ====================================================-->  \n         <p>Cena detaliczna<br>000.00 z\u0142<\/p>\n         <p>Klient VIP<br>000.00 z\u0142<\/p>\n        <!--==================================================== pricing box ====================================================--> \n         <p>Je\u015bli chcesz dowiedzie\u0107 si\u0119 wi\u0119cej na temat preparatu Lash &amp; Brow Enhancing Serum by MONAT\u2122, skontaktuj si\u0119 ze swoim Market Partnerem&nbsp;MONAT.<\/p>\n          <a href=\"\" target=\"_blank\" role=\"button\" aria-label=\"\" rel=\"noopener\"><\/a>\n   <!--==================================================== \/ECOMM SECTION  ====================================================-->\n   <!--==================================================== Benefits image ====================================================-->\n \n  <source media=\"(max-width: 700px)\" srcset=\"https:\/\/monatglobal.com\/nz\/wp-content\/uploads\/sites\/15\/2022\/10\/Lash-brow-benefits_mobile.jpg\" loading=\"lazy\">\n    <img decoding=\"async\" src=\"https:\/\/monatglobal.com\/nz\/wp-content\/uploads\/sites\/15\/2022\/11\/Lash-Brow-Enhancing-Serum-by-MONAT-benefits.jpg\" alt=\"Blonde female applying the Lash &amp; Brow Enhancing Serum to her lashes.\" loading=\"lazy\">\n  \n   <!--==================================================== Benefits text ====================================================-->\n         <h2>ZALETY<\/h2>\n         <h3>To wyj\u0105tkowym serum do codziennego stosowania zawiera przebadane klinicznie sk\u0142adniki, kt\u00f3re pomagaj\u0105 wzmocni\u0107 oraz piel\u0119gnowa\u0107 brwi i&nbsp;rz\u0119sy.<\/h3>\n         <p>Testy kliniczne wykaza\u0142y, \u017ce produkt poprawia d\u0142ugo\u015b\u0107 rz\u0119s nawet o&nbsp;8% oraz ich obj\u0119to\u015b\u0107 o&nbsp;20% w&nbsp;zaledwie 28&nbsp;dni.<\/p>\n         <!--==================================================== features image  ====================================================-->\n         <img decoding=\"async\" alt=\"Lash &amp; Brow Enhancing Serum standing against a concrete wall\" src=\"https:\/\/monatglobal.com\/nz\/wp-content\/uploads\/sites\/15\/2022\/10\/Lash-brow-features.jpg\" loading=\"lazy\">\n      <!--==================================================== features text ====================================================-->\n            <h3>Cechy<\/h3>\n               <p>\/ Formu\u0142a pogrubiaj\u0105ca brwi i&nbsp;rz\u0119sy, zawieraj\u0105ca CAPIXYL\u2122<\/p>\n               <p>\/ Mi\u0119kki, w\u0105ski aplikator do precyzyjnej aplikacji<\/p>\n               <br>\n            <p>Zapach \/ Produkt bezzapachowy<\/p>\n            <p> Konsystencja \/ Lekkie serum<\/p>\n   <!--==================================================== composition image mobile ====================================================-->\n   <img decoding=\"async\" alt=\"Lash &amp; Brow Enhancing Serum laying on a flat surface with water droplets\" src=\"https:\/\/monatglobal.com\/nz\/wp-content\/uploads\/sites\/15\/2022\/10\/lash-brow-Composition-1-Recovered.jpg\" loading=\"lazy\">\n   <!--==================================================== Why it works text ====================================================-->\n      <h2>Przebadane klinicznie sk\u0142adniki widocznie poprawiaj\u0105 kondycj\u0119 brwi i&nbsp;rz\u0119s.<\/h2>\n      <h3>Bezzapachowa formu\u0142a zawiera skuteczne sk\u0142adniki przetestowane dermatologicznie i&nbsp;okulistycznie, kt\u00f3re pomagaj\u0105 wyd\u0142u\u017cy\u0107 rz\u0119sy i&nbsp;zwi\u0119kszy\u0107 ich obj\u0119to\u015b\u0107 w&nbsp;28 dni, jak r\u00f3wnie\u017c wzmocni\u0107 kondycj\u0119 brwi.<\/h3>\n<!--==================================================== Composition section ====================================================-->\n      <img decoding=\"async\" alt=\"Lash &amp; Brow Enhancing Serum laying on a flat surface with water droplets\" src=\"https:\/\/monatglobal.com\/nz\/wp-content\/uploads\/sites\/15\/2022\/10\/lash-brow-Composition-1-Recovered.jpg\" loading=\"lazy\">\n      <img decoding=\"async\" alt=\"Blonde female smiling while holding Lash &amp; Brow Enhancing Serum, overlaying a texture shot.\" src=\"https:\/\/monatglobal.com\/nz\/wp-content\/uploads\/sites\/15\/2022\/10\/Lash-brow-enhancing-Composition-3.jpg\" loading=\"lazy\">\n            <!--==================================================== Directions text ====================================================--> \n               <h3>Spos\u00f3b u\u017cycia<\/h3>\n                    <p>\/ Rz\u0119sy: Nak\u0142adaj cienk\u0105 warstw\u0119 produktu na sk\u00f3r\u0119 bez makija\u017cu wzd\u0142u\u017c g\u00f3rnej i&nbsp;dolnej linii rz\u0119s (w miejscu ich zetkni\u0119cia ze sk\u00f3r\u0105) dwa razy dziennie. Aby osi\u0105gn\u0105\u0107 najlepsze rezultaty, nak\u0142adaj produkt rano i&nbsp;wieczorem przez 28 dni z&nbsp;rz\u0119du.<\/p>\n                    <p>\/ Brwi: Nak\u0142adaj dwa razy dziennie na sk\u00f3r\u0119 bez makija\u017cu, wykonuj\u0105c kr\u00f3tkie uko\u015bne ruchy do g\u00f3ry. Nadmiar produktu wklep w&nbsp;sk\u00f3r\u0119 koniuszkami palc\u00f3w. Aby osi\u0105gn\u0105\u0107 najlepsze rezultaty, nak\u0142adaj produkt rano i&nbsp;wieczorem przez 28 dni z&nbsp;rz\u0119du.<\/p><br>\n                    <p>\/ Pozostaw produkt na 7-10 minut do wyschni\u0119cia przed na\u0142o\u017ceniem&nbsp;makija\u017cu.<\/p>\n            <!--==================================================== Directions video ====================================================-->\n      <p>REJUVENIQE<sup>\u00ae<\/sup> <br>0:00<\/p>\n      <a href=\"\" target=\"_blank\" role=\"button\" aria-label=\"\" rel=\"noopener\"><\/a>\n   <!--==================================================== Ingredients section  ====================================================-->\n      <h2>NAJWA\u017bNIEJSZE SK\u0141ADNIKI<\/h2>\n   <p>Capixyl<sup>\u2122<\/sup><\/p>\n    <img decoding=\"async\" src=\"https:\/\/monatglobal.com\/wp-content\/uploads\/2022\/11\/Vegetable-Derived-Keratin.svg\" alt=\"Vegetable-Derived Keratin\">\n <p>Wega\u0144ska keratyna<\/p>\n        <button id=\"myBtn\" type=\"button\">LISTA SK\u0141ADNIK\u00d3W<\/button>\n      <!--==================================================== Modal content  ====================================================-->\n         \u00d7\n         <p>&#8222;Aqua\/Water\/Eau, Butylene Glycol, Hydroxyethylcellulose, Trifolium Pratense (Clover) Flower Extract, Acetyl Tetrapeptide-3, Tocopherol, Wheat Amino Acids, Soy Amino Acids, Arginine HCl, Serine, Threonine, Dextran, Benzyl Alcohol, Ethylhexylglycerin. &#8222;<\/p>\n   <!--==================================================== You might also like section ====================================================-->\n      <h2>INNE PRODUKTY, KT\u00d3RE MOG\u0104 CI\u0118&nbsp;ZAINTERESOWA\u0106<\/h2>\n      <!--==================================================== Slider YOU MIGHT ALSO LIKE ====================================================-->\n      <!---->\n      <!--   -->\n            <!--==================================================== Slides products ====================================================-->\n      <!--      -->\n      <!--         <a href=\"\/pl\/collagen\/\" aria-label=\"Go to Collagen Key\u2122 page\">-->\n      <!--          <img decoding=\"async\" src=\"https:\/\/monatglobal.com\/es\/wp-content\/uploads\/sites\/10\/2021\/12\/collagen-key-EU-ecomm-2022.png\" alt=\"Collagen Key\u2122\" loading=\"lazy\"\/>-->\n      <!--          <p>Collagen Key\u2122<\/p>-->\n      <!--        <\/a>-->\n      <!--      -->\n      <!--      -->\n      <!--         <a href=\"\/pl\/skincare-perfector\/\" aria-label=\"Go to 30 Second Miracle\u2122 B\u0142yskawiczny Perfektor page\">-->\n      <!--            <img decoding=\"async\" src=\"https:\/\/monatglobal.com\/wp-content\/uploads\/2022\/12\/30-second-miracle-ecomm-2022-min.png\" alt=\"30 Second Miracle\u2122 B\u0142yskawiczny Perfektor\" loading=\"lazy\"\/>-->\n      <!--            <p>30 Second Miracle\u2122<br \/>B\u0142yskawiczny Perfektor<\/p>-->\n      <!--         <\/a>-->\n      <!--      -->\n      <!--      -->\n      <!--         <a href=\"\/pl\/eye-smooth\/\" aria-label=\"Go to Eye Smooth\u2122 page\">-->\n      <!--            <img decoding=\"async\" src=\"https:\/\/monatglobal.com\/wp-content\/uploads\/2022\/12\/Eye-smooth-ecomm-2022-min.png\" alt=\"Eye Smooth\u2122\" loading=\"lazy\"\/>-->\n      <!--            <p>Eye Smooth\u2122<\/p>-->\n      <!--         <\/a>-->\n      <!--      -->\n      <!--   -->\n         <!--==================================================== If we need navigation buttons  ====================================================-->\n      <!--   -->\n      <!--   -->\n         <!--==================================================== If we need paginations  ====================================================-->\n      <!--   -->\n      <!---->\n         <!--==================================================== If we need navigation buttons  ====================================================-->\n         <!--==================================================== If we need paginations  ====================================================-->\n    <a href=\"\" aria-label=\"\"><\/a>\n<!--==================================================== this link has to go last for it to work   ====================================================-->\n","protected":false},"excerpt":{"rendered":"<p>Lash &amp; BrowEnhancing Serumby&nbsp;MONAT\u2122 Serum, kt\u00f3re pogrubia brwi i&nbsp;rz\u0119sy, daj\u0105c d\u0142ugotrwa\u0142e&nbsp;rezultaty.* *Na podstawie wynik\u00f3w testu percepcji trwaj\u0105cego 28 dni. 9 ml \u212e 0.3 fl. oz. Cena detaliczna000.00 z\u0142 Klient VIP000.00 z\u0142 Je\u015bli chcesz dowiedzie\u0107 si\u0119 wi\u0119cej na temat preparatu Lash &amp; Brow Enhancing Serum by MONAT\u2122, skontaktuj si\u0119 ze swoim Market Partnerem&nbsp;MONAT. ZALETY To wyj\u0105tkowym&hellip;<\/p>\n","protected":false},"author":31,"featured_media":69873,"parent":0,"menu_order":0,"comment_status":"closed","ping_status":"closed","template":"","meta":{"inline_featured_image":false,"om_disable_all_campaigns":false,"_monsterinsights_skip_tracking":false,"_monsterinsights_sitenote_active":false,"_monsterinsights_sitenote_note":"","_monsterinsights_sitenote_category":0,"footnotes":""},"categories":[39],"tags":[],"class_list":["post-63904","page","type-page","status-publish","has-post-thumbnail","hentry","category-product-pl"],"aioseo_notices":[],"aioseo_head":"\n\t\t<!-- All in One SEO Pro 4.9.5.2 - aioseo.com -->\n\t<meta name=\"description\" content=\"--&gt;\" \/>\n\t<meta name=\"robots\" content=\"max-image-preview:large\" \/>\n\t<link rel=\"canonical\" href=\"https:\/\/monatglobal.com\/pl\/lash-brow-enhancing-serum\/\" \/>\n\t<meta name=\"generator\" content=\"All in One SEO Pro (AIOSEO) 4.9.5.2\" \/>\n\t\t<meta property=\"og:locale\" content=\"pl_PL\" \/>\n\t\t<meta property=\"og:site_name\" content=\"MONAT POLAND - MONAT GLOBAL\" \/>\n\t\t<meta property=\"og:type\" content=\"article\" \/>\n\t\t<meta property=\"og:title\" content=\"LASH &amp; BROW ENHANCING SERUM BY MONAT\u2122\ufe0f\" \/>\n\t\t<meta property=\"og:description\" content=\"--&gt;\" \/>\n\t\t<meta property=\"og:url\" content=\"https:\/\/monatglobal.com\/pl\/lash-brow-enhancing-serum\/\" \/>\n\t\t<meta property=\"article:published_time\" content=\"2021-10-06T15:38:19+00:00\" \/>\n\t\t<meta property=\"article:modified_time\" content=\"2026-02-19T17:02:22+00:00\" \/>\n\t\t<meta name=\"twitter:card\" content=\"summary_large_image\" \/>\n\t\t<meta name=\"twitter:title\" content=\"LASH &amp; BROW ENHANCING SERUM BY MONAT\u2122\ufe0f\" \/>\n\t\t<meta name=\"twitter:description\" content=\"--&gt;\" \/>\n\t\t<script type=\"application\/ld+json\" class=\"aioseo-schema\">\n\t\t\t{\"@context\":\"https:\\\/\\\/schema.org\",\"@graph\":[{\"@type\":\"BreadcrumbList\",\"@id\":\"https:\\\/\\\/monatglobal.com\\\/pl\\\/lash-brow-enhancing-serum\\\/#breadcrumblist\",\"itemListElement\":[{\"@type\":\"ListItem\",\"@id\":\"https:\\\/\\\/monatglobal.com\\\/pl#listItem\",\"position\":1,\"name\":\"Home\",\"item\":\"https:\\\/\\\/monatglobal.com\\\/pl\",\"nextItem\":{\"@type\":\"ListItem\",\"@id\":\"https:\\\/\\\/monatglobal.com\\\/pl\\\/lash-brow-enhancing-serum\\\/#listItem\",\"name\":\"LASH &amp; BROW ENHANCING SERUM BY MONAT\\u2122\\ufe0f\"}},{\"@type\":\"ListItem\",\"@id\":\"https:\\\/\\\/monatglobal.com\\\/pl\\\/lash-brow-enhancing-serum\\\/#listItem\",\"position\":2,\"name\":\"LASH &amp; BROW ENHANCING SERUM BY MONAT\\u2122\\ufe0f\",\"previousItem\":{\"@type\":\"ListItem\",\"@id\":\"https:\\\/\\\/monatglobal.com\\\/pl#listItem\",\"name\":\"Home\"}}]},{\"@type\":\"Organization\",\"@id\":\"https:\\\/\\\/monatglobal.com\\\/pl\\\/#organization\",\"name\":\"MONAT POLAND\",\"description\":\"MONAT GLOBAL\",\"url\":\"https:\\\/\\\/monatglobal.com\\\/pl\\\/\"},{\"@type\":\"WebPage\",\"@id\":\"https:\\\/\\\/monatglobal.com\\\/pl\\\/lash-brow-enhancing-serum\\\/#webpage\",\"url\":\"https:\\\/\\\/monatglobal.com\\\/pl\\\/lash-brow-enhancing-serum\\\/\",\"name\":\"LASH & BROW ENHANCING SERUM BY MONAT\\u2122\\ufe0f\",\"description\":\"-->\",\"inLanguage\":\"pl-PL\",\"isPartOf\":{\"@id\":\"https:\\\/\\\/monatglobal.com\\\/pl\\\/#website\"},\"breadcrumb\":{\"@id\":\"https:\\\/\\\/monatglobal.com\\\/pl\\\/lash-brow-enhancing-serum\\\/#breadcrumblist\"},\"image\":{\"@type\":\"ImageObject\",\"url\":\"https:\\\/\\\/monatglobal.com\\\/pl\\\/wp-content\\\/uploads\\\/sites\\\/9\\\/2019\\\/12\\\/LASH-BROW-500x438-2019.png\",\"@id\":\"https:\\\/\\\/monatglobal.com\\\/pl\\\/lash-brow-enhancing-serum\\\/#mainImage\",\"width\":438,\"height\":500},\"primaryImageOfPage\":{\"@id\":\"https:\\\/\\\/monatglobal.com\\\/pl\\\/lash-brow-enhancing-serum\\\/#mainImage\"},\"datePublished\":\"2021-10-06T16:38:19+01:00\",\"dateModified\":\"2026-02-19T17:02:22+00:00\"},{\"@type\":\"WebSite\",\"@id\":\"https:\\\/\\\/monatglobal.com\\\/pl\\\/#website\",\"url\":\"https:\\\/\\\/monatglobal.com\\\/pl\\\/\",\"name\":\"MONAT POLAND\",\"description\":\"MONAT GLOBAL\",\"inLanguage\":\"pl-PL\",\"publisher\":{\"@id\":\"https:\\\/\\\/monatglobal.com\\\/pl\\\/#organization\"}}]}\n\t\t<\/script>\n\t\t<!-- All in One SEO Pro -->\r\n\t\t<title>LASH &amp; BROW ENHANCING SERUM BY MONAT\u2122\ufe0f<\/title>\n\n","aioseo_head_json":{"title":"LASH & BROW ENHANCING SERUM BY MONAT\u2122\ufe0f","description":"-->","canonical_url":"https:\/\/monatglobal.com\/pl\/lash-brow-enhancing-serum\/","robots":"max-image-preview:large","keywords":"","webmasterTools":{"miscellaneous":""},"schema":{"@context":"https:\/\/schema.org","@graph":[{"@type":"BreadcrumbList","@id":"https:\/\/monatglobal.com\/pl\/lash-brow-enhancing-serum\/#breadcrumblist","itemListElement":[{"@type":"ListItem","@id":"https:\/\/monatglobal.com\/pl#listItem","position":1,"name":"Home","item":"https:\/\/monatglobal.com\/pl","nextItem":{"@type":"ListItem","@id":"https:\/\/monatglobal.com\/pl\/lash-brow-enhancing-serum\/#listItem","name":"LASH &amp; BROW ENHANCING SERUM BY MONAT\u2122\ufe0f"}},{"@type":"ListItem","@id":"https:\/\/monatglobal.com\/pl\/lash-brow-enhancing-serum\/#listItem","position":2,"name":"LASH &amp; BROW ENHANCING SERUM BY MONAT\u2122\ufe0f","previousItem":{"@type":"ListItem","@id":"https:\/\/monatglobal.com\/pl#listItem","name":"Home"}}]},{"@type":"Organization","@id":"https:\/\/monatglobal.com\/pl\/#organization","name":"MONAT POLAND","description":"MONAT GLOBAL","url":"https:\/\/monatglobal.com\/pl\/"},{"@type":"WebPage","@id":"https:\/\/monatglobal.com\/pl\/lash-brow-enhancing-serum\/#webpage","url":"https:\/\/monatglobal.com\/pl\/lash-brow-enhancing-serum\/","name":"LASH & BROW ENHANCING SERUM BY MONAT\u2122\ufe0f","description":"-->","inLanguage":"pl-PL","isPartOf":{"@id":"https:\/\/monatglobal.com\/pl\/#website"},"breadcrumb":{"@id":"https:\/\/monatglobal.com\/pl\/lash-brow-enhancing-serum\/#breadcrumblist"},"image":{"@type":"ImageObject","url":"https:\/\/monatglobal.com\/pl\/wp-content\/uploads\/sites\/9\/2019\/12\/LASH-BROW-500x438-2019.png","@id":"https:\/\/monatglobal.com\/pl\/lash-brow-enhancing-serum\/#mainImage","width":438,"height":500},"primaryImageOfPage":{"@id":"https:\/\/monatglobal.com\/pl\/lash-brow-enhancing-serum\/#mainImage"},"datePublished":"2021-10-06T16:38:19+01:00","dateModified":"2026-02-19T17:02:22+00:00"},{"@type":"WebSite","@id":"https:\/\/monatglobal.com\/pl\/#website","url":"https:\/\/monatglobal.com\/pl\/","name":"MONAT POLAND","description":"MONAT GLOBAL","inLanguage":"pl-PL","publisher":{"@id":"https:\/\/monatglobal.com\/pl\/#organization"}}]},"og:locale":"pl_PL","og:site_name":"MONAT POLAND - MONAT GLOBAL","og:type":"article","og:title":"LASH &amp; BROW ENHANCING SERUM BY MONAT\u2122\ufe0f","og:description":"--&gt;","og:url":"https:\/\/monatglobal.com\/pl\/lash-brow-enhancing-serum\/","article:published_time":"2021-10-06T15:38:19+00:00","article:modified_time":"2026-02-19T17:02:22+00:00","twitter:card":"summary_large_image","twitter:title":"LASH &amp; BROW ENHANCING SERUM BY MONAT\u2122\ufe0f","twitter:description":"--&gt;"},"aioseo_meta_data":{"post_id":"63904","title":"LASH &amp; BROW ENHANCING SERUM BY MONAT\u2122\ufe0f","description":null,"keywords":null,"keyphrases":{"focus":{"keyphrase":"","score":0,"analysis":{"keyphraseInTitle":{"score":0,"maxScore":9,"error":1}}},"additional":[]},"primary_term":null,"canonical_url":null,"og_title":null,"og_description":null,"og_object_type":"default","og_image_type":"default","og_image_url":null,"og_image_width":null,"og_image_height":null,"og_image_custom_url":null,"og_image_custom_fields":null,"og_video":"","og_custom_url":null,"og_article_section":null,"og_article_tags":null,"twitter_use_og":false,"twitter_card":"default","twitter_image_type":"default","twitter_image_url":null,"twitter_image_custom_url":null,"twitter_image_custom_fields":null,"twitter_title":null,"twitter_description":null,"schema":{"blockGraphs":[],"customGraphs":[],"default":{"data":{"Article":[],"Course":[],"Dataset":[],"FAQPage":[],"Movie":[],"Person":[],"Product":[],"ProductReview":[],"Car":[],"Recipe":[],"Service":[],"SoftwareApplication":[],"WebPage":[]},"graphName":"WebPage","isEnabled":true},"graphs":[]},"schema_type":"default","schema_type_options":null,"pillar_content":false,"robots_default":true,"robots_noindex":false,"robots_noarchive":false,"robots_nosnippet":false,"robots_nofollow":false,"robots_noimageindex":false,"robots_noodp":false,"robots_notranslate":false,"robots_max_snippet":"-1","robots_max_videopreview":"-1","robots_max_imagepreview":"large","priority":null,"frequency":"default","local_seo":null,"seo_analyzer_scan_date":"2026-02-19 17:02:36","limit_modified_date":false,"reviewed_by":"0","open_ai":null,"ai":{"faqs":[],"keyPoints":[],"titles":[],"descriptions":[],"socialPosts":{"email":[],"linkedin":[],"twitter":[],"facebook":[],"instagram":[]}},"created":"2023-07-26 09:53:01","updated":"2026-02-19 17:12:39"},"aioseo_breadcrumb":"<div class=\"aioseo-breadcrumbs\"><span class=\"aioseo-breadcrumb\">\n\t<a href=\"https:\/\/monatglobal.com\/pl\" title=\"Home\">Home<\/a>\n<\/span><span class=\"aioseo-breadcrumb-separator\">&raquo;<\/span><span class=\"aioseo-breadcrumb\">\n\tLASH &amp; BROW ENHANCING SERUM BY MONAT\u2122\ufe0f\n<\/span><\/div>","aioseo_breadcrumb_json":[{"label":"Home","link":"https:\/\/monatglobal.com\/pl"},{"label":"LASH &amp; BROW ENHANCING SERUM BY MONAT\u2122\ufe0f","link":"https:\/\/monatglobal.com\/pl\/lash-brow-enhancing-serum\/"}],"_links":{"self":[{"href":"https:\/\/monatglobal.com\/pl\/wp-json\/wp\/v2\/pages\/63904","targetHints":{"allow":["GET"]}}],"collection":[{"href":"https:\/\/monatglobal.com\/pl\/wp-json\/wp\/v2\/pages"}],"about":[{"href":"https:\/\/monatglobal.com\/pl\/wp-json\/wp\/v2\/types\/page"}],"author":[{"embeddable":true,"href":"https:\/\/monatglobal.com\/pl\/wp-json\/wp\/v2\/users\/31"}],"replies":[{"embeddable":true,"href":"https:\/\/monatglobal.com\/pl\/wp-json\/wp\/v2\/comments?post=63904"}],"version-history":[{"count":33,"href":"https:\/\/monatglobal.com\/pl\/wp-json\/wp\/v2\/pages\/63904\/revisions"}],"predecessor-version":[{"id":109270,"href":"https:\/\/monatglobal.com\/pl\/wp-json\/wp\/v2\/pages\/63904\/revisions\/109270"}],"wp:featuredmedia":[{"embeddable":true,"href":"https:\/\/monatglobal.com\/pl\/wp-json\/wp\/v2\/media\/69873"}],"wp:attachment":[{"href":"https:\/\/monatglobal.com\/pl\/wp-json\/wp\/v2\/media?parent=63904"}],"wp:term":[{"taxonomy":"category","embeddable":true,"href":"https:\/\/monatglobal.com\/pl\/wp-json\/wp\/v2\/categories?post=63904"},{"taxonomy":"post_tag","embeddable":true,"href":"https:\/\/monatglobal.com\/pl\/wp-json\/wp\/v2\/tags?post=63904"}],"curies":[{"name":"wp","href":"https:\/\/api.w.org\/{rel}","templated":true}]}}