{"id":63900,"date":"2021-10-06T00:06:42","date_gmt":"2021-10-05T23:06:42","guid":{"rendered":"https:\/\/monatglobal.com\/pl\/?page_id=63900"},"modified":"2026-02-19T15:50:44","modified_gmt":"2026-02-19T15:50:44","slug":"rejuveniqe-oil","status":"publish","type":"page","link":"https:\/\/monatglobal.com\/pl\/rejuveniqe-oil\/","title":{"rendered":"REJUVENIQE\u00ae"},"content":{"rendered":"\n<link rel=\"stylesheet\" href=\"https:\/\/unpkg.com\/swiper\/swiper-bundle.min.css\">\n<link rel=\"stylesheet\" href=\"https:\/\/monatglobal.com\/wp-content\/creative_css\/product_styles_sheet.css\">\n    <!--==================================================== ECOMM SECTION ====================================================-->\n    <p>BESTSELLERY<\/p>\n        <!--==================================================== Ecomm image ====================================================-->\n        <img decoding=\"async\" src=\"https:\/\/monatglobal.com\/es\/wp-content\/uploads\/sites\/10\/2021\/10\/rejuveniqe_2021-ecomm.png\" alt=\"MONAT REJUVENIQE\u00ae \" loading=\"lazy\">\n        <!--==================================================== Ecomm information  ====================================================-->\n            NUEVO\n            \n            <p>BESTSELLERY<\/p>\n            <h1>REJUVENIQE<sup>\u00ae<\/sup><\/h1>\n            \n            <p>Mieszanka ponad 13 ro\u015blinnych i&nbsp;eterycznych olejk\u00f3w dla w\u0142os\u00f3w i&nbsp;sk\u00f3ry.<\/p>\n            <p>30 ml \uff451.0 fl.oz.<\/p>\n          <!--==================================================== pricing box  ====================================================-->     \n         <p>Cena detaliczna<br>000.00 z\u0142<\/p>\n         <p>Klient VIP<br>000.00 z\u0142<\/p>\n         <!--==================================================== pricing box  ====================================================-->      \n            <p>Aby dowiedzie\u0107 si\u0119 wi\u0119cej na temat  REJUVENIQE<sup>\u00ae<\/sup>, prosimy skontaktowa\u0107 si\u0119 ze swoim Market Partnerem&nbsp;MONAT.<\/p>\n          <a href=\"\" target=\"_blank\" role=\"button\" aria-label=\"\" rel=\"noopener\"><\/a>\n    <!--==================================================== \/ECOMM SECTION  ====================================================-->\n    <!--==================================================== Benefits image ====================================================-->\n    \n      <source media=\"(max-width: 700px)\" srcset=\"https:\/\/monatglobal.com\/es\/wp-content\/uploads\/sites\/10\/2021\/10\/rejuveniqe-benefits_mobile.jpg\" loading=\"lazy\">\n        <img decoding=\"async\" src=\"https:\/\/monatglobal.com\/es\/wp-content\/uploads\/sites\/10\/2021\/10\/Rejuvenique-benefits-2021.jpg\" alt=\"* * * TBD-update text * * *\" loading=\"lazy\">\n      \n      <!--==================================================== Benefits text ====================================================-->\n          <h2>ZALETY<\/h2>\n          <h3>Wielofunkcyjny olejek, kt\u00f3ry wzmacnia w\u0142osy*, poprawia ich po\u0142ysk**, redukuje puszenie** oraz nawadnia&nbsp;sk\u00f3r\u0119**. <\/h3>\n          *Na podstawie badania \u0142amliwo\u015bci w\u0142os\u00f3w, kt\u00f3re polega\u0142o na ocenie zmniejszenia z\u0142amanych w\u0142\u00f3kien w\u0142os\u00f3w spowodowanych powtarzalnym czesaniem grzebieniem i&nbsp;szczotk\u0105.<br>\n          **Na podstawie test\u00f3w instrumentalnych przeprowadzonych przez niezale\u017cne&nbsp;laboratorium.\n          <!--==================================================== features image  ====================================================-->\n          <img decoding=\"async\" src=\"https:\/\/monatglobal.com\/nz\/wp-content\/uploads\/sites\/15\/2022\/10\/Rejuveniqe-feautres.jpg\" alt=\"-\" loading=\"lazy\">\n        <!--==================================================== features text ====================================================-->\n            <h3>Cechy<\/h3>\n              <p>\/ Mieszanka ponad 13 olejk\u00f3w ro\u015blinnych i&nbsp;eterycznych<\/p>\n              <p>\/ Zakraplacz umo\u017cliwia precyzyjn\u0105 aplikacj\u0119 olejku na sk\u00f3r\u0119&nbsp;g\u0142owy<\/p>\n              <p>\/ Mo\u017ce r\u00f3wnie\u017c pe\u0142ni\u0107 funkcj\u0119 preparatu nawil\u017caj\u0105cego do twarzy lub&nbsp;cia\u0142a <\/p>\n              <p>\/ Wielofunkcyjny: mo\u017cna stosowa\u0107 do w\u0142os\u00f3w, twarzy lub&nbsp;cia\u0142a<\/p>\n              <p>\/ Dodaj do maseczki lub kremu dla uzyskania dodatkowego&nbsp;nawil\u017cenia<\/p>\n      <!--==================================================== composition image mobile ====================================================-->\n      <img decoding=\"async\" alt=\"Two REJUVENIQE\u00ae laying on a flat, tan surface\" src=\"https:\/\/monatglobal.com\/nz\/wp-content\/uploads\/sites\/15\/2022\/10\/Rejuveniqe-comp-1.jpg\" loading=\"lazy\">\n      <!--==================================================== Why it works text ====================================================-->\n        <h2>PRAWDZIWY BRYLANT W\u015aR\u00d3D NASZYCH PRODUKT\u00d3W<\/h2>\n        <h3>MONAT przemierzy\u0142 ca\u0142y \u015bwiat w poszukiwaniu najbardziej unikalnych olejk\u00f3w, kt\u00f3re zapewni\u0142yby zr\u00f3wnowa\u017cone i&nbsp;odm\u0142adzaj\u0105ce korzy\u015bci zar\u00f3wno w\u0142osom, jak i&nbsp;sk\u00f3rze.<\/h3>\n        <p>Pierwszym z&nbsp;wyselekcjonowanych sk\u0142adnik\u00f3w by\u0142 olej abisy\u0144ski, oferuj\u0105cy w\u0142a\u015bciwo\u015bci&nbsp;odm\u0142adzaj\u0105ce.<\/p>\n    <!--==================================================== Composition section ====================================================-->\n        <img decoding=\"async\" src=\"https:\/\/monatglobal.com\/nz\/wp-content\/uploads\/sites\/15\/2022\/10\/Rejuveniqe-comp-1.jpg\" alt=\"MONAT's Hydration Booster product is set over a solid pink background with serum spilled as additional texture.\" loading=\"lazy\">\n        <img decoding=\"async\" src=\"https:\/\/monatglobal.com\/es\/wp-content\/uploads\/sites\/10\/2021\/09\/small-square.png\" alt=\"An african-american woman looking directly at the camera while applying the serum with the eyedropper. Left hand \n        showcases MONAT's Hydration Booster.\" loading=\"lazy\">\n            <!--==================================================== Directions text ====================================================--> \n              <h3>Spos\u00f3b u\u017cycia<\/h3>\n              <p><strong>Jako kuracja przed u\u017cyciem&nbsp;szamponu:<\/strong><\/p>\n              <p>\/ Na\u0142\u00f3\u017c obfit\u0105 ilo\u015b\u0107 na suche lub wilgotne w\u0142osy i&nbsp;sk\u00f3r\u0119&nbsp;g\u0142owy. <\/p>\n              <p>\/ Pozostaw na 15 minut.<\/p>\n              <p>\/ Dok\u0142adnie sp\u0142ucz; umyj w\u0142osy szamponem i na\u0142\u00f3\u017c&nbsp;od\u017cywk\u0119.<\/p>\n            <!--==================================================== Directions video ====================================================-->\n        <p><strong>Jako kuracja intensywnie&nbsp;nawil\u017caj\u0105ca:<\/strong><\/p>\n        <p>\/ Na\u0142\u00f3\u017c obfit\u0105 ilo\u015b\u0107 na wilgotne w\u0142osy i&nbsp;sk\u00f3r\u0119&nbsp;g\u0142owy. <\/p>\n        <p>\/ Owi\u0144 g\u0142ow\u0119 ciep\u0142ym, wilgotnym r\u0119cznikiem i&nbsp;pozostaw na 30&nbsp;minut.<\/p>\n        <p>\/ Dok\u0142adnie sp\u0142ucz; umyj w\u0142osy szamponem i&nbsp;na\u0142\u00f3\u017c&nbsp;od\u017cywk\u0119.<\/p>\n        <br>\n        <p><strong>Preparat bez sp\u0142ukiwania do stylizacji&nbsp;w\u0142os\u00f3w: <\/strong><\/p>\n        <p>\/ Po wysuszeniu w\u0142os\u00f3w niewielk\u0105 ilo\u015b\u0107 preparatu rozetrzyj w&nbsp;d\u0142oniach i&nbsp;rozprowad\u017a na&nbsp;ko\u0144c\u00f3wkach.<\/p>\n        <br>\n        <p><strong>Preparat nawil\u017caj\u0105cy do twarzy:<\/strong><\/p>\n        <p>\/ Stosuj rano i&nbsp;wieczorem na twarz, szyj\u0119 i&nbsp;dekolt przed na\u0142o\u017ceniem kremu nawil\u017caj\u0105cego, koncentruj\u0105c si\u0119 na problematycznych obszarach, takich jak drobne linie, aby uzyska\u0107 natychmiastowe nawil\u017cenie i&nbsp;ochron\u0119.<\/p>\n        <p><strong>Preparat nawil\u017caj\u0105cy do&nbsp;cia\u0142a: <\/strong><\/p>\n        <p>\/ Nak\u0142adaj rano i&nbsp;wieczorem na \u0142okcie, kolana, grzbiety d\u0142oni i&nbsp;inne miejsca z&nbsp;przesuszon\u0105, \u0142uszcz\u0105c\u0105 si\u0119&nbsp;sk\u00f3r\u0105.<\/p>\n        <br>\n        <p><strong>DODATKOWE ZASTOSOWANIA: <\/strong><\/p>\n        <p>\/ Dodaj do ulubionego kremu nawil\u017caj\u0105cego (do twarzy lub cia\u0142a), aby uzyska\u0107 jeszcze lepsze dzia\u0142anie&nbsp;nawil\u017caj\u0105ce.<\/p>\n        <p>\/ Dodaj do od\u017cywki lub maski do w\u0142os\u00f3w, aby uzyska\u0107 dodatkowy po\u0142ysk i&nbsp;lepsze&nbsp;od\u017cywienie.<\/p>\n        <p>\/ Wymieszaj z&nbsp;ulubionym podk\u0142adem w&nbsp;p\u0142ynie, aby dodatkowo nawil\u017cy\u0107 sk\u00f3r\u0119 twarzy nara\u017con\u0105 na wysuszaj\u0105ce czynniki&nbsp;zewn\u0119trzne.<\/p>\n        <p>\/ Wklep kilka kropli preparatu w&nbsp;sk\u00f3r\u0119 twarzy przed podr\u00f3\u017c\u0105 samolotem, aby zapobiec wysuszaniu&nbsp;sk\u00f3ry.<\/p>\n      <a href=\"\" target=\"_blank\" role=\"button\" aria-label=\"\" rel=\"noopener\"><\/a>\n    <!--==================================================== Ingredients section  ====================================================-->\n      <h2>LISTA SK\u0141ADNIK\u00d3W<\/h2>\n      <img decoding=\"async\" src=\"https:\/\/monatglobal.com\/wp-content\/uploads\/2022\/11\/Abyssinian-Oil.svg\" alt=\"Olej abisy\u0144ski\">\n   <p>Olej abisy\u0144ski<\/p>\n    <img decoding=\"async\" src=\"https:\/\/monatglobal.com\/wp-content\/uploads\/2022\/11\/Meadowfoam-Oil.svg\" alt=\"Olej z nasion pianki&nbsp;\u0142\u0105kowej\">\n <p>Olej z nasion pianki&nbsp;\u0142\u0105kowej<\/p>\n   <img decoding=\"async\" src=\"https:\/\/monatglobal.com\/wp-content\/uploads\/2022\/12\/carrotoil.svg\" alt=\"Olej z&nbsp;nasion marchwi\">\n <p>Olej z&nbsp;nasion marchwi<\/p>\n  <button id=\"myBtn\" type=\"button\">LISTA SK\u0141ADNIK\u00d3W<\/button>\n  <!--==================================================== Modal content  ====================================================-->\n    \u00d7\n    <p>Limnanthes Alba (Meadowfoam) Seed Oil, Crambe Abyssinica Seed Oil, Camellia Oleifera Seed Oil, Solanum Lycopersicum (Tomato) Seed Oil, Daucus Carota Sativa (Carrot) Seed Oil, Citrus Limon (Lemon) Peel Oil, Citrus Aurantifolia (Lime) Oil, Citrus Aurantium Bergamia (Bergamot) Fruit Oil, Adansonia Digitata Oil, Mauritia Flexuosa Fruit Oil, Cocos Nucifera (Coconut) Oil, Gardenia Taitensis Flower Extract, Moringa Oleifera Seed Oil, Caryocar Brasiliense Fruit Oil, Helianthus Annuus (Sunflower) Seed Oil, Citral, Limonene, Linalool.<\/p>\n<!--==================================================== You might also like section ====================================================-->\n  <h2>INNE PRODUKTY, KT\u00d3RE MOG\u0104 CI\u0118&nbsp;ZAINTERESOWA\u0106\n  <\/h2>\n  <!--==================================================== Slider YOU MIGHT ALSO LIKE ====================================================-->\n  <!---->\n  <!--  -->\n      <!--==================================================== Slides products ====================================================-->\n  <!--    -->\n  <!--      <a href=\"\/pl\/rejuvabeads-by-monat\/\" aria-label=\"Go to REJUVABEADS page\">-->\n  <!--        <img decoding=\"async\" src=\"https:\/\/monatglobal.com\/wp-content\/uploads\/2022\/12\/Rejevabeads-ecomm.png\" alt=\"REJUVABEADS\" loading=\"lazy\"\/>-->\n  <!--        <p>REJUVABEADS<sup>\u00ae<\/sup><\/p>-->\n  <!--      <\/a>-->\n  <!--    -->\n  <!--    -->\n  <!--      <a href=\"https:\/\/monatglobal.com\/pl\/replenish-masque\/\" aria-label=\"Go to Maska Replenish\u2122 page\" target=\"_blank\" rel=\"noopener\">-->\n  <!--        <img decoding=\"async\" src=\"https:\/\/monatglobal.com\/wp-content\/uploads\/2022\/12\/replenish-masque-e-comm-min.png\" alt=\"Maska Replenish\u2122\" loading=\"lazy\"\/>-->\n  <!--        <p>Maska Replenish\u2122<\/p>-->\n  <!--      <\/a>-->\n  <!--    -->\n  <!--    -->\n  <!--      <a href=\"\/pl\/lightweight-moisturizer\/\" aria-label=\"Go to BE BALANCED\u2122 Lekki Krem Nawil\u017caj\u0105cy page\" target=\"_blank\" rel=\"noopener\">-->\n  <!--        <img decoding=\"async\" src=\"https:\/\/monatglobal.com\/wp-content\/uploads\/2022\/12\/BE-BALANCED-Lightweight-Moisturizer_ecomm-min.png\" alt=\"BE BALANCED\u2122 Lekki Krem Nawil\u017caj\u0105cy\" loading=\"lazy\"\/>-->\n  <!--        <p>BE BALANCED\u2122<br \/>Lekki Krem<br \/>Nawil\u017caj\u0105cy<\/p>-->\n  <!--      <\/a>-->\n  <!--    =-->\n  <!--  -->\n    <!--==================================================== If we need navigation buttons  ====================================================-->\n  <!--  -->\n  <!--  -->\n    <!--==================================================== If we need paginations  ====================================================-->\n  <!--  -->\n  <!---->\n         <!--==================================================== If we need navigation buttons  ====================================================-->\n         <!--==================================================== If we need paginations  ====================================================-->\n    <a href=\"\" aria-label=\"\"><\/a>\n<!--==================================================== this link has to go last for it to work   ====================================================-->\n","protected":false},"excerpt":{"rendered":"<p>BESTSELLERY NUEVO BESTSELLERY REJUVENIQE\u00ae Mieszanka ponad 13 ro\u015blinnych i&nbsp;eterycznych olejk\u00f3w dla w\u0142os\u00f3w i&nbsp;sk\u00f3ry. 30 ml \uff451.0 fl.oz. Cena detaliczna000.00 z\u0142 Klient VIP000.00 z\u0142 Aby dowiedzie\u0107 si\u0119 wi\u0119cej na temat REJUVENIQE\u00ae, prosimy skontaktowa\u0107 si\u0119 ze swoim Market Partnerem&nbsp;MONAT. ZALETY Wielofunkcyjny olejek, kt\u00f3ry wzmacnia w\u0142osy*, poprawia ich po\u0142ysk**, redukuje puszenie** oraz nawadnia&nbsp;sk\u00f3r\u0119**. *Na podstawie badania \u0142amliwo\u015bci w\u0142os\u00f3w,&hellip;<\/p>\n","protected":false},"author":31,"featured_media":109257,"parent":0,"menu_order":0,"comment_status":"closed","ping_status":"closed","template":"","meta":{"inline_featured_image":false,"om_disable_all_campaigns":false,"_monsterinsights_skip_tracking":false,"_monsterinsights_sitenote_active":false,"_monsterinsights_sitenote_note":"","_monsterinsights_sitenote_category":0,"footnotes":""},"categories":[39],"tags":[],"class_list":["post-63900","page","type-page","status-publish","has-post-thumbnail","hentry","category-product-pl"],"aioseo_notices":[],"aioseo_head":"\n\t\t<!-- All in One SEO Pro 4.9.6 - aioseo.com -->\n\t<meta name=\"description\" content=\"BESTSELLERY --&gt;\" \/>\n\t<meta name=\"robots\" content=\"max-image-preview:large\" \/>\n\t<link rel=\"canonical\" href=\"https:\/\/monatglobal.com\/pl\/rejuveniqe-oil\/\" \/>\n\t<meta name=\"generator\" content=\"All in One SEO Pro (AIOSEO) 4.9.6\" \/>\n\t\t<meta property=\"og:locale\" content=\"pl_PL\" \/>\n\t\t<meta property=\"og:site_name\" content=\"MONAT POLAND - MONAT GLOBAL\" \/>\n\t\t<meta property=\"og:type\" content=\"article\" \/>\n\t\t<meta property=\"og:title\" content=\"REJUVENIQE\u00ae - MONAT POLAND\" \/>\n\t\t<meta property=\"og:description\" content=\"BESTSELLERY --&gt;\" \/>\n\t\t<meta property=\"og:url\" content=\"https:\/\/monatglobal.com\/pl\/rejuveniqe-oil\/\" \/>\n\t\t<meta property=\"article:published_time\" content=\"2021-10-05T23:06:42+00:00\" \/>\n\t\t<meta property=\"article:modified_time\" content=\"2026-02-19T15:50:44+00:00\" \/>\n\t\t<meta name=\"twitter:card\" content=\"summary_large_image\" \/>\n\t\t<meta name=\"twitter:title\" content=\"REJUVENIQE\u00ae - MONAT POLAND\" \/>\n\t\t<meta name=\"twitter:description\" content=\"BESTSELLERY --&gt;\" \/>\n\t\t<script type=\"application\/ld+json\" class=\"aioseo-schema\">\n\t\t\t{\"@context\":\"https:\\\/\\\/schema.org\",\"@graph\":[{\"@type\":\"BreadcrumbList\",\"@id\":\"https:\\\/\\\/monatglobal.com\\\/pl\\\/rejuveniqe-oil\\\/#breadcrumblist\",\"itemListElement\":[{\"@type\":\"ListItem\",\"@id\":\"https:\\\/\\\/monatglobal.com\\\/pl#listItem\",\"position\":1,\"name\":\"Home\",\"item\":\"https:\\\/\\\/monatglobal.com\\\/pl\",\"nextItem\":{\"@type\":\"ListItem\",\"@id\":\"https:\\\/\\\/monatglobal.com\\\/pl\\\/rejuveniqe-oil\\\/#listItem\",\"name\":\"REJUVENIQE\\u00ae\"}},{\"@type\":\"ListItem\",\"@id\":\"https:\\\/\\\/monatglobal.com\\\/pl\\\/rejuveniqe-oil\\\/#listItem\",\"position\":2,\"name\":\"REJUVENIQE\\u00ae\",\"previousItem\":{\"@type\":\"ListItem\",\"@id\":\"https:\\\/\\\/monatglobal.com\\\/pl#listItem\",\"name\":\"Home\"}}]},{\"@type\":\"Organization\",\"@id\":\"https:\\\/\\\/monatglobal.com\\\/pl\\\/#organization\",\"name\":\"MONAT POLAND\",\"description\":\"MONAT GLOBAL\",\"url\":\"https:\\\/\\\/monatglobal.com\\\/pl\\\/\"},{\"@type\":\"WebPage\",\"@id\":\"https:\\\/\\\/monatglobal.com\\\/pl\\\/rejuveniqe-oil\\\/#webpage\",\"url\":\"https:\\\/\\\/monatglobal.com\\\/pl\\\/rejuveniqe-oil\\\/\",\"name\":\"REJUVENIQE\\u00ae - MONAT POLAND\",\"description\":\"BESTSELLERY -->\",\"inLanguage\":\"pl-PL\",\"isPartOf\":{\"@id\":\"https:\\\/\\\/monatglobal.com\\\/pl\\\/#website\"},\"breadcrumb\":{\"@id\":\"https:\\\/\\\/monatglobal.com\\\/pl\\\/rejuveniqe-oil\\\/#breadcrumblist\"},\"image\":{\"@type\":\"ImageObject\",\"url\":\"https:\\\/\\\/monatglobal.com\\\/pl\\\/wp-content\\\/uploads\\\/sites\\\/9\\\/2026\\\/02\\\/REJUVENIQE-oil-intensive.png\",\"@id\":\"https:\\\/\\\/monatglobal.com\\\/pl\\\/rejuveniqe-oil\\\/#mainImage\",\"width\":263,\"height\":300},\"primaryImageOfPage\":{\"@id\":\"https:\\\/\\\/monatglobal.com\\\/pl\\\/rejuveniqe-oil\\\/#mainImage\"},\"datePublished\":\"2021-10-06T00:06:42+01:00\",\"dateModified\":\"2026-02-19T15:50:44+00:00\"},{\"@type\":\"WebSite\",\"@id\":\"https:\\\/\\\/monatglobal.com\\\/pl\\\/#website\",\"url\":\"https:\\\/\\\/monatglobal.com\\\/pl\\\/\",\"name\":\"MONAT POLAND\",\"description\":\"MONAT GLOBAL\",\"inLanguage\":\"pl-PL\",\"publisher\":{\"@id\":\"https:\\\/\\\/monatglobal.com\\\/pl\\\/#organization\"}}]}\n\t\t<\/script>\n\t\t<!-- All in One SEO Pro -->\r\n\t\t<title>REJUVENIQE\u00ae - MONAT POLAND<\/title>\n\n","aioseo_head_json":{"title":"REJUVENIQE\u00ae - MONAT POLAND","description":"BESTSELLERY -->","canonical_url":"https:\/\/monatglobal.com\/pl\/rejuveniqe-oil\/","robots":"max-image-preview:large","keywords":"","webmasterTools":{"miscellaneous":""},"schema":{"@context":"https:\/\/schema.org","@graph":[{"@type":"BreadcrumbList","@id":"https:\/\/monatglobal.com\/pl\/rejuveniqe-oil\/#breadcrumblist","itemListElement":[{"@type":"ListItem","@id":"https:\/\/monatglobal.com\/pl#listItem","position":1,"name":"Home","item":"https:\/\/monatglobal.com\/pl","nextItem":{"@type":"ListItem","@id":"https:\/\/monatglobal.com\/pl\/rejuveniqe-oil\/#listItem","name":"REJUVENIQE\u00ae"}},{"@type":"ListItem","@id":"https:\/\/monatglobal.com\/pl\/rejuveniqe-oil\/#listItem","position":2,"name":"REJUVENIQE\u00ae","previousItem":{"@type":"ListItem","@id":"https:\/\/monatglobal.com\/pl#listItem","name":"Home"}}]},{"@type":"Organization","@id":"https:\/\/monatglobal.com\/pl\/#organization","name":"MONAT POLAND","description":"MONAT GLOBAL","url":"https:\/\/monatglobal.com\/pl\/"},{"@type":"WebPage","@id":"https:\/\/monatglobal.com\/pl\/rejuveniqe-oil\/#webpage","url":"https:\/\/monatglobal.com\/pl\/rejuveniqe-oil\/","name":"REJUVENIQE\u00ae - MONAT POLAND","description":"BESTSELLERY -->","inLanguage":"pl-PL","isPartOf":{"@id":"https:\/\/monatglobal.com\/pl\/#website"},"breadcrumb":{"@id":"https:\/\/monatglobal.com\/pl\/rejuveniqe-oil\/#breadcrumblist"},"image":{"@type":"ImageObject","url":"https:\/\/monatglobal.com\/pl\/wp-content\/uploads\/sites\/9\/2026\/02\/REJUVENIQE-oil-intensive.png","@id":"https:\/\/monatglobal.com\/pl\/rejuveniqe-oil\/#mainImage","width":263,"height":300},"primaryImageOfPage":{"@id":"https:\/\/monatglobal.com\/pl\/rejuveniqe-oil\/#mainImage"},"datePublished":"2021-10-06T00:06:42+01:00","dateModified":"2026-02-19T15:50:44+00:00"},{"@type":"WebSite","@id":"https:\/\/monatglobal.com\/pl\/#website","url":"https:\/\/monatglobal.com\/pl\/","name":"MONAT POLAND","description":"MONAT GLOBAL","inLanguage":"pl-PL","publisher":{"@id":"https:\/\/monatglobal.com\/pl\/#organization"}}]},"og:locale":"pl_PL","og:site_name":"MONAT POLAND - MONAT GLOBAL","og:type":"article","og:title":"REJUVENIQE\u00ae - MONAT POLAND","og:description":"BESTSELLERY --&gt;","og:url":"https:\/\/monatglobal.com\/pl\/rejuveniqe-oil\/","article:published_time":"2021-10-05T23:06:42+00:00","article:modified_time":"2026-02-19T15:50:44+00:00","twitter:card":"summary_large_image","twitter:title":"REJUVENIQE\u00ae - MONAT POLAND","twitter:description":"BESTSELLERY --&gt;"},"aioseo_meta_data":{"post_id":"63900","title":null,"description":null,"keywords":null,"keyphrases":{"focus":{"keyphrase":"","score":0,"analysis":{"keyphraseInTitle":{"score":0,"maxScore":9,"error":1}}},"additional":[]},"primary_term":null,"canonical_url":null,"og_title":null,"og_description":null,"og_object_type":"default","og_image_type":"default","og_image_url":null,"og_image_width":null,"og_image_height":null,"og_image_custom_url":null,"og_image_custom_fields":null,"og_video":"","og_custom_url":null,"og_article_section":null,"og_article_tags":null,"twitter_use_og":false,"twitter_card":"default","twitter_image_type":"default","twitter_image_url":null,"twitter_image_custom_url":null,"twitter_image_custom_fields":null,"twitter_title":null,"twitter_description":null,"schema":{"blockGraphs":[],"customGraphs":[],"default":{"data":{"Article":[],"Course":[],"Dataset":[],"FAQPage":[],"Movie":[],"Person":[],"Product":[],"ProductReview":[],"Car":[],"Recipe":[],"Service":[],"SoftwareApplication":[],"WebPage":[]},"graphName":"WebPage","isEnabled":true},"graphs":[]},"schema_type":"default","schema_type_options":null,"pillar_content":false,"robots_default":true,"robots_noindex":false,"robots_noarchive":false,"robots_nosnippet":false,"robots_nofollow":false,"robots_noimageindex":false,"robots_noodp":false,"robots_notranslate":false,"robots_max_snippet":"-1","robots_max_videopreview":"-1","robots_max_imagepreview":"large","priority":null,"frequency":"default","local_seo":null,"seo_analyzer_scan_date":"2026-02-19 16:05:53","limit_modified_date":false,"reviewed_by":"0","open_ai":null,"ai":{"faqs":[],"keyPoints":[],"titles":[],"descriptions":[],"socialPosts":{"email":[],"linkedin":[],"twitter":[],"facebook":[],"instagram":[]}},"created":"2023-07-26 09:53:01","updated":"2026-02-19 16:05:53"},"aioseo_breadcrumb":"<div class=\"aioseo-breadcrumbs\"><span class=\"aioseo-breadcrumb\">\n\t<a href=\"https:\/\/monatglobal.com\/pl\" title=\"Home\">Home<\/a>\n<\/span><span class=\"aioseo-breadcrumb-separator\">&raquo;<\/span><span class=\"aioseo-breadcrumb\">\n\tREJUVENIQE\u00ae\n<\/span><\/div>","aioseo_breadcrumb_json":[{"label":"Home","link":"https:\/\/monatglobal.com\/pl"},{"label":"REJUVENIQE\u00ae","link":"https:\/\/monatglobal.com\/pl\/rejuveniqe-oil\/"}],"_links":{"self":[{"href":"https:\/\/monatglobal.com\/pl\/wp-json\/wp\/v2\/pages\/63900","targetHints":{"allow":["GET"]}}],"collection":[{"href":"https:\/\/monatglobal.com\/pl\/wp-json\/wp\/v2\/pages"}],"about":[{"href":"https:\/\/monatglobal.com\/pl\/wp-json\/wp\/v2\/types\/page"}],"author":[{"embeddable":true,"href":"https:\/\/monatglobal.com\/pl\/wp-json\/wp\/v2\/users\/31"}],"replies":[{"embeddable":true,"href":"https:\/\/monatglobal.com\/pl\/wp-json\/wp\/v2\/comments?post=63900"}],"version-history":[{"count":33,"href":"https:\/\/monatglobal.com\/pl\/wp-json\/wp\/v2\/pages\/63900\/revisions"}],"predecessor-version":[{"id":109259,"href":"https:\/\/monatglobal.com\/pl\/wp-json\/wp\/v2\/pages\/63900\/revisions\/109259"}],"wp:featuredmedia":[{"embeddable":true,"href":"https:\/\/monatglobal.com\/pl\/wp-json\/wp\/v2\/media\/109257"}],"wp:attachment":[{"href":"https:\/\/monatglobal.com\/pl\/wp-json\/wp\/v2\/media?parent=63900"}],"wp:term":[{"taxonomy":"category","embeddable":true,"href":"https:\/\/monatglobal.com\/pl\/wp-json\/wp\/v2\/categories?post=63900"},{"taxonomy":"post_tag","embeddable":true,"href":"https:\/\/monatglobal.com\/pl\/wp-json\/wp\/v2\/tags?post=63900"}],"curies":[{"name":"wp","href":"https:\/\/api.w.org\/{rel}","templated":true}]}}