{"id":63895,"date":"2021-10-05T19:54:18","date_gmt":"2021-10-05T18:54:18","guid":{"rendered":"https:\/\/monatglobal.com\/pl\/?page_id=63895"},"modified":"2026-02-19T17:10:35","modified_gmt":"2026-02-19T17:10:35","slug":"monat-black-shampoo-conditioner","status":"publish","type":"page","link":"https:\/\/monatglobal.com\/pl\/monat-black-shampoo-conditioner\/","title":{"rendered":"MONAT BLACK\u2122 SZAMPON + OD\u017bYWKA"},"content":{"rendered":"\n<link rel=\"stylesheet\" href=\"https:\/\/unpkg.com\/swiper\/swiper-bundle.min.css\">\n<link rel=\"stylesheet\" href=\"https:\/\/monatglobal.com\/wp-content\/creative_css\/product_styles_sheet.css\">\n    <!--==================================================== ECOMM SECTION ====================================================-->\n    <p>BESTSELLERY<\/p>\n        <!--==================================================== Ecomm image ====================================================-->\n        <img decoding=\"async\" src=\"https:\/\/monatglobal.com\/es\/wp-content\/uploads\/sites\/10\/2021\/10\/MONAT-BLACK-SHAMPOO-CONDITIONER-ecomm.png\" alt=\"Product shot of MONAT Black Shampoo + Conditioner\ufe0f\" loading=\"lazy\">\n        <!--==================================================== Ecomm information  ====================================================-->\n            \n            <p>BESTSELLERY<\/p>\n            <h1>MONAT BLACK\u2122<br>Szampon + Od\u017cywka 2w1 <\/h1>\n            <p>Z dodatkiem REJUVENIQE\u2122<\/p>\n            <p>Szampon z od\u017cywk\u0105 2w1 zapewnia optymaln\u0105 piel\u0119gnacj\u0119 w jednym preparacie.<\/p>\n            <p>237 ml \u212e 8.0 fl.oz.<\/p>\n        <!--==================================================== pricing box ====================================================-->\n         <p>Cena detaliczna<br>000.00 z\u0142<\/p>\n         <p>Klient VIP<br>000.00 z\u0142<\/p>\n         <!--==================================================== pricing box ====================================================-->\n            <p>Aby dowiedzie\u0107 si\u0119 wi\u0119cej na temat produktu  MONAT BLACK\u2122Szampon + Od\u017cywka 2w1, prosimy skontaktowa\u0107 si\u0119 ze swoim Market Partnerem MONAT.<\/p>\n          <a href=\"\" target=\"_blank\" role=\"button\" aria-label=\"\" rel=\"noopener\"><\/a>\n    <!--==================================================== \/ECOMM SECTION  ====================================================-->\n   <!--==================================================== Benefits image ====================================================-->\n      \n         <source media=\"(max-width: 700px)\" srcset=\"https:\/\/monatglobal.com\/es\/wp-content\/uploads\/sites\/10\/2021\/10\/MONAT-BLACK-SHAMPOO-CONDITIONER-benefits_mobile.jpg\" loading=\"lazy\">\n            <img decoding=\"async\" src=\"https:\/\/monatglobal.com\/es\/wp-content\/uploads\/sites\/10\/2021\/10\/MONAT-BLACK-SHAMPOO-CONDITIONER-benefits-benefits.jpg\" alt=\"Male with long, brown hair washing his hair with MONAT Black Shampoo + Conditioner\" loading=\"lazy\">\n         \n   <!--==================================================== Benefits text ====================================================-->\n         <h2>ZALETY<\/h2>\n         <h3>Oczyszcza i od\u017cywia bez pozbawiania koloru i przesuszania. <\/h3>\n         <p>Wzmacnia w\u0142osy i zapewnia im zdrowszy wygl\u0105d. Mo\u017ce by\u0107 stosowany do wszystkich rodzaj\u00f3w w\u0142os\u00f3w, r\u00f3wnie\u017c farbowanych. Produkt zosta\u0142 przetestowany dermatologicznie i pod k\u0105tem alergii.<\/p>\n         <!--==================================================== features image  ====================================================-->\n         <img decoding=\"async\" alt=\"MONAT Black Shampoo + Conditioner floating and splashing over water \" src=\"https:\/\/monatglobal.com\/nz\/wp-content\/uploads\/sites\/15\/2022\/10\/MONAT-BLACK-SHAMPOO-CONDITIONER-features.jpg\" loading=\"lazy\">\n      <!--==================================================== features text ====================================================-->\n            <h3>Cechy<\/h3>\n               <p>\/ Oczyszczenie i nawil\u017cenie w jednym preparacie<\/p>\n               <p>\/ Orze\u017awiaj\u0105cy zio\u0142owy zapach rozmarynu <\/p>\n               <br>\n            <p>Fragrance \/ Unwind and enjoy a coconut-forward, citrusy aroma with notes of blood orange, coconut husk, cashew nut and&nbsp;sandalwood. <\/p>\n            <p> Texture \/ Cream <\/p>\n   <!--==================================================== composition image mobile ====================================================-->\n   <img decoding=\"async\" alt=\"MONAT Black Shampoo + Conditioner standing on a piece of stone\" src=\"https:\/\/monatglobal.com\/wp-content\/uploads\/2022\/07\/2-monat-black.jpg\" loading=\"lazy\">\n   <!--==================================================== Why it works text ====================================================-->\n            <h2>ZDROWY WYGL\u0104D W\u0141OS\u00d3W BEZ \u017bADNEGO WYSI\u0141KU!<\/h2>\n            <h3>MONAT BLACK\u2122 Szampon + Od\u017cywka 2w1 to od\u017cywienie i wzmocnienie w\u0142os\u00f3w w jednym, prostym&nbsp;kroku.<\/h3>\n            <p>Od\u017cywia Twoje w\u0142osy, aby wygl\u0105da\u0142y  jak najlepiej ka\u017cdego&nbsp;dnia.<\/p>\n<!--==================================================== Composition section ====================================================-->\n      <img decoding=\"async\" alt=\"MONAT Black Shampoo + Conditioner standing on a piece of stone\" src=\"https:\/\/monatglobal.com\/nz\/wp-content\/uploads\/sites\/15\/2022\/10\/Monat-black-directions.jpg\" loading=\"lazy\">\n      <img decoding=\"async\" alt=\"Male washing his hair with MONAT Black Shampoo + Conditioner, overlaying a photo of water\" src=\"https:\/\/monatglobal.com\/nz\/wp-content\/uploads\/sites\/15\/2022\/10\/black-shampoo-directions.jpg\" loading=\"lazy\">\n            <!--==================================================== Directions text ====================================================--> \n               <h3>Spos\u00f3b u\u017cycia<\/h3>\n                    <p>\/ Rozprowad\u017a na d\u0142oniach i na\u0142\u00f3\u017c na wilgotne w\u0142osy.<\/p>\n                    <p>\/ Pozostaw na 2-3 minuty.<\/p>\n                    <p>\/ Sp\u0142ucz i powt\u00f3rz.<\/p>\n            <!--==================================================== Directions video ====================================================-->\n      <p>REJUVENIQE<sup>\u00ae<\/sup><br>0:00<\/p>\n      <a href=\"\" target=\"_blank\" role=\"button\" aria-label=\"\" rel=\"noopener\"><\/a>\n   <!--==================================================== Ingredients section  ====================================================-->\n      <h2>KLUCZOWE SK\u0141ADNIKI<\/h2>\n               <p>REJUVENIQE<sup>\u00ae<\/sup><\/p>\n               <p>CAPIXYL<sup>\u2122<\/sup><\/p>\n               <p>PROCATALINE<sup>\u2122<\/sup><\/p>\n               <p>CRODASORB<sup>\u2122<\/sup><\/p>\n        <button id=\"myBtn\" type=\"button\">LISTA SK\u0141ADNIK\u00d3W<\/button>\n      <!--==================================================== Modal content  ====================================================-->\n         \u00d7\n         <p>Aqua\/Water\/Eau, Lauramidopropyl Betaine, Sodium C14-16 Olefin Sulfonate, Guar Hydroxypropyltrimonium Chloride, Acrylates Copolymer, Sodium Methyl Cocoyl Taurate, Sodium Cocoamphoacetate, Stearyldimoniumhydroxypropyl Decylglucosides Chloride, Pisum Sativum (Pea) Extract, Acetyl Tetrapeptide-3, Trifolium Pratense (Clover) Flower Extract, Limnanthes Alba (Meadowfoam) Seed Oil, Crambe Abyssinica Seed Oil, Camellia Oleifera Seed Oil, Solanum Lycopersicum (Tomato) Seed Oil, Daucus Carota Sativa (Carrot) Seed Oil, Citrus Limon (Lemon) Peel Oil, Citrus Aurantifolia (Lime) Oil, Citrus Aurantium Bergamia (Bergamot) Fruit Oil, Adansonia Digitata Oil, Mauritia Flexuosa Fruit Oil, Cocos Nucifera (Coconut) Oil, Gardenia Taitensis Flower Extract, Moringa Oleifera Seed Oil, Caryocar Brasiliense Fruit Oil, Helianthus Annuus (Sunflower) Seed Oil, Mentha Piperita (Peppermint) Oil, Mentha Arvensis Leaf Oil, Eucalyptus Globulus Leaf Oil, Mentha Viridis (Spearmint) Leaf Oil, Thymus Vulgaris (Thyme) Oil, Lavandula Angustifolia (Lavender) Oil, Glycerin, Tocopherol, Menthol, Cinnamidopropyltrimonium Chloride, Dextran, Propanediol, Glycol Distearate, Sodium Hydroxypropylphosphate Decylglucoside Crosspolymer, Lauramide MIPA, Sodium Hydroxypropylphosphate Laurylglucoside Crosspolymer, Cocamidopropyl Betaine, Butylene Glycol, Oleth-5 Phosphate, Dioleyl Phosphate, Cocamidopropyl Hydroxysultaine, Citric Acid, Trideceth-12, Cetrimonium Chloride, Amodimethicone, Aminomethyl Propanol, Phenethyl Alcohol, Undecyl Alcohol, Benzyl Alcohol.<\/p>\n   <!--==================================================== You might also like section ====================================================-->\n      <h2>INNE PRODUKTY, KT\u00d3RE MOG\u0104 CI\u0118 ZAINTERESOWA\u0106<\/h2>\n      <!--==================================================== Slider YOU MIGHT ALSO LIKE ====================================================-->\n      <!---->\n      <!--   -->\n            <!--==================================================== Slides products ====================================================-->\n      <!--      -->\n      <!--         <a href=\"\/pl\/rejuveniqe-oil\/\" aria-label=\"Go to REJUVENIQE\u00ae page\">-->\n      <!--            <img decoding=\"async\" src=\"https:\/\/monatglobal.com\/wp-content\/uploads\/2022\/12\/rejuveniqe_2021-ecomm.png\" alt=\"REJUVENIQE \u00ae\" loading=\"lazy\"\/>-->\n      <!--            <p>REJUVENIQE<sup>\u00ae<\/sup><\/p>-->\n      <!--         <\/a>-->\n      <!--      -->\n      <!--      -->\n      <!--         <a href=\"\/pl\/men-face-moisturizer\/\" aria-label=\"Go to MONAT FOR MEN\u2122 Krem Nawil\u017caj\u0105cy Do Twarzy page\">-->\n      <!--            <img decoding=\"async\" src=\"https:\/\/monatglobal.com\/wp-content\/uploads\/2022\/12\/essential-face-moisturizer-ecomm-2022-min.png\" alt=\"MONAT FOR MEN\u2122 Krem Nawil\u017caj\u0105cy Do Twarzy\" loading=\"lazy\"\/>-->\n      <!--            <p>MONAT FOR MEN\u2122<br \/>Krem Nawil\u017caj\u0105cy<br \/>Do Twarzy<\/p>-->\n      <!--         <\/a>-->\n      <!--      -->\n      <!--            -->\n      <!--         <a href=\"\/pl\/men-face-wash\/\" aria-label=\"Go to MONAT FOR MEN\u2122 \u017bel Do Mycia Twarzy page\">-->\n      <!--            <img decoding=\"async\" src=\"https:\/\/monatglobal.com\/wp-content\/uploads\/2022\/12\/essential-face-wash-ecomm-2022-min.png\" alt=\"MONAT FOR MEN\u2122 \u017bel Do Mycia Twarzy\" loading=\"lazy\"\/>-->\n      <!--            <p>MONAT FOR MEN\u2122<br \/>\u017bel Do<br \/>Mycia Twarzy<\/p>-->\n      <!--         <\/a>-->\n      <!--      -->\n      <!--   -->\n         <!--==================================================== If we need navigation buttons  ====================================================-->\n      <!--   -->\n      <!--   -->\n         <!--==================================================== If we need paginations  ====================================================-->\n      <!--   -->\n      <!---->\n         <!--==================================================== If we need navigation buttons  ====================================================-->\n         <!--==================================================== If we need paginations  ====================================================-->\n    <a href=\"\" aria-label=\"\"><\/a>\n<!--==================================================== this link has to go last for it to work   ====================================================-->\n","protected":false},"excerpt":{"rendered":"<p>BESTSELLERY BESTSELLERY MONAT BLACK\u2122Szampon + Od\u017cywka 2w1 Z dodatkiem REJUVENIQE\u2122 Szampon z od\u017cywk\u0105 2w1 zapewnia optymaln\u0105 piel\u0119gnacj\u0119 w jednym preparacie. 237 ml \u212e 8.0 fl.oz. Cena detaliczna000.00 z\u0142 Klient VIP000.00 z\u0142 Aby dowiedzie\u0107 si\u0119 wi\u0119cej na temat produktu MONAT BLACK\u2122Szampon + Od\u017cywka 2w1, prosimy skontaktowa\u0107 si\u0119 ze swoim Market Partnerem MONAT. ZALETY Oczyszcza i od\u017cywia&hellip;<\/p>\n","protected":false},"author":31,"featured_media":69982,"parent":0,"menu_order":0,"comment_status":"closed","ping_status":"closed","template":"","meta":{"inline_featured_image":false,"om_disable_all_campaigns":false,"_monsterinsights_skip_tracking":false,"_monsterinsights_sitenote_active":false,"_monsterinsights_sitenote_note":"","_monsterinsights_sitenote_category":0,"footnotes":""},"categories":[39],"tags":[],"class_list":["post-63895","page","type-page","status-publish","has-post-thumbnail","hentry","category-product-pl"],"aioseo_notices":[],"aioseo_head":"\n\t\t<!-- All in One SEO Pro 4.9.6 - aioseo.com -->\n\t<meta name=\"description\" content=\"BESTSELLERY --&gt;\" \/>\n\t<meta name=\"robots\" content=\"max-image-preview:large\" \/>\n\t<link rel=\"canonical\" href=\"https:\/\/monatglobal.com\/pl\/monat-black-shampoo-conditioner\/\" \/>\n\t<meta name=\"generator\" content=\"All in One SEO Pro (AIOSEO) 4.9.6\" \/>\n\t\t<meta property=\"og:locale\" content=\"pl_PL\" \/>\n\t\t<meta property=\"og:site_name\" content=\"MONAT POLAND - MONAT GLOBAL\" \/>\n\t\t<meta property=\"og:type\" content=\"article\" \/>\n\t\t<meta property=\"og:title\" content=\"MONAT BLACK\u2122 SZAMPON + OD\u017bYWKA\" \/>\n\t\t<meta property=\"og:description\" content=\"BESTSELLERY --&gt;\" \/>\n\t\t<meta property=\"og:url\" content=\"https:\/\/monatglobal.com\/pl\/monat-black-shampoo-conditioner\/\" \/>\n\t\t<meta property=\"article:published_time\" content=\"2021-10-05T18:54:18+00:00\" \/>\n\t\t<meta property=\"article:modified_time\" content=\"2026-02-19T17:10:35+00:00\" \/>\n\t\t<meta name=\"twitter:card\" content=\"summary_large_image\" \/>\n\t\t<meta name=\"twitter:title\" content=\"MONAT BLACK\u2122 SZAMPON + OD\u017bYWKA\" \/>\n\t\t<meta name=\"twitter:description\" content=\"BESTSELLERY --&gt;\" \/>\n\t\t<script type=\"application\/ld+json\" class=\"aioseo-schema\">\n\t\t\t{\"@context\":\"https:\\\/\\\/schema.org\",\"@graph\":[{\"@type\":\"BreadcrumbList\",\"@id\":\"https:\\\/\\\/monatglobal.com\\\/pl\\\/monat-black-shampoo-conditioner\\\/#breadcrumblist\",\"itemListElement\":[{\"@type\":\"ListItem\",\"@id\":\"https:\\\/\\\/monatglobal.com\\\/pl#listItem\",\"position\":1,\"name\":\"Home\",\"item\":\"https:\\\/\\\/monatglobal.com\\\/pl\",\"nextItem\":{\"@type\":\"ListItem\",\"@id\":\"https:\\\/\\\/monatglobal.com\\\/pl\\\/monat-black-shampoo-conditioner\\\/#listItem\",\"name\":\"MONAT BLACK\\u2122 SZAMPON + OD\\u017bYWKA\"}},{\"@type\":\"ListItem\",\"@id\":\"https:\\\/\\\/monatglobal.com\\\/pl\\\/monat-black-shampoo-conditioner\\\/#listItem\",\"position\":2,\"name\":\"MONAT BLACK\\u2122 SZAMPON + OD\\u017bYWKA\",\"previousItem\":{\"@type\":\"ListItem\",\"@id\":\"https:\\\/\\\/monatglobal.com\\\/pl#listItem\",\"name\":\"Home\"}}]},{\"@type\":\"Organization\",\"@id\":\"https:\\\/\\\/monatglobal.com\\\/pl\\\/#organization\",\"name\":\"MONAT POLAND\",\"description\":\"MONAT GLOBAL\",\"url\":\"https:\\\/\\\/monatglobal.com\\\/pl\\\/\"},{\"@type\":\"WebPage\",\"@id\":\"https:\\\/\\\/monatglobal.com\\\/pl\\\/monat-black-shampoo-conditioner\\\/#webpage\",\"url\":\"https:\\\/\\\/monatglobal.com\\\/pl\\\/monat-black-shampoo-conditioner\\\/\",\"name\":\"MONAT BLACK\\u2122 SZAMPON + OD\\u017bYWKA\",\"description\":\"BESTSELLERY -->\",\"inLanguage\":\"pl-PL\",\"isPartOf\":{\"@id\":\"https:\\\/\\\/monatglobal.com\\\/pl\\\/#website\"},\"breadcrumb\":{\"@id\":\"https:\\\/\\\/monatglobal.com\\\/pl\\\/monat-black-shampoo-conditioner\\\/#breadcrumblist\"},\"image\":{\"@type\":\"ImageObject\",\"url\":\"https:\\\/\\\/monatglobal.com\\\/pl\\\/wp-content\\\/uploads\\\/sites\\\/9\\\/2020\\\/01\\\/BLACK-2-in-1-Shampoo-Conditioner-eu.png\",\"@id\":\"https:\\\/\\\/monatglobal.com\\\/pl\\\/monat-black-shampoo-conditioner\\\/#mainImage\",\"width\":438,\"height\":500},\"primaryImageOfPage\":{\"@id\":\"https:\\\/\\\/monatglobal.com\\\/pl\\\/monat-black-shampoo-conditioner\\\/#mainImage\"},\"datePublished\":\"2021-10-05T19:54:18+01:00\",\"dateModified\":\"2026-02-19T17:10:35+00:00\"},{\"@type\":\"WebSite\",\"@id\":\"https:\\\/\\\/monatglobal.com\\\/pl\\\/#website\",\"url\":\"https:\\\/\\\/monatglobal.com\\\/pl\\\/\",\"name\":\"MONAT POLAND\",\"description\":\"MONAT GLOBAL\",\"inLanguage\":\"pl-PL\",\"publisher\":{\"@id\":\"https:\\\/\\\/monatglobal.com\\\/pl\\\/#organization\"}}]}\n\t\t<\/script>\n\t\t<!-- All in One SEO Pro -->\r\n\t\t<title>MONAT BLACK\u2122 SZAMPON + OD\u017bYWKA<\/title>\n\n","aioseo_head_json":{"title":"MONAT BLACK\u2122 SZAMPON + OD\u017bYWKA","description":"BESTSELLERY -->","canonical_url":"https:\/\/monatglobal.com\/pl\/monat-black-shampoo-conditioner\/","robots":"max-image-preview:large","keywords":"","webmasterTools":{"miscellaneous":""},"schema":{"@context":"https:\/\/schema.org","@graph":[{"@type":"BreadcrumbList","@id":"https:\/\/monatglobal.com\/pl\/monat-black-shampoo-conditioner\/#breadcrumblist","itemListElement":[{"@type":"ListItem","@id":"https:\/\/monatglobal.com\/pl#listItem","position":1,"name":"Home","item":"https:\/\/monatglobal.com\/pl","nextItem":{"@type":"ListItem","@id":"https:\/\/monatglobal.com\/pl\/monat-black-shampoo-conditioner\/#listItem","name":"MONAT BLACK\u2122 SZAMPON + OD\u017bYWKA"}},{"@type":"ListItem","@id":"https:\/\/monatglobal.com\/pl\/monat-black-shampoo-conditioner\/#listItem","position":2,"name":"MONAT BLACK\u2122 SZAMPON + OD\u017bYWKA","previousItem":{"@type":"ListItem","@id":"https:\/\/monatglobal.com\/pl#listItem","name":"Home"}}]},{"@type":"Organization","@id":"https:\/\/monatglobal.com\/pl\/#organization","name":"MONAT POLAND","description":"MONAT GLOBAL","url":"https:\/\/monatglobal.com\/pl\/"},{"@type":"WebPage","@id":"https:\/\/monatglobal.com\/pl\/monat-black-shampoo-conditioner\/#webpage","url":"https:\/\/monatglobal.com\/pl\/monat-black-shampoo-conditioner\/","name":"MONAT BLACK\u2122 SZAMPON + OD\u017bYWKA","description":"BESTSELLERY -->","inLanguage":"pl-PL","isPartOf":{"@id":"https:\/\/monatglobal.com\/pl\/#website"},"breadcrumb":{"@id":"https:\/\/monatglobal.com\/pl\/monat-black-shampoo-conditioner\/#breadcrumblist"},"image":{"@type":"ImageObject","url":"https:\/\/monatglobal.com\/pl\/wp-content\/uploads\/sites\/9\/2020\/01\/BLACK-2-in-1-Shampoo-Conditioner-eu.png","@id":"https:\/\/monatglobal.com\/pl\/monat-black-shampoo-conditioner\/#mainImage","width":438,"height":500},"primaryImageOfPage":{"@id":"https:\/\/monatglobal.com\/pl\/monat-black-shampoo-conditioner\/#mainImage"},"datePublished":"2021-10-05T19:54:18+01:00","dateModified":"2026-02-19T17:10:35+00:00"},{"@type":"WebSite","@id":"https:\/\/monatglobal.com\/pl\/#website","url":"https:\/\/monatglobal.com\/pl\/","name":"MONAT POLAND","description":"MONAT GLOBAL","inLanguage":"pl-PL","publisher":{"@id":"https:\/\/monatglobal.com\/pl\/#organization"}}]},"og:locale":"pl_PL","og:site_name":"MONAT POLAND - MONAT GLOBAL","og:type":"article","og:title":"MONAT BLACK\u2122 SZAMPON + OD\u017bYWKA","og:description":"BESTSELLERY --&gt;","og:url":"https:\/\/monatglobal.com\/pl\/monat-black-shampoo-conditioner\/","article:published_time":"2021-10-05T18:54:18+00:00","article:modified_time":"2026-02-19T17:10:35+00:00","twitter:card":"summary_large_image","twitter:title":"MONAT BLACK\u2122 SZAMPON + OD\u017bYWKA","twitter:description":"BESTSELLERY --&gt;"},"aioseo_meta_data":{"post_id":"63895","title":"MONAT BLACK\u2122 SZAMPON + OD\u017bYWKA","description":null,"keywords":null,"keyphrases":{"focus":{"keyphrase":"","score":0,"analysis":{"keyphraseInTitle":{"score":0,"maxScore":9,"error":1}}},"additional":[]},"primary_term":null,"canonical_url":null,"og_title":null,"og_description":null,"og_object_type":"default","og_image_type":"default","og_image_url":null,"og_image_width":null,"og_image_height":null,"og_image_custom_url":null,"og_image_custom_fields":null,"og_video":"","og_custom_url":null,"og_article_section":null,"og_article_tags":null,"twitter_use_og":false,"twitter_card":"default","twitter_image_type":"default","twitter_image_url":null,"twitter_image_custom_url":null,"twitter_image_custom_fields":null,"twitter_title":null,"twitter_description":null,"schema":{"blockGraphs":[],"customGraphs":[],"default":{"data":{"Article":[],"Course":[],"Dataset":[],"FAQPage":[],"Movie":[],"Person":[],"Product":[],"ProductReview":[],"Car":[],"Recipe":[],"Service":[],"SoftwareApplication":[],"WebPage":[]},"graphName":"WebPage","isEnabled":true},"graphs":[]},"schema_type":"default","schema_type_options":null,"pillar_content":false,"robots_default":true,"robots_noindex":false,"robots_noarchive":false,"robots_nosnippet":false,"robots_nofollow":false,"robots_noimageindex":false,"robots_noodp":false,"robots_notranslate":false,"robots_max_snippet":"-1","robots_max_videopreview":"-1","robots_max_imagepreview":"large","priority":null,"frequency":"default","local_seo":null,"seo_analyzer_scan_date":"2026-02-19 17:48:57","limit_modified_date":false,"reviewed_by":"0","open_ai":null,"ai":{"faqs":[],"keyPoints":[],"titles":[],"descriptions":[],"socialPosts":{"email":[],"linkedin":[],"twitter":[],"facebook":[],"instagram":[]}},"created":"2023-07-26 09:53:01","updated":"2026-02-19 17:48:57"},"aioseo_breadcrumb":"<div class=\"aioseo-breadcrumbs\"><span class=\"aioseo-breadcrumb\">\n\t<a href=\"https:\/\/monatglobal.com\/pl\" title=\"Home\">Home<\/a>\n<\/span><span class=\"aioseo-breadcrumb-separator\">&raquo;<\/span><span class=\"aioseo-breadcrumb\">\n\tMONAT BLACK\u2122 SZAMPON + OD\u017bYWKA\n<\/span><\/div>","aioseo_breadcrumb_json":[{"label":"Home","link":"https:\/\/monatglobal.com\/pl"},{"label":"MONAT BLACK\u2122 SZAMPON + OD\u017bYWKA","link":"https:\/\/monatglobal.com\/pl\/monat-black-shampoo-conditioner\/"}],"_links":{"self":[{"href":"https:\/\/monatglobal.com\/pl\/wp-json\/wp\/v2\/pages\/63895","targetHints":{"allow":["GET"]}}],"collection":[{"href":"https:\/\/monatglobal.com\/pl\/wp-json\/wp\/v2\/pages"}],"about":[{"href":"https:\/\/monatglobal.com\/pl\/wp-json\/wp\/v2\/types\/page"}],"author":[{"embeddable":true,"href":"https:\/\/monatglobal.com\/pl\/wp-json\/wp\/v2\/users\/31"}],"replies":[{"embeddable":true,"href":"https:\/\/monatglobal.com\/pl\/wp-json\/wp\/v2\/comments?post=63895"}],"version-history":[{"count":39,"href":"https:\/\/monatglobal.com\/pl\/wp-json\/wp\/v2\/pages\/63895\/revisions"}],"predecessor-version":[{"id":109272,"href":"https:\/\/monatglobal.com\/pl\/wp-json\/wp\/v2\/pages\/63895\/revisions\/109272"}],"wp:featuredmedia":[{"embeddable":true,"href":"https:\/\/monatglobal.com\/pl\/wp-json\/wp\/v2\/media\/69982"}],"wp:attachment":[{"href":"https:\/\/monatglobal.com\/pl\/wp-json\/wp\/v2\/media?parent=63895"}],"wp:term":[{"taxonomy":"category","embeddable":true,"href":"https:\/\/monatglobal.com\/pl\/wp-json\/wp\/v2\/categories?post=63895"},{"taxonomy":"post_tag","embeddable":true,"href":"https:\/\/monatglobal.com\/pl\/wp-json\/wp\/v2\/tags?post=63895"}],"curies":[{"name":"wp","href":"https:\/\/api.w.org\/{rel}","templated":true}]}}