{"id":63888,"date":"2021-10-05T15:29:55","date_gmt":"2021-10-05T14:29:55","guid":{"rendered":"https:\/\/monatglobal.com\/pl\/?page_id=63888"},"modified":"2026-03-30T18:59:31","modified_gmt":"2026-03-30T17:59:31","slug":"rejuvabeads","status":"publish","type":"page","link":"https:\/\/monatglobal.com\/pl\/rejuvabeads\/","title":{"rendered":"Rejuvabeads\u00ae"},"content":{"rendered":"\n\n\t<link rel=\"stylesheet\" href=\"https:\/\/unpkg.com\/swiper\/swiper-bundle.min.css\" \/>\n<link rel=\"stylesheet\" href=\"https:\/\/monatglobal.com\/wp-content\/creative_css\/product_styles_sheet.css\" \/>\n    <!--==================================================== ECOMM SECTION ====================================================-->\n    <p>BESTSELLERY<\/p>\n        <!--==================================================== Ecomm image ====================================================-->\n        <img decoding=\"async\" src=\"https:\/\/monatglobal.com\/es\/wp-content\/uploads\/sites\/10\/2021\/10\/Rejevabeads-ecomm.png\" alt=\"Rejuvabeads\u00ae\" loading=\"lazy\"\/>\n        <!--==================================================== Ecomm information  ====================================================-->\n            \n            <p>BESTSELLERY<\/p>\n            <h1>REJUVABEADS<sup>\u00ae<\/sup><br \/><\/h1> \n            <p>Zawiera REJUVENIQE<sup>\u00ae<\/sup><\/p>\n            <p>Rewolucyjna kuracja bez sp\u0142ukiwania, kt\u00f3ra tymczasowo naprawia rozdwojone&nbsp;ko\u0144c\u00f3wki.<\/p>\n            <p>70 ml \u212e 2.4 fl. oz.<\/p>\n          <!--====================================================  pricing box  ====================================================-->    \n         <p>Cena detaliczna<br \/>000.00 z\u0142<\/p>\n         <p>Klient VIP<br \/>000.00 z\u0142<\/p>\n          <!--====================================================  pricing box  ====================================================-->    \n            <p>Aby dowiedzie\u0107 si\u0119 wi\u0119cej na temat REJUVABEADS<sup>\u00ae<\/sup>, prosimy skontaktowa\u0107 si\u0119 ze swoim Market Partnerem&nbsp;MONAT.<\/p>\n          <a href=\"\" target=\"_blank\" role=\"button\" aria-label=\"\"><\/a>\n    <!--==================================================== \/ECOMM SECTION  ====================================================-->\n   <!--==================================================== Benefits image ====================================================-->\n   \n      <source media=\"(max-width: 700px)\" srcset=\"https:\/\/monatglobal.com\/nz\/wp-content\/uploads\/sites\/15\/2022\/10\/Rejuvabeads-benefits_mobile.jpg\" loading=\"lazy\"\/>\n      <img decoding=\"async\" src=\"https:\/\/monatglobal.com\/nz\/wp-content\/uploads\/sites\/15\/2022\/10\/Rejuvabeads-benefits.jpg\" \n      alt=\"A blonde female smiling while holding REJUVABEADS\u00ae by MONAT\" loading=\"lazy\"\/>\n   \n   <!--==================================================== Benefits text ====================================================-->\n         <h2>ZALETY<\/h2>\n         <h3>To wyj\u0105tkowe serum b\u0142yskawicznie redukuje rozdwojone ko\u0144c\u00f3wki o 47%, a&nbsp;efekty utrzymuj\u0105 si\u0119 a\u017c do 24&nbsp;godzin.<\/h3>\n         <p>Zapewnij niesamowit\u0105 g\u0142adko\u015b\u0107 i&nbsp;mi\u0119kko\u015b\u0107 rozdwojonym ko\u0144c\u00f3wkom, aby uzyska\u0107 pi\u0119kne i&nbsp;zdrowe&nbsp;w\u0142osy.<\/p>\n         <!--==================================================== features image  ====================================================-->\n         <img decoding=\"async\" alt=\"REJUVABEADS\u00ae by MONAT laying on a flat surface, along with ingredients such as lemon slices, lime slices, seeds, carrots and tomatoes\" src=\"https:\/\/monatglobal.com\/nz\/wp-content\/uploads\/sites\/15\/2022\/10\/Rejuvabeads-features.jpg\" loading=\"lazy\"\/>\n      <!--==================================================== features text ====================================================-->\n            <h3>Cechy<\/h3>\n               <p>\/ Lekkie serum bez sp\u0142ukiwania, kt\u00f3re zmniejsza ilo\u015b\u0107 rozdwojonych ko\u0144c\u00f3wek i&nbsp;poprawia og\u00f3ln\u0105 kondycj\u0119&nbsp;w\u0142os\u00f3w<\/p>\n               <p>\/\tTechnologia \u0142\u0105cz\u0105ca wi\u0105zania, kt\u00f3ra natychmiastowo naprawia rozdwojone&nbsp;ko\u0144c\u00f3wki<\/p>\n               <br \/>\n            <p>Zapach \/ Kusz\u0105ce zapachy owoc\u00f3w brzoskwini, mango, pomara\u0144czy i&nbsp;granatu po\u0142\u0105czone z&nbsp;sza\u0142wi\u0105, ja\u015bminem i&nbsp;wanili\u0105.<\/p>\n            <p> Konsystencja \/ Lekkie serum<\/p>\n   <!--==================================================== composition image mobile ====================================================-->\n   <img decoding=\"async\" alt=\"REJUVABEADS\u00ae by MONAT laying on a wooden tray sitting on a counter next to a mirror, plant, a wooden comb and wooden brush\" src=\"https:\/\/monatglobal.com\/nz\/wp-content\/uploads\/sites\/15\/2022\/10\/Rejuvabeads-composition-1.jpg\" loading=\"lazy\"\/>\n   <!--==================================================== Why it works text ====================================================-->\n      <h2>Zdrowe w\u0142osy i&nbsp;mniej rozdwojonych&nbsp;ko\u0144c\u00f3wek.<\/h2>\n      <h3>Unikalna technologia wspieraj\u0105ca zdrowe w\u0142osy zawiera mieszank\u0119 olejku REJUVENIQE<sup>\u00ae<\/sup> i&nbsp;ekstraktu z&nbsp;nasion chia, kt\u00f3ra natychmiastowo naprawia rozdwojone&nbsp;ko\u0144c\u00f3wki.<\/h3>\n      <p>Through micro-encapsulation, this revolutionary formula temporarily mends split ends for healthier,&nbsp;hair.<\/p>\n<!--==================================================== Composition section ====================================================-->\n      <img decoding=\"async\" alt=\"Blonde female holding REJUVABEADS\u00ae by MONAT, overlaying a texture shot of REJUVABEADS\u00ae by MONAT\" src=\"https:\/\/monatglobal.com\/nz\/wp-content\/uploads\/sites\/15\/2022\/10\/Rejuvabeads-composition-1.jpg\" loading=\"lazy\"\/>\n      <img decoding=\"async\" alt=\"\" \n      src=\"https:\/\/monatglobal.com\/nz\/wp-content\/uploads\/sites\/15\/2022\/10\/Rejuvabeads-composition-3.jpg\" loading=\"lazy\"\/> \n            <!--==================================================== Directions text ====================================================--> \n               <h3>Spos\u00f3b u\u017cycia\n<\/h3>\n                    <p>\/ Na\u0142\u00f3\u017c na czyste, wysuszone r\u0119cznikiem w\u0142osy. Nak\u0142adaj od po\u0142owy d\u0142ugo\u015bci w\u0142os\u00f3w a\u017c po&nbsp;ko\u0144c\u00f3wki.<\/p>\n                    <p>\/ Odczekaj minut\u0119.<\/p>\n                    <p>\/ Wystylizuj w\u0142osy jak&nbsp;zwykle.<\/p>\n            <!--==================================================== Directions video ====================================================-->\n      <p>REJUVENIQE<sup>\u00ae<\/sup><br \/>0:00<\/p>\n      <a href=\"\" target=\"_blank\"  role=\"button\" aria-label=\"\"><\/a>\n   <!--==================================================== Ingredients section  ====================================================-->\n      <h2>NAJWA\u017bNIEJSZE SK\u0141ADNIKI<\/h2>\n               <p>REJUVENIQE<sup>\u00ae<\/sup><\/p>\n               <p>Ekstrakt z nasion chia<\/p>\n        <button id=\"myBtn\" type=\"button\">LISTA SK\u0141ADNIK\u00d3W<\/button>\n      <!--==================================================== Modal content  ====================================================-->\n         &times;\n         <p>Aqua\/Water\/Eau, Cetearyl Alcohol, Isoamyl Laurate, Behentrimonium Chloride, Glycerin, Limnanthes Alba (Meadowfoam) Seed Oil, Crambe Abyssinica Seed Oil, Camellia Oleifera Seed Oil, Solanum Lycopersicum (Tomato) Seed Oil, Daucus Carota Sativa (Carrot) Seed Oil, Citrus Limon (Lemon) Peel Oil, Citrus Aurantifolia (Lime) Oil, Citrus Aurantium Bergamia (Bergamot) Fruit Oil, Adansonia Digitata Oil, Mauritia Flexuosa Fruit Oil, Cocos Nucifera (Coconut) Oil, Gardenia Taitensis Flower Extract, Moringa Oleifera Seed Oil, Caryocar Brasiliense Fruit Oil, Helianthus Annuus (Sunflower) Seed Oil, Linum Usitatissimum (Linseed) Seed Extract, Salvia Hispanica Seed Extract, Tocopherol, Xanthan Gum, Carrageenan, Algin, Guar Hydroxypropyltrimonium Chloride, Chitosan, Caprylic\/Capric Triglyceride, Coco-Glucoside, Sorbitan Oleate, Fragrance\/Parfum,  Stearamidopropyl Dimethylamine, Benzyl Alcohol, Ethylhexylglycerin, Limonene.<\/p>\n   <!--==================================================== You might also like section ====================================================-->\n      <h2>INNE PRODUKTY, KT\u00d3RE MOG\u0104 CI\u0118&nbsp;ZAINTERESOWA\u0106<\/h2>\n      <!--==================================================== Slider YOU MIGHT ALSO LIKE ====================================================-->\n      <!---->\n      <!--   -->\n            <!--==================================================== Slides products ====================================================-->\n      <!--      -->\n      <!--         <a href=\"\/pl\/rejuveniqe-oil\/\" aria-label=\"Go to REJUVENIQE\u00ae page\">-->\n      <!--            <img decoding=\"async\" src=\"https:\/\/monatglobal.com\/wp-content\/uploads\/2022\/12\/rejuveniqe_2021-ecomm.png\" alt=\"REJUVENIQE \u00ae\" loading=\"lazy\"\/>-->\n      <!--            <p>REJUVENIQE<sup>\u00ae<\/sup><\/p>-->\n      <!--         <\/a>-->\n      <!--      -->\n      <!--   -->\n         <!--==================================================== If we need navigation buttons  ====================================================-->\n      <!--   -->\n      <!--   -->\n         <!--==================================================== If we need paginations  ====================================================-->\n      <!--   -->\n      <!---->\n         <!--==================================================== If we need navigation buttons  ====================================================-->\n         <!--==================================================== If we need paginations  ====================================================-->\n    <a href=\"\" aria-label=\"\"><\/a>\n<!--==================================================== this link has to go last for it to work   ====================================================-->\n\n","protected":false},"excerpt":{"rendered":"<p>BESTSELLERY BESTSELLERY REJUVABEADS\u00ae Zawiera REJUVENIQE\u00ae Rewolucyjna kuracja bez sp\u0142ukiwania, kt\u00f3ra tymczasowo naprawia rozdwojone&nbsp;ko\u0144c\u00f3wki. 70 ml \u212e 2.4 fl. oz. Cena detaliczna000.00 z\u0142 Klient VIP000.00 z\u0142 Aby dowiedzie\u0107 si\u0119 wi\u0119cej na temat REJUVABEADS\u00ae, prosimy skontaktowa\u0107 si\u0119 ze swoim Market Partnerem&nbsp;MONAT. ZALETY To wyj\u0105tkowe serum b\u0142yskawicznie redukuje rozdwojone ko\u0144c\u00f3wki o 47%, a&nbsp;efekty utrzymuj\u0105 si\u0119 a\u017c do 24&nbsp;godzin.&hellip;<\/p>\n","protected":false},"author":31,"featured_media":109265,"parent":0,"menu_order":0,"comment_status":"closed","ping_status":"closed","template":"","meta":{"inline_featured_image":false,"om_disable_all_campaigns":false,"_monsterinsights_skip_tracking":false,"_monsterinsights_sitenote_active":false,"_monsterinsights_sitenote_note":"","_monsterinsights_sitenote_category":0,"footnotes":""},"categories":[39],"tags":[],"class_list":["post-63888","page","type-page","status-publish","has-post-thumbnail","hentry","category-product-pl"],"aioseo_notices":[],"aioseo_head":"\n\t\t<!-- All in One SEO Pro 4.9.5.2 - aioseo.com -->\n\t<meta name=\"description\" content=\"BESTSELLERY BESTSELLERY REJUVABEADS\u00ae Zawiera REJUVENIQE\u00ae Rewolucyjna kuracja bez sp\u0142ukiwania, kt\u00f3ra tymczasowo naprawia rozdwojone ko\u0144c\u00f3wki. 70 ml \u212e 2.4 fl. oz. Cena detaliczna000.00 z\u0142 Klient VIP000.00 z\u0142 Aby dowiedzie\u0107 si\u0119 wi\u0119cej na temat REJUVABEADS\u00ae, prosimy skontaktowa\u0107 si\u0119 ze swoim Market Partnerem MONAT. ZALETY To wyj\u0105tkowe serum b\u0142yskawicznie redukuje rozdwojone ko\u0144c\u00f3wki o 47%, a efekty utrzymuj\u0105 si\u0119 a\u017c do 24 godzin.\" \/>\n\t<meta name=\"robots\" content=\"max-image-preview:large\" \/>\n\t<link rel=\"canonical\" href=\"https:\/\/monatglobal.com\/pl\/rejuvabeads\/\" \/>\n\t<meta name=\"generator\" content=\"All in One SEO Pro (AIOSEO) 4.9.5.2\" \/>\n\t\t<meta property=\"og:locale\" content=\"pl_PL\" \/>\n\t\t<meta property=\"og:site_name\" content=\"MONAT POLAND - MONAT GLOBAL\" \/>\n\t\t<meta property=\"og:type\" content=\"article\" \/>\n\t\t<meta property=\"og:title\" content=\"Rejuvabeads\u00ae - MONAT POLAND\" \/>\n\t\t<meta property=\"og:description\" content=\"BESTSELLERY BESTSELLERY REJUVABEADS\u00ae Zawiera REJUVENIQE\u00ae Rewolucyjna kuracja bez sp\u0142ukiwania, kt\u00f3ra tymczasowo naprawia rozdwojone ko\u0144c\u00f3wki. 70 ml \u212e 2.4 fl. oz. Cena detaliczna000.00 z\u0142 Klient VIP000.00 z\u0142 Aby dowiedzie\u0107 si\u0119 wi\u0119cej na temat REJUVABEADS\u00ae, prosimy skontaktowa\u0107 si\u0119 ze swoim Market Partnerem MONAT. ZALETY To wyj\u0105tkowe serum b\u0142yskawicznie redukuje rozdwojone ko\u0144c\u00f3wki o 47%, a efekty utrzymuj\u0105 si\u0119 a\u017c do 24 godzin.\" \/>\n\t\t<meta property=\"og:url\" content=\"https:\/\/monatglobal.com\/pl\/rejuvabeads\/\" \/>\n\t\t<meta property=\"article:published_time\" content=\"2021-10-05T14:29:55+00:00\" \/>\n\t\t<meta property=\"article:modified_time\" content=\"2026-03-30T17:59:31+00:00\" \/>\n\t\t<meta name=\"twitter:card\" content=\"summary_large_image\" \/>\n\t\t<meta name=\"twitter:title\" content=\"Rejuvabeads\u00ae - MONAT POLAND\" \/>\n\t\t<meta name=\"twitter:description\" content=\"BESTSELLERY BESTSELLERY REJUVABEADS\u00ae Zawiera REJUVENIQE\u00ae Rewolucyjna kuracja bez sp\u0142ukiwania, kt\u00f3ra tymczasowo naprawia rozdwojone ko\u0144c\u00f3wki. 70 ml \u212e 2.4 fl. oz. Cena detaliczna000.00 z\u0142 Klient VIP000.00 z\u0142 Aby dowiedzie\u0107 si\u0119 wi\u0119cej na temat REJUVABEADS\u00ae, prosimy skontaktowa\u0107 si\u0119 ze swoim Market Partnerem MONAT. ZALETY To wyj\u0105tkowe serum b\u0142yskawicznie redukuje rozdwojone ko\u0144c\u00f3wki o 47%, a efekty utrzymuj\u0105 si\u0119 a\u017c do 24 godzin.\" \/>\n\t\t<script type=\"application\/ld+json\" class=\"aioseo-schema\">\n\t\t\t{\"@context\":\"https:\\\/\\\/schema.org\",\"@graph\":[{\"@type\":\"BreadcrumbList\",\"@id\":\"https:\\\/\\\/monatglobal.com\\\/pl\\\/rejuvabeads\\\/#breadcrumblist\",\"itemListElement\":[{\"@type\":\"ListItem\",\"@id\":\"https:\\\/\\\/monatglobal.com\\\/pl#listItem\",\"position\":1,\"name\":\"Home\",\"item\":\"https:\\\/\\\/monatglobal.com\\\/pl\",\"nextItem\":{\"@type\":\"ListItem\",\"@id\":\"https:\\\/\\\/monatglobal.com\\\/pl\\\/rejuvabeads\\\/#listItem\",\"name\":\"Rejuvabeads\\u00ae\"}},{\"@type\":\"ListItem\",\"@id\":\"https:\\\/\\\/monatglobal.com\\\/pl\\\/rejuvabeads\\\/#listItem\",\"position\":2,\"name\":\"Rejuvabeads\\u00ae\",\"previousItem\":{\"@type\":\"ListItem\",\"@id\":\"https:\\\/\\\/monatglobal.com\\\/pl#listItem\",\"name\":\"Home\"}}]},{\"@type\":\"Organization\",\"@id\":\"https:\\\/\\\/monatglobal.com\\\/pl\\\/#organization\",\"name\":\"MONAT POLAND\",\"description\":\"MONAT GLOBAL\",\"url\":\"https:\\\/\\\/monatglobal.com\\\/pl\\\/\"},{\"@type\":\"WebPage\",\"@id\":\"https:\\\/\\\/monatglobal.com\\\/pl\\\/rejuvabeads\\\/#webpage\",\"url\":\"https:\\\/\\\/monatglobal.com\\\/pl\\\/rejuvabeads\\\/\",\"name\":\"Rejuvabeads\\u00ae - MONAT POLAND\",\"description\":\"BESTSELLERY BESTSELLERY REJUVABEADS\\u00ae Zawiera REJUVENIQE\\u00ae Rewolucyjna kuracja bez sp\\u0142ukiwania, kt\\u00f3ra tymczasowo naprawia rozdwojone ko\\u0144c\\u00f3wki. 70 ml \\u212e 2.4 fl. oz. Cena detaliczna000.00 z\\u0142 Klient VIP000.00 z\\u0142 Aby dowiedzie\\u0107 si\\u0119 wi\\u0119cej na temat REJUVABEADS\\u00ae, prosimy skontaktowa\\u0107 si\\u0119 ze swoim Market Partnerem MONAT. ZALETY To wyj\\u0105tkowe serum b\\u0142yskawicznie redukuje rozdwojone ko\\u0144c\\u00f3wki o 47%, a efekty utrzymuj\\u0105 si\\u0119 a\\u017c do 24 godzin.\",\"inLanguage\":\"pl-PL\",\"isPartOf\":{\"@id\":\"https:\\\/\\\/monatglobal.com\\\/pl\\\/#website\"},\"breadcrumb\":{\"@id\":\"https:\\\/\\\/monatglobal.com\\\/pl\\\/rejuvabeads\\\/#breadcrumblist\"},\"image\":{\"@type\":\"ImageObject\",\"url\":\"https:\\\/\\\/monatglobal.com\\\/pl\\\/wp-content\\\/uploads\\\/sites\\\/9\\\/2026\\\/02\\\/REJUVABEADS-500x438-1.png\",\"@id\":\"https:\\\/\\\/monatglobal.com\\\/pl\\\/rejuvabeads\\\/#mainImage\",\"width\":438,\"height\":500},\"primaryImageOfPage\":{\"@id\":\"https:\\\/\\\/monatglobal.com\\\/pl\\\/rejuvabeads\\\/#mainImage\"},\"datePublished\":\"2021-10-05T15:29:55+01:00\",\"dateModified\":\"2026-03-30T18:59:31+01:00\"},{\"@type\":\"WebSite\",\"@id\":\"https:\\\/\\\/monatglobal.com\\\/pl\\\/#website\",\"url\":\"https:\\\/\\\/monatglobal.com\\\/pl\\\/\",\"name\":\"MONAT POLAND\",\"description\":\"MONAT GLOBAL\",\"inLanguage\":\"pl-PL\",\"publisher\":{\"@id\":\"https:\\\/\\\/monatglobal.com\\\/pl\\\/#organization\"}}]}\n\t\t<\/script>\n\t\t<!-- All in One SEO Pro -->\r\n\t\t<title>Rejuvabeads\u00ae - MONAT POLAND<\/title>\n\n","aioseo_head_json":{"title":"Rejuvabeads\u00ae - MONAT POLAND","description":"BESTSELLERY BESTSELLERY REJUVABEADS\u00ae Zawiera REJUVENIQE\u00ae Rewolucyjna kuracja bez sp\u0142ukiwania, kt\u00f3ra tymczasowo naprawia rozdwojone ko\u0144c\u00f3wki. 70 ml \u212e 2.4 fl. oz. Cena detaliczna000.00 z\u0142 Klient VIP000.00 z\u0142 Aby dowiedzie\u0107 si\u0119 wi\u0119cej na temat REJUVABEADS\u00ae, prosimy skontaktowa\u0107 si\u0119 ze swoim Market Partnerem MONAT. ZALETY To wyj\u0105tkowe serum b\u0142yskawicznie redukuje rozdwojone ko\u0144c\u00f3wki o 47%, a efekty utrzymuj\u0105 si\u0119 a\u017c do 24 godzin.","canonical_url":"https:\/\/monatglobal.com\/pl\/rejuvabeads\/","robots":"max-image-preview:large","keywords":"","webmasterTools":{"miscellaneous":""},"schema":{"@context":"https:\/\/schema.org","@graph":[{"@type":"BreadcrumbList","@id":"https:\/\/monatglobal.com\/pl\/rejuvabeads\/#breadcrumblist","itemListElement":[{"@type":"ListItem","@id":"https:\/\/monatglobal.com\/pl#listItem","position":1,"name":"Home","item":"https:\/\/monatglobal.com\/pl","nextItem":{"@type":"ListItem","@id":"https:\/\/monatglobal.com\/pl\/rejuvabeads\/#listItem","name":"Rejuvabeads\u00ae"}},{"@type":"ListItem","@id":"https:\/\/monatglobal.com\/pl\/rejuvabeads\/#listItem","position":2,"name":"Rejuvabeads\u00ae","previousItem":{"@type":"ListItem","@id":"https:\/\/monatglobal.com\/pl#listItem","name":"Home"}}]},{"@type":"Organization","@id":"https:\/\/monatglobal.com\/pl\/#organization","name":"MONAT POLAND","description":"MONAT GLOBAL","url":"https:\/\/monatglobal.com\/pl\/"},{"@type":"WebPage","@id":"https:\/\/monatglobal.com\/pl\/rejuvabeads\/#webpage","url":"https:\/\/monatglobal.com\/pl\/rejuvabeads\/","name":"Rejuvabeads\u00ae - MONAT POLAND","description":"BESTSELLERY BESTSELLERY REJUVABEADS\u00ae Zawiera REJUVENIQE\u00ae Rewolucyjna kuracja bez sp\u0142ukiwania, kt\u00f3ra tymczasowo naprawia rozdwojone ko\u0144c\u00f3wki. 70 ml \u212e 2.4 fl. oz. Cena detaliczna000.00 z\u0142 Klient VIP000.00 z\u0142 Aby dowiedzie\u0107 si\u0119 wi\u0119cej na temat REJUVABEADS\u00ae, prosimy skontaktowa\u0107 si\u0119 ze swoim Market Partnerem MONAT. ZALETY To wyj\u0105tkowe serum b\u0142yskawicznie redukuje rozdwojone ko\u0144c\u00f3wki o 47%, a efekty utrzymuj\u0105 si\u0119 a\u017c do 24 godzin.","inLanguage":"pl-PL","isPartOf":{"@id":"https:\/\/monatglobal.com\/pl\/#website"},"breadcrumb":{"@id":"https:\/\/monatglobal.com\/pl\/rejuvabeads\/#breadcrumblist"},"image":{"@type":"ImageObject","url":"https:\/\/monatglobal.com\/pl\/wp-content\/uploads\/sites\/9\/2026\/02\/REJUVABEADS-500x438-1.png","@id":"https:\/\/monatglobal.com\/pl\/rejuvabeads\/#mainImage","width":438,"height":500},"primaryImageOfPage":{"@id":"https:\/\/monatglobal.com\/pl\/rejuvabeads\/#mainImage"},"datePublished":"2021-10-05T15:29:55+01:00","dateModified":"2026-03-30T18:59:31+01:00"},{"@type":"WebSite","@id":"https:\/\/monatglobal.com\/pl\/#website","url":"https:\/\/monatglobal.com\/pl\/","name":"MONAT POLAND","description":"MONAT GLOBAL","inLanguage":"pl-PL","publisher":{"@id":"https:\/\/monatglobal.com\/pl\/#organization"}}]},"og:locale":"pl_PL","og:site_name":"MONAT POLAND - MONAT GLOBAL","og:type":"article","og:title":"Rejuvabeads\u00ae - MONAT POLAND","og:description":"BESTSELLERY BESTSELLERY REJUVABEADS\u00ae Zawiera REJUVENIQE\u00ae Rewolucyjna kuracja bez sp\u0142ukiwania, kt\u00f3ra tymczasowo naprawia rozdwojone ko\u0144c\u00f3wki. 70 ml \u212e 2.4 fl. oz. Cena detaliczna000.00 z\u0142 Klient VIP000.00 z\u0142 Aby dowiedzie\u0107 si\u0119 wi\u0119cej na temat REJUVABEADS\u00ae, prosimy skontaktowa\u0107 si\u0119 ze swoim Market Partnerem MONAT. ZALETY To wyj\u0105tkowe serum b\u0142yskawicznie redukuje rozdwojone ko\u0144c\u00f3wki o 47%, a efekty utrzymuj\u0105 si\u0119 a\u017c do 24 godzin.","og:url":"https:\/\/monatglobal.com\/pl\/rejuvabeads\/","article:published_time":"2021-10-05T14:29:55+00:00","article:modified_time":"2026-03-30T17:59:31+00:00","twitter:card":"summary_large_image","twitter:title":"Rejuvabeads\u00ae - MONAT POLAND","twitter:description":"BESTSELLERY BESTSELLERY REJUVABEADS\u00ae Zawiera REJUVENIQE\u00ae Rewolucyjna kuracja bez sp\u0142ukiwania, kt\u00f3ra tymczasowo naprawia rozdwojone ko\u0144c\u00f3wki. 70 ml \u212e 2.4 fl. oz. Cena detaliczna000.00 z\u0142 Klient VIP000.00 z\u0142 Aby dowiedzie\u0107 si\u0119 wi\u0119cej na temat REJUVABEADS\u00ae, prosimy skontaktowa\u0107 si\u0119 ze swoim Market Partnerem MONAT. ZALETY To wyj\u0105tkowe serum b\u0142yskawicznie redukuje rozdwojone ko\u0144c\u00f3wki o 47%, a efekty utrzymuj\u0105 si\u0119 a\u017c do 24 godzin."},"aioseo_meta_data":{"post_id":"63888","title":null,"description":null,"keywords":null,"keyphrases":{"focus":{"keyphrase":"","score":0,"analysis":{"keyphraseInTitle":{"score":0,"maxScore":9,"error":1}}},"additional":[]},"primary_term":null,"canonical_url":null,"og_title":null,"og_description":null,"og_object_type":"default","og_image_type":"default","og_image_url":null,"og_image_width":null,"og_image_height":null,"og_image_custom_url":null,"og_image_custom_fields":null,"og_video":"","og_custom_url":null,"og_article_section":null,"og_article_tags":null,"twitter_use_og":false,"twitter_card":"default","twitter_image_type":"default","twitter_image_url":null,"twitter_image_custom_url":null,"twitter_image_custom_fields":null,"twitter_title":null,"twitter_description":null,"schema":{"blockGraphs":[],"customGraphs":[],"default":{"data":{"Article":[],"Course":[],"Dataset":[],"FAQPage":[],"Movie":[],"Person":[],"Product":[],"ProductReview":[],"Car":[],"Recipe":[],"Service":[],"SoftwareApplication":[],"WebPage":[]},"graphName":"WebPage","isEnabled":true},"graphs":[]},"schema_type":"default","schema_type_options":null,"pillar_content":false,"robots_default":true,"robots_noindex":false,"robots_noarchive":false,"robots_nosnippet":false,"robots_nofollow":false,"robots_noimageindex":false,"robots_noodp":false,"robots_notranslate":false,"robots_max_snippet":"-1","robots_max_videopreview":"-1","robots_max_imagepreview":"large","priority":null,"frequency":"default","local_seo":null,"seo_analyzer_scan_date":"2026-04-01 11:28:40","limit_modified_date":false,"reviewed_by":"0","open_ai":null,"ai":{"faqs":[],"keyPoints":[],"titles":[],"descriptions":[],"socialPosts":{"email":[],"linkedin":[],"twitter":[],"facebook":[],"instagram":[]}},"created":"2023-07-26 09:53:01","updated":"2026-04-01 11:28:46"},"aioseo_breadcrumb":"<div class=\"aioseo-breadcrumbs\"><span class=\"aioseo-breadcrumb\">\n\t<a href=\"https:\/\/monatglobal.com\/pl\" title=\"Home\">Home<\/a>\n<\/span><span class=\"aioseo-breadcrumb-separator\">&raquo;<\/span><span class=\"aioseo-breadcrumb\">\n\tRejuvabeads\u00ae\n<\/span><\/div>","aioseo_breadcrumb_json":[{"label":"Home","link":"https:\/\/monatglobal.com\/pl"},{"label":"Rejuvabeads\u00ae","link":"https:\/\/monatglobal.com\/pl\/rejuvabeads\/"}],"_links":{"self":[{"href":"https:\/\/monatglobal.com\/pl\/wp-json\/wp\/v2\/pages\/63888","targetHints":{"allow":["GET"]}}],"collection":[{"href":"https:\/\/monatglobal.com\/pl\/wp-json\/wp\/v2\/pages"}],"about":[{"href":"https:\/\/monatglobal.com\/pl\/wp-json\/wp\/v2\/types\/page"}],"author":[{"embeddable":true,"href":"https:\/\/monatglobal.com\/pl\/wp-json\/wp\/v2\/users\/31"}],"replies":[{"embeddable":true,"href":"https:\/\/monatglobal.com\/pl\/wp-json\/wp\/v2\/comments?post=63888"}],"version-history":[{"count":39,"href":"https:\/\/monatglobal.com\/pl\/wp-json\/wp\/v2\/pages\/63888\/revisions"}],"predecessor-version":[{"id":109396,"href":"https:\/\/monatglobal.com\/pl\/wp-json\/wp\/v2\/pages\/63888\/revisions\/109396"}],"wp:featuredmedia":[{"embeddable":true,"href":"https:\/\/monatglobal.com\/pl\/wp-json\/wp\/v2\/media\/109265"}],"wp:attachment":[{"href":"https:\/\/monatglobal.com\/pl\/wp-json\/wp\/v2\/media?parent=63888"}],"wp:term":[{"taxonomy":"category","embeddable":true,"href":"https:\/\/monatglobal.com\/pl\/wp-json\/wp\/v2\/categories?post=63888"},{"taxonomy":"post_tag","embeddable":true,"href":"https:\/\/monatglobal.com\/pl\/wp-json\/wp\/v2\/tags?post=63888"}],"curies":[{"name":"wp","href":"https:\/\/api.w.org\/{rel}","templated":true}]}}