{"id":63809,"date":"2021-09-17T17:12:59","date_gmt":"2021-09-17T16:12:59","guid":{"rendered":"https:\/\/monatglobal.com\/pl\/?page_id=63809"},"modified":"2026-04-01T12:29:06","modified_gmt":"2026-04-01T11:29:06","slug":"the-monat-opportunity","status":"publish","type":"page","link":"https:\/\/monatglobal.com\/pl\/the-monat-opportunity\/","title":{"rendered":"The Monat Opportunity"},"content":{"rendered":"\n\n\t<style>\n   :root {\n        --mediumSizeP: clamp(1.8rem, 1.6vw, 2.3rem);\n        --smallSizeP: clamp(1.4rem, 1.4vw, 1.8rem);\n        --bigGap: clamp(7rem, 9vw, 12rem);\n        --mediumGap: clamp(5.5rem, 8vw, 10rem);\n        --smallGap: clamp(4rem, 6vw, 6rem); \n   }  \n<\/style>\n    <a href=\"https:\/\/mymonat.com\/pyr_core\/v2_enrollments\/select_market?sponsor_id=&#038;enroll_params=profile_form_type%3Dexpress&#038;market=pl&#038;lang_code=pl\" target=\"_blank\">DO\u0141\u0104CZ TERAZ<\/a>\n    <section id=\"bannerSec\">\n            <h1>Oto pocz\u0105tek <br \/>Twojego sukcesu!<\/h1> \n            OBEJRZYJ FILM\n        <!--<video src=\"https:\/\/monatglobal.com\/wp-content\/uploads\/2024\/11\/opp_video-video-converter.com_.mp4\" loop muted autoplay><\/video>-->\n    <\/section>\n    <section id=\"introSec\">\n        <p>Wyobra\u017a to sobie: tworzysz biznes, kt\u00f3ry rozwija si\u0119 wraz z&nbsp;Twoim \u017cyciem, jednocze\u015bnie dziel\u0105c si\u0119 swoj\u0105 codzienn\u0105 piel\u0119gnacj\u0105, stosuj\u0105c wysokiej jako\u015bci produkty na bazie naturalnych sk\u0142adnik\u00f3w, kt\u00f3re daj\u0105 prawdziwe rezultaty.<\/p>\n                 <video src=\"https:\/\/monatglobal.com\/wp-content\/uploads\/2024\/11\/opp_video-video-converter.com_.mp4\" loop muted autoplay><\/video>\n                 <img decoding=\"async\" src=\" https:\/\/monatglobal.com\/wp-content\/uploads\/2024\/11\/products-that-actually-work_img-web-min.jpg\"\/>\n                 <img decoding=\"async\" src=\"https:\/\/monatglobal.com\/wp-content\/uploads\/2019\/11\/play-btn-shadow.png\"\/>OBEJRZYJ FILM \n            <img decoding=\"async\" src=\"https:\/\/monatglobal.com\/wp-content\/uploads\/2024\/11\/low-tox-products_img-web-min.jpg\" loading=\"lazy\"\/>\n    <\/section>\n    <section id=\"slideSec\">\n                <h2>Dlaczego <br \/> MONAT?<\/h2>\n                <p>Nie pod\u0105\u017camy za trendami, to my je wyznaczamy.<\/p>\n                <img decoding=\"async\" src=\"https:\/\/monatglobal.com\/wp-content\/uploads\/2024\/11\/trends-we-set-them_slide1-min-2.jpg\" loading=\"lazy\"\/>\n                <img decoding=\"async\" src=\"https:\/\/monatglobal.com\/wp-content\/uploads\/2024\/11\/trends-we-set-them_slide2-min-2.jpg\" loading=\"lazy\"\/>\n                         <img decoding=\"async\" src=\"https:\/\/monatglobal.com\/wp-content\/uploads\/2024\/11\/trends-we-set-them_slide3-min.jpg\" loading=\"lazy\"\/>\n               <img decoding=\"async\" src=\"https:\/\/monatglobal.com\/wp-content\/uploads\/2024\/11\/trends-we-set-them_slide4-2024-min.jpg\" loading=\"lazy\"\/>\n                <img decoding=\"async\" src=\"https:\/\/monatglobal.com\/wp-content\/uploads\/2024\/11\/Why-MONAT-slide_img-5-2024-min.jpg\" loading=\"lazy\"\/>\n                   <img decoding=\"async\" src=\"https:\/\/monatglobal.com\/wp-content\/uploads\/2024\/11\/products-that-actually-work_img-web-min.jpg\" loading=\"lazy\"\/>\n            <!---->\n            <p>Nie jeste\u015bmy przeci\u0119tn\u0105 mark\u0105 kosmetyczn\u0105: MONAT to najszybciej rozwijaj\u0105ca si\u0119 firma w&nbsp;bran\u017cy piel\u0119gnacji w\u0142os\u00f3w i&nbsp;numer 1 w\u015br\u00f3d firm sprzeda\u017cy bezpo\u015bredniej oferuj\u0105cych produkty premium do w\u0142os\u00f3w.<\/p>\n    <\/section>\n        <hr \/>\n        <section>\n                01\n                <h2>Produkty  <br \/>premium oferuj\u0105ce  <br \/> prawdziwe rezultaty.<\/h2>\n                Od 2014 roku MONAT jest innowatorem w&nbsp;dziedzinie piel\u0119gnacji sk\u00f3ry g\u0142owy &#8211; na d\u0142ugo przed tym, jak sta\u0142o si\u0119 to popularne.\n                <br \/><br \/>Nasze najnowocze\u015bniejsze formu\u0142y na bazie naturalnych sk\u0142adnik\u00f3w o niskiej toksyczno\u015bci zapewniaj\u0105 w\u0142osy, sk\u00f3r\u0119 oraz pewno\u015b\u0107 siebie na najwy\u017cszym poziomie, kt\u00f3re s\u0105 widoczne go\u0142ym okiem. \n                <img decoding=\"async\" src=\"https:\/\/monatglobal.com\/wp-content\/uploads\/2024\/11\/Premium-Products_img-web-min.jpg\" loading=\"lazy\"\/>\n                <img decoding=\"async\" src=\"https:\/\/monatglobal.com\/wp-content\/uploads\/2018\/03\/leaping-bunny-logo-600-540_400x600-e1520273768164.png\" loading=\"lazy\"\/>\n                <p>Ponadto posiadamy certyfikat Leaping Bunny, dzi\u0119ki czemu mo\u017cesz by\u0107 pewna, \u017ce powa\u017cnie podchodzimy do kwestii dobrobytu zwierz\u0105t.<\/p>\n                <img decoding=\"async\" src=\"https:\/\/monatglobal.com\/wp-content\/uploads\/2026\/01\/Premium-Products-Real-Results_awward-opportunity-min.jpg\" loading=\"lazy\"\/>\n                <p>Potrzebujesz dowod\u00f3w? Wystarczy spojrze\u0107 na nasze osza\u0142amiaj\u0105ce zdj\u0119cia przed i&nbsp;po oraz ponad 80 otrzymanych nagr\u00f3d. Z&nbsp;produktami MONAT rezultaty s\u0105 tak <em>dobre<\/em>, \u017ce Twoi klienci zawsze b\u0119d\u0105 do Ciebie wraca\u0107. <\/p>\n        <\/section>\n        <hr \/>\n        <section> \n                02\n                <h2>Dziel si\u0119 <br \/> swoj\u0105 piel\u0119gnacj\u0105 <br \/> i zarabiaj.<\/h2>\n                <p>Liczby MONAT:<\/p>\n                     Nasz przych\u00f3d wyni\u00f3s\u0142 ponad 3,4 miliarda<br \/><br \/>\n                        Wyp\u0142acili\u015bmy ponad 1,5 miliarda dolar\u00f3w w&nbsp;prowizjach <br \/><br \/>\n                        Pomogli\u015bmy ponad 100 osobom dotrze\u0107 do klubu Million Dollar Club<br \/><br \/>\n                        Wszystko to w&nbsp;ci\u0105gu zaledwie 10 lat! <br \/><br \/>\n                    \n                <img decoding=\"async\" src=\"https:\/\/monatglobal.com\/wp-content\/uploads\/2024\/11\/Monetize-Your-Beauty-Routine_img-web-min.jpg\" loading=\"lazy\"\/>\n            <p>W MONAT cieszysz si\u0119 elastyczno\u015bci\u0105, wsparciem i&nbsp;korzystasz z&nbsp;cennych narz\u0119dzi, kt\u00f3re pomog\u0105 Ci osi\u0105gn\u0105\u0107 Twoje cele. Nie lubisz czeka\u0107? Nie ma sprawy: z&nbsp;nami masz mo\u017cliwo\u015b\u0107 otrzymania wynagrodzenia a\u017c do 5 razy w&nbsp;miesi\u0105cu, gdy pomo\u017cesz innym odkry\u0107 MONAT.<\/p>\n        <\/section>\n        <hr \/>\n        <section> \n                03\n                <h2>Wyj\u0105tkowa <br \/> spo\u0142eczno\u015b\u0107.<\/h2>\n                <p>Zale\u017cy Ci na rozwoju osobistym i&nbsp;zawodowym? Jeste\u015b we w\u0142a\u015bciwym miejscu. <\/p>\n                <p>Tworzymy nie tylko firm\u0119, ale budujemy r\u00f3wnie\u017c spo\u0142eczno\u015b\u0107. Oferujemy pe\u0142ne wsparcie, jakiego potrzebujesz &#8211; w&nbsp;tej podr\u00f3\u017cy nigdy nie jeste\u015b sama. To w\u0142a\u015bnie nasza spo\u0142eczno\u015b\u0107 b\u0119dzie Twoim prawdziwym zwyci\u0119stwem.<\/p>\n                <img decoding=\"async\" src=\"https:\/\/monatglobal.com\/wp-content\/uploads\/2024\/11\/community-vibes_img-web-min.jpg\" loading=\"lazy\"\/>\n            <p>W MONAT zawsze stawiamy poprzeczk\u0119 o milimetr wy\u017cej&#8230; bo gdy stajesz si\u0119 lepsz\u0105 wersj\u0105 siebie, wskazujesz drog\u0119 innym, aby mogli za Tob\u0105 pod\u0105\u017ca\u0107. To w\u0142a\u015bnie sprawia, \u017ce jeste\u015bmy nie do zatrzymania.<\/p>\n        <\/section>\n        <hr \/>\n        <section> \n                04\n                <h2>Zmieniamy \u015bwiat <br \/>na lepsze.<\/h2>\n                <p>Pomaganie le\u017cy w&nbsp;naszej naturze.<\/p>\n                <img decoding=\"async\" src=\"https:\/\/monatglobal.com\/wp-content\/uploads\/2024\/11\/Make-a-Difference_img-web-min.jpg\" loading=\"lazy\"\/>\n                <p>Wsp\u00f3lnie z Fundacj\u0105 MONAT Gratitude przekazali\u015bmy ju\u017c 8 milion\u00f3w dolar\u00f3w na wsparcie rodzin, weteran\u00f3w i&nbsp;edukacj\u0119 dzieci. Ale to dopiero pocz\u0105tek &#8211; Ty te\u017c mo\u017cesz sta\u0107 si\u0119 cz\u0119\u015bci\u0105 naszego ruchu! <\/p>\n            <p>Jako Market Partner masz szans\u0119 na wprowadzenie ma\u0142ych i&nbsp;wielkich zmian, zar\u00f3wno w&nbsp;swojej lokalnej spo\u0142eczno\u015bci, jak i&nbsp;na ca\u0142ym \u015bwiecie. Razem zmieniamy \u017cycie innych i&nbsp;wywieramy pozytywny wp\u0142yw.<\/p>\n        <\/section>\n        <hr \/>\n        <section> \n                05\n                <h2>Dzia\u0142alno\u015b\u0107 na solidnych <br \/> podstawach i nastawiona   <br \/> na sukces.<\/h2>\n                Nasze produkty s\u0105 wytwarzane w&nbsp;USA i&nbsp;spe\u0142niaj\u0105 surowe normy europejskie, dzi\u0119ki czemu ciesz\u0105 si\u0119 najwi\u0119kszym zaufaniem na rynku.\n\n                <p>MONAT <b>jest firm\u0105 rodzinn\u0105, kt\u00f3ra posiada<\/b> pe\u0142n\u0105 kontrol\u0119 nad w\u0142asn\u0105 produkcj\u0105 oraz badaniami. Wsp\u00f3\u0142pracujemy ze \u015bwiatowej s\u0142awy ekspertami w&nbsp;bran\u017cy kosmetycznej. Pozwala to nam na szybkie wprowadzanie nowoczesnych innowacji oraz utrzymywanie najlepszej jako\u015b\u0107 produkt\u00f3w.<\/p>\n                <img decoding=\"async\" src=\"https:\/\/monatglobal.com\/wp-content\/uploads\/2024\/10\/Built-for-Stability-Success_img_web-min.jpg\" loading=\"lazy\"\/>\n            <p>Firma MONAT zosta\u0142a za\u0142o\u017cona przez rodzin\u0119 Urdaneta, w\u0142a\u015bcicieli z&nbsp;wieloletnim do\u015bwiadczeniem i&nbsp;sukcesami w&nbsp;bran\u017cy. Wspiera ich do\u015bwiadczony i&nbsp;wielokrotnie nagradzany zesp\u00f3\u0142 korporacyjny, kt\u00f3ry mo\u017ce pochwali\u0107 si\u0119 blisk\u0105 wsp\u00f3\u0142prac\u0105 ze swoimi Market Partnerami.  <\/p>\n        <\/section>\n        <hr \/>\n        <section> \n                06\n                <h2>Biznes  <br \/> bez granic.<\/h2>\n                <p>Prognozy wskazuj\u0105, \u017ce do 2030 roku bran\u017ca piel\u0119gnacji w\u0142os\u00f3w osi\u0105gnie warto\u015b\u0107 35,49 miliarda dolar\u00f3w, dlatego wsp\u00f3\u0142praca z&nbsp;liderem takim jak MONAT to gwarancja sukcesu.<\/p>\n                <img decoding=\"async\" src=\"https:\/\/monatglobal.com\/wp-content\/uploads\/2026\/03\/A-Business-Without-Borders_img-web-2026-countries-april-1.jpg\" loading=\"lazy\"\/>\n                <p>Od Ameryki P\u00f3\u0142nocnej a\u017c po Ameryk\u0119 \u0141aci\u0144sk\u0105, przez Europ\u0119, a\u017c po Azj\u0119 i&nbsp;Pacyfik, jeste\u015bmy obecni w&nbsp;17 krajach i&nbsp;nie zatrzymujemy si\u0119 na tym.<\/p>\n            <p>MONAT ma strategiczne podej\u015bcie do globalnej ekspansji. Wprowadzenie dzia\u0142alno\u015bci w&nbsp;nowych krajach poprzedzone jest badaniami i&nbsp;analiz\u0105, aby mie\u0107 pewno\u015b\u0107, \u017ce przygotowujemy naszych Market Partner\u00f3w na sukces i&nbsp;lukratywny biznes.<\/p>\n            <!-- US ONLY -->\n            <!-- -->\n            <!--    <p>Es tu futuro, conqu\u00edstalo. Tienes la oportunidad de convertirte en Fundador Visionario en Norteam\u00e9rica y calificar potencialmente para recibir recompensas trimestrales basadas en los mercados con mayores ventas.<\/p>-->\n            <!--    <img decoding=\"async\" src=\"https:\/\/monatglobal.com\/wp-content\/uploads\/2024\/11\/Visionary-Founder-in-North-America_img-web-min.jpg\"\/>-->\n            <!---->\n            <h2>Rozpoczynasz <br \/> nowy <br \/> rozdzia\u0142 <\/h2> \n            <p>Czy jeste\u015b gotowa powiedzie\u0107 TAK?<\/p>\n            <p>Wybierz sw\u00f3j zestaw,  <br \/>zakochaj si\u0119 w naszych produktach i&nbsp;rozpocznij przygod\u0119 z&nbsp;MONAT!<\/p>\n            <br \/>\n            <br \/>\n<!-- TrustBox widget - Slider -->\n  <a href=\"https:\/\/pl.trustpilot.com\/review\/monatglobal.com\" target=\"_blank\" rel=\"noopener\">Trustpilot<\/a>\n<!-- End TrustBox widget -->\n        <\/section>\n<br \/>\n<br \/>\n<br \/>\n<br \/> \n\n","protected":false},"excerpt":{"rendered":"<p>DO\u0141\u0104CZ TERAZ Oto pocz\u0105tek Twojego sukcesu! OBEJRZYJ FILM Wyobra\u017a to sobie: tworzysz biznes, kt\u00f3ry rozwija si\u0119 wraz z&nbsp;Twoim \u017cyciem, jednocze\u015bnie dziel\u0105c si\u0119 swoj\u0105 codzienn\u0105 piel\u0119gnacj\u0105, stosuj\u0105c wysokiej jako\u015bci produkty na bazie naturalnych sk\u0142adnik\u00f3w, kt\u00f3re daj\u0105 prawdziwe rezultaty. OBEJRZYJ FILM Dlaczego MONAT? Nie pod\u0105\u017camy za trendami, to my je wyznaczamy. Nie jeste\u015bmy przeci\u0119tn\u0105 mark\u0105 kosmetyczn\u0105: MONAT&hellip;<\/p>\n","protected":false},"author":31,"featured_media":50146,"parent":0,"menu_order":0,"comment_status":"closed","ping_status":"closed","template":"","meta":{"inline_featured_image":false,"om_disable_all_campaigns":false,"_monsterinsights_skip_tracking":false,"_monsterinsights_sitenote_active":false,"_monsterinsights_sitenote_note":"","_monsterinsights_sitenote_category":0,"footnotes":""},"categories":[],"tags":[],"class_list":["post-63809","page","type-page","status-publish","has-post-thumbnail","hentry"],"aioseo_notices":[],"aioseo_head":"\n\t\t<!-- All in One SEO Pro 4.9.6 - aioseo.com -->\n\t<meta name=\"description\" content=\"DO\u0141\u0104CZ TERAZ Oto pocz\u0105tek Twojego sukcesu! OBEJRZYJ FILM Wyobra\u017a to sobie: tworzysz biznes, kt\u00f3ry rozwija si\u0119 wraz z Twoim \u017cyciem, jednocze\u015bnie dziel\u0105c si\u0119 swoj\u0105 codzienn\u0105 piel\u0119gnacj\u0105, stosuj\u0105c wysokiej jako\u015bci produkty na bazie naturalnych sk\u0142adnik\u00f3w, kt\u00f3re daj\u0105 prawdziwe rezultaty. OBEJRZYJ FILM Dlaczego MONAT? Nie pod\u0105\u017camy za trendami, to my je wyznaczamy. Nie jeste\u015bmy przeci\u0119tn\u0105 mark\u0105 kosmetyczn\u0105: MONAT\" \/>\n\t<meta name=\"robots\" content=\"max-image-preview:large\" \/>\n\t<link rel=\"canonical\" href=\"https:\/\/monatglobal.com\/pl\/the-monat-opportunity\/\" \/>\n\t<meta name=\"generator\" content=\"All in One SEO Pro (AIOSEO) 4.9.6\" \/>\n\t\t<meta property=\"og:locale\" content=\"pl_PL\" \/>\n\t\t<meta property=\"og:site_name\" content=\"MONAT POLAND - MONAT GLOBAL\" \/>\n\t\t<meta property=\"og:type\" content=\"article\" \/>\n\t\t<meta property=\"og:title\" content=\"The Monat Opportunity - MONAT POLAND\" \/>\n\t\t<meta property=\"og:description\" content=\"DO\u0141\u0104CZ TERAZ Oto pocz\u0105tek Twojego sukcesu! OBEJRZYJ FILM Wyobra\u017a to sobie: tworzysz biznes, kt\u00f3ry rozwija si\u0119 wraz z Twoim \u017cyciem, jednocze\u015bnie dziel\u0105c si\u0119 swoj\u0105 codzienn\u0105 piel\u0119gnacj\u0105, stosuj\u0105c wysokiej jako\u015bci produkty na bazie naturalnych sk\u0142adnik\u00f3w, kt\u00f3re daj\u0105 prawdziwe rezultaty. OBEJRZYJ FILM Dlaczego MONAT? Nie pod\u0105\u017camy za trendami, to my je wyznaczamy. Nie jeste\u015bmy przeci\u0119tn\u0105 mark\u0105 kosmetyczn\u0105: MONAT\" \/>\n\t\t<meta property=\"og:url\" content=\"https:\/\/monatglobal.com\/pl\/the-monat-opportunity\/\" \/>\n\t\t<meta property=\"article:published_time\" content=\"2021-09-17T16:12:59+00:00\" \/>\n\t\t<meta property=\"article:modified_time\" content=\"2026-04-01T11:29:06+00:00\" \/>\n\t\t<meta name=\"twitter:card\" content=\"summary_large_image\" \/>\n\t\t<meta name=\"twitter:title\" content=\"The Monat Opportunity - MONAT POLAND\" \/>\n\t\t<meta name=\"twitter:description\" content=\"DO\u0141\u0104CZ TERAZ Oto pocz\u0105tek Twojego sukcesu! OBEJRZYJ FILM Wyobra\u017a to sobie: tworzysz biznes, kt\u00f3ry rozwija si\u0119 wraz z Twoim \u017cyciem, jednocze\u015bnie dziel\u0105c si\u0119 swoj\u0105 codzienn\u0105 piel\u0119gnacj\u0105, stosuj\u0105c wysokiej jako\u015bci produkty na bazie naturalnych sk\u0142adnik\u00f3w, kt\u00f3re daj\u0105 prawdziwe rezultaty. OBEJRZYJ FILM Dlaczego MONAT? Nie pod\u0105\u017camy za trendami, to my je wyznaczamy. Nie jeste\u015bmy przeci\u0119tn\u0105 mark\u0105 kosmetyczn\u0105: MONAT\" \/>\n\t\t<script type=\"application\/ld+json\" class=\"aioseo-schema\">\n\t\t\t{\"@context\":\"https:\\\/\\\/schema.org\",\"@graph\":[{\"@type\":\"BreadcrumbList\",\"@id\":\"https:\\\/\\\/monatglobal.com\\\/pl\\\/the-monat-opportunity\\\/#breadcrumblist\",\"itemListElement\":[{\"@type\":\"ListItem\",\"@id\":\"https:\\\/\\\/monatglobal.com\\\/pl#listItem\",\"position\":1,\"name\":\"Home\",\"item\":\"https:\\\/\\\/monatglobal.com\\\/pl\",\"nextItem\":{\"@type\":\"ListItem\",\"@id\":\"https:\\\/\\\/monatglobal.com\\\/pl\\\/the-monat-opportunity\\\/#listItem\",\"name\":\"The Monat Opportunity\"}},{\"@type\":\"ListItem\",\"@id\":\"https:\\\/\\\/monatglobal.com\\\/pl\\\/the-monat-opportunity\\\/#listItem\",\"position\":2,\"name\":\"The Monat Opportunity\",\"previousItem\":{\"@type\":\"ListItem\",\"@id\":\"https:\\\/\\\/monatglobal.com\\\/pl#listItem\",\"name\":\"Home\"}}]},{\"@type\":\"Organization\",\"@id\":\"https:\\\/\\\/monatglobal.com\\\/pl\\\/#organization\",\"name\":\"MONAT POLAND\",\"description\":\"MONAT GLOBAL\",\"url\":\"https:\\\/\\\/monatglobal.com\\\/pl\\\/\"},{\"@type\":\"WebPage\",\"@id\":\"https:\\\/\\\/monatglobal.com\\\/pl\\\/the-monat-opportunity\\\/#webpage\",\"url\":\"https:\\\/\\\/monatglobal.com\\\/pl\\\/the-monat-opportunity\\\/\",\"name\":\"The Monat Opportunity - MONAT POLAND\",\"description\":\"DO\\u0141\\u0104CZ TERAZ Oto pocz\\u0105tek Twojego sukcesu! OBEJRZYJ FILM Wyobra\\u017a to sobie: tworzysz biznes, kt\\u00f3ry rozwija si\\u0119 wraz z Twoim \\u017cyciem, jednocze\\u015bnie dziel\\u0105c si\\u0119 swoj\\u0105 codzienn\\u0105 piel\\u0119gnacj\\u0105, stosuj\\u0105c wysokiej jako\\u015bci produkty na bazie naturalnych sk\\u0142adnik\\u00f3w, kt\\u00f3re daj\\u0105 prawdziwe rezultaty. OBEJRZYJ FILM Dlaczego MONAT? Nie pod\\u0105\\u017camy za trendami, to my je wyznaczamy. Nie jeste\\u015bmy przeci\\u0119tn\\u0105 mark\\u0105 kosmetyczn\\u0105: MONAT\",\"inLanguage\":\"pl-PL\",\"isPartOf\":{\"@id\":\"https:\\\/\\\/monatglobal.com\\\/pl\\\/#website\"},\"breadcrumb\":{\"@id\":\"https:\\\/\\\/monatglobal.com\\\/pl\\\/the-monat-opportunity\\\/#breadcrumblist\"},\"image\":{\"@type\":\"ImageObject\",\"url\":\"https:\\\/\\\/monatglobal.com\\\/pl\\\/wp-content\\\/uploads\\\/sites\\\/9\\\/2020\\\/01\\\/poland-opportunity.png\",\"@id\":\"https:\\\/\\\/monatglobal.com\\\/pl\\\/the-monat-opportunity\\\/#mainImage\",\"width\":1050,\"height\":505},\"primaryImageOfPage\":{\"@id\":\"https:\\\/\\\/monatglobal.com\\\/pl\\\/the-monat-opportunity\\\/#mainImage\"},\"datePublished\":\"2021-09-17T17:12:59+01:00\",\"dateModified\":\"2026-04-01T12:29:06+01:00\"},{\"@type\":\"WebSite\",\"@id\":\"https:\\\/\\\/monatglobal.com\\\/pl\\\/#website\",\"url\":\"https:\\\/\\\/monatglobal.com\\\/pl\\\/\",\"name\":\"MONAT POLAND\",\"description\":\"MONAT GLOBAL\",\"inLanguage\":\"pl-PL\",\"publisher\":{\"@id\":\"https:\\\/\\\/monatglobal.com\\\/pl\\\/#organization\"}}]}\n\t\t<\/script>\n\t\t<!-- All in One SEO Pro -->\r\n\t\t<title>The Monat Opportunity - MONAT POLAND<\/title>\n\n","aioseo_head_json":{"title":"The Monat Opportunity - MONAT POLAND","description":"DO\u0141\u0104CZ TERAZ Oto pocz\u0105tek Twojego sukcesu! OBEJRZYJ FILM Wyobra\u017a to sobie: tworzysz biznes, kt\u00f3ry rozwija si\u0119 wraz z Twoim \u017cyciem, jednocze\u015bnie dziel\u0105c si\u0119 swoj\u0105 codzienn\u0105 piel\u0119gnacj\u0105, stosuj\u0105c wysokiej jako\u015bci produkty na bazie naturalnych sk\u0142adnik\u00f3w, kt\u00f3re daj\u0105 prawdziwe rezultaty. OBEJRZYJ FILM Dlaczego MONAT? Nie pod\u0105\u017camy za trendami, to my je wyznaczamy. Nie jeste\u015bmy przeci\u0119tn\u0105 mark\u0105 kosmetyczn\u0105: MONAT","canonical_url":"https:\/\/monatglobal.com\/pl\/the-monat-opportunity\/","robots":"max-image-preview:large","keywords":"","webmasterTools":{"miscellaneous":""},"schema":{"@context":"https:\/\/schema.org","@graph":[{"@type":"BreadcrumbList","@id":"https:\/\/monatglobal.com\/pl\/the-monat-opportunity\/#breadcrumblist","itemListElement":[{"@type":"ListItem","@id":"https:\/\/monatglobal.com\/pl#listItem","position":1,"name":"Home","item":"https:\/\/monatglobal.com\/pl","nextItem":{"@type":"ListItem","@id":"https:\/\/monatglobal.com\/pl\/the-monat-opportunity\/#listItem","name":"The Monat Opportunity"}},{"@type":"ListItem","@id":"https:\/\/monatglobal.com\/pl\/the-monat-opportunity\/#listItem","position":2,"name":"The Monat Opportunity","previousItem":{"@type":"ListItem","@id":"https:\/\/monatglobal.com\/pl#listItem","name":"Home"}}]},{"@type":"Organization","@id":"https:\/\/monatglobal.com\/pl\/#organization","name":"MONAT POLAND","description":"MONAT GLOBAL","url":"https:\/\/monatglobal.com\/pl\/"},{"@type":"WebPage","@id":"https:\/\/monatglobal.com\/pl\/the-monat-opportunity\/#webpage","url":"https:\/\/monatglobal.com\/pl\/the-monat-opportunity\/","name":"The Monat Opportunity - MONAT POLAND","description":"DO\u0141\u0104CZ TERAZ Oto pocz\u0105tek Twojego sukcesu! OBEJRZYJ FILM Wyobra\u017a to sobie: tworzysz biznes, kt\u00f3ry rozwija si\u0119 wraz z Twoim \u017cyciem, jednocze\u015bnie dziel\u0105c si\u0119 swoj\u0105 codzienn\u0105 piel\u0119gnacj\u0105, stosuj\u0105c wysokiej jako\u015bci produkty na bazie naturalnych sk\u0142adnik\u00f3w, kt\u00f3re daj\u0105 prawdziwe rezultaty. OBEJRZYJ FILM Dlaczego MONAT? Nie pod\u0105\u017camy za trendami, to my je wyznaczamy. Nie jeste\u015bmy przeci\u0119tn\u0105 mark\u0105 kosmetyczn\u0105: MONAT","inLanguage":"pl-PL","isPartOf":{"@id":"https:\/\/monatglobal.com\/pl\/#website"},"breadcrumb":{"@id":"https:\/\/monatglobal.com\/pl\/the-monat-opportunity\/#breadcrumblist"},"image":{"@type":"ImageObject","url":"https:\/\/monatglobal.com\/pl\/wp-content\/uploads\/sites\/9\/2020\/01\/poland-opportunity.png","@id":"https:\/\/monatglobal.com\/pl\/the-monat-opportunity\/#mainImage","width":1050,"height":505},"primaryImageOfPage":{"@id":"https:\/\/monatglobal.com\/pl\/the-monat-opportunity\/#mainImage"},"datePublished":"2021-09-17T17:12:59+01:00","dateModified":"2026-04-01T12:29:06+01:00"},{"@type":"WebSite","@id":"https:\/\/monatglobal.com\/pl\/#website","url":"https:\/\/monatglobal.com\/pl\/","name":"MONAT POLAND","description":"MONAT GLOBAL","inLanguage":"pl-PL","publisher":{"@id":"https:\/\/monatglobal.com\/pl\/#organization"}}]},"og:locale":"pl_PL","og:site_name":"MONAT POLAND - MONAT GLOBAL","og:type":"article","og:title":"The Monat Opportunity - MONAT POLAND","og:description":"DO\u0141\u0104CZ TERAZ Oto pocz\u0105tek Twojego sukcesu! OBEJRZYJ FILM Wyobra\u017a to sobie: tworzysz biznes, kt\u00f3ry rozwija si\u0119 wraz z Twoim \u017cyciem, jednocze\u015bnie dziel\u0105c si\u0119 swoj\u0105 codzienn\u0105 piel\u0119gnacj\u0105, stosuj\u0105c wysokiej jako\u015bci produkty na bazie naturalnych sk\u0142adnik\u00f3w, kt\u00f3re daj\u0105 prawdziwe rezultaty. OBEJRZYJ FILM Dlaczego MONAT? Nie pod\u0105\u017camy za trendami, to my je wyznaczamy. Nie jeste\u015bmy przeci\u0119tn\u0105 mark\u0105 kosmetyczn\u0105: MONAT","og:url":"https:\/\/monatglobal.com\/pl\/the-monat-opportunity\/","article:published_time":"2021-09-17T16:12:59+00:00","article:modified_time":"2026-04-01T11:29:06+00:00","twitter:card":"summary_large_image","twitter:title":"The Monat Opportunity - MONAT POLAND","twitter:description":"DO\u0141\u0104CZ TERAZ Oto pocz\u0105tek Twojego sukcesu! OBEJRZYJ FILM Wyobra\u017a to sobie: tworzysz biznes, kt\u00f3ry rozwija si\u0119 wraz z Twoim \u017cyciem, jednocze\u015bnie dziel\u0105c si\u0119 swoj\u0105 codzienn\u0105 piel\u0119gnacj\u0105, stosuj\u0105c wysokiej jako\u015bci produkty na bazie naturalnych sk\u0142adnik\u00f3w, kt\u00f3re daj\u0105 prawdziwe rezultaty. OBEJRZYJ FILM Dlaczego MONAT? Nie pod\u0105\u017camy za trendami, to my je wyznaczamy. Nie jeste\u015bmy przeci\u0119tn\u0105 mark\u0105 kosmetyczn\u0105: MONAT"},"aioseo_meta_data":{"post_id":"63809","title":null,"description":null,"keywords":null,"keyphrases":null,"primary_term":null,"canonical_url":null,"og_title":null,"og_description":null,"og_object_type":"default","og_image_type":"default","og_image_url":null,"og_image_width":null,"og_image_height":null,"og_image_custom_url":null,"og_image_custom_fields":null,"og_video":null,"og_custom_url":null,"og_article_section":null,"og_article_tags":null,"twitter_use_og":false,"twitter_card":"default","twitter_image_type":"default","twitter_image_url":null,"twitter_image_custom_url":null,"twitter_image_custom_fields":null,"twitter_title":null,"twitter_description":null,"schema":{"blockGraphs":[],"customGraphs":[],"default":{"data":{"Article":[],"Course":[],"Dataset":[],"FAQPage":[],"Movie":[],"Person":[],"Product":[],"ProductReview":[],"Car":[],"Recipe":[],"Service":[],"SoftwareApplication":[],"WebPage":[]},"graphName":"WebPage","isEnabled":true},"graphs":[]},"schema_type":"default","schema_type_options":null,"pillar_content":false,"robots_default":true,"robots_noindex":false,"robots_noarchive":false,"robots_nosnippet":false,"robots_nofollow":false,"robots_noimageindex":false,"robots_noodp":false,"robots_notranslate":false,"robots_max_snippet":null,"robots_max_videopreview":null,"robots_max_imagepreview":"large","priority":null,"frequency":null,"local_seo":null,"seo_analyzer_scan_date":"2026-04-01 11:30:20","limit_modified_date":false,"reviewed_by":null,"open_ai":null,"ai":null,"created":"2023-07-26 09:53:01","updated":"2026-04-01 11:30:29"},"aioseo_breadcrumb":"<div class=\"aioseo-breadcrumbs\"><span class=\"aioseo-breadcrumb\">\n\t<a href=\"https:\/\/monatglobal.com\/pl\" title=\"Home\">Home<\/a>\n<\/span><span class=\"aioseo-breadcrumb-separator\">&raquo;<\/span><span class=\"aioseo-breadcrumb\">\n\tThe Monat Opportunity\n<\/span><\/div>","aioseo_breadcrumb_json":[{"label":"Home","link":"https:\/\/monatglobal.com\/pl"},{"label":"The Monat Opportunity","link":"https:\/\/monatglobal.com\/pl\/the-monat-opportunity\/"}],"_links":{"self":[{"href":"https:\/\/monatglobal.com\/pl\/wp-json\/wp\/v2\/pages\/63809","targetHints":{"allow":["GET"]}}],"collection":[{"href":"https:\/\/monatglobal.com\/pl\/wp-json\/wp\/v2\/pages"}],"about":[{"href":"https:\/\/monatglobal.com\/pl\/wp-json\/wp\/v2\/types\/page"}],"author":[{"embeddable":true,"href":"https:\/\/monatglobal.com\/pl\/wp-json\/wp\/v2\/users\/31"}],"replies":[{"embeddable":true,"href":"https:\/\/monatglobal.com\/pl\/wp-json\/wp\/v2\/comments?post=63809"}],"version-history":[{"count":21,"href":"https:\/\/monatglobal.com\/pl\/wp-json\/wp\/v2\/pages\/63809\/revisions"}],"predecessor-version":[{"id":109397,"href":"https:\/\/monatglobal.com\/pl\/wp-json\/wp\/v2\/pages\/63809\/revisions\/109397"}],"wp:featuredmedia":[{"embeddable":true,"href":"https:\/\/monatglobal.com\/pl\/wp-json\/wp\/v2\/media\/50146"}],"wp:attachment":[{"href":"https:\/\/monatglobal.com\/pl\/wp-json\/wp\/v2\/media?parent=63809"}],"wp:term":[{"taxonomy":"category","embeddable":true,"href":"https:\/\/monatglobal.com\/pl\/wp-json\/wp\/v2\/categories?post=63809"},{"taxonomy":"post_tag","embeddable":true,"href":"https:\/\/monatglobal.com\/pl\/wp-json\/wp\/v2\/tags?post=63809"}],"curies":[{"name":"wp","href":"https:\/\/api.w.org\/{rel}","templated":true}]}}