{"id":63717,"date":"2021-09-14T01:10:43","date_gmt":"2021-09-14T00:10:43","guid":{"rendered":"https:\/\/monatglobal.com\/pl\/?page_id=63717"},"modified":"2026-02-19T21:42:15","modified_gmt":"2026-02-19T21:42:15","slug":"body-exfoliator","status":"publish","type":"page","link":"https:\/\/monatglobal.com\/pl\/body-exfoliator\/","title":{"rendered":"MONAT BODY CARE\u2122  Z\u0142uszczaj\u0105cy I Rewitalizuj\u0105cy Preparat Do Cia\u0142a"},"content":{"rendered":"\n<link rel=\"stylesheet\" href=\"https:\/\/unpkg.com\/swiper\/swiper-bundle.min.css\">\n<link rel=\"stylesheet\" href=\"https:\/\/monatglobal.com\/wp-content\/creative_css\/product_styles_sheet.css\">\n   <!--==================================================== ECOMM SECTION ====================================================-->\n      <!--==================================================== Ecomm image ====================================================-->\n      <img decoding=\"async\" src=\"https:\/\/monatglobal.com\/wp-content\/uploads\/2021\/08\/exfoliate-refine-body-polish-ecomm.png\" alt=\"Exfoliate &amp; Refine Body Polish\" loading=\"lazy\">\n      <!--==================================================== Ecomm information  ====================================================-->\n         <p>MONAT BODY CARE\u2122<\/p>\n         <h1>Z\u0142uszczaj\u0105cy I Rewitalizuj\u0105cy <br>Preparat Do&nbsp;Cia\u0142a<\/h1>\n         \n         Od\u017cywczy i rewitalizuj\u0105cy preparat z\u0142uszczaj\u0105cy zawiera pumeks wulkaniczny i antyoksydanty z superowoc\u00f3w. \n         Produkt delikatnie usuwa martwy nask\u00f3rek i wyg\u0142adza szorstkie okolice, dzi\u0119ki czemu sk\u00f3ra staje si\u0119 bardziej mi\u0119kka i&nbsp;promienna.\n         <p>200 ml \u212e 6.7 fl. oz.<\/p>\n       <!--==================================================== pricing box ====================================================-->  \n         <p>Cena detaliczna<br>000.00 z\u0142<\/p>\n         <p>Klient VIP<br>000.00 z\u0142<\/p>\n       <!--==================================================== pricing box ====================================================--> \n         <p>Aby dowiedzie\u0107 si\u0119 wi\u0119cej o MONAT BODY CARE\u2122 Z\u0142uszczaj\u0105cym I Rewitalizuj\u0105cym Preparacie Do Cia\u0142a skontaktuj si\u0119 z Twoim Market&nbsp;Partnerem<\/p>\n          <a href=\"\" target=\"_blank\" role=\"button\" aria-label=\"\" rel=\"noopener\"><\/a>\n   <!--==================================================== \/ECOMM SECTION  ====================================================-->\n   <!--==================================================== Benefits image ====================================================-->\n   \n      <source media=\"(max-width: 700px)\" srcset=\"https:\/\/monatglobal.com\/wp-content\/uploads\/2021\/09\/Exfoliate-Refine-Body-Polish-benefits-mobile.jpg\" loading=\"lazy\">\n      <img decoding=\"async\" alt=\"A blonde woman's back while looking sideways. She holds MONAT's Exfoliate &amp; Refine Body Polish to her left. The gel has been applied on \n      her back to exhibit its clarity.\" src=\"https:\/\/monatglobal.com\/wp-content\/uploads\/2021\/09\/Exfoliate-Refine-Body-Polish-benefits.jpg\" loading=\"lazy\">\n   \n   <!--==================================================== Benefits text ====================================================-->\n         <h2>KORZY\u015aCI<\/h2>\n         <h3>Ten delikatny scrub do cia\u0142a z\u0142uszcza martwy nask\u00f3rek, daj\u0105c g\u0142adk\u0105 i mi\u0119kk\u0105 sk\u00f3r\u0119.<\/h3>\n         Skuteczna mieszanka REJUVENIQE S\u2122 oraz substancji aktywnych na bazie naturalnych sk\u0142adnik\u00f3w dzia\u0142a od\u017cywiaj\u0105co i z\u0142uszczaj\u0105co, \n         dzi\u0119ki czemu sk\u00f3ra jest rozja\u015bniona i pe\u0142na&nbsp;blasku.\n         <!--==================================================== features image  ====================================================-->\n         <img decoding=\"async\" alt=\"MONAT's Exfoliate &amp; Refine Body Polish lays centered over a solid peach color background showcasing ingredients such as fruits, \n         oils &amp; herbs placed carefully around the main product.\" src=\"https:\/\/monatglobal.com\/wp-content\/uploads\/2021\/09\/Exfoliate-Refine-Body-Polish_Features.jpg\" loading=\"lazy\">\n      <!--==================================================== features text ====================================================-->\n            <h3>Do\u015bwiadcz niesamowitej kuracji w domowym&nbsp;spa.<\/h3>\n               <p>\/ Delikatnie oczyszcza i z\u0142uszcza, nie wysuszaj\u0105c&nbsp;sk\u00f3ry<\/p>\n               <p>\/ Z\u0142uszcza martwy nask\u00f3rek i pomaga wyg\u0142adzi\u0107 szorstk\u0105&nbsp;sk\u00f3r\u0119<\/p>\n               <p>\/ Sk\u00f3ra jest rozja\u015bniona i&nbsp;od\u017cywiona<\/p>\n               <p>\/ Poprawia struktur\u0119 sk\u00f3ry i&nbsp;wyg\u0142adza<\/p>\n               <br>\n            <p>Zapach \/ Piwonia i pieprz czerwony<\/p>\n            <p> Tekstura \/ \u017bel z pumeksem o w\u0142a\u015bciwo\u015bciach z\u0142uszcaj\u0105cych i&nbsp;peelinguj\u0105cych <\/p>\n   <!--==================================================== composition image mobile ====================================================-->\n   <img decoding=\"async\" alt=\"MONAT's Exfoliate &amp; Refine Body Polish being gripped between a woman's thigh and calf. It's intended to \n   demonstrate its exceptional results after application.\" src=\"https:\/\/monatglobal.com\/wp-content\/uploads\/2021\/09\/Comp-1_Exfoliate-Refine-Body-Polish-.jpg\" loading=\"lazy\">\n   <!--==================================================== Why it works text ====================================================-->\n      <h2>Odkryj naturalny&nbsp;blask.<\/h2>\n      <h3>Orze\u017awiaj\u0105cy \u017cel z dodatkiem delikatnych i skutecznych sk\u0142adnik\u00f3w peelinguj\u0105cych, kt\u00f3re usuwaj\u0105 martwy \n      nask\u00f3rek oraz wyg\u0142adzaj\u0105 suche okolice takie jak kolana i&nbsp;\u0142okcie.<\/h3>\n      <p>Sk\u00f3ra jest g\u0142adka i promienieje naturalnym&nbsp;blaskiem.<\/p>\n<!--==================================================== Composition section ====================================================-->\n      <img decoding=\"async\" alt=\"MONAT's Exfoliate &amp; Refine Body Polish being gripped between a woman's thigh and calf. It's intended to demonstrate its \n      exceptional results after application.\" src=\"https:\/\/monatglobal.com\/wp-content\/uploads\/2021\/09\/Comp-1_Exfoliate-Refine-Body-Polish-.jpg\" loading=\"lazy\">\n      <img decoding=\"async\" alt=\"Closeup of a smiling woman while applying the exfoliating gel on her right shoulder. It showcases the gels' clear \n      texture with small black beads.\" src=\"https:\/\/monatglobal.com\/wp-content\/uploads\/2021\/09\/comp3-Exfoliate-Refine-Body-Polish.jpg\" loading=\"lazy\">\n            <!--==================================================== Directions text ====================================================--> \n               <h3>Spos\u00f3b u\u017cycia<\/h3>\n               <p>\/ U\u017cywaj 2 lub 3 razy w&nbsp;tygodniu.<\/p>\n               <p>\/ Delikatnie wmasuj w wilgotn\u0105 sk\u00f3r\u0119, zwracaj\u0105c szczeg\u00f3ln\u0105 uwag\u0119 na szorstkie miejsca, takie jak kolana i&nbsp;\u0142okcie.<\/p>\n               <p>\/ Dok\u0142adnie sp\u0142ucz.<\/p>\n               <p>\/ Nast\u0119pnie wykonaj swoj\u0105 rutyn\u0119 piel\u0119gnacyjn\u0105 MONAT&nbsp;BODY&nbsp;CARE\u2122.<\/p>\n            <!--==================================================== Directions video ====================================================-->\n      <p>MONAT BODY CARE\u2122 <br>Z\u0142uszczaj\u0105cy I Rewitalizuj\u0105cy <br>Preparat Do Cia\u0142a<br>0:00<\/p>\n      <a href=\"\" target=\"_blank\" role=\"button\" aria-label=\"\" rel=\"noopener\"><\/a>\n   <!--==================================================== Ingredients section  ====================================================-->\n      <h2>PRZEGL\u0104D SK\u0141ADNIK\u00d3W<\/h2>\n               <p>REJUVATERIC AMS\u2122<\/p>\n               <p>Gliceryna<\/p>\n               <p>REJUVENIQE S\u2122<\/p>\n               <p>Ekstrakt z superowoc\u00f3w<\/p>\n               <p>Kwas glikolowy<\/p>\n               <p>Pumeks<\/p>\n        <button id=\"myBtn\" type=\"button\">PE\u0141NA LISTA SK\u0141ADNIK\u00d3W<\/button>\n      <!--==================================================== Modal content  ====================================================-->\n         \u00d7\n         Aqua\/Water\/Eau, Pumice, Sodium Lauroyl Methyl Isethionate, Cocamidopropyl Betaine, Glycerin, Acrylates Copolymer, \n         Sodium Methyl Oleoyl Taurate, Propanediol, Sodium Cocoyl Isethionate, Hydrogenated Jojoba Oil, Fragrance\/Parfum, Abyssinian\/Meadowfoamamidopropyl \n         Hydroxysultaine, Adansonia Digitata Oil, Caryocar Brasiliense Fruit Oil, Cocos Nucifera (Coconut) Oil, Gardenia Taitensis Flower Extract, \n         Helianthus Annuus (Sunflower) Seed Oil, Mauritia Flexuosa Fruit Oil, Moringa Oleifera Seed Oil, Simmondsia Chinensis (Jojoba) Seed Extract, \n         Citrus Aurantifolia (Lime) Oil, Citrus Aurantium Bergamia (Bergamot) Fruit Oil, Tocopherol, Camellia Oleifera Seed Oil, Olea Europaea (Olive) \n         Fruit Oil, Citrus Limon (Lemon) Peel Oil, Daucus Carota Sativa (Carrot) Seed Oil, Solanum Lycopersicum (Tomato) Seed Oil, Crambe Abyssinica \n         Seed Oil, Malic Acid, Tartaric Acid, Limnanthes Alba (Meadowfoam) Seed Oil, Acer Saccharum (Sugar Maple) Extract, Citrus Aurantium Dulcis \n         (Orange) Fruit Extract, Citrus Limon (Lemon) Fruit Extract, Citric Acid, Euterpe Oleracea Fruit Extract, Lycium Barbarum Fruit Extract, \n         Saccharum Officinarum (Sugarcane) Extract, Vaccinium Angustifolium (Blueberry) Fruit Extract, Vaccinium Macrocarpon (Cranberry) Fruit Extract, \n         Vaccinium Myrtillus Fruit Extract, Gluconolactone, Iron Oxides (CI 77499), Sodium Phytate, Sodium Levulinate, Trisodium Ethylenediamine \n         Disuccinate, Ethylhexylglycerin, Sodium Chloride, Lactic Acid, Cocamidopropyl Dimethylamine, Glycolic Acid, Alcohol, Benzyl Alcohol, \n         Cocamidopropyl Hydroxysultaine, Sodium Hydroxide, Sodium Benzoate, Potassium Sorbate.\n   <!--==================================================== You might also like section ====================================================-->\n      <h2>MO\u017bE CI\u0118 R\u00d3WNIE\u017b ZAINTERESOWA\u0106<\/h2>\n      <!--==================================================== Slider YOU MIGHT ALSO LIKE ====================================================-->\n      <!---->\n      <!--   -->\n            <!--==================================================== Slides products ====================================================-->\n      <!--      -->\n      <!--         <a href=\"\/pl\/body-hydrate-serum\/\" aria-label=\"Go to MONAT BODY CARE\u2122 Nawil\u017caj\u0105co-Regeneruj\u0105ce Serum Do Cia\u0142a page\">-->\n      <!--            <img decoding=\"async\" src=\"https:\/\/monatglobal.com\/wp-content\/uploads\/2022\/12\/HYDRATE-REPAIR-BODY-SERUM-ecomm-min.png\" alt=\"MONAT BODY CARE\u2122 Nawil\u017caj\u0105co-Regeneruj\u0105ce Serum Do Cia\u0142a\" loading=\"lazy\"\/>-->\n      <!--            <p>MONAT BODY CARE\u2122 <br \/>Nawil\u017caj\u0105co-Regeneruj\u0105ce <br \/>Serum Do Cia\u0142a<\/p>-->\n      <!--         <\/a>-->\n      <!--      -->\n      <!--      -->\n      <!--         <a href=\"\/pl\/body-lotion\/\" aria-label=\"Go to MONAT BODY CARE\u2122 Wyg\u0142adzaj\u0105cy I Regeneruj\u0105cy Balsam Do Cia\u0142a page\">-->\n      <!--            <img decoding=\"async\" src=\"https:\/\/monatglobal.com\/wp-content\/uploads\/2022\/12\/SMOOTH-RENEW-BODY-LOTION-ecomm-1-min.png\" alt=\"MONAT BODY CARE\u2122 Wyg\u0142adzaj\u0105cy I Regeneruj\u0105cy Balsam Do Cia\u0142a\" loading=\"lazy\"\/>-->\n      <!--            <p>MONAT BODY CARE\u2122 <br \/>Wyg\u0142adzaj\u0105cy I Regeneruj\u0105cy <br \/>Balsam Do Cia\u0142a<\/p>-->\n      <!--         <\/a>-->\n      <!--      -->\n      <!--      -->\n      <!--         <a href=\"\/pl\/hand-cream\/\" aria-label=\"Go to MONAT BODY CARE\u2122 Jedwabisty I \u0141agodz\u0105cy Krem Do R\u0105k page\">-->\n      <!--            <img decoding=\"async\" src=\"https:\/\/monatglobal.com\/wp-content\/uploads\/2022\/12\/SILKY-SOOTHING-HAND-CREAM-ecomm-min.png\" alt=\"MONAT BODY CARE\u2122 Jedwabisty I \u0141agodz\u0105cy Krem Do R\u0105k\"\/>-->\n      <!--            <p>MONAT BODY CARE\u2122 <br \/>Jedwabisty I \u0141agodz\u0105cy<br \/>Krem Do R\u0105k loading=\"lazy\"<\/p>-->\n      <!--         <\/a>-->\n      <!--      -->\n      <!--   -->\n         <!--==================================================== If we need navigation buttons  ====================================================-->\n      <!--   -->\n      <!--   -->\n         <!--==================================================== If we need paginations  ====================================================-->\n      <!--   -->\n      <!---->\n         <!--==================================================== If we need navigation buttons  ====================================================-->\n         <!--==================================================== If we need paginations  ====================================================-->\n    <a href=\"\" aria-label=\"\"><\/a>\n<!--==================================================== this link has to go last for it to work   ====================================================-->\n","protected":false},"excerpt":{"rendered":"<p>MONAT BODY CARE\u2122 Z\u0142uszczaj\u0105cy I Rewitalizuj\u0105cy Preparat Do&nbsp;Cia\u0142a Od\u017cywczy i rewitalizuj\u0105cy preparat z\u0142uszczaj\u0105cy zawiera pumeks wulkaniczny i antyoksydanty z superowoc\u00f3w. Produkt delikatnie usuwa martwy nask\u00f3rek i wyg\u0142adza szorstkie okolice, dzi\u0119ki czemu sk\u00f3ra staje si\u0119 bardziej mi\u0119kka i&nbsp;promienna. 200 ml \u212e 6.7 fl. oz. Cena detaliczna000.00 z\u0142 Klient VIP000.00 z\u0142 Aby dowiedzie\u0107 si\u0119 wi\u0119cej o MONAT&hellip;<\/p>\n","protected":false},"author":31,"featured_media":62668,"parent":0,"menu_order":0,"comment_status":"closed","ping_status":"closed","template":"","meta":{"inline_featured_image":false,"om_disable_all_campaigns":false,"_monsterinsights_skip_tracking":false,"_monsterinsights_sitenote_active":false,"_monsterinsights_sitenote_note":"","_monsterinsights_sitenote_category":0,"footnotes":""},"categories":[39],"tags":[],"class_list":["post-63717","page","type-page","status-publish","has-post-thumbnail","hentry","category-product-pl"],"aioseo_notices":[],"aioseo_head":"\n\t\t<!-- All in One SEO Pro 4.9.5.2 - aioseo.com -->\n\t<meta name=\"description\" content=\"--&gt;\" \/>\n\t<meta name=\"robots\" content=\"max-image-preview:large\" \/>\n\t<link rel=\"canonical\" href=\"https:\/\/monatglobal.com\/pl\/body-exfoliator\/\" \/>\n\t<meta name=\"generator\" content=\"All in One SEO Pro (AIOSEO) 4.9.5.2\" \/>\n\t\t<meta property=\"og:locale\" content=\"pl_PL\" \/>\n\t\t<meta property=\"og:site_name\" content=\"MONAT POLAND - MONAT GLOBAL\" \/>\n\t\t<meta property=\"og:type\" content=\"article\" \/>\n\t\t<meta property=\"og:title\" content=\"MONAT BODY CARE\u2122 Z\u0142uszczaj\u0105cy I Rewitalizuj\u0105cy Preparat Do Cia\u0142a\" \/>\n\t\t<meta property=\"og:description\" content=\"--&gt;\" \/>\n\t\t<meta property=\"og:url\" content=\"https:\/\/monatglobal.com\/pl\/body-exfoliator\/\" \/>\n\t\t<meta property=\"article:published_time\" content=\"2021-09-14T00:10:43+00:00\" \/>\n\t\t<meta property=\"article:modified_time\" content=\"2026-02-19T21:42:15+00:00\" \/>\n\t\t<meta name=\"twitter:card\" content=\"summary_large_image\" \/>\n\t\t<meta name=\"twitter:title\" content=\"MONAT BODY CARE\u2122 Z\u0142uszczaj\u0105cy I Rewitalizuj\u0105cy Preparat Do Cia\u0142a\" \/>\n\t\t<meta name=\"twitter:description\" content=\"--&gt;\" \/>\n\t\t<script type=\"application\/ld+json\" class=\"aioseo-schema\">\n\t\t\t{\"@context\":\"https:\\\/\\\/schema.org\",\"@graph\":[{\"@type\":\"BreadcrumbList\",\"@id\":\"https:\\\/\\\/monatglobal.com\\\/pl\\\/body-exfoliator\\\/#breadcrumblist\",\"itemListElement\":[{\"@type\":\"ListItem\",\"@id\":\"https:\\\/\\\/monatglobal.com\\\/pl#listItem\",\"position\":1,\"name\":\"Home\",\"item\":\"https:\\\/\\\/monatglobal.com\\\/pl\",\"nextItem\":{\"@type\":\"ListItem\",\"@id\":\"https:\\\/\\\/monatglobal.com\\\/pl\\\/body-exfoliator\\\/#listItem\",\"name\":\"MONAT BODY CARE\\u2122  Z\\u0142uszczaj\\u0105cy I Rewitalizuj\\u0105cy Preparat Do Cia\\u0142a\"}},{\"@type\":\"ListItem\",\"@id\":\"https:\\\/\\\/monatglobal.com\\\/pl\\\/body-exfoliator\\\/#listItem\",\"position\":2,\"name\":\"MONAT BODY CARE\\u2122  Z\\u0142uszczaj\\u0105cy I Rewitalizuj\\u0105cy Preparat Do Cia\\u0142a\",\"previousItem\":{\"@type\":\"ListItem\",\"@id\":\"https:\\\/\\\/monatglobal.com\\\/pl#listItem\",\"name\":\"Home\"}}]},{\"@type\":\"Organization\",\"@id\":\"https:\\\/\\\/monatglobal.com\\\/pl\\\/#organization\",\"name\":\"MONAT POLAND\",\"description\":\"MONAT GLOBAL\",\"url\":\"https:\\\/\\\/monatglobal.com\\\/pl\\\/\"},{\"@type\":\"WebPage\",\"@id\":\"https:\\\/\\\/monatglobal.com\\\/pl\\\/body-exfoliator\\\/#webpage\",\"url\":\"https:\\\/\\\/monatglobal.com\\\/pl\\\/body-exfoliator\\\/\",\"name\":\"MONAT BODY CARE\\u2122 Z\\u0142uszczaj\\u0105cy I Rewitalizuj\\u0105cy Preparat Do Cia\\u0142a\",\"description\":\"-->\",\"inLanguage\":\"pl-PL\",\"isPartOf\":{\"@id\":\"https:\\\/\\\/monatglobal.com\\\/pl\\\/#website\"},\"breadcrumb\":{\"@id\":\"https:\\\/\\\/monatglobal.com\\\/pl\\\/body-exfoliator\\\/#breadcrumblist\"},\"image\":{\"@type\":\"ImageObject\",\"url\":\"https:\\\/\\\/monatglobal.com\\\/pl\\\/wp-content\\\/uploads\\\/sites\\\/9\\\/2021\\\/08\\\/exfoliate-refine-body-polish-ecomm.png\",\"@id\":\"https:\\\/\\\/monatglobal.com\\\/pl\\\/body-exfoliator\\\/#mainImage\",\"width\":641,\"height\":800},\"primaryImageOfPage\":{\"@id\":\"https:\\\/\\\/monatglobal.com\\\/pl\\\/body-exfoliator\\\/#mainImage\"},\"datePublished\":\"2021-09-14T01:10:43+01:00\",\"dateModified\":\"2026-02-19T21:42:15+00:00\"},{\"@type\":\"WebSite\",\"@id\":\"https:\\\/\\\/monatglobal.com\\\/pl\\\/#website\",\"url\":\"https:\\\/\\\/monatglobal.com\\\/pl\\\/\",\"name\":\"MONAT POLAND\",\"description\":\"MONAT GLOBAL\",\"inLanguage\":\"pl-PL\",\"publisher\":{\"@id\":\"https:\\\/\\\/monatglobal.com\\\/pl\\\/#organization\"}}]}\n\t\t<\/script>\n\t\t<!-- All in One SEO Pro -->\r\n\t\t<title>MONAT BODY CARE\u2122 Z\u0142uszczaj\u0105cy I Rewitalizuj\u0105cy Preparat Do Cia\u0142a<\/title>\n\n","aioseo_head_json":{"title":"MONAT BODY CARE\u2122 Z\u0142uszczaj\u0105cy I Rewitalizuj\u0105cy Preparat Do Cia\u0142a","description":"-->","canonical_url":"https:\/\/monatglobal.com\/pl\/body-exfoliator\/","robots":"max-image-preview:large","keywords":"","webmasterTools":{"miscellaneous":""},"schema":{"@context":"https:\/\/schema.org","@graph":[{"@type":"BreadcrumbList","@id":"https:\/\/monatglobal.com\/pl\/body-exfoliator\/#breadcrumblist","itemListElement":[{"@type":"ListItem","@id":"https:\/\/monatglobal.com\/pl#listItem","position":1,"name":"Home","item":"https:\/\/monatglobal.com\/pl","nextItem":{"@type":"ListItem","@id":"https:\/\/monatglobal.com\/pl\/body-exfoliator\/#listItem","name":"MONAT BODY CARE\u2122  Z\u0142uszczaj\u0105cy I Rewitalizuj\u0105cy Preparat Do Cia\u0142a"}},{"@type":"ListItem","@id":"https:\/\/monatglobal.com\/pl\/body-exfoliator\/#listItem","position":2,"name":"MONAT BODY CARE\u2122  Z\u0142uszczaj\u0105cy I Rewitalizuj\u0105cy Preparat Do Cia\u0142a","previousItem":{"@type":"ListItem","@id":"https:\/\/monatglobal.com\/pl#listItem","name":"Home"}}]},{"@type":"Organization","@id":"https:\/\/monatglobal.com\/pl\/#organization","name":"MONAT POLAND","description":"MONAT GLOBAL","url":"https:\/\/monatglobal.com\/pl\/"},{"@type":"WebPage","@id":"https:\/\/monatglobal.com\/pl\/body-exfoliator\/#webpage","url":"https:\/\/monatglobal.com\/pl\/body-exfoliator\/","name":"MONAT BODY CARE\u2122 Z\u0142uszczaj\u0105cy I Rewitalizuj\u0105cy Preparat Do Cia\u0142a","description":"-->","inLanguage":"pl-PL","isPartOf":{"@id":"https:\/\/monatglobal.com\/pl\/#website"},"breadcrumb":{"@id":"https:\/\/monatglobal.com\/pl\/body-exfoliator\/#breadcrumblist"},"image":{"@type":"ImageObject","url":"https:\/\/monatglobal.com\/pl\/wp-content\/uploads\/sites\/9\/2021\/08\/exfoliate-refine-body-polish-ecomm.png","@id":"https:\/\/monatglobal.com\/pl\/body-exfoliator\/#mainImage","width":641,"height":800},"primaryImageOfPage":{"@id":"https:\/\/monatglobal.com\/pl\/body-exfoliator\/#mainImage"},"datePublished":"2021-09-14T01:10:43+01:00","dateModified":"2026-02-19T21:42:15+00:00"},{"@type":"WebSite","@id":"https:\/\/monatglobal.com\/pl\/#website","url":"https:\/\/monatglobal.com\/pl\/","name":"MONAT POLAND","description":"MONAT GLOBAL","inLanguage":"pl-PL","publisher":{"@id":"https:\/\/monatglobal.com\/pl\/#organization"}}]},"og:locale":"pl_PL","og:site_name":"MONAT POLAND - MONAT GLOBAL","og:type":"article","og:title":"MONAT BODY CARE\u2122 Z\u0142uszczaj\u0105cy I Rewitalizuj\u0105cy Preparat Do Cia\u0142a","og:description":"--&gt;","og:url":"https:\/\/monatglobal.com\/pl\/body-exfoliator\/","article:published_time":"2021-09-14T00:10:43+00:00","article:modified_time":"2026-02-19T21:42:15+00:00","twitter:card":"summary_large_image","twitter:title":"MONAT BODY CARE\u2122 Z\u0142uszczaj\u0105cy I Rewitalizuj\u0105cy Preparat Do Cia\u0142a","twitter:description":"--&gt;"},"aioseo_meta_data":{"post_id":"63717","title":"MONAT BODY CARE\u2122 Z\u0142uszczaj\u0105cy I Rewitalizuj\u0105cy Preparat Do Cia\u0142a","description":null,"keywords":null,"keyphrases":{"focus":{"keyphrase":"","score":0,"analysis":{"keyphraseInTitle":{"score":0,"maxScore":9,"error":1}}},"additional":[]},"primary_term":null,"canonical_url":null,"og_title":null,"og_description":null,"og_object_type":"default","og_image_type":"default","og_image_url":null,"og_image_width":null,"og_image_height":null,"og_image_custom_url":null,"og_image_custom_fields":null,"og_video":"","og_custom_url":null,"og_article_section":null,"og_article_tags":null,"twitter_use_og":false,"twitter_card":"default","twitter_image_type":"default","twitter_image_url":null,"twitter_image_custom_url":null,"twitter_image_custom_fields":null,"twitter_title":null,"twitter_description":null,"schema":{"blockGraphs":[],"customGraphs":[],"default":{"data":{"Article":[],"Course":[],"Dataset":[],"FAQPage":[],"Movie":[],"Person":[],"Product":[],"ProductReview":[],"Car":[],"Recipe":[],"Service":[],"SoftwareApplication":[],"WebPage":[]},"graphName":"WebPage","isEnabled":true},"graphs":[]},"schema_type":"default","schema_type_options":null,"pillar_content":false,"robots_default":true,"robots_noindex":false,"robots_noarchive":false,"robots_nosnippet":false,"robots_nofollow":false,"robots_noimageindex":false,"robots_noodp":false,"robots_notranslate":false,"robots_max_snippet":"-1","robots_max_videopreview":"-1","robots_max_imagepreview":"large","priority":null,"frequency":"default","local_seo":null,"seo_analyzer_scan_date":"2026-02-19 21:44:17","limit_modified_date":false,"reviewed_by":"0","open_ai":null,"ai":{"faqs":[],"keyPoints":[],"titles":[],"descriptions":[],"socialPosts":{"email":[],"linkedin":[],"twitter":[],"facebook":[],"instagram":[]}},"created":"2023-07-26 09:51:33","updated":"2026-02-19 21:44:17"},"aioseo_breadcrumb":"<div class=\"aioseo-breadcrumbs\"><span class=\"aioseo-breadcrumb\">\n\t<a href=\"https:\/\/monatglobal.com\/pl\" title=\"Home\">Home<\/a>\n<\/span><span class=\"aioseo-breadcrumb-separator\">&raquo;<\/span><span class=\"aioseo-breadcrumb\">\n\tMONAT BODY CARE\u2122  Z\u0142uszczaj\u0105cy I Rewitalizuj\u0105cy Preparat Do Cia\u0142a\n<\/span><\/div>","aioseo_breadcrumb_json":[{"label":"Home","link":"https:\/\/monatglobal.com\/pl"},{"label":"MONAT BODY CARE\u2122  Z\u0142uszczaj\u0105cy I Rewitalizuj\u0105cy Preparat Do Cia\u0142a","link":"https:\/\/monatglobal.com\/pl\/body-exfoliator\/"}],"_links":{"self":[{"href":"https:\/\/monatglobal.com\/pl\/wp-json\/wp\/v2\/pages\/63717","targetHints":{"allow":["GET"]}}],"collection":[{"href":"https:\/\/monatglobal.com\/pl\/wp-json\/wp\/v2\/pages"}],"about":[{"href":"https:\/\/monatglobal.com\/pl\/wp-json\/wp\/v2\/types\/page"}],"author":[{"embeddable":true,"href":"https:\/\/monatglobal.com\/pl\/wp-json\/wp\/v2\/users\/31"}],"replies":[{"embeddable":true,"href":"https:\/\/monatglobal.com\/pl\/wp-json\/wp\/v2\/comments?post=63717"}],"version-history":[{"count":27,"href":"https:\/\/monatglobal.com\/pl\/wp-json\/wp\/v2\/pages\/63717\/revisions"}],"predecessor-version":[{"id":109347,"href":"https:\/\/monatglobal.com\/pl\/wp-json\/wp\/v2\/pages\/63717\/revisions\/109347"}],"wp:featuredmedia":[{"embeddable":true,"href":"https:\/\/monatglobal.com\/pl\/wp-json\/wp\/v2\/media\/62668"}],"wp:attachment":[{"href":"https:\/\/monatglobal.com\/pl\/wp-json\/wp\/v2\/media?parent=63717"}],"wp:term":[{"taxonomy":"category","embeddable":true,"href":"https:\/\/monatglobal.com\/pl\/wp-json\/wp\/v2\/categories?post=63717"},{"taxonomy":"post_tag","embeddable":true,"href":"https:\/\/monatglobal.com\/pl\/wp-json\/wp\/v2\/tags?post=63717"}],"curies":[{"name":"wp","href":"https:\/\/api.w.org\/{rel}","templated":true}]}}