{"id":63707,"date":"2021-09-14T00:24:18","date_gmt":"2021-09-13T23:24:18","guid":{"rendered":"https:\/\/monatglobal.com\/pl\/?page_id=63707"},"modified":"2026-02-20T13:53:43","modified_gmt":"2026-02-20T13:53:43","slug":"body-hydrate-serum","status":"publish","type":"page","link":"https:\/\/monatglobal.com\/pl\/body-hydrate-serum\/","title":{"rendered":"Nawil\u017caj\u0105co-Regeneruj\u0105ce Serum Do Cia\u0142a &#124; Piel\u0119gnacja sk\u00f3ry MONAT &#124; Piel\u0119gnacja cia\u0142a"},"content":{"rendered":"\n<link rel=\"stylesheet\" href=\"https:\/\/unpkg.com\/swiper\/swiper-bundle.min.css\">\n<link rel=\"stylesheet\" href=\"https:\/\/monatglobal.com\/wp-content\/creative_css\/product_styles_sheet.css\">\n   <!--==================================================== ECOMM SECTION ====================================================-->\n      <!--==================================================== Ecomm image ====================================================-->\n      <img decoding=\"async\" src=\"https:\/\/monatglobal.com\/wp-content\/uploads\/2021\/08\/HYDRATE-REPAIR-BODY-SERUM-ecomm.png\" alt=\"MONAT BODY CARE\u2122 Hydrate &amp; Repair Body Serum\" loading=\"lazy\">\n      <!--==================================================== Ecomm information  ====================================================-->\n         <p>MONAT BODY CARE\u2122<\/p>\n         <h1>Nawil\u017caj\u0105co-Regeneruj\u0105ce Serum Do&nbsp;Cia\u0142a<\/h1>\n         \n         <p>Silnie skoncentrowane serum do cia\u0142a natychmiastowo nawil\u017ca i od\u017cywia&nbsp;sk\u00f3r\u0119<\/p>\n         <p>178 ml \u212e 6 fl. oz.<\/p>\n      <!--==================================================== pricing box ====================================================-->    \n         <p>Cena detaliczna<br>000.00 z\u0142<\/p>\n         <p>Klient VIP<br>000.00 z\u0142<\/p>\n      <!--==================================================== pricing box ====================================================--> \n         <p>Aby dowiedzie\u0107 si\u0119 wi\u0119cej o MONAT BODY CARE\u2122\ufe0f Nawil\u017caj\u0105co-Regeneruj\u0105cym Serum Do Cia\u0142a skontaktuj si\u0119 z Twoim Market&nbsp;Partnerem<\/p>\n          <a href=\"\" target=\"_blank\" role=\"button\" aria-label=\"\" rel=\"noopener\"><\/a>\n   <!--==================================================== \/ECOMM SECTION  ====================================================-->\n   <!--==================================================== Benefits image ====================================================-->\n   \n      <source media=\"(max-width: 700px)\" srcset=\"https:\/\/monatglobal.com\/wp-content\/uploads\/2021\/09\/Hydrate-Repair-Body-Serum-Benefits_mobile.jpg\" loading=\"lazy\">\n      <img decoding=\"async\" alt=\"Close up of an african-american woman elegantly posing, looking to the right while touching her chin. The image depicts perfectly \n      nourished skin.\" src=\"https:\/\/monatglobal.com\/wp-content\/uploads\/2021\/09\/Hydrate-Repair-Body-Serum-Benefits.jpg\" loading=\"lazy\">\n   \n   <!--==================================================== Benefits text ====================================================-->\n         <h2>KORZY\u015aCI<\/h2>\n         <h3>Szybko wch\u0142aniaj\u0105ce si\u0119 serum z kwasem hialuronowym, witamin\u0105 B3 oraz \u015bliwk\u0105 kakadu, kt\u00f3re od\u017cywia i g\u0142\u0119boko nawadnia sk\u00f3r\u0119, czyni\u0105c j\u0105 g\u0142adsz\u0105, j\u0119drniejsz\u0105 i&nbsp;zdrowsz\u0105.<\/h3>\n         \n         <!--==================================================== features image  ====================================================-->\n         <img decoding=\"async\" alt=\"MONAT's Hydrate &amp; Repair Body Serum lays centered over a solid peach color background exhibiting its main ingredients \n         ornamenting the main product.\" src=\"https:\/\/monatglobal.com\/wp-content\/uploads\/2021\/09\/Directions-Hydrate-Repair-Body-Serum.jpg\" loading=\"lazy\">\n      <!--==================================================== features text ====================================================-->\n            <h3>Regeneracyjna moc&nbsp;nawil\u017cenia<\/h3>\n               <p>\/ Utrzymuje nawodnienie sk\u00f3ry do 24&nbsp;godzin<\/p>\n               <p>\/ Sk\u00f3ra staje si\u0119 bardziej mi\u0119kka i&nbsp;g\u0142adsza<\/p>\n               <p>\/ Nadaj sk\u00f3rze&nbsp;blask<\/p>\n               <p>\/ Poprawia koloryt&nbsp;sk\u00f3ry<\/p>\n               <p>\/ Pomaga uelastyczni\u0107 i uj\u0119drni\u0107&nbsp;sk\u00f3r\u0119<\/p>\n               <p>\/ Redukuje drobne&nbsp;zmarszczki<\/p>\n               <br>\n            <p>Zapach \/ Piwonia i pieprz czerwony<\/p>\n            <p> Tekstura \/ Niet\u0142usty i lekki preparat w p\u0142ynie<\/p>\n   <!--==================================================== composition image mobile ====================================================-->\n   <img decoding=\"async\" alt=\"MONAT's Hydrate &amp; Repair Body Serum being held by a woman's hand against her leg. It's intended to show \n   exceptional results after treatment.\" src=\"https:\/\/monatglobal.com\/wp-content\/uploads\/2021\/09\/Comp1-Hydrate-Repair-Body-Serum-.jpg\" loading=\"lazy\">\n   <!--==================================================== Why it works text ====================================================-->\n      <h2>Natychmiastowe nawil\u017cenie. D\u0142ugotrwa\u0142e efekty.<\/h2>\n      <h3>To silnie skoncentrowane serum do cia\u0142a natychmiastowo nawil\u017ca i od\u017cywia sk\u00f3r\u0119. Wyj\u0105tkowy zestaw \n      probiotyk\u00f3w, niacyna oraz kwas hialuronowy dzia\u0142aj\u0105 synergicznie, zapewniaj\u0105c sk\u00f3rze odpowiedni\u0105 regeneracj\u0119, aby\u015b mog\u0142a cieszy\u0107 si\u0119 \n      zdrow\u0105 i m\u0142odo wygl\u0105daj\u0105c\u0105&nbsp;sk\u00f3r\u0105.<\/h3>\n<!--==================================================== Composition section ====================================================-->\n      <img decoding=\"async\" alt=\"MONAT's Hydrate &amp; Repair Body Serum being held by a woman's hand against her leg. It's intended to show exceptional \n      results after treatment.\" src=\"https:\/\/monatglobal.com\/wp-content\/uploads\/2021\/09\/Comp1-Hydrate-Repair-Body-Serum-.jpg\" loading=\"lazy\">\n      <img decoding=\"async\" alt=\"Closeup of a smiling woman while applying the serum gel on her right shoulder. It showcases its clear texture properties.\" src=\"https:\/\/monatglobal.com\/wp-content\/uploads\/2021\/09\/Comp3_Hydrate_-Repair-Body-Serum-.jpg\" loading=\"lazy\">\n            <!--==================================================== Directions text ====================================================--> \n               <h3>Spos\u00f3b u\u017cycia<\/h3>\n               <p>\/ Na\u0142\u00f3\u017c cienk\u0105 warstw\u0119 na ca\u0142e cia\u0142o.<\/p>\n               <p>\/ Delikatnie wmasuj w sk\u00f3r\u0119, wykonuj\u0105c okr\u0119\u017cne ruchy, a\u017c do pe\u0142nego wch\u0142oni\u0119cia si\u0119&nbsp;produktu.<\/p>\n               <p>\/ Nast\u0119pnie wykonaj swoj\u0105 rutyn\u0119 piel\u0119gnacyjn\u0105 MONAT&nbsp;BODY&nbsp;CARE\u2122.<\/p>\n            <!--==================================================== Directions video ====================================================-->\n      <p>MONAT BODY CARE\u2122 <br>Nawil\u017caj\u0105co-Regeneruj\u0105ce <br>Serum Do Cia\u0142a<br>0:00<\/p>\n      <a href=\"\" target=\"_blank\" role=\"button\" aria-label=\"\" rel=\"noopener\"><\/a>\n   <!--==================================================== Ingredients section  ====================================================-->\n      <h2>PRZEGL\u0104D SK\u0141ADNIK\u00d3W<\/h2>\n               <p>Wyci\u0105g z fermentacji bakterii&nbsp;Lactococcus<\/p>\n               <p>\u015aliwka kakadu<\/p>\n               <p>Skwalen<\/p>\n               <p>Niacyna<\/p>\n               <p>Kwas mlekowy<\/p>\n               <p>Kwas hialuronowy<\/p>\n        <button id=\"myBtn\" type=\"button\">PE\u0141NA LISTA SK\u0141ADNIK\u00d3W<\/button>\n      <!--==================================================== Modal content  ====================================================-->\n         \u00d7\n         Aqua\/Water\/Eau, Glycerin, Polyacrylate Crosspolymer-6, Caryocar Brasiliense Fruit Oil, Cocos Nucifera (Coconut) Oil, \n         Gardenia Taitensis Flower Extract, Helianthus Annuus (Sunflower) Seed Oil, Mauritia Flexuosa Fruit Oil, Moringa Oleifera Seed Oil, \n         Palmitoyl Hexapeptide-12, Adansonia Digitata Oil, Tocopherol, Simmondsia Chinensis (Jojoba) Seed Extract, Citrus Aurantifolia (Lime) \n         Oil, Citrus Aurantium Bergamia (Bergamot) Fruit Oil, Camellia Oleifera Seed Oil, Olea Europaea (Olive) Fruit Oil, Citrus Limon \n         (Lemon) Peel Oil, Daucus Carota Sativa (Carrot) Seed Oil, Solanum Lycopersicum (Tomato) Seed Oil, Terminalia Ferdinandiana Fruit \n         Extract, Hydrogenated Lecithin, Ceramide NG, Sodium Hyaluronate, Polysorbate 60, Crambe Abyssinica Seed Oil, CocoCaprylate\/Caprate, \n         Euterpe Oleracea Fruit Extract, Lycium Barbarum Fruit Extract, Squalane, Vaccinium Angustifolium (Blueberry) Fruit Extract, Vaccinium \n         Macrocarpon (Cranberry) Fruit Extract, Lactic Acid, Lactococcus Ferment Extract, Tribehenin, Limnanthes Alba (Meadowfoam) Seed Oil, \n         Ethylhexylglycerin, Niacinamide, Glycolic Acid, C12-15 Alkyl Benzoate, Coconut Alkanes, Hydroxyyethyl Acrylate\/Sodium Acryloyldimethyl \n         Taurate Copolymer, Sodium Lactate, Sorbitan Isostearate, Potassium Sorbate, Sodium Levulinate, Benzyl Alcohol, Sodium Benzoate, \n         Sodium Chloride, Limonene.\n   <!--==================================================== You might also like section ====================================================-->\n      <h2>MO\u017bE CI\u0118 R\u00d3WNIE\u017b ZAINTERESOWA\u0106<\/h2>\n      <!--==================================================== Slider YOU MIGHT ALSO LIKE ====================================================-->\n      <!---->\n      <!--   -->\n            <!--==================================================== Slides products ====================================================-->\n      <!--      -->\n      <!--         <a href=\"\/pl\/body-wash\/\" aria-label=\"Go to MONAT BODY CARE\u2122 Nawil\u017caj\u0105cy I Od\u017cywiaj\u0105cy \u017bel Pod Prysznic page\">-->\n      <!--            <img decoding=\"async\" src=\"https:\/\/monatglobal.com\/wp-content\/uploads\/2022\/12\/Moistturizw-replenish-body-wash-ecomm-min.png\" alt=\"MONAT BODY CARE\u2122 Nawil\u017caj\u0105cy I Od\u017cywiaj\u0105cy \u017bel Pod Prysznic\" loading=\"lazy\"\/>-->\n      <!--            <p>MONAT BODY CARE\u2122 <br \/>Nawil\u017caj\u0105cy I Od\u017cywiaj\u0105cy <br \/>\u017bel Pod Prysznic<\/p>-->\n      <!--         <\/a>-->\n      <!--      -->\n      <!--      -->\n      <!--         <a href=\"\/pl\/body-lotion\/\" aria-label=\"Go to MONAT BODY CARE\u2122 Wyg\u0142adzaj\u0105cy I Regeneruj\u0105cy Balsam Do Cia\u0142a page\">-->\n      <!--            <img decoding=\"async\" src=\"https:\/\/monatglobal.com\/wp-content\/uploads\/2022\/12\/SMOOTH-RENEW-BODY-LOTION-ecomm-1-min.png\" alt=\"MONAT BODY CARE\u2122 Wyg\u0142adzaj\u0105cy I Regeneruj\u0105cy Balsam Do Cia\u0142a\" loading=\"lazy\"\/>-->\n      <!--            <p>MONAT BODY CARE\u2122 <br \/>Wyg\u0142adzaj\u0105cy I Regeneruj\u0105cy <br \/>Balsam Do Cia\u0142a<\/p>-->\n      <!--         <\/a>-->\n      <!--      -->\n      <!--      -->\n      <!--         <a href=\"\/pl\/hand-cream\/\" aria-label=\"Go to Jedwabisty I \u0141agodz\u0105cy Krem Do R\u0105k page\">-->\n      <!--            <img decoding=\"async\" src=\"https:\/\/monatglobal.com\/wp-content\/uploads\/2022\/12\/SILKY-SOOTHING-HAND-CREAM-ecomm-min.png\" alt=\"MONAT BODY CARE\u2122 Jedwabisty I \u0141agodz\u0105cy Krem Do R\u0105k\" loading=\"lazy\"\/>-->\n      <!--            <p>MONAT BODY CARE\u2122 <br \/>Jedwabisty I \u0141agodz\u0105cy <br \/>Krem Do R\u0105k<\/p>-->\n      <!--         <\/a>-->\n      <!--      -->\n      <!--   -->\n         <!--==================================================== If we need navigation buttons  ====================================================-->\n      <!--   -->\n      <!--   -->\n         <!--==================================================== If we need paginations  ====================================================-->\n      <!--   -->\n      <!---->\n         <!--==================================================== If we need navigation buttons  ====================================================-->\n         <!--==================================================== If we need paginations  ====================================================-->\n    <a href=\"\" aria-label=\"\"><\/a>\n<!--==================================================== this link has to go last for it to work   ====================================================-->\n","protected":false},"excerpt":{"rendered":"<p>MONAT BODY CARE\u2122 Nawil\u017caj\u0105co-Regeneruj\u0105ce Serum Do&nbsp;Cia\u0142a Silnie skoncentrowane serum do cia\u0142a natychmiastowo nawil\u017ca i od\u017cywia&nbsp;sk\u00f3r\u0119 178 ml \u212e 6 fl. oz. Cena detaliczna000.00 z\u0142 Klient VIP000.00 z\u0142 Aby dowiedzie\u0107 si\u0119 wi\u0119cej o MONAT BODY CARE\u2122\ufe0f Nawil\u017caj\u0105co-Regeneruj\u0105cym Serum Do Cia\u0142a skontaktuj si\u0119 z Twoim Market&nbsp;Partnerem KORZY\u015aCI Szybko wch\u0142aniaj\u0105ce si\u0119 serum z kwasem hialuronowym, witamin\u0105 B3 oraz&hellip;<\/p>\n","protected":false},"author":31,"featured_media":62669,"parent":0,"menu_order":0,"comment_status":"closed","ping_status":"closed","template":"","meta":{"inline_featured_image":false,"om_disable_all_campaigns":false,"_monsterinsights_skip_tracking":false,"_monsterinsights_sitenote_active":false,"_monsterinsights_sitenote_note":"","_monsterinsights_sitenote_category":0,"footnotes":""},"categories":[39],"tags":[],"class_list":["post-63707","page","type-page","status-publish","has-post-thumbnail","hentry","category-product-pl"],"aioseo_notices":[],"aioseo_head":"\n\t\t<!-- All in One SEO Pro 4.9.6 - aioseo.com -->\n\t<meta name=\"description\" content=\"--&gt;\" \/>\n\t<meta name=\"robots\" content=\"max-image-preview:large\" \/>\n\t<link rel=\"canonical\" href=\"https:\/\/monatglobal.com\/pl\/body-hydrate-serum\/\" \/>\n\t<meta name=\"generator\" content=\"All in One SEO Pro (AIOSEO) 4.9.6\" \/>\n\t\t<meta property=\"og:locale\" content=\"pl_PL\" \/>\n\t\t<meta property=\"og:site_name\" content=\"MONAT POLAND - MONAT GLOBAL\" \/>\n\t\t<meta property=\"og:type\" content=\"article\" \/>\n\t\t<meta property=\"og:title\" content=\"Nawil\u017caj\u0105co-Regeneruj\u0105ce Serum Do Cia\u0142a | Piel\u0119gnacja sk\u00f3ry MONAT | Piel\u0119gnacja cia\u0142a\" \/>\n\t\t<meta property=\"og:description\" content=\"--&gt;\" \/>\n\t\t<meta property=\"og:url\" content=\"https:\/\/monatglobal.com\/pl\/body-hydrate-serum\/\" \/>\n\t\t<meta property=\"article:published_time\" content=\"2021-09-13T23:24:18+00:00\" \/>\n\t\t<meta property=\"article:modified_time\" content=\"2026-02-20T13:53:43+00:00\" \/>\n\t\t<meta name=\"twitter:card\" content=\"summary_large_image\" \/>\n\t\t<meta name=\"twitter:title\" content=\"Nawil\u017caj\u0105co-Regeneruj\u0105ce Serum Do Cia\u0142a | Piel\u0119gnacja sk\u00f3ry MONAT | Piel\u0119gnacja cia\u0142a\" \/>\n\t\t<meta name=\"twitter:description\" content=\"--&gt;\" \/>\n\t\t<script type=\"application\/ld+json\" class=\"aioseo-schema\">\n\t\t\t{\"@context\":\"https:\\\/\\\/schema.org\",\"@graph\":[{\"@type\":\"BreadcrumbList\",\"@id\":\"https:\\\/\\\/monatglobal.com\\\/pl\\\/body-hydrate-serum\\\/#breadcrumblist\",\"itemListElement\":[{\"@type\":\"ListItem\",\"@id\":\"https:\\\/\\\/monatglobal.com\\\/pl#listItem\",\"position\":1,\"name\":\"Home\",\"item\":\"https:\\\/\\\/monatglobal.com\\\/pl\",\"nextItem\":{\"@type\":\"ListItem\",\"@id\":\"https:\\\/\\\/monatglobal.com\\\/pl\\\/body-hydrate-serum\\\/#listItem\",\"name\":\"Nawil\\u017caj\\u0105co-Regeneruj\\u0105ce Serum Do Cia\\u0142a &#124; Piel\\u0119gnacja sk\\u00f3ry MONAT &#124; Piel\\u0119gnacja cia\\u0142a\"}},{\"@type\":\"ListItem\",\"@id\":\"https:\\\/\\\/monatglobal.com\\\/pl\\\/body-hydrate-serum\\\/#listItem\",\"position\":2,\"name\":\"Nawil\\u017caj\\u0105co-Regeneruj\\u0105ce Serum Do Cia\\u0142a &#124; Piel\\u0119gnacja sk\\u00f3ry MONAT &#124; Piel\\u0119gnacja cia\\u0142a\",\"previousItem\":{\"@type\":\"ListItem\",\"@id\":\"https:\\\/\\\/monatglobal.com\\\/pl#listItem\",\"name\":\"Home\"}}]},{\"@type\":\"Organization\",\"@id\":\"https:\\\/\\\/monatglobal.com\\\/pl\\\/#organization\",\"name\":\"MONAT POLAND\",\"description\":\"MONAT GLOBAL\",\"url\":\"https:\\\/\\\/monatglobal.com\\\/pl\\\/\"},{\"@type\":\"WebPage\",\"@id\":\"https:\\\/\\\/monatglobal.com\\\/pl\\\/body-hydrate-serum\\\/#webpage\",\"url\":\"https:\\\/\\\/monatglobal.com\\\/pl\\\/body-hydrate-serum\\\/\",\"name\":\"Nawil\\u017caj\\u0105co-Regeneruj\\u0105ce Serum Do Cia\\u0142a | Piel\\u0119gnacja sk\\u00f3ry MONAT | Piel\\u0119gnacja cia\\u0142a\",\"description\":\"-->\",\"inLanguage\":\"pl-PL\",\"isPartOf\":{\"@id\":\"https:\\\/\\\/monatglobal.com\\\/pl\\\/#website\"},\"breadcrumb\":{\"@id\":\"https:\\\/\\\/monatglobal.com\\\/pl\\\/body-hydrate-serum\\\/#breadcrumblist\"},\"image\":{\"@type\":\"ImageObject\",\"url\":\"https:\\\/\\\/monatglobal.com\\\/pl\\\/wp-content\\\/uploads\\\/sites\\\/9\\\/2021\\\/08\\\/HYDRATE-REPAIR-BODY-SERUM-ecomm.png\",\"@id\":\"https:\\\/\\\/monatglobal.com\\\/pl\\\/body-hydrate-serum\\\/#mainImage\",\"width\":641,\"height\":800},\"primaryImageOfPage\":{\"@id\":\"https:\\\/\\\/monatglobal.com\\\/pl\\\/body-hydrate-serum\\\/#mainImage\"},\"datePublished\":\"2021-09-14T00:24:18+01:00\",\"dateModified\":\"2026-02-20T13:53:43+00:00\"},{\"@type\":\"WebSite\",\"@id\":\"https:\\\/\\\/monatglobal.com\\\/pl\\\/#website\",\"url\":\"https:\\\/\\\/monatglobal.com\\\/pl\\\/\",\"name\":\"MONAT POLAND\",\"description\":\"MONAT GLOBAL\",\"inLanguage\":\"pl-PL\",\"publisher\":{\"@id\":\"https:\\\/\\\/monatglobal.com\\\/pl\\\/#organization\"}}]}\n\t\t<\/script>\n\t\t<!-- All in One SEO Pro -->\r\n\t\t<title>Nawil\u017caj\u0105co-Regeneruj\u0105ce Serum Do Cia\u0142a | Piel\u0119gnacja sk\u00f3ry MONAT | Piel\u0119gnacja cia\u0142a<\/title>\n\n","aioseo_head_json":{"title":"Nawil\u017caj\u0105co-Regeneruj\u0105ce Serum Do Cia\u0142a | Piel\u0119gnacja sk\u00f3ry MONAT | Piel\u0119gnacja cia\u0142a","description":"-->","canonical_url":"https:\/\/monatglobal.com\/pl\/body-hydrate-serum\/","robots":"max-image-preview:large","keywords":"","webmasterTools":{"miscellaneous":""},"schema":{"@context":"https:\/\/schema.org","@graph":[{"@type":"BreadcrumbList","@id":"https:\/\/monatglobal.com\/pl\/body-hydrate-serum\/#breadcrumblist","itemListElement":[{"@type":"ListItem","@id":"https:\/\/monatglobal.com\/pl#listItem","position":1,"name":"Home","item":"https:\/\/monatglobal.com\/pl","nextItem":{"@type":"ListItem","@id":"https:\/\/monatglobal.com\/pl\/body-hydrate-serum\/#listItem","name":"Nawil\u017caj\u0105co-Regeneruj\u0105ce Serum Do Cia\u0142a &#124; Piel\u0119gnacja sk\u00f3ry MONAT &#124; Piel\u0119gnacja cia\u0142a"}},{"@type":"ListItem","@id":"https:\/\/monatglobal.com\/pl\/body-hydrate-serum\/#listItem","position":2,"name":"Nawil\u017caj\u0105co-Regeneruj\u0105ce Serum Do Cia\u0142a &#124; Piel\u0119gnacja sk\u00f3ry MONAT &#124; Piel\u0119gnacja cia\u0142a","previousItem":{"@type":"ListItem","@id":"https:\/\/monatglobal.com\/pl#listItem","name":"Home"}}]},{"@type":"Organization","@id":"https:\/\/monatglobal.com\/pl\/#organization","name":"MONAT POLAND","description":"MONAT GLOBAL","url":"https:\/\/monatglobal.com\/pl\/"},{"@type":"WebPage","@id":"https:\/\/monatglobal.com\/pl\/body-hydrate-serum\/#webpage","url":"https:\/\/monatglobal.com\/pl\/body-hydrate-serum\/","name":"Nawil\u017caj\u0105co-Regeneruj\u0105ce Serum Do Cia\u0142a | Piel\u0119gnacja sk\u00f3ry MONAT | Piel\u0119gnacja cia\u0142a","description":"-->","inLanguage":"pl-PL","isPartOf":{"@id":"https:\/\/monatglobal.com\/pl\/#website"},"breadcrumb":{"@id":"https:\/\/monatglobal.com\/pl\/body-hydrate-serum\/#breadcrumblist"},"image":{"@type":"ImageObject","url":"https:\/\/monatglobal.com\/pl\/wp-content\/uploads\/sites\/9\/2021\/08\/HYDRATE-REPAIR-BODY-SERUM-ecomm.png","@id":"https:\/\/monatglobal.com\/pl\/body-hydrate-serum\/#mainImage","width":641,"height":800},"primaryImageOfPage":{"@id":"https:\/\/monatglobal.com\/pl\/body-hydrate-serum\/#mainImage"},"datePublished":"2021-09-14T00:24:18+01:00","dateModified":"2026-02-20T13:53:43+00:00"},{"@type":"WebSite","@id":"https:\/\/monatglobal.com\/pl\/#website","url":"https:\/\/monatglobal.com\/pl\/","name":"MONAT POLAND","description":"MONAT GLOBAL","inLanguage":"pl-PL","publisher":{"@id":"https:\/\/monatglobal.com\/pl\/#organization"}}]},"og:locale":"pl_PL","og:site_name":"MONAT POLAND - MONAT GLOBAL","og:type":"article","og:title":"Nawil\u017caj\u0105co-Regeneruj\u0105ce Serum Do Cia\u0142a | Piel\u0119gnacja sk\u00f3ry MONAT | Piel\u0119gnacja cia\u0142a","og:description":"--&gt;","og:url":"https:\/\/monatglobal.com\/pl\/body-hydrate-serum\/","article:published_time":"2021-09-13T23:24:18+00:00","article:modified_time":"2026-02-20T13:53:43+00:00","twitter:card":"summary_large_image","twitter:title":"Nawil\u017caj\u0105co-Regeneruj\u0105ce Serum Do Cia\u0142a | Piel\u0119gnacja sk\u00f3ry MONAT | Piel\u0119gnacja cia\u0142a","twitter:description":"--&gt;"},"aioseo_meta_data":{"post_id":"63707","title":"Nawil\u017caj\u0105co-Regeneruj\u0105ce Serum Do Cia\u0142a | Piel\u0119gnacja sk\u00f3ry MONAT | Piel\u0119gnacja cia\u0142a","description":null,"keywords":null,"keyphrases":{"focus":{"keyphrase":"","score":0,"analysis":{"keyphraseInTitle":{"score":0,"maxScore":9,"error":1}}},"additional":[]},"primary_term":null,"canonical_url":null,"og_title":null,"og_description":null,"og_object_type":"default","og_image_type":"default","og_image_url":null,"og_image_width":null,"og_image_height":null,"og_image_custom_url":null,"og_image_custom_fields":null,"og_video":"","og_custom_url":null,"og_article_section":null,"og_article_tags":null,"twitter_use_og":false,"twitter_card":"default","twitter_image_type":"default","twitter_image_url":null,"twitter_image_custom_url":null,"twitter_image_custom_fields":null,"twitter_title":null,"twitter_description":null,"schema":{"blockGraphs":[],"customGraphs":[],"default":{"data":{"Article":[],"Course":[],"Dataset":[],"FAQPage":[],"Movie":[],"Person":[],"Product":[],"ProductReview":[],"Car":[],"Recipe":[],"Service":[],"SoftwareApplication":[],"WebPage":[]},"graphName":"WebPage","isEnabled":true},"graphs":[]},"schema_type":"default","schema_type_options":null,"pillar_content":false,"robots_default":true,"robots_noindex":false,"robots_noarchive":false,"robots_nosnippet":false,"robots_nofollow":false,"robots_noimageindex":false,"robots_noodp":false,"robots_notranslate":false,"robots_max_snippet":"-1","robots_max_videopreview":"-1","robots_max_imagepreview":"large","priority":null,"frequency":"default","local_seo":null,"seo_analyzer_scan_date":"2026-02-20 14:06:25","limit_modified_date":false,"reviewed_by":"0","open_ai":null,"ai":{"faqs":[],"keyPoints":[],"titles":[],"descriptions":[],"socialPosts":{"email":[],"linkedin":[],"twitter":[],"facebook":[],"instagram":[]}},"created":"2023-07-26 09:51:33","updated":"2026-02-20 14:06:25"},"aioseo_breadcrumb":"<div class=\"aioseo-breadcrumbs\"><span class=\"aioseo-breadcrumb\">\n\t<a href=\"https:\/\/monatglobal.com\/pl\" title=\"Home\">Home<\/a>\n<\/span><span class=\"aioseo-breadcrumb-separator\">&raquo;<\/span><span class=\"aioseo-breadcrumb\">\n\tNawil\u017caj\u0105co-Regeneruj\u0105ce Serum Do Cia\u0142a | Piel\u0119gnacja sk\u00f3ry MONAT | Piel\u0119gnacja cia\u0142a\n<\/span><\/div>","aioseo_breadcrumb_json":[{"label":"Home","link":"https:\/\/monatglobal.com\/pl"},{"label":"Nawil\u017caj\u0105co-Regeneruj\u0105ce Serum Do Cia\u0142a &#124; Piel\u0119gnacja sk\u00f3ry MONAT &#124; Piel\u0119gnacja cia\u0142a","link":"https:\/\/monatglobal.com\/pl\/body-hydrate-serum\/"}],"_links":{"self":[{"href":"https:\/\/monatglobal.com\/pl\/wp-json\/wp\/v2\/pages\/63707","targetHints":{"allow":["GET"]}}],"collection":[{"href":"https:\/\/monatglobal.com\/pl\/wp-json\/wp\/v2\/pages"}],"about":[{"href":"https:\/\/monatglobal.com\/pl\/wp-json\/wp\/v2\/types\/page"}],"author":[{"embeddable":true,"href":"https:\/\/monatglobal.com\/pl\/wp-json\/wp\/v2\/users\/31"}],"replies":[{"embeddable":true,"href":"https:\/\/monatglobal.com\/pl\/wp-json\/wp\/v2\/comments?post=63707"}],"version-history":[{"count":23,"href":"https:\/\/monatglobal.com\/pl\/wp-json\/wp\/v2\/pages\/63707\/revisions"}],"predecessor-version":[{"id":109348,"href":"https:\/\/monatglobal.com\/pl\/wp-json\/wp\/v2\/pages\/63707\/revisions\/109348"}],"wp:featuredmedia":[{"embeddable":true,"href":"https:\/\/monatglobal.com\/pl\/wp-json\/wp\/v2\/media\/62669"}],"wp:attachment":[{"href":"https:\/\/monatglobal.com\/pl\/wp-json\/wp\/v2\/media?parent=63707"}],"wp:term":[{"taxonomy":"category","embeddable":true,"href":"https:\/\/monatglobal.com\/pl\/wp-json\/wp\/v2\/categories?post=63707"},{"taxonomy":"post_tag","embeddable":true,"href":"https:\/\/monatglobal.com\/pl\/wp-json\/wp\/v2\/tags?post=63707"}],"curies":[{"name":"wp","href":"https:\/\/api.w.org\/{rel}","templated":true}]}}