{"id":63701,"date":"2021-09-13T22:20:36","date_gmt":"2021-09-13T21:20:36","guid":{"rendered":"https:\/\/monatglobal.com\/pl\/?page_id=63701"},"modified":"2026-02-19T21:37:14","modified_gmt":"2026-02-19T21:37:14","slug":"body-wash","status":"publish","type":"page","link":"https:\/\/monatglobal.com\/pl\/body-wash\/","title":{"rendered":"\u017bel Pod Prysznic &#124; Nawil\u017caj\u0105cy I Od\u017cywiaj\u0105cy \u017bel Pod Prysznic&#124; Piel\u0119gnacja sk\u00f3ry MONAT"},"content":{"rendered":"\n<link rel=\"stylesheet\" href=\"https:\/\/unpkg.com\/swiper\/swiper-bundle.min.css\">\n<link rel=\"stylesheet\" href=\"\/wp-content\/creative_css\/product_styles_sheet.css\">\n    <!--==================================================== ECOMM SECTION ====================================================-->\n    <p>BESTSELLERY<\/p>\n        <!--==================================================== Ecomm image ====================================================-->\n        <img decoding=\"async\" src=\"\/wp-content\/uploads\/2021\/08\/Moistturizw-replenish-body-wash-ecomm.png\" alt=\"MONAT BODY CARE\u2122 Moisturize &amp; Replenish Body Wash\" loading=\"lazy\">\n        <!--==================================================== Ecomm information  ====================================================-->\n            <p>BESTSELLERY<\/p>\n            <p>MONAT BODY CARE\u2122<\/p>\n            <h1>Nawil\u017caj\u0105cy I <br>Od\u017cywiaj\u0105cy \u017bel <br>Pod Prysznic<\/h1>\n            \n            <p>Od\u015bwie\u017caj\u0105cy \u017cel pod prysznic sprawia, \u017ce sk\u00f3ra staje si\u0119 mi\u0119kka, j\u0119drna i&nbsp;od\u017cywiona.<\/p>\n            <p>267 ml \u212e 9 fl. oz.<\/p>\n          <!--==================================================== pricing box ====================================================-->\n         <p>Cena detaliczna<br>000.00 z\u0142<\/p>\n         <p>Klient VIP<br>000.00 z\u0142<\/p>\n           <!--==================================================== pricing box ====================================================--> \n            <p>Aby dowiedzie\u0107 si\u0119 wi\u0119cej o MONAT BODY CARE\u2122 Nawil\u017caj\u0105cym I Od\u017cywiaj\u0105cym \u017belu Pod Prysznicskontaktuj si\u0119 z Twoim Market&nbsp;Partnerem<\/p>\n          <a href=\"\" target=\"_blank\" role=\"button\" aria-label=\"\" rel=\"noopener\"><\/a>\n    <!--==================================================== \/ECOMM SECTION  ====================================================-->\n   <!--==================================================== Benefits image ====================================================-->\n   \n      <source media=\"(max-width: 700px)\" srcset=\"\/wp-content\/uploads\/2021\/09\/Moisturize-Replenish-Body-Wash-benefits_mobile.jpg\" loading=\"lazy\">\n      <img decoding=\"async\" alt=\"Frontal closeup of a caucassian woman's body features. She smiles while holding MONAT's Moisturize &amp; Replenish Body Wash.\" src=\"\/wp-content\/uploads\/2021\/09\/Moisturize-Replenish-Body-Wash-benefits-.jpg\" loading=\"lazy\">\n   \n   <!--==================================================== Benefits text ====================================================-->\n         <h2>KORZY\u015aCI<\/h2>\n         <h3>Ta od\u017cywiaj\u0105ca formu\u0142a delikatnie oczyszcza oraz zapewnia d\u0142ugotrwa\u0142e nawil\u017cenie, chroni\u0105c sk\u00f3r\u0119 przed&nbsp;wysuszeniem. <\/h3>\n         <p>Z dodatkiem substancji aktywnych na bazie naturalnych sk\u0142adnik\u00f3w, zapewnia odpowiednie nawil\u017cenie i nie pozostawia \u015blad\u00f3w na sk\u00f3rze. Ciesz si\u0119 mi\u0119kk\u0105 i wyg\u0142adzon\u0105 sk\u00f3r\u0105 od st\u00f3p do&nbsp;g\u0142\u00f3w.<\/p>\n         <!--==================================================== features image  ====================================================-->\n         <img decoding=\"async\" alt=\"MONAT's Moisturize &amp; Replenish Body Wash lays centered over a solid peach color background exhibiting its main ingredients such as rose \n         petals &amp; oils ornamenting the main product.\" src=\"\/wp-content\/uploads\/2021\/09\/Moisturize-Replenish-Body-Wash-Features-.jpg\" loading=\"lazy\">\n      <!--==================================================== features text ====================================================-->\n            <h3>Koj\u0105cy Super&nbsp;\u017bel.<\/h3>\n               <p>\/ Delikatnie oczyszcza, nie pozbawiaj\u0105c sk\u00f3ry nawil\u017cenia <\/p>\n               <p>\/ Natychmiastowo nawadnia, koi i od\u017cywia sk\u00f3r\u0119<\/p>\n               <p>\/ Daje 24-godzinne nawil\u017cenie<\/p>\n               <p>\/ Zapewnia uczucie komfortu i ukojenia<\/p>\n               <p>\/ Po u\u017cyciu produktu sk\u00f3ra jest j\u0119drna i mi\u0119kka w dotyku<\/p>\n               <br>\n            <p>Zapach \/ Piwonia i pieprz czerwony<\/p>\n            <p>Tekstura \/ Lekki \u017cel<\/p>\n   <!--==================================================== composition image mobile ====================================================-->\n   <img decoding=\"async\" alt=\"MONAT's Moisturize &amp; Replenish Body Wash being upheld by a woman's hand covered in bath foam, \n   showcasing the product's aesthetics and texture.\" src=\"\/wp-content\/uploads\/2021\/09\/comp1-Moisturize-Replenish-Body-Wash-.jpg\" loading=\"lazy\">\n   <!--==================================================== Why it works text ====================================================-->\n      <h2>G\u0142\u0119boko nawil\u017ca i od\u017cywia, zapewniaj\u0105c sk\u00f3rze pi\u0119kny i zdrowy wygl\u0105d.<\/h2>\n      <h3>Doznaj uczucia \u015bwie\u017co\u015bci, nawil\u017cenia oraz dok\u0142adnego&nbsp;oczyszczenia.<\/h3>\n      Rewitalizuj\u0105ce ekstrakty kwiatowe wyg\u0142adz\u0105 i ukoj\u0105 such\u0105 sk\u00f3r\u0119, a REJUVENIQE S\u2122 i ekstrakt z buraka zapewni odpowiednie od\u017cywienie. \n      Odkryj nawil\u017con\u0105 i oczyszczon\u0105 sk\u00f3r\u0119 bez podra\u017cnie\u0144.\n<!--==================================================== Composition section ====================================================-->\n      <img decoding=\"async\" alt=\"MONAT's Moisturize &amp; Replenish Body Wash being upheld by a woman's hand covered in bath foam, showcasing the \n      product's aesthetics and texture.\" src=\"\/wp-content\/uploads\/2021\/09\/comp1_Moisturize-Replenish-Body-Wash-.jpg\" loading=\"lazy\">\n      <img decoding=\"async\" alt=\"Closeup of an african-american woman's shoulder. This picture is intended to show its enhancing results after treatment.\" src=\"\/wp-content\/uploads\/2021\/09\/comp3-Moisturize-Replenish-Body_Wash.jpg\" loading=\"lazy\">\n            <!--==================================================== Directions text ====================================================-->\n               <h3>Spos\u00f3b u\u017cycia<\/h3>\n               <p>\/ Stosuj na wilgotn\u0105 sk\u00f3r\u0119 na ca\u0142ym&nbsp;ciele. <\/p>\n               <p>\/ Rozmasuj do uzyskania g\u0119stej piany, a nast\u0119pnie dobrze sp\u0142ucz&nbsp;wod\u0105.<\/p>\n               <p>\/ Przejd\u017a do kolejnych krok\u00f3w swojej rutyny piel\u0119gnacyjnej MONAT BODY&nbsp;CARE\u2122.<\/p>\n            <!--==================================================== Directions video ====================================================-->\n      <p>MONAT BODY CARE\u2122 <br>Nawil\u017caj\u0105cy I Od\u017cywiaj\u0105cy <br>\u017bel Pod Prysznic<br>1:34<\/p>\n      <a href=\"\" target=\"_blank\" role=\"button\" aria-label=\"\" rel=\"noopener\"><\/a>\n   <!--==================================================== Ingredients section  ====================================================-->\n      <h2>PRZEGL\u0104D SK\u0141ADNIK\u00d3W<\/h2>\n               <p>REJUVATERIC AMS\u2122<\/p>\n               <p>REJUVENIQE S\u2122<\/p>\n               <p>Kwas glikolowy,<\/p>\n               <p>Niacyna<\/p>\n               <p>Fruktooligosacharydy<\/p>\n               <p>Woda r\u00f3\u017cana<\/p>\n        <button id=\"myBtn\" type=\"button\">PE\u0141NA LISTA SK\u0141ADNIK\u00d3W<\/button>\n      <!--==================================================== Modal content  ====================================================-->\n         \u00d7\n         Aqua\/Water\/Eau, Sodium Lauroyl Methyl Isethionate, Cocamidopropyl Betaine, Sodium Methyl Oleoyl Taurate, Sodium Cocoyl Isethionate, \n         Fragrance\/Parfum, Propanediol, Rosa Damascena Flower Water, Beta Vulgaris (Beet) Root Extract \/Beta Vulgaris\/Extrait de racine de betterave, \n         Fructooligosaccharides, Adansonia Digitata Oil, Caryocar Brasiliense Fruit Oil, Cocos Nucifera (Coconut) Oil, Gardenia Taitensis Flower Extract, \n         Helianthus Annuus (Sunflower) Seed Oil, Mauritia Flexuosa Fruit Oil, Moringa Oleifera Seed Oil, Simmondsia Chinensis (Jojoba) Seed Extract, Citrus \n         Aurantifolia (Lime) Oil, Citrus Aurantium Bergamia (Bergamot) Fruit Oil, Camellia Oleifera Seed Oil, Olea Europaea (Olive) Fruit Oil, Citrus Limon \n         (Lemon) Peel Oil, Daucus Carota Sativa (Carrot) Seed Oil, Solanum Lycopersicum (Tomato) Seed Oil, Crambe Abyssinica Seed Oil, Tocopherol, Limnanthes \n         Alba (Meadowfoam) Seed Oil, Lactic Acid, Citric Acid, Potassium Lactate, Sodium Chloride, Glycolic Acid, Trisodium Ethylenediamine Disuccinate, \n         Polyquaternium-7, Ethylhexylglycerin, Niacinamide, Polyquaternium-10, Cocamidopropyl Dimethylamine, Cocamidopropyl Hydroxysultaine, Glycerin, \n         Abyssinian \/Meadowfoamamidopropyl Hydroxysultaine, Potassium Sorbate, Sodium Benzoate, Benzyl Alcohol.\n   <!--==================================================== You might also like section ====================================================-->\n      <h2>MO\u017bE CI\u0118 R\u00d3WNIE\u017b ZAINTERESOWA\u0106<\/h2>\n      <!--==================================================== Slider YOU MIGHT ALSO LIKE ====================================================-->\n      <!---->\n      <!--   -->\n            <!--==================================================== Slides products ====================================================-->\n      <!--      -->\n      <!--         <a href=\"\/pl\/body-hydrate-serum\/\" aria-label=\"Go to MONAT BODY CARE\u2122 Nawil\u017caj\u0105co-Regeneruj\u0105ce Serum Do Cia\u0142a page\">-->\n      <!--            <img decoding=\"async\" src=\"\/wp-content\/uploads\/2022\/12\/HYDRATE-REPAIR-BODY-SERUM-ecomm-min.png\" alt=\"MONAT BODY CARE\u2122 Nawil\u017caj\u0105co-Regeneruj\u0105ce Serum Do Cia\u0142a\" loading=\"lazy\"\/>-->\n      <!--            <p>MONAT BODY CARE\u2122 <br \/>Nawil\u017caj\u0105co-Regeneruj\u0105ce <br \/>Serum Do Cia\u0142a<\/p>-->\n      <!--         <\/a>-->\n      <!--      -->\n      <!--      -->\n      <!--         <a href=\"\/pl\/body-lotion\/\" aria-label=\"Go to MONAT BODY CARE\u2122 Wyg\u0142adzaj\u0105cy I Regeneruj\u0105cy Balsam Do Cia\u0142a page\">-->\n      <!--            <img decoding=\"async\" src=\"\/wp-content\/uploads\/2022\/12\/SMOOTH-RENEW-BODY-LOTION-ecomm-1-min.png\" alt=\"MONAT BODY CARE\u2122 Wyg\u0142adzaj\u0105cy I Regeneruj\u0105cy Balsam Do Cia\u0142a\" loading=\"lazy\"\/>-->\n      <!--            <p>MONAT BODY CARE\u2122 <br \/>Wyg\u0142adzaj\u0105cy I Regeneruj\u0105cy <br \/>Balsam Do Cia\u0142a<\/p>-->\n      <!--         <\/a>-->\n      <!--      -->\n      <!--      -->\n      <!--         <a href=\"\/pl\/hand-cream\/\" aria-label=\"Go to MONAT BODY CARE\u2122 Jedwabisty I \u0141agodz\u0105cy Krem Do R\u0105k page\">-->\n      <!--            <img decoding=\"async\" src=\"\/wp-content\/uploads\/2022\/12\/SILKY-SOOTHING-HAND-CREAM-ecomm-min.png\" alt=\"MONAT BODY CARE\u2122 Jedwabisty I \u0141agodz\u0105cy Krem Do R\u0105k\" loading=\"lazy\"\/>-->\n      <!--            <p>MONAT BODY CARE\u2122 <br \/>Jedwabisty I \u0141agodz\u0105cy <br \/>Krem Do R\u0105k<\/p>-->\n      <!--         <\/a>-->\n      <!--      -->\n      <!--   -->\n         <!--==================================================== If we need navigation buttons  ====================================================-->\n      <!--   -->\n      <!--   -->\n         <!--==================================================== If we need paginations  ====================================================-->\n      <!--   -->\n      <!---->\n         <!--==================================================== If we need navigation buttons  ====================================================-->\n         <!--==================================================== If we need paginations  ====================================================-->\n    <a href=\"\" aria-label=\"\"><\/a>\n<!--==================================================== this link has to go last for it to work   ====================================================-->\n","protected":false},"excerpt":{"rendered":"<p>BESTSELLERY BESTSELLERY MONAT BODY CARE\u2122 Nawil\u017caj\u0105cy I Od\u017cywiaj\u0105cy \u017bel Pod Prysznic Od\u015bwie\u017caj\u0105cy \u017cel pod prysznic sprawia, \u017ce sk\u00f3ra staje si\u0119 mi\u0119kka, j\u0119drna i&nbsp;od\u017cywiona. 267 ml \u212e 9 fl. oz. Cena detaliczna000.00 z\u0142 Klient VIP000.00 z\u0142 Aby dowiedzie\u0107 si\u0119 wi\u0119cej o MONAT BODY CARE\u2122 Nawil\u017caj\u0105cym I Od\u017cywiaj\u0105cym \u017belu Pod Prysznicskontaktuj si\u0119 z Twoim Market&nbsp;Partnerem KORZY\u015aCI Ta&hellip;<\/p>\n","protected":false},"author":31,"featured_media":62670,"parent":0,"menu_order":0,"comment_status":"closed","ping_status":"closed","template":"","meta":{"inline_featured_image":false,"om_disable_all_campaigns":false,"_monsterinsights_skip_tracking":false,"_monsterinsights_sitenote_active":false,"_monsterinsights_sitenote_note":"","_monsterinsights_sitenote_category":0,"footnotes":""},"categories":[39],"tags":[],"class_list":["post-63701","page","type-page","status-publish","has-post-thumbnail","hentry","category-product-pl"],"aioseo_notices":[],"aioseo_head":"\n\t\t<!-- All in One SEO Pro 4.9.5.2 - aioseo.com -->\n\t<meta name=\"description\" content=\"BESTSELLERY --&gt;\" \/>\n\t<meta name=\"robots\" content=\"max-image-preview:large\" \/>\n\t<link rel=\"canonical\" href=\"https:\/\/monatglobal.com\/pl\/body-wash\/\" \/>\n\t<meta name=\"generator\" content=\"All in One SEO Pro (AIOSEO) 4.9.5.2\" \/>\n\t\t<meta property=\"og:locale\" content=\"pl_PL\" \/>\n\t\t<meta property=\"og:site_name\" content=\"MONAT POLAND - MONAT GLOBAL\" \/>\n\t\t<meta property=\"og:type\" content=\"article\" \/>\n\t\t<meta property=\"og:title\" content=\"\u017bel Pod Prysznic | Nawil\u017caj\u0105cy I Od\u017cywiaj\u0105cy \u017bel Pod Prysznic| Piel\u0119gnacja sk\u00f3ry MONAT\" \/>\n\t\t<meta property=\"og:description\" content=\"BESTSELLERY --&gt;\" \/>\n\t\t<meta property=\"og:url\" content=\"https:\/\/monatglobal.com\/pl\/body-wash\/\" \/>\n\t\t<meta property=\"article:published_time\" content=\"2021-09-13T21:20:36+00:00\" \/>\n\t\t<meta property=\"article:modified_time\" content=\"2026-02-19T21:37:14+00:00\" \/>\n\t\t<meta name=\"twitter:card\" content=\"summary_large_image\" \/>\n\t\t<meta name=\"twitter:title\" content=\"\u017bel Pod Prysznic | Nawil\u017caj\u0105cy I Od\u017cywiaj\u0105cy \u017bel Pod Prysznic| Piel\u0119gnacja sk\u00f3ry MONAT\" \/>\n\t\t<meta name=\"twitter:description\" content=\"BESTSELLERY --&gt;\" \/>\n\t\t<script type=\"application\/ld+json\" class=\"aioseo-schema\">\n\t\t\t{\"@context\":\"https:\\\/\\\/schema.org\",\"@graph\":[{\"@type\":\"BreadcrumbList\",\"@id\":\"https:\\\/\\\/monatglobal.com\\\/pl\\\/body-wash\\\/#breadcrumblist\",\"itemListElement\":[{\"@type\":\"ListItem\",\"@id\":\"https:\\\/\\\/monatglobal.com\\\/pl#listItem\",\"position\":1,\"name\":\"Home\",\"item\":\"https:\\\/\\\/monatglobal.com\\\/pl\",\"nextItem\":{\"@type\":\"ListItem\",\"@id\":\"https:\\\/\\\/monatglobal.com\\\/pl\\\/body-wash\\\/#listItem\",\"name\":\"\\u017bel Pod Prysznic &#124; Nawil\\u017caj\\u0105cy I Od\\u017cywiaj\\u0105cy \\u017bel Pod Prysznic&#124; Piel\\u0119gnacja sk\\u00f3ry MONAT\"}},{\"@type\":\"ListItem\",\"@id\":\"https:\\\/\\\/monatglobal.com\\\/pl\\\/body-wash\\\/#listItem\",\"position\":2,\"name\":\"\\u017bel Pod Prysznic &#124; Nawil\\u017caj\\u0105cy I Od\\u017cywiaj\\u0105cy \\u017bel Pod Prysznic&#124; Piel\\u0119gnacja sk\\u00f3ry MONAT\",\"previousItem\":{\"@type\":\"ListItem\",\"@id\":\"https:\\\/\\\/monatglobal.com\\\/pl#listItem\",\"name\":\"Home\"}}]},{\"@type\":\"Organization\",\"@id\":\"https:\\\/\\\/monatglobal.com\\\/pl\\\/#organization\",\"name\":\"MONAT POLAND\",\"description\":\"MONAT GLOBAL\",\"url\":\"https:\\\/\\\/monatglobal.com\\\/pl\\\/\"},{\"@type\":\"WebPage\",\"@id\":\"https:\\\/\\\/monatglobal.com\\\/pl\\\/body-wash\\\/#webpage\",\"url\":\"https:\\\/\\\/monatglobal.com\\\/pl\\\/body-wash\\\/\",\"name\":\"\\u017bel Pod Prysznic | Nawil\\u017caj\\u0105cy I Od\\u017cywiaj\\u0105cy \\u017bel Pod Prysznic| Piel\\u0119gnacja sk\\u00f3ry MONAT\",\"description\":\"BESTSELLERY -->\",\"inLanguage\":\"pl-PL\",\"isPartOf\":{\"@id\":\"https:\\\/\\\/monatglobal.com\\\/pl\\\/#website\"},\"breadcrumb\":{\"@id\":\"https:\\\/\\\/monatglobal.com\\\/pl\\\/body-wash\\\/#breadcrumblist\"},\"image\":{\"@type\":\"ImageObject\",\"url\":\"https:\\\/\\\/monatglobal.com\\\/pl\\\/wp-content\\\/uploads\\\/sites\\\/9\\\/2021\\\/08\\\/Moistturizw-replenish-body-wash-ecomm.png\",\"@id\":\"https:\\\/\\\/monatglobal.com\\\/pl\\\/body-wash\\\/#mainImage\",\"width\":641,\"height\":800},\"primaryImageOfPage\":{\"@id\":\"https:\\\/\\\/monatglobal.com\\\/pl\\\/body-wash\\\/#mainImage\"},\"datePublished\":\"2021-09-13T22:20:36+01:00\",\"dateModified\":\"2026-02-19T21:37:14+00:00\"},{\"@type\":\"WebSite\",\"@id\":\"https:\\\/\\\/monatglobal.com\\\/pl\\\/#website\",\"url\":\"https:\\\/\\\/monatglobal.com\\\/pl\\\/\",\"name\":\"MONAT POLAND\",\"description\":\"MONAT GLOBAL\",\"inLanguage\":\"pl-PL\",\"publisher\":{\"@id\":\"https:\\\/\\\/monatglobal.com\\\/pl\\\/#organization\"}}]}\n\t\t<\/script>\n\t\t<!-- All in One SEO Pro -->\r\n\t\t<title>\u017bel Pod Prysznic | Nawil\u017caj\u0105cy I Od\u017cywiaj\u0105cy \u017bel Pod Prysznic| Piel\u0119gnacja sk\u00f3ry MONAT<\/title>\n\n","aioseo_head_json":{"title":"\u017bel Pod Prysznic | Nawil\u017caj\u0105cy I Od\u017cywiaj\u0105cy \u017bel Pod Prysznic| Piel\u0119gnacja sk\u00f3ry MONAT","description":"BESTSELLERY -->","canonical_url":"https:\/\/monatglobal.com\/pl\/body-wash\/","robots":"max-image-preview:large","keywords":"","webmasterTools":{"miscellaneous":""},"schema":{"@context":"https:\/\/schema.org","@graph":[{"@type":"BreadcrumbList","@id":"https:\/\/monatglobal.com\/pl\/body-wash\/#breadcrumblist","itemListElement":[{"@type":"ListItem","@id":"https:\/\/monatglobal.com\/pl#listItem","position":1,"name":"Home","item":"https:\/\/monatglobal.com\/pl","nextItem":{"@type":"ListItem","@id":"https:\/\/monatglobal.com\/pl\/body-wash\/#listItem","name":"\u017bel Pod Prysznic &#124; Nawil\u017caj\u0105cy I Od\u017cywiaj\u0105cy \u017bel Pod Prysznic&#124; Piel\u0119gnacja sk\u00f3ry MONAT"}},{"@type":"ListItem","@id":"https:\/\/monatglobal.com\/pl\/body-wash\/#listItem","position":2,"name":"\u017bel Pod Prysznic &#124; Nawil\u017caj\u0105cy I Od\u017cywiaj\u0105cy \u017bel Pod Prysznic&#124; Piel\u0119gnacja sk\u00f3ry MONAT","previousItem":{"@type":"ListItem","@id":"https:\/\/monatglobal.com\/pl#listItem","name":"Home"}}]},{"@type":"Organization","@id":"https:\/\/monatglobal.com\/pl\/#organization","name":"MONAT POLAND","description":"MONAT GLOBAL","url":"https:\/\/monatglobal.com\/pl\/"},{"@type":"WebPage","@id":"https:\/\/monatglobal.com\/pl\/body-wash\/#webpage","url":"https:\/\/monatglobal.com\/pl\/body-wash\/","name":"\u017bel Pod Prysznic | Nawil\u017caj\u0105cy I Od\u017cywiaj\u0105cy \u017bel Pod Prysznic| Piel\u0119gnacja sk\u00f3ry MONAT","description":"BESTSELLERY -->","inLanguage":"pl-PL","isPartOf":{"@id":"https:\/\/monatglobal.com\/pl\/#website"},"breadcrumb":{"@id":"https:\/\/monatglobal.com\/pl\/body-wash\/#breadcrumblist"},"image":{"@type":"ImageObject","url":"https:\/\/monatglobal.com\/pl\/wp-content\/uploads\/sites\/9\/2021\/08\/Moistturizw-replenish-body-wash-ecomm.png","@id":"https:\/\/monatglobal.com\/pl\/body-wash\/#mainImage","width":641,"height":800},"primaryImageOfPage":{"@id":"https:\/\/monatglobal.com\/pl\/body-wash\/#mainImage"},"datePublished":"2021-09-13T22:20:36+01:00","dateModified":"2026-02-19T21:37:14+00:00"},{"@type":"WebSite","@id":"https:\/\/monatglobal.com\/pl\/#website","url":"https:\/\/monatglobal.com\/pl\/","name":"MONAT POLAND","description":"MONAT GLOBAL","inLanguage":"pl-PL","publisher":{"@id":"https:\/\/monatglobal.com\/pl\/#organization"}}]},"og:locale":"pl_PL","og:site_name":"MONAT POLAND - MONAT GLOBAL","og:type":"article","og:title":"\u017bel Pod Prysznic | Nawil\u017caj\u0105cy I Od\u017cywiaj\u0105cy \u017bel Pod Prysznic| Piel\u0119gnacja sk\u00f3ry MONAT","og:description":"BESTSELLERY --&gt;","og:url":"https:\/\/monatglobal.com\/pl\/body-wash\/","article:published_time":"2021-09-13T21:20:36+00:00","article:modified_time":"2026-02-19T21:37:14+00:00","twitter:card":"summary_large_image","twitter:title":"\u017bel Pod Prysznic | Nawil\u017caj\u0105cy I Od\u017cywiaj\u0105cy \u017bel Pod Prysznic| Piel\u0119gnacja sk\u00f3ry MONAT","twitter:description":"BESTSELLERY --&gt;"},"aioseo_meta_data":{"post_id":"63701","title":"\u017bel Pod Prysznic | Nawil\u017caj\u0105cy I Od\u017cywiaj\u0105cy \u017bel Pod Prysznic| Piel\u0119gnacja sk\u00f3ry MONAT","description":null,"keywords":null,"keyphrases":{"focus":{"keyphrase":"","score":0,"analysis":{"keyphraseInTitle":{"score":0,"maxScore":9,"error":1}}},"additional":[]},"primary_term":null,"canonical_url":null,"og_title":null,"og_description":null,"og_object_type":"default","og_image_type":"default","og_image_url":null,"og_image_width":null,"og_image_height":null,"og_image_custom_url":null,"og_image_custom_fields":null,"og_video":"","og_custom_url":null,"og_article_section":null,"og_article_tags":null,"twitter_use_og":false,"twitter_card":"default","twitter_image_type":"default","twitter_image_url":null,"twitter_image_custom_url":null,"twitter_image_custom_fields":null,"twitter_title":null,"twitter_description":null,"schema":{"blockGraphs":[],"customGraphs":[],"default":{"data":{"Article":[],"Course":[],"Dataset":[],"FAQPage":[],"Movie":[],"Person":[],"Product":[],"ProductReview":[],"Car":[],"Recipe":[],"Service":[],"SoftwareApplication":[],"WebPage":[]},"graphName":"WebPage","isEnabled":true},"graphs":[]},"schema_type":"default","schema_type_options":null,"pillar_content":false,"robots_default":true,"robots_noindex":false,"robots_noarchive":false,"robots_nosnippet":false,"robots_nofollow":false,"robots_noimageindex":false,"robots_noodp":false,"robots_notranslate":false,"robots_max_snippet":"-1","robots_max_videopreview":"-1","robots_max_imagepreview":"large","priority":null,"frequency":"default","local_seo":null,"seo_analyzer_scan_date":"2026-02-19 21:38:36","limit_modified_date":false,"reviewed_by":"0","open_ai":null,"ai":{"faqs":[],"keyPoints":[],"titles":[],"descriptions":[],"socialPosts":{"email":[],"linkedin":[],"twitter":[],"facebook":[],"instagram":[]}},"created":"2023-07-26 09:51:33","updated":"2026-02-19 21:44:17"},"aioseo_breadcrumb":"<div class=\"aioseo-breadcrumbs\"><span class=\"aioseo-breadcrumb\">\n\t<a href=\"https:\/\/monatglobal.com\/pl\" title=\"Home\">Home<\/a>\n<\/span><span class=\"aioseo-breadcrumb-separator\">&raquo;<\/span><span class=\"aioseo-breadcrumb\">\n\t\u017bel Pod Prysznic | Nawil\u017caj\u0105cy I Od\u017cywiaj\u0105cy \u017bel Pod Prysznic| Piel\u0119gnacja sk\u00f3ry MONAT\n<\/span><\/div>","aioseo_breadcrumb_json":[{"label":"Home","link":"https:\/\/monatglobal.com\/pl"},{"label":"\u017bel Pod Prysznic &#124; Nawil\u017caj\u0105cy I Od\u017cywiaj\u0105cy \u017bel Pod Prysznic&#124; Piel\u0119gnacja sk\u00f3ry MONAT","link":"https:\/\/monatglobal.com\/pl\/body-wash\/"}],"_links":{"self":[{"href":"https:\/\/monatglobal.com\/pl\/wp-json\/wp\/v2\/pages\/63701","targetHints":{"allow":["GET"]}}],"collection":[{"href":"https:\/\/monatglobal.com\/pl\/wp-json\/wp\/v2\/pages"}],"about":[{"href":"https:\/\/monatglobal.com\/pl\/wp-json\/wp\/v2\/types\/page"}],"author":[{"embeddable":true,"href":"https:\/\/monatglobal.com\/pl\/wp-json\/wp\/v2\/users\/31"}],"replies":[{"embeddable":true,"href":"https:\/\/monatglobal.com\/pl\/wp-json\/wp\/v2\/comments?post=63701"}],"version-history":[{"count":28,"href":"https:\/\/monatglobal.com\/pl\/wp-json\/wp\/v2\/pages\/63701\/revisions"}],"predecessor-version":[{"id":109346,"href":"https:\/\/monatglobal.com\/pl\/wp-json\/wp\/v2\/pages\/63701\/revisions\/109346"}],"wp:featuredmedia":[{"embeddable":true,"href":"https:\/\/monatglobal.com\/pl\/wp-json\/wp\/v2\/media\/62670"}],"wp:attachment":[{"href":"https:\/\/monatglobal.com\/pl\/wp-json\/wp\/v2\/media?parent=63701"}],"wp:term":[{"taxonomy":"category","embeddable":true,"href":"https:\/\/monatglobal.com\/pl\/wp-json\/wp\/v2\/categories?post=63701"},{"taxonomy":"post_tag","embeddable":true,"href":"https:\/\/monatglobal.com\/pl\/wp-json\/wp\/v2\/tags?post=63701"}],"curies":[{"name":"wp","href":"https:\/\/api.w.org\/{rel}","templated":true}]}}