{"id":63632,"date":"2021-09-09T18:37:59","date_gmt":"2021-09-09T17:37:59","guid":{"rendered":"https:\/\/monatglobal.com\/pl\/?page_id=63632"},"modified":"2024-12-26T20:23:48","modified_gmt":"2024-12-26T20:23:48","slug":"vegan-protein","status":"publish","type":"page","link":"https:\/\/monatglobal.com\/pl\/vegan-protein\/","title":{"rendered":"MONAT Wega\u0144skie Proteiny"},"content":{"rendered":"\n\n\t<link rel=\"stylesheet\" href=\"https:\/\/unpkg.com\/swiper\/swiper-bundle.min.css\" \/>\n<link rel=\"stylesheet\" href=\"https:\/\/monatglobal.com\/wp-content\/creative_css\/product_styles_sheet.css\" \/>\n   <!--==================================================== ECOMM SECTION ====================================================-->\n      <!--==================================================== Ecomm image ====================================================-->\n      <img decoding=\"async\" src=\"https:\/\/monatglobal.com\/uk\/wp-content\/uploads\/sites\/6\/2021\/09\/VEGAN-PROTEIN-POWDER-ECOM_UE-2021.png\" alt=\"VEGAN PROTEIN POWDER\"\/>\n      <!--==================================================== Ecomm information  ====================================================-->\n         <p>MONAT<\/p>\n         <h1>Wega\u0144skie <br \/>Proteiny<\/h1>\n         <p>Mieszanka w 100% na bazie ro\u015blin<\/p>\n         <p>Oto Twoja codzienna porcja przepysznego bia\u0142ka&nbsp;ro\u015blinnego.<\/p>\n         <p>Net Wt. (840 g)<\/p>\n               <p>Cena Detaliczna<br \/>407 z\u0142<\/p>\n               <p>Klient VIP<br \/>345 z\u0142<\/p>\n         <p>By dowiedzie\u0107 si\u0119 wi\u0119cej o MONAT Wega\u0144skie Proteiny, skontaktuj si\u0119 z Twoim Market Partnerem<\/p>\n         <a href=\"https:\/\/corp.mymonat.com\/shop\/products\/monat-vegan-protein-6000002287\/?globallanguage=pl&#038;globalmarket=pl\" target=\"_blank\" aria-label=\"Go to Vegan Protein shop\" rel=\"noopener\">wyprzedane<\/a>\n   <!--==================================================== \/ECOMM SECTION  ====================================================-->\n   <!--==================================================== Benefits image ====================================================-->\n   \n      <source media=\"(max-width: 700px)\" srcset=\"https:\/\/monatglobal.com\/uk\/wp-content\/uploads\/sites\/6\/2021\/09\/VEGAN-PROTEIN-POWDER-benefits-mobile.jpg\"\/>\n      <img decoding=\"async\" src=\"https:\/\/monatglobal.com\/uk\/wp-content\/uploads\/sites\/6\/2021\/09\/VEGAN-PROTEIN-POWDER-benefits.jpg\"\/>\n   \n   <!--==================================================== Benefits text ====================================================-->\n         <h2>KORZY\u015aCI<\/h2>\n               <p>\/&nbsp;Wysoka zawarto\u015b\u0107 protein<\/p>\n               <p>\/&nbsp;Przyczynia si\u0119 do wzrostu i utrzymania masy&nbsp;mi\u0119\u015bniowej<\/p>\n               <p>\/&nbsp;Witamina B6 wspomaga prawid\u0142owy metabolizm bia\u0142ek i&nbsp;glikogenu<\/p>\n               <p>\/&nbsp;Cynk wspomaga prawid\u0142ow\u0105 przemian\u0119 bia\u0142ek<\/p>\n         <!--==================================================== features image  ====================================================-->\n         <img decoding=\"async\" src=\"https:\/\/monatglobal.com\/wp-content\/uploads\/2021\/08\/VEGAN-PROTEIN-POWDER-Features.jpg\"\/>\n      <!--==================================================== features text ====================================================-->\n            <h3>Przyczynia si\u0119 do wzrostu i utrzymania masy mi\u0119\u015bniowej <\/h3>\n            <p>\/ 20 gram\u00f3w wega\u0144skich protein bez dodatku cukru i tylko 115 kcal w jednej&nbsp;porcji.<\/p>\n\t        <p>\/ Jedwabi\u015bcie g\u0142adka konsystencja o przepysznym smaku&nbsp;wanilii<\/p>\n\t        <p>\/ Mo\u017cna z \u0142atwo\u015bci\u0105 wymiesza\u0107 z wod\u0105 lub wykorzysta\u0107 jako baz\u0119 w ulubionym&nbsp;smoothie<\/p>\n               <br \/>\n               <p>Konsystencja  \/ Wyj\u0105tkowa g\u0142adko\u015b\u0107<\/p>\n   <!--==================================================== composition image mobile ====================================================-->\n   <img decoding=\"async\" src=\"https:\/\/monatglobal.com\/uk\/wp-content\/uploads\/sites\/6\/2021\/09\/VEGAN-PROTEIN-POWDER-UK-comp-1.jpg\"\/>\n   <!--==================================================== Why it works text ====================================================-->\n      \n      <h3>Ta przepysznie g\u0142adka mieszanka ro\u015blinnych bia\u0142ek i innych zdrowych sk\u0142adnik\u00f3w od\u017cywczych pomaga uzupe\u0142ni\u0107 codzienne \n      zapotrzebowanie na proteiny u os\u00f3b prowadz\u0105cych aktywny tryb \u017cycia, przyczyniaj\u0105c si\u0119 w pozytywny spos\u00f3b do zwi\u0119kszenia i utrzymania masy&nbsp;mi\u0119\u015bniowej.<\/h3>\n            <p>\/&nbsp;Dostarcza 20 gram\u00f3w wega\u0144skich&nbsp;protein<\/p>\n            <p>\/&nbsp;Jedwabi\u015bcie g\u0142adka konsystencja o smaku wanilii zapewnia niesamowite doznania&nbsp;smakowe.<\/p>\n            <p>\/&nbsp;Mo\u017cna z \u0142atwo\u015bci\u0105 wymiesza\u0107 z wod\u0105 lub wykorzysta\u0107 jako baz\u0119 w ulubionym&nbsp;smoothie.<\/p>\n            <p>\/&nbsp;Bez dodatku cukru i tylko 115 kcal w jednej porcji.<\/p>\n<!--==================================================== Composition section ====================================================-->\n      <img decoding=\"async\" src=\"https:\/\/monatglobal.com\/uk\/wp-content\/uploads\/sites\/6\/2021\/09\/VEGAN-PROTEIN-POWDER-UK-comp-1.jpg\"\/>\n      <img decoding=\"async\" src=\"https:\/\/monatglobal.com\/wp-content\/uploads\/2021\/08\/VEGAN-PROTEIN-POWDER-comp-3-men.jpg\"\/>\n            <!--==================================================== Directions text ====================================================--> \n               <h3>Spos\u00f3b u\u017cycia<\/h3>\n               <p>\/ Dodaj do 230-300 ml wody lub do ulubionego napoju i mieszaj przez 30 sekund.<\/p>\n               <p>\/ Pij 30 minut po zako\u0144czeniu \u0107wicze\u0144 lub kiedy tylko zapragniesz wysokiej jako\u015bci wysokoproteinowego napoju.<\/p>\n            <!--==================================================== Directions video ====================================================-->\n      <p>MONAT<br \/> Wega\u0144skie Bia\u0142ko <br \/>0:40<\/p>\n   <a href=\"https:\/\/corp.mymonat.com\/shop\/products\/monat-vegan-protein-6000002287\/?globallanguage=pl&#038;globalmarket=pl\" target=\"_blank\" aria-label=\"Go to Vegan Protein shop\" rel=\"noopener\">wyprzedane<\/a>\n   <!--==================================================== Ingredients section  ====================================================-->\n      <h2>PRZEGL\u0104D SK\u0141ADNIK\u00d3W<\/h2>\n               <p>Wega\u0144skie proteiny pochodzenia&nbsp;ro\u015blinnego<\/p>\n               <p>Mieszanka ekstrakt\u00f3w z&nbsp;grzyb\u00f3w<\/p>\n               <p>aminokwasy<\/p>\n   <button id=\"myBtn\" type=\"button\">PE\u0141NA LISTA SK\u0141ADNIK\u00d3W<\/button>\n      <!--==================================================== Modal content  ====================================================-->\n         &times;\n         SK\u0141ADNIKI: 91,4% izolatu bia\u0142ek z grochu, emulgator: lecytyny, naturalny aromat, substancja s\u0142odz\u0105ca: glikozydy stewiolowe, \n         tlenek magnezu, ekstrakt z owocnik\u00f3w \u017cagwicy listkowatej 10:1 (Grifola frondosa, zawiera 10% polisacharyd\u00f3w), ekstrakt z owocnik\u00f3w b\u0142yskoporka\n         podkorowego 4:1 (Inonotus obliquus, zawiera 10% polisacharyd\u00f3w), ekstrakt z maczu\u017cnika chi\u0144skiego 10:1 (Cordyceps sinensis), s\u00f3l morska, \n         glukonian cynku, 0,01% koncentratu bia\u0142kowego z ry\u017cu (Oryza), 0,01% sproszkowanego bia\u0142ka z nasion s\u0142onecznika, 0,01% sproszkowanego bia\u0142ka \n         z nasion dyni, chlorowodorek pirydoksyny Niniejszy produkt nie jest przeznaczony do diagnozowania, leczenia ani zapobiegania \u017cadnym chorobom.\n         \n   <!--==================================================== You might also like section ====================================================-->\n      <h2>MO\u017bE CI\u0118 R\u00d3WNIE\u017b ZAINTERESOWA\u0106<\/h2>\n      <!--==================================================== Slider YOU MIGHT ALSO LIKE ====================================================-->\n            <!--==================================================== Slides products ====================================================-->\n               <a href=\"\/pl\/collagen\/\" target=\"_blank\" aria-label=\"Go to Collagen key page\" rel=\"noopener\">\n                  <img decoding=\"async\" src=\"https:\/\/monatglobal.com\/wp-content\/uploads\/2022\/12\/Collagen-key-ecomm-2022-min.png\" alt=\"MONAT Total Greens\u2122\"\/>\n                  <p>Collagen Key\u2122  <\/p>\n               <\/a>\n               <a href=\"\/pl?page_id=60986\" target=\"_blank\" aria-label=\"Go to MONAT Total Greens\u2122 page\" rel=\"noopener\">\n                  <img decoding=\"async\" src=\"https:\/\/monatglobal.com\/wp-content\/uploads\/2022\/12\/Total-greens-ecomm-2022-min.png\" alt=\"MONAT Total Greens\u2122\"\/>\n                  <p>MONAT Total Greens\u2122<\/p>\n               <\/a>\n         <!--==================================================== If we need navigation buttons  ====================================================-->\n         <!--==================================================== If we need paginations  ====================================================-->\n       <a href=\"\/pl?page_id=61213\" aria-label=\"Go to all wellness Products\"><p>Wszystkie Produkty Wellness<\/p><\/a>\n<!--==================================================== this link has to go last for it to work   ====================================================-->\n\n","protected":false},"excerpt":{"rendered":"<p>MONAT Wega\u0144skie Proteiny Mieszanka w 100% na bazie ro\u015blin Oto Twoja codzienna porcja przepysznego bia\u0142ka&nbsp;ro\u015blinnego. Net Wt. (840 g) Cena Detaliczna407 z\u0142 Klient VIP345 z\u0142 By dowiedzie\u0107 si\u0119 wi\u0119cej o MONAT Wega\u0144skie Proteiny, skontaktuj si\u0119 z Twoim Market Partnerem wyprzedane KORZY\u015aCI \/&nbsp;Wysoka zawarto\u015b\u0107 protein \/&nbsp;Przyczynia si\u0119 do wzrostu i utrzymania masy&nbsp;mi\u0119\u015bniowej \/&nbsp;Witamina B6 wspomaga prawid\u0142owy&hellip;<\/p>\n","protected":false},"author":31,"featured_media":63926,"parent":0,"menu_order":0,"comment_status":"closed","ping_status":"closed","template":"","meta":{"inline_featured_image":false,"om_disable_all_campaigns":false,"_monsterinsights_skip_tracking":false,"_monsterinsights_sitenote_active":false,"_monsterinsights_sitenote_note":"","_monsterinsights_sitenote_category":0,"footnotes":""},"categories":[],"tags":[],"class_list":["post-63632","page","type-page","status-publish","has-post-thumbnail","hentry"],"aioseo_notices":[],"aioseo_head":"\n\t\t<!-- All in One SEO Pro 4.9.6 - aioseo.com -->\n\t<meta name=\"description\" content=\"MONAT Wega\u0144skie Proteiny Mieszanka w 100% na bazie ro\u015blin Oto Twoja codzienna porcja przepysznego bia\u0142ka ro\u015blinnego. Net Wt. (840 g) Cena Detaliczna407 z\u0142 Klient VIP345 z\u0142 By dowiedzie\u0107 si\u0119 wi\u0119cej o MONAT Wega\u0144skie Proteiny, skontaktuj si\u0119 z Twoim Market Partnerem wyprzedane KORZY\u015aCI \/ Wysoka zawarto\u015b\u0107 protein \/ Przyczynia si\u0119 do wzrostu i utrzymania masy mi\u0119\u015bniowej \/ Witamina B6 wspomaga prawid\u0142owy\" \/>\n\t<meta name=\"robots\" content=\"max-image-preview:large\" \/>\n\t<link rel=\"canonical\" href=\"https:\/\/monatglobal.com\/pl\/vegan-protein\/\" \/>\n\t<meta name=\"generator\" content=\"All in One SEO Pro (AIOSEO) 4.9.6\" \/>\n\t\t<meta property=\"og:locale\" content=\"pl_PL\" \/>\n\t\t<meta property=\"og:site_name\" content=\"MONAT POLAND - MONAT GLOBAL\" \/>\n\t\t<meta property=\"og:type\" content=\"article\" \/>\n\t\t<meta property=\"og:title\" content=\"MONAT Wega\u0144skie Proteiny - MONAT POLAND\" \/>\n\t\t<meta property=\"og:description\" content=\"MONAT Wega\u0144skie Proteiny Mieszanka w 100% na bazie ro\u015blin Oto Twoja codzienna porcja przepysznego bia\u0142ka ro\u015blinnego. Net Wt. (840 g) Cena Detaliczna407 z\u0142 Klient VIP345 z\u0142 By dowiedzie\u0107 si\u0119 wi\u0119cej o MONAT Wega\u0144skie Proteiny, skontaktuj si\u0119 z Twoim Market Partnerem wyprzedane KORZY\u015aCI \/ Wysoka zawarto\u015b\u0107 protein \/ Przyczynia si\u0119 do wzrostu i utrzymania masy mi\u0119\u015bniowej \/ Witamina B6 wspomaga prawid\u0142owy\" \/>\n\t\t<meta property=\"og:url\" content=\"https:\/\/monatglobal.com\/pl\/vegan-protein\/\" \/>\n\t\t<meta property=\"article:published_time\" content=\"2021-09-09T17:37:59+00:00\" \/>\n\t\t<meta property=\"article:modified_time\" content=\"2024-12-26T20:23:48+00:00\" \/>\n\t\t<meta name=\"twitter:card\" content=\"summary_large_image\" \/>\n\t\t<meta name=\"twitter:title\" content=\"MONAT Wega\u0144skie Proteiny - MONAT POLAND\" \/>\n\t\t<meta name=\"twitter:description\" content=\"MONAT Wega\u0144skie Proteiny Mieszanka w 100% na bazie ro\u015blin Oto Twoja codzienna porcja przepysznego bia\u0142ka ro\u015blinnego. Net Wt. (840 g) Cena Detaliczna407 z\u0142 Klient VIP345 z\u0142 By dowiedzie\u0107 si\u0119 wi\u0119cej o MONAT Wega\u0144skie Proteiny, skontaktuj si\u0119 z Twoim Market Partnerem wyprzedane KORZY\u015aCI \/ Wysoka zawarto\u015b\u0107 protein \/ Przyczynia si\u0119 do wzrostu i utrzymania masy mi\u0119\u015bniowej \/ Witamina B6 wspomaga prawid\u0142owy\" \/>\n\t\t<script type=\"application\/ld+json\" class=\"aioseo-schema\">\n\t\t\t{\"@context\":\"https:\\\/\\\/schema.org\",\"@graph\":[{\"@type\":\"BreadcrumbList\",\"@id\":\"https:\\\/\\\/monatglobal.com\\\/pl\\\/vegan-protein\\\/#breadcrumblist\",\"itemListElement\":[{\"@type\":\"ListItem\",\"@id\":\"https:\\\/\\\/monatglobal.com\\\/pl#listItem\",\"position\":1,\"name\":\"Home\",\"item\":\"https:\\\/\\\/monatglobal.com\\\/pl\",\"nextItem\":{\"@type\":\"ListItem\",\"@id\":\"https:\\\/\\\/monatglobal.com\\\/pl\\\/vegan-protein\\\/#listItem\",\"name\":\"MONAT Wega\\u0144skie Proteiny\"}},{\"@type\":\"ListItem\",\"@id\":\"https:\\\/\\\/monatglobal.com\\\/pl\\\/vegan-protein\\\/#listItem\",\"position\":2,\"name\":\"MONAT Wega\\u0144skie Proteiny\",\"previousItem\":{\"@type\":\"ListItem\",\"@id\":\"https:\\\/\\\/monatglobal.com\\\/pl#listItem\",\"name\":\"Home\"}}]},{\"@type\":\"Organization\",\"@id\":\"https:\\\/\\\/monatglobal.com\\\/pl\\\/#organization\",\"name\":\"MONAT POLAND\",\"description\":\"MONAT GLOBAL\",\"url\":\"https:\\\/\\\/monatglobal.com\\\/pl\\\/\"},{\"@type\":\"WebPage\",\"@id\":\"https:\\\/\\\/monatglobal.com\\\/pl\\\/vegan-protein\\\/#webpage\",\"url\":\"https:\\\/\\\/monatglobal.com\\\/pl\\\/vegan-protein\\\/\",\"name\":\"MONAT Wega\\u0144skie Proteiny - MONAT POLAND\",\"description\":\"MONAT Wega\\u0144skie Proteiny Mieszanka w 100% na bazie ro\\u015blin Oto Twoja codzienna porcja przepysznego bia\\u0142ka ro\\u015blinnego. Net Wt. (840 g) Cena Detaliczna407 z\\u0142 Klient VIP345 z\\u0142 By dowiedzie\\u0107 si\\u0119 wi\\u0119cej o MONAT Wega\\u0144skie Proteiny, skontaktuj si\\u0119 z Twoim Market Partnerem wyprzedane KORZY\\u015aCI \\\/ Wysoka zawarto\\u015b\\u0107 protein \\\/ Przyczynia si\\u0119 do wzrostu i utrzymania masy mi\\u0119\\u015bniowej \\\/ Witamina B6 wspomaga prawid\\u0142owy\",\"inLanguage\":\"pl-PL\",\"isPartOf\":{\"@id\":\"https:\\\/\\\/monatglobal.com\\\/pl\\\/#website\"},\"breadcrumb\":{\"@id\":\"https:\\\/\\\/monatglobal.com\\\/pl\\\/vegan-protein\\\/#breadcrumblist\"},\"image\":{\"@type\":\"ImageObject\",\"url\":\"https:\\\/\\\/monatglobal.com\\\/pl\\\/wp-content\\\/uploads\\\/sites\\\/9\\\/2021\\\/10\\\/VEGAN-PROTEIN-POWDER-ECOM_UE-2021.png\",\"@id\":\"https:\\\/\\\/monatglobal.com\\\/pl\\\/vegan-protein\\\/#mainImage\",\"width\":641,\"height\":800},\"primaryImageOfPage\":{\"@id\":\"https:\\\/\\\/monatglobal.com\\\/pl\\\/vegan-protein\\\/#mainImage\"},\"datePublished\":\"2021-09-09T18:37:59+01:00\",\"dateModified\":\"2024-12-26T20:23:48+00:00\"},{\"@type\":\"WebSite\",\"@id\":\"https:\\\/\\\/monatglobal.com\\\/pl\\\/#website\",\"url\":\"https:\\\/\\\/monatglobal.com\\\/pl\\\/\",\"name\":\"MONAT POLAND\",\"description\":\"MONAT GLOBAL\",\"inLanguage\":\"pl-PL\",\"publisher\":{\"@id\":\"https:\\\/\\\/monatglobal.com\\\/pl\\\/#organization\"}}]}\n\t\t<\/script>\n\t\t<!-- All in One SEO Pro -->\r\n\t\t<title>MONAT Wega\u0144skie Proteiny - MONAT POLAND<\/title>\n\n","aioseo_head_json":{"title":"MONAT Wega\u0144skie Proteiny - MONAT POLAND","description":"MONAT Wega\u0144skie Proteiny Mieszanka w 100% na bazie ro\u015blin Oto Twoja codzienna porcja przepysznego bia\u0142ka ro\u015blinnego. Net Wt. (840 g) Cena Detaliczna407 z\u0142 Klient VIP345 z\u0142 By dowiedzie\u0107 si\u0119 wi\u0119cej o MONAT Wega\u0144skie Proteiny, skontaktuj si\u0119 z Twoim Market Partnerem wyprzedane KORZY\u015aCI \/ Wysoka zawarto\u015b\u0107 protein \/ Przyczynia si\u0119 do wzrostu i utrzymania masy mi\u0119\u015bniowej \/ Witamina B6 wspomaga prawid\u0142owy","canonical_url":"https:\/\/monatglobal.com\/pl\/vegan-protein\/","robots":"max-image-preview:large","keywords":"","webmasterTools":{"miscellaneous":""},"schema":{"@context":"https:\/\/schema.org","@graph":[{"@type":"BreadcrumbList","@id":"https:\/\/monatglobal.com\/pl\/vegan-protein\/#breadcrumblist","itemListElement":[{"@type":"ListItem","@id":"https:\/\/monatglobal.com\/pl#listItem","position":1,"name":"Home","item":"https:\/\/monatglobal.com\/pl","nextItem":{"@type":"ListItem","@id":"https:\/\/monatglobal.com\/pl\/vegan-protein\/#listItem","name":"MONAT Wega\u0144skie Proteiny"}},{"@type":"ListItem","@id":"https:\/\/monatglobal.com\/pl\/vegan-protein\/#listItem","position":2,"name":"MONAT Wega\u0144skie Proteiny","previousItem":{"@type":"ListItem","@id":"https:\/\/monatglobal.com\/pl#listItem","name":"Home"}}]},{"@type":"Organization","@id":"https:\/\/monatglobal.com\/pl\/#organization","name":"MONAT POLAND","description":"MONAT GLOBAL","url":"https:\/\/monatglobal.com\/pl\/"},{"@type":"WebPage","@id":"https:\/\/monatglobal.com\/pl\/vegan-protein\/#webpage","url":"https:\/\/monatglobal.com\/pl\/vegan-protein\/","name":"MONAT Wega\u0144skie Proteiny - MONAT POLAND","description":"MONAT Wega\u0144skie Proteiny Mieszanka w 100% na bazie ro\u015blin Oto Twoja codzienna porcja przepysznego bia\u0142ka ro\u015blinnego. Net Wt. (840 g) Cena Detaliczna407 z\u0142 Klient VIP345 z\u0142 By dowiedzie\u0107 si\u0119 wi\u0119cej o MONAT Wega\u0144skie Proteiny, skontaktuj si\u0119 z Twoim Market Partnerem wyprzedane KORZY\u015aCI \/ Wysoka zawarto\u015b\u0107 protein \/ Przyczynia si\u0119 do wzrostu i utrzymania masy mi\u0119\u015bniowej \/ Witamina B6 wspomaga prawid\u0142owy","inLanguage":"pl-PL","isPartOf":{"@id":"https:\/\/monatglobal.com\/pl\/#website"},"breadcrumb":{"@id":"https:\/\/monatglobal.com\/pl\/vegan-protein\/#breadcrumblist"},"image":{"@type":"ImageObject","url":"https:\/\/monatglobal.com\/pl\/wp-content\/uploads\/sites\/9\/2021\/10\/VEGAN-PROTEIN-POWDER-ECOM_UE-2021.png","@id":"https:\/\/monatglobal.com\/pl\/vegan-protein\/#mainImage","width":641,"height":800},"primaryImageOfPage":{"@id":"https:\/\/monatglobal.com\/pl\/vegan-protein\/#mainImage"},"datePublished":"2021-09-09T18:37:59+01:00","dateModified":"2024-12-26T20:23:48+00:00"},{"@type":"WebSite","@id":"https:\/\/monatglobal.com\/pl\/#website","url":"https:\/\/monatglobal.com\/pl\/","name":"MONAT POLAND","description":"MONAT GLOBAL","inLanguage":"pl-PL","publisher":{"@id":"https:\/\/monatglobal.com\/pl\/#organization"}}]},"og:locale":"pl_PL","og:site_name":"MONAT POLAND - MONAT GLOBAL","og:type":"article","og:title":"MONAT Wega\u0144skie Proteiny - MONAT POLAND","og:description":"MONAT Wega\u0144skie Proteiny Mieszanka w 100% na bazie ro\u015blin Oto Twoja codzienna porcja przepysznego bia\u0142ka ro\u015blinnego. Net Wt. (840 g) Cena Detaliczna407 z\u0142 Klient VIP345 z\u0142 By dowiedzie\u0107 si\u0119 wi\u0119cej o MONAT Wega\u0144skie Proteiny, skontaktuj si\u0119 z Twoim Market Partnerem wyprzedane KORZY\u015aCI \/ Wysoka zawarto\u015b\u0107 protein \/ Przyczynia si\u0119 do wzrostu i utrzymania masy mi\u0119\u015bniowej \/ Witamina B6 wspomaga prawid\u0142owy","og:url":"https:\/\/monatglobal.com\/pl\/vegan-protein\/","article:published_time":"2021-09-09T17:37:59+00:00","article:modified_time":"2024-12-26T20:23:48+00:00","twitter:card":"summary_large_image","twitter:title":"MONAT Wega\u0144skie Proteiny - MONAT POLAND","twitter:description":"MONAT Wega\u0144skie Proteiny Mieszanka w 100% na bazie ro\u015blin Oto Twoja codzienna porcja przepysznego bia\u0142ka ro\u015blinnego. Net Wt. (840 g) Cena Detaliczna407 z\u0142 Klient VIP345 z\u0142 By dowiedzie\u0107 si\u0119 wi\u0119cej o MONAT Wega\u0144skie Proteiny, skontaktuj si\u0119 z Twoim Market Partnerem wyprzedane KORZY\u015aCI \/ Wysoka zawarto\u015b\u0107 protein \/ Przyczynia si\u0119 do wzrostu i utrzymania masy mi\u0119\u015bniowej \/ Witamina B6 wspomaga prawid\u0142owy"},"aioseo_meta_data":{"post_id":"63632","title":null,"description":null,"keywords":null,"keyphrases":null,"primary_term":null,"canonical_url":null,"og_title":null,"og_description":null,"og_object_type":"default","og_image_type":"default","og_image_url":null,"og_image_width":null,"og_image_height":null,"og_image_custom_url":null,"og_image_custom_fields":null,"og_video":null,"og_custom_url":null,"og_article_section":null,"og_article_tags":null,"twitter_use_og":false,"twitter_card":"default","twitter_image_type":"default","twitter_image_url":null,"twitter_image_custom_url":null,"twitter_image_custom_fields":null,"twitter_title":null,"twitter_description":null,"schema":{"blockGraphs":[],"customGraphs":[],"default":{"data":{"Article":[],"Course":[],"Dataset":[],"FAQPage":[],"Movie":[],"Person":[],"Product":[],"ProductReview":[],"Car":[],"Recipe":[],"Service":[],"SoftwareApplication":[],"WebPage":[]},"graphName":"","isEnabled":true},"graphs":[]},"schema_type":"default","schema_type_options":null,"pillar_content":false,"robots_default":true,"robots_noindex":false,"robots_noarchive":false,"robots_nosnippet":false,"robots_nofollow":false,"robots_noimageindex":false,"robots_noodp":false,"robots_notranslate":false,"robots_max_snippet":null,"robots_max_videopreview":null,"robots_max_imagepreview":"large","priority":null,"frequency":null,"local_seo":null,"seo_analyzer_scan_date":"2025-08-15 04:50:43","limit_modified_date":false,"reviewed_by":null,"open_ai":null,"ai":null,"created":"2023-07-26 09:51:32","updated":"2026-02-10 05:08:51"},"aioseo_breadcrumb":"<div class=\"aioseo-breadcrumbs\"><span class=\"aioseo-breadcrumb\">\n\t<a href=\"https:\/\/monatglobal.com\/pl\" title=\"Home\">Home<\/a>\n<\/span><span class=\"aioseo-breadcrumb-separator\">&raquo;<\/span><span class=\"aioseo-breadcrumb\">\n\tMONAT Wega\u0144skie Proteiny\n<\/span><\/div>","aioseo_breadcrumb_json":[{"label":"Home","link":"https:\/\/monatglobal.com\/pl"},{"label":"MONAT Wega\u0144skie Proteiny","link":"https:\/\/monatglobal.com\/pl\/vegan-protein\/"}],"_links":{"self":[{"href":"https:\/\/monatglobal.com\/pl\/wp-json\/wp\/v2\/pages\/63632","targetHints":{"allow":["GET"]}}],"collection":[{"href":"https:\/\/monatglobal.com\/pl\/wp-json\/wp\/v2\/pages"}],"about":[{"href":"https:\/\/monatglobal.com\/pl\/wp-json\/wp\/v2\/types\/page"}],"author":[{"embeddable":true,"href":"https:\/\/monatglobal.com\/pl\/wp-json\/wp\/v2\/users\/31"}],"replies":[{"embeddable":true,"href":"https:\/\/monatglobal.com\/pl\/wp-json\/wp\/v2\/comments?post=63632"}],"version-history":[{"count":10,"href":"https:\/\/monatglobal.com\/pl\/wp-json\/wp\/v2\/pages\/63632\/revisions"}],"predecessor-version":[{"id":86065,"href":"https:\/\/monatglobal.com\/pl\/wp-json\/wp\/v2\/pages\/63632\/revisions\/86065"}],"wp:featuredmedia":[{"embeddable":true,"href":"https:\/\/monatglobal.com\/pl\/wp-json\/wp\/v2\/media\/63926"}],"wp:attachment":[{"href":"https:\/\/monatglobal.com\/pl\/wp-json\/wp\/v2\/media?parent=63632"}],"wp:term":[{"taxonomy":"category","embeddable":true,"href":"https:\/\/monatglobal.com\/pl\/wp-json\/wp\/v2\/categories?post=63632"},{"taxonomy":"post_tag","embeddable":true,"href":"https:\/\/monatglobal.com\/pl\/wp-json\/wp\/v2\/tags?post=63632"}],"curies":[{"name":"wp","href":"https:\/\/api.w.org\/{rel}","templated":true}]}}