{"id":62619,"date":"2021-08-12T03:31:35","date_gmt":"2021-08-12T02:31:35","guid":{"rendered":"https:\/\/monatglobal.com\/ie\/?page_id=62619"},"modified":"2026-02-19T21:34:04","modified_gmt":"2026-02-19T21:34:04","slug":"face-mist","status":"publish","type":"page","link":"https:\/\/monatglobal.com\/pl\/face-mist\/","title":{"rendered":"face mist"},"content":{"rendered":"\n<link rel=\"stylesheet\" href=\"https:\/\/unpkg.com\/swiper\/swiper-bundle.min.css\">\n<link rel=\"stylesheet\" href=\"https:\/\/monatglobal.com\/wp-content\/creative_css\/product_styles_sheet.css\">\n   <!--==================================================== ECOMM SECTION ====================================================-->\n      <!--==================================================== Ecomm image ====================================================-->\n      <img decoding=\"async\" src=\"https:\/\/monatglobal.com\/wp-content\/uploads\/2021\/08\/MONAT_HYDRATE-REFRESH_ecomm-optimized.png\" alt=\"Advanced Hydrating Conditioner\" loading=\"lazy\">\n      <!--==================================================== Ecomm information  ====================================================-->\n         <p>MONAT<\/p>\n         <h1> Hydrate &amp;<br> Refresh\u2122<\/h1>\n          <p>Mgie\u0142ka do twarzy<\/p>\n         <p>Zwi\u0119ksz poziom nawil\u017cenia swojej sk\u00f3ry o dowolnej porze dnia. Stosuj na lub pod makija\u017c, aby zapewni\u0107 sobie orze\u017awiaj\u0105cy zastrzyk energii o koj\u0105cym aromacie kokosu i arbuza.<\/p>\n         <p>100 ml \u212e 3.4 fl. oz.<\/p>\n       <!--==================================================== pricing box ====================================================-->  \n         <p>Cena detaliczna<br>000.00 z\u0142<\/p>\n         <p>Klient VIP<br>000.00 z\u0142<\/p>\n       <!--==================================================== pricing box ====================================================-->  \n         <p>By dowiedzie\u0107 si\u0119 wi\u0119cej o MONAT Hydrate &amp; Refresh\u2122 Mgie\u0142ka do twarzy skontaktuj si\u0119 z Twoim Market Partnerem<\/p>\n          <a href=\"\" target=\"_blank\" role=\"button\" aria-label=\"\" rel=\"noopener\"><\/a>\n   <!--==================================================== \/ECOMM SECTION  ====================================================-->\n   <!--==================================================== Benefits image ====================================================-->\n   \n      <source media=\"(max-width: 700px)\" srcset=\"https:\/\/monatglobal.com\/wp-content\/uploads\/2021\/08\/MONAT-Hydrate-Refresh-benefits-mobile.jpg\" loading=\"lazy\">\n      <img decoding=\"async\" src=\"https:\/\/monatglobal.com\/wp-content\/uploads\/2021\/08\/MONAT-Hydrate-Refresh-benefits.jpg\" alt=\"Woman with freckles, smiling, while looking down holding MONAT's Hydrate &amp; Refresh product to her left.\" loading=\"lazy\">\n   \n   <!--==================================================== Benefits text ====================================================-->\n         <h2>KORZY\u015aCI<\/h2>\n         <h3>Natychmiastowe roz\u015bwietlenie ziemistej sk\u00f3ry bardzo drobn\u0105&nbsp;mgie\u0142k\u0105. <\/h3>\n          Antyoksydanty pochodz\u0105ce z superowoc\u00f3w chroni\u0105 przed niekorzystnymi czynnikami \u015brodowiskowymi, a wyci\u0105g z arbuza i woda kokosowa pomagaj\u0105 przywr\u00f3ci\u0107 r\u00f3wnowag\u0119 sk\u00f3ry, nadaj\u0105c jej wyj\u0105tkowy&nbsp;blask.\n\n         <!--==================================================== features image  ====================================================-->\n         <img decoding=\"async\" src=\"https:\/\/monatglobal.com\/pl\/wp-content\/uploads\/2021\/08\/MONAT-Hydrate-Refresh-features.jpg\" alt=\"Two MONAT Hydrate &amp; Refresh product bottles set over an artisanal chair with a white cloth.\" loading=\"lazy\">\n      <!--==================================================== features text ====================================================-->\n            <h3>Zachowaj rze\u015bki i \u015bwie\u017cy wygl\u0105d sk\u00f3ry przez ca\u0142y dzie\u0144.<\/h3>\n             <p>\/ Chroni sk\u00f3r\u0119 przed niekorzystnymi czynnikami&nbsp;\u015brodowiskowymi<\/p>\n\t         <p>\/ Nadaje sk\u00f3rze promienisty, rze\u015bki, zdrowy wygl\u0105d i&nbsp;blask<\/p>\n\t         <p>\/ Sk\u00f3ra pozostaje \u015bwie\u017ca i ukojona przez ca\u0142y&nbsp;dzie\u0144<\/p>\n\t         <p>\/ Nawil\u017ca sk\u00f3r\u0119 nawet do 24&nbsp;godzin<\/p>\n\t         <p>\/ Pomaga w poprawianiu i utrwalaniu makija\u017cu, nie naruszaj\u0105c&nbsp;go<\/p>\n               <br>\n        <p>Nuta zapachowa \/ Kokos i Arbuz   <\/p>\n        <p> Konsystencja \/ lekka, p\u0142ynna.<\/p>\n   <!--==================================================== composition image mobile ====================================================-->\n   <img decoding=\"async\" src=\"https:\/\/monatglobal.com\/pl\/wp-content\/uploads\/2021\/08\/MONAT-Hydrate-Refresh-comp1.jpg\" alt=\"MONAT Hydrate &amp; Refresh product is set over a pink water texture background and ripples.\" loading=\"lazy\">\n   <!--==================================================== Why it works text ====================================================-->\n      <h2>Dostarcza codziennej dawki sk\u0142adnik\u00f3w od\u017cywczych, kt\u00f3re zwi\u0119kszaj\u0105 poziom nawodnienia.<\/h2>\n      <h3>Ta drobna mgie\u0142ka do twarzy jest bogata w aktywne sk\u0142adniki nawil\u017caj\u0105ce, kt\u00f3re chroni\u0105 sk\u00f3r\u0119 przed zanieczyszczeniami i niekorzystnymi czynnikami&nbsp;\u015brodowiskowymi.<\/h3>\n      <p>Dostarcza codziennej dawki sk\u0142adnik\u00f3w od\u017cywczych, kt\u00f3re zwi\u0119kszaj\u0105 poziom nawodnienia oraz przywracaj\u0105 odpowiednie nawil\u017cenie i r\u00f3wnowag\u0119 sk\u00f3ry, nie naruszaj\u0105c przy tym&nbsp;makija\u017cu.<\/p>\n<!--==================================================== Composition section ====================================================-->\n      <img decoding=\"async\" src=\"https:\/\/monatglobal.com\/pl\/wp-content\/uploads\/2021\/08\/MONAT-Hydrate-Refresh-comp1.jpg\" alt=\"MONAT Hydrate &amp; Refresh product is set over a pink water texture background and ripples.\" loading=\"lazy\">\n      <img decoding=\"async\" src=\"https:\/\/monatglobal.com\/pl\/wp-content\/uploads\/2021\/08\/MONAT-Hydrate-Refresh-comp3.jpg\" alt=\"An african-american woman smiling, looking up, holding MONAT's Hydrate &amp; Refresh while enjoying a sunny day at the pool.\" loading=\"lazy\">\n            <!--==================================================== Directions text ====================================================--> \n               <h3>Spos\u00f3b u\u017cycia<\/h3>\n               <p>\/ Przytrzymaj w odleg\u0142o\u015bci 20-25 cm od twarzy.<\/p>\n               <p>\/ Zamknij oczy i spryskaj obficie ca\u0142\u0105 twarz.<\/p>\n               <p>\/ Zastosuj przed na\u0142o\u017ceniem makija\u017cu w celu ukojenia i nawil\u017cenia sk\u00f3ry lub po jego na\u0142o\u017ceniu jako spray utrwalaj\u0105cy.<\/p>\n               <p>\/ Trzymaj w lod\u00f3wce dla dodatkowego efektu orze\u017awienia.<\/p>\n            <!--==================================================== Directions video ====================================================-->\n      <p>MONAT<br> Hydrate &amp; Refresh\u2122 <br>0:40<\/p>\n      <a href=\"\" target=\"_blank\" role=\"button\" aria-label=\"\" rel=\"noopener\"><\/a>\n   <!--==================================================== Ingredients section  ====================================================-->\n      <h2>Przegl\u0105d sk\u0142adnik\u00f3w<\/h2>\n               <p>Woda kokosowa<\/p>\n               <p>Kwas hialuronowy<\/p>\n               <p>Algi morskie<\/p>\n               <p>Witamina B5<\/p>\n               <p>Sok z aloesu<\/p>\n               Wyci\u0105g z arbuza\n\n   <button id=\"myBtn\" type=\"button\">PE\u0141NA LISTA SK\u0141ADNIK\u00d3W<\/button>\n      <!--==================================================== Modal content  ====================================================-->\n         \u00d7\n         Aqua\/Water\/Eau, Cocos Nucifera (Coconut) Water, Propanediol, Aloe Barbadensis Leaf Juice, Cocos Nucifera (Coconut) Fruit Extract, Glycerin, Cucumis Sativus (Cucumber) Fruit Extract, Vitis Vinifera (Grape) Leaf Extract, Calendula Officinalis Flower Extract, Sodium Hyaluronate, Citrullus Lanatus (Watermelon) Fruit Extract, Padina Pavonica Thallus Extract, Punica Granatum Fruit Extract, Sodium Phytate, Citric Acid, Panthenol, Potassium Sorbate, Sodium Benzoate, Fragrance\/Parfum, Alcohol, Pentylene Glycol, Phenethyl Alcohol, Limonene.\n         \n   <!--==================================================== You might also like section ====================================================-->\n      <h2>MO\u017bE CI\u0118 R\u00d3WNIE\u017b ZAINTERESOWA\u0106<\/h2>\n      <!--==================================================== Slider YOU MIGHT ALSO LIKE ====================================================-->\n      <!---->\n      <!--   -->\n            <!--==================================================== Slides products ====================================================-->\n      <!--      -->\n      <!--         <a href=\"\/pl\/hyaluronic-serum\/\" aria-label=\"Go to MONAT Hydration Booster\u2122 page\">-->\n      <!--            <img decoding=\"async\" src=\"https:\/\/monatglobal.com\/wp-content\/uploads\/2022\/12\/Hydration-Booster-Hyaluronic-Serum-Plus_ecomm-min.png\" alt=\"MONAT Hydration Booster\u2122\" loading=\"lazy\"\/>-->\n      <!--            <p>MONAT Hydration Booster\u2122<br \/> Hialuronowe Serum Plus <\/p>-->\n      <!--         <\/a>-->\n      <!--      -->\n      <!--      -->\n      <!--         <a href=\"\/pl\/creamy-cleanser\/\" aria-label=\"Go to BE GENTLE\u2122 Oczyszczaj\u0105cy Krem Do Twarzy page\">-->\n      <!--            <img decoding=\"async\" src=\"https:\/\/monatglobal.com\/wp-content\/uploads\/2022\/12\/BE-GENTLE-Creamy-Cleanser-ecomm-2022-min.png\" alt=\"BE GENTLE\u2122 Oczyszczaj\u0105cy Krem Do Twarzy\" loading=\"lazy\"\/>-->\n      <!--            <p>BE GENTLE\u2122 Oczyszczaj\u0105cy<br \/> Krem Do Twarzy<\/p>-->\n      <!--         <\/a>-->\n      <!--      -->\n      <!--      -->\n      <!--         <a href=\"\/pl\/skin-revitalizing\/\" aria-label=\"Go to Skin Revitalizing Essence\u2122 page\">-->\n      <!--            <img decoding=\"async\" src=\"https:\/\/monatglobal.com\/wp-content\/uploads\/2022\/12\/Skin-Revitalizing-Essence-ecomm-2022-min.png\" alt=\"Skin Revitalizing Essence\u2122\" loading=\"lazy\"\/>-->\n      <!--            <p>Skin <br \/>Revitalizing Essence\u2122<\/p>-->\n      <!--         <\/a>-->\n      <!--      -->\n      <!--   -->\n         <!--==================================================== If we need navigation buttons  ====================================================-->\n      <!--   -->\n      <!--   -->\n         <!--==================================================== If we need paginations  ====================================================-->\n      <!--   -->\n      <!---->\n         <!--==================================================== If we need navigation buttons  ====================================================-->\n         <!--==================================================== If we need paginations  ====================================================-->\n    <a href=\"\" aria-label=\"\"><\/a>\n<!--==================================================== this link has to go last for it to work   ====================================================-->\n","protected":false},"excerpt":{"rendered":"<p>MONAT Hydrate &amp; Refresh\u2122 Mgie\u0142ka do twarzy Zwi\u0119ksz poziom nawil\u017cenia swojej sk\u00f3ry o dowolnej porze dnia. Stosuj na lub pod makija\u017c, aby zapewni\u0107 sobie orze\u017awiaj\u0105cy zastrzyk energii o koj\u0105cym aromacie kokosu i arbuza. 100 ml \u212e 3.4 fl. oz. Cena detaliczna000.00 z\u0142 Klient VIP000.00 z\u0142 By dowiedzie\u0107 si\u0119 wi\u0119cej o MONAT Hydrate &amp; Refresh\u2122 Mgie\u0142ka&hellip;<\/p>\n","protected":false},"author":31,"featured_media":109340,"parent":0,"menu_order":0,"comment_status":"closed","ping_status":"closed","template":"","meta":{"inline_featured_image":false,"om_disable_all_campaigns":false,"_monsterinsights_skip_tracking":false,"_monsterinsights_sitenote_active":false,"_monsterinsights_sitenote_note":"","_monsterinsights_sitenote_category":0,"footnotes":""},"categories":[39],"tags":[],"class_list":["post-62619","page","type-page","status-publish","has-post-thumbnail","hentry","category-product-pl"],"aioseo_notices":[],"aioseo_head":"\n\t\t<!-- All in One SEO Pro 4.9.5.2 - aioseo.com -->\n\t<meta name=\"description\" content=\"--&gt;\" \/>\n\t<meta name=\"robots\" content=\"max-image-preview:large\" \/>\n\t<link rel=\"canonical\" href=\"https:\/\/monatglobal.com\/pl\/face-mist\/\" \/>\n\t<meta name=\"generator\" content=\"All in One SEO Pro (AIOSEO) 4.9.5.2\" \/>\n\t\t<meta property=\"og:locale\" content=\"pl_PL\" \/>\n\t\t<meta property=\"og:site_name\" content=\"MONAT POLAND - MONAT GLOBAL\" \/>\n\t\t<meta property=\"og:type\" content=\"article\" \/>\n\t\t<meta property=\"og:title\" content=\"face mist\" \/>\n\t\t<meta property=\"og:description\" content=\"--&gt;\" \/>\n\t\t<meta property=\"og:url\" content=\"https:\/\/monatglobal.com\/pl\/face-mist\/\" \/>\n\t\t<meta property=\"article:published_time\" content=\"2021-08-12T02:31:35+00:00\" \/>\n\t\t<meta property=\"article:modified_time\" content=\"2026-02-19T21:34:04+00:00\" \/>\n\t\t<meta name=\"twitter:card\" content=\"summary_large_image\" \/>\n\t\t<meta name=\"twitter:title\" content=\"face mist\" \/>\n\t\t<meta name=\"twitter:description\" content=\"--&gt;\" \/>\n\t\t<script type=\"application\/ld+json\" class=\"aioseo-schema\">\n\t\t\t{\"@context\":\"https:\\\/\\\/schema.org\",\"@graph\":[{\"@type\":\"BreadcrumbList\",\"@id\":\"https:\\\/\\\/monatglobal.com\\\/pl\\\/face-mist\\\/#breadcrumblist\",\"itemListElement\":[{\"@type\":\"ListItem\",\"@id\":\"https:\\\/\\\/monatglobal.com\\\/pl#listItem\",\"position\":1,\"name\":\"Home\",\"item\":\"https:\\\/\\\/monatglobal.com\\\/pl\",\"nextItem\":{\"@type\":\"ListItem\",\"@id\":\"https:\\\/\\\/monatglobal.com\\\/pl\\\/face-mist\\\/#listItem\",\"name\":\"face mist\"}},{\"@type\":\"ListItem\",\"@id\":\"https:\\\/\\\/monatglobal.com\\\/pl\\\/face-mist\\\/#listItem\",\"position\":2,\"name\":\"face mist\",\"previousItem\":{\"@type\":\"ListItem\",\"@id\":\"https:\\\/\\\/monatglobal.com\\\/pl#listItem\",\"name\":\"Home\"}}]},{\"@type\":\"Organization\",\"@id\":\"https:\\\/\\\/monatglobal.com\\\/pl\\\/#organization\",\"name\":\"MONAT POLAND\",\"description\":\"MONAT GLOBAL\",\"url\":\"https:\\\/\\\/monatglobal.com\\\/pl\\\/\"},{\"@type\":\"WebPage\",\"@id\":\"https:\\\/\\\/monatglobal.com\\\/pl\\\/face-mist\\\/#webpage\",\"url\":\"https:\\\/\\\/monatglobal.com\\\/pl\\\/face-mist\\\/\",\"name\":\"face mist\",\"description\":\"-->\",\"inLanguage\":\"pl-PL\",\"isPartOf\":{\"@id\":\"https:\\\/\\\/monatglobal.com\\\/pl\\\/#website\"},\"breadcrumb\":{\"@id\":\"https:\\\/\\\/monatglobal.com\\\/pl\\\/face-mist\\\/#breadcrumblist\"},\"image\":{\"@type\":\"ImageObject\",\"url\":\"https:\\\/\\\/monatglobal.com\\\/pl\\\/wp-content\\\/uploads\\\/sites\\\/9\\\/2026\\\/02\\\/MONAT_HYDRATE-REFRESH_ecomm-optimized.png\",\"@id\":\"https:\\\/\\\/monatglobal.com\\\/pl\\\/face-mist\\\/#mainImage\",\"width\":641,\"height\":800},\"primaryImageOfPage\":{\"@id\":\"https:\\\/\\\/monatglobal.com\\\/pl\\\/face-mist\\\/#mainImage\"},\"datePublished\":\"2021-08-12T03:31:35+01:00\",\"dateModified\":\"2026-02-19T21:34:04+00:00\"},{\"@type\":\"WebSite\",\"@id\":\"https:\\\/\\\/monatglobal.com\\\/pl\\\/#website\",\"url\":\"https:\\\/\\\/monatglobal.com\\\/pl\\\/\",\"name\":\"MONAT POLAND\",\"description\":\"MONAT GLOBAL\",\"inLanguage\":\"pl-PL\",\"publisher\":{\"@id\":\"https:\\\/\\\/monatglobal.com\\\/pl\\\/#organization\"}}]}\n\t\t<\/script>\n\t\t<!-- All in One SEO Pro -->\r\n\t\t<title>face mist<\/title>\n\n","aioseo_head_json":{"title":"face mist","description":"-->","canonical_url":"https:\/\/monatglobal.com\/pl\/face-mist\/","robots":"max-image-preview:large","keywords":"","webmasterTools":{"miscellaneous":""},"schema":{"@context":"https:\/\/schema.org","@graph":[{"@type":"BreadcrumbList","@id":"https:\/\/monatglobal.com\/pl\/face-mist\/#breadcrumblist","itemListElement":[{"@type":"ListItem","@id":"https:\/\/monatglobal.com\/pl#listItem","position":1,"name":"Home","item":"https:\/\/monatglobal.com\/pl","nextItem":{"@type":"ListItem","@id":"https:\/\/monatglobal.com\/pl\/face-mist\/#listItem","name":"face mist"}},{"@type":"ListItem","@id":"https:\/\/monatglobal.com\/pl\/face-mist\/#listItem","position":2,"name":"face mist","previousItem":{"@type":"ListItem","@id":"https:\/\/monatglobal.com\/pl#listItem","name":"Home"}}]},{"@type":"Organization","@id":"https:\/\/monatglobal.com\/pl\/#organization","name":"MONAT POLAND","description":"MONAT GLOBAL","url":"https:\/\/monatglobal.com\/pl\/"},{"@type":"WebPage","@id":"https:\/\/monatglobal.com\/pl\/face-mist\/#webpage","url":"https:\/\/monatglobal.com\/pl\/face-mist\/","name":"face mist","description":"-->","inLanguage":"pl-PL","isPartOf":{"@id":"https:\/\/monatglobal.com\/pl\/#website"},"breadcrumb":{"@id":"https:\/\/monatglobal.com\/pl\/face-mist\/#breadcrumblist"},"image":{"@type":"ImageObject","url":"https:\/\/monatglobal.com\/pl\/wp-content\/uploads\/sites\/9\/2026\/02\/MONAT_HYDRATE-REFRESH_ecomm-optimized.png","@id":"https:\/\/monatglobal.com\/pl\/face-mist\/#mainImage","width":641,"height":800},"primaryImageOfPage":{"@id":"https:\/\/monatglobal.com\/pl\/face-mist\/#mainImage"},"datePublished":"2021-08-12T03:31:35+01:00","dateModified":"2026-02-19T21:34:04+00:00"},{"@type":"WebSite","@id":"https:\/\/monatglobal.com\/pl\/#website","url":"https:\/\/monatglobal.com\/pl\/","name":"MONAT POLAND","description":"MONAT GLOBAL","inLanguage":"pl-PL","publisher":{"@id":"https:\/\/monatglobal.com\/pl\/#organization"}}]},"og:locale":"pl_PL","og:site_name":"MONAT POLAND - MONAT GLOBAL","og:type":"article","og:title":"face mist","og:description":"--&gt;","og:url":"https:\/\/monatglobal.com\/pl\/face-mist\/","article:published_time":"2021-08-12T02:31:35+00:00","article:modified_time":"2026-02-19T21:34:04+00:00","twitter:card":"summary_large_image","twitter:title":"face mist","twitter:description":"--&gt;"},"aioseo_meta_data":{"post_id":"62619","title":"face mist","description":null,"keywords":null,"keyphrases":{"focus":{"keyphrase":"","score":0,"analysis":{"keyphraseInTitle":{"score":0,"maxScore":9,"error":1}}},"additional":[]},"primary_term":null,"canonical_url":null,"og_title":null,"og_description":null,"og_object_type":"default","og_image_type":"default","og_image_url":null,"og_image_width":null,"og_image_height":null,"og_image_custom_url":null,"og_image_custom_fields":null,"og_video":"","og_custom_url":null,"og_article_section":null,"og_article_tags":null,"twitter_use_og":false,"twitter_card":"default","twitter_image_type":"default","twitter_image_url":null,"twitter_image_custom_url":null,"twitter_image_custom_fields":null,"twitter_title":null,"twitter_description":null,"schema":{"blockGraphs":[],"customGraphs":[],"default":{"data":{"Article":[],"Course":[],"Dataset":[],"FAQPage":[],"Movie":[],"Person":[],"Product":[],"ProductReview":[],"Car":[],"Recipe":[],"Service":[],"SoftwareApplication":[],"WebPage":[]},"graphName":"WebPage","isEnabled":true},"graphs":[]},"schema_type":"default","schema_type_options":null,"pillar_content":false,"robots_default":true,"robots_noindex":false,"robots_noarchive":false,"robots_nosnippet":false,"robots_nofollow":false,"robots_noimageindex":false,"robots_noodp":false,"robots_notranslate":false,"robots_max_snippet":"-1","robots_max_videopreview":"-1","robots_max_imagepreview":"large","priority":null,"frequency":"default","local_seo":null,"seo_analyzer_scan_date":"2026-02-19 21:37:05","limit_modified_date":false,"reviewed_by":"0","open_ai":null,"ai":{"faqs":[],"keyPoints":[],"titles":[],"descriptions":[],"socialPosts":{"email":[],"linkedin":[],"twitter":[],"facebook":[],"instagram":[]}},"created":"2023-07-26 09:51:32","updated":"2026-02-19 21:44:17"},"aioseo_breadcrumb":"<div class=\"aioseo-breadcrumbs\"><span class=\"aioseo-breadcrumb\">\n\t<a href=\"https:\/\/monatglobal.com\/pl\" title=\"Home\">Home<\/a>\n<\/span><span class=\"aioseo-breadcrumb-separator\">&raquo;<\/span><span class=\"aioseo-breadcrumb\">\n\tface mist\n<\/span><\/div>","aioseo_breadcrumb_json":[{"label":"Home","link":"https:\/\/monatglobal.com\/pl"},{"label":"face mist","link":"https:\/\/monatglobal.com\/pl\/face-mist\/"}],"_links":{"self":[{"href":"https:\/\/monatglobal.com\/pl\/wp-json\/wp\/v2\/pages\/62619","targetHints":{"allow":["GET"]}}],"collection":[{"href":"https:\/\/monatglobal.com\/pl\/wp-json\/wp\/v2\/pages"}],"about":[{"href":"https:\/\/monatglobal.com\/pl\/wp-json\/wp\/v2\/types\/page"}],"author":[{"embeddable":true,"href":"https:\/\/monatglobal.com\/pl\/wp-json\/wp\/v2\/users\/31"}],"replies":[{"embeddable":true,"href":"https:\/\/monatglobal.com\/pl\/wp-json\/wp\/v2\/comments?post=62619"}],"version-history":[{"count":25,"href":"https:\/\/monatglobal.com\/pl\/wp-json\/wp\/v2\/pages\/62619\/revisions"}],"predecessor-version":[{"id":109342,"href":"https:\/\/monatglobal.com\/pl\/wp-json\/wp\/v2\/pages\/62619\/revisions\/109342"}],"wp:featuredmedia":[{"embeddable":true,"href":"https:\/\/monatglobal.com\/pl\/wp-json\/wp\/v2\/media\/109340"}],"wp:attachment":[{"href":"https:\/\/monatglobal.com\/pl\/wp-json\/wp\/v2\/media?parent=62619"}],"wp:term":[{"taxonomy":"category","embeddable":true,"href":"https:\/\/monatglobal.com\/pl\/wp-json\/wp\/v2\/categories?post=62619"},{"taxonomy":"post_tag","embeddable":true,"href":"https:\/\/monatglobal.com\/pl\/wp-json\/wp\/v2\/tags?post=62619"}],"curies":[{"name":"wp","href":"https:\/\/api.w.org\/{rel}","templated":true}]}}