{"id":62264,"date":"2021-07-16T12:07:44","date_gmt":"2021-07-16T16:07:44","guid":{"rendered":"https:\/\/monatglobal.com\/pl\/?page_id=62264"},"modified":"2023-07-26T18:48:07","modified_gmt":"2023-07-26T17:48:07","slug":"balance","status":"publish","type":"page","link":"https:\/\/monatglobal.com\/pl\/balance\/","title":{"rendered":"MONAT Balance\u2122"},"content":{"rendered":"\n\n\t\t\t\t<img decoding=\"async\" src=\"https:\/\/monatglobal.com\/pl\/wp-content\/uploads\/2021\/07\/Balance-eu-e-comm.png\" alt=\"Balance-eu-e-comm\" itemprop=\"image\" title=\"Balance-eu-e-comm\" onerror=\"this.style.display='none'\"  \/>\n    <h1>MONAT<br \/>Balance\u2122<\/h1>\n\t<h3> Nasza technologia kapsu\u0142ek pozwala pomie\u015bci\u0107 a\u017c 5 miliard\u00f3w aktywnych bakterii kwasu mlekowego z 12 r\u00f3\u017cnych szczep\u00f3w, kt\u00f3re wspomagaj\u0105 prawid\u0142owe trawienie oraz utrzymanie w\u0142a\u015bciwej kondycji sk\u00f3ry, w\u0142os\u00f3w i paznokci. *<\/h3>\n\t<p>30 Kapsu\u0142ek<\/p> \n   Klient VIP \n   <p> 280 z\u0142<\/p>\n      Cena Detaliczna\n       \n330 z\u0142\n\tBy dowiedzie\u0107 si\u0119 wi\u0119cej o MONAT Balance\u2122 skontaktuj si\u0119 z Twoim Market Partnerem. \n\t\t\t<a href=\"https:\/\/corp.mymonat.com\/shop\/products\/monat-balance-sale-6000001789\/?globallanguage=pl&#038;globalmarket=pl\" target=\"_blank\" role=\"button\" rel=\"noopener\">\n\t\t\t\t\t\t\tKUP TERAZ\n\t\t\t\t\t<\/a>\n<h1>Wspomaga trawienie <br \/>i prawid\u0142owe funkcjonowanie uk\u0142adu odporno\u015bciowego.<\/h1>\n\t KORZY\u015aCI\n\t<h1>Suplement diety w postaci prebiotyku odgrywa wa\u017cn\u0105 rol\u0119 w osi\u0105ganiu i utrzymywaniu zdrowego funkcjonowania uk\u0142adu odporno\u015bciowego oraz uk\u0142adu trawiennego.<\/h1>\n<p>Wspomaga prawid\u0142owe trawienie oraz kondycj\u0119 sk\u00f3ry, w\u0142os\u00f3w i paznokci.<\/p>\n\t <h1>Preparat Balance wspiera prawid\u0142owy przebieg procesu trawiennego.<\/h1>\n\t<h1>Zawarte w formule bakterie charakteryzuj\u0105 si\u0119 takim samym dzia\u0142aniem, jak bakterie kwasu mlekowego znajduj\u0105ce si\u0119 w naszym organizmie, dzi\u0119ki czemu wspieraj\u0105 mikroflor\u0119 jelit.<\/h1>\n\t\t\t\t<img loading=\"lazy\" decoding=\"async\" src=\"https:\/\/monatglobal.com\/pl\/wp-content\/uploads\/sites\/9\/2021\/07\/feat-bal.jpg\" alt=\"feat-bal\" itemprop=\"image\" height=\"609\" width=\"568\" title=\"feat-bal\" onerror=\"this.style.display='none'\"  \/>\n\t<h1>Cechy<\/h1>\n\t<p>\/\tWap\u0144 wspomaga prawid\u0142owe funkcjonowanie enzym\u00f3w trawiennych.<\/p>\n<p>\/\tWap\u0144 i cynk pomagaj\u0105 w utrzymaniu w\u0142a\u015bciwej kondycji sk\u00f3ry, w\u0142os\u00f3w i paznokci oraz prawid\u0142owego funkcjonowania uk\u0142adu odporno\u015bciowego. <\/p>\n<p>\/\t5 miliard\u00f3w aktywnych bakterii kwasu mlekowego z 12 r\u00f3\u017cnych szczep\u00f3w. <\/p>\n<p>\/\t*Cynk wp\u0142ywa na prawid\u0142owe dzia\u0142anie funkcji poznawczych, wspomaga funkcjonowanie uk\u0142adu odporno\u015bciowego i zabezpiecza kom\u00f3rki przed stresem oksydacyjnym. <\/p>\n\t\t\t\t<img decoding=\"async\" src=\"https:\/\/monatglobal.com\/pl\/wp-content\/uploads\/2021\/07\/balance-pl-mid-banner-2.png\" alt=\"balance-pl-mid-banner-2\" itemprop=\"image\" title=\"balance-pl-mid-banner-2\" onerror=\"this.style.display='none'\"  \/>\n\t<h1>Jak Stosowa\u0107<\/h1>\n\t<p>\/ Przyjmuj jedn\u0105 (1) kapsu\u0142k\u0119 dziennie przed pierwszym posi\u0142kiem, popijaj\u0105c szklank\u0105 wody.<\/p>\n\t\t\t<a href=\"https:\/\/www.youtube.com\/watch?v=UKc4rhG1hh4\" role=\"button\">\n\t\t\t\t\t\t\t<\/a>\n\tMONAT Balance\u2122<br \/>\n0:20\n\t\t\t<a href=\"https:\/\/corp.mymonat.com\/shop\/products\/monat-balance-sale-6000001789\/?globallanguage=pl&#038;globalmarket=pl\" target=\"_blank\" role=\"button\" rel=\"noopener\">\n\t\t\t\t\t\t\tKUP TERAZ\n\t\t\t\t\t<\/a>\n\t Przegl\u0105d sk\u0142adnik\u00f3w\n  <!-- Generator: Adobe Illustrator 23.0.3, SVG Export Plug-In . SVG Version: 6.00 Build 0)  -->\n<!-- Generator: Adobe Illustrator 24.0.1, SVG Export Plug-In . SVG Version: 6.00 Build 0)  -->\n<p>Aktywne Bakterie Kwasu Mlekowego<\/p>\n\n<!-- Generator: Adobe Illustrator 24.0.1, SVG Export Plug-In . SVG Version: 6.00 Build 0)  -->\n<p>Prebiotyki: inulina i sproszkowane \u0142upiny ry\u017cowe<\/p>\n\n  <!-- Generator: Adobe Illustrator 23.0.3, SVG Export Plug-In . SVG Version: 6.00 Build 0)  -->\n<!-- Generator: Adobe Illustrator 24.0.1, SVG Export Plug-In . SVG Version: 6.00 Build 0)  -->\n<p>Cynk<\/p>\n\n<!-- Generator: Adobe Illustrator 24.0.1, SVG Export Plug-In . SVG Version: 6.00 Build 0)  -->\n<p>Wap\u0144<\/p>\n\n\t\t\t<a href=\"#\" role=\"button\">\n\t\t\t\t\t\t\tPE\u0141NA LISTA SK\u0141ADNIK\u00d3W\n\t\t\t\t\t<\/a>\n\t\t<br \/><br \/>    <br \/>        <br \/>        <br \/>        <br \/>    <br \/>        <br \/>            <br \/>                Pe\u0142na lista sk\u0142adnik\u00f3w <br \/>                <br \/>            <p><br \/>                Calcium oxide, inulin (chicory), glazing agent: hydroxypropyl methyl cellulose (vegetable capsule shell), anti-caking agent: silicon dioxide, 5.1 % bacteria mixture (Lactobacillus acidophilus, lactobacillus plantarum, bifidobacterium lactis, lactobacillus casei, lactobacillus paracasei, lactobacillus brevis, lactobacillus rhamnosus, bifidobacterium breve, lactobacillus salivarius, bifidobacterium bifidum, bifidobacterium longum, lactobacillus gasseri), rice hull powder (Oryza), licorice root powder (Glycyrrhiza glabra), DL-alpha-tocopheryl acetate, zinc oxide<br \/><br \/>            <br \/>        <br \/>        <br \/>        <!--<br \/>            <br \/>            <br \/>                Ingredients<br \/>            <br \/>                Calcium oxide, inulin (chicory), glazing agent: hydroxypropyl methyl cellulose (vegetable capsule shell), anti-caking agent: silicon dioxide, 5.1 % bacteria mixture (Lactobacillus acidophilus, lactobacillus plantarum, bifidobacterium lactis, lactobacillus casei, lactobacillus paracasei, lactobacillus brevis, lactobacillus rhamnosus, bifidobacterium breve, lactobacillus salivarius, bifidobacterium bifidum, bifidobacterium longum, lactobacillus gasseri), rice hull powder (Oryza), licorice root powder (Glycyrrhiza glabra), DL-alpha-tocopheryl acetate, zinc oxide<br \/><br \/>            <br \/>        --><br \/><br \/>        <br \/>            <br \/>                *Niniejsze produkty nie s\u0105 przeznaczone do diagnozowania, leczenia ani zapobiegania \u017cadnym chorobom. <br \/>                <br \/><br \/>            <br \/>        <br \/>        <!--<br \/>            <br \/>                These products are for the U.S. Market Only<br \/><br \/>            <\/p><br \/>        --><br \/>        <br \/>    <br \/>    <br \/>    <br \/>    <br \/>    <br \/>\t\n\t Mo\u017ce Ci\u0119 r\u00f3wnie\u017c zainteresowa\u0107\n\t<a href=\"\/pl?page_id=61213\"><h1>Wszystkie Produkty Wellness<\/h1><\/a>\n\n","protected":false},"excerpt":{"rendered":"<p>MONATBalance\u2122 Nasza technologia kapsu\u0142ek pozwala pomie\u015bci\u0107 a\u017c 5 miliard\u00f3w aktywnych bakterii kwasu mlekowego z 12 r\u00f3\u017cnych szczep\u00f3w, kt\u00f3re wspomagaj\u0105 prawid\u0142owe trawienie oraz utrzymanie w\u0142a\u015bciwej kondycji sk\u00f3ry, w\u0142os\u00f3w i paznokci. * 30 Kapsu\u0142ek Klient VIP 280 z\u0142 Cena Detaliczna 330 z\u0142 By dowiedzie\u0107 si\u0119 wi\u0119cej o MONAT Balance\u2122 skontaktuj si\u0119 z Twoim Market Partnerem. KUP TERAZ&hellip;<\/p>\n","protected":false},"author":31,"featured_media":62270,"parent":0,"menu_order":0,"comment_status":"closed","ping_status":"closed","template":"","meta":{"inline_featured_image":false,"om_disable_all_campaigns":false,"_monsterinsights_skip_tracking":false,"_monsterinsights_sitenote_active":false,"_monsterinsights_sitenote_note":"","_monsterinsights_sitenote_category":0,"footnotes":""},"categories":[],"tags":[],"class_list":["post-62264","page","type-page","status-publish","has-post-thumbnail","hentry"],"aioseo_notices":[],"aioseo_head":"\n\t\t<!-- All in One SEO Pro 4.9.6 - aioseo.com -->\n\t<meta name=\"description\" content=\"MONATBalance\u2122 Nasza technologia kapsu\u0142ek pozwala pomie\u015bci\u0107 a\u017c 5 miliard\u00f3w aktywnych bakterii kwasu mlekowego z 12 r\u00f3\u017cnych szczep\u00f3w, kt\u00f3re wspomagaj\u0105 prawid\u0142owe trawienie oraz utrzymanie w\u0142a\u015bciwej kondycji sk\u00f3ry, w\u0142os\u00f3w i paznokci. * 30 Kapsu\u0142ek Klient VIP 280 z\u0142 Cena Detaliczna 330 z\u0142 By dowiedzie\u0107 si\u0119 wi\u0119cej o MONAT Balance\u2122 skontaktuj si\u0119 z Twoim Market Partnerem. KUP TERAZ\" \/>\n\t<meta name=\"robots\" content=\"max-image-preview:large\" \/>\n\t<link rel=\"canonical\" href=\"https:\/\/monatglobal.com\/pl\/balance\/\" \/>\n\t<meta name=\"generator\" content=\"All in One SEO Pro (AIOSEO) 4.9.6\" \/>\n\t\t<meta property=\"og:locale\" content=\"pl_PL\" \/>\n\t\t<meta property=\"og:site_name\" content=\"MONAT POLAND - MONAT GLOBAL\" \/>\n\t\t<meta property=\"og:type\" content=\"article\" \/>\n\t\t<meta property=\"og:title\" content=\"MONAT Balance\u2122 - MONAT POLAND\" \/>\n\t\t<meta property=\"og:description\" content=\"MONATBalance\u2122 Nasza technologia kapsu\u0142ek pozwala pomie\u015bci\u0107 a\u017c 5 miliard\u00f3w aktywnych bakterii kwasu mlekowego z 12 r\u00f3\u017cnych szczep\u00f3w, kt\u00f3re wspomagaj\u0105 prawid\u0142owe trawienie oraz utrzymanie w\u0142a\u015bciwej kondycji sk\u00f3ry, w\u0142os\u00f3w i paznokci. * 30 Kapsu\u0142ek Klient VIP 280 z\u0142 Cena Detaliczna 330 z\u0142 By dowiedzie\u0107 si\u0119 wi\u0119cej o MONAT Balance\u2122 skontaktuj si\u0119 z Twoim Market Partnerem. KUP TERAZ\" \/>\n\t\t<meta property=\"og:url\" content=\"https:\/\/monatglobal.com\/pl\/balance\/\" \/>\n\t\t<meta property=\"article:published_time\" content=\"2021-07-16T16:07:44+00:00\" \/>\n\t\t<meta property=\"article:modified_time\" content=\"2023-07-26T17:48:07+00:00\" \/>\n\t\t<meta name=\"twitter:card\" content=\"summary_large_image\" \/>\n\t\t<meta name=\"twitter:title\" content=\"MONAT Balance\u2122 - MONAT POLAND\" \/>\n\t\t<meta name=\"twitter:description\" content=\"MONATBalance\u2122 Nasza technologia kapsu\u0142ek pozwala pomie\u015bci\u0107 a\u017c 5 miliard\u00f3w aktywnych bakterii kwasu mlekowego z 12 r\u00f3\u017cnych szczep\u00f3w, kt\u00f3re wspomagaj\u0105 prawid\u0142owe trawienie oraz utrzymanie w\u0142a\u015bciwej kondycji sk\u00f3ry, w\u0142os\u00f3w i paznokci. * 30 Kapsu\u0142ek Klient VIP 280 z\u0142 Cena Detaliczna 330 z\u0142 By dowiedzie\u0107 si\u0119 wi\u0119cej o MONAT Balance\u2122 skontaktuj si\u0119 z Twoim Market Partnerem. KUP TERAZ\" \/>\n\t\t<script type=\"application\/ld+json\" class=\"aioseo-schema\">\n\t\t\t{\"@context\":\"https:\\\/\\\/schema.org\",\"@graph\":[{\"@type\":\"BreadcrumbList\",\"@id\":\"https:\\\/\\\/monatglobal.com\\\/pl\\\/balance\\\/#breadcrumblist\",\"itemListElement\":[{\"@type\":\"ListItem\",\"@id\":\"https:\\\/\\\/monatglobal.com\\\/pl#listItem\",\"position\":1,\"name\":\"Home\",\"item\":\"https:\\\/\\\/monatglobal.com\\\/pl\",\"nextItem\":{\"@type\":\"ListItem\",\"@id\":\"https:\\\/\\\/monatglobal.com\\\/pl\\\/balance\\\/#listItem\",\"name\":\"MONAT Balance\\u2122\"}},{\"@type\":\"ListItem\",\"@id\":\"https:\\\/\\\/monatglobal.com\\\/pl\\\/balance\\\/#listItem\",\"position\":2,\"name\":\"MONAT Balance\\u2122\",\"previousItem\":{\"@type\":\"ListItem\",\"@id\":\"https:\\\/\\\/monatglobal.com\\\/pl#listItem\",\"name\":\"Home\"}}]},{\"@type\":\"Organization\",\"@id\":\"https:\\\/\\\/monatglobal.com\\\/pl\\\/#organization\",\"name\":\"MONAT POLAND\",\"description\":\"MONAT GLOBAL\",\"url\":\"https:\\\/\\\/monatglobal.com\\\/pl\\\/\"},{\"@type\":\"WebPage\",\"@id\":\"https:\\\/\\\/monatglobal.com\\\/pl\\\/balance\\\/#webpage\",\"url\":\"https:\\\/\\\/monatglobal.com\\\/pl\\\/balance\\\/\",\"name\":\"MONAT Balance\\u2122 - MONAT POLAND\",\"description\":\"MONATBalance\\u2122 Nasza technologia kapsu\\u0142ek pozwala pomie\\u015bci\\u0107 a\\u017c 5 miliard\\u00f3w aktywnych bakterii kwasu mlekowego z 12 r\\u00f3\\u017cnych szczep\\u00f3w, kt\\u00f3re wspomagaj\\u0105 prawid\\u0142owe trawienie oraz utrzymanie w\\u0142a\\u015bciwej kondycji sk\\u00f3ry, w\\u0142os\\u00f3w i paznokci. * 30 Kapsu\\u0142ek Klient VIP 280 z\\u0142 Cena Detaliczna 330 z\\u0142 By dowiedzie\\u0107 si\\u0119 wi\\u0119cej o MONAT Balance\\u2122 skontaktuj si\\u0119 z Twoim Market Partnerem. KUP TERAZ\",\"inLanguage\":\"pl-PL\",\"isPartOf\":{\"@id\":\"https:\\\/\\\/monatglobal.com\\\/pl\\\/#website\"},\"breadcrumb\":{\"@id\":\"https:\\\/\\\/monatglobal.com\\\/pl\\\/balance\\\/#breadcrumblist\"},\"image\":{\"@type\":\"ImageObject\",\"url\":\"https:\\\/\\\/monatglobal.com\\\/pl\\\/wp-content\\\/uploads\\\/sites\\\/9\\\/2021\\\/07\\\/Balance-eu-e-comm.png\",\"@id\":\"https:\\\/\\\/monatglobal.com\\\/pl\\\/balance\\\/#mainImage\",\"width\":438,\"height\":546},\"primaryImageOfPage\":{\"@id\":\"https:\\\/\\\/monatglobal.com\\\/pl\\\/balance\\\/#mainImage\"},\"datePublished\":\"2021-07-16T12:07:44+01:00\",\"dateModified\":\"2023-07-26T18:48:07+01:00\"},{\"@type\":\"WebSite\",\"@id\":\"https:\\\/\\\/monatglobal.com\\\/pl\\\/#website\",\"url\":\"https:\\\/\\\/monatglobal.com\\\/pl\\\/\",\"name\":\"MONAT POLAND\",\"description\":\"MONAT GLOBAL\",\"inLanguage\":\"pl-PL\",\"publisher\":{\"@id\":\"https:\\\/\\\/monatglobal.com\\\/pl\\\/#organization\"}}]}\n\t\t<\/script>\n\t\t<!-- All in One SEO Pro -->\r\n\t\t<title>MONAT Balance\u2122 - MONAT POLAND<\/title>\n\n","aioseo_head_json":{"title":"MONAT Balance\u2122 - MONAT POLAND","description":"MONATBalance\u2122 Nasza technologia kapsu\u0142ek pozwala pomie\u015bci\u0107 a\u017c 5 miliard\u00f3w aktywnych bakterii kwasu mlekowego z 12 r\u00f3\u017cnych szczep\u00f3w, kt\u00f3re wspomagaj\u0105 prawid\u0142owe trawienie oraz utrzymanie w\u0142a\u015bciwej kondycji sk\u00f3ry, w\u0142os\u00f3w i paznokci. * 30 Kapsu\u0142ek Klient VIP 280 z\u0142 Cena Detaliczna 330 z\u0142 By dowiedzie\u0107 si\u0119 wi\u0119cej o MONAT Balance\u2122 skontaktuj si\u0119 z Twoim Market Partnerem. KUP TERAZ","canonical_url":"https:\/\/monatglobal.com\/pl\/balance\/","robots":"max-image-preview:large","keywords":"","webmasterTools":{"miscellaneous":""},"schema":{"@context":"https:\/\/schema.org","@graph":[{"@type":"BreadcrumbList","@id":"https:\/\/monatglobal.com\/pl\/balance\/#breadcrumblist","itemListElement":[{"@type":"ListItem","@id":"https:\/\/monatglobal.com\/pl#listItem","position":1,"name":"Home","item":"https:\/\/monatglobal.com\/pl","nextItem":{"@type":"ListItem","@id":"https:\/\/monatglobal.com\/pl\/balance\/#listItem","name":"MONAT Balance\u2122"}},{"@type":"ListItem","@id":"https:\/\/monatglobal.com\/pl\/balance\/#listItem","position":2,"name":"MONAT Balance\u2122","previousItem":{"@type":"ListItem","@id":"https:\/\/monatglobal.com\/pl#listItem","name":"Home"}}]},{"@type":"Organization","@id":"https:\/\/monatglobal.com\/pl\/#organization","name":"MONAT POLAND","description":"MONAT GLOBAL","url":"https:\/\/monatglobal.com\/pl\/"},{"@type":"WebPage","@id":"https:\/\/monatglobal.com\/pl\/balance\/#webpage","url":"https:\/\/monatglobal.com\/pl\/balance\/","name":"MONAT Balance\u2122 - MONAT POLAND","description":"MONATBalance\u2122 Nasza technologia kapsu\u0142ek pozwala pomie\u015bci\u0107 a\u017c 5 miliard\u00f3w aktywnych bakterii kwasu mlekowego z 12 r\u00f3\u017cnych szczep\u00f3w, kt\u00f3re wspomagaj\u0105 prawid\u0142owe trawienie oraz utrzymanie w\u0142a\u015bciwej kondycji sk\u00f3ry, w\u0142os\u00f3w i paznokci. * 30 Kapsu\u0142ek Klient VIP 280 z\u0142 Cena Detaliczna 330 z\u0142 By dowiedzie\u0107 si\u0119 wi\u0119cej o MONAT Balance\u2122 skontaktuj si\u0119 z Twoim Market Partnerem. KUP TERAZ","inLanguage":"pl-PL","isPartOf":{"@id":"https:\/\/monatglobal.com\/pl\/#website"},"breadcrumb":{"@id":"https:\/\/monatglobal.com\/pl\/balance\/#breadcrumblist"},"image":{"@type":"ImageObject","url":"https:\/\/monatglobal.com\/pl\/wp-content\/uploads\/sites\/9\/2021\/07\/Balance-eu-e-comm.png","@id":"https:\/\/monatglobal.com\/pl\/balance\/#mainImage","width":438,"height":546},"primaryImageOfPage":{"@id":"https:\/\/monatglobal.com\/pl\/balance\/#mainImage"},"datePublished":"2021-07-16T12:07:44+01:00","dateModified":"2023-07-26T18:48:07+01:00"},{"@type":"WebSite","@id":"https:\/\/monatglobal.com\/pl\/#website","url":"https:\/\/monatglobal.com\/pl\/","name":"MONAT POLAND","description":"MONAT GLOBAL","inLanguage":"pl-PL","publisher":{"@id":"https:\/\/monatglobal.com\/pl\/#organization"}}]},"og:locale":"pl_PL","og:site_name":"MONAT POLAND - MONAT GLOBAL","og:type":"article","og:title":"MONAT Balance\u2122 - MONAT POLAND","og:description":"MONATBalance\u2122 Nasza technologia kapsu\u0142ek pozwala pomie\u015bci\u0107 a\u017c 5 miliard\u00f3w aktywnych bakterii kwasu mlekowego z 12 r\u00f3\u017cnych szczep\u00f3w, kt\u00f3re wspomagaj\u0105 prawid\u0142owe trawienie oraz utrzymanie w\u0142a\u015bciwej kondycji sk\u00f3ry, w\u0142os\u00f3w i paznokci. * 30 Kapsu\u0142ek Klient VIP 280 z\u0142 Cena Detaliczna 330 z\u0142 By dowiedzie\u0107 si\u0119 wi\u0119cej o MONAT Balance\u2122 skontaktuj si\u0119 z Twoim Market Partnerem. KUP TERAZ","og:url":"https:\/\/monatglobal.com\/pl\/balance\/","article:published_time":"2021-07-16T16:07:44+00:00","article:modified_time":"2023-07-26T17:48:07+00:00","twitter:card":"summary_large_image","twitter:title":"MONAT Balance\u2122 - MONAT POLAND","twitter:description":"MONATBalance\u2122 Nasza technologia kapsu\u0142ek pozwala pomie\u015bci\u0107 a\u017c 5 miliard\u00f3w aktywnych bakterii kwasu mlekowego z 12 r\u00f3\u017cnych szczep\u00f3w, kt\u00f3re wspomagaj\u0105 prawid\u0142owe trawienie oraz utrzymanie w\u0142a\u015bciwej kondycji sk\u00f3ry, w\u0142os\u00f3w i paznokci. * 30 Kapsu\u0142ek Klient VIP 280 z\u0142 Cena Detaliczna 330 z\u0142 By dowiedzie\u0107 si\u0119 wi\u0119cej o MONAT Balance\u2122 skontaktuj si\u0119 z Twoim Market Partnerem. KUP TERAZ"},"aioseo_meta_data":{"post_id":"62264","title":null,"description":null,"keywords":null,"keyphrases":null,"primary_term":null,"canonical_url":null,"og_title":null,"og_description":null,"og_object_type":"default","og_image_type":"default","og_image_url":null,"og_image_width":null,"og_image_height":null,"og_image_custom_url":null,"og_image_custom_fields":null,"og_video":null,"og_custom_url":null,"og_article_section":null,"og_article_tags":null,"twitter_use_og":false,"twitter_card":"default","twitter_image_type":"default","twitter_image_url":null,"twitter_image_custom_url":null,"twitter_image_custom_fields":null,"twitter_title":null,"twitter_description":null,"schema":{"blockGraphs":[],"customGraphs":[],"default":{"data":{"Article":[],"Course":[],"Dataset":[],"FAQPage":[],"Movie":[],"Person":[],"Product":[],"ProductReview":[],"Car":[],"Recipe":[],"Service":[],"SoftwareApplication":[],"WebPage":[]},"graphName":"","isEnabled":true},"graphs":[]},"schema_type":"default","schema_type_options":null,"pillar_content":false,"robots_default":true,"robots_noindex":false,"robots_noarchive":false,"robots_nosnippet":false,"robots_nofollow":false,"robots_noimageindex":false,"robots_noodp":false,"robots_notranslate":false,"robots_max_snippet":null,"robots_max_videopreview":null,"robots_max_imagepreview":"large","priority":null,"frequency":null,"local_seo":null,"seo_analyzer_scan_date":"2025-08-15 04:50:36","limit_modified_date":false,"reviewed_by":null,"open_ai":null,"ai":null,"created":"2023-07-26 09:50:28","updated":"2026-02-10 04:59:50"},"aioseo_breadcrumb":"<div class=\"aioseo-breadcrumbs\"><span class=\"aioseo-breadcrumb\">\n\t<a href=\"https:\/\/monatglobal.com\/pl\" title=\"Home\">Home<\/a>\n<\/span><span class=\"aioseo-breadcrumb-separator\">&raquo;<\/span><span class=\"aioseo-breadcrumb\">\n\tMONAT Balance\u2122\n<\/span><\/div>","aioseo_breadcrumb_json":[{"label":"Home","link":"https:\/\/monatglobal.com\/pl"},{"label":"MONAT Balance\u2122","link":"https:\/\/monatglobal.com\/pl\/balance\/"}],"_links":{"self":[{"href":"https:\/\/monatglobal.com\/pl\/wp-json\/wp\/v2\/pages\/62264","targetHints":{"allow":["GET"]}}],"collection":[{"href":"https:\/\/monatglobal.com\/pl\/wp-json\/wp\/v2\/pages"}],"about":[{"href":"https:\/\/monatglobal.com\/pl\/wp-json\/wp\/v2\/types\/page"}],"author":[{"embeddable":true,"href":"https:\/\/monatglobal.com\/pl\/wp-json\/wp\/v2\/users\/31"}],"replies":[{"embeddable":true,"href":"https:\/\/monatglobal.com\/pl\/wp-json\/wp\/v2\/comments?post=62264"}],"version-history":[{"count":9,"href":"https:\/\/monatglobal.com\/pl\/wp-json\/wp\/v2\/pages\/62264\/revisions"}],"predecessor-version":[{"id":73009,"href":"https:\/\/monatglobal.com\/pl\/wp-json\/wp\/v2\/pages\/62264\/revisions\/73009"}],"wp:featuredmedia":[{"embeddable":true,"href":"https:\/\/monatglobal.com\/pl\/wp-json\/wp\/v2\/media\/62270"}],"wp:attachment":[{"href":"https:\/\/monatglobal.com\/pl\/wp-json\/wp\/v2\/media?parent=62264"}],"wp:term":[{"taxonomy":"category","embeddable":true,"href":"https:\/\/monatglobal.com\/pl\/wp-json\/wp\/v2\/categories?post=62264"},{"taxonomy":"post_tag","embeddable":true,"href":"https:\/\/monatglobal.com\/pl\/wp-json\/wp\/v2\/tags?post=62264"}],"curies":[{"name":"wp","href":"https:\/\/api.w.org\/{rel}","templated":true}]}}