{"id":61503,"date":"2021-06-01T11:57:10","date_gmt":"2021-06-01T15:57:10","guid":{"rendered":"https:\/\/monatglobal.com\/pl\/?page_id=61503"},"modified":"2023-01-04T21:02:03","modified_gmt":"2023-01-04T21:02:03","slug":"the-science-of-monat","status":"publish","type":"page","link":"https:\/\/monatglobal.com\/pl\/the-science-of-monat\/","title":{"rendered":"\u015awiat nauki w MONAT"},"content":{"rendered":"\n\n        <h1>\u015awiat nauki w <br \/>MONAT<\/h1>\n        <h2>Produkty MONAT s\u0105 na bazie naturalnych sk\u0142adnik\u00f3w. Wiele firm docenia i&nbsp;wykorzystuje si\u0142\u0119 olejk\u00f3w ro\u015blinnych, wi\u0119c czym wyr\u00f3\u017cnia si\u0119&nbsp;MONAT?<\/h2>\n        Odpowied\u017a le\u017cy w&nbsp;naszych bogatych formu\u0142ach na bazie naturalnych sk\u0142adnik\u00f3w, kt\u00f3re dzia\u0142aj\u0105 ze sob\u0105 w&nbsp;harmonii i&nbsp;uzupe\u0142niaj\u0105 \n        si\u0119, dzi\u0119ki czemu ich naturalne w\u0142a\u015bciwo\u015bci s\u0105 wzmocnione i&nbsp;wynosz\u0105 produkty MONAT na wy\u017cszy poziom. Poni\u017cej mo\u017cesz dowiedzie\u0107 \n        si\u0119 troch\u0119 wi\u0119cej na temat sk\u0142adnik\u00f3w MONAT i&nbsp;ich dzia\u0142ania.\n              <p>Olejek REJUVENIQE\u2122<\/p>\n              Po\u0142\u0105czenie ponad 13 naturalnych olejk\u00f3w ro\u015blinnych i&nbsp;eterycznych bogatych w&nbsp;kwasy t\u0142uszczowe omega, antyoksydanty \n              i&nbsp;sk\u0142adniki od\u017cywcze przyjazne dla sk\u00f3ry i&nbsp;w\u0142os\u00f3w.\n              <p>CAPIXYL\u2122<\/p>\n              <p>Wyj\u0105tkowa mieszanka sk\u0142adnik\u00f3w aktywnych, kt\u00f3ra wzmacnia, zwi\u0119ksza obj\u0119to\u015b\u0107 oraz wspomaga naturalny porost&nbsp;w\u0142os\u00f3w.<\/p>\n              <p>PROCATALINE\u2122<\/p>\n              Ta wzbogacona o ekstrakt z&nbsp;grochu, zaawansowana technologicznie mieszanka pozwala uzyska\u0107 zdrowo i&nbsp;m\u0142odo \n              wygl\u0105daj\u0105ce w\u0142osy oraz zapewnia ochron\u0119 przed czynnikami&nbsp;\u015brodowiskowymi.\n              <p>CRODASORB\u2122<\/p>\n              <p>Sk\u0142adnik o pot\u0119\u017cnej sile dzia\u0142ania, kt\u00f3ry pozwala zachowa\u0107 naturaln\u0105 pigmentacj\u0119 oraz chroni i&nbsp;wzmacnia w\u0142\u00f3kna&nbsp;w\u0142os\u00f3w.<\/p>\n            <p>W MONAT<\/p>\n            <h2>Jeste\u015bmy zobowi\u0105zani do zapewniania najwy\u017cszej jako\u015bci produkt\u00f3w.<\/h2>\n            <!--W MONAT, u\u017cywamy wy\u0142\u0105cznie bezpiecznych i&nbsp;skutecznych sk\u0142adnik\u00f3w oraz materia\u0142\u00f3w, kt\u00f3r\u0119 \u0142\u0105cz\u0105 w sobie to, co najlepsze -->\n            <!--z&nbsp;natury i&nbsp;nowoczesniej technologii. Nasze formu\u0142y na bazie naturalnych sk\u0142adnik\u00f3w zosta\u0142y przetestowane, aby zapewni\u0107 Ci&nbsp;bezpiecze\u0144stwo.-->\n            <p>W MONAT, u\u017cywamy wy\u0142\u0105cznie skutecznych sk\u0142adnik\u00f3w oraz materia\u0142\u00f3w, kt\u00f3r\u0119 \u0142\u0105cz\u0105 w sobie to, co najlepsze z natury i nowoczesniej technologii.<\/p>\n        <!---->\n        <!--    <p>Tak!Stosujemy wy\u0142\u0105cznie bezpieczne i&nbsp;przebadane klinicznie&nbsp;sk\u0142adniki.<\/p>-->\n        <!--    Wszystkie formu\u0142y MONAT zosta\u0142y przebadane klinicznie pod k\u0105tem ich bezpiecze\u0144stwa w&nbsp;niezale\u017cnych -->\n        <!--    laboratoriach, aby mie\u0107 pewno\u015b\u0107, \u017ce nie b\u0119d\u0105 powodowa\u0142y podra\u017cnie\u0144. Sk\u0142ady naszych produkt\u00f3w s\u0105 zgodne z&nbsp;najwy\u017cszymi -->\n        <!--    standardami w&nbsp;Stanach Zjednoczonych, Kanadzie i&nbsp;Europie.-->\n        <!--    Naszym priorytetem jest u\u017cywanie wy\u0142\u0105cznie bezpiecznych sk\u0142adnik\u00f3w, kt\u00f3re zosta\u0142y zatwierdzone przez -->\n        <!--    wiarygodne organizacje zewn\u0119trzne, takie jak Ameryka\u0144ski Panel Ekspert\u00f3w ds. Oceny Sk\u0142adnik\u00f3w Kosmetycznych (CIR) oraz Europejski -->\n        <!--    Komitet Naukowy ds. Bezpiecze\u0144stwa Konsument\u00f3w&nbsp;(SCCS).-->\n        <!--    Dodatkowo, wszystkie formu\u0142y MONAT zawieraj\u0105 sk\u0142adniki zatwierdzone przez Ameryka\u0144sk\u0105 Agencj\u0119 \u017bywno\u015bci -->\n        <!--    i&nbsp;Lek\u00f3w (FDA), Kanadyjsk\u0105 Agencj\u0119 Health Canada oraz najbardziej restrykcyjn\u0105 Komisj\u0119 Europejsk\u0105 i&nbsp;uznane przez te organizacje -->\n        <!--    jako \"bezpieczne do stosowania jako produkty&nbsp;kosmetyczne\".-->\n        <!--    <p>Tak!Stosujemy bezpieczne&nbsp;barwniki.<\/p>-->\n        <!--    U\u017cywamy bezpiecznych barwnik\u00f3w zatwierdzonych przez Ameryka\u0144sk\u0105 Agencj\u0119 \u017bywno\u015bci i&nbsp;Lek\u00f3w -->\n        <!--    (FDA), Kanadyjsk\u0105 Agencj\u0119 Health Canada oraz Komisj\u0119&nbsp;Uni Europejskiej.-->\n        <!---->\n        <!---->\n        <!--    <p>Tak!Stosujemy bezpieczne substancje&nbsp;zapachowe.<\/p>-->\n        <!--    Stosujemy substancje zapachowe, kt\u00f3re zosta\u0142y uznane jako bezpieczne przez Instytut Badania -->\n        <!--    Substancji Zapachowych (RIFM) oraz Mi\u0119dzynarodowe Stowarzyszenie ds. Substancji Zapachowych&nbsp;(IFRA).-->\n        <!--    RIFM oraz IFRA to instytucje naukowe, kt\u00f3re potwierdzaj\u0105 bezpiecze\u0144stwo substancji zapachowych -->\n        <!--    w&nbsp;produktach kosmetycznych na ca\u0142ym&nbsp;\u015bwiecie.-->\n        <!--    <p>Tak!Oferujemy rozwi\u0105zania wega\u0144skie i&nbsp;jeste\u015bmy przyja\u017ani&nbsp;zwierz\u0119tom.<\/p>-->\n        <!--    <p>Nie stosujemy sk\u0142adnik\u00f3w pochodzenia zwierz\u0119cego i&nbsp;nie testujemy na&nbsp;zwi\u0119rz\u0119tach.<\/p>-->\n        <!--    <p>Tak!Jeste\u015bmy firm\u0105:<\/p>-->\n        <!--    -->\n        <!---->\n    <h2>Tak!<br \/>We Are Modern&nbsp;Nature\u2122<\/h2>\n\n","protected":false},"excerpt":{"rendered":"<p>\u015awiat nauki w MONAT Produkty MONAT s\u0105 na bazie naturalnych sk\u0142adnik\u00f3w. Wiele firm docenia i&nbsp;wykorzystuje si\u0142\u0119 olejk\u00f3w ro\u015blinnych, wi\u0119c czym wyr\u00f3\u017cnia si\u0119&nbsp;MONAT? Odpowied\u017a le\u017cy w&nbsp;naszych bogatych formu\u0142ach na bazie naturalnych sk\u0142adnik\u00f3w, kt\u00f3re dzia\u0142aj\u0105 ze sob\u0105 w&nbsp;harmonii i&nbsp;uzupe\u0142niaj\u0105 si\u0119, dzi\u0119ki czemu ich naturalne w\u0142a\u015bciwo\u015bci s\u0105 wzmocnione i&nbsp;wynosz\u0105 produkty MONAT na wy\u017cszy poziom. Poni\u017cej mo\u017cesz dowiedzie\u0107 si\u0119&hellip;<\/p>\n","protected":false},"author":31,"featured_media":66819,"parent":0,"menu_order":0,"comment_status":"closed","ping_status":"closed","template":"","meta":{"inline_featured_image":false,"om_disable_all_campaigns":false,"_monsterinsights_skip_tracking":false,"_monsterinsights_sitenote_active":false,"_monsterinsights_sitenote_note":"","_monsterinsights_sitenote_category":0,"footnotes":""},"categories":[],"tags":[],"class_list":["post-61503","page","type-page","status-publish","has-post-thumbnail","hentry"],"aioseo_notices":[],"aioseo_head":"\n\t\t<!-- All in One SEO Pro 4.9.6 - aioseo.com -->\n\t<meta name=\"description\" content=\"\u015awiat nauki w MONAT Produkty MONAT s\u0105 na bazie naturalnych sk\u0142adnik\u00f3w. Wiele firm docenia i wykorzystuje si\u0142\u0119 olejk\u00f3w ro\u015blinnych, wi\u0119c czym wyr\u00f3\u017cnia si\u0119 MONAT? Odpowied\u017a le\u017cy w naszych bogatych formu\u0142ach na bazie naturalnych sk\u0142adnik\u00f3w, kt\u00f3re dzia\u0142aj\u0105 ze sob\u0105 w harmonii i uzupe\u0142niaj\u0105 si\u0119, dzi\u0119ki czemu ich naturalne w\u0142a\u015bciwo\u015bci s\u0105 wzmocnione i wynosz\u0105 produkty MONAT na wy\u017cszy poziom. Poni\u017cej mo\u017cesz dowiedzie\u0107 si\u0119\" \/>\n\t<meta name=\"robots\" content=\"max-image-preview:large\" \/>\n\t<link rel=\"canonical\" href=\"https:\/\/monatglobal.com\/pl\/the-science-of-monat\/\" \/>\n\t<meta name=\"generator\" content=\"All in One SEO Pro (AIOSEO) 4.9.6\" \/>\n\t\t<meta property=\"og:locale\" content=\"pl_PL\" \/>\n\t\t<meta property=\"og:site_name\" content=\"MONAT POLAND - MONAT GLOBAL\" \/>\n\t\t<meta property=\"og:type\" content=\"article\" \/>\n\t\t<meta property=\"og:title\" content=\"\u015awiat nauki w MONAT - MONAT POLAND\" \/>\n\t\t<meta property=\"og:description\" content=\"\u015awiat nauki w MONAT Produkty MONAT s\u0105 na bazie naturalnych sk\u0142adnik\u00f3w. Wiele firm docenia i wykorzystuje si\u0142\u0119 olejk\u00f3w ro\u015blinnych, wi\u0119c czym wyr\u00f3\u017cnia si\u0119 MONAT? Odpowied\u017a le\u017cy w naszych bogatych formu\u0142ach na bazie naturalnych sk\u0142adnik\u00f3w, kt\u00f3re dzia\u0142aj\u0105 ze sob\u0105 w harmonii i uzupe\u0142niaj\u0105 si\u0119, dzi\u0119ki czemu ich naturalne w\u0142a\u015bciwo\u015bci s\u0105 wzmocnione i wynosz\u0105 produkty MONAT na wy\u017cszy poziom. Poni\u017cej mo\u017cesz dowiedzie\u0107 si\u0119\" \/>\n\t\t<meta property=\"og:url\" content=\"https:\/\/monatglobal.com\/pl\/the-science-of-monat\/\" \/>\n\t\t<meta property=\"article:published_time\" content=\"2021-06-01T15:57:10+00:00\" \/>\n\t\t<meta property=\"article:modified_time\" content=\"2023-01-04T21:02:03+00:00\" \/>\n\t\t<meta name=\"twitter:card\" content=\"summary_large_image\" \/>\n\t\t<meta name=\"twitter:title\" content=\"\u015awiat nauki w MONAT - MONAT POLAND\" \/>\n\t\t<meta name=\"twitter:description\" content=\"\u015awiat nauki w MONAT Produkty MONAT s\u0105 na bazie naturalnych sk\u0142adnik\u00f3w. Wiele firm docenia i wykorzystuje si\u0142\u0119 olejk\u00f3w ro\u015blinnych, wi\u0119c czym wyr\u00f3\u017cnia si\u0119 MONAT? Odpowied\u017a le\u017cy w naszych bogatych formu\u0142ach na bazie naturalnych sk\u0142adnik\u00f3w, kt\u00f3re dzia\u0142aj\u0105 ze sob\u0105 w harmonii i uzupe\u0142niaj\u0105 si\u0119, dzi\u0119ki czemu ich naturalne w\u0142a\u015bciwo\u015bci s\u0105 wzmocnione i wynosz\u0105 produkty MONAT na wy\u017cszy poziom. Poni\u017cej mo\u017cesz dowiedzie\u0107 si\u0119\" \/>\n\t\t<script type=\"application\/ld+json\" class=\"aioseo-schema\">\n\t\t\t{\"@context\":\"https:\\\/\\\/schema.org\",\"@graph\":[{\"@type\":\"BreadcrumbList\",\"@id\":\"https:\\\/\\\/monatglobal.com\\\/pl\\\/the-science-of-monat\\\/#breadcrumblist\",\"itemListElement\":[{\"@type\":\"ListItem\",\"@id\":\"https:\\\/\\\/monatglobal.com\\\/pl#listItem\",\"position\":1,\"name\":\"Home\",\"item\":\"https:\\\/\\\/monatglobal.com\\\/pl\",\"nextItem\":{\"@type\":\"ListItem\",\"@id\":\"https:\\\/\\\/monatglobal.com\\\/pl\\\/the-science-of-monat\\\/#listItem\",\"name\":\"\\u015awiat nauki w MONAT\"}},{\"@type\":\"ListItem\",\"@id\":\"https:\\\/\\\/monatglobal.com\\\/pl\\\/the-science-of-monat\\\/#listItem\",\"position\":2,\"name\":\"\\u015awiat nauki w MONAT\",\"previousItem\":{\"@type\":\"ListItem\",\"@id\":\"https:\\\/\\\/monatglobal.com\\\/pl#listItem\",\"name\":\"Home\"}}]},{\"@type\":\"Organization\",\"@id\":\"https:\\\/\\\/monatglobal.com\\\/pl\\\/#organization\",\"name\":\"MONAT POLAND\",\"description\":\"MONAT GLOBAL\",\"url\":\"https:\\\/\\\/monatglobal.com\\\/pl\\\/\"},{\"@type\":\"WebPage\",\"@id\":\"https:\\\/\\\/monatglobal.com\\\/pl\\\/the-science-of-monat\\\/#webpage\",\"url\":\"https:\\\/\\\/monatglobal.com\\\/pl\\\/the-science-of-monat\\\/\",\"name\":\"\\u015awiat nauki w MONAT - MONAT POLAND\",\"description\":\"\\u015awiat nauki w MONAT Produkty MONAT s\\u0105 na bazie naturalnych sk\\u0142adnik\\u00f3w. Wiele firm docenia i wykorzystuje si\\u0142\\u0119 olejk\\u00f3w ro\\u015blinnych, wi\\u0119c czym wyr\\u00f3\\u017cnia si\\u0119 MONAT? Odpowied\\u017a le\\u017cy w naszych bogatych formu\\u0142ach na bazie naturalnych sk\\u0142adnik\\u00f3w, kt\\u00f3re dzia\\u0142aj\\u0105 ze sob\\u0105 w harmonii i uzupe\\u0142niaj\\u0105 si\\u0119, dzi\\u0119ki czemu ich naturalne w\\u0142a\\u015bciwo\\u015bci s\\u0105 wzmocnione i wynosz\\u0105 produkty MONAT na wy\\u017cszy poziom. Poni\\u017cej mo\\u017cesz dowiedzie\\u0107 si\\u0119\",\"inLanguage\":\"pl-PL\",\"isPartOf\":{\"@id\":\"https:\\\/\\\/monatglobal.com\\\/pl\\\/#website\"},\"breadcrumb\":{\"@id\":\"https:\\\/\\\/monatglobal.com\\\/pl\\\/the-science-of-monat\\\/#breadcrumblist\"},\"image\":{\"@type\":\"ImageObject\",\"url\":\"https:\\\/\\\/monatglobal.com\\\/pl\\\/wp-content\\\/uploads\\\/sites\\\/9\\\/2021\\\/12\\\/Screenshot-2021-12-08-174818.png\",\"@id\":\"https:\\\/\\\/monatglobal.com\\\/pl\\\/the-science-of-monat\\\/#mainImage\",\"width\":502,\"height\":405},\"primaryImageOfPage\":{\"@id\":\"https:\\\/\\\/monatglobal.com\\\/pl\\\/the-science-of-monat\\\/#mainImage\"},\"datePublished\":\"2021-06-01T11:57:10+01:00\",\"dateModified\":\"2023-01-04T21:02:03+00:00\"},{\"@type\":\"WebSite\",\"@id\":\"https:\\\/\\\/monatglobal.com\\\/pl\\\/#website\",\"url\":\"https:\\\/\\\/monatglobal.com\\\/pl\\\/\",\"name\":\"MONAT POLAND\",\"description\":\"MONAT GLOBAL\",\"inLanguage\":\"pl-PL\",\"publisher\":{\"@id\":\"https:\\\/\\\/monatglobal.com\\\/pl\\\/#organization\"}}]}\n\t\t<\/script>\n\t\t<!-- All in One SEO Pro -->\r\n\t\t<title>\u015awiat nauki w MONAT - MONAT POLAND<\/title>\n\n","aioseo_head_json":{"title":"\u015awiat nauki w MONAT - MONAT POLAND","description":"\u015awiat nauki w MONAT Produkty MONAT s\u0105 na bazie naturalnych sk\u0142adnik\u00f3w. Wiele firm docenia i wykorzystuje si\u0142\u0119 olejk\u00f3w ro\u015blinnych, wi\u0119c czym wyr\u00f3\u017cnia si\u0119 MONAT? Odpowied\u017a le\u017cy w naszych bogatych formu\u0142ach na bazie naturalnych sk\u0142adnik\u00f3w, kt\u00f3re dzia\u0142aj\u0105 ze sob\u0105 w harmonii i uzupe\u0142niaj\u0105 si\u0119, dzi\u0119ki czemu ich naturalne w\u0142a\u015bciwo\u015bci s\u0105 wzmocnione i wynosz\u0105 produkty MONAT na wy\u017cszy poziom. Poni\u017cej mo\u017cesz dowiedzie\u0107 si\u0119","canonical_url":"https:\/\/monatglobal.com\/pl\/the-science-of-monat\/","robots":"max-image-preview:large","keywords":"","webmasterTools":{"miscellaneous":""},"schema":{"@context":"https:\/\/schema.org","@graph":[{"@type":"BreadcrumbList","@id":"https:\/\/monatglobal.com\/pl\/the-science-of-monat\/#breadcrumblist","itemListElement":[{"@type":"ListItem","@id":"https:\/\/monatglobal.com\/pl#listItem","position":1,"name":"Home","item":"https:\/\/monatglobal.com\/pl","nextItem":{"@type":"ListItem","@id":"https:\/\/monatglobal.com\/pl\/the-science-of-monat\/#listItem","name":"\u015awiat nauki w MONAT"}},{"@type":"ListItem","@id":"https:\/\/monatglobal.com\/pl\/the-science-of-monat\/#listItem","position":2,"name":"\u015awiat nauki w MONAT","previousItem":{"@type":"ListItem","@id":"https:\/\/monatglobal.com\/pl#listItem","name":"Home"}}]},{"@type":"Organization","@id":"https:\/\/monatglobal.com\/pl\/#organization","name":"MONAT POLAND","description":"MONAT GLOBAL","url":"https:\/\/monatglobal.com\/pl\/"},{"@type":"WebPage","@id":"https:\/\/monatglobal.com\/pl\/the-science-of-monat\/#webpage","url":"https:\/\/monatglobal.com\/pl\/the-science-of-monat\/","name":"\u015awiat nauki w MONAT - MONAT POLAND","description":"\u015awiat nauki w MONAT Produkty MONAT s\u0105 na bazie naturalnych sk\u0142adnik\u00f3w. Wiele firm docenia i wykorzystuje si\u0142\u0119 olejk\u00f3w ro\u015blinnych, wi\u0119c czym wyr\u00f3\u017cnia si\u0119 MONAT? Odpowied\u017a le\u017cy w naszych bogatych formu\u0142ach na bazie naturalnych sk\u0142adnik\u00f3w, kt\u00f3re dzia\u0142aj\u0105 ze sob\u0105 w harmonii i uzupe\u0142niaj\u0105 si\u0119, dzi\u0119ki czemu ich naturalne w\u0142a\u015bciwo\u015bci s\u0105 wzmocnione i wynosz\u0105 produkty MONAT na wy\u017cszy poziom. Poni\u017cej mo\u017cesz dowiedzie\u0107 si\u0119","inLanguage":"pl-PL","isPartOf":{"@id":"https:\/\/monatglobal.com\/pl\/#website"},"breadcrumb":{"@id":"https:\/\/monatglobal.com\/pl\/the-science-of-monat\/#breadcrumblist"},"image":{"@type":"ImageObject","url":"https:\/\/monatglobal.com\/pl\/wp-content\/uploads\/sites\/9\/2021\/12\/Screenshot-2021-12-08-174818.png","@id":"https:\/\/monatglobal.com\/pl\/the-science-of-monat\/#mainImage","width":502,"height":405},"primaryImageOfPage":{"@id":"https:\/\/monatglobal.com\/pl\/the-science-of-monat\/#mainImage"},"datePublished":"2021-06-01T11:57:10+01:00","dateModified":"2023-01-04T21:02:03+00:00"},{"@type":"WebSite","@id":"https:\/\/monatglobal.com\/pl\/#website","url":"https:\/\/monatglobal.com\/pl\/","name":"MONAT POLAND","description":"MONAT GLOBAL","inLanguage":"pl-PL","publisher":{"@id":"https:\/\/monatglobal.com\/pl\/#organization"}}]},"og:locale":"pl_PL","og:site_name":"MONAT POLAND - MONAT GLOBAL","og:type":"article","og:title":"\u015awiat nauki w MONAT - MONAT POLAND","og:description":"\u015awiat nauki w MONAT Produkty MONAT s\u0105 na bazie naturalnych sk\u0142adnik\u00f3w. Wiele firm docenia i wykorzystuje si\u0142\u0119 olejk\u00f3w ro\u015blinnych, wi\u0119c czym wyr\u00f3\u017cnia si\u0119 MONAT? Odpowied\u017a le\u017cy w naszych bogatych formu\u0142ach na bazie naturalnych sk\u0142adnik\u00f3w, kt\u00f3re dzia\u0142aj\u0105 ze sob\u0105 w harmonii i uzupe\u0142niaj\u0105 si\u0119, dzi\u0119ki czemu ich naturalne w\u0142a\u015bciwo\u015bci s\u0105 wzmocnione i wynosz\u0105 produkty MONAT na wy\u017cszy poziom. Poni\u017cej mo\u017cesz dowiedzie\u0107 si\u0119","og:url":"https:\/\/monatglobal.com\/pl\/the-science-of-monat\/","article:published_time":"2021-06-01T15:57:10+00:00","article:modified_time":"2023-01-04T21:02:03+00:00","twitter:card":"summary_large_image","twitter:title":"\u015awiat nauki w MONAT - MONAT POLAND","twitter:description":"\u015awiat nauki w MONAT Produkty MONAT s\u0105 na bazie naturalnych sk\u0142adnik\u00f3w. Wiele firm docenia i wykorzystuje si\u0142\u0119 olejk\u00f3w ro\u015blinnych, wi\u0119c czym wyr\u00f3\u017cnia si\u0119 MONAT? Odpowied\u017a le\u017cy w naszych bogatych formu\u0142ach na bazie naturalnych sk\u0142adnik\u00f3w, kt\u00f3re dzia\u0142aj\u0105 ze sob\u0105 w harmonii i uzupe\u0142niaj\u0105 si\u0119, dzi\u0119ki czemu ich naturalne w\u0142a\u015bciwo\u015bci s\u0105 wzmocnione i wynosz\u0105 produkty MONAT na wy\u017cszy poziom. Poni\u017cej mo\u017cesz dowiedzie\u0107 si\u0119"},"aioseo_meta_data":{"post_id":"61503","title":null,"description":null,"keywords":null,"keyphrases":null,"primary_term":null,"canonical_url":null,"og_title":null,"og_description":null,"og_object_type":"default","og_image_type":"default","og_image_url":null,"og_image_width":null,"og_image_height":null,"og_image_custom_url":null,"og_image_custom_fields":null,"og_video":null,"og_custom_url":null,"og_article_section":null,"og_article_tags":null,"twitter_use_og":false,"twitter_card":"default","twitter_image_type":"default","twitter_image_url":null,"twitter_image_custom_url":null,"twitter_image_custom_fields":null,"twitter_title":null,"twitter_description":null,"schema":{"blockGraphs":[],"customGraphs":[],"default":{"data":{"Article":[],"Course":[],"Dataset":[],"FAQPage":[],"Movie":[],"Person":[],"Product":[],"ProductReview":[],"Car":[],"Recipe":[],"Service":[],"SoftwareApplication":[],"WebPage":[]},"graphName":"","isEnabled":true},"graphs":[]},"schema_type":"default","schema_type_options":null,"pillar_content":false,"robots_default":true,"robots_noindex":false,"robots_noarchive":false,"robots_nosnippet":false,"robots_nofollow":false,"robots_noimageindex":false,"robots_noodp":false,"robots_notranslate":false,"robots_max_snippet":null,"robots_max_videopreview":null,"robots_max_imagepreview":"large","priority":null,"frequency":null,"local_seo":null,"seo_analyzer_scan_date":"2025-08-15 04:49:09","limit_modified_date":false,"reviewed_by":null,"open_ai":null,"ai":null,"created":"2023-07-26 09:50:27","updated":"2026-02-10 05:04:18"},"aioseo_breadcrumb":"<div class=\"aioseo-breadcrumbs\"><span class=\"aioseo-breadcrumb\">\n\t<a href=\"https:\/\/monatglobal.com\/pl\" title=\"Home\">Home<\/a>\n<\/span><span class=\"aioseo-breadcrumb-separator\">&raquo;<\/span><span class=\"aioseo-breadcrumb\">\n\t\u015awiat nauki w MONAT\n<\/span><\/div>","aioseo_breadcrumb_json":[{"label":"Home","link":"https:\/\/monatglobal.com\/pl"},{"label":"\u015awiat nauki w MONAT","link":"https:\/\/monatglobal.com\/pl\/the-science-of-monat\/"}],"_links":{"self":[{"href":"https:\/\/monatglobal.com\/pl\/wp-json\/wp\/v2\/pages\/61503","targetHints":{"allow":["GET"]}}],"collection":[{"href":"https:\/\/monatglobal.com\/pl\/wp-json\/wp\/v2\/pages"}],"about":[{"href":"https:\/\/monatglobal.com\/pl\/wp-json\/wp\/v2\/types\/page"}],"author":[{"embeddable":true,"href":"https:\/\/monatglobal.com\/pl\/wp-json\/wp\/v2\/users\/31"}],"replies":[{"embeddable":true,"href":"https:\/\/monatglobal.com\/pl\/wp-json\/wp\/v2\/comments?post=61503"}],"version-history":[{"count":8,"href":"https:\/\/monatglobal.com\/pl\/wp-json\/wp\/v2\/pages\/61503\/revisions"}],"predecessor-version":[{"id":72169,"href":"https:\/\/monatglobal.com\/pl\/wp-json\/wp\/v2\/pages\/61503\/revisions\/72169"}],"wp:featuredmedia":[{"embeddable":true,"href":"https:\/\/monatglobal.com\/pl\/wp-json\/wp\/v2\/media\/66819"}],"wp:attachment":[{"href":"https:\/\/monatglobal.com\/pl\/wp-json\/wp\/v2\/media?parent=61503"}],"wp:term":[{"taxonomy":"category","embeddable":true,"href":"https:\/\/monatglobal.com\/pl\/wp-json\/wp\/v2\/categories?post=61503"},{"taxonomy":"post_tag","embeddable":true,"href":"https:\/\/monatglobal.com\/pl\/wp-json\/wp\/v2\/tags?post=61503"}],"curies":[{"name":"wp","href":"https:\/\/api.w.org\/{rel}","templated":true}]}}