{"id":61191,"date":"2021-05-19T17:57:21","date_gmt":"2021-05-19T21:57:21","guid":{"rendered":"https:\/\/monatglobal.com\/pl\/?page_id=61191"},"modified":"2024-12-26T20:42:23","modified_gmt":"2024-12-26T20:42:23","slug":"collagen-key","status":"publish","type":"page","link":"https:\/\/monatglobal.com\/pl\/collagen-key\/","title":{"rendered":"Collagen Key\u2122"},"content":{"rendered":"\n\n\t\t\t\t<img loading=\"lazy\" decoding=\"async\" src=\"https:\/\/monatglobal.com\/pl\/wp-content\/uploads\/sites\/9\/2024\/02\/collagen-key-EU-ecomm-2022.png\" alt=\"collagen-key-EU-ecomm-2022\" itemprop=\"image\" height=\"800\" width=\"641\" title=\"collagen-key-EU-ecomm-2022\" onerror=\"this.style.display='none'\"  \/>\n<h1>\nCollagen \n<br \/>Key\u2122<\/h1>\n\t<h3> Wega\u0144ski Kolagen Buduj\u0105cy Kompleks do piel\u0119gnacji w\u0142os\u00f3w, sk\u00f3ry oraz paznokci.*<\/h3>\n\t<p> 5.29 oz. (150 g) 30 dziennych porcji<\/p> \n      Klient VIP \n      <p> 281 z\u0142<\/p>\n       Cena Detaliczna\n       \n         330 z\u0142\n      \n\tBy dowiedzie\u0107 si\u0119 wi\u0119cej o Collagen Key\u2122 skontaktuj si\u0119 z Twoim Market Partnerem.\n\t* Niniejsze produkty nie s\u0105 przeznaczone do diagnozowania, leczenia ani zapobiegania \u017cadnym chorobom.\n\t\t\t<a href=\"https:\/\/corp.mymonat.com\/shop\/products\/collagen-key-6000002331-sold-out?taxon_id=30\" target=\"_blank\" role=\"button\" rel=\"noopener\">\n\t\t\t\t\t\t\tWYPRZEDANE\n\t\t\t\t\t<\/a>\n<h1>Pomaga wspiera\u0107 naturaln\u0105 produkcj\u0119 kolagenu w organizmie.<\/h1>\n\t KORZY\u015aCI\n\t<h1>Unikalna, kompleksowa, wega\u0144ska formu\u0142a, kt\u00f3ra wspomaga naturaln\u0105 produkcj\u0119 kolagenu w organizmie, zapewniaj\u0105c wszystkie kluczowe sk\u0142adniki potrzebne do normalnego funkcjonowania sk\u00f3ry, w\u0142os\u00f3w i paznokci.*<\/h1>\n\t <h1>Dostarcza niezb\u0119dnych sk\u0142adnik\u00f3w dla silnego wewn\u0119trznego systemu wsparcia.* <\/h1>\n\t<h1>Mangan, witamina B2 (ryboflawina), cynk i witamina C pomagaj\u0105 w ochronie kom\u00f3rek przed stresem oksydacyjnym.*<\/h1>\nNasza unikalna wega\u0144ska mieszanka aminokwas\u00f3w mo\u017ce by\u0107 wykorzystywana przez organizm do budowy i wymiany kolagenu.*\n\n\t<h1>Cechy<\/h1>\n\t<p>\/ Mieszanka aminokwas\u00f3w pochodzenia wega\u0144skiego wspomagaj\u0105ca produkcj\u0119 kolagenu.<\/p>\n<p>\/ Pomaga w utrzymaniu zdrowej sk\u00f3ry, w\u0142os\u00f3w i paznokci.*<\/p>\n<p>\/ Witamina C przyczynia si\u0119 do normalnego wytwarzania kolagenu zapewniaj\u0105cego wspania\u0142y wygl\u0105d sk\u00f3ry.   <\/p>\n<p>\/ Dodatkowe witaminy i minera\u0142y, w tym:<\/p>\n<ul>\n    <li>Biotyna pomaga w utrzymaniu zdrowej sk\u00f3ry i w\u0142os\u00f3w.<\/li>\n    <li>Cynk pomaga w utrzymaniu zdrowej sk\u00f3ry, w\u0142os\u00f3w i paznokci.*<\/li>\n    <li>Mangan przyczynia si\u0119 do prawid\u0142owego tworzenia tkanki \u0142\u0105cznej, kt\u00f3ra pomaga utrzyma\u0107 dobr\u0105 kondycj\u0119 sk\u00f3ry.<\/li>\n    <li>Mangan, witamina B2 (ryboflawina), cynk i witamina C pomagaj\u0105 w ochronie kom\u00f3rek przed stresem oksydacyjnym.<\/li>\n<\/ul>\n<p>\/ Pyszny smak moreli i marakui<\/p>\n<p>\/ Nie zawiera sztucznych aromat\u00f3w ani barwnik\u00f3w. <\/p>\n<p>\/ Produkt nie zawiera cukru.<\/p>\n\t* Niniejsze produkty nie s\u0105 przeznaczone do diagnozowania, leczenia ani zapobiegania \u017cadnym chorobom.\n\t\t\t\t<img decoding=\"async\" src=\"https:\/\/monatglobal.com\/pl\/wp-content\/uploads\/2021\/05\/Poczuj-sie\u0328-jak-najlepiej.png\" alt=\"Poczuj sie\u0328 jak najlepiej\" itemprop=\"image\" title=\"Poczuj sie\u0328 jak najlepiej\" onerror=\"this.style.display='none'\"  \/>\n\t<h1>Jak Stosowa\u0107<\/h1>\n\t<p>\/ Zmieszaj jedn\u0105 miark\u0119 (5 g) z 230 ml wody. <\/p>\n<p>\/  Aby uzyska\u0107 maksymalne korzy\u015bci, stosuj codziennie.<\/p>\n\t\t\t<a href=\"https:\/\/www.youtube.com\/watch?v=z2F5X3fQdzw\" role=\"button\">\n\t\t\t\t\t\t\t<\/a>\n\tCollagen Key\u2122<br \/>\n0:34\n\t\t\t<a href=\"https:\/\/corp.mymonat.com\/shop\/products\/collagen-key-6000002331-sold-out?taxon_id=30\" target=\"_blank\" role=\"button\" rel=\"noopener\">\n\t\t\t\t\t\t\tWYPRZEDANE\n\t\t\t\t\t<\/a>\n\t Przegl\u0105d sk\u0142adnik\u00f3w\n<!-- Generator: Adobe Illustrator 24.0.1, SVG Export Plug-In . SVG Version: 6.00 Build 0)  -->\n<p>Wega\u0144ska mieszanka <br \/>aminokwas\u00f3w<\/p>\n\n<!-- Generator: Adobe Illustrator 24.0.1, SVG Export Plug-In . SVG Version: 6.00 Build 0)  -->\n<p>Trans-resweratrol<\/p>\n\n<!-- Generator: Adobe Illustrator 24.0.1, SVG Export Plug-In . SVG Version: 6.00 Build 0)  -->\n<p>Biotyna<\/p>\n\n<!-- Generator: Adobe Illustrator 24.0.1, SVG Export Plug-In . SVG Version: 6.00 Build 0)  -->\n<p>Cynk<\/p>\n\n<!-- Generator: Adobe Illustrator 24.0.1, SVG Export Plug-In . SVG Version: 6.00 Build 0)  -->\n<p>Mangan <\/p>\n\n<!-- Generator: Adobe Illustrator 24.0.1, SVG Export Plug-In . SVG Version: 6.00 Build 0)  -->\n<p>Witamina C<\/p>\n\n\t\t\t<a href=\"#\" role=\"button\">\n\t\t\t\t\t\t\tPE\u0141NA LISTA SK\u0141ADNIK\u00d3W\n\t\t\t\t\t<\/a>\n\t\t<br \/><br \/>    <br \/>        <br \/>        <br \/>        <br \/>    <br \/>        <br \/>            Sk\u0142adniki od\u017cywcze i inne substancje <br \/>        <br \/>        <hr \/><br \/>        <br \/>        <br \/>            <p>Przypadaj\u0105ce na dzienn\u0105 porcj\u0119 (5 g proszku)<br \/>    <br \/>            <br \/>    <br \/>        <br \/>        <br \/>    <br \/>        <br \/>            %RWS*<br \/>        <br \/>        <br \/>        <hr \/><br \/>    <br \/>        <br \/>            <br \/>                Glicyna<br \/><br \/>                Witamina C<br \/><br \/>                Trans-resweratrol<br \/><br \/>                Niacyna (mg NE)<br \/><br \/>                Kwas pantotenowy<br \/><br \/>                Biotyna<br \/><br \/>                Cynk<br \/><br \/>                Witamina B6<br \/><br \/>                Witamina B1<br \/><br \/>                Witamina B2<br \/><br \/>                Mangan<br \/><br \/>                L-prolina<br \/><br \/>                L-metionina<br \/><br \/>                Kwas foliowy<br \/><br \/>                Witamina B12<br \/>    <br \/>    <br \/>        <br \/>        <br \/>         <br \/>       <br \/>        <br \/>        <br \/>            <br \/>                1098 mg<br \/><br \/>                252 mg<br \/><br \/>                120.5 mg<br \/><br \/>                17.6 mg<br \/><br \/>                5.5 mg<br \/><br \/>                1000 \u00b5g<br \/><br \/>                1.5 mg<br \/><br \/>                2.4 mg<br \/><br \/>                1.3 mg<br \/><br \/>                1.4 mg<br \/><br \/>                0.3 mg<br \/><br \/>                0.5 mg<br \/><br \/>                0.5 mg<br \/><br \/>                394 \u00b5g<br \/><br \/>                3.5 \u00b5g<br \/><br \/>                   <br \/>        <br \/>        <br \/>        <br \/>        <br \/>            **<br \/><br \/>            315<br \/><br \/>            **<br \/><br \/>            110<br \/><br \/>            92<br \/><br \/>            2000<br \/><br \/>            15<br \/><br \/>            172<br \/><br \/>            120<br \/><br \/>            102<br \/><br \/>            15<br \/><br \/>            **<br \/><br \/>            **<br \/><br \/>            197<br \/><br \/>            140<br \/><br \/>          <br \/>        <br \/>        <hr \/><br \/>            <br \/>    <br \/><br \/>        <br \/>        <br \/>            * Udzia\u0142 procentowy referencyjnych warto\u015bci spo\u017cycia (RWS), zgodnie z rozporz\u0105dzeniem (UE) nr 1169\/2011.<br \/><br \/>            ** Brak dost\u0119pnej warto\u015bci RWS.<br \/><br \/>        <br \/>        <br \/>    <br \/>    <br \/>        <br \/>            Nie zawiera sztucznych aromat\u00f3w ani barwnik\u00f3w. Nie zawiera cukru.<br \/>        <br \/>    <br \/>    <br \/>    <hr \/><br \/>    <br \/>    <br \/>        <br \/>        <h4>SK\u0141ADNIKI:<\/h4><br \/>        maltodextrin, glycine, acid: citric acid, natural flavour, beetroot root powder (Beta vulgaris), L-ascorbic acid,<br \/>        trans-resveratrol, sweetener: steviol glycosides, nicotinamide, calcium-D-pantothenate, zinc citrate, pyridoxine hydrochloride,<br \/>        thiamin hydrochloride, riboflavin, D-biotin, manganese sulfate, L-proline, L-methionine, calcium-L-methylfolate, methylcobalamin.<br \/>    <br \/>    <br \/>    <hr \/><br \/>    <br \/>        <br \/>    <br \/>    <br \/>        <br \/>            *Niniejsze produkty nie s\u0105 przeznaczone do diagnozowania, leczenia ani zapobiegania \u017cadnym chorobom.<br \/>        <br \/>    <br \/>    <br \/>    <br \/>        <br \/>            <br \/>Suplementy diety nie mog\u0105 by\u0107 traktowane jako substytut zbilansowanej i zr\u00f3\u017cnicowanej diety oraz zdrowego trybu \u017cycia. Nie nale\u017cy przekracza\u0107 zalecanej dziennej dawki. Przechowywa\u0107 poza zasi\u0119giem dzieci!<\/p><br \/>        <br \/>    <br \/>    \t<br \/>    <br \/>    <br \/><br \/>    <br \/>    \t\n\t* Niniejsze produkty nie s\u0105 przeznaczone do diagnozowania, leczenia ani zapobiegania \u017cadnym chorobom.\n\t Mo\u017ce Ci\u0119 r\u00f3wnie\u017c zainteresowa\u0107\n\t<a href=\"\/pl?page_id=61213\"><h1>Wszystkie Produkty Wellness<\/h1><\/a>\n\n","protected":false},"excerpt":{"rendered":"<p>Collagen Key\u2122 Wega\u0144ski Kolagen Buduj\u0105cy Kompleks do piel\u0119gnacji w\u0142os\u00f3w, sk\u00f3ry oraz paznokci.* 5.29 oz. (150 g) 30 dziennych porcji Klient VIP 281 z\u0142 Cena Detaliczna 330 z\u0142 By dowiedzie\u0107 si\u0119 wi\u0119cej o Collagen Key\u2122 skontaktuj si\u0119 z Twoim Market Partnerem. * Niniejsze produkty nie s\u0105 przeznaczone do diagnozowania, leczenia ani zapobiegania \u017cadnym chorobom. WYPRZEDANE Pomaga&hellip;<\/p>\n","protected":false},"author":31,"featured_media":61306,"parent":0,"menu_order":0,"comment_status":"closed","ping_status":"closed","template":"","meta":{"inline_featured_image":false,"om_disable_all_campaigns":false,"_monsterinsights_skip_tracking":false,"_monsterinsights_sitenote_active":false,"_monsterinsights_sitenote_note":"","_monsterinsights_sitenote_category":0,"footnotes":""},"categories":[],"tags":[],"class_list":["post-61191","page","type-page","status-publish","has-post-thumbnail","hentry"],"aioseo_notices":[],"aioseo_head":"\n\t\t<!-- All in One SEO Pro 4.9.6 - aioseo.com -->\n\t<meta name=\"description\" content=\"Collagen Key\u2122 Wega\u0144ski Kolagen Buduj\u0105cy Kompleks do piel\u0119gnacji w\u0142os\u00f3w, sk\u00f3ry oraz paznokci.* 5.29 oz. (150 g) 30 dziennych porcji Klient VIP 281 z\u0142 Cena Detaliczna 330 z\u0142 By dowiedzie\u0107 si\u0119 wi\u0119cej o Collagen Key\u2122 skontaktuj si\u0119 z Twoim Market Partnerem. * Niniejsze produkty nie s\u0105 przeznaczone do diagnozowania, leczenia ani zapobiegania \u017cadnym chorobom. WYPRZEDANE Pomaga\" \/>\n\t<meta name=\"robots\" content=\"max-image-preview:large\" \/>\n\t<link rel=\"canonical\" href=\"https:\/\/monatglobal.com\/pl\/collagen-key\/\" \/>\n\t<meta name=\"generator\" content=\"All in One SEO Pro (AIOSEO) 4.9.6\" \/>\n\t\t<meta property=\"og:locale\" content=\"pl_PL\" \/>\n\t\t<meta property=\"og:site_name\" content=\"MONAT POLAND - MONAT GLOBAL\" \/>\n\t\t<meta property=\"og:type\" content=\"article\" \/>\n\t\t<meta property=\"og:title\" content=\"Collagen Key\u2122 - MONAT POLAND\" \/>\n\t\t<meta property=\"og:description\" content=\"Collagen Key\u2122 Wega\u0144ski Kolagen Buduj\u0105cy Kompleks do piel\u0119gnacji w\u0142os\u00f3w, sk\u00f3ry oraz paznokci.* 5.29 oz. (150 g) 30 dziennych porcji Klient VIP 281 z\u0142 Cena Detaliczna 330 z\u0142 By dowiedzie\u0107 si\u0119 wi\u0119cej o Collagen Key\u2122 skontaktuj si\u0119 z Twoim Market Partnerem. * Niniejsze produkty nie s\u0105 przeznaczone do diagnozowania, leczenia ani zapobiegania \u017cadnym chorobom. WYPRZEDANE Pomaga\" \/>\n\t\t<meta property=\"og:url\" content=\"https:\/\/monatglobal.com\/pl\/collagen-key\/\" \/>\n\t\t<meta property=\"article:published_time\" content=\"2021-05-19T21:57:21+00:00\" \/>\n\t\t<meta property=\"article:modified_time\" content=\"2024-12-26T20:42:23+00:00\" \/>\n\t\t<meta name=\"twitter:card\" content=\"summary_large_image\" \/>\n\t\t<meta name=\"twitter:title\" content=\"Collagen Key\u2122 - MONAT POLAND\" \/>\n\t\t<meta name=\"twitter:description\" content=\"Collagen Key\u2122 Wega\u0144ski Kolagen Buduj\u0105cy Kompleks do piel\u0119gnacji w\u0142os\u00f3w, sk\u00f3ry oraz paznokci.* 5.29 oz. (150 g) 30 dziennych porcji Klient VIP 281 z\u0142 Cena Detaliczna 330 z\u0142 By dowiedzie\u0107 si\u0119 wi\u0119cej o Collagen Key\u2122 skontaktuj si\u0119 z Twoim Market Partnerem. * Niniejsze produkty nie s\u0105 przeznaczone do diagnozowania, leczenia ani zapobiegania \u017cadnym chorobom. WYPRZEDANE Pomaga\" \/>\n\t\t<script type=\"application\/ld+json\" class=\"aioseo-schema\">\n\t\t\t{\"@context\":\"https:\\\/\\\/schema.org\",\"@graph\":[{\"@type\":\"BreadcrumbList\",\"@id\":\"https:\\\/\\\/monatglobal.com\\\/pl\\\/collagen-key\\\/#breadcrumblist\",\"itemListElement\":[{\"@type\":\"ListItem\",\"@id\":\"https:\\\/\\\/monatglobal.com\\\/pl#listItem\",\"position\":1,\"name\":\"Home\",\"item\":\"https:\\\/\\\/monatglobal.com\\\/pl\",\"nextItem\":{\"@type\":\"ListItem\",\"@id\":\"https:\\\/\\\/monatglobal.com\\\/pl\\\/collagen-key\\\/#listItem\",\"name\":\"Collagen Key\\u2122\"}},{\"@type\":\"ListItem\",\"@id\":\"https:\\\/\\\/monatglobal.com\\\/pl\\\/collagen-key\\\/#listItem\",\"position\":2,\"name\":\"Collagen Key\\u2122\",\"previousItem\":{\"@type\":\"ListItem\",\"@id\":\"https:\\\/\\\/monatglobal.com\\\/pl#listItem\",\"name\":\"Home\"}}]},{\"@type\":\"Organization\",\"@id\":\"https:\\\/\\\/monatglobal.com\\\/pl\\\/#organization\",\"name\":\"MONAT POLAND\",\"description\":\"MONAT GLOBAL\",\"url\":\"https:\\\/\\\/monatglobal.com\\\/pl\\\/\"},{\"@type\":\"WebPage\",\"@id\":\"https:\\\/\\\/monatglobal.com\\\/pl\\\/collagen-key\\\/#webpage\",\"url\":\"https:\\\/\\\/monatglobal.com\\\/pl\\\/collagen-key\\\/\",\"name\":\"Collagen Key\\u2122 - MONAT POLAND\",\"description\":\"Collagen Key\\u2122 Wega\\u0144ski Kolagen Buduj\\u0105cy Kompleks do piel\\u0119gnacji w\\u0142os\\u00f3w, sk\\u00f3ry oraz paznokci.* 5.29 oz. (150 g) 30 dziennych porcji Klient VIP 281 z\\u0142 Cena Detaliczna 330 z\\u0142 By dowiedzie\\u0107 si\\u0119 wi\\u0119cej o Collagen Key\\u2122 skontaktuj si\\u0119 z Twoim Market Partnerem. * Niniejsze produkty nie s\\u0105 przeznaczone do diagnozowania, leczenia ani zapobiegania \\u017cadnym chorobom. WYPRZEDANE Pomaga\",\"inLanguage\":\"pl-PL\",\"isPartOf\":{\"@id\":\"https:\\\/\\\/monatglobal.com\\\/pl\\\/#website\"},\"breadcrumb\":{\"@id\":\"https:\\\/\\\/monatglobal.com\\\/pl\\\/collagen-key\\\/#breadcrumblist\"},\"image\":{\"@type\":\"ImageObject\",\"url\":\"https:\\\/\\\/monatglobal.com\\\/pl\\\/wp-content\\\/uploads\\\/sites\\\/9\\\/2021\\\/05\\\/MONAT-Collagen-key-E-comm-1.png\",\"@id\":\"https:\\\/\\\/monatglobal.com\\\/pl\\\/collagen-key\\\/#mainImage\",\"width\":438,\"height\":546,\"caption\":\"MONAT Collagen Key\\u2122\"},\"primaryImageOfPage\":{\"@id\":\"https:\\\/\\\/monatglobal.com\\\/pl\\\/collagen-key\\\/#mainImage\"},\"datePublished\":\"2021-05-19T17:57:21+01:00\",\"dateModified\":\"2024-12-26T20:42:23+00:00\"},{\"@type\":\"WebSite\",\"@id\":\"https:\\\/\\\/monatglobal.com\\\/pl\\\/#website\",\"url\":\"https:\\\/\\\/monatglobal.com\\\/pl\\\/\",\"name\":\"MONAT POLAND\",\"description\":\"MONAT GLOBAL\",\"inLanguage\":\"pl-PL\",\"publisher\":{\"@id\":\"https:\\\/\\\/monatglobal.com\\\/pl\\\/#organization\"}}]}\n\t\t<\/script>\n\t\t<!-- All in One SEO Pro -->\r\n\t\t<title>Collagen Key\u2122 - MONAT POLAND<\/title>\n\n","aioseo_head_json":{"title":"Collagen Key\u2122 - MONAT POLAND","description":"Collagen Key\u2122 Wega\u0144ski Kolagen Buduj\u0105cy Kompleks do piel\u0119gnacji w\u0142os\u00f3w, sk\u00f3ry oraz paznokci.* 5.29 oz. (150 g) 30 dziennych porcji Klient VIP 281 z\u0142 Cena Detaliczna 330 z\u0142 By dowiedzie\u0107 si\u0119 wi\u0119cej o Collagen Key\u2122 skontaktuj si\u0119 z Twoim Market Partnerem. * Niniejsze produkty nie s\u0105 przeznaczone do diagnozowania, leczenia ani zapobiegania \u017cadnym chorobom. WYPRZEDANE Pomaga","canonical_url":"https:\/\/monatglobal.com\/pl\/collagen-key\/","robots":"max-image-preview:large","keywords":"","webmasterTools":{"miscellaneous":""},"schema":{"@context":"https:\/\/schema.org","@graph":[{"@type":"BreadcrumbList","@id":"https:\/\/monatglobal.com\/pl\/collagen-key\/#breadcrumblist","itemListElement":[{"@type":"ListItem","@id":"https:\/\/monatglobal.com\/pl#listItem","position":1,"name":"Home","item":"https:\/\/monatglobal.com\/pl","nextItem":{"@type":"ListItem","@id":"https:\/\/monatglobal.com\/pl\/collagen-key\/#listItem","name":"Collagen Key\u2122"}},{"@type":"ListItem","@id":"https:\/\/monatglobal.com\/pl\/collagen-key\/#listItem","position":2,"name":"Collagen Key\u2122","previousItem":{"@type":"ListItem","@id":"https:\/\/monatglobal.com\/pl#listItem","name":"Home"}}]},{"@type":"Organization","@id":"https:\/\/monatglobal.com\/pl\/#organization","name":"MONAT POLAND","description":"MONAT GLOBAL","url":"https:\/\/monatglobal.com\/pl\/"},{"@type":"WebPage","@id":"https:\/\/monatglobal.com\/pl\/collagen-key\/#webpage","url":"https:\/\/monatglobal.com\/pl\/collagen-key\/","name":"Collagen Key\u2122 - MONAT POLAND","description":"Collagen Key\u2122 Wega\u0144ski Kolagen Buduj\u0105cy Kompleks do piel\u0119gnacji w\u0142os\u00f3w, sk\u00f3ry oraz paznokci.* 5.29 oz. (150 g) 30 dziennych porcji Klient VIP 281 z\u0142 Cena Detaliczna 330 z\u0142 By dowiedzie\u0107 si\u0119 wi\u0119cej o Collagen Key\u2122 skontaktuj si\u0119 z Twoim Market Partnerem. * Niniejsze produkty nie s\u0105 przeznaczone do diagnozowania, leczenia ani zapobiegania \u017cadnym chorobom. WYPRZEDANE Pomaga","inLanguage":"pl-PL","isPartOf":{"@id":"https:\/\/monatglobal.com\/pl\/#website"},"breadcrumb":{"@id":"https:\/\/monatglobal.com\/pl\/collagen-key\/#breadcrumblist"},"image":{"@type":"ImageObject","url":"https:\/\/monatglobal.com\/pl\/wp-content\/uploads\/sites\/9\/2021\/05\/MONAT-Collagen-key-E-comm-1.png","@id":"https:\/\/monatglobal.com\/pl\/collagen-key\/#mainImage","width":438,"height":546,"caption":"MONAT Collagen Key\u2122"},"primaryImageOfPage":{"@id":"https:\/\/monatglobal.com\/pl\/collagen-key\/#mainImage"},"datePublished":"2021-05-19T17:57:21+01:00","dateModified":"2024-12-26T20:42:23+00:00"},{"@type":"WebSite","@id":"https:\/\/monatglobal.com\/pl\/#website","url":"https:\/\/monatglobal.com\/pl\/","name":"MONAT POLAND","description":"MONAT GLOBAL","inLanguage":"pl-PL","publisher":{"@id":"https:\/\/monatglobal.com\/pl\/#organization"}}]},"og:locale":"pl_PL","og:site_name":"MONAT POLAND - MONAT GLOBAL","og:type":"article","og:title":"Collagen Key\u2122 - MONAT POLAND","og:description":"Collagen Key\u2122 Wega\u0144ski Kolagen Buduj\u0105cy Kompleks do piel\u0119gnacji w\u0142os\u00f3w, sk\u00f3ry oraz paznokci.* 5.29 oz. (150 g) 30 dziennych porcji Klient VIP 281 z\u0142 Cena Detaliczna 330 z\u0142 By dowiedzie\u0107 si\u0119 wi\u0119cej o Collagen Key\u2122 skontaktuj si\u0119 z Twoim Market Partnerem. * Niniejsze produkty nie s\u0105 przeznaczone do diagnozowania, leczenia ani zapobiegania \u017cadnym chorobom. WYPRZEDANE Pomaga","og:url":"https:\/\/monatglobal.com\/pl\/collagen-key\/","article:published_time":"2021-05-19T21:57:21+00:00","article:modified_time":"2024-12-26T20:42:23+00:00","twitter:card":"summary_large_image","twitter:title":"Collagen Key\u2122 - MONAT POLAND","twitter:description":"Collagen Key\u2122 Wega\u0144ski Kolagen Buduj\u0105cy Kompleks do piel\u0119gnacji w\u0142os\u00f3w, sk\u00f3ry oraz paznokci.* 5.29 oz. (150 g) 30 dziennych porcji Klient VIP 281 z\u0142 Cena Detaliczna 330 z\u0142 By dowiedzie\u0107 si\u0119 wi\u0119cej o Collagen Key\u2122 skontaktuj si\u0119 z Twoim Market Partnerem. * Niniejsze produkty nie s\u0105 przeznaczone do diagnozowania, leczenia ani zapobiegania \u017cadnym chorobom. WYPRZEDANE Pomaga"},"aioseo_meta_data":{"post_id":"61191","title":null,"description":null,"keywords":null,"keyphrases":null,"primary_term":null,"canonical_url":null,"og_title":null,"og_description":null,"og_object_type":"default","og_image_type":"default","og_image_url":null,"og_image_width":null,"og_image_height":null,"og_image_custom_url":null,"og_image_custom_fields":null,"og_video":null,"og_custom_url":null,"og_article_section":null,"og_article_tags":null,"twitter_use_og":false,"twitter_card":"default","twitter_image_type":"default","twitter_image_url":null,"twitter_image_custom_url":null,"twitter_image_custom_fields":null,"twitter_title":null,"twitter_description":null,"schema":{"blockGraphs":[],"customGraphs":[],"default":{"data":{"Article":[],"Course":[],"Dataset":[],"FAQPage":[],"Movie":[],"Person":[],"Product":[],"ProductReview":[],"Car":[],"Recipe":[],"Service":[],"SoftwareApplication":[],"WebPage":[]},"graphName":"","isEnabled":true},"graphs":[]},"schema_type":"default","schema_type_options":null,"pillar_content":false,"robots_default":true,"robots_noindex":false,"robots_noarchive":false,"robots_nosnippet":false,"robots_nofollow":false,"robots_noimageindex":false,"robots_noodp":false,"robots_notranslate":false,"robots_max_snippet":null,"robots_max_videopreview":null,"robots_max_imagepreview":"large","priority":null,"frequency":null,"local_seo":null,"seo_analyzer_scan_date":"2025-08-15 04:49:04","limit_modified_date":false,"reviewed_by":null,"open_ai":null,"ai":null,"created":"2023-07-26 09:50:27","updated":"2026-02-10 05:08:25"},"aioseo_breadcrumb":"<div class=\"aioseo-breadcrumbs\"><span class=\"aioseo-breadcrumb\">\n\t<a href=\"https:\/\/monatglobal.com\/pl\" title=\"Home\">Home<\/a>\n<\/span><span class=\"aioseo-breadcrumb-separator\">&raquo;<\/span><span class=\"aioseo-breadcrumb\">\n\tCollagen Key\u2122\n<\/span><\/div>","aioseo_breadcrumb_json":[{"label":"Home","link":"https:\/\/monatglobal.com\/pl"},{"label":"Collagen Key\u2122","link":"https:\/\/monatglobal.com\/pl\/collagen-key\/"}],"_links":{"self":[{"href":"https:\/\/monatglobal.com\/pl\/wp-json\/wp\/v2\/pages\/61191","targetHints":{"allow":["GET"]}}],"collection":[{"href":"https:\/\/monatglobal.com\/pl\/wp-json\/wp\/v2\/pages"}],"about":[{"href":"https:\/\/monatglobal.com\/pl\/wp-json\/wp\/v2\/types\/page"}],"author":[{"embeddable":true,"href":"https:\/\/monatglobal.com\/pl\/wp-json\/wp\/v2\/users\/31"}],"replies":[{"embeddable":true,"href":"https:\/\/monatglobal.com\/pl\/wp-json\/wp\/v2\/comments?post=61191"}],"version-history":[{"count":12,"href":"https:\/\/monatglobal.com\/pl\/wp-json\/wp\/v2\/pages\/61191\/revisions"}],"predecessor-version":[{"id":86068,"href":"https:\/\/monatglobal.com\/pl\/wp-json\/wp\/v2\/pages\/61191\/revisions\/86068"}],"wp:featuredmedia":[{"embeddable":true,"href":"https:\/\/monatglobal.com\/pl\/wp-json\/wp\/v2\/media\/61306"}],"wp:attachment":[{"href":"https:\/\/monatglobal.com\/pl\/wp-json\/wp\/v2\/media?parent=61191"}],"wp:term":[{"taxonomy":"category","embeddable":true,"href":"https:\/\/monatglobal.com\/pl\/wp-json\/wp\/v2\/categories?post=61191"},{"taxonomy":"post_tag","embeddable":true,"href":"https:\/\/monatglobal.com\/pl\/wp-json\/wp\/v2\/tags?post=61191"}],"curies":[{"name":"wp","href":"https:\/\/api.w.org\/{rel}","templated":true}]}}