{"id":60986,"date":"2021-05-19T17:46:17","date_gmt":"2021-05-19T21:46:17","guid":{"rendered":"https:\/\/monatglobal.com\/pl\/?page_id=60986"},"modified":"2024-01-19T20:24:08","modified_gmt":"2024-01-19T20:24:08","slug":"total-greens","status":"publish","type":"page","link":"https:\/\/monatglobal.com\/pl\/total-greens\/","title":{"rendered":"Total Greens\u2122"},"content":{"rendered":"\n\n\t\t\t\t<img loading=\"lazy\" decoding=\"async\" src=\"https:\/\/monatglobal.com\/wp-content\/uploads\/2020\/12\/total-greens-E-comm.png\" alt=\"total-greens-E-comm\" itemprop=\"image\" height=\"546\" width=\"438\" title=\"total-greens-E-comm\" onerror=\"this.style.display='none'\"  \/>\n<h1>Total <br \/>Greens\u2122<\/h1>\n\t<h3> Warzywa + Owoce Superfood Mix*<\/h3>\n\t<p>10.5 oz. (300 g) 30 dziennych porcji<\/p> \n   Klient VIP \n   <p> 238 z\u0142<\/p>\n      Cena Detaliczna\n       \n280 z\u0142\n\tBy dowiedzie\u0107 si\u0119 wi\u0119cej o Total Greens\u2122 skontaktuj si\u0119 z Twoim Market Partnerem. \n\t* Niniejsze produkty nie s\u0105 przeznaczone do diagnozowania, leczenia ani zapobiegania \u017cadnym chorobom.\n\t\t\t<a href=\"\" target=\"_blank\" role=\"button\" rel=\"noopener\">\n\t\t\t\t\t\t\tWYPRZEDANE\n\t\t\t\t\t<\/a>\n<h1>Total Greens\u2122 zawiera zastrze\u017con\u0105 mieszank\u0119 owoc\u00f3w i warzyw.<\/h1>\n\t KORZY\u015aCI\n\t<h1>Total Greens\u2122 to szybki \ni wygodny spos\u00f3b na zaspokojenie potrzeb \u017cywieniowych poprzez dostarczenie dodatkowych sk\u0142adnik\u00f3w od\u017cywczych.*\n<\/h1>\n\t<h1>Suplement Total Greens\u2122 dostarcza codziennej wymaganej dawki energii dzi\u0119ki szerokiej gamie sproszkowanych owoc\u00f3w, warzyw oraz b\u0142onnika pokarmowego, z kt\u00f3rej w prosty spos\u00f3b mo\u017cna przyrz\u0105dzi\u0107 pyszny koktajl.*<\/h1>\nBogaty zestaw sproszkowanych owoc\u00f3w i warzyw oraz b\u0142onnika pokarmowego, to zastrzyk po\u017cywienia zawieraj\u0105cy witamin\u0119 C, kt\u00f3ra wzmacnia organizm\nnormalne funkcjonowanie sk\u00f3ry, normalne funkcjonowanie uk\u0142adu odporno\u015bciowego, zmniejszenie uczucia zm\u0119czenia i znu\u017cenia oraz ochrona kom\u00f3rek przed stresem oksydacyjnym.*\n\n\t<h1>Cechy<\/h1>\n\t<p>\/\tZastrze\u017cona mieszanka 14 owoc\u00f3w i warzyw oraz 4 zi\u00f3\u0142. <\/p>\n<p>\/\t4 g b\u0142onnika owsianego wspomagaj\u0105cego trawienie.*<\/p>\n<p>\/ Cynk zapewnia prawid\u0142owy przebieg funkcji poznawczych, prawid\u0142owe funkcjonowanie uk\u0142adu odporno\u015bciowego oraz zapewnia kom\u00f3rkom ochron\u0119 przed stresem oksydacyjnym. <\/p>\n<p>\/ Witamina C przyczynia si\u0119 do normalizacji procesu produkcji kolagenu, zapewniaj\u0105c prawid\u0142owe funkcjonowanie sk\u00f3ry, usprawniaj\u0105c dzia\u0142anie uk\u0142adu odporno\u015bciowego, zmniejszaj\u0105c uczucie zm\u0119czenia oraz wyczerpania oraz chroni\u0105c kom\u00f3rki przed stresem oksydacyjnym.<\/p>\n<p>\/ Produkt wega\u0144ski. <\/p>\n<p>\/ Produkt bezglutenowy.<\/p>\n<p>\/ Pyszny smak zielonych jag\u00f3d bez dodatku cukru.<\/p>\n\t* Niniejsze produkty nie s\u0105 przeznaczone do diagnozowania, leczenia ani zapobiegania \u017cadnym chorobom.\n\t\t\t\t<img decoding=\"async\" src=\"https:\/\/monatglobal.com\/pl\/wp-content\/uploads\/2021\/05\/total-greens-tm.png\" alt=\"total greens tm\" itemprop=\"image\" title=\"total greens tm\" onerror=\"this.style.display='none'\"  \/>\n\t<h1>Jak Stosowa\u0107<\/h1>\n\t<p>\/  Zmieszaj jedn\u0105 miark\u0119 (10 g) z 230 ml wody lub soku.<\/p>\n<p>\/ Aby uzyska\u0107 najlepsze rezultaty, energicznie wymieszaj lub wstrz\u0105\u015bnij. <\/p>\n<p>\/  Produkt mo\u017cna te\u017c dodawa\u0107 do ulubionego koktajlu.<\/p> \n<p>\/ Stosuj codziennie.<\/p>\n\t\t\t<a href=\"https:\/\/www.youtube.com\/watch?v=aq1FXcWDczs\" role=\"button\">\n\t\t\t\t\t\t\t<\/a>\n\tTotal Greens\u2122<br \/>\n0:40\n\t Przegl\u0105d sk\u0142adnik\u00f3w\n<!-- Generator: Adobe Illustrator 24.0.1, SVG Export Plug-In . SVG Version: 6.00 Build 0)  -->\n<p>B\u0142onnik owsiany<\/p>\n\n<!-- Generator: Adobe Illustrator 24.0.1, SVG Export Plug-In . SVG Version: 6.00 Build 0)  -->\n<p>Jagody Goji <\/p>\n\n<!-- Generator: Adobe Illustrator 24.0.1, SVG Export Plug-In . SVG Version: 6.00 Build 0)  -->\n<p>Papaja<\/p>\n\n<!-- Generator: Adobe Illustrator 24.0.1, SVG Export Plug-In . SVG Version: 6.00 Build 0)  -->\n<p>Zielona herbata matcha<\/p>\n\n<!-- Generator: Adobe Illustrator 24.0.1, SVG Export Plug-In . SVG Version: 6.00 Build 0)  -->\n<p>Mieszanka zielonych sk\u0142adnik\u00f3w<\/p>\n\n\n\n\t\t\t<a href=\"#\" role=\"button\">\n\t\t\t\t\t\t\tPE\u0141NA LISTA SK\u0141ADNIK\u00d3W\n\t\t\t\t\t<\/a>\n\t\t<br \/><br \/>    <br \/>        <br \/>        <br \/>        <br \/>    <br \/>        <br \/>            Sk\u0142adniki od\u017cywcze i inne substancje  <br \/>        <br \/>        <hr \/><br \/>        <br \/>        <br \/>            <p>Przypadaj\u0105ce na dzienn\u0105 porcj\u0119 (10 g proszku)<br \/>    <br \/>            <br \/>    <br \/>        <br \/>        <br \/>    <br \/>        <br \/>            %RWS*<br \/>        <br \/>        <br \/>        <hr \/><br \/>    <br \/>        <br \/>            <br \/>                Cynk<br \/><br \/>                Witamina C<br \/>    <br \/>    <br \/>        <br \/>        <br \/>         <br \/>       <br \/>        <br \/>        <br \/>            <br \/>                1.5 mg<br \/><br \/>                20 mg<br \/>        <br \/>        <br \/>        <br \/>        <br \/>            <br \/>           15<br \/><br \/>           25<br \/><br \/>          <br \/>        <br \/>        <hr \/><br \/>            <br \/>    <br \/><br \/>        <br \/>        <br \/>            * Udzia\u0142 procentowy referencyjnych warto\u015bci spo\u017cycia (RWS), zgodnie z rozporz\u0105dzeniem (UE) nr 1169\/2011.<br \/><br \/>            ** Brak dost\u0119pnej warto\u015bci RWS.<br \/><br \/>        <br \/>        <br \/>    <br \/>    <br \/>        <br \/>            Nie zawiera sztucznych aromat\u00f3w ani barwnik\u00f3w. Nie zawiera cukru.<br \/>        <br \/>    <br \/>    <br \/>    <hr \/><br \/>    <br \/>    <br \/>        <br \/>        <h4>SK\u0141ADNIKI:<\/h4><br \/>        Oat fibre powder (44,5 %) (Avena), maltodextrin, natural flavour, acacia fibre powder (4,9%) (Acacia seyal), <br \/>        spirulina powder (Arthrospira platensis, sulphites), acid: citric acid, sweetener: steviol glycosides, fruit blend<br \/>        (0,3%) [bilberry fruit juice powder (Vaccinium myrtillus), grape fruit powder (Vitis vinifera), strawberry fruit <br \/>        powder (Fragaria x ananassa), sweet cherry fruit powder (Prunus avium), apple fruit juice powder (Malus domestica),<br \/>        papaya fruit powder (Carica papaya), acai berry fruit powder (Euterpe oleracea), goji fruit powder (Lycium barbarum)],<br \/>        vegetable blend (0,3%) [spinach leaf powder (Spinacia oleracea), sweet potato powder (Ipomoea batatas), parsley leaf <br \/>        powder (Petroselinum crispum), apple fruit juice powder (Malus domestica), broccoli powder (Brassica oleracera var. <br \/>        italica), kale leaf powder (Brassica oleracea var. sabellica), bell pepper powder (Capsicum annuum), chlorella powder <br \/>        (Chlorella vulgaris, sulphites), beetroot root powder (Beta vulgaris)], L-ascorbic acid, milk thistle seed powder<br \/>        (Silybum marianum), matcha powder (Camellia sinensis), zinc oxide. <br \/>    <br \/>    <br \/>    <hr \/><br \/>    <br \/>        <br \/>    <br \/>    <br \/>        <br \/>            * Niniejsze produkty nie s\u0105 przeznaczone do diagnozowania, leczenia ani zapobiegania \u017cadnym chorobom.<br \/>        <br \/>    <br \/>    <br \/>    <br \/>        <br \/>            <br \/>Suplementy diety nie mog\u0105 by\u0107 traktowane jako substytut zbilansowanej i zr\u00f3\u017cnicowanej diety oraz<br \/>            zdrowego trybu \u017cycia. Nie nale\u017cy przekracza\u0107 zalecanej dziennej dawki. Przechowywa\u0107 poza zasi\u0119giem dzieci!<\/p><br \/>        <br \/>    <br \/>    \t<br \/>    <br \/>    <br \/><br \/>    <br \/>    \t\n\t* Niniejsze produkty nie s\u0105 przeznaczone do diagnozowania, leczenia ani zapobiegania \u017cadnym chorobom.\n\t Mo\u017ce Ci\u0119 r\u00f3wnie\u017c zainteresowa\u0107\n\t<a href=\"\/pl?page_id=61213\"><h1>Wszystkie Produkty Wellness<\/h1><\/a>\n\n","protected":false},"excerpt":{"rendered":"<p>Total Greens\u2122 Warzywa + Owoce Superfood Mix* 10.5 oz. (300 g) 30 dziennych porcji Klient VIP 238 z\u0142 Cena Detaliczna 280 z\u0142 By dowiedzie\u0107 si\u0119 wi\u0119cej o Total Greens\u2122 skontaktuj si\u0119 z Twoim Market Partnerem. * Niniejsze produkty nie s\u0105 przeznaczone do diagnozowania, leczenia ani zapobiegania \u017cadnym chorobom. WYPRZEDANE Total Greens\u2122 zawiera zastrze\u017con\u0105 mieszank\u0119 owoc\u00f3w&hellip;<\/p>\n","protected":false},"author":31,"featured_media":61305,"parent":0,"menu_order":0,"comment_status":"closed","ping_status":"closed","template":"","meta":{"inline_featured_image":false,"om_disable_all_campaigns":false,"_monsterinsights_skip_tracking":false,"_monsterinsights_sitenote_active":false,"_monsterinsights_sitenote_note":"","_monsterinsights_sitenote_category":0,"footnotes":""},"categories":[],"tags":[],"class_list":["post-60986","page","type-page","status-publish","has-post-thumbnail","hentry"],"aioseo_notices":[],"aioseo_head":"\n\t\t<!-- All in One SEO Pro 4.9.6 - aioseo.com -->\n\t<meta name=\"description\" content=\"Total Greens\u2122 Warzywa + Owoce Superfood Mix* 10.5 oz. (300 g) 30 dziennych porcji Klient VIP 238 z\u0142 Cena Detaliczna 280 z\u0142 By dowiedzie\u0107 si\u0119 wi\u0119cej o Total Greens\u2122 skontaktuj si\u0119 z Twoim Market Partnerem. * Niniejsze produkty nie s\u0105 przeznaczone do diagnozowania, leczenia ani zapobiegania \u017cadnym chorobom. WYPRZEDANE Total Greens\u2122 zawiera zastrze\u017con\u0105 mieszank\u0119 owoc\u00f3w\" \/>\n\t<meta name=\"robots\" content=\"max-image-preview:large\" \/>\n\t<link rel=\"canonical\" href=\"https:\/\/monatglobal.com\/pl\/total-greens\/\" \/>\n\t<meta name=\"generator\" content=\"All in One SEO Pro (AIOSEO) 4.9.6\" \/>\n\t\t<meta property=\"og:locale\" content=\"pl_PL\" \/>\n\t\t<meta property=\"og:site_name\" content=\"MONAT POLAND - MONAT GLOBAL\" \/>\n\t\t<meta property=\"og:type\" content=\"article\" \/>\n\t\t<meta property=\"og:title\" content=\"Total Greens\u2122 - MONAT POLAND\" \/>\n\t\t<meta property=\"og:description\" content=\"Total Greens\u2122 Warzywa + Owoce Superfood Mix* 10.5 oz. (300 g) 30 dziennych porcji Klient VIP 238 z\u0142 Cena Detaliczna 280 z\u0142 By dowiedzie\u0107 si\u0119 wi\u0119cej o Total Greens\u2122 skontaktuj si\u0119 z Twoim Market Partnerem. * Niniejsze produkty nie s\u0105 przeznaczone do diagnozowania, leczenia ani zapobiegania \u017cadnym chorobom. WYPRZEDANE Total Greens\u2122 zawiera zastrze\u017con\u0105 mieszank\u0119 owoc\u00f3w\" \/>\n\t\t<meta property=\"og:url\" content=\"https:\/\/monatglobal.com\/pl\/total-greens\/\" \/>\n\t\t<meta property=\"article:published_time\" content=\"2021-05-19T21:46:17+00:00\" \/>\n\t\t<meta property=\"article:modified_time\" content=\"2024-01-19T20:24:08+00:00\" \/>\n\t\t<meta name=\"twitter:card\" content=\"summary_large_image\" \/>\n\t\t<meta name=\"twitter:title\" content=\"Total Greens\u2122 - MONAT POLAND\" \/>\n\t\t<meta name=\"twitter:description\" content=\"Total Greens\u2122 Warzywa + Owoce Superfood Mix* 10.5 oz. (300 g) 30 dziennych porcji Klient VIP 238 z\u0142 Cena Detaliczna 280 z\u0142 By dowiedzie\u0107 si\u0119 wi\u0119cej o Total Greens\u2122 skontaktuj si\u0119 z Twoim Market Partnerem. * Niniejsze produkty nie s\u0105 przeznaczone do diagnozowania, leczenia ani zapobiegania \u017cadnym chorobom. WYPRZEDANE Total Greens\u2122 zawiera zastrze\u017con\u0105 mieszank\u0119 owoc\u00f3w\" \/>\n\t\t<script type=\"application\/ld+json\" class=\"aioseo-schema\">\n\t\t\t{\"@context\":\"https:\\\/\\\/schema.org\",\"@graph\":[{\"@type\":\"BreadcrumbList\",\"@id\":\"https:\\\/\\\/monatglobal.com\\\/pl\\\/total-greens\\\/#breadcrumblist\",\"itemListElement\":[{\"@type\":\"ListItem\",\"@id\":\"https:\\\/\\\/monatglobal.com\\\/pl#listItem\",\"position\":1,\"name\":\"Home\",\"item\":\"https:\\\/\\\/monatglobal.com\\\/pl\",\"nextItem\":{\"@type\":\"ListItem\",\"@id\":\"https:\\\/\\\/monatglobal.com\\\/pl\\\/total-greens\\\/#listItem\",\"name\":\"Total Greens\\u2122\"}},{\"@type\":\"ListItem\",\"@id\":\"https:\\\/\\\/monatglobal.com\\\/pl\\\/total-greens\\\/#listItem\",\"position\":2,\"name\":\"Total Greens\\u2122\",\"previousItem\":{\"@type\":\"ListItem\",\"@id\":\"https:\\\/\\\/monatglobal.com\\\/pl#listItem\",\"name\":\"Home\"}}]},{\"@type\":\"Organization\",\"@id\":\"https:\\\/\\\/monatglobal.com\\\/pl\\\/#organization\",\"name\":\"MONAT POLAND\",\"description\":\"MONAT GLOBAL\",\"url\":\"https:\\\/\\\/monatglobal.com\\\/pl\\\/\"},{\"@type\":\"WebPage\",\"@id\":\"https:\\\/\\\/monatglobal.com\\\/pl\\\/total-greens\\\/#webpage\",\"url\":\"https:\\\/\\\/monatglobal.com\\\/pl\\\/total-greens\\\/\",\"name\":\"Total Greens\\u2122 - MONAT POLAND\",\"description\":\"Total Greens\\u2122 Warzywa + Owoce Superfood Mix* 10.5 oz. (300 g) 30 dziennych porcji Klient VIP 238 z\\u0142 Cena Detaliczna 280 z\\u0142 By dowiedzie\\u0107 si\\u0119 wi\\u0119cej o Total Greens\\u2122 skontaktuj si\\u0119 z Twoim Market Partnerem. * Niniejsze produkty nie s\\u0105 przeznaczone do diagnozowania, leczenia ani zapobiegania \\u017cadnym chorobom. WYPRZEDANE Total Greens\\u2122 zawiera zastrze\\u017con\\u0105 mieszank\\u0119 owoc\\u00f3w\",\"inLanguage\":\"pl-PL\",\"isPartOf\":{\"@id\":\"https:\\\/\\\/monatglobal.com\\\/pl\\\/#website\"},\"breadcrumb\":{\"@id\":\"https:\\\/\\\/monatglobal.com\\\/pl\\\/total-greens\\\/#breadcrumblist\"},\"image\":{\"@type\":\"ImageObject\",\"url\":\"https:\\\/\\\/monatglobal.com\\\/pl\\\/wp-content\\\/uploads\\\/sites\\\/9\\\/2021\\\/05\\\/total-greens-E-comm.png\",\"@id\":\"https:\\\/\\\/monatglobal.com\\\/pl\\\/total-greens\\\/#mainImage\",\"width\":438,\"height\":546,\"caption\":\"MONAT Total Greens\\u2122\"},\"primaryImageOfPage\":{\"@id\":\"https:\\\/\\\/monatglobal.com\\\/pl\\\/total-greens\\\/#mainImage\"},\"datePublished\":\"2021-05-19T17:46:17+01:00\",\"dateModified\":\"2024-01-19T20:24:08+00:00\"},{\"@type\":\"WebSite\",\"@id\":\"https:\\\/\\\/monatglobal.com\\\/pl\\\/#website\",\"url\":\"https:\\\/\\\/monatglobal.com\\\/pl\\\/\",\"name\":\"MONAT POLAND\",\"description\":\"MONAT GLOBAL\",\"inLanguage\":\"pl-PL\",\"publisher\":{\"@id\":\"https:\\\/\\\/monatglobal.com\\\/pl\\\/#organization\"}}]}\n\t\t<\/script>\n\t\t<!-- All in One SEO Pro -->\r\n\t\t<title>Total Greens\u2122 - MONAT POLAND<\/title>\n\n","aioseo_head_json":{"title":"Total Greens\u2122 - MONAT POLAND","description":"Total Greens\u2122 Warzywa + Owoce Superfood Mix* 10.5 oz. (300 g) 30 dziennych porcji Klient VIP 238 z\u0142 Cena Detaliczna 280 z\u0142 By dowiedzie\u0107 si\u0119 wi\u0119cej o Total Greens\u2122 skontaktuj si\u0119 z Twoim Market Partnerem. * Niniejsze produkty nie s\u0105 przeznaczone do diagnozowania, leczenia ani zapobiegania \u017cadnym chorobom. WYPRZEDANE Total Greens\u2122 zawiera zastrze\u017con\u0105 mieszank\u0119 owoc\u00f3w","canonical_url":"https:\/\/monatglobal.com\/pl\/total-greens\/","robots":"max-image-preview:large","keywords":"","webmasterTools":{"miscellaneous":""},"schema":{"@context":"https:\/\/schema.org","@graph":[{"@type":"BreadcrumbList","@id":"https:\/\/monatglobal.com\/pl\/total-greens\/#breadcrumblist","itemListElement":[{"@type":"ListItem","@id":"https:\/\/monatglobal.com\/pl#listItem","position":1,"name":"Home","item":"https:\/\/monatglobal.com\/pl","nextItem":{"@type":"ListItem","@id":"https:\/\/monatglobal.com\/pl\/total-greens\/#listItem","name":"Total Greens\u2122"}},{"@type":"ListItem","@id":"https:\/\/monatglobal.com\/pl\/total-greens\/#listItem","position":2,"name":"Total Greens\u2122","previousItem":{"@type":"ListItem","@id":"https:\/\/monatglobal.com\/pl#listItem","name":"Home"}}]},{"@type":"Organization","@id":"https:\/\/monatglobal.com\/pl\/#organization","name":"MONAT POLAND","description":"MONAT GLOBAL","url":"https:\/\/monatglobal.com\/pl\/"},{"@type":"WebPage","@id":"https:\/\/monatglobal.com\/pl\/total-greens\/#webpage","url":"https:\/\/monatglobal.com\/pl\/total-greens\/","name":"Total Greens\u2122 - MONAT POLAND","description":"Total Greens\u2122 Warzywa + Owoce Superfood Mix* 10.5 oz. (300 g) 30 dziennych porcji Klient VIP 238 z\u0142 Cena Detaliczna 280 z\u0142 By dowiedzie\u0107 si\u0119 wi\u0119cej o Total Greens\u2122 skontaktuj si\u0119 z Twoim Market Partnerem. * Niniejsze produkty nie s\u0105 przeznaczone do diagnozowania, leczenia ani zapobiegania \u017cadnym chorobom. WYPRZEDANE Total Greens\u2122 zawiera zastrze\u017con\u0105 mieszank\u0119 owoc\u00f3w","inLanguage":"pl-PL","isPartOf":{"@id":"https:\/\/monatglobal.com\/pl\/#website"},"breadcrumb":{"@id":"https:\/\/monatglobal.com\/pl\/total-greens\/#breadcrumblist"},"image":{"@type":"ImageObject","url":"https:\/\/monatglobal.com\/pl\/wp-content\/uploads\/sites\/9\/2021\/05\/total-greens-E-comm.png","@id":"https:\/\/monatglobal.com\/pl\/total-greens\/#mainImage","width":438,"height":546,"caption":"MONAT Total Greens\u2122"},"primaryImageOfPage":{"@id":"https:\/\/monatglobal.com\/pl\/total-greens\/#mainImage"},"datePublished":"2021-05-19T17:46:17+01:00","dateModified":"2024-01-19T20:24:08+00:00"},{"@type":"WebSite","@id":"https:\/\/monatglobal.com\/pl\/#website","url":"https:\/\/monatglobal.com\/pl\/","name":"MONAT POLAND","description":"MONAT GLOBAL","inLanguage":"pl-PL","publisher":{"@id":"https:\/\/monatglobal.com\/pl\/#organization"}}]},"og:locale":"pl_PL","og:site_name":"MONAT POLAND - MONAT GLOBAL","og:type":"article","og:title":"Total Greens\u2122 - MONAT POLAND","og:description":"Total Greens\u2122 Warzywa + Owoce Superfood Mix* 10.5 oz. (300 g) 30 dziennych porcji Klient VIP 238 z\u0142 Cena Detaliczna 280 z\u0142 By dowiedzie\u0107 si\u0119 wi\u0119cej o Total Greens\u2122 skontaktuj si\u0119 z Twoim Market Partnerem. * Niniejsze produkty nie s\u0105 przeznaczone do diagnozowania, leczenia ani zapobiegania \u017cadnym chorobom. WYPRZEDANE Total Greens\u2122 zawiera zastrze\u017con\u0105 mieszank\u0119 owoc\u00f3w","og:url":"https:\/\/monatglobal.com\/pl\/total-greens\/","article:published_time":"2021-05-19T21:46:17+00:00","article:modified_time":"2024-01-19T20:24:08+00:00","twitter:card":"summary_large_image","twitter:title":"Total Greens\u2122 - MONAT POLAND","twitter:description":"Total Greens\u2122 Warzywa + Owoce Superfood Mix* 10.5 oz. (300 g) 30 dziennych porcji Klient VIP 238 z\u0142 Cena Detaliczna 280 z\u0142 By dowiedzie\u0107 si\u0119 wi\u0119cej o Total Greens\u2122 skontaktuj si\u0119 z Twoim Market Partnerem. * Niniejsze produkty nie s\u0105 przeznaczone do diagnozowania, leczenia ani zapobiegania \u017cadnym chorobom. WYPRZEDANE Total Greens\u2122 zawiera zastrze\u017con\u0105 mieszank\u0119 owoc\u00f3w"},"aioseo_meta_data":{"post_id":"60986","title":null,"description":null,"keywords":null,"keyphrases":null,"primary_term":null,"canonical_url":null,"og_title":null,"og_description":null,"og_object_type":"default","og_image_type":"default","og_image_url":null,"og_image_width":null,"og_image_height":null,"og_image_custom_url":null,"og_image_custom_fields":null,"og_video":null,"og_custom_url":null,"og_article_section":null,"og_article_tags":null,"twitter_use_og":false,"twitter_card":"default","twitter_image_type":"default","twitter_image_url":null,"twitter_image_custom_url":null,"twitter_image_custom_fields":null,"twitter_title":null,"twitter_description":null,"schema":{"blockGraphs":[],"customGraphs":[],"default":{"data":{"Article":[],"Course":[],"Dataset":[],"FAQPage":[],"Movie":[],"Person":[],"Product":[],"ProductReview":[],"Car":[],"Recipe":[],"Service":[],"SoftwareApplication":[],"WebPage":[]},"graphName":"","isEnabled":true},"graphs":[]},"schema_type":"default","schema_type_options":null,"pillar_content":false,"robots_default":true,"robots_noindex":false,"robots_noarchive":false,"robots_nosnippet":false,"robots_nofollow":false,"robots_noimageindex":false,"robots_noodp":false,"robots_notranslate":false,"robots_max_snippet":null,"robots_max_videopreview":null,"robots_max_imagepreview":"large","priority":null,"frequency":null,"local_seo":null,"seo_analyzer_scan_date":"2025-08-15 04:49:02","limit_modified_date":false,"reviewed_by":null,"open_ai":null,"ai":null,"created":"2023-07-26 09:50:27","updated":"2026-02-10 05:04:34"},"aioseo_breadcrumb":"<div class=\"aioseo-breadcrumbs\"><span class=\"aioseo-breadcrumb\">\n\t<a href=\"https:\/\/monatglobal.com\/pl\" title=\"Home\">Home<\/a>\n<\/span><span class=\"aioseo-breadcrumb-separator\">&raquo;<\/span><span class=\"aioseo-breadcrumb\">\n\tTotal Greens\u2122\n<\/span><\/div>","aioseo_breadcrumb_json":[{"label":"Home","link":"https:\/\/monatglobal.com\/pl"},{"label":"Total Greens\u2122","link":"https:\/\/monatglobal.com\/pl\/total-greens\/"}],"_links":{"self":[{"href":"https:\/\/monatglobal.com\/pl\/wp-json\/wp\/v2\/pages\/60986","targetHints":{"allow":["GET"]}}],"collection":[{"href":"https:\/\/monatglobal.com\/pl\/wp-json\/wp\/v2\/pages"}],"about":[{"href":"https:\/\/monatglobal.com\/pl\/wp-json\/wp\/v2\/types\/page"}],"author":[{"embeddable":true,"href":"https:\/\/monatglobal.com\/pl\/wp-json\/wp\/v2\/users\/31"}],"replies":[{"embeddable":true,"href":"https:\/\/monatglobal.com\/pl\/wp-json\/wp\/v2\/comments?post=60986"}],"version-history":[{"count":13,"href":"https:\/\/monatglobal.com\/pl\/wp-json\/wp\/v2\/pages\/60986\/revisions"}],"predecessor-version":[{"id":84055,"href":"https:\/\/monatglobal.com\/pl\/wp-json\/wp\/v2\/pages\/60986\/revisions\/84055"}],"wp:featuredmedia":[{"embeddable":true,"href":"https:\/\/monatglobal.com\/pl\/wp-json\/wp\/v2\/media\/61305"}],"wp:attachment":[{"href":"https:\/\/monatglobal.com\/pl\/wp-json\/wp\/v2\/media?parent=60986"}],"wp:term":[{"taxonomy":"category","embeddable":true,"href":"https:\/\/monatglobal.com\/pl\/wp-json\/wp\/v2\/categories?post=60986"},{"taxonomy":"post_tag","embeddable":true,"href":"https:\/\/monatglobal.com\/pl\/wp-json\/wp\/v2\/tags?post=60986"}],"curies":[{"name":"wp","href":"https:\/\/api.w.org\/{rel}","templated":true}]}}