{"id":60709,"date":"2021-04-21T11:00:27","date_gmt":"2021-04-21T15:00:27","guid":{"rendered":"https:\/\/monatglobal.com\/pl\/?page_id=60709"},"modified":"2023-01-04T21:00:50","modified_gmt":"2023-01-04T21:00:50","slug":"sustainability","status":"publish","type":"page","link":"https:\/\/monatglobal.com\/pl\/sustainability\/","title":{"rendered":"Zr\u00f3wnowa\u017cony rozw\u00f3j MONAT"},"content":{"rendered":"\n\n<!-- Generator: Adobe Illustrator 24.2.1, SVG Export Plug-In . SVG Version: 6.00 Build 0)  -->\n\t<h1>W MONAT zdajemy sobie spraw\u0119, jak wa\u017cn\u0105 rol\u0119 ogrywa zr\u00f3wnowa\u017cony rozw\u00f3j w utrzymaniu naszych warto\u015bci.<\/h1>\n<p>Mamy zawsze na uwadze dobro \u015brodowiska, dlatego dok\u0142adamy wszelkich stara\u0144, aby wywiera\u0107 pozytywny wp\u0142yw na nasze spo\u0142eczno\u015bci i planet\u0119, traktowa\u0107 ludzi z szacunkiem i okazywa\u0107 wdzi\u0119czno\u015b\u0107 we wszystkich aspektach naszej dzia\u0142alno\u015bci.<\/p>\n\t\t\t<a href=\"https:\/\/www.youtube.com\/watch?v=-6zB8rkK7ic\" role=\"button\">\n\t\t\t\t\t\t\t<\/a>\n\t<h1>B\u0119d\u0105c firm\u0105 o \u015bwiatowym zasi\u0119gu, zdajemy sobie spraw\u0119 z naszego globalnego wp\u0142ywu na \u015brodowisko i ludzi, dlatego traktujemy to jako okazj\u0119 do niesienia pozytywnych zmian. <\/h1>\n<p>Z tego te\u017c wzgl\u0119du opracowali\u015bmy konkretne ramy stanowi\u0105ce fundament dla naszej strategii, cel\u00f3w i dzia\u0142a\u0144 zwi\u0105zanych z przysz\u0142o\u015bci\u0105.<\/p>\n\t\t\t\t<img loading=\"lazy\" decoding=\"async\" src=\"https:\/\/monatglobal.com\/wp-content\/uploads\/2021\/04\/monat_means-modern-nature1.jpg\" alt=\"monat_means-modern-nature1\" itemprop=\"image\" height=\"567\" width=\"505\" title=\"monat_means-modern-nature1\" onerror=\"this.style.display='none'\"  \/>\n\t<!-- Generator: Adobe Illustrator 24.2.1, SVG Export Plug-In . SVG Version: 6.00 Build 0)  -->\n<p>to po\u0142\u0105czenie <\/p>\n <h1>Nowoczesno\u015bci z Natur\u0105.<\/h1>\n\t<p>Poniewa\u017c produkty MONAT s\u0105 rozwi\u0105zaniami naturalnymi, a kluczowe sk\u0142adniki, unikatowe formu\u0142y oraz sprawdzone korzy\u015bci s\u0105 uzale\u017cnione od \u017ar\u00f3de\u0142 naturalnych, naszym obowi\u0105zkiem jest ochrona pi\u0119knego \u015bwiata, z kt\u00f3rego je czerpiemy.<\/p>\n\t<img decoding=\"async\" src=\"https:\/\/monatglobal.com\/wp-content\/uploads\/2021\/04\/charcoal-nature-1.jpg\" \/>\n\t<img decoding=\"async\" src=\"https:\/\/monatglobal.com\/wp-content\/uploads\/2021\/04\/Moisturizer-texture-.jpg\" \/>\n\t<h1>Dok\u0142adamy wszelkich stara\u0144, aby zapewni\u0107 zr\u00f3wnowa\u017cony rozw\u00f3j w kontek\u015bcie naszych spo\u0142eczno\u015bci, przyrody oraz naszej dzia\u0142alno\u015bci poprzez przestrzeganie standard\u00f3w i praktyk zgodnych z trzema poni\u017cszymi filarami.<\/h1>\n\t<!-- Generator: Adobe Illustrator 24.2.1, SVG Export Plug-In . SVG Version: 6.00 Build 0)  -->\n\t<p>Zdrowa<br \/>planeta<\/p>\nKontrolujemy starannie nasz wp\u0142yw na \u015brodowisko naturalne poprzez analizowanie, zarz\u0105dzanie i osi\u0105ganie cel\u00f3w, kt\u00f3re nios\u0105 pozytywne zmiany.\n<hr \/>\n<ul>\n    <li>Recykling i ochrona<\/li>\n    <li>Energia i emisja<\/li> \n    <li>\u015arodowisko i natura<\/li>\n<\/ul>\n\tKonkretny cel \nzwi\u0105zany z dzia\u0142alno\u015bci\u0105 i produktami\n<p>\u017byjemy zgodnie z naszymi warto\u015bciami i spe\u0142niamy swoje przeznaczenie w ramach naszego unikatowego modelu biznesowego, kt\u00f3ry stwarza okazje do zmieniania \u017cycia na lepsze i pozwala nam wprowadza\u0107 na rynek bezpieczne, zr\u00f3wnowa\u017cone, innowacyjne i naturalne produkty.<\/p>\n<hr \/>\n<ul>\n    <li>Produkty i opakowania<\/li>\n    <li>Operacje i logistyka<\/li> \n    <li>Nadz\u00f3r i etyczne post\u0119powanie <\/li>\n<\/ul>\n\tSzcz\u0119\u015bliwi <br \/>\nludzie i spo\u0142eczno\u015bci\n<p>Podejmujemy takie dzia\u0142ania, aby nasi interesariusze mogli cieszy\u0107 si\u0119 radosnym i satysfakcjonuj\u0105cym \u017cyciem.<\/p>\n<hr \/>\n<ul>\n    <li>Nasi pracownicy <\/li>\n    <li>Nasi Market Partnerzy i Klienci<\/li> \n    <li>Nasze spo\u0142eczno\u015bci i nasz \u015bwiat<\/li>\n<\/ul>\n\t<h1>Opracowujemy i wprowadzamy inicjatywy skupiaj\u0105ce si\u0119 na kwestiach najbli\u017cszych sercu naszych interesariuszy i maj\u0105cych najwi\u0119kszy wp\u0142yw na nasz\u0105 planet\u0119. <\/h1>\n<p>Oto przyk\u0142adowe projekty:<\/p>\n\t<p>Energia i<br \/> emisja<\/p>\n<hr \/>\n<p>usprawniany nasz\u0105 gospodark\u0119 energetyczn\u0105 i zmniejszamy poziomy emisji poprzez modernizacj\u0119 naszych plac\u00f3wek, np. instaluj\u0105c o\u015bwietlenie LED i energooszcz\u0119dne wyposa\u017cenie.<\/p>\n\t<p>\u015arodowisko i<br \/> natura<\/p>\n<hr \/>\nbadamy fazami cykl eksploatacyjny naszych produkt\u00f3w &#8211; zaczynamy on bestseller\u00f3w, analizuj\u0105c ca\u0142kowity wp\u0142yw danego produktu na \u015brodowisko oraz okre\u015blaj\u0105c najlepsze sposoby usprawniania poszczeg\u00f3lnych proces\u00f3w.\n\n\t<p>Nadz\u00f3r i etyczne<br \/> post\u0119powanie: <\/p>\n<hr \/>\n<p>wdra\u017camy mechanizmy nadzorcze sprawiaj\u0105ce, \u017ce zr\u00f3wnowa\u017cony rozw\u00f3j pozostanie strategicznym celem w obr\u0119bie wszystkich obszar\u00f3w naszej dzia\u0142alno\u015bci w uj\u0119ciu d\u0142ugoterminowym.<\/p>\n\t<p>Nasi <br \/>pracownicy<\/p>\n<hr \/>\n<p>wdra\u017camy najlepsze praktyki dla zapewnienia bezpiecznego i zdrowego \u015brodowiska pracy we wszystkich naszych plac\u00f3wkach. <\/p>\n\n","protected":false},"excerpt":{"rendered":"<p>W MONAT zdajemy sobie spraw\u0119, jak wa\u017cn\u0105 rol\u0119 ogrywa zr\u00f3wnowa\u017cony rozw\u00f3j w utrzymaniu naszych warto\u015bci. Mamy zawsze na uwadze dobro \u015brodowiska, dlatego dok\u0142adamy wszelkich stara\u0144, aby wywiera\u0107 pozytywny wp\u0142yw na nasze spo\u0142eczno\u015bci i planet\u0119, traktowa\u0107 ludzi z szacunkiem i okazywa\u0107 wdzi\u0119czno\u015b\u0107 we wszystkich aspektach naszej dzia\u0142alno\u015bci. B\u0119d\u0105c firm\u0105 o \u015bwiatowym zasi\u0119gu, zdajemy sobie spraw\u0119 z&hellip;<\/p>\n","protected":false},"author":31,"featured_media":0,"parent":0,"menu_order":0,"comment_status":"closed","ping_status":"closed","template":"","meta":{"inline_featured_image":false,"om_disable_all_campaigns":false,"_monsterinsights_skip_tracking":false,"_monsterinsights_sitenote_active":false,"_monsterinsights_sitenote_note":"","_monsterinsights_sitenote_category":0,"footnotes":""},"categories":[],"tags":[],"class_list":["post-60709","page","type-page","status-publish","hentry"],"aioseo_notices":[],"aioseo_head":"\n\t\t<!-- All in One SEO Pro 4.9.5.2 - aioseo.com -->\n\t<meta name=\"description\" content=\"W MONAT zdajemy sobie spraw\u0119, jak wa\u017cn\u0105 rol\u0119 ogrywa zr\u00f3wnowa\u017cony rozw\u00f3j w utrzymaniu naszych warto\u015bci. Mamy zawsze na uwadze dobro \u015brodowiska, dlatego dok\u0142adamy wszelkich stara\u0144, aby wywiera\u0107 pozytywny wp\u0142yw na nasze spo\u0142eczno\u015bci i planet\u0119, traktowa\u0107 ludzi z szacunkiem i okazywa\u0107 wdzi\u0119czno\u015b\u0107 we wszystkich aspektach naszej dzia\u0142alno\u015bci. B\u0119d\u0105c firm\u0105 o \u015bwiatowym zasi\u0119gu, zdajemy sobie spraw\u0119 z\" \/>\n\t<meta name=\"robots\" content=\"max-image-preview:large\" \/>\n\t<link rel=\"canonical\" href=\"https:\/\/monatglobal.com\/pl\/sustainability\/\" \/>\n\t<meta name=\"generator\" content=\"All in One SEO Pro (AIOSEO) 4.9.5.2\" \/>\n\t\t<meta property=\"og:locale\" content=\"pl_PL\" \/>\n\t\t<meta property=\"og:site_name\" content=\"MONAT POLAND - MONAT GLOBAL\" \/>\n\t\t<meta property=\"og:type\" content=\"article\" \/>\n\t\t<meta property=\"og:title\" content=\"Zr\u00f3wnowa\u017cony rozw\u00f3j MONAT - MONAT POLAND\" \/>\n\t\t<meta property=\"og:description\" content=\"W MONAT zdajemy sobie spraw\u0119, jak wa\u017cn\u0105 rol\u0119 ogrywa zr\u00f3wnowa\u017cony rozw\u00f3j w utrzymaniu naszych warto\u015bci. Mamy zawsze na uwadze dobro \u015brodowiska, dlatego dok\u0142adamy wszelkich stara\u0144, aby wywiera\u0107 pozytywny wp\u0142yw na nasze spo\u0142eczno\u015bci i planet\u0119, traktowa\u0107 ludzi z szacunkiem i okazywa\u0107 wdzi\u0119czno\u015b\u0107 we wszystkich aspektach naszej dzia\u0142alno\u015bci. B\u0119d\u0105c firm\u0105 o \u015bwiatowym zasi\u0119gu, zdajemy sobie spraw\u0119 z\" \/>\n\t\t<meta property=\"og:url\" content=\"https:\/\/monatglobal.com\/pl\/sustainability\/\" \/>\n\t\t<meta property=\"article:published_time\" content=\"2021-04-21T15:00:27+00:00\" \/>\n\t\t<meta property=\"article:modified_time\" content=\"2023-01-04T21:00:50+00:00\" \/>\n\t\t<meta name=\"twitter:card\" content=\"summary_large_image\" \/>\n\t\t<meta name=\"twitter:title\" content=\"Zr\u00f3wnowa\u017cony rozw\u00f3j MONAT - MONAT POLAND\" \/>\n\t\t<meta name=\"twitter:description\" content=\"W MONAT zdajemy sobie spraw\u0119, jak wa\u017cn\u0105 rol\u0119 ogrywa zr\u00f3wnowa\u017cony rozw\u00f3j w utrzymaniu naszych warto\u015bci. Mamy zawsze na uwadze dobro \u015brodowiska, dlatego dok\u0142adamy wszelkich stara\u0144, aby wywiera\u0107 pozytywny wp\u0142yw na nasze spo\u0142eczno\u015bci i planet\u0119, traktowa\u0107 ludzi z szacunkiem i okazywa\u0107 wdzi\u0119czno\u015b\u0107 we wszystkich aspektach naszej dzia\u0142alno\u015bci. B\u0119d\u0105c firm\u0105 o \u015bwiatowym zasi\u0119gu, zdajemy sobie spraw\u0119 z\" \/>\n\t\t<script type=\"application\/ld+json\" class=\"aioseo-schema\">\n\t\t\t{\"@context\":\"https:\\\/\\\/schema.org\",\"@graph\":[{\"@type\":\"BreadcrumbList\",\"@id\":\"https:\\\/\\\/monatglobal.com\\\/pl\\\/sustainability\\\/#breadcrumblist\",\"itemListElement\":[{\"@type\":\"ListItem\",\"@id\":\"https:\\\/\\\/monatglobal.com\\\/pl#listItem\",\"position\":1,\"name\":\"Home\",\"item\":\"https:\\\/\\\/monatglobal.com\\\/pl\",\"nextItem\":{\"@type\":\"ListItem\",\"@id\":\"https:\\\/\\\/monatglobal.com\\\/pl\\\/sustainability\\\/#listItem\",\"name\":\"Zr\\u00f3wnowa\\u017cony rozw\\u00f3j MONAT\"}},{\"@type\":\"ListItem\",\"@id\":\"https:\\\/\\\/monatglobal.com\\\/pl\\\/sustainability\\\/#listItem\",\"position\":2,\"name\":\"Zr\\u00f3wnowa\\u017cony rozw\\u00f3j MONAT\",\"previousItem\":{\"@type\":\"ListItem\",\"@id\":\"https:\\\/\\\/monatglobal.com\\\/pl#listItem\",\"name\":\"Home\"}}]},{\"@type\":\"Organization\",\"@id\":\"https:\\\/\\\/monatglobal.com\\\/pl\\\/#organization\",\"name\":\"MONAT POLAND\",\"description\":\"MONAT GLOBAL\",\"url\":\"https:\\\/\\\/monatglobal.com\\\/pl\\\/\"},{\"@type\":\"WebPage\",\"@id\":\"https:\\\/\\\/monatglobal.com\\\/pl\\\/sustainability\\\/#webpage\",\"url\":\"https:\\\/\\\/monatglobal.com\\\/pl\\\/sustainability\\\/\",\"name\":\"Zr\\u00f3wnowa\\u017cony rozw\\u00f3j MONAT - MONAT POLAND\",\"description\":\"W MONAT zdajemy sobie spraw\\u0119, jak wa\\u017cn\\u0105 rol\\u0119 ogrywa zr\\u00f3wnowa\\u017cony rozw\\u00f3j w utrzymaniu naszych warto\\u015bci. Mamy zawsze na uwadze dobro \\u015brodowiska, dlatego dok\\u0142adamy wszelkich stara\\u0144, aby wywiera\\u0107 pozytywny wp\\u0142yw na nasze spo\\u0142eczno\\u015bci i planet\\u0119, traktowa\\u0107 ludzi z szacunkiem i okazywa\\u0107 wdzi\\u0119czno\\u015b\\u0107 we wszystkich aspektach naszej dzia\\u0142alno\\u015bci. B\\u0119d\\u0105c firm\\u0105 o \\u015bwiatowym zasi\\u0119gu, zdajemy sobie spraw\\u0119 z\",\"inLanguage\":\"pl-PL\",\"isPartOf\":{\"@id\":\"https:\\\/\\\/monatglobal.com\\\/pl\\\/#website\"},\"breadcrumb\":{\"@id\":\"https:\\\/\\\/monatglobal.com\\\/pl\\\/sustainability\\\/#breadcrumblist\"},\"datePublished\":\"2021-04-21T11:00:27+01:00\",\"dateModified\":\"2023-01-04T21:00:50+00:00\"},{\"@type\":\"WebSite\",\"@id\":\"https:\\\/\\\/monatglobal.com\\\/pl\\\/#website\",\"url\":\"https:\\\/\\\/monatglobal.com\\\/pl\\\/\",\"name\":\"MONAT POLAND\",\"description\":\"MONAT GLOBAL\",\"inLanguage\":\"pl-PL\",\"publisher\":{\"@id\":\"https:\\\/\\\/monatglobal.com\\\/pl\\\/#organization\"}}]}\n\t\t<\/script>\n\t\t<!-- All in One SEO Pro -->\r\n\t\t<title>Zr\u00f3wnowa\u017cony rozw\u00f3j MONAT - MONAT POLAND<\/title>\n\n","aioseo_head_json":{"title":"Zr\u00f3wnowa\u017cony rozw\u00f3j MONAT - MONAT POLAND","description":"W MONAT zdajemy sobie spraw\u0119, jak wa\u017cn\u0105 rol\u0119 ogrywa zr\u00f3wnowa\u017cony rozw\u00f3j w utrzymaniu naszych warto\u015bci. Mamy zawsze na uwadze dobro \u015brodowiska, dlatego dok\u0142adamy wszelkich stara\u0144, aby wywiera\u0107 pozytywny wp\u0142yw na nasze spo\u0142eczno\u015bci i planet\u0119, traktowa\u0107 ludzi z szacunkiem i okazywa\u0107 wdzi\u0119czno\u015b\u0107 we wszystkich aspektach naszej dzia\u0142alno\u015bci. B\u0119d\u0105c firm\u0105 o \u015bwiatowym zasi\u0119gu, zdajemy sobie spraw\u0119 z","canonical_url":"https:\/\/monatglobal.com\/pl\/sustainability\/","robots":"max-image-preview:large","keywords":"","webmasterTools":{"miscellaneous":""},"schema":{"@context":"https:\/\/schema.org","@graph":[{"@type":"BreadcrumbList","@id":"https:\/\/monatglobal.com\/pl\/sustainability\/#breadcrumblist","itemListElement":[{"@type":"ListItem","@id":"https:\/\/monatglobal.com\/pl#listItem","position":1,"name":"Home","item":"https:\/\/monatglobal.com\/pl","nextItem":{"@type":"ListItem","@id":"https:\/\/monatglobal.com\/pl\/sustainability\/#listItem","name":"Zr\u00f3wnowa\u017cony rozw\u00f3j MONAT"}},{"@type":"ListItem","@id":"https:\/\/monatglobal.com\/pl\/sustainability\/#listItem","position":2,"name":"Zr\u00f3wnowa\u017cony rozw\u00f3j MONAT","previousItem":{"@type":"ListItem","@id":"https:\/\/monatglobal.com\/pl#listItem","name":"Home"}}]},{"@type":"Organization","@id":"https:\/\/monatglobal.com\/pl\/#organization","name":"MONAT POLAND","description":"MONAT GLOBAL","url":"https:\/\/monatglobal.com\/pl\/"},{"@type":"WebPage","@id":"https:\/\/monatglobal.com\/pl\/sustainability\/#webpage","url":"https:\/\/monatglobal.com\/pl\/sustainability\/","name":"Zr\u00f3wnowa\u017cony rozw\u00f3j MONAT - MONAT POLAND","description":"W MONAT zdajemy sobie spraw\u0119, jak wa\u017cn\u0105 rol\u0119 ogrywa zr\u00f3wnowa\u017cony rozw\u00f3j w utrzymaniu naszych warto\u015bci. Mamy zawsze na uwadze dobro \u015brodowiska, dlatego dok\u0142adamy wszelkich stara\u0144, aby wywiera\u0107 pozytywny wp\u0142yw na nasze spo\u0142eczno\u015bci i planet\u0119, traktowa\u0107 ludzi z szacunkiem i okazywa\u0107 wdzi\u0119czno\u015b\u0107 we wszystkich aspektach naszej dzia\u0142alno\u015bci. B\u0119d\u0105c firm\u0105 o \u015bwiatowym zasi\u0119gu, zdajemy sobie spraw\u0119 z","inLanguage":"pl-PL","isPartOf":{"@id":"https:\/\/monatglobal.com\/pl\/#website"},"breadcrumb":{"@id":"https:\/\/monatglobal.com\/pl\/sustainability\/#breadcrumblist"},"datePublished":"2021-04-21T11:00:27+01:00","dateModified":"2023-01-04T21:00:50+00:00"},{"@type":"WebSite","@id":"https:\/\/monatglobal.com\/pl\/#website","url":"https:\/\/monatglobal.com\/pl\/","name":"MONAT POLAND","description":"MONAT GLOBAL","inLanguage":"pl-PL","publisher":{"@id":"https:\/\/monatglobal.com\/pl\/#organization"}}]},"og:locale":"pl_PL","og:site_name":"MONAT POLAND - MONAT GLOBAL","og:type":"article","og:title":"Zr\u00f3wnowa\u017cony rozw\u00f3j MONAT - MONAT POLAND","og:description":"W MONAT zdajemy sobie spraw\u0119, jak wa\u017cn\u0105 rol\u0119 ogrywa zr\u00f3wnowa\u017cony rozw\u00f3j w utrzymaniu naszych warto\u015bci. Mamy zawsze na uwadze dobro \u015brodowiska, dlatego dok\u0142adamy wszelkich stara\u0144, aby wywiera\u0107 pozytywny wp\u0142yw na nasze spo\u0142eczno\u015bci i planet\u0119, traktowa\u0107 ludzi z szacunkiem i okazywa\u0107 wdzi\u0119czno\u015b\u0107 we wszystkich aspektach naszej dzia\u0142alno\u015bci. B\u0119d\u0105c firm\u0105 o \u015bwiatowym zasi\u0119gu, zdajemy sobie spraw\u0119 z","og:url":"https:\/\/monatglobal.com\/pl\/sustainability\/","article:published_time":"2021-04-21T15:00:27+00:00","article:modified_time":"2023-01-04T21:00:50+00:00","twitter:card":"summary_large_image","twitter:title":"Zr\u00f3wnowa\u017cony rozw\u00f3j MONAT - MONAT POLAND","twitter:description":"W MONAT zdajemy sobie spraw\u0119, jak wa\u017cn\u0105 rol\u0119 ogrywa zr\u00f3wnowa\u017cony rozw\u00f3j w utrzymaniu naszych warto\u015bci. Mamy zawsze na uwadze dobro \u015brodowiska, dlatego dok\u0142adamy wszelkich stara\u0144, aby wywiera\u0107 pozytywny wp\u0142yw na nasze spo\u0142eczno\u015bci i planet\u0119, traktowa\u0107 ludzi z szacunkiem i okazywa\u0107 wdzi\u0119czno\u015b\u0107 we wszystkich aspektach naszej dzia\u0142alno\u015bci. B\u0119d\u0105c firm\u0105 o \u015bwiatowym zasi\u0119gu, zdajemy sobie spraw\u0119 z"},"aioseo_meta_data":{"post_id":"60709","title":null,"description":null,"keywords":null,"keyphrases":null,"primary_term":null,"canonical_url":null,"og_title":null,"og_description":null,"og_object_type":"default","og_image_type":"default","og_image_url":null,"og_image_width":null,"og_image_height":null,"og_image_custom_url":null,"og_image_custom_fields":null,"og_video":null,"og_custom_url":null,"og_article_section":null,"og_article_tags":null,"twitter_use_og":false,"twitter_card":"default","twitter_image_type":"default","twitter_image_url":null,"twitter_image_custom_url":null,"twitter_image_custom_fields":null,"twitter_title":null,"twitter_description":null,"schema":{"blockGraphs":[],"customGraphs":[],"default":{"data":{"Article":[],"Course":[],"Dataset":[],"FAQPage":[],"Movie":[],"Person":[],"Product":[],"ProductReview":[],"Car":[],"Recipe":[],"Service":[],"SoftwareApplication":[],"WebPage":[]},"graphName":"","isEnabled":true},"graphs":[]},"schema_type":"default","schema_type_options":null,"pillar_content":false,"robots_default":true,"robots_noindex":false,"robots_noarchive":false,"robots_nosnippet":false,"robots_nofollow":false,"robots_noimageindex":false,"robots_noodp":false,"robots_notranslate":false,"robots_max_snippet":null,"robots_max_videopreview":null,"robots_max_imagepreview":"large","priority":null,"frequency":null,"local_seo":null,"seo_analyzer_scan_date":"2025-08-15 04:47:01","limit_modified_date":false,"reviewed_by":null,"open_ai":null,"ai":null,"created":"2023-07-26 09:50:27","updated":"2026-02-10 05:04:34"},"aioseo_breadcrumb":"<div class=\"aioseo-breadcrumbs\"><span class=\"aioseo-breadcrumb\">\n\t<a href=\"https:\/\/monatglobal.com\/pl\" title=\"Home\">Home<\/a>\n<\/span><span class=\"aioseo-breadcrumb-separator\">&raquo;<\/span><span class=\"aioseo-breadcrumb\">\n\tZr\u00f3wnowa\u017cony rozw\u00f3j MONAT\n<\/span><\/div>","aioseo_breadcrumb_json":[{"label":"Home","link":"https:\/\/monatglobal.com\/pl"},{"label":"Zr\u00f3wnowa\u017cony rozw\u00f3j MONAT","link":"https:\/\/monatglobal.com\/pl\/sustainability\/"}],"_links":{"self":[{"href":"https:\/\/monatglobal.com\/pl\/wp-json\/wp\/v2\/pages\/60709","targetHints":{"allow":["GET"]}}],"collection":[{"href":"https:\/\/monatglobal.com\/pl\/wp-json\/wp\/v2\/pages"}],"about":[{"href":"https:\/\/monatglobal.com\/pl\/wp-json\/wp\/v2\/types\/page"}],"author":[{"embeddable":true,"href":"https:\/\/monatglobal.com\/pl\/wp-json\/wp\/v2\/users\/31"}],"replies":[{"embeddable":true,"href":"https:\/\/monatglobal.com\/pl\/wp-json\/wp\/v2\/comments?post=60709"}],"version-history":[{"count":4,"href":"https:\/\/monatglobal.com\/pl\/wp-json\/wp\/v2\/pages\/60709\/revisions"}],"predecessor-version":[{"id":72168,"href":"https:\/\/monatglobal.com\/pl\/wp-json\/wp\/v2\/pages\/60709\/revisions\/72168"}],"wp:attachment":[{"href":"https:\/\/monatglobal.com\/pl\/wp-json\/wp\/v2\/media?parent=60709"}],"wp:term":[{"taxonomy":"category","embeddable":true,"href":"https:\/\/monatglobal.com\/pl\/wp-json\/wp\/v2\/categories?post=60709"},{"taxonomy":"post_tag","embeddable":true,"href":"https:\/\/monatglobal.com\/pl\/wp-json\/wp\/v2\/tags?post=60709"}],"curies":[{"name":"wp","href":"https:\/\/api.w.org\/{rel}","templated":true}]}}