{"id":53063,"date":"2020-09-04T16:51:49","date_gmt":"2020-09-04T20:51:49","guid":{"rendered":"https:\/\/monatglobal.com\/pl\/?page_id=53063"},"modified":"2020-09-04T16:51:49","modified_gmt":"2020-09-04T20:51:49","slug":"polityka-dotyczaca-plikow-cookie","status":"publish","type":"page","link":"https:\/\/monatglobal.com\/pl\/polityka-dotyczaca-plikow-cookie\/","title":{"rendered":"Polityka dotycz\u0105ca plik\u00f3w cookie"},"content":{"rendered":"\n\t\t\t\t<img loading=\"lazy\" decoding=\"async\" src=\"https:\/\/monatglobal.com\/pl\/wp-content\/uploads\/2020\/09\/MONAT-Logos-grey-2_03.png\" alt=\"MONAT-Logos-grey-2_03\" height=\"231\" width=\"287\" title=\"MONAT-Logos-grey-2_03\" \/>\n\t<p>MONAT Global Poland sp. z o.o. Polityka dotycz\u0105ca plik\u00f3w cookie<\/p> <br \/>\n<br \/>\n<br \/>\nNale\u017cy pami\u0119ta\u0107, \u017ce ta polityka stosuje si\u0119 wy\u0142\u0105cznie do witryn lub aplikacji mobilnych firmy MONAT (\u201ewitryny\u201d) zawieraj\u0105cych \u0142\u0105cze do niej. \n<br \/>\n<br \/>\n<p>Najcz\u0119\u015bciej zadawane pytania (FAQ) <\/p>\n<br \/>\n<ul>\n    <li>\n       \tCzym s\u0105 pliki cookie?\n    <\/li>\n    <li>\n       \tW jaki spos\u00f3b ta witryna wykorzystuje pliki cookie i jakie informacje gromadzi?\n    <\/li>\n    <li>\n       \tJak mo\u017cna wy\u0142\u0105czy\u0107 i w\u0142\u0105czy\u0107 obs\u0142ug\u0119 plik\u00f3w cookie?\n    <\/li>\n<\/ul>\n<br \/>\n<br \/>\nCzym s\u0105 pliki cookie?\n<br \/>\nPlik cookie to ci\u0105g informacji tekstowych, kt\u00f3re witryna internetowa przenosi do pliku przegl\u0105darki zapisywanego na dysku twardym komputera u\u017cytkownika, aby dana witryna mog\u0142a \u201ezapami\u0119ta\u0107\u201d tego u\u017cytkownika. Pliki cookie mog\u0105 u\u0142atwi\u0107 witrynie internetowej szybsze przystosowanie tre\u015bci do zainteresowa\u0144 u\u017cytkownika. Niekt\u00f3re pliki cookie mog\u0105 umo\u017cliwi\u0107 nam przywracanie <br \/>i odtwarzanie sesji u\u017cytkownika w naszych witrynach. Wi\u0119kszo\u015b\u0107 du\u017cych witryn internetowych korzysta z plik\u00f3w cookie.\n<br \/><br \/>\nZazwyczaj plik cookie zawiera nazw\u0119 domeny, z kt\u00f3rej pochodzi, okres \u201e\u017cywotno\u015bci\u201d pliku cookie oraz warto\u015b\u0107, czyli zwykle losowo wygenerowan\u0105, niepowtarzaln\u0105 liczb\u0119.\n<br \/><br \/>\nW tej witrynie internetowej firma MONAT stosuje dwa rodzaje plik\u00f3w cookie:<br \/>\n<br \/>\n<ul>\n      <li>\tsesyjne pliki cookie to pliki tymczasowe, kt\u00f3re pozostaj\u0105 zapisane przez przegl\u0105dark\u0119 do momentu opuszczenia witryny przez u\u017cytkownika;<\/li>\n      <li>\ttrwa\u0142e pliki cookie, kt\u00f3re pozostaj\u0105 zapisane przez przegl\u0105dark\u0119 u\u017cytkownika przez znacznie d\u0142u\u017cszy czas (konkretny okres zale\u017cy od zaprogramowanej \u017cywotno\u015bci danego pliku).<\/li>\n<\/ul><br \/>\n<br \/>\n W jaki spos\u00f3b ta witryna wykorzystuje pliki cookie i jakie informacje gromadzi?\n<br \/>\n\nSesyjne pliki cookie<br \/>\nS\u0142u\u017c\u0105 do nast\u0119puj\u0105cych cel\u00f3w:\n<br \/>\n<ul>\n<li> umo\u017cliwiaj\u0105 u\u017cytkownikowi przenoszenie danych mi\u0119dzy poszczeg\u00f3lnymi stronami naszej witryny bez konieczno\u015bci ponownego wprowadzania informacji oraz<\/li>\n<li> dost\u0119p do zapisanych danych po dokonaniu rejestracji. <\/li>\n<\/ul>\n<br \/>\n<p>Trwa\u0142e pliki cookie<\/p>\n                S\u0142u\u017c\u0105 do nast\u0119puj\u0105cych cel\u00f3w:<br \/>\n                <ul>\n                    <li> aby u\u0142atwi\u0107 nam rozpoznanie u\u017cytkownika jako konkretnego odwiedzaj\u0105cego witryn\u0119 (za pomoc\u0105 oznaczenia liczb\u0105), gdy powr\u00f3ci na nasz\u0105 witryn\u0119; <\/li>\n                     <li> aby umo\u017cliwi\u0107 nam przystosowanie tre\u015bci lub reklam do zainteresowa\u0144 u\u017cytkownika lub unikn\u0105\u0107 wielokrotnego wy\u015bwietlania tych samych reklam; <\/li>\n                      <li> do tworzenia zagregowanych statystyk, kt\u00f3re pozwol\u0105 nam zrozumie\u0107, jak u\u017cytkownicy korzystaj\u0105 z naszej witryny, i udoskonali\u0107 jej budow\u0119; <\/li>\n                       <li> do ustalania i rozwi\u0105zywania problem\u00f3w dot. do\u015bwiadcze\u0144 u\u017cytkownika oraz usprawniania dzia\u0142ania witryny oraz <\/li>\n                        <li> do odpowiadania na zapytania cz\u0142onk\u00f3w i pomocy w zapewnieniu zgodno\u015bci z firmowymi zasadami cz\u0142onkostwa. <\/li>\n                <\/ul>    <br \/>\n                Pliki cookie stron trzecich  \n                                 Strony trzecie r\u00f3wnie\u017c mog\u0105 przesy\u0142a\u0107 i obs\u0142ugiwa\u0107 pliki cookie za po\u015brednictwem witryn do: S\u0142u\u017c\u0105 do nast\u0119puj\u0105cych cel\u00f3w:\n<br \/>\n                 <ul>\n                    <li>\tprzystosowywania tre\u015bci do preferencji u\u017cytkownika;<\/li>\n                    <li>\tzliczania u\u017cytkownik\u00f3w naszej witryny oraz <\/li>\n                    <li>\tzapewniania bezpiecze\u0144stwa koszyk\u00f3w zakupowych i transakcji handlowych. <\/li>\n                    <\/ul>\n                <br \/>\n                  <br \/>\n \nSygna\u0142y nawigacyjne sieci Web (web beacons)  \nNiekt\u00f3re z naszych witryn mog\u0105 zawiera\u0107 obrazy elektroniczne zwane sygna\u0142ami sygnalizacyjnymi sieci Web (a niekiedy przezroczystymi plikami GIF), kt\u00f3re umo\u017cliwiaj\u0105 zliczanie u\u017cytkownik\u00f3w odwiedzaj\u0105cych te witryny. Sygna\u0142y nawigacyjne gromadz\u0105 wy\u0142\u0105cznie ograniczone dane, kt\u00f3re obejmuj\u0105 liczb\u0119 zapisan\u0105 w pliku cookie, czas i dat\u0119 ods\u0142ony witryny oraz opis witryny, na kt\u00f3rej znajduje si\u0119 dany sygna\u0142 nawigacyjny. Nasze witryny mog\u0105 r\u00f3wnie\u017c zawiera\u0107 sygna\u0142y nawigacyjne umieszczone przez reklamodawc\u00f3w zewn\u0119trznych. Te sygna\u0142y nawigacyjne s\u0142u\u017c\u0105 wy\u0142\u0105cznie do monitorowania skuteczno\u015bci danej kampanii reklamowej.\n<br \/>\n<br \/>\n\nJak mo\u017cna wy\u0142\u0105czy\u0107 i w\u0142\u0105czy\u0107 obs\u0142ug\u0119 plik\u00f3w cookie?\n<br \/>\n U\u017cytkownik mo\u017ce zaakceptowa\u0107 lub odrzuci\u0107 pliki cookie, zmieniaj\u0105c ustawienia <br \/>\nw przegl\u0105darce. Jednak po wy\u0142\u0105czeniu obs\u0142ugi plik\u00f3w cookie mo\u017ce nie m\u00f3c korzysta\u0107 ze wszystkich funkcji interaktywnych naszej witryny. Je\u015bli u\u017cytkownik chce otrzymywa\u0107 ostrze\u017cenie przed zaakceptowaniem danego pliku cookie na dysku twardym, powinien zapozna\u0107 si\u0119 z poni\u017cszymi wskaz\u00f3wkami:\n\n<br \/>\n<ul>\n<li> <a href=\"https:\/\/support.microsoft.com\/en-us\/help\/17442\/windows-internet-explorer-delete-manage-cookies\" target=\"_blank\" rel=\"noopener noreferrer\">Ustawienia plik\u00f3w cookie w przegl\u0105darce Internet Explorer<\/a><\/li>     \n<li> <a href=\"https:\/\/support.mozilla.org\/en-US\/kb\/cookies-information-websites-store-on-your-computer?redirectlocale=en-US&amp;redirectslug=Cookies\" target=\"_blank\" rel=\"noopener noreferrer\">Ustawienia plik\u00f3w cookie w przegl\u0105darce Firefox<\/a><\/li>     \n<li> <a href=\"https:\/\/support.google.com\/chrome\/answer\/95647?hl=en\" target=\"_blank\" rel=\"noopener noreferrer\">Ustawienia plik\u00f3w cookie w przegl\u0105darce Chrome<\/a><\/li>   \n<li> <a href=\"https:\/\/support.apple.com\/kb\/ph5042\" target=\"_blank\" rel=\"noopener noreferrer\">Ustawienia plik\u00f3w cookie w przegl\u0105darce Safari Web i iOS.<\/a><\/li>     \n<\/ul>\n<br \/> \n\nUsuwanie plik\u00f3w cookie  \nWszystkie pliki cookie zainstalowane w folderze plik\u00f3w cookie przegl\u0105darki mo\u017cna z \u0142atwo\u015bci\u0105 usun\u0105\u0107. Je\u015bli u\u017cytkownik korzysta na przyk\u0142ad z Eksploratora Windows (Microsoft):\n <br \/>\n <ul>\n<li> \tOtw\u00f3rz \u201eEksplorator Windows\u201d.<\/li>     \n<li> \tKliknij przycisk \u201eSzukaj\u201d na pasku narz\u0119dzi.<\/li>     \n<li> \tWpisz \u201ecookie\u201d w polu wyszukiwania \u201eFoldery i pliki\u201d.<\/li>   \n<li> \tWybierz opcj\u0119 \u201eM\u00f3j komputer\u201d w polu \u201eWyszukaj w\u201d.<\/li>     \n<li> \tKliknij \u201eWyszukaj teraz\u201d.<\/li>   \n<li> \tKliknij dwukrotnie znalezione foldery.<\/li>     \n<li> \tZaznacz dowolny plik cookie.<\/li> \n<li> \tNaci\u015bnij przycisk \u201eDelete\u201d na klawiaturze.<\/li> \n<\/ul>\n<br \/>\nJe\u015bli u\u017cytkownik nie korzysta z Eksploratora Windows, powinien wpisa\u0107 \u201epliki cookie\u201d w funkcji \u201ePomoc\u201d, aby dowiedzie\u0107 si\u0119, gdzie znajduje si\u0119 folder z plikami cookie.\n\n<br \/>\n\nJakie prawa przys\u0142uguj\u0105 mi w odniesieniu do danych osobowych?\n\n<br \/>\nW zale\u017cno\u015bci od obowi\u0105zuj\u0105cych przepis\u00f3w u\u017cytkownik mo\u017ce mie\u0107 r\u00f3\u017cne prawa w zakresie w\u0142asnych danych osobowych, np. prawo dost\u0119pu, prawo do sprostowania, ograniczenia przetwarzania lub sprzeciwu wobec przetwarzania jego danych osobowych (w tym przetwarzania na potrzeby marketingu bezpo\u015bredniego), a tak\u017ce mo\u017cliwo\u015b\u0107 przeniesienia danych do innego administratora danych oraz usuni\u0119cia danych osobowych. Niekt\u00f3re z naszych witryn umo\u017cliwiaj\u0105 przegl\u0105danie i aktualizacj\u0119 danych osobowych u\u017cytkownika. Je\u015bli ta funkcja jest niedost\u0119pna lub u\u017cytkownik chce uzyska\u0107 pomoc w zakresie innych praw dotycz\u0105cych danych osobowych, prosimy o kontakt z inspektorami ochrony danych w firmie MONAT pod poni\u017cszym adresem.\n<br \/>\n<br \/>\n Nale\u017cy pami\u0119ta\u0107, \u017ce te prawa u\u017cytkownika podlegaj\u0105 ograniczeniom wyznaczonym <br \/>\nw stosownych przepisach.<br \/><br \/>\n\nJe\u015bli u\u017cytkownik nie \u017cyczy sobie otrzymywania reklam poczt\u0105 elektroniczn\u0105 lub w wiadomo\u015bciach SMS, b\u0119dzie mia\u0142 mo\u017cliwo\u015b\u0107 rezygnacji z nich w otrzymywanych wiadomo\u015bciach.<br \/><br \/>\nW przypadku dodatkowych pyta\u0144 dotycz\u0105cych tej polityki i naszych praktyk lub w przypadku jakichkolwiek reklamacji lub skarg w zakresie wykorzystywania danych osobowych przez firm\u0119 MONAT prosimy o kontakt z naszymi inspektorami ochrony danych pod adresem:\n<br \/><br \/>\n<a href=\"DPO@monatglobal.com\" target=\"_blank\" rel=\"noopener noreferrer\">DPO@monatglobal.com<\/a>\n<br \/>\n<br \/>\n\nU\u017cytkownicy i cz\u0142onkowie zamieszkali na terenie Unii Europejskiej, maj\u0105cy obawy dotycz\u0105ce gromadzenia i wykorzystywania ich danych osobowych przez firm\u0119 MONAT, kt\u00f3rych MONAT nie mo\u017ce w spos\u00f3b zadowalaj\u0105cy rozwi\u0105za\u0107, maj\u0105 prawo do z\u0142o\u017cenia skargi do w\u0142a\u015bciwego organu nadzorczego w swojej jurysdykcji.\n\nPrawa dotycz\u0105ce ochrony prywatno\u015bci, jak r\u00f3wnie\u017c wytyczne i orzecznictwo w tym zakresie ci\u0105gle si\u0119 zmieniaj\u0105. W zwi\u0105zku z tym firma MONAT zastrzega sobie prawo do okresowego zmieniania tej polityki. Zalecamy okresowe odwiedzanie tej witryny w celu zapoznania si\u0119 <br \/> \nz najnowsz\u0105 wersj\u0105 naszej polityki. <br \/>\n<p>Ostatnia aktualizacja: 4 wrze\u015bnia 2019 r.<\/p>\n","protected":false},"excerpt":{"rendered":"<p>MONAT Global Poland sp. z o.o. Polityka dotycz\u0105ca plik\u00f3w cookie Nale\u017cy pami\u0119ta\u0107, \u017ce ta polityka stosuje si\u0119 wy\u0142\u0105cznie do witryn lub aplikacji mobilnych firmy MONAT (\u201ewitryny\u201d) zawieraj\u0105cych \u0142\u0105cze do niej. Najcz\u0119\u015bciej zadawane pytania (FAQ) Czym s\u0105 pliki cookie? W jaki spos\u00f3b ta witryna wykorzystuje pliki cookie i jakie informacje gromadzi? Jak mo\u017cna wy\u0142\u0105czy\u0107 i w\u0142\u0105czy\u0107&hellip;<\/p>\n","protected":false},"author":31,"featured_media":0,"parent":0,"menu_order":0,"comment_status":"closed","ping_status":"closed","template":"","meta":{"inline_featured_image":false,"om_disable_all_campaigns":false,"_monsterinsights_skip_tracking":false,"_monsterinsights_sitenote_active":false,"_monsterinsights_sitenote_note":"","_monsterinsights_sitenote_category":0,"footnotes":""},"categories":[],"tags":[],"class_list":["post-53063","page","type-page","status-publish","hentry"],"aioseo_notices":[],"aioseo_head":"\n\t\t<!-- All in One SEO Pro 4.9.6 - aioseo.com -->\n\t<meta name=\"description\" content=\"MONAT Global Poland sp. z o.o. Polityka dotycz\u0105ca plik\u00f3w cookie Nale\u017cy pami\u0119ta\u0107, \u017ce ta polityka stosuje si\u0119 wy\u0142\u0105cznie do witryn lub aplikacji mobilnych firmy MONAT (\u201ewitryny\u201d) zawieraj\u0105cych \u0142\u0105cze do niej. Najcz\u0119\u015bciej zadawane pytania (FAQ) Czym s\u0105 pliki cookie? W jaki spos\u00f3b ta witryna wykorzystuje pliki cookie i jakie informacje gromadzi? Jak mo\u017cna wy\u0142\u0105czy\u0107 i w\u0142\u0105czy\u0107\" \/>\n\t<meta name=\"robots\" content=\"max-image-preview:large\" \/>\n\t<link rel=\"canonical\" href=\"https:\/\/monatglobal.com\/pl\/polityka-dotyczaca-plikow-cookie\/\" \/>\n\t<meta name=\"generator\" content=\"All in One SEO Pro (AIOSEO) 4.9.6\" \/>\n\t\t<meta property=\"og:locale\" content=\"pl_PL\" \/>\n\t\t<meta property=\"og:site_name\" content=\"MONAT POLAND - MONAT GLOBAL\" \/>\n\t\t<meta property=\"og:type\" content=\"article\" \/>\n\t\t<meta property=\"og:title\" content=\"Polityka dotycz\u0105ca plik\u00f3w cookie - MONAT POLAND\" \/>\n\t\t<meta property=\"og:description\" content=\"MONAT Global Poland sp. z o.o. Polityka dotycz\u0105ca plik\u00f3w cookie Nale\u017cy pami\u0119ta\u0107, \u017ce ta polityka stosuje si\u0119 wy\u0142\u0105cznie do witryn lub aplikacji mobilnych firmy MONAT (\u201ewitryny\u201d) zawieraj\u0105cych \u0142\u0105cze do niej. Najcz\u0119\u015bciej zadawane pytania (FAQ) Czym s\u0105 pliki cookie? W jaki spos\u00f3b ta witryna wykorzystuje pliki cookie i jakie informacje gromadzi? Jak mo\u017cna wy\u0142\u0105czy\u0107 i w\u0142\u0105czy\u0107\" \/>\n\t\t<meta property=\"og:url\" content=\"https:\/\/monatglobal.com\/pl\/polityka-dotyczaca-plikow-cookie\/\" \/>\n\t\t<meta property=\"article:published_time\" content=\"2020-09-04T20:51:49+00:00\" \/>\n\t\t<meta property=\"article:modified_time\" content=\"2020-09-04T20:51:49+00:00\" \/>\n\t\t<meta name=\"twitter:card\" content=\"summary_large_image\" \/>\n\t\t<meta name=\"twitter:title\" content=\"Polityka dotycz\u0105ca plik\u00f3w cookie - MONAT POLAND\" \/>\n\t\t<meta name=\"twitter:description\" content=\"MONAT Global Poland sp. z o.o. Polityka dotycz\u0105ca plik\u00f3w cookie Nale\u017cy pami\u0119ta\u0107, \u017ce ta polityka stosuje si\u0119 wy\u0142\u0105cznie do witryn lub aplikacji mobilnych firmy MONAT (\u201ewitryny\u201d) zawieraj\u0105cych \u0142\u0105cze do niej. Najcz\u0119\u015bciej zadawane pytania (FAQ) Czym s\u0105 pliki cookie? W jaki spos\u00f3b ta witryna wykorzystuje pliki cookie i jakie informacje gromadzi? Jak mo\u017cna wy\u0142\u0105czy\u0107 i w\u0142\u0105czy\u0107\" \/>\n\t\t<script type=\"application\/ld+json\" class=\"aioseo-schema\">\n\t\t\t{\"@context\":\"https:\\\/\\\/schema.org\",\"@graph\":[{\"@type\":\"BreadcrumbList\",\"@id\":\"https:\\\/\\\/monatglobal.com\\\/pl\\\/polityka-dotyczaca-plikow-cookie\\\/#breadcrumblist\",\"itemListElement\":[{\"@type\":\"ListItem\",\"@id\":\"https:\\\/\\\/monatglobal.com\\\/pl#listItem\",\"position\":1,\"name\":\"Home\",\"item\":\"https:\\\/\\\/monatglobal.com\\\/pl\",\"nextItem\":{\"@type\":\"ListItem\",\"@id\":\"https:\\\/\\\/monatglobal.com\\\/pl\\\/polityka-dotyczaca-plikow-cookie\\\/#listItem\",\"name\":\"Polityka dotycz\\u0105ca plik\\u00f3w cookie\"}},{\"@type\":\"ListItem\",\"@id\":\"https:\\\/\\\/monatglobal.com\\\/pl\\\/polityka-dotyczaca-plikow-cookie\\\/#listItem\",\"position\":2,\"name\":\"Polityka dotycz\\u0105ca plik\\u00f3w cookie\",\"previousItem\":{\"@type\":\"ListItem\",\"@id\":\"https:\\\/\\\/monatglobal.com\\\/pl#listItem\",\"name\":\"Home\"}}]},{\"@type\":\"Organization\",\"@id\":\"https:\\\/\\\/monatglobal.com\\\/pl\\\/#organization\",\"name\":\"MONAT POLAND\",\"description\":\"MONAT GLOBAL\",\"url\":\"https:\\\/\\\/monatglobal.com\\\/pl\\\/\"},{\"@type\":\"WebPage\",\"@id\":\"https:\\\/\\\/monatglobal.com\\\/pl\\\/polityka-dotyczaca-plikow-cookie\\\/#webpage\",\"url\":\"https:\\\/\\\/monatglobal.com\\\/pl\\\/polityka-dotyczaca-plikow-cookie\\\/\",\"name\":\"Polityka dotycz\\u0105ca plik\\u00f3w cookie - MONAT POLAND\",\"description\":\"MONAT Global Poland sp. z o.o. Polityka dotycz\\u0105ca plik\\u00f3w cookie Nale\\u017cy pami\\u0119ta\\u0107, \\u017ce ta polityka stosuje si\\u0119 wy\\u0142\\u0105cznie do witryn lub aplikacji mobilnych firmy MONAT (\\u201ewitryny\\u201d) zawieraj\\u0105cych \\u0142\\u0105cze do niej. Najcz\\u0119\\u015bciej zadawane pytania (FAQ) Czym s\\u0105 pliki cookie? W jaki spos\\u00f3b ta witryna wykorzystuje pliki cookie i jakie informacje gromadzi? Jak mo\\u017cna wy\\u0142\\u0105czy\\u0107 i w\\u0142\\u0105czy\\u0107\",\"inLanguage\":\"pl-PL\",\"isPartOf\":{\"@id\":\"https:\\\/\\\/monatglobal.com\\\/pl\\\/#website\"},\"breadcrumb\":{\"@id\":\"https:\\\/\\\/monatglobal.com\\\/pl\\\/polityka-dotyczaca-plikow-cookie\\\/#breadcrumblist\"},\"datePublished\":\"2020-09-04T16:51:49+01:00\",\"dateModified\":\"2020-09-04T16:51:49+01:00\"},{\"@type\":\"WebSite\",\"@id\":\"https:\\\/\\\/monatglobal.com\\\/pl\\\/#website\",\"url\":\"https:\\\/\\\/monatglobal.com\\\/pl\\\/\",\"name\":\"MONAT POLAND\",\"description\":\"MONAT GLOBAL\",\"inLanguage\":\"pl-PL\",\"publisher\":{\"@id\":\"https:\\\/\\\/monatglobal.com\\\/pl\\\/#organization\"}}]}\n\t\t<\/script>\n\t\t<!-- All in One SEO Pro -->\r\n\t\t<title>Polityka dotycz\u0105ca plik\u00f3w cookie - MONAT POLAND<\/title>\n\n","aioseo_head_json":{"title":"Polityka dotycz\u0105ca plik\u00f3w cookie - MONAT POLAND","description":"MONAT Global Poland sp. z o.o. Polityka dotycz\u0105ca plik\u00f3w cookie Nale\u017cy pami\u0119ta\u0107, \u017ce ta polityka stosuje si\u0119 wy\u0142\u0105cznie do witryn lub aplikacji mobilnych firmy MONAT (\u201ewitryny\u201d) zawieraj\u0105cych \u0142\u0105cze do niej. Najcz\u0119\u015bciej zadawane pytania (FAQ) Czym s\u0105 pliki cookie? W jaki spos\u00f3b ta witryna wykorzystuje pliki cookie i jakie informacje gromadzi? Jak mo\u017cna wy\u0142\u0105czy\u0107 i w\u0142\u0105czy\u0107","canonical_url":"https:\/\/monatglobal.com\/pl\/polityka-dotyczaca-plikow-cookie\/","robots":"max-image-preview:large","keywords":"","webmasterTools":{"miscellaneous":""},"schema":{"@context":"https:\/\/schema.org","@graph":[{"@type":"BreadcrumbList","@id":"https:\/\/monatglobal.com\/pl\/polityka-dotyczaca-plikow-cookie\/#breadcrumblist","itemListElement":[{"@type":"ListItem","@id":"https:\/\/monatglobal.com\/pl#listItem","position":1,"name":"Home","item":"https:\/\/monatglobal.com\/pl","nextItem":{"@type":"ListItem","@id":"https:\/\/monatglobal.com\/pl\/polityka-dotyczaca-plikow-cookie\/#listItem","name":"Polityka dotycz\u0105ca plik\u00f3w cookie"}},{"@type":"ListItem","@id":"https:\/\/monatglobal.com\/pl\/polityka-dotyczaca-plikow-cookie\/#listItem","position":2,"name":"Polityka dotycz\u0105ca plik\u00f3w cookie","previousItem":{"@type":"ListItem","@id":"https:\/\/monatglobal.com\/pl#listItem","name":"Home"}}]},{"@type":"Organization","@id":"https:\/\/monatglobal.com\/pl\/#organization","name":"MONAT POLAND","description":"MONAT GLOBAL","url":"https:\/\/monatglobal.com\/pl\/"},{"@type":"WebPage","@id":"https:\/\/monatglobal.com\/pl\/polityka-dotyczaca-plikow-cookie\/#webpage","url":"https:\/\/monatglobal.com\/pl\/polityka-dotyczaca-plikow-cookie\/","name":"Polityka dotycz\u0105ca plik\u00f3w cookie - MONAT POLAND","description":"MONAT Global Poland sp. z o.o. Polityka dotycz\u0105ca plik\u00f3w cookie Nale\u017cy pami\u0119ta\u0107, \u017ce ta polityka stosuje si\u0119 wy\u0142\u0105cznie do witryn lub aplikacji mobilnych firmy MONAT (\u201ewitryny\u201d) zawieraj\u0105cych \u0142\u0105cze do niej. Najcz\u0119\u015bciej zadawane pytania (FAQ) Czym s\u0105 pliki cookie? W jaki spos\u00f3b ta witryna wykorzystuje pliki cookie i jakie informacje gromadzi? Jak mo\u017cna wy\u0142\u0105czy\u0107 i w\u0142\u0105czy\u0107","inLanguage":"pl-PL","isPartOf":{"@id":"https:\/\/monatglobal.com\/pl\/#website"},"breadcrumb":{"@id":"https:\/\/monatglobal.com\/pl\/polityka-dotyczaca-plikow-cookie\/#breadcrumblist"},"datePublished":"2020-09-04T16:51:49+01:00","dateModified":"2020-09-04T16:51:49+01:00"},{"@type":"WebSite","@id":"https:\/\/monatglobal.com\/pl\/#website","url":"https:\/\/monatglobal.com\/pl\/","name":"MONAT POLAND","description":"MONAT GLOBAL","inLanguage":"pl-PL","publisher":{"@id":"https:\/\/monatglobal.com\/pl\/#organization"}}]},"og:locale":"pl_PL","og:site_name":"MONAT POLAND - MONAT GLOBAL","og:type":"article","og:title":"Polityka dotycz\u0105ca plik\u00f3w cookie - MONAT POLAND","og:description":"MONAT Global Poland sp. z o.o. Polityka dotycz\u0105ca plik\u00f3w cookie Nale\u017cy pami\u0119ta\u0107, \u017ce ta polityka stosuje si\u0119 wy\u0142\u0105cznie do witryn lub aplikacji mobilnych firmy MONAT (\u201ewitryny\u201d) zawieraj\u0105cych \u0142\u0105cze do niej. Najcz\u0119\u015bciej zadawane pytania (FAQ) Czym s\u0105 pliki cookie? W jaki spos\u00f3b ta witryna wykorzystuje pliki cookie i jakie informacje gromadzi? Jak mo\u017cna wy\u0142\u0105czy\u0107 i w\u0142\u0105czy\u0107","og:url":"https:\/\/monatglobal.com\/pl\/polityka-dotyczaca-plikow-cookie\/","article:published_time":"2020-09-04T20:51:49+00:00","article:modified_time":"2020-09-04T20:51:49+00:00","twitter:card":"summary_large_image","twitter:title":"Polityka dotycz\u0105ca plik\u00f3w cookie - MONAT POLAND","twitter:description":"MONAT Global Poland sp. z o.o. Polityka dotycz\u0105ca plik\u00f3w cookie Nale\u017cy pami\u0119ta\u0107, \u017ce ta polityka stosuje si\u0119 wy\u0142\u0105cznie do witryn lub aplikacji mobilnych firmy MONAT (\u201ewitryny\u201d) zawieraj\u0105cych \u0142\u0105cze do niej. Najcz\u0119\u015bciej zadawane pytania (FAQ) Czym s\u0105 pliki cookie? W jaki spos\u00f3b ta witryna wykorzystuje pliki cookie i jakie informacje gromadzi? Jak mo\u017cna wy\u0142\u0105czy\u0107 i w\u0142\u0105czy\u0107"},"aioseo_meta_data":{"post_id":"53063","title":null,"description":null,"keywords":null,"keyphrases":null,"primary_term":null,"canonical_url":null,"og_title":null,"og_description":null,"og_object_type":"default","og_image_type":"default","og_image_url":null,"og_image_width":null,"og_image_height":null,"og_image_custom_url":null,"og_image_custom_fields":null,"og_video":null,"og_custom_url":null,"og_article_section":null,"og_article_tags":null,"twitter_use_og":false,"twitter_card":"default","twitter_image_type":"default","twitter_image_url":null,"twitter_image_custom_url":null,"twitter_image_custom_fields":null,"twitter_title":null,"twitter_description":null,"schema":{"blockGraphs":[],"customGraphs":[],"default":{"data":{"Article":[],"Course":[],"Dataset":[],"FAQPage":[],"Movie":[],"Person":[],"Product":[],"ProductReview":[],"Car":[],"Recipe":[],"Service":[],"SoftwareApplication":[],"WebPage":[]},"graphName":"","isEnabled":true},"graphs":[]},"schema_type":"default","schema_type_options":null,"pillar_content":false,"robots_default":true,"robots_noindex":false,"robots_noarchive":false,"robots_nosnippet":false,"robots_nofollow":false,"robots_noimageindex":false,"robots_noodp":false,"robots_notranslate":false,"robots_max_snippet":null,"robots_max_videopreview":null,"robots_max_imagepreview":"large","priority":null,"frequency":null,"local_seo":null,"seo_analyzer_scan_date":"2025-08-15 04:46:55","limit_modified_date":false,"reviewed_by":null,"open_ai":null,"ai":null,"created":"2023-07-26 09:49:38","updated":"2026-02-10 05:04:34"},"aioseo_breadcrumb":"<div class=\"aioseo-breadcrumbs\"><span class=\"aioseo-breadcrumb\">\n\t<a href=\"https:\/\/monatglobal.com\/pl\" title=\"Home\">Home<\/a>\n<\/span><span class=\"aioseo-breadcrumb-separator\">&raquo;<\/span><span class=\"aioseo-breadcrumb\">\n\tPolityka dotycz\u0105ca plik\u00f3w cookie\n<\/span><\/div>","aioseo_breadcrumb_json":[{"label":"Home","link":"https:\/\/monatglobal.com\/pl"},{"label":"Polityka dotycz\u0105ca plik\u00f3w cookie","link":"https:\/\/monatglobal.com\/pl\/polityka-dotyczaca-plikow-cookie\/"}],"_links":{"self":[{"href":"https:\/\/monatglobal.com\/pl\/wp-json\/wp\/v2\/pages\/53063","targetHints":{"allow":["GET"]}}],"collection":[{"href":"https:\/\/monatglobal.com\/pl\/wp-json\/wp\/v2\/pages"}],"about":[{"href":"https:\/\/monatglobal.com\/pl\/wp-json\/wp\/v2\/types\/page"}],"author":[{"embeddable":true,"href":"https:\/\/monatglobal.com\/pl\/wp-json\/wp\/v2\/users\/31"}],"replies":[{"embeddable":true,"href":"https:\/\/monatglobal.com\/pl\/wp-json\/wp\/v2\/comments?post=53063"}],"version-history":[{"count":0,"href":"https:\/\/monatglobal.com\/pl\/wp-json\/wp\/v2\/pages\/53063\/revisions"}],"wp:attachment":[{"href":"https:\/\/monatglobal.com\/pl\/wp-json\/wp\/v2\/media?parent=53063"}],"wp:term":[{"taxonomy":"category","embeddable":true,"href":"https:\/\/monatglobal.com\/pl\/wp-json\/wp\/v2\/categories?post=53063"},{"taxonomy":"post_tag","embeddable":true,"href":"https:\/\/monatglobal.com\/pl\/wp-json\/wp\/v2\/tags?post=53063"}],"curies":[{"name":"wp","href":"https:\/\/api.w.org\/{rel}","templated":true}]}}