{"id":49968,"date":"2022-05-01T05:00:23","date_gmt":"2022-05-01T04:00:23","guid":{"rendered":"http:\/\/monatglobal.com\/pl\/?page_id=49968"},"modified":"2025-11-27T00:17:21","modified_gmt":"2025-11-27T00:17:21","slug":"vip","status":"publish","type":"page","link":"https:\/\/monatglobal.com\/pl\/vip\/","title":{"rendered":"pl vip"},"content":{"rendered":"\n\n\t<style>\n    :root{\n        --gray: #F4F3F2;\n        --green: #8C966A;\n    } \n<\/style>\n    <section id=\"bannerSec\">\n            <h3>WITAMY W <\/h3>\n            <img decoding=\"async\" id=\"monatLogo_w\" src=\"https:\/\/monatglobal.com\/wp-content\/uploads\/2023\/08\/monat-logo-white-1.svg\" alt=\"monat logo\"\/>\n            <h1>VIP PERKS\u2122<\/h1> \n            <h2>Do twarzy Ci z przywilejami VIP.<\/h2>\n            <a href=\"https:\/\/corp.mymonat.com\/pyr_core\/v2_enrollments\/select_market?enroll_params=profile_form_type%3Dvip_for_life&#038;lang_code=pl&#038;market=PL\" target=\"_blank\" rel=\"noopener\">DO\u0141\u0104CZ TERAZ<\/a>\n    <\/section> \n        <a href=\"https:\/\/monatglobal.com\/pl\/vip\/#healthy-savings\">NIESAMOWITE OSZCZ\u0118DNO\u015aCI<\/a> \n        <a href=\"https:\/\/monatglobal.com\/pl\/vip\/#exclusive-rewards\">EKSKLUZYWNE KORZY\u015aCI<\/a>\n        <a href=\"https:\/\/monatglobal.com\/pl\/vip\/#beautiful-results\">WSPANIA\u0141E REZULTATY<\/a>\n    <img decoding=\"async\" src=\"https:\/\/monatglobal.com\/wp-content\/uploads\/2024\/11\/vip-perks-main-banner-2024-final-min.jpg\" alt=\"A woman with dark brown hair sitting on a couch, smiling while holding a MONAT Product bottle, set in a cozy, natural-lit living room\" loading=\"lazy\"\/>\n        <img decoding=\"async\" src=\"https:\/\/monatglobal.com\/wp-content\/uploads\/2024\/11\/vip-perks-main-banner-2024-mobile-min.jpg\" alt=\"A woman with dark brown hair sitting on a couch, smiling while holding a MONAT Product bottle, set in a cozy, natural-lit living room\" loading=\"lazy\"\/>\n        <p>Status Klienta VIP \u0142\u0105czy si\u0119 z wieloma korzy\u015bciami: to niesamowite oszcz\u0119dno\u015bci, ekskluzywne przywileje, wspania\u0142e rezultaty i wiele wi\u0119cej.<\/p>\n        <p>DO\u0141\u0104CZ DZISIAJ &#8211; BEZP\u0141ATNIE &#8211; I ZACZNIJ KORZYSTA\u0106!<\/p>\n    <section id=\"healthy-savings\">\n                <h2>01DU\u017bE <br \/>OSZCZ\u0118DNO\u015aCI<\/h2>\n            <img decoding=\"async\" src=\"https:\/\/monatglobal.com\/uk\/wp-content\/uploads\/sites\/6\/2024\/11\/HEALTHY-SAVINGS-banner-EU.jpg\" alt=\"A blonde woman wearing a white top smiling as she holds a yellow bottle of Monat product outdoors near a poolside.\" loading=\"lazy\"\/>\n                <img decoding=\"async\" src=\"https:\/\/monatglobal.com\/wp-content\/uploads\/2024\/11\/15-OFF-POLISH.svg\" alt=\"15 off icon\"\/>\n                <h3>15% ZNI\u017bKI<\/h3>\n                <p>Na wszystkie produkty. <br \/> Ka\u017cdego dnia.<\/p>\n                <p>Zawsze otrzymujesz 15% zni\u017cki od ceny detalicznej na wszystkie produkty&nbsp;MONAT.<\/p>\n                <img decoding=\"async\" src=\"https:\/\/monatglobal.com\/wp-content\/uploads\/2024\/11\/PURCHASE.svg\" alt=\"PURCHASE+ icon\"\/>\n                <h3>OSZCZ\u0118DZAJ JESZCZE WI\u0118CEJ <\/h3>\n                <p>z MONAT Purchase +\u2122<\/p>\n                <p>Otrzymasz dodatkowe 15-25% zni\u017cki, w zale\u017cno\u015bci od sumy&nbsp;zam\u00f3wienia.<\/p>\n                <img decoding=\"async\" src=\"https:\/\/monatglobal.com\/wp-content\/uploads\/2024\/11\/FLAT-RATE-SHIPPING.svg\" alt=\"FLAT RATE SHIPPING icon\"\/>\n                <h3>DARMOWA <br \/> WYSY\u0141KA<\/h3>\n                <p>Nasze dwa ulubione s\u0142owa.<\/p>\n                <p>Kwalifikuj\u0105ce si\u0119 zam\u00f3wienia Flexship o warto\u015bci minimum 330 z\u0142 zawsze maj\u0105 bezp\u0142atn\u0105 wysy\u0142k\u0119.<\/p>\n    <\/section>\n    <section id=\"exclusive-rewards\">\n            <img decoding=\"async\" src=\"https:\/\/monatglobal.com\/wp-content\/uploads\/2024\/11\/Exclusive-Rewards-NA-pages-min.jpg\" alt=\"A brunette woman holding and examining two Monat product bottles in a warm, homey setting with light wood tones.\" loading=\"lazy\"\/>\n                <h2>02 EKSKLUZYWNE <br \/> KORZY\u015aCI<\/h2>\n                <img decoding=\"async\" src=\"https:\/\/monatglobal.com\/wp-content\/uploads\/2024\/11\/VIP-POINTS.svg\" alt=\"VIP POINTS icon\"\/>\n                <h3>PUNKTY VIP<\/h3>\n                <p>Zbieraj, realizuj, oszcz\u0119dzaj.<\/p>\n                <p>Zbieraj punkty za ka\u017cde zam\u00f3wienie, a nast\u0119pnie wymieniaj je na ekskluzywne nagrody, w tym polecane produkty lub dodatkowe oszcz\u0119dno\u015bci.<\/p>\n                <img decoding=\"async\" src=\"https:\/\/monatglobal.com\/wp-content\/uploads\/2024\/11\/BIRTHDAY-GIFT.svg\" alt=\"BIRTHDAY GIFT icon\"\/>\n                <h3>BONUS  <br \/>URODZINOWY<\/h3>\n                <p>Prezent od nas.<\/p>\n                <p>W dniu urodzin otrzymasz od nas nagrod\u0119 o warto\u015bci 120&nbsp;z\u0142.<\/p>\n                <img decoding=\"async\" src=\"https:\/\/monatglobal.com\/wp-content\/uploads\/2024\/11\/ANNI-GIFT.svg\" alt=\"ANNI GIFT icon\"\/>\n                <h3>PREZENT <br \/> ROCZNICOWY<\/h3>\n                <p>Doceniamy, \u017ce z nami jeste\u015b.<\/p>\n                <p>\u015awi\u0119tuj z dodatkow\u0105 nagrod\u0105 o warto\u015bci 40 z\u0142 w dniu rocznicy stania si\u0119 Klientem VIP MONAT.<\/p>  \n    <\/section>\n    <section id=\"beautiful-results\">\n                <h2>03 WSPANIA\u0141E  <br \/> REZULTATY<\/h2> \n            <img decoding=\"async\" src=\"https:\/\/monatglobal.com\/uk\/wp-content\/uploads\/sites\/6\/2024\/11\/Beautiful-Results-EU-2024-min.jpg\" alt=\"A dark-haired woman in a bathroom, smiling while reaching for a Monat product on a stylish shelf filled with other beauty products.\" loading=\"lazy\"\/>\n                <img decoding=\"async\" src=\"https:\/\/monatglobal.com\/wp-content\/uploads\/2024\/11\/FLEXSHIP-1.svg\" alt=\"FLEXSHIP icon\"\/>\n                <h3>FLEXSHIP<\/h3>\n                <p>Aby nigdy nie zabrak\u0142o Ci ulubionych produkt\u00f3w.<\/p>\n                <p>Wybieraj produkty i regularno\u015b\u0107 wysy\u0142ki &#8211; co 30&nbsp;lub 60 dni. Bezproblemowo i w dowolnym momencie aktualizuj zam\u00f3wienie i dostosuj plan wysy\u0142ki.<\/p>\n                <img decoding=\"async\" src=\"https:\/\/monatglobal.com\/wp-content\/uploads\/2024\/11\/FREE-PRODUCTS-POLISH.svg\" alt=\"FREE icon\"\/>\n                <h3>DARMOWE <br \/>PRODUKTY<\/h3>\n                <p>Flexship si\u0119 op\u0142aca.<\/p>\n                <p>Otrzymaj DARMOWY produkt do Twojego drugiego, trzeciego i czwartego zam\u00f3wienia Flexship o warto\u015bci 330 z\u0142 lub wi\u0119cej.<\/p>\n                <img decoding=\"async\" src=\"https:\/\/monatglobal.com\/wp-content\/uploads\/2024\/11\/SALES-AND-PROMOS.svg\" alt=\"SALES AND PROMOS icon\"\/>\n                <h3>EKSKLUZYWNE OFERTY&nbsp;I <br \/> PROMOCJE<\/h3>\n                <p>Witaj w klubie.<\/p> \n                <p>Ciesz si\u0119 ekskluzywnym dost\u0119pem do ofert Flash Sale i specjalnych promocji, kt\u00f3re oferuj\u0105 jeszcze wi\u0119ksze oszcz\u0119dno\u015bci.<\/p>\n    <\/section>\n    <section id=\"preFooter\">\n        <h2>GOTOWA ZOSTA\u0106 KLIENTK\u0104 <br \/> VIP MONAT?<\/h2>\n        <p>Zr\u00f3b pierwszy krok w kierunku zdrowych w\u0142os\u00f3w i sk\u00f3ry. <br \/> Zacznij zbiera\u0107 punkty VIP z ka\u017cdym zakupem i korzystaj ze wszystkich przywilej\u00f3w.<\/p>\n        <a href=\"https:\/\/corp.mymonat.com\/pyr_core\/v2_enrollments\/select_market?enroll_params=profile_form_type%3Dvip_for_life&#038;lang_code=pl&#038;market=PL\" target=\"_blank\" rel=\"noopener\">DO\u0141\u0104CZ TERAZ<\/a>\n        <a href=\"https:\/\/monatglobal.com\/pl\/wp-content\/uploads\/sites\/9\/2025\/11\/PL_MONAT-VIP-Perks\u2122-FAQs_111725_v4.2.pdf\" target=\"_blank\" id=\"faq_btn\" rel=\"noopener\">MONAT VIP PERKS\u2122-FAQ<\/a>\n        <a href=\"https:\/\/monatglobal.com\/es\/wp-content\/uploads\/sites\/10\/2024\/11\/SP_MONAT-VIP-Perks\u2122_TC_112024_v2-1.pdf\" target=\"_blank\" id=\"faq_btn\" rel=\"noopener\">T\u00c9RMINOS Y CONDICIONES<\/a>\n<!-- TrustBox widget - Slider -->\n  <a href=\"https:\/\/pl.trustpilot.com\/review\/monatglobal.com\" target=\"_blank\" rel=\"noopener\">Trustpilot<\/a>\n<!-- End TrustBox widget -->\n    <\/section>\n\n","protected":false},"excerpt":{"rendered":"<p>WITAMY W VIP PERKS\u2122 Do twarzy Ci z przywilejami VIP. DO\u0141\u0104CZ TERAZ NIESAMOWITE OSZCZ\u0118DNO\u015aCI EKSKLUZYWNE KORZY\u015aCI WSPANIA\u0141E REZULTATY Status Klienta VIP \u0142\u0105czy si\u0119 z wieloma korzy\u015bciami: to niesamowite oszcz\u0119dno\u015bci, ekskluzywne przywileje, wspania\u0142e rezultaty i wiele wi\u0119cej. DO\u0141\u0104CZ DZISIAJ &#8211; BEZP\u0141ATNIE &#8211; I ZACZNIJ KORZYSTA\u0106! 01DU\u017bE OSZCZ\u0118DNO\u015aCI 15% ZNI\u017bKI Na wszystkie produkty. Ka\u017cdego dnia. Zawsze otrzymujesz&hellip;<\/p>\n","protected":false},"author":31,"featured_media":61632,"parent":0,"menu_order":0,"comment_status":"closed","ping_status":"closed","template":"","meta":{"inline_featured_image":false,"om_disable_all_campaigns":false,"_monsterinsights_skip_tracking":false,"_monsterinsights_sitenote_active":false,"_monsterinsights_sitenote_note":"","_monsterinsights_sitenote_category":0,"footnotes":""},"categories":[],"tags":[],"class_list":["post-49968","page","type-page","status-publish","has-post-thumbnail","hentry"],"aioseo_notices":[],"aioseo_head":"\n\t\t<!-- All in One SEO Pro 4.9.5.2 - aioseo.com -->\n\t<meta name=\"description\" content=\"WITAMY W VIP PERKS\u2122 Do twarzy Ci z przywilejami VIP. DO\u0141\u0104CZ TERAZ NIESAMOWITE OSZCZ\u0118DNO\u015aCI EKSKLUZYWNE KORZY\u015aCI WSPANIA\u0141E REZULTATY Status Klienta VIP \u0142\u0105czy si\u0119 z wieloma korzy\u015bciami: to niesamowite oszcz\u0119dno\u015bci, ekskluzywne przywileje, wspania\u0142e rezultaty i wiele wi\u0119cej. DO\u0141\u0104CZ DZISIAJ - BEZP\u0141ATNIE - I ZACZNIJ KORZYSTA\u0106! 01DU\u017bE OSZCZ\u0118DNO\u015aCI 15% ZNI\u017bKI Na wszystkie produkty. Ka\u017cdego dnia. Zawsze otrzymujesz\" \/>\n\t<meta name=\"robots\" content=\"max-image-preview:large\" \/>\n\t<link rel=\"canonical\" href=\"https:\/\/monatglobal.com\/pl\/vip\/\" \/>\n\t<meta name=\"generator\" content=\"All in One SEO Pro (AIOSEO) 4.9.5.2\" \/>\n\t\t<meta property=\"og:locale\" content=\"pl_PL\" \/>\n\t\t<meta property=\"og:site_name\" content=\"MONAT POLAND - MONAT GLOBAL\" \/>\n\t\t<meta property=\"og:type\" content=\"article\" \/>\n\t\t<meta property=\"og:title\" content=\"pl vip - MONAT POLAND\" \/>\n\t\t<meta property=\"og:description\" content=\"WITAMY W VIP PERKS\u2122 Do twarzy Ci z przywilejami VIP. DO\u0141\u0104CZ TERAZ NIESAMOWITE OSZCZ\u0118DNO\u015aCI EKSKLUZYWNE KORZY\u015aCI WSPANIA\u0141E REZULTATY Status Klienta VIP \u0142\u0105czy si\u0119 z wieloma korzy\u015bciami: to niesamowite oszcz\u0119dno\u015bci, ekskluzywne przywileje, wspania\u0142e rezultaty i wiele wi\u0119cej. DO\u0141\u0104CZ DZISIAJ - BEZP\u0141ATNIE - I ZACZNIJ KORZYSTA\u0106! 01DU\u017bE OSZCZ\u0118DNO\u015aCI 15% ZNI\u017bKI Na wszystkie produkty. Ka\u017cdego dnia. Zawsze otrzymujesz\" \/>\n\t\t<meta property=\"og:url\" content=\"https:\/\/monatglobal.com\/pl\/vip\/\" \/>\n\t\t<meta property=\"article:published_time\" content=\"2022-05-01T04:00:23+00:00\" \/>\n\t\t<meta property=\"article:modified_time\" content=\"2025-11-27T00:17:21+00:00\" \/>\n\t\t<meta name=\"twitter:card\" content=\"summary_large_image\" \/>\n\t\t<meta name=\"twitter:title\" content=\"pl vip - MONAT POLAND\" \/>\n\t\t<meta name=\"twitter:description\" content=\"WITAMY W VIP PERKS\u2122 Do twarzy Ci z przywilejami VIP. DO\u0141\u0104CZ TERAZ NIESAMOWITE OSZCZ\u0118DNO\u015aCI EKSKLUZYWNE KORZY\u015aCI WSPANIA\u0141E REZULTATY Status Klienta VIP \u0142\u0105czy si\u0119 z wieloma korzy\u015bciami: to niesamowite oszcz\u0119dno\u015bci, ekskluzywne przywileje, wspania\u0142e rezultaty i wiele wi\u0119cej. DO\u0141\u0104CZ DZISIAJ - BEZP\u0141ATNIE - I ZACZNIJ KORZYSTA\u0106! 01DU\u017bE OSZCZ\u0118DNO\u015aCI 15% ZNI\u017bKI Na wszystkie produkty. Ka\u017cdego dnia. Zawsze otrzymujesz\" \/>\n\t\t<script type=\"application\/ld+json\" class=\"aioseo-schema\">\n\t\t\t{\"@context\":\"https:\\\/\\\/schema.org\",\"@graph\":[{\"@type\":\"BreadcrumbList\",\"@id\":\"https:\\\/\\\/monatglobal.com\\\/pl\\\/vip\\\/#breadcrumblist\",\"itemListElement\":[{\"@type\":\"ListItem\",\"@id\":\"https:\\\/\\\/monatglobal.com\\\/pl#listItem\",\"position\":1,\"name\":\"Home\",\"item\":\"https:\\\/\\\/monatglobal.com\\\/pl\",\"nextItem\":{\"@type\":\"ListItem\",\"@id\":\"https:\\\/\\\/monatglobal.com\\\/pl\\\/vip\\\/#listItem\",\"name\":\"pl vip\"}},{\"@type\":\"ListItem\",\"@id\":\"https:\\\/\\\/monatglobal.com\\\/pl\\\/vip\\\/#listItem\",\"position\":2,\"name\":\"pl vip\",\"previousItem\":{\"@type\":\"ListItem\",\"@id\":\"https:\\\/\\\/monatglobal.com\\\/pl#listItem\",\"name\":\"Home\"}}]},{\"@type\":\"Organization\",\"@id\":\"https:\\\/\\\/monatglobal.com\\\/pl\\\/#organization\",\"name\":\"MONAT POLAND\",\"description\":\"MONAT GLOBAL\",\"url\":\"https:\\\/\\\/monatglobal.com\\\/pl\\\/\"},{\"@type\":\"WebPage\",\"@id\":\"https:\\\/\\\/monatglobal.com\\\/pl\\\/vip\\\/#webpage\",\"url\":\"https:\\\/\\\/monatglobal.com\\\/pl\\\/vip\\\/\",\"name\":\"pl vip - MONAT POLAND\",\"description\":\"WITAMY W VIP PERKS\\u2122 Do twarzy Ci z przywilejami VIP. DO\\u0141\\u0104CZ TERAZ NIESAMOWITE OSZCZ\\u0118DNO\\u015aCI EKSKLUZYWNE KORZY\\u015aCI WSPANIA\\u0141E REZULTATY Status Klienta VIP \\u0142\\u0105czy si\\u0119 z wieloma korzy\\u015bciami: to niesamowite oszcz\\u0119dno\\u015bci, ekskluzywne przywileje, wspania\\u0142e rezultaty i wiele wi\\u0119cej. DO\\u0141\\u0104CZ DZISIAJ - BEZP\\u0141ATNIE - I ZACZNIJ KORZYSTA\\u0106! 01DU\\u017bE OSZCZ\\u0118DNO\\u015aCI 15% ZNI\\u017bKI Na wszystkie produkty. Ka\\u017cdego dnia. Zawsze otrzymujesz\",\"inLanguage\":\"pl-PL\",\"isPartOf\":{\"@id\":\"https:\\\/\\\/monatglobal.com\\\/pl\\\/#website\"},\"breadcrumb\":{\"@id\":\"https:\\\/\\\/monatglobal.com\\\/pl\\\/vip\\\/#breadcrumblist\"},\"image\":{\"@type\":\"ImageObject\",\"url\":\"https:\\\/\\\/monatglobal.com\\\/pl\\\/wp-content\\\/uploads\\\/sites\\\/9\\\/2021\\\/06\\\/monat-vip-all-inclusive.jpg\",\"@id\":\"https:\\\/\\\/monatglobal.com\\\/pl\\\/vip\\\/#mainImage\",\"width\":900,\"height\":634},\"primaryImageOfPage\":{\"@id\":\"https:\\\/\\\/monatglobal.com\\\/pl\\\/vip\\\/#mainImage\"},\"datePublished\":\"2022-05-01T05:00:23+01:00\",\"dateModified\":\"2025-11-27T00:17:21+00:00\"},{\"@type\":\"WebSite\",\"@id\":\"https:\\\/\\\/monatglobal.com\\\/pl\\\/#website\",\"url\":\"https:\\\/\\\/monatglobal.com\\\/pl\\\/\",\"name\":\"MONAT POLAND\",\"description\":\"MONAT GLOBAL\",\"inLanguage\":\"pl-PL\",\"publisher\":{\"@id\":\"https:\\\/\\\/monatglobal.com\\\/pl\\\/#organization\"}}]}\n\t\t<\/script>\n\t\t<!-- All in One SEO Pro -->\r\n\t\t<title>pl vip - MONAT POLAND<\/title>\n\n","aioseo_head_json":{"title":"pl vip - MONAT POLAND","description":"WITAMY W VIP PERKS\u2122 Do twarzy Ci z przywilejami VIP. DO\u0141\u0104CZ TERAZ NIESAMOWITE OSZCZ\u0118DNO\u015aCI EKSKLUZYWNE KORZY\u015aCI WSPANIA\u0141E REZULTATY Status Klienta VIP \u0142\u0105czy si\u0119 z wieloma korzy\u015bciami: to niesamowite oszcz\u0119dno\u015bci, ekskluzywne przywileje, wspania\u0142e rezultaty i wiele wi\u0119cej. DO\u0141\u0104CZ DZISIAJ - BEZP\u0141ATNIE - I ZACZNIJ KORZYSTA\u0106! 01DU\u017bE OSZCZ\u0118DNO\u015aCI 15% ZNI\u017bKI Na wszystkie produkty. Ka\u017cdego dnia. Zawsze otrzymujesz","canonical_url":"https:\/\/monatglobal.com\/pl\/vip\/","robots":"max-image-preview:large","keywords":"","webmasterTools":{"miscellaneous":""},"schema":{"@context":"https:\/\/schema.org","@graph":[{"@type":"BreadcrumbList","@id":"https:\/\/monatglobal.com\/pl\/vip\/#breadcrumblist","itemListElement":[{"@type":"ListItem","@id":"https:\/\/monatglobal.com\/pl#listItem","position":1,"name":"Home","item":"https:\/\/monatglobal.com\/pl","nextItem":{"@type":"ListItem","@id":"https:\/\/monatglobal.com\/pl\/vip\/#listItem","name":"pl vip"}},{"@type":"ListItem","@id":"https:\/\/monatglobal.com\/pl\/vip\/#listItem","position":2,"name":"pl vip","previousItem":{"@type":"ListItem","@id":"https:\/\/monatglobal.com\/pl#listItem","name":"Home"}}]},{"@type":"Organization","@id":"https:\/\/monatglobal.com\/pl\/#organization","name":"MONAT POLAND","description":"MONAT GLOBAL","url":"https:\/\/monatglobal.com\/pl\/"},{"@type":"WebPage","@id":"https:\/\/monatglobal.com\/pl\/vip\/#webpage","url":"https:\/\/monatglobal.com\/pl\/vip\/","name":"pl vip - MONAT POLAND","description":"WITAMY W VIP PERKS\u2122 Do twarzy Ci z przywilejami VIP. DO\u0141\u0104CZ TERAZ NIESAMOWITE OSZCZ\u0118DNO\u015aCI EKSKLUZYWNE KORZY\u015aCI WSPANIA\u0141E REZULTATY Status Klienta VIP \u0142\u0105czy si\u0119 z wieloma korzy\u015bciami: to niesamowite oszcz\u0119dno\u015bci, ekskluzywne przywileje, wspania\u0142e rezultaty i wiele wi\u0119cej. DO\u0141\u0104CZ DZISIAJ - BEZP\u0141ATNIE - I ZACZNIJ KORZYSTA\u0106! 01DU\u017bE OSZCZ\u0118DNO\u015aCI 15% ZNI\u017bKI Na wszystkie produkty. Ka\u017cdego dnia. Zawsze otrzymujesz","inLanguage":"pl-PL","isPartOf":{"@id":"https:\/\/monatglobal.com\/pl\/#website"},"breadcrumb":{"@id":"https:\/\/monatglobal.com\/pl\/vip\/#breadcrumblist"},"image":{"@type":"ImageObject","url":"https:\/\/monatglobal.com\/pl\/wp-content\/uploads\/sites\/9\/2021\/06\/monat-vip-all-inclusive.jpg","@id":"https:\/\/monatglobal.com\/pl\/vip\/#mainImage","width":900,"height":634},"primaryImageOfPage":{"@id":"https:\/\/monatglobal.com\/pl\/vip\/#mainImage"},"datePublished":"2022-05-01T05:00:23+01:00","dateModified":"2025-11-27T00:17:21+00:00"},{"@type":"WebSite","@id":"https:\/\/monatglobal.com\/pl\/#website","url":"https:\/\/monatglobal.com\/pl\/","name":"MONAT POLAND","description":"MONAT GLOBAL","inLanguage":"pl-PL","publisher":{"@id":"https:\/\/monatglobal.com\/pl\/#organization"}}]},"og:locale":"pl_PL","og:site_name":"MONAT POLAND - MONAT GLOBAL","og:type":"article","og:title":"pl vip - MONAT POLAND","og:description":"WITAMY W VIP PERKS\u2122 Do twarzy Ci z przywilejami VIP. DO\u0141\u0104CZ TERAZ NIESAMOWITE OSZCZ\u0118DNO\u015aCI EKSKLUZYWNE KORZY\u015aCI WSPANIA\u0141E REZULTATY Status Klienta VIP \u0142\u0105czy si\u0119 z wieloma korzy\u015bciami: to niesamowite oszcz\u0119dno\u015bci, ekskluzywne przywileje, wspania\u0142e rezultaty i wiele wi\u0119cej. DO\u0141\u0104CZ DZISIAJ - BEZP\u0141ATNIE - I ZACZNIJ KORZYSTA\u0106! 01DU\u017bE OSZCZ\u0118DNO\u015aCI 15% ZNI\u017bKI Na wszystkie produkty. Ka\u017cdego dnia. Zawsze otrzymujesz","og:url":"https:\/\/monatglobal.com\/pl\/vip\/","article:published_time":"2022-05-01T04:00:23+00:00","article:modified_time":"2025-11-27T00:17:21+00:00","twitter:card":"summary_large_image","twitter:title":"pl vip - MONAT POLAND","twitter:description":"WITAMY W VIP PERKS\u2122 Do twarzy Ci z przywilejami VIP. DO\u0141\u0104CZ TERAZ NIESAMOWITE OSZCZ\u0118DNO\u015aCI EKSKLUZYWNE KORZY\u015aCI WSPANIA\u0141E REZULTATY Status Klienta VIP \u0142\u0105czy si\u0119 z wieloma korzy\u015bciami: to niesamowite oszcz\u0119dno\u015bci, ekskluzywne przywileje, wspania\u0142e rezultaty i wiele wi\u0119cej. DO\u0141\u0104CZ DZISIAJ - BEZP\u0141ATNIE - I ZACZNIJ KORZYSTA\u0106! 01DU\u017bE OSZCZ\u0118DNO\u015aCI 15% ZNI\u017bKI Na wszystkie produkty. Ka\u017cdego dnia. Zawsze otrzymujesz"},"aioseo_meta_data":{"post_id":"49968","title":null,"description":null,"keywords":null,"keyphrases":null,"primary_term":null,"canonical_url":null,"og_title":null,"og_description":null,"og_object_type":"default","og_image_type":"default","og_image_url":null,"og_image_width":null,"og_image_height":null,"og_image_custom_url":null,"og_image_custom_fields":null,"og_video":null,"og_custom_url":null,"og_article_section":null,"og_article_tags":null,"twitter_use_og":false,"twitter_card":"default","twitter_image_type":"default","twitter_image_url":null,"twitter_image_custom_url":null,"twitter_image_custom_fields":null,"twitter_title":null,"twitter_description":null,"schema":{"blockGraphs":[],"customGraphs":[],"default":{"data":{"Article":[],"Course":[],"Dataset":[],"FAQPage":[],"Movie":[],"Person":[],"Product":[],"ProductReview":[],"Car":[],"Recipe":[],"Service":[],"SoftwareApplication":[],"WebPage":[]},"graphName":"WebPage","isEnabled":true},"graphs":[]},"schema_type":"default","schema_type_options":null,"pillar_content":false,"robots_default":true,"robots_noindex":false,"robots_noarchive":false,"robots_nosnippet":false,"robots_nofollow":false,"robots_noimageindex":false,"robots_noodp":false,"robots_notranslate":false,"robots_max_snippet":null,"robots_max_videopreview":null,"robots_max_imagepreview":"large","priority":null,"frequency":null,"local_seo":null,"seo_analyzer_scan_date":"2025-08-15 05:16:52","limit_modified_date":false,"reviewed_by":null,"open_ai":null,"ai":null,"created":"2023-07-26 10:05:30","updated":"2026-02-10 05:22:22"},"aioseo_breadcrumb":"<div class=\"aioseo-breadcrumbs\"><span class=\"aioseo-breadcrumb\">\n\t<a href=\"https:\/\/monatglobal.com\/pl\" title=\"Home\">Home<\/a>\n<\/span><span class=\"aioseo-breadcrumb-separator\">&raquo;<\/span><span class=\"aioseo-breadcrumb\">\n\tpl vip\n<\/span><\/div>","aioseo_breadcrumb_json":[{"label":"Home","link":"https:\/\/monatglobal.com\/pl"},{"label":"pl vip","link":"https:\/\/monatglobal.com\/pl\/vip\/"}],"_links":{"self":[{"href":"https:\/\/monatglobal.com\/pl\/wp-json\/wp\/v2\/pages\/49968","targetHints":{"allow":["GET"]}}],"collection":[{"href":"https:\/\/monatglobal.com\/pl\/wp-json\/wp\/v2\/pages"}],"about":[{"href":"https:\/\/monatglobal.com\/pl\/wp-json\/wp\/v2\/types\/page"}],"author":[{"embeddable":true,"href":"https:\/\/monatglobal.com\/pl\/wp-json\/wp\/v2\/users\/31"}],"replies":[{"embeddable":true,"href":"https:\/\/monatglobal.com\/pl\/wp-json\/wp\/v2\/comments?post=49968"}],"version-history":[{"count":26,"href":"https:\/\/monatglobal.com\/pl\/wp-json\/wp\/v2\/pages\/49968\/revisions"}],"predecessor-version":[{"id":108835,"href":"https:\/\/monatglobal.com\/pl\/wp-json\/wp\/v2\/pages\/49968\/revisions\/108835"}],"wp:featuredmedia":[{"embeddable":true,"href":"https:\/\/monatglobal.com\/pl\/wp-json\/wp\/v2\/media\/61632"}],"wp:attachment":[{"href":"https:\/\/monatglobal.com\/pl\/wp-json\/wp\/v2\/media?parent=49968"}],"wp:term":[{"taxonomy":"category","embeddable":true,"href":"https:\/\/monatglobal.com\/pl\/wp-json\/wp\/v2\/categories?post=49968"},{"taxonomy":"post_tag","embeddable":true,"href":"https:\/\/monatglobal.com\/pl\/wp-json\/wp\/v2\/tags?post=49968"}],"curies":[{"name":"wp","href":"https:\/\/api.w.org\/{rel}","templated":true}]}}