{"id":109380,"date":"2026-03-26T21:27:07","date_gmt":"2026-03-26T21:27:07","guid":{"rendered":"https:\/\/monatglobal.com\/pl\/?page_id=109380"},"modified":"2026-04-13T21:15:02","modified_gmt":"2026-04-13T20:15:02","slug":"europetogether2026","status":"publish","type":"page","link":"https:\/\/monatglobal.com\/pl\/europetogether2026\/","title":{"rendered":"ZMEDIOLAN, W\u0141OCHY |Teatro Nazionale| Sobota, 13 czerwca 2026"},"content":{"rendered":"\n\n\t<style>\n    @import url('https:\/\/fonts.googleapis.com\/css2?family=Jost:ital,wght@0,100..900;1,100..900&display=swap');\n    .jost-500{\n      font-family: \"Jost\", sans-serif !important;\n      font-optical-sizing: auto;\n      font-weight: 500;\n      font-style: normal;\n    }\n    :root{\n        --burgundy: #5A1F2B;\n        --warm-gray: #F4F1EA;\n        --off-white: #F3F2F1;\n    }\n<\/style>\n<section>\n    <img decoding=\"async\" src=\"https:\/\/monatglobal.com\/wp-content\/uploads\/2026\/04\/Capa_1.svg\" alt=\"MONAT EUROPE TOGETHET EVENT MILAN LOGO\"\/>\n<\/section>\n<section id=\"intro_sec\">\n        <h2>MEDIOLAN, W\u0141OCHY  <br \/> Teatro Nazionale <br \/> Sobota 13 <br \/> czerwca  2026<\/h2>\n                <ul>\n                  <li id=\"days\"><\/li>\n                  <li id=\"hours\"><\/li> \n                  <li id=\"minutes\"><\/li> \n                  <li id=\"seconds\"><\/li>\n                <\/ul> \n                <p>DNI<\/p>\n                <p>GODZINY<\/p>\n                <p>MINUTY<\/p>\n                <p>SEKUNDY<\/p>\n        <a href=\"https:\/\/www.eventbrite.co.uk\/e\/monat-europe-together-tickets-1982194063804?aff=oddtdtcreator\" target=\"_blank\">ZAREJESTRUJ SI\u0118<\/a>\n            \n                            <img decoding=\"async\" src=\"https:\/\/monatglobal.com\/wp-content\/uploads\/2026\/03\/we-are-modern-nature-drop-logo-eu-together.svg\" alt=\"MONAT EUROPE TOGETHET EVENT MILAN LOGO\"\/>\n    <source media=\"(max-width: 700px)\" srcset=\"https:\/\/monatglobal.com\/uk\/wp-content\/uploads\/sites\/6\/2026\/04\/elebration-of-inspiration-recognition_mobile.jpg\n\" loading=\"lazy\"\/>\n      <img decoding=\"async\" src=\"https:\/\/monatglobal.com\/uk\/wp-content\/uploads\/sites\/6\/2026\/04\/elebration-of-inspiration-recognition.jpg\" alt=\"Three photos side by side: an ornate theater interior with red velvet seats, a glass-domed shopping gallery ceiling, and a sunlit Italian courtyard with warm-toned buildings.\"\/>\n     \n            <!--<img decoding=\"async\" src=\"https:\/\/monatglobal.com\/uk\/wp-content\/uploads\/sites\/6\/2026\/04\/elebration-of-inspiration-recognition.jpg\" alt=\"Three photos side by side: an ornate theater interior with red velvet seats, a glass-domed shopping gallery ceiling, and a sunlit Italian courtyard with warm-toned buildings.\"\/>-->\n        <p>Do\u0142\u0105cz do swojej rodziny MONAT z&nbsp;ca\u0142ej Europy w&nbsp;pi\u0119knym Mediolanie podczas MONAT Europe Together &#8211; \u015bwi\u0119ta inspiracji, doceniania i&nbsp;moment\u00f3w, kt\u00f3re nap\u0119dzaj\u0105 nasz\u0105 drog\u0119 i&nbsp;\u0142\u0105cz\u0105 nasz\u0105 spo\u0142eczno\u015b\u0107.<\/p>\n        <a href=\"https:\/\/www.eventbrite.co.uk\/e\/monat-europe-together-tickets-1982194063804?aff=oddtdtcreator\" target=\"_blank\">ZAREJESTRUJ SI\u0118<\/a>\n<\/section>\n<section id=\"ticket\">\n    <p>Sobota, 13 czerwca 2026<\/p>\n            <a>\n                    <img decoding=\"async\" src=\"https:\/\/monatglobal.com\/uk\/wp-content\/uploads\/sites\/6\/2026\/04\/general-admission-ticket-top.svg\" alt=\"Ticket pricing graphic over a grand theater background showing \"General Admission \u20ac59.00\"\"\/>\n                        <p>BILETY NA  <br \/> WYDARZENIE <\/p>\n                        <p>JU\u017b W SPRZEDA\u017bY<\/p>\n                    <img decoding=\"async\" src=\"https:\/\/monatglobal.com\/uk\/wp-content\/uploads\/sites\/6\/2026\/04\/general-admission-ticket-bottom.svg\" alt=\"Ticket pricing graphic over a grand theater background showing \"PARTY Admission \u20ac49.00\"\"\/>\n                    <p>\u20ac59.00<\/p>\n            <\/a>\n<a>\n                    <img decoding=\"async\" src=\"https:\/\/monatglobal.com\/uk\/wp-content\/uploads\/sites\/6\/2026\/04\/party-ticket-top.svg\" alt=\"\"\/>\n                        <p>BILETY NA IMPREZ\u0118<\/p>\n                        <p>JU\u017b W SPRZEDA\u017bY<\/p>\n                    <img decoding=\"async\" src=\"https:\/\/monatglobal.com\/uk\/wp-content\/uploads\/sites\/6\/2026\/04\/party-ticket-bottom.svg\" alt=\"\"\/>\n                    <p>\u20ac45.00<\/p>\n            <\/a>\n        Koniec sprzeda\u017cy: 2 czerwca, godz. 00:59 CET\n        <a href=\"https:\/\/www.eventbrite.co.uk\/e\/monat-europe-together-tickets-1982194063804?aff=oddtdtcreator\" target=\"_blank\">ZAREJESTRUJ SI\u0118<\/a>\n    <p>MEDIOLAN, W\u0141OCHY<\/p>\n<\/section>\n<section id=\"welcome_sec\">\n    <p>MEDIOLAN, W\u0141OCHY<\/p>\n        <img decoding=\"async\" src=\"https:\/\/monatglobal.com\/uk\/wp-content\/uploads\/sites\/6\/2026\/04\/welcome-you-to-Casa-MONAT_Milan-1.jpg\" alt=\"picture Milan, including the Duomo cathedral\"\/>\n        <img decoding=\"async\" src=\"https:\/\/monatglobal.com\/wp-content\/uploads\/2026\/03\/MONAT-EUROPE-TOGETHER-LOGO.svg\" alt=\"MONAT EUROPE TOGETHER LOGO\"\/>\n        <h2>Nie mo\u017cemy si\u0119 <br \/> doczeka\u0107, aby   <br \/> powita\u0107 Ci\u0119 w Casa <br \/> MONAT!<\/h2>\n            <img decoding=\"async\" src=\"https:\/\/monatglobal.com\/uk\/wp-content\/uploads\/sites\/6\/2026\/04\/welcome-you-to-Casa-MONAT_Milan-3.jpg\" alt=\"picture of glass-roofed gallery\"\/>\n            <img decoding=\"async\" src=\"https:\/\/monatglobal.com\/uk\/wp-content\/uploads\/sites\/6\/2026\/04\/welcome-you-to-Casa-MONAT_Milan-2.jpg\" alt=\"street scene with a tram near a historic arch\"\/>\n    <p>Sobota, 13 czerwca 2026<\/p>\n<\/section>\n<section id=\"\">\n           \n    <source media=\"(max-width: 700px)\" srcset=\"https:\/\/monatglobal.com\/uk\/wp-content\/uploads\/sites\/6\/2026\/04\/in-Lake-Como-MONAT-Europe-Together_mobile.jpg\" loading=\"lazy\"\/>\n     <img decoding=\"async\" src=\"https:\/\/monatglobal.com\/uk\/wp-content\/uploads\/sites\/6\/2026\/04\/in-Lake-Como-MONAT-Europe-Together.jpg\" alt=\"Scenic lakeside town with colorful buildings, a church with a bell tower, and tall cypress trees set against dramatic green mountains under a clear sky.\"\/>\n     \n    <!--<img decoding=\"async\" src=\"https:\/\/monatglobal.com\/uk\/wp-content\/uploads\/sites\/6\/2026\/04\/in-Lake-Como-MONAT-Europe-Together.jpg\" alt=\"Scenic lakeside town with colorful buildings, a church with a bell tower, and tall cypress trees set against dramatic green mountains under a clear sky.\"\/>-->\n            <p>  MEDIOLAN, W\u0141OCHY | Teatro Nazionale | Sobota, 13 czerwca 2026 |&nbsp;  MEDIOLAN, W\u0141OCHY | Teatro Nazionale | Sobota, 13 czerwca 2026 |&nbsp;  MEDIOLAN, W\u0141OCHY | Teatro Nazionale | Sobota, 13 czerwca 2026 |&nbsp;  MEDIOLAN, W\u0141OCHY | Teatro Nazionale | Sobota, 13 czerwca 2026 |&nbsp;<\/p>\n            <p>  MEDIOLAN, W\u0141OCHY | Teatro Nazionale | Sobota, 13 czerwca 2026 |&nbsp;  MEDIOLAN, W\u0141OCHY | Teatro Nazionale | Sobota, 13 czerwca 2026 |&nbsp;  MEDIOLAN, W\u0141OCHY | Teatro Nazionale | Sobota, 13 czerwca 2026 |&nbsp;  MEDIOLAN, W\u0141OCHY | Teatro Nazionale | Sobota, 13 czerwca 2026 |&nbsp;<\/p>\n            <p>  MEDIOLAN, W\u0141OCHY | Teatro Nazionale | Sobota, 13 czerwca 2026 |&nbsp;  MEDIOLAN, W\u0141OCHY | Teatro Nazionale | Sobota, 13 czerwca 2026 |&nbsp;  MEDIOLAN, W\u0141OCHY | Teatro Nazionale | Sobota, 13 czerwca 2026 |&nbsp;  MEDIOLAN, W\u0141OCHY | Teatro Nazionale | Sobota, 13 czerwca 2026 |&nbsp;<\/p>\n<\/section>\n<section>\n            <h2>Twoje  <br \/> przyw\u00f3dztwo , <br \/> celebrowane we <br \/> W\u0142oszech<\/h2>\n            <p>Pi\u0105tek, 12 czerwca 2026<\/p>\n        <p>W miar\u0119 jak przygotowujemy si\u0119 do MONAT Europe Together z rado\u015bci\u0105 nagradzamy najbardziej oddanych i&nbsp;konsekwentnych lider\u00f3w w&nbsp;Europie do\u015bwiadczeniem MONAT Italia Experience.<\/p>\n        <img decoding=\"async\" src=\"https:\/\/monatglobal.com\/uk\/wp-content\/uploads\/sites\/6\/2026\/04\/uniquely-Italian-celebration-of-leadership.jpg\" alt=\"Woman in a light floral dress standing barefoot on a stone edge, looking out over a calm turquoise lake with a historic stone bridge and lush greenery in the background.\"\/>\n            <p>To ekskluzywne wydarzenie wy\u0142\u0105cznie na zaproszenie odb\u0119dzie si\u0119 nad jeziorem Como, \u0142\u0105cz\u0105c kwalifikuj\u0105cych si\u0119 lider\u00f3w w wyj\u0105tkowym, w\u0142oskim \u015bwi\u0119cie przyw\u00f3dztwa, dynamiki i biznes\u00f3w, kt\u00f3re budujecie z MONAT.<\/p>\n            \n                <img decoding=\"async\" src=\"https:\/\/monatglobal.com\/wp-content\/uploads\/2026\/03\/we-are-modern-nature-drop-logo-eu-together.svg\" alt=\"MONAT EUROPE TOGETHET EVENT MILAN LOGO\"\/>\n            Uczestnicy mog\u0105 spodziewa\u0107 si\u0119 czego\u015b wyj\u0105tkowego, stylowego i niezapomnianego. \n            <h2>B\u0105d\u017a leaderem z wizj\u0105. <br \/>B\u0105d\u017a konsekwentna. <br \/> Do\u015bwiadcz W\u0142och.<\/h2>\n            <a href=\"https:\/\/monatglobal.com\/pl\/wp-content\/uploads\/sites\/9\/2026\/04\/PL_MONAT-Together-Milan-FAQs_020426_v1.pdf\" target=\"_blank\">DOWIEDZ SI\u0118 WI\u0118CEJ<\/a>\n<\/section>\n\n","protected":false},"excerpt":{"rendered":"<p>MEDIOLAN, W\u0141OCHY Teatro Nazionale Sobota 13 czerwca 2026 DNI GODZINY MINUTY SEKUNDY ZAREJESTRUJ SI\u0118 Do\u0142\u0105cz do swojej rodziny MONAT z&nbsp;ca\u0142ej Europy w&nbsp;pi\u0119knym Mediolanie podczas MONAT Europe Together &#8211; \u015bwi\u0119ta inspiracji, doceniania i&nbsp;moment\u00f3w, kt\u00f3re nap\u0119dzaj\u0105 nasz\u0105 drog\u0119 i&nbsp;\u0142\u0105cz\u0105 nasz\u0105 spo\u0142eczno\u015b\u0107. ZAREJESTRUJ SI\u0118 Sobota, 13 czerwca 2026 BILETY NA WYDARZENIE JU\u017b W SPRZEDA\u017bY \u20ac59.00 BILETY NA IMPREZ\u0118&hellip;<\/p>\n","protected":false},"author":47,"featured_media":109381,"parent":0,"menu_order":0,"comment_status":"closed","ping_status":"closed","template":"","meta":{"inline_featured_image":false,"om_disable_all_campaigns":false,"_monsterinsights_skip_tracking":false,"_monsterinsights_sitenote_active":false,"_monsterinsights_sitenote_note":"","_monsterinsights_sitenote_category":0,"footnotes":""},"categories":[],"tags":[],"class_list":["post-109380","page","type-page","status-publish","has-post-thumbnail","hentry"],"aioseo_notices":[],"aioseo_head":"\n\t\t<!-- All in One SEO Pro 4.9.6 - aioseo.com -->\n\t<meta name=\"description\" content=\"MEDIOLAN, W\u0141OCHY Teatro Nazionale Sobota 13 czerwca 2026 DNI GODZINY MINUTY SEKUNDY ZAREJESTRUJ SI\u0118 Do\u0142\u0105cz do swojej rodziny MONAT z ca\u0142ej Europy w pi\u0119knym Mediolanie podczas MONAT Europe Together - \u015bwi\u0119ta inspiracji, doceniania i moment\u00f3w, kt\u00f3re nap\u0119dzaj\u0105 nasz\u0105 drog\u0119 i \u0142\u0105cz\u0105 nasz\u0105 spo\u0142eczno\u015b\u0107. ZAREJESTRUJ SI\u0118 Sobota, 13 czerwca 2026 BILETY NA WYDARZENIE JU\u017b W SPRZEDA\u017bY \u20ac59.00 BILETY NA IMPREZ\u0118\" \/>\n\t<meta name=\"robots\" content=\"max-image-preview:large\" \/>\n\t<link rel=\"canonical\" href=\"https:\/\/monatglobal.com\/pl\/europetogether2026\/\" \/>\n\t<meta name=\"generator\" content=\"All in One SEO Pro (AIOSEO) 4.9.6\" \/>\n\t\t<meta property=\"og:locale\" content=\"pl_PL\" \/>\n\t\t<meta property=\"og:site_name\" content=\"MONAT POLAND - MONAT GLOBAL\" \/>\n\t\t<meta property=\"og:type\" content=\"website\" \/>\n\t\t<meta property=\"og:title\" content=\"ZMEDIOLAN, W\u0141OCHY |Teatro Nazionale| Sobota, 13 czerwca 2026 - MONAT POLAND\" \/>\n\t\t<meta property=\"og:description\" content=\"MEDIOLAN, W\u0141OCHY Teatro Nazionale Sobota 13 czerwca 2026 DNI GODZINY MINUTY SEKUNDY ZAREJESTRUJ SI\u0118 Do\u0142\u0105cz do swojej rodziny MONAT z ca\u0142ej Europy w pi\u0119knym Mediolanie podczas MONAT Europe Together - \u015bwi\u0119ta inspiracji, doceniania i moment\u00f3w, kt\u00f3re nap\u0119dzaj\u0105 nasz\u0105 drog\u0119 i \u0142\u0105cz\u0105 nasz\u0105 spo\u0142eczno\u015b\u0107. ZAREJESTRUJ SI\u0118 Sobota, 13 czerwca 2026 BILETY NA WYDARZENIE JU\u017b W SPRZEDA\u017bY \u20ac59.00 BILETY NA IMPREZ\u0118\" \/>\n\t\t<meta property=\"og:url\" content=\"https:\/\/monatglobal.com\/pl\/europetogether2026\/\" \/>\n\t\t<meta name=\"twitter:card\" content=\"summary_large_image\" \/>\n\t\t<meta name=\"twitter:title\" content=\"ZMEDIOLAN, W\u0141OCHY |Teatro Nazionale| Sobota, 13 czerwca 2026 - MONAT POLAND\" \/>\n\t\t<meta name=\"twitter:description\" content=\"MEDIOLAN, W\u0141OCHY Teatro Nazionale Sobota 13 czerwca 2026 DNI GODZINY MINUTY SEKUNDY ZAREJESTRUJ SI\u0118 Do\u0142\u0105cz do swojej rodziny MONAT z ca\u0142ej Europy w pi\u0119knym Mediolanie podczas MONAT Europe Together - \u015bwi\u0119ta inspiracji, doceniania i moment\u00f3w, kt\u00f3re nap\u0119dzaj\u0105 nasz\u0105 drog\u0119 i \u0142\u0105cz\u0105 nasz\u0105 spo\u0142eczno\u015b\u0107. ZAREJESTRUJ SI\u0118 Sobota, 13 czerwca 2026 BILETY NA WYDARZENIE JU\u017b W SPRZEDA\u017bY \u20ac59.00 BILETY NA IMPREZ\u0118\" \/>\n\t\t<script type=\"application\/ld+json\" class=\"aioseo-schema\">\n\t\t\t{\"@context\":\"https:\\\/\\\/schema.org\",\"@graph\":[{\"@type\":\"BreadcrumbList\",\"@id\":\"https:\\\/\\\/monatglobal.com\\\/pl\\\/europetogether2026\\\/#breadcrumblist\",\"itemListElement\":[{\"@type\":\"ListItem\",\"@id\":\"https:\\\/\\\/monatglobal.com\\\/pl#listItem\",\"position\":1,\"name\":\"Home\",\"item\":\"https:\\\/\\\/monatglobal.com\\\/pl\",\"nextItem\":{\"@type\":\"ListItem\",\"@id\":\"https:\\\/\\\/monatglobal.com\\\/pl\\\/europetogether2026\\\/#listItem\",\"name\":\"ZMEDIOLAN, W\\u0141OCHY |Teatro Nazionale| Sobota, 13 czerwca 2026\"}},{\"@type\":\"ListItem\",\"@id\":\"https:\\\/\\\/monatglobal.com\\\/pl\\\/europetogether2026\\\/#listItem\",\"position\":2,\"name\":\"ZMEDIOLAN, W\\u0141OCHY |Teatro Nazionale| Sobota, 13 czerwca 2026\",\"previousItem\":{\"@type\":\"ListItem\",\"@id\":\"https:\\\/\\\/monatglobal.com\\\/pl#listItem\",\"name\":\"Home\"}}]},{\"@type\":\"Organization\",\"@id\":\"https:\\\/\\\/monatglobal.com\\\/pl\\\/#organization\",\"name\":\"MONAT POLAND\",\"description\":\"MONAT GLOBAL\",\"url\":\"https:\\\/\\\/monatglobal.com\\\/pl\\\/\"},{\"@type\":\"WebPage\",\"@id\":\"https:\\\/\\\/monatglobal.com\\\/pl\\\/europetogether2026\\\/#webpage\",\"url\":\"https:\\\/\\\/monatglobal.com\\\/pl\\\/europetogether2026\\\/\",\"name\":\"ZMEDIOLAN, W\\u0141OCHY |Teatro Nazionale| Sobota, 13 czerwca 2026 - MONAT POLAND\",\"description\":\"MEDIOLAN, W\\u0141OCHY Teatro Nazionale Sobota 13 czerwca 2026 DNI GODZINY MINUTY SEKUNDY ZAREJESTRUJ SI\\u0118 Do\\u0142\\u0105cz do swojej rodziny MONAT z ca\\u0142ej Europy w pi\\u0119knym Mediolanie podczas MONAT Europe Together - \\u015bwi\\u0119ta inspiracji, doceniania i moment\\u00f3w, kt\\u00f3re nap\\u0119dzaj\\u0105 nasz\\u0105 drog\\u0119 i \\u0142\\u0105cz\\u0105 nasz\\u0105 spo\\u0142eczno\\u015b\\u0107. ZAREJESTRUJ SI\\u0118 Sobota, 13 czerwca 2026 BILETY NA WYDARZENIE JU\\u017b W SPRZEDA\\u017bY \\u20ac59.00 BILETY NA IMPREZ\\u0118\",\"inLanguage\":\"pl-PL\",\"isPartOf\":{\"@id\":\"https:\\\/\\\/monatglobal.com\\\/pl\\\/#website\"},\"breadcrumb\":{\"@id\":\"https:\\\/\\\/monatglobal.com\\\/pl\\\/europetogether2026\\\/#breadcrumblist\"},\"image\":{\"@type\":\"ImageObject\",\"url\":\"https:\\\/\\\/monatglobal.com\\\/pl\\\/wp-content\\\/uploads\\\/sites\\\/9\\\/2026\\\/03\\\/EuropeTogether2026_featured-image-eu.jpg\",\"@id\":\"https:\\\/\\\/monatglobal.com\\\/pl\\\/europetogether2026\\\/#mainImage\",\"width\":1200,\"height\":628},\"primaryImageOfPage\":{\"@id\":\"https:\\\/\\\/monatglobal.com\\\/pl\\\/europetogether2026\\\/#mainImage\"},\"datePublished\":\"2026-03-26T21:27:07+00:00\",\"dateModified\":\"2026-04-13T21:15:02+01:00\"},{\"@type\":\"WebSite\",\"@id\":\"https:\\\/\\\/monatglobal.com\\\/pl\\\/#website\",\"url\":\"https:\\\/\\\/monatglobal.com\\\/pl\\\/\",\"name\":\"MONAT POLAND\",\"description\":\"MONAT GLOBAL\",\"inLanguage\":\"pl-PL\",\"publisher\":{\"@id\":\"https:\\\/\\\/monatglobal.com\\\/pl\\\/#organization\"}}]}\n\t\t<\/script>\n\t\t<!-- All in One SEO Pro -->\r\n\t\t<title>ZMEDIOLAN, W\u0141OCHY |Teatro Nazionale| Sobota, 13 czerwca 2026 - MONAT POLAND<\/title>\n\n","aioseo_head_json":{"title":"ZMEDIOLAN, W\u0141OCHY |Teatro Nazionale| Sobota, 13 czerwca 2026 - MONAT POLAND","description":"MEDIOLAN, W\u0141OCHY Teatro Nazionale Sobota 13 czerwca 2026 DNI GODZINY MINUTY SEKUNDY ZAREJESTRUJ SI\u0118 Do\u0142\u0105cz do swojej rodziny MONAT z ca\u0142ej Europy w pi\u0119knym Mediolanie podczas MONAT Europe Together - \u015bwi\u0119ta inspiracji, doceniania i moment\u00f3w, kt\u00f3re nap\u0119dzaj\u0105 nasz\u0105 drog\u0119 i \u0142\u0105cz\u0105 nasz\u0105 spo\u0142eczno\u015b\u0107. ZAREJESTRUJ SI\u0118 Sobota, 13 czerwca 2026 BILETY NA WYDARZENIE JU\u017b W SPRZEDA\u017bY \u20ac59.00 BILETY NA IMPREZ\u0118","canonical_url":"https:\/\/monatglobal.com\/pl\/europetogether2026\/","robots":"max-image-preview:large","keywords":"","webmasterTools":{"miscellaneous":""},"schema":{"@context":"https:\/\/schema.org","@graph":[{"@type":"BreadcrumbList","@id":"https:\/\/monatglobal.com\/pl\/europetogether2026\/#breadcrumblist","itemListElement":[{"@type":"ListItem","@id":"https:\/\/monatglobal.com\/pl#listItem","position":1,"name":"Home","item":"https:\/\/monatglobal.com\/pl","nextItem":{"@type":"ListItem","@id":"https:\/\/monatglobal.com\/pl\/europetogether2026\/#listItem","name":"ZMEDIOLAN, W\u0141OCHY |Teatro Nazionale| Sobota, 13 czerwca 2026"}},{"@type":"ListItem","@id":"https:\/\/monatglobal.com\/pl\/europetogether2026\/#listItem","position":2,"name":"ZMEDIOLAN, W\u0141OCHY |Teatro Nazionale| Sobota, 13 czerwca 2026","previousItem":{"@type":"ListItem","@id":"https:\/\/monatglobal.com\/pl#listItem","name":"Home"}}]},{"@type":"Organization","@id":"https:\/\/monatglobal.com\/pl\/#organization","name":"MONAT POLAND","description":"MONAT GLOBAL","url":"https:\/\/monatglobal.com\/pl\/"},{"@type":"WebPage","@id":"https:\/\/monatglobal.com\/pl\/europetogether2026\/#webpage","url":"https:\/\/monatglobal.com\/pl\/europetogether2026\/","name":"ZMEDIOLAN, W\u0141OCHY |Teatro Nazionale| Sobota, 13 czerwca 2026 - MONAT POLAND","description":"MEDIOLAN, W\u0141OCHY Teatro Nazionale Sobota 13 czerwca 2026 DNI GODZINY MINUTY SEKUNDY ZAREJESTRUJ SI\u0118 Do\u0142\u0105cz do swojej rodziny MONAT z ca\u0142ej Europy w pi\u0119knym Mediolanie podczas MONAT Europe Together - \u015bwi\u0119ta inspiracji, doceniania i moment\u00f3w, kt\u00f3re nap\u0119dzaj\u0105 nasz\u0105 drog\u0119 i \u0142\u0105cz\u0105 nasz\u0105 spo\u0142eczno\u015b\u0107. ZAREJESTRUJ SI\u0118 Sobota, 13 czerwca 2026 BILETY NA WYDARZENIE JU\u017b W SPRZEDA\u017bY \u20ac59.00 BILETY NA IMPREZ\u0118","inLanguage":"pl-PL","isPartOf":{"@id":"https:\/\/monatglobal.com\/pl\/#website"},"breadcrumb":{"@id":"https:\/\/monatglobal.com\/pl\/europetogether2026\/#breadcrumblist"},"image":{"@type":"ImageObject","url":"https:\/\/monatglobal.com\/pl\/wp-content\/uploads\/sites\/9\/2026\/03\/EuropeTogether2026_featured-image-eu.jpg","@id":"https:\/\/monatglobal.com\/pl\/europetogether2026\/#mainImage","width":1200,"height":628},"primaryImageOfPage":{"@id":"https:\/\/monatglobal.com\/pl\/europetogether2026\/#mainImage"},"datePublished":"2026-03-26T21:27:07+00:00","dateModified":"2026-04-13T21:15:02+01:00"},{"@type":"WebSite","@id":"https:\/\/monatglobal.com\/pl\/#website","url":"https:\/\/monatglobal.com\/pl\/","name":"MONAT POLAND","description":"MONAT GLOBAL","inLanguage":"pl-PL","publisher":{"@id":"https:\/\/monatglobal.com\/pl\/#organization"}}]},"og:locale":"pl_PL","og:site_name":"MONAT POLAND - MONAT GLOBAL","og:type":"website","og:title":"ZMEDIOLAN, W\u0141OCHY |Teatro Nazionale| Sobota, 13 czerwca 2026 - MONAT POLAND","og:description":"MEDIOLAN, W\u0141OCHY Teatro Nazionale Sobota 13 czerwca 2026 DNI GODZINY MINUTY SEKUNDY ZAREJESTRUJ SI\u0118 Do\u0142\u0105cz do swojej rodziny MONAT z ca\u0142ej Europy w pi\u0119knym Mediolanie podczas MONAT Europe Together - \u015bwi\u0119ta inspiracji, doceniania i moment\u00f3w, kt\u00f3re nap\u0119dzaj\u0105 nasz\u0105 drog\u0119 i \u0142\u0105cz\u0105 nasz\u0105 spo\u0142eczno\u015b\u0107. ZAREJESTRUJ SI\u0118 Sobota, 13 czerwca 2026 BILETY NA WYDARZENIE JU\u017b W SPRZEDA\u017bY \u20ac59.00 BILETY NA IMPREZ\u0118","og:url":"https:\/\/monatglobal.com\/pl\/europetogether2026\/","twitter:card":"summary_large_image","twitter:title":"ZMEDIOLAN, W\u0141OCHY |Teatro Nazionale| Sobota, 13 czerwca 2026 - MONAT POLAND","twitter:description":"MEDIOLAN, W\u0141OCHY Teatro Nazionale Sobota 13 czerwca 2026 DNI GODZINY MINUTY SEKUNDY ZAREJESTRUJ SI\u0118 Do\u0142\u0105cz do swojej rodziny MONAT z ca\u0142ej Europy w pi\u0119knym Mediolanie podczas MONAT Europe Together - \u015bwi\u0119ta inspiracji, doceniania i moment\u00f3w, kt\u00f3re nap\u0119dzaj\u0105 nasz\u0105 drog\u0119 i \u0142\u0105cz\u0105 nasz\u0105 spo\u0142eczno\u015b\u0107. ZAREJESTRUJ SI\u0118 Sobota, 13 czerwca 2026 BILETY NA WYDARZENIE JU\u017b W SPRZEDA\u017bY \u20ac59.00 BILETY NA IMPREZ\u0118"},"aioseo_meta_data":{"post_id":"109380","title":null,"description":null,"keywords":null,"keyphrases":{"focus":{"keyphrase":"","score":0,"analysis":{"keyphraseInTitle":{"score":0,"maxScore":9,"error":1}}},"additional":[]},"primary_term":null,"canonical_url":null,"og_title":null,"og_description":null,"og_object_type":"website","og_image_type":"default","og_image_url":null,"og_image_width":null,"og_image_height":null,"og_image_custom_url":null,"og_image_custom_fields":null,"og_video":"","og_custom_url":null,"og_article_section":null,"og_article_tags":null,"twitter_use_og":false,"twitter_card":"default","twitter_image_type":"default","twitter_image_url":null,"twitter_image_custom_url":null,"twitter_image_custom_fields":null,"twitter_title":null,"twitter_description":null,"schema":{"blockGraphs":[],"customGraphs":[],"default":{"data":{"Article":[],"Course":[],"Dataset":[],"FAQPage":[],"Movie":[],"Person":[],"Product":[],"ProductReview":[],"Car":[],"Recipe":[],"Service":[],"SoftwareApplication":[],"WebPage":[]},"graphName":"WebPage","isEnabled":true},"graphs":[]},"schema_type":"default","schema_type_options":null,"pillar_content":false,"robots_default":true,"robots_noindex":false,"robots_noarchive":false,"robots_nosnippet":false,"robots_nofollow":false,"robots_noimageindex":false,"robots_noodp":false,"robots_notranslate":false,"robots_max_snippet":"-1","robots_max_videopreview":"-1","robots_max_imagepreview":"large","priority":null,"frequency":"default","local_seo":null,"seo_analyzer_scan_date":"2026-04-13 20:56:55","limit_modified_date":false,"reviewed_by":"0","open_ai":null,"ai":{"faqs":[],"keyPoints":[],"titles":[],"descriptions":[],"socialPosts":{"email":[],"linkedin":[],"twitter":[],"facebook":[],"instagram":[]}},"created":"2026-03-26 20:02:20","updated":"2026-04-13 20:56:55"},"aioseo_breadcrumb":"<div class=\"aioseo-breadcrumbs\"><span class=\"aioseo-breadcrumb\">\n\t<a href=\"https:\/\/monatglobal.com\/pl\" title=\"Home\">Home<\/a>\n<\/span><span class=\"aioseo-breadcrumb-separator\">&raquo;<\/span><span class=\"aioseo-breadcrumb\">\n\tZMEDIOLAN, W\u0141OCHY |Teatro Nazionale| Sobota, 13 czerwca 2026\n<\/span><\/div>","aioseo_breadcrumb_json":[{"label":"Home","link":"https:\/\/monatglobal.com\/pl"},{"label":"ZMEDIOLAN, W\u0141OCHY |Teatro Nazionale| Sobota, 13 czerwca 2026","link":"https:\/\/monatglobal.com\/pl\/europetogether2026\/"}],"_links":{"self":[{"href":"https:\/\/monatglobal.com\/pl\/wp-json\/wp\/v2\/pages\/109380","targetHints":{"allow":["GET"]}}],"collection":[{"href":"https:\/\/monatglobal.com\/pl\/wp-json\/wp\/v2\/pages"}],"about":[{"href":"https:\/\/monatglobal.com\/pl\/wp-json\/wp\/v2\/types\/page"}],"author":[{"embeddable":true,"href":"https:\/\/monatglobal.com\/pl\/wp-json\/wp\/v2\/users\/47"}],"replies":[{"embeddable":true,"href":"https:\/\/monatglobal.com\/pl\/wp-json\/wp\/v2\/comments?post=109380"}],"version-history":[{"count":12,"href":"https:\/\/monatglobal.com\/pl\/wp-json\/wp\/v2\/pages\/109380\/revisions"}],"predecessor-version":[{"id":109432,"href":"https:\/\/monatglobal.com\/pl\/wp-json\/wp\/v2\/pages\/109380\/revisions\/109432"}],"wp:featuredmedia":[{"embeddable":true,"href":"https:\/\/monatglobal.com\/pl\/wp-json\/wp\/v2\/media\/109381"}],"wp:attachment":[{"href":"https:\/\/monatglobal.com\/pl\/wp-json\/wp\/v2\/media?parent=109380"}],"wp:term":[{"taxonomy":"category","embeddable":true,"href":"https:\/\/monatglobal.com\/pl\/wp-json\/wp\/v2\/categories?post=109380"},{"taxonomy":"post_tag","embeddable":true,"href":"https:\/\/monatglobal.com\/pl\/wp-json\/wp\/v2\/tags?post=109380"}],"curies":[{"name":"wp","href":"https:\/\/api.w.org\/{rel}","templated":true}]}}