{"id":108689,"date":"2025-10-17T22:29:59","date_gmt":"2025-10-17T21:29:59","guid":{"rendered":"https:\/\/monatglobal.com\/pl\/?page_id=108689"},"modified":"2025-11-11T13:38:23","modified_gmt":"2025-11-11T13:38:23","slug":"h-pl","status":"publish","type":"page","link":"https:\/\/monatglobal.com\/pl\/h-pl\/","title":{"rendered":"H-PL"},"content":{"rendered":"\n\n\t<section id=\"bannerSec\">\n    <img id=\"logoBanner\" decoding=\"async\" src=\"https:\/\/monatglobal.com\/wp-content\/uploads\/2025\/10\/monat-golden-logo.svg\" alt=\"MONAT GLOBAL\"\/>\n   <h1>PR\uf004ZENTY <br \/> PE\u0141N\uf004 <br \/> GWI\uf000ZD<\/h1>\n<\/section>\n<!---->\n<!---->\n        <h2>Ekskluzywne \u015bwi\u0105teczne opakowania prezentowe i&nbsp;drobne upominki<\/h2>\n        <p>Ma\u0142e prezenty, wielki efekt! Odkryj nasze \u015bwi\u0105teczne opakowania i&nbsp;drobne upominki &#8211; idealny spos\u00f3b, by doda\u0107 odrobin\u0119 luksusu i&nbsp;rado\u015bci ka\u017cdej \u015bwi\u0105tecznej niespodziance.<\/p>\n        <p>Dost\u0119pne od 22 pa\u017adziernika do 1 listopada, do wyczerpania zapas\u00f3w.<\/p> \n    <!--<p>Oferta trwa od \u015brody, 22 pa\u017adziernika od godz. 10:00 CET do soboty, 1 listopada do godz. 06:00 CET lub do wyczerpania zapas\u00f3w. Oferta dost\u0119pna dla wszystkich Market Partner\u00f3w i&nbsp;Klientek VIP w&nbsp;Wielkiej Brytanii, Irlandii, Polsce, Niemczech, Hiszpanii, Francji, Belgii i&nbsp;Litwie. Warunki oferty mog\u0105 si\u0119 r\u00f3\u017cni\u0107 w&nbsp;zale\u017cno\u015bci od rynku.<\/p>-->\n<!---->\n\n","protected":false},"excerpt":{"rendered":"<p>PR\uf004ZENTY PE\u0141N\uf004 GWI\uf000ZD Ekskluzywne \u015bwi\u0105teczne opakowania prezentowe i&nbsp;drobne upominki Ma\u0142e prezenty, wielki efekt! Odkryj nasze \u015bwi\u0105teczne opakowania i&nbsp;drobne upominki &#8211; idealny spos\u00f3b, by doda\u0107 odrobin\u0119 luksusu i&nbsp;rado\u015bci ka\u017cdej \u015bwi\u0105tecznej niespodziance. Dost\u0119pne od 22 pa\u017adziernika do 1 listopada, do wyczerpania zapas\u00f3w.<\/p>\n","protected":false},"author":57,"featured_media":0,"parent":0,"menu_order":0,"comment_status":"closed","ping_status":"closed","template":"","meta":{"inline_featured_image":false,"om_disable_all_campaigns":false,"_monsterinsights_skip_tracking":false,"_monsterinsights_sitenote_active":false,"_monsterinsights_sitenote_note":"","_monsterinsights_sitenote_category":0,"footnotes":""},"categories":[],"tags":[],"class_list":["post-108689","page","type-page","status-publish","hentry"],"aioseo_notices":[],"aioseo_head":"\n\t\t<!-- All in One SEO Pro 4.9.5.2 - aioseo.com -->\n\t<meta name=\"description\" content=\"PR\uf004ZENTY PE\u0141N\uf004 GWI\uf000ZD Ekskluzywne \u015bwi\u0105teczne opakowania prezentowe i drobne upominki Ma\u0142e prezenty, wielki efekt! Odkryj nasze \u015bwi\u0105teczne opakowania i drobne upominki - idealny spos\u00f3b, by doda\u0107 odrobin\u0119 luksusu i rado\u015bci ka\u017cdej \u015bwi\u0105tecznej niespodziance. Dost\u0119pne od 22 pa\u017adziernika do 1 listopada, do wyczerpania zapas\u00f3w.\" \/>\n\t<meta name=\"robots\" content=\"max-image-preview:large\" \/>\n\t<link rel=\"canonical\" href=\"https:\/\/monatglobal.com\/pl\/h-pl\/\" \/>\n\t<meta name=\"generator\" content=\"All in One SEO Pro (AIOSEO) 4.9.5.2\" \/>\n\t\t<meta property=\"og:locale\" content=\"pl_PL\" \/>\n\t\t<meta property=\"og:site_name\" content=\"MONAT POLAND - MONAT GLOBAL\" \/>\n\t\t<meta property=\"og:type\" content=\"article\" \/>\n\t\t<meta property=\"og:title\" content=\"H-PL - MONAT POLAND\" \/>\n\t\t<meta property=\"og:description\" content=\"PR\uf004ZENTY PE\u0141N\uf004 GWI\uf000ZD Ekskluzywne \u015bwi\u0105teczne opakowania prezentowe i drobne upominki Ma\u0142e prezenty, wielki efekt! Odkryj nasze \u015bwi\u0105teczne opakowania i drobne upominki - idealny spos\u00f3b, by doda\u0107 odrobin\u0119 luksusu i rado\u015bci ka\u017cdej \u015bwi\u0105tecznej niespodziance. Dost\u0119pne od 22 pa\u017adziernika do 1 listopada, do wyczerpania zapas\u00f3w.\" \/>\n\t\t<meta property=\"og:url\" content=\"https:\/\/monatglobal.com\/pl\/h-pl\/\" \/>\n\t\t<meta property=\"article:published_time\" content=\"2025-10-17T21:29:59+00:00\" \/>\n\t\t<meta property=\"article:modified_time\" content=\"2025-11-11T13:38:23+00:00\" \/>\n\t\t<meta name=\"twitter:card\" content=\"summary_large_image\" \/>\n\t\t<meta name=\"twitter:title\" content=\"H-PL - MONAT POLAND\" \/>\n\t\t<meta name=\"twitter:description\" content=\"PR\uf004ZENTY PE\u0141N\uf004 GWI\uf000ZD Ekskluzywne \u015bwi\u0105teczne opakowania prezentowe i drobne upominki Ma\u0142e prezenty, wielki efekt! Odkryj nasze \u015bwi\u0105teczne opakowania i drobne upominki - idealny spos\u00f3b, by doda\u0107 odrobin\u0119 luksusu i rado\u015bci ka\u017cdej \u015bwi\u0105tecznej niespodziance. Dost\u0119pne od 22 pa\u017adziernika do 1 listopada, do wyczerpania zapas\u00f3w.\" \/>\n\t\t<script type=\"application\/ld+json\" class=\"aioseo-schema\">\n\t\t\t{\"@context\":\"https:\\\/\\\/schema.org\",\"@graph\":[{\"@type\":\"BreadcrumbList\",\"@id\":\"https:\\\/\\\/monatglobal.com\\\/pl\\\/h-pl\\\/#breadcrumblist\",\"itemListElement\":[{\"@type\":\"ListItem\",\"@id\":\"https:\\\/\\\/monatglobal.com\\\/pl#listItem\",\"position\":1,\"name\":\"Home\",\"item\":\"https:\\\/\\\/monatglobal.com\\\/pl\",\"nextItem\":{\"@type\":\"ListItem\",\"@id\":\"https:\\\/\\\/monatglobal.com\\\/pl\\\/h-pl\\\/#listItem\",\"name\":\"H-PL\"}},{\"@type\":\"ListItem\",\"@id\":\"https:\\\/\\\/monatglobal.com\\\/pl\\\/h-pl\\\/#listItem\",\"position\":2,\"name\":\"H-PL\",\"previousItem\":{\"@type\":\"ListItem\",\"@id\":\"https:\\\/\\\/monatglobal.com\\\/pl#listItem\",\"name\":\"Home\"}}]},{\"@type\":\"Organization\",\"@id\":\"https:\\\/\\\/monatglobal.com\\\/pl\\\/#organization\",\"name\":\"MONAT POLAND\",\"description\":\"MONAT GLOBAL\",\"url\":\"https:\\\/\\\/monatglobal.com\\\/pl\\\/\"},{\"@type\":\"WebPage\",\"@id\":\"https:\\\/\\\/monatglobal.com\\\/pl\\\/h-pl\\\/#webpage\",\"url\":\"https:\\\/\\\/monatglobal.com\\\/pl\\\/h-pl\\\/\",\"name\":\"H-PL - MONAT POLAND\",\"description\":\"PR\\uf004ZENTY PE\\u0141N\\uf004 GWI\\uf000ZD Ekskluzywne \\u015bwi\\u0105teczne opakowania prezentowe i drobne upominki Ma\\u0142e prezenty, wielki efekt! Odkryj nasze \\u015bwi\\u0105teczne opakowania i drobne upominki - idealny spos\\u00f3b, by doda\\u0107 odrobin\\u0119 luksusu i rado\\u015bci ka\\u017cdej \\u015bwi\\u0105tecznej niespodziance. Dost\\u0119pne od 22 pa\\u017adziernika do 1 listopada, do wyczerpania zapas\\u00f3w.\",\"inLanguage\":\"pl-PL\",\"isPartOf\":{\"@id\":\"https:\\\/\\\/monatglobal.com\\\/pl\\\/#website\"},\"breadcrumb\":{\"@id\":\"https:\\\/\\\/monatglobal.com\\\/pl\\\/h-pl\\\/#breadcrumblist\"},\"datePublished\":\"2025-10-17T22:29:59+01:00\",\"dateModified\":\"2025-11-11T13:38:23+00:00\"},{\"@type\":\"WebSite\",\"@id\":\"https:\\\/\\\/monatglobal.com\\\/pl\\\/#website\",\"url\":\"https:\\\/\\\/monatglobal.com\\\/pl\\\/\",\"name\":\"MONAT POLAND\",\"description\":\"MONAT GLOBAL\",\"inLanguage\":\"pl-PL\",\"publisher\":{\"@id\":\"https:\\\/\\\/monatglobal.com\\\/pl\\\/#organization\"}}]}\n\t\t<\/script>\n\t\t<!-- All in One SEO Pro -->\r\n\t\t<title>H-PL - MONAT POLAND<\/title>\n\n","aioseo_head_json":{"title":"H-PL - MONAT POLAND","description":"PR\uf004ZENTY PE\u0141N\uf004 GWI\uf000ZD Ekskluzywne \u015bwi\u0105teczne opakowania prezentowe i drobne upominki Ma\u0142e prezenty, wielki efekt! Odkryj nasze \u015bwi\u0105teczne opakowania i drobne upominki - idealny spos\u00f3b, by doda\u0107 odrobin\u0119 luksusu i rado\u015bci ka\u017cdej \u015bwi\u0105tecznej niespodziance. Dost\u0119pne od 22 pa\u017adziernika do 1 listopada, do wyczerpania zapas\u00f3w.","canonical_url":"https:\/\/monatglobal.com\/pl\/h-pl\/","robots":"max-image-preview:large","keywords":"","webmasterTools":{"miscellaneous":""},"schema":{"@context":"https:\/\/schema.org","@graph":[{"@type":"BreadcrumbList","@id":"https:\/\/monatglobal.com\/pl\/h-pl\/#breadcrumblist","itemListElement":[{"@type":"ListItem","@id":"https:\/\/monatglobal.com\/pl#listItem","position":1,"name":"Home","item":"https:\/\/monatglobal.com\/pl","nextItem":{"@type":"ListItem","@id":"https:\/\/monatglobal.com\/pl\/h-pl\/#listItem","name":"H-PL"}},{"@type":"ListItem","@id":"https:\/\/monatglobal.com\/pl\/h-pl\/#listItem","position":2,"name":"H-PL","previousItem":{"@type":"ListItem","@id":"https:\/\/monatglobal.com\/pl#listItem","name":"Home"}}]},{"@type":"Organization","@id":"https:\/\/monatglobal.com\/pl\/#organization","name":"MONAT POLAND","description":"MONAT GLOBAL","url":"https:\/\/monatglobal.com\/pl\/"},{"@type":"WebPage","@id":"https:\/\/monatglobal.com\/pl\/h-pl\/#webpage","url":"https:\/\/monatglobal.com\/pl\/h-pl\/","name":"H-PL - MONAT POLAND","description":"PR\uf004ZENTY PE\u0141N\uf004 GWI\uf000ZD Ekskluzywne \u015bwi\u0105teczne opakowania prezentowe i drobne upominki Ma\u0142e prezenty, wielki efekt! Odkryj nasze \u015bwi\u0105teczne opakowania i drobne upominki - idealny spos\u00f3b, by doda\u0107 odrobin\u0119 luksusu i rado\u015bci ka\u017cdej \u015bwi\u0105tecznej niespodziance. Dost\u0119pne od 22 pa\u017adziernika do 1 listopada, do wyczerpania zapas\u00f3w.","inLanguage":"pl-PL","isPartOf":{"@id":"https:\/\/monatglobal.com\/pl\/#website"},"breadcrumb":{"@id":"https:\/\/monatglobal.com\/pl\/h-pl\/#breadcrumblist"},"datePublished":"2025-10-17T22:29:59+01:00","dateModified":"2025-11-11T13:38:23+00:00"},{"@type":"WebSite","@id":"https:\/\/monatglobal.com\/pl\/#website","url":"https:\/\/monatglobal.com\/pl\/","name":"MONAT POLAND","description":"MONAT GLOBAL","inLanguage":"pl-PL","publisher":{"@id":"https:\/\/monatglobal.com\/pl\/#organization"}}]},"og:locale":"pl_PL","og:site_name":"MONAT POLAND - MONAT GLOBAL","og:type":"article","og:title":"H-PL - MONAT POLAND","og:description":"PR\uf004ZENTY PE\u0141N\uf004 GWI\uf000ZD Ekskluzywne \u015bwi\u0105teczne opakowania prezentowe i drobne upominki Ma\u0142e prezenty, wielki efekt! Odkryj nasze \u015bwi\u0105teczne opakowania i drobne upominki - idealny spos\u00f3b, by doda\u0107 odrobin\u0119 luksusu i rado\u015bci ka\u017cdej \u015bwi\u0105tecznej niespodziance. Dost\u0119pne od 22 pa\u017adziernika do 1 listopada, do wyczerpania zapas\u00f3w.","og:url":"https:\/\/monatglobal.com\/pl\/h-pl\/","article:published_time":"2025-10-17T21:29:59+00:00","article:modified_time":"2025-11-11T13:38:23+00:00","twitter:card":"summary_large_image","twitter:title":"H-PL - MONAT POLAND","twitter:description":"PR\uf004ZENTY PE\u0141N\uf004 GWI\uf000ZD Ekskluzywne \u015bwi\u0105teczne opakowania prezentowe i drobne upominki Ma\u0142e prezenty, wielki efekt! Odkryj nasze \u015bwi\u0105teczne opakowania i drobne upominki - idealny spos\u00f3b, by doda\u0107 odrobin\u0119 luksusu i rado\u015bci ka\u017cdej \u015bwi\u0105tecznej niespodziance. Dost\u0119pne od 22 pa\u017adziernika do 1 listopada, do wyczerpania zapas\u00f3w."},"aioseo_meta_data":{"post_id":"108689","title":null,"description":null,"keywords":null,"keyphrases":null,"primary_term":null,"canonical_url":null,"og_title":null,"og_description":null,"og_object_type":"default","og_image_type":"default","og_image_url":null,"og_image_width":null,"og_image_height":null,"og_image_custom_url":null,"og_image_custom_fields":null,"og_video":null,"og_custom_url":null,"og_article_section":null,"og_article_tags":null,"twitter_use_og":false,"twitter_card":"default","twitter_image_type":"default","twitter_image_url":null,"twitter_image_custom_url":null,"twitter_image_custom_fields":null,"twitter_title":null,"twitter_description":null,"schema":{"blockGraphs":[],"customGraphs":[],"default":{"data":{"Article":[],"Course":[],"Dataset":[],"FAQPage":[],"Movie":[],"Person":[],"Product":[],"ProductReview":[],"Car":[],"Recipe":[],"Service":[],"SoftwareApplication":[],"WebPage":[]},"graphName":"","isEnabled":true},"graphs":[]},"schema_type":"default","schema_type_options":null,"pillar_content":false,"robots_default":true,"robots_noindex":false,"robots_noarchive":false,"robots_nosnippet":false,"robots_nofollow":false,"robots_noimageindex":false,"robots_noodp":false,"robots_notranslate":false,"robots_max_snippet":null,"robots_max_videopreview":null,"robots_max_imagepreview":"large","priority":null,"frequency":null,"local_seo":null,"seo_analyzer_scan_date":"2026-02-09 21:44:57","limit_modified_date":false,"reviewed_by":null,"open_ai":null,"ai":null,"created":"2026-02-09 20:53:07","updated":"2026-02-10 05:38:50"},"aioseo_breadcrumb":"<div class=\"aioseo-breadcrumbs\"><span class=\"aioseo-breadcrumb\">\n\t<a href=\"https:\/\/monatglobal.com\/pl\" title=\"Home\">Home<\/a>\n<\/span><span class=\"aioseo-breadcrumb-separator\">&raquo;<\/span><span class=\"aioseo-breadcrumb\">\n\tH-PL\n<\/span><\/div>","aioseo_breadcrumb_json":[{"label":"Home","link":"https:\/\/monatglobal.com\/pl"},{"label":"H-PL","link":"https:\/\/monatglobal.com\/pl\/h-pl\/"}],"_links":{"self":[{"href":"https:\/\/monatglobal.com\/pl\/wp-json\/wp\/v2\/pages\/108689","targetHints":{"allow":["GET"]}}],"collection":[{"href":"https:\/\/monatglobal.com\/pl\/wp-json\/wp\/v2\/pages"}],"about":[{"href":"https:\/\/monatglobal.com\/pl\/wp-json\/wp\/v2\/types\/page"}],"author":[{"embeddable":true,"href":"https:\/\/monatglobal.com\/pl\/wp-json\/wp\/v2\/users\/57"}],"replies":[{"embeddable":true,"href":"https:\/\/monatglobal.com\/pl\/wp-json\/wp\/v2\/comments?post=108689"}],"version-history":[{"count":30,"href":"https:\/\/monatglobal.com\/pl\/wp-json\/wp\/v2\/pages\/108689\/revisions"}],"predecessor-version":[{"id":108781,"href":"https:\/\/monatglobal.com\/pl\/wp-json\/wp\/v2\/pages\/108689\/revisions\/108781"}],"wp:attachment":[{"href":"https:\/\/monatglobal.com\/pl\/wp-json\/wp\/v2\/media?parent=108689"}],"wp:term":[{"taxonomy":"category","embeddable":true,"href":"https:\/\/monatglobal.com\/pl\/wp-json\/wp\/v2\/categories?post=108689"},{"taxonomy":"post_tag","embeddable":true,"href":"https:\/\/monatglobal.com\/pl\/wp-json\/wp\/v2\/tags?post=108689"}],"curies":[{"name":"wp","href":"https:\/\/api.w.org\/{rel}","templated":true}]}}