{"id":108554,"date":"2025-09-29T18:07:30","date_gmt":"2025-09-29T17:07:30","guid":{"rendered":"https:\/\/monatglobal.com\/pl\/?page_id=108554"},"modified":"2025-10-11T16:59:09","modified_gmt":"2025-10-11T15:59:09","slug":"monat-stylist-program","status":"publish","type":"page","link":"https:\/\/monatglobal.com\/pl\/monat-stylist-program\/","title":{"rendered":"Program MONAT Stylist"},"content":{"rendered":"\n<!--SEO Title:-->\n<!--Program MONAT Stylist | Podnie\u015b swoje umiej\u0119tno\u015bci i rozwijaj si\u0119 si\u0119gaj\u0105c poza fotel fryzjerski-->\n<!--Meta Description:-->\n<!--Odkryj Program MONAT Stylist-stworzony dla licencjonowanych profesjonalist\u00f3w bran\u017cy beauty. Zyskaj mo\u017cliwo\u015b\u0107 dost\u0119pu do produkt\u00f3w w rozmiarze salonowym, wzrostu zysk\u00f3w i rozwijaj biznes, kt\u00f3ry wykracza poza fotel fryzjerski. Do\u0142\u0105cz ju\u017c dzi\u015b!-->\n<style>\n    :root {\n        --primary-color: #F8F4EE;\n    }\n<\/style> \n    <!--<img decoding=\"async\" src=\"https:\/\/monatglobal.com\/wp-content\/uploads\/2025\/09\/main-banner-stylist-program-min.jpg\"\/> -->\n    <!--<br \/>-->\n    <!--<br \/>-->\n    <!--<br \/>-->\n    <!--<br \/>-->\n    <section> \n        <img decoding=\"async\" src=\"https:\/\/monatglobal.com\/wp-content\/uploads\/2025\/09\/stylist-program-banner-moble-2025-min.png\" alt=\"Smiling blonde woman with long hair touching her face with one hand, overlaid with text 'Introducing the Stylist Program\">\n        <img decoding=\"async\" src=\"https:\/\/monatglobal.com\/wp-content\/uploads\/2025\/09\/stylist-program-banner-deskop-2025-colse-up-min.png\" alt=\"Smiling blonde woman with long hair touching her face with one hand, overlaid with text 'Introducing the Stylist Program\">\n               <p> PRZEDSTAWIAMY  <\/p>\n               <img decoding=\"async\" src=\"https:\/\/monatglobal.com\/pl\/wp-content\/uploads\/sites\/9\/2025\/09\/stylist-programme-PL-LOGO-1.svg\n\" alt=\"MONAT logo\">\n    <\/section>\n    <section id=\"post_banner\">\n        <p>To prawdziwy prze\u0142om. Ten innowacyjny program nie tylko daje licencjonowanym profesjonalistom bran\u017cy beauty dost\u0119p do bestseller\u00f3w MONAT w&nbsp;rozmiarach salonowych, ale tak\u017ce otwiera przed nimi mo\u017cliwo\u015bci rozwijania swoich umiej\u0119tno\u015bci, zwi\u0119kszania dochod\u00f3w i&nbsp;budowania biznesu, kt\u00f3ry si\u0119ga daleko poza fotel w&nbsp;salonie!<\/p>\n        <a href=\"https:\/\/mymonat.com\/pyr_core\/v2_enrollments\/select_market?sponsor_id=&amp;enroll_params=profile_form_type%3Dexpress&amp;market=pl&amp;lang_code=pl\" target=\"_blank\" rel=\"noopener\">DO\u0141\u0104CZ TERAZ<\/a> \n            <img decoding=\"async\" src=\"https:\/\/monatglobal.com\/wp-content\/uploads\/2025\/09\/Group-of-saloon-pictures-min.png\" alt=\"Three black and white photos showing different women: one with long wavy hair, another in a light-colored top smiling and touching her hair, and a third in dark clothing with her hand holding a pair of scissors\">\n    <\/section>\n    <section id=\"youCan_sec\">\n        <h2>Z programem MONAT <br>Stylist, mo\u017cesz:<\/h2> \n                1\n                <p>Rozwija\u0107 sw\u00f3j biznes  Oferuj\u0105c klientkom profesjonalne rozwi\u0105zania do stosowania w domu.<\/p>\n                2\n                <p>Korzysta\u0107 z modelu biznesowego, kt\u00f3ry daje szans\u0119 na budowanie dochodu rezydualnego i&nbsp;swobod\u0119 zarz\u0105dzania swoim&nbsp;czasem.<\/p>\n                3\n                <p>Budowa\u0107 dziedzictwo*, kt\u00f3re wykracza poza salon &#8211; maj\u0105c wp\u0142yw na Twoj\u0105 przysz\u0142o\u015b\u0107, rodzin\u0119 i spo\u0142eczno\u015b\u0107.<\/p>\n        <a href=\"https:\/\/mymonat.com\/pyr_core\/v2_enrollments\/select_market?sponsor_id=&amp;enroll_params=profile_form_type%3Dexpress&amp;market=pl&amp;lang_code=pl\" target=\"_blank\" rel=\"noopener\">DO\u0141\u0104CZ TERAZ<\/a>\n            <img decoding=\"async\" src=\"https:\/\/monatglobal.com\/wp-content\/uploads\/2025\/09\/saloon-size_stylist-program_2025-min.png\" alt=\"Row of MONAT hair care products saloon size including shampoos, conditioners in dark blue and purple bottles arranged in a line\">\n    <\/section>\n    <section id=\"backed_sec\">\n         <h2>Oparte na nauce <br> i luksusie<\/h2> \n             <img decoding=\"async\" src=\"https:\/\/monatglobal.com\/wp-content\/uploads\/2025\/03\/BIOTECH-DERIVED-FORMULATIONS-min.jpg\" alt=\"Oil with bubbles in a petri dish and dropper.\">\n                 <p>Wzbogacaj ka\u017cd\u0105 us\u0142ug\u0119 dzi\u0119ki salonowej jako\u015bci, klinicznie potwierdzonym formu\u0142om MONAT, kt\u00f3re wzmacniaj\u0105, nawil\u017caj\u0105 i transformuj\u0105 w\u0142osy od wewn\u0105trz.<\/p>\n                              <!--<img decoding=\"async\" src=\"https:\/\/monatglobal.com\/wp-content\/uploads\/2025\/03\/BIOTECH-DERIVED-FORMULATIONS-min.jpg\" alt=\"Oil with bubbles in a petri dish and dropper.\"\/>-->\n                     <p>Po zapisaniu si\u0119 i weryfikacji zyskasz ekskluzywny dost\u0119p do produkt\u00f3w w rozmiarach salonowych oraz do Zestawu Stylisty:<\/p>\n                     <img decoding=\"async\" src=\"https:\/\/monatglobal.com\/wp-content\/uploads\/2025\/09\/stylist-kit-picure-2025-min.png\" alt=\"MONAT Stylist Kit\">\n         <a href=\"https:\/\/mymonat.com\/pyr_core\/v2_enrollments\/select_market?sponsor_id=&amp;enroll_params=profile_form_type%3Dexpress&amp;market=pl&amp;lang_code=pl\" target=\"_blank\" rel=\"noopener\">DO\u0141\u0104CZ TERAZ<\/a> \n    <\/section>\n    <section id=\"movement_sec\">\n        <h2>Do\u0142\u0105cz do ruchu, kt\u00f3ry <br> redefiniuje mo\u017cliwo\u015bci dla <br>profesjonalist\u00f3w beauty<\/h2>\n            <p>Staj\u0105c si\u0119 cz\u0119\u015bci\u0105 MONAT Stylist Program, do\u0142\u0105czysz do wyj\u0105tkowej, pierwszej tego typu spo\u0142eczno\u015bci stylist\u00f3w z&nbsp;wizj\u0105, kt\u00f3rzy redefiniuj\u0105 poj\u0119cie sukcesu w&nbsp;bran\u017cy beauty\u2026 tam, gdzie spotykaj\u0105 si\u0119 wsp\u00f3\u0142praca, innowacja i&nbsp;doch\u00f3d wykraczaj\u0105cy poza fotel&nbsp;salonowy.<\/p>\n            <img decoding=\"async\" src=\"https:\/\/monatglobal.com\/wp-content\/uploads\/2025\/09\/beauty-profesionals-min.jpg\" loading=\"Black and white photo of a smiling woman with shoulder-length hair in what appears to be a salon or professional setting\">\n    <\/section>\n    <section id=\"pre-footer\">\n        <h2>Gotowa, aby zacz\u0105\u0107?<\/h2>\n        <a href=\"https:\/\/mymonat.com\/pyr_core\/v2_enrollments\/select_market?sponsor_id=&amp;enroll_params=profile_form_type%3Dexpress&amp;market=pl&amp;lang_code=pl\" target=\"_blank\" rel=\"noopener\">DO\u0141\u0104CZ TERAZ<\/a> \n        <a href=\"https:\/\/mymonat.com\/uploads\/global\/Stylist%20Program%20EU\/PL_MONAT%20Stylist%20Program%20FAQs_092525_v2.pdf\" target=\"_blank\" rel=\"noopener\">FAQ<\/a>\n        <!-- <a href=\"https:\/\/monatglobal.com\/income-disclosure-statement\/\">See Income Disclosure Statement for details.<\/a>-->\n        <p>*Zarobki nie s\u0105 gwarantowane dla wszystkich. Wyniki mog\u0105 si\u0119 r\u00f3\u017cni\u0107 w zale\u017cno\u015bci od zaanga\u017cowania, pracy i innych czynnik\u00f3w. Nie ma gwarantowanych rezultat\u00f3w, jednak potencjalne korzy\u015bci mog\u0105 by\u0107 niezwyk\u0142e dla os\u00f3b, kt\u00f3re s\u0105 gotowe ci\u0119\u017cko pracowa\u0107 i pozosta\u0107 konsekwentne. Szczeg\u00f3\u0142owe informacje znajdziesz w O\u015bwiadczeniu o dochodach MONAT: (<a href=\"https:\/\/monatglobal.com\/pl\/policies-procedures\/\">https:\/\/monatglobal.com\/pl\/policies-procedures\/)<\/a><\/p>\n    <\/section>\n","protected":false},"excerpt":{"rendered":"<p>PRZEDSTAWIAMY To prawdziwy prze\u0142om. Ten innowacyjny program nie tylko daje licencjonowanym profesjonalistom bran\u017cy beauty dost\u0119p do bestseller\u00f3w MONAT w&nbsp;rozmiarach salonowych, ale tak\u017ce otwiera przed nimi mo\u017cliwo\u015bci rozwijania swoich umiej\u0119tno\u015bci, zwi\u0119kszania dochod\u00f3w i&nbsp;budowania biznesu, kt\u00f3ry si\u0119ga daleko poza fotel w&nbsp;salonie! DO\u0141\u0104CZ TERAZ Z programem MONAT Stylist, mo\u017cesz: 1 Rozwija\u0107 sw\u00f3j biznes Oferuj\u0105c klientkom profesjonalne rozwi\u0105zania do&hellip;<\/p>\n","protected":false},"author":47,"featured_media":108627,"parent":0,"menu_order":0,"comment_status":"closed","ping_status":"closed","template":"","meta":{"inline_featured_image":false,"om_disable_all_campaigns":false,"_monsterinsights_skip_tracking":false,"_monsterinsights_sitenote_active":false,"_monsterinsights_sitenote_note":"","_monsterinsights_sitenote_category":0,"footnotes":""},"categories":[],"tags":[],"class_list":["post-108554","page","type-page","status-publish","has-post-thumbnail","hentry"],"aioseo_notices":[],"aioseo_head":"\n\t\t<!-- All in One SEO Pro 4.9.6 - aioseo.com -->\n\t<meta name=\"description\" content=\"--&gt; Po zapisaniu si\u0119 i weryfikacji zyskasz ekskluzywny dost\u0119p do produkt\u00f3w w rozmiarach salonowych oraz do Zestawu Stylisty: DO\u0141\u0104CZ TERAZ Do\u0142\u0105cz do ruchu, kt\u00f3ry redefiniuje mo\u017cliwo\u015bci dla profesjonalist\u00f3w beauty Staj\u0105c si\u0119 cz\u0119\u015bci\u0105 MONAT Stylist Program, do\u0142\u0105czysz do wyj\u0105tkowej, pierwszej tego typu spo\u0142eczno\u015bci stylist\u00f3w z wizj\u0105, kt\u00f3rzy redefiniuj\u0105 poj\u0119cie sukcesu w bran\u017cy beauty\u2026 tam, gdzie spotykaj\u0105 si\u0119 wsp\u00f3\u0142praca,\" \/>\n\t<meta name=\"robots\" content=\"max-image-preview:large\" \/>\n\t<link rel=\"canonical\" href=\"https:\/\/monatglobal.com\/pl\/monat-stylist-program\/\" \/>\n\t<meta name=\"generator\" content=\"All in One SEO Pro (AIOSEO) 4.9.6\" \/>\n\t\t<meta property=\"og:locale\" content=\"pl_PL\" \/>\n\t\t<meta property=\"og:site_name\" content=\"MONAT POLAND - MONAT GLOBAL\" \/>\n\t\t<meta property=\"og:type\" content=\"article\" \/>\n\t\t<meta property=\"og:title\" content=\"Program MONAT Stylist - MONAT POLAND\" \/>\n\t\t<meta property=\"og:description\" content=\"--&gt; Po zapisaniu si\u0119 i weryfikacji zyskasz ekskluzywny dost\u0119p do produkt\u00f3w w rozmiarach salonowych oraz do Zestawu Stylisty: DO\u0141\u0104CZ TERAZ Do\u0142\u0105cz do ruchu, kt\u00f3ry redefiniuje mo\u017cliwo\u015bci dla profesjonalist\u00f3w beauty Staj\u0105c si\u0119 cz\u0119\u015bci\u0105 MONAT Stylist Program, do\u0142\u0105czysz do wyj\u0105tkowej, pierwszej tego typu spo\u0142eczno\u015bci stylist\u00f3w z wizj\u0105, kt\u00f3rzy redefiniuj\u0105 poj\u0119cie sukcesu w bran\u017cy beauty\u2026 tam, gdzie spotykaj\u0105 si\u0119 wsp\u00f3\u0142praca,\" \/>\n\t\t<meta property=\"og:url\" content=\"https:\/\/monatglobal.com\/pl\/monat-stylist-program\/\" \/>\n\t\t<meta property=\"article:published_time\" content=\"2025-09-29T17:07:30+00:00\" \/>\n\t\t<meta property=\"article:modified_time\" content=\"2025-10-11T15:59:09+00:00\" \/>\n\t\t<meta name=\"twitter:card\" content=\"summary_large_image\" \/>\n\t\t<meta name=\"twitter:title\" content=\"Program MONAT Stylist - MONAT POLAND\" \/>\n\t\t<meta name=\"twitter:description\" content=\"--&gt; Po zapisaniu si\u0119 i weryfikacji zyskasz ekskluzywny dost\u0119p do produkt\u00f3w w rozmiarach salonowych oraz do Zestawu Stylisty: DO\u0141\u0104CZ TERAZ Do\u0142\u0105cz do ruchu, kt\u00f3ry redefiniuje mo\u017cliwo\u015bci dla profesjonalist\u00f3w beauty Staj\u0105c si\u0119 cz\u0119\u015bci\u0105 MONAT Stylist Program, do\u0142\u0105czysz do wyj\u0105tkowej, pierwszej tego typu spo\u0142eczno\u015bci stylist\u00f3w z wizj\u0105, kt\u00f3rzy redefiniuj\u0105 poj\u0119cie sukcesu w bran\u017cy beauty\u2026 tam, gdzie spotykaj\u0105 si\u0119 wsp\u00f3\u0142praca,\" \/>\n\t\t<script type=\"application\/ld+json\" class=\"aioseo-schema\">\n\t\t\t{\"@context\":\"https:\\\/\\\/schema.org\",\"@graph\":[{\"@type\":\"BreadcrumbList\",\"@id\":\"https:\\\/\\\/monatglobal.com\\\/pl\\\/monat-stylist-program\\\/#breadcrumblist\",\"itemListElement\":[{\"@type\":\"ListItem\",\"@id\":\"https:\\\/\\\/monatglobal.com\\\/pl#listItem\",\"position\":1,\"name\":\"Home\",\"item\":\"https:\\\/\\\/monatglobal.com\\\/pl\",\"nextItem\":{\"@type\":\"ListItem\",\"@id\":\"https:\\\/\\\/monatglobal.com\\\/pl\\\/monat-stylist-program\\\/#listItem\",\"name\":\"Program MONAT Stylist\"}},{\"@type\":\"ListItem\",\"@id\":\"https:\\\/\\\/monatglobal.com\\\/pl\\\/monat-stylist-program\\\/#listItem\",\"position\":2,\"name\":\"Program MONAT Stylist\",\"previousItem\":{\"@type\":\"ListItem\",\"@id\":\"https:\\\/\\\/monatglobal.com\\\/pl#listItem\",\"name\":\"Home\"}}]},{\"@type\":\"Organization\",\"@id\":\"https:\\\/\\\/monatglobal.com\\\/pl\\\/#organization\",\"name\":\"MONAT POLAND\",\"description\":\"MONAT GLOBAL\",\"url\":\"https:\\\/\\\/monatglobal.com\\\/pl\\\/\"},{\"@type\":\"WebPage\",\"@id\":\"https:\\\/\\\/monatglobal.com\\\/pl\\\/monat-stylist-program\\\/#webpage\",\"url\":\"https:\\\/\\\/monatglobal.com\\\/pl\\\/monat-stylist-program\\\/\",\"name\":\"Program MONAT Stylist - MONAT POLAND\",\"description\":\"--> Po zapisaniu si\\u0119 i weryfikacji zyskasz ekskluzywny dost\\u0119p do produkt\\u00f3w w rozmiarach salonowych oraz do Zestawu Stylisty: DO\\u0141\\u0104CZ TERAZ Do\\u0142\\u0105cz do ruchu, kt\\u00f3ry redefiniuje mo\\u017cliwo\\u015bci dla profesjonalist\\u00f3w beauty Staj\\u0105c si\\u0119 cz\\u0119\\u015bci\\u0105 MONAT Stylist Program, do\\u0142\\u0105czysz do wyj\\u0105tkowej, pierwszej tego typu spo\\u0142eczno\\u015bci stylist\\u00f3w z wizj\\u0105, kt\\u00f3rzy redefiniuj\\u0105 poj\\u0119cie sukcesu w bran\\u017cy beauty\\u2026 tam, gdzie spotykaj\\u0105 si\\u0119 wsp\\u00f3\\u0142praca,\",\"inLanguage\":\"pl-PL\",\"isPartOf\":{\"@id\":\"https:\\\/\\\/monatglobal.com\\\/pl\\\/#website\"},\"breadcrumb\":{\"@id\":\"https:\\\/\\\/monatglobal.com\\\/pl\\\/monat-stylist-program\\\/#breadcrumblist\"},\"image\":{\"@type\":\"ImageObject\",\"url\":\"https:\\\/\\\/monatglobal.com\\\/pl\\\/wp-content\\\/uploads\\\/sites\\\/9\\\/2025\\\/10\\\/unnamed.jpg\",\"@id\":\"https:\\\/\\\/monatglobal.com\\\/pl\\\/monat-stylist-program\\\/#mainImage\",\"width\":1200,\"height\":628},\"primaryImageOfPage\":{\"@id\":\"https:\\\/\\\/monatglobal.com\\\/pl\\\/monat-stylist-program\\\/#mainImage\"},\"datePublished\":\"2025-09-29T18:07:30+01:00\",\"dateModified\":\"2025-10-11T16:59:09+01:00\"},{\"@type\":\"WebSite\",\"@id\":\"https:\\\/\\\/monatglobal.com\\\/pl\\\/#website\",\"url\":\"https:\\\/\\\/monatglobal.com\\\/pl\\\/\",\"name\":\"MONAT POLAND\",\"description\":\"MONAT GLOBAL\",\"inLanguage\":\"pl-PL\",\"publisher\":{\"@id\":\"https:\\\/\\\/monatglobal.com\\\/pl\\\/#organization\"}}]}\n\t\t<\/script>\n\t\t<!-- All in One SEO Pro -->\r\n\t\t<title>Program MONAT Stylist - MONAT POLAND<\/title>\n\n","aioseo_head_json":{"title":"Program MONAT Stylist - MONAT POLAND","description":"--> Po zapisaniu si\u0119 i weryfikacji zyskasz ekskluzywny dost\u0119p do produkt\u00f3w w rozmiarach salonowych oraz do Zestawu Stylisty: DO\u0141\u0104CZ TERAZ Do\u0142\u0105cz do ruchu, kt\u00f3ry redefiniuje mo\u017cliwo\u015bci dla profesjonalist\u00f3w beauty Staj\u0105c si\u0119 cz\u0119\u015bci\u0105 MONAT Stylist Program, do\u0142\u0105czysz do wyj\u0105tkowej, pierwszej tego typu spo\u0142eczno\u015bci stylist\u00f3w z wizj\u0105, kt\u00f3rzy redefiniuj\u0105 poj\u0119cie sukcesu w bran\u017cy beauty\u2026 tam, gdzie spotykaj\u0105 si\u0119 wsp\u00f3\u0142praca,","canonical_url":"https:\/\/monatglobal.com\/pl\/monat-stylist-program\/","robots":"max-image-preview:large","keywords":"","webmasterTools":{"miscellaneous":""},"schema":{"@context":"https:\/\/schema.org","@graph":[{"@type":"BreadcrumbList","@id":"https:\/\/monatglobal.com\/pl\/monat-stylist-program\/#breadcrumblist","itemListElement":[{"@type":"ListItem","@id":"https:\/\/monatglobal.com\/pl#listItem","position":1,"name":"Home","item":"https:\/\/monatglobal.com\/pl","nextItem":{"@type":"ListItem","@id":"https:\/\/monatglobal.com\/pl\/monat-stylist-program\/#listItem","name":"Program MONAT Stylist"}},{"@type":"ListItem","@id":"https:\/\/monatglobal.com\/pl\/monat-stylist-program\/#listItem","position":2,"name":"Program MONAT Stylist","previousItem":{"@type":"ListItem","@id":"https:\/\/monatglobal.com\/pl#listItem","name":"Home"}}]},{"@type":"Organization","@id":"https:\/\/monatglobal.com\/pl\/#organization","name":"MONAT POLAND","description":"MONAT GLOBAL","url":"https:\/\/monatglobal.com\/pl\/"},{"@type":"WebPage","@id":"https:\/\/monatglobal.com\/pl\/monat-stylist-program\/#webpage","url":"https:\/\/monatglobal.com\/pl\/monat-stylist-program\/","name":"Program MONAT Stylist - MONAT POLAND","description":"--> Po zapisaniu si\u0119 i weryfikacji zyskasz ekskluzywny dost\u0119p do produkt\u00f3w w rozmiarach salonowych oraz do Zestawu Stylisty: DO\u0141\u0104CZ TERAZ Do\u0142\u0105cz do ruchu, kt\u00f3ry redefiniuje mo\u017cliwo\u015bci dla profesjonalist\u00f3w beauty Staj\u0105c si\u0119 cz\u0119\u015bci\u0105 MONAT Stylist Program, do\u0142\u0105czysz do wyj\u0105tkowej, pierwszej tego typu spo\u0142eczno\u015bci stylist\u00f3w z wizj\u0105, kt\u00f3rzy redefiniuj\u0105 poj\u0119cie sukcesu w bran\u017cy beauty\u2026 tam, gdzie spotykaj\u0105 si\u0119 wsp\u00f3\u0142praca,","inLanguage":"pl-PL","isPartOf":{"@id":"https:\/\/monatglobal.com\/pl\/#website"},"breadcrumb":{"@id":"https:\/\/monatglobal.com\/pl\/monat-stylist-program\/#breadcrumblist"},"image":{"@type":"ImageObject","url":"https:\/\/monatglobal.com\/pl\/wp-content\/uploads\/sites\/9\/2025\/10\/unnamed.jpg","@id":"https:\/\/monatglobal.com\/pl\/monat-stylist-program\/#mainImage","width":1200,"height":628},"primaryImageOfPage":{"@id":"https:\/\/monatglobal.com\/pl\/monat-stylist-program\/#mainImage"},"datePublished":"2025-09-29T18:07:30+01:00","dateModified":"2025-10-11T16:59:09+01:00"},{"@type":"WebSite","@id":"https:\/\/monatglobal.com\/pl\/#website","url":"https:\/\/monatglobal.com\/pl\/","name":"MONAT POLAND","description":"MONAT GLOBAL","inLanguage":"pl-PL","publisher":{"@id":"https:\/\/monatglobal.com\/pl\/#organization"}}]},"og:locale":"pl_PL","og:site_name":"MONAT POLAND - MONAT GLOBAL","og:type":"article","og:title":"Program MONAT Stylist - MONAT POLAND","og:description":"--&gt; Po zapisaniu si\u0119 i weryfikacji zyskasz ekskluzywny dost\u0119p do produkt\u00f3w w rozmiarach salonowych oraz do Zestawu Stylisty: DO\u0141\u0104CZ TERAZ Do\u0142\u0105cz do ruchu, kt\u00f3ry redefiniuje mo\u017cliwo\u015bci dla profesjonalist\u00f3w beauty Staj\u0105c si\u0119 cz\u0119\u015bci\u0105 MONAT Stylist Program, do\u0142\u0105czysz do wyj\u0105tkowej, pierwszej tego typu spo\u0142eczno\u015bci stylist\u00f3w z wizj\u0105, kt\u00f3rzy redefiniuj\u0105 poj\u0119cie sukcesu w bran\u017cy beauty\u2026 tam, gdzie spotykaj\u0105 si\u0119 wsp\u00f3\u0142praca,","og:url":"https:\/\/monatglobal.com\/pl\/monat-stylist-program\/","article:published_time":"2025-09-29T17:07:30+00:00","article:modified_time":"2025-10-11T15:59:09+00:00","twitter:card":"summary_large_image","twitter:title":"Program MONAT Stylist - MONAT POLAND","twitter:description":"--&gt; Po zapisaniu si\u0119 i weryfikacji zyskasz ekskluzywny dost\u0119p do produkt\u00f3w w rozmiarach salonowych oraz do Zestawu Stylisty: DO\u0141\u0104CZ TERAZ Do\u0142\u0105cz do ruchu, kt\u00f3ry redefiniuje mo\u017cliwo\u015bci dla profesjonalist\u00f3w beauty Staj\u0105c si\u0119 cz\u0119\u015bci\u0105 MONAT Stylist Program, do\u0142\u0105czysz do wyj\u0105tkowej, pierwszej tego typu spo\u0142eczno\u015bci stylist\u00f3w z wizj\u0105, kt\u00f3rzy redefiniuj\u0105 poj\u0119cie sukcesu w bran\u017cy beauty\u2026 tam, gdzie spotykaj\u0105 si\u0119 wsp\u00f3\u0142praca,"},"aioseo_meta_data":{"post_id":"108554","title":null,"description":null,"keywords":null,"keyphrases":null,"primary_term":null,"canonical_url":null,"og_title":null,"og_description":null,"og_object_type":"default","og_image_type":"default","og_image_url":null,"og_image_width":null,"og_image_height":null,"og_image_custom_url":null,"og_image_custom_fields":null,"og_video":null,"og_custom_url":null,"og_article_section":null,"og_article_tags":null,"twitter_use_og":false,"twitter_card":"default","twitter_image_type":"default","twitter_image_url":null,"twitter_image_custom_url":null,"twitter_image_custom_fields":null,"twitter_title":null,"twitter_description":null,"schema":{"blockGraphs":[],"customGraphs":[],"default":{"data":{"Article":[],"Course":[],"Dataset":[],"FAQPage":[],"Movie":[],"Person":[],"Product":[],"ProductReview":[],"Car":[],"Recipe":[],"Service":[],"SoftwareApplication":[],"WebPage":[]},"graphName":"","isEnabled":true},"graphs":[]},"schema_type":"default","schema_type_options":null,"pillar_content":false,"robots_default":true,"robots_noindex":false,"robots_noarchive":false,"robots_nosnippet":false,"robots_nofollow":false,"robots_noimageindex":false,"robots_noodp":false,"robots_notranslate":false,"robots_max_snippet":null,"robots_max_videopreview":null,"robots_max_imagepreview":"large","priority":null,"frequency":null,"local_seo":null,"seo_analyzer_scan_date":"2026-02-09 21:44:54","limit_modified_date":false,"reviewed_by":null,"open_ai":null,"ai":null,"created":"2026-02-09 20:53:07","updated":"2026-02-10 05:38:47"},"aioseo_breadcrumb":"<div class=\"aioseo-breadcrumbs\"><span class=\"aioseo-breadcrumb\">\n\t<a href=\"https:\/\/monatglobal.com\/pl\" title=\"Home\">Home<\/a>\n<\/span><span class=\"aioseo-breadcrumb-separator\">&raquo;<\/span><span class=\"aioseo-breadcrumb\">\n\tProgram MONAT Stylist\n<\/span><\/div>","aioseo_breadcrumb_json":[{"label":"Home","link":"https:\/\/monatglobal.com\/pl"},{"label":"Program MONAT Stylist","link":"https:\/\/monatglobal.com\/pl\/monat-stylist-program\/"}],"_links":{"self":[{"href":"https:\/\/monatglobal.com\/pl\/wp-json\/wp\/v2\/pages\/108554","targetHints":{"allow":["GET"]}}],"collection":[{"href":"https:\/\/monatglobal.com\/pl\/wp-json\/wp\/v2\/pages"}],"about":[{"href":"https:\/\/monatglobal.com\/pl\/wp-json\/wp\/v2\/types\/page"}],"author":[{"embeddable":true,"href":"https:\/\/monatglobal.com\/pl\/wp-json\/wp\/v2\/users\/47"}],"replies":[{"embeddable":true,"href":"https:\/\/monatglobal.com\/pl\/wp-json\/wp\/v2\/comments?post=108554"}],"version-history":[{"count":8,"href":"https:\/\/monatglobal.com\/pl\/wp-json\/wp\/v2\/pages\/108554\/revisions"}],"predecessor-version":[{"id":108629,"href":"https:\/\/monatglobal.com\/pl\/wp-json\/wp\/v2\/pages\/108554\/revisions\/108629"}],"wp:featuredmedia":[{"embeddable":true,"href":"https:\/\/monatglobal.com\/pl\/wp-json\/wp\/v2\/media\/108627"}],"wp:attachment":[{"href":"https:\/\/monatglobal.com\/pl\/wp-json\/wp\/v2\/media?parent=108554"}],"wp:term":[{"taxonomy":"category","embeddable":true,"href":"https:\/\/monatglobal.com\/pl\/wp-json\/wp\/v2\/categories?post=108554"},{"taxonomy":"post_tag","embeddable":true,"href":"https:\/\/monatglobal.com\/pl\/wp-json\/wp\/v2\/tags?post=108554"}],"curies":[{"name":"wp","href":"https:\/\/api.w.org\/{rel}","templated":true}]}}