{"id":108754,"date":"2025-10-01T14:43:08","date_gmt":"2025-10-01T13:43:08","guid":{"rendered":"https:\/\/monatglobal.com\/mx\/?page_id=108754"},"modified":"2026-04-01T13:56:15","modified_gmt":"2026-04-01T12:56:15","slug":"join","status":"publish","type":"page","link":"https:\/\/monatglobal.com\/pa\/join\/","title":{"rendered":"\u00danete a MONAT ahora"},"content":{"rendered":"\n\n\t<section id=\"joinSec\">\n        <img decoding=\"async\" src=\"https:\/\/monatglobal.com\/de\/wp-content\/uploads\/sites\/22\/2025\/01\/oil-drop-MONAT-logo-black-.png\" alt=\"MONAT oild drop logo\" loading=\"lazy\"\/>\n        <p>BIENVENIDO A MONAT<\/p>\n        <h1>\u00bfQU\u00c9 TE GUSTAR\u00cdA <br \/>HACER HOY?<\/h1> \n                <a href=\"https:\/\/corp.mymonat.com\/pyr_core\/v2_enrollments\/select_market?sponsor_id=&#038;enroll_params=profile_form_type%3Dexpress&#038;market=pa&#038;lang_code=es\" target=\"_blank\">\n                    <img decoding=\"async\" src=\"https:\/\/monatglobal.com\/wp-content\/uploads\/2025\/02\/maket-partner-min.jpg\"\/>\n                        <p>\u00a1Obtener ganancias con mi rutina de belleza! <br \/> Crear una empresa peque\u00f1a  <br \/> + Armar un equipo <\/p>\n                            <p>\u00daNETE COMO<\/p>\n                            <button>Market Partner de MONAT<\/button> \n                <\/a>\n                <p>Para m\u00e1s informaci\u00f3n, visita  <br \/> <a href=\"https:\/\/monatglobal.com\/pa\/the-monat-opportunity\/\">https:\/\/monatglobal.com\/pa\/the-monat-opportunity\/<\/a><\/p>\n                <a href=\"https:\/\/corp.mymonat.com\/pyr_core\/v2_enrollments\/select_market?enroll_params=profile_form_type%3Dvip_for_life&#038;lang_code=es&#038;market=PA\" target=\"_blank\">\n                <!--<\/a><a>-->\n                    <img decoding=\"async\" src=\"https:\/\/monatglobal.com\/wp-content\/uploads\/2025\/02\/join-as-a-VIP-min.jpg\"\/>\n                        <p>Comprar productos premium <br \/>+ Obtener recompensas que te ahorran dinero<\/p>\n                            <p>\u00daNETE COMO<\/p>\n                            <button> VIP DE MONAT<\/button>\n                <\/a>\n                <p>Disfruta de beneficios VIP adicionales cuando te inscribes con una orden inicial de $70 USD. <br \/> Para m\u00e1s informaci\u00f3n visita: <br \/> <a href=\"https:\/\/monatglobal.com\/pa\/vip\/\">https:\/\/monatglobal.com\/pa\/vip\/<\/a><\/p>\n                <!--<a>-->\n                                    <\/a><a href=\"https:\/\/corp.mymonat.com\/pyr_core\/v2_enrollments\/select_market?sponsor_id=&#038;enroll_params=profile_form_type%3Dcustomer&#038;market=PA&#038;lang_code=es\"  target=\"_blank\">\n                    <img decoding=\"async\" src=\"https:\/\/monatglobal.com\/wp-content\/uploads\/2025\/02\/shop-retail-price-min.jpg\"\/>\n                        \u00bfA\u00fan no est\u00e1s segura(o)? <br \/>\n                        Compra como un cliente general.\n                            <button>Comprar ahora<\/button>\n                <\/a>\n                <p>Explora todos los productos MONAT: <br \/> <a href=\"https:\/\/monatglobal.com\/pa\/products\/\">https:\/\/monatglobal.com\/pa\/products\/<\/a><\/p>\n        <!---->\n        <!---->\n        <!---->\n       <!-- TrustBox widget - Mini -->\n  <a href=\"https:\/\/es.trustpilot.com\/review\/monatglobal.com\" target=\"_blank\" rel=\"noopener\">Trustpilot<\/a>\n<!-- End TrustBox widget -->\n<\/section>\n\n","protected":false},"excerpt":{"rendered":"<p>BIENVENIDO A MONAT \u00bfQU\u00c9 TE GUSTAR\u00cdA HACER HOY? \u00a1Obtener ganancias con mi rutina de belleza! Crear una empresa peque\u00f1a + Armar un equipo \u00daNETE COMO Market Partner de MONAT Para m\u00e1s informaci\u00f3n, visita https:\/\/monatglobal.com\/pa\/the-monat-opportunity\/ Comprar productos premium + Obtener recompensas que te ahorran dinero \u00daNETE COMO VIP DE MONAT Disfruta de beneficios VIP adicionales cuando&hellip;<\/p>\n","protected":false},"author":31,"featured_media":108729,"parent":0,"menu_order":0,"comment_status":"closed","ping_status":"closed","template":"","meta":{"inline_featured_image":false,"footnotes":""},"categories":[],"tags":[],"class_list":["post-108754","page","type-page","status-publish","has-post-thumbnail","hentry"],"aioseo_notices":[],"_links":{"self":[{"href":"https:\/\/monatglobal.com\/pa\/wp-json\/wp\/v2\/pages\/108754","targetHints":{"allow":["GET"]}}],"collection":[{"href":"https:\/\/monatglobal.com\/pa\/wp-json\/wp\/v2\/pages"}],"about":[{"href":"https:\/\/monatglobal.com\/pa\/wp-json\/wp\/v2\/types\/page"}],"author":[{"embeddable":true,"href":"https:\/\/monatglobal.com\/pa\/wp-json\/wp\/v2\/users\/31"}],"replies":[{"embeddable":true,"href":"https:\/\/monatglobal.com\/pa\/wp-json\/wp\/v2\/comments?post=108754"}],"version-history":[{"count":5,"href":"https:\/\/monatglobal.com\/pa\/wp-json\/wp\/v2\/pages\/108754\/revisions"}],"predecessor-version":[{"id":109247,"href":"https:\/\/monatglobal.com\/pa\/wp-json\/wp\/v2\/pages\/108754\/revisions\/109247"}],"wp:featuredmedia":[{"embeddable":true,"href":"https:\/\/monatglobal.com\/pa\/wp-json\/"}],"wp:attachment":[{"href":"https:\/\/monatglobal.com\/pa\/wp-json\/wp\/v2\/media?parent=108754"}],"wp:term":[{"taxonomy":"category","embeddable":true,"href":"https:\/\/monatglobal.com\/pa\/wp-json\/wp\/v2\/categories?post=108754"},{"taxonomy":"post_tag","embeddable":true,"href":"https:\/\/monatglobal.com\/pa\/wp-json\/wp\/v2\/tags?post=108754"}],"curies":[{"name":"wp","href":"https:\/\/api.w.org\/{rel}","templated":true}]}}