{"id":108629,"date":"2025-09-03T16:57:41","date_gmt":"2025-09-03T15:57:41","guid":{"rendered":"https:\/\/monatglobal.com\/mx\/?page_id=108629"},"modified":"2026-02-24T13:58:34","modified_gmt":"2026-02-24T13:58:34","slug":"refunds-returns-shipping-and-cancellation-policy","status":"publish","type":"page","link":"https:\/\/monatglobal.com\/pa\/refunds-returns-shipping-and-cancellation-policy\/","title":{"rendered":"Pol\u00edtica de reembolsos, devoluciones y cancelaci\u00f3n de\u00a0MONAT"},"content":{"rendered":"\n<img decoding=\"async\" src=\"https:\/\/monatglobal.com\/wp-content\/uploads\/2020\/08\/MONAT-Logos-grey-2_03.png\" alt=\"MONAT-Logos-grey-2_03.png\" itemprop=\"image\" title=\"MONAT-Logos-grey-2_03.png\" onerror=\"this.style.display='none'\">\n\t<main>\n   <h1>POL\u00cdTICA DE REEMBOLSOS, DEVOLUCIONES Y CANCELACI\u00d3N DE&nbsp;MONAT<\/h1>\n   <section>\n      <h2>Pol\u00edtica de satisfacci\u00f3n o de devoluci\u00f3n de dinero de 30 d\u00edas:<\/h2>\n      \n      MONAT ofrece una garant\u00eda de satisfacci\u00f3n o de devoluci\u00f3n de dinero de 30 d\u00edas (menos cargos por manejo y env\u00edo).\n         <br><br>\n     Si, por alg\u00fan motivo, no te encuentras satisfecho\/a con la compra de alg\u00fan producto de MONAT, puedes devolver la parte no utilizada del producto MONAT dentro de los 30 d\u00edas para obtener un reembolso completo del valor de la compra (menos cargos por manejo y env\u00edo).\n      \n   <\/section>\n   <br><br>\n   <section>\n      <article>\n         <h2>ENV\u00cdO, DEVOLUCIONES Y REEMBOLSOS<\/h2>\n         <p><em>Confirmaci\u00f3n del env\u00edo y de las \u00f3rdenes<\/em><\/p>\n         Una vez que la orden haya sido correctamente realizada, recibir\u00e1s una confirmaci\u00f3n por correo electr\u00f3nico que incluir\u00e1 el n\u00famero de la orden y el m\u00e9todo de env\u00edo. Aseg\u00farate de que tu direcci\u00f3n de env\u00edo sea correcta, ya que no podremos redirigir los productos que ya se encuentran en camino.\n            <br><br>\n           Las \u00f3rdenes pueden tardar entre 5 y 7 d\u00edas h\u00e1biles en procesarse y enviarse. Una vez que tu orden est\u00e9 preparada para su env\u00edo, recibir\u00e1s un correo electr\u00f3nico de confirmaci\u00f3n con la informaci\u00f3n de seguimiento correspondiente.\n      <\/article>\n      <br><br>\n      <article>\n         <p><em>Pol\u00edtica de devoluci\u00f3n<\/em><\/p>\n         MONAT sabe que te encantar\u00e1 todo lo que compres. Ofrecemos una garant\u00eda de satisfacci\u00f3n o de devoluci\u00f3n de dinero de 30 d\u00edas (excluidos los cargos por manejo y env\u00edo) a todos nuestros Clientes y Market Partners.   \n         \n      <\/article>\n      <br><br>\n      <article>\n         <p><em>Pol\u00edtica de reembolso<\/em><\/p>\n         Pasados los 30 d\u00edas, MONAT ofrece un reembolso del 90 % del valor de la compra (excluidos los cargos por manejo y env\u00edo) en la devoluci\u00f3n de todo producto que se encuentre sin abrir y sin usar. Con mucho gusto te reembolsaremos el valor de la compra (excluidos los cargos por manejo y env\u00edo) de los art\u00edculos devueltos en la forma del pago original. No se aceptar\u00e1n devoluciones pasados los 90 d\u00edas desde que el Cliente o el Market Partner reciba su orden.   \n         \n        <br><br>\n         <!-- ======== box_1 ======== -->\n               <p><strong>Pol\u00edticas de devoluci\u00f3n y de reembolso para Clientes Minoristas y VIPs<\/strong><\/p>\n               <p>Plazo de devoluci\u00f3n del&nbsp;producto<\/p>\n               <p>Reembolso del valor de la&nbsp;compra<\/p>\n               <p>Reembolso de cargos por manejo y&nbsp;env\u00edo<\/p>\n               <p>Cliente responsable del costo de env\u00edo de&nbsp;devoluci\u00f3n<\/p>\n               <p>Estado del producto<\/p>\n            <!-- first row  -->\n               <p>Orden* devuelta dentro de los 30 d\u00edas posteriores a la fecha de entrega inicial<\/p>\n               <p>COMPLETO <\/p>\n               <p>NO<\/p>\n               <p>S\u00cd<\/p>\n               <p>Devolver parte no utilizada del producto<\/p>\n            <!-- second  row  -->\n               <p>Orden* devuelta despu\u00e9s de 30 d\u00edas y hasta antes de 90 d\u00edas despu\u00e9s de la fecha de entrega inicial<\/p>\n               <p>90%<\/p>\n               <p>NO<\/p>\n               <p>S\u00cd<\/p>\n               <p>Devolver producto completo, sin abrir, sin utilizar, con etiquetas<\/p>\n            <!-- third  row  -->\n               <p>Orden devuelta despu\u00e9s de 90 d\u00edas de la fecha de entrega&nbsp;inicial<\/p>\n               <p>NO <\/p>\n               <p>NO<\/p>\n               <p>N\/A<\/p>\n               <p>N\/A<\/p>\n            <!-- fourth row  -->\n               *Puede ser una parte o la orden completa. Si en el producto o en la orden de promoci\u00f3n est\u00e1 claramente etiquetado en el material de mercadeo de que no es intercambiable ni reembolsable, no se ofrecer\u00e1 reembolso alguno. Si en la orden de promoci\u00f3n est\u00e1 claramente etiquetado que debe ser devuelta la orden entera para recibir un reembolso completo y no lo estuviese, el cliente no recibir\u00e1 un reembolso.\n               \n         <br><br> \n         <!-- ======== box_2 ======== -->\n               <p><strong>POL\u00cdTICA DE DEVOLUCI\u00d3N Y DE REEMBOLSO PARA MARKET&nbsp;PARTNERS<\/strong><\/p>\n               <p>Plazo de devoluci\u00f3n del&nbsp;producto<\/p>\n               <p>Reembolso del valor de la&nbsp;compra <\/p> \n               <p>Reembolso de cargos por manejo y&nbsp;env\u00edo<\/p>\n               Market Partner responsable del costo de env\u00edo de&nbsp;devoluci\u00f3n\n               <p>Estado del producto<\/p>\n            <!-- first row  -->\n               <p>Orden* devuelta dentro de los 30 d\u00edas posteriores a la fecha de entrega&nbsp;inicial<\/p>\n               <p>COMPLETO<\/p>\n               <p>NO<\/p>\n               <p>S\u00cd<\/p>\n               <p>Devolver parte no utilizada del producto<\/p>\n            <!-- second  row  -->\n               <p>Orden* devuelta despu\u00e9s de 30 d\u00edas despu\u00e9s y hasta antes de 90 d\u00edas de la fecha de entrega&nbsp;inicial<\/p>\n               <p>90%<\/p>\n               <p>NO<\/p>\n               <p>S\u00cd<\/p>\n               <p>Devolver producto completo, sin abrir, sin utilizar, con etiquetas<\/p>\n            <!-- third  row  -->\n               <p>Orden devuelta despu\u00e9s de 90 d\u00edas de la fecha de entrega&nbsp;inicial<\/p>\n               <p>NO <\/p>\n               <p>NO<\/p>\n               <p>N\/A<\/p>\n               <p>N\/A<\/p>\n            <!-- fourth row  -->\n               <p>La orden del Kit de Inicio y la del Paquete de productos* se pueden devolver dentro del a\u00f1o a partir de la fecha de entrega inicial<\/p>\n               <p>90%<\/p>\n               <p>NO<\/p>\n               <p>S\u00cd<\/p>\n               \n            <!-- fifth row  -->\n               *Puede ser una parte o la orden completa. Si en el producto o en la orden de promoci\u00f3n est\u00e1 claramente etiquetado en el material de mercadeo de que no es intercambiable ni reembolsable, no se ofrecer\u00e1 reembolso alguno. Si en la orden de promoci\u00f3n est\u00e1 claramente etiquetado que debe ser devuelta la orden entera para recibir un reembolso completo y no lo estuviese, el cliente no recibir\u00e1 un reembolso.\n               \n      <\/article>\n      <br><br><br>\n      <article>\n         <p><em>Art\u00edculos no elegibles para devoluci\u00f3n<\/em><\/p>\n         \n         Ten en cuenta que no aceptamos devoluciones de mercanc\u00eda de venta final o productos que se especifiquen como no retornables en su descripci\u00f3n, a menos que sean defectuosos. Cualquier excepci\u00f3n a esta pol\u00edtica se enumerar\u00e1 en los detalles del producto en la p\u00e1gina del producto.\n         \n      <\/article>\n      <br><br>\n      <article>\n         <p><em>C\u00f3mo devolver una orden<\/em><\/p>\n         Se aceptan devoluciones de art\u00edculos elegibles para devoluciones dentro de los 90 d\u00edas posteriores a su recepci\u00f3n. Los art\u00edculos deben devolverse sin abrir y sin usar, en su embalaje original. Para devolver un producto y obtener un reembolso, debes enviar los productos directamente a MONAT y seguir los pasos que se enumeran a continuaci\u00f3n: \n         \n         <ol>\n            <li>Primero debes obtener un N\u00famero de Autorizaci\u00f3n de Devoluci\u00f3n (RMA) comunic\u00e1ndote con el equipo de Servicio al Cliente de MONAT, cuya informaci\u00f3n de contacto la encuentras en <a href=\"https:\/\/monatglobal.com\/pa\/contact\/\">https:\/\/monatglobal.com\/pa\/contact\/<\/a>. Nuestro equipo de Servicio al Cliente atiende consultas de lunes a viernes, de 10:00 a.m. a 7:00 p.m. (EST). \n            <\/li>\n            <br>\n            <li>Debes utilizar cajas de env\u00edo y materiales de embalaje adecuados para empacar los productos que se devuelven para su reemplazo. Todos los cargos por devoluciones ser\u00e1n pagados por adelantado por el Market Partner o el Cliente. MONAT no acepta paquetes de env\u00edo por cobrar.\n            <\/li>\n            <br>\n            <li>Todos los art\u00edculos\/ productos autorizados en tu n\u00famero de RMA deben ser devueltos a MONAT dentro de los 90 d\u00edas posteriores a la fecha de recepci\u00f3n. Entrega todos los art\u00edculos \/ productos a retornar a la sucursal de BM Cargo, ubicada en:  Plaza Oficentro del Este, Avenida Centenario, Ciudad de Panam\u00e1, Provincia de Panam\u00e1, Rep\u00fablica de Panam\u00e1.\n            <\/li>\n            <br>\n            <li>BM Cargo se encargar\u00e1 de inspeccionar los art\u00edculos\/ productos de tu retorno y aprobar la recepci\u00f3n, para procesar tu devoluci\u00f3n adecuadamente. \n            <\/li>\n            <br>\n            <li>Cualquier mercanc\u00eda que est\u00e9 claramente identificada en el momento de la venta como no retornable, descontinuada o como art\u00edculo de temporada, no puede devolverse para obtener un reembolso. \n            <\/li>\n         <\/ol>\n      <\/article>\n      <br><br>\n      <article>\n         <h2><em>Recibir un reembolso<\/em><\/h2>\n         \n            Se emitir\u00e1 un reembolso una vez que BM Cargo haya aprobado los art\u00edculos devueltos. Los reembolsos no incluyen los cargos por env\u00edo o por manejo, excepto en el caso de art\u00edculos defectuosos o da\u00f1ados. El reembolso se acreditar\u00e1 a la forma de pago original utilizada para la transacci\u00f3n original y ser\u00e1 por el monto del precio del producto menos los cargos por manejo y env\u00edo.\n        <br><br>\n         Ten en cuenta que el proceso de reembolso de MONAT tomar\u00e1 entre 3 a 5 d\u00edas h\u00e1biles y en adici\u00f3n los reembolsos de tarjetas de cr\u00e9dito pueden demorar hasta 10 d\u00edas h\u00e1biles adicionales, para que el banco lo complete, seg\u00fan los tiempos de procesamiento. Esto puede variar mucho entre los emisores de tarjetas de cr\u00e9dito.\n         \n      <\/article>\n      <br><br>\n      <article>\n         <p><em>D\u00f3nde enviamos<\/em><\/p>\n         <br>\n         Actualmente enviamos a direcciones de EE. UU., incluidos Alaska, Haw\u00e1i y los territorios de EE. UU. No realizamos env\u00edos a apartados postales o direcciones FPO.\n         <br><br>\n      Tambi\u00e9n realizamos env\u00edos a todos los mercados donde MONAT opera (visita monatglobal.com para ver la lista) y continuamos trabajando para expandirnos pronto a otros pa\u00edses. Ten en cuenta que no todos los art\u00edculos son enviados a todos los pa\u00edses. La elegibilidad para env\u00edos fuera de EE. UU. se indica en la p\u00e1gina de detalles del art\u00edculo. \n         \n      <\/article>\n      <br><br>\n      <article>\n         <p><em>Costos de env\u00edos a Panam\u00e1<\/em><\/p>\n         <br>\n               <p>RECOGIDA EN SUCURSAL<\/p>\n               <p>COSTOS<\/p>\n               <p>NOTAS<\/p>\n               <p>Tarifa FIJA de env\u00edo para Paquete de Producto<\/p>\n               <p>$7.00 USD<\/p>\n               \n               <p>Tarifa FIJA de env\u00edo para todos los dem\u00e1s pedidos menores a $100<\/p>\n               <p>$4.00 USD<\/p>\n               <p>Tambi\u00e9n aplica para el Kit de Inicio ($85 USD)<\/p>\n               <p>Monto m\u00ednimo para env\u00edo GRATIS<\/p>\n               <p>$100.00 USD<\/p>\n               <p>Solo MPs y VIPs<\/p>\n               <p>Tarifa FIJA por manejo<\/p>\n               <p>$4.95 USD<\/p>\n               <p>Se agregar\u00e1 por separado en la compra a todos los pedidos<\/p>\n               <p>D\u00edas h\u00e1biles<\/p>\n               <p>5-7 d\u00edas h\u00e1biles<\/p>\n               <p>D\u00edas h\u00e1biles <br> (si el pedido incluye aerosoles)<\/p>\n               <p>7-10 d\u00edas h\u00e1biles<\/p>\n         <br><br><br>\n               <p>ENTREGA EN CASA<\/p>\n               <p>COSTOS<\/p>\n               <p>NOTAS<\/p>\n               <p>Tarifa FIJA de env\u00edo para Paquete de Producto<\/p>\n               <p>$10.00 USD<\/p>\n               \n               <p>Tarifa FIJA de env\u00edo para todos los dem\u00e1s pedidos menores a $100<\/p>\n               <p>$5.00 USD<\/p>\n               <p>Tambi\u00e9n aplica para el Kit de Inicio ($85 USD)<\/p>\n               <p>Monto m\u00ednimo para env\u00edo GRATIS<\/p>\n               <p>$100.00 USD<\/p>\n               <p>Solo MPs y VIPs<\/p>\n               <p>Tarifa FIJA por manejo<\/p>\n               <p>$4.95 USD<\/p>\n               <p>Se agregar\u00e1 por separado en la compra a todos los pedidos<\/p>\n               <p>D\u00edas h\u00e1biles<\/p>\n               <p>6-8 d\u00edas h\u00e1biles<\/p>\n               <p>D\u00edas h\u00e1biles <br> (si el pedido incluye aerosoles)<\/p>\n               <p>7-10 d\u00edas h\u00e1biles<\/p>\n      <\/article>\n    <\/section>\n<\/main>\n","protected":false},"excerpt":{"rendered":"<p>POL\u00cdTICA DE REEMBOLSOS, DEVOLUCIONES Y CANCELACI\u00d3N DE&nbsp;MONAT Pol\u00edtica de satisfacci\u00f3n o de devoluci\u00f3n de dinero de 30 d\u00edas: MONAT ofrece una garant\u00eda de satisfacci\u00f3n o de devoluci\u00f3n de dinero de 30 d\u00edas (menos cargos por manejo y env\u00edo). Si, por alg\u00fan motivo, no te encuentras satisfecho\/a con la compra de alg\u00fan producto de MONAT, puedes&hellip;<\/p>\n","protected":false},"author":31,"featured_media":109092,"parent":0,"menu_order":0,"comment_status":"closed","ping_status":"closed","template":"","meta":{"inline_featured_image":false,"footnotes":""},"categories":[],"tags":[],"class_list":["post-108629","page","type-page","status-publish","has-post-thumbnail","hentry"],"aioseo_notices":[],"_links":{"self":[{"href":"https:\/\/monatglobal.com\/pa\/wp-json\/wp\/v2\/pages\/108629","targetHints":{"allow":["GET"]}}],"collection":[{"href":"https:\/\/monatglobal.com\/pa\/wp-json\/wp\/v2\/pages"}],"about":[{"href":"https:\/\/monatglobal.com\/pa\/wp-json\/wp\/v2\/types\/page"}],"author":[{"embeddable":true,"href":"https:\/\/monatglobal.com\/pa\/wp-json\/wp\/v2\/users\/31"}],"replies":[{"embeddable":true,"href":"https:\/\/monatglobal.com\/pa\/wp-json\/wp\/v2\/comments?post=108629"}],"version-history":[{"count":6,"href":"https:\/\/monatglobal.com\/pa\/wp-json\/wp\/v2\/pages\/108629\/revisions"}],"predecessor-version":[{"id":109109,"href":"https:\/\/monatglobal.com\/pa\/wp-json\/wp\/v2\/pages\/108629\/revisions\/109109"}],"wp:featuredmedia":[{"embeddable":true,"href":"https:\/\/monatglobal.com\/pa\/wp-json\/wp\/v2\/media\/109092"}],"wp:attachment":[{"href":"https:\/\/monatglobal.com\/pa\/wp-json\/wp\/v2\/media?parent=108629"}],"wp:term":[{"taxonomy":"category","embeddable":true,"href":"https:\/\/monatglobal.com\/pa\/wp-json\/wp\/v2\/categories?post=108629"},{"taxonomy":"post_tag","embeddable":true,"href":"https:\/\/monatglobal.com\/pa\/wp-json\/wp\/v2\/tags?post=108629"}],"curies":[{"name":"wp","href":"https:\/\/api.w.org\/{rel}","templated":true}]}}