{"id":108490,"date":"2025-08-04T19:08:43","date_gmt":"2025-08-04T18:08:43","guid":{"rendered":"https:\/\/monatglobal.com\/mx\/?page_id=108490"},"modified":"2026-03-03T19:59:07","modified_gmt":"2026-03-03T19:59:07","slug":"meet-monat","status":"publish","type":"page","link":"https:\/\/monatglobal.com\/pa\/meet-monat\/","title":{"rendered":"Conoce MONAT: Nuestra Historia, Productos y Oportunidad de Negocio | MONAT Panam\u00e1"},"content":{"rendered":"\n\n\t    <section> \n            <img decoding=\"async\" src=\"https:\/\/monatglobal.com\/de\/wp-content\/uploads\/sites\/22\/2025\/02\/oil-drop-logo-w.png\" alt=\"Monat Logo\"\/> \n            <h1>MONAT <br \/>REP\u00daBLICA <br \/>DOMINICANA Y <br \/>PANAM\u00c1 YA <br \/>LLEG\u00d3&#8230;<\/h1> \n            <p>Prep\u00e1rate para construir a lo&nbsp;grande.<\/p>\n            <!--<a href=\"https:\/\/monatglobal.com\/mx\/meet-monat\/#meet\">MEET MONAT<\/a>  -->\n        <img decoding=\"async\" src=\"https:\/\/monatglobal.com\/mx\/wp-content\/uploads\/sites\/30\/2025\/10\/hero-banner-meet-mx-evenbrite-min-1.png\" alt=\"Two women sitting together indoors, smiling while looking at a smartphone.\"\/>  \n<\/section>\n<section>\n        <p>Acomp\u00e1\u00f1anos en nuestras sesiones virtuales informativas y llamadas de oportunidad Meet MONAT (Conoce a MONAT) ahora durante todo el mes de abril.<\/p>\n        \u00bfEres un\/a l\u00edder visionario listo\/a para expandir tu negocio en uno de los mercados m\u00e1s\nprometedores de Latinoam\u00e9rica? \u00bfEst\u00e1s interesado\/a en formar parte de nuestros nuevos&nbsp;mercados?\n    <h2>Este es tu momento.<\/h2>\n\t    \n\t\t    <source media=\"(max-width: 700px)\" srcset=\"https:\/\/monatglobal.com\/wp-content\/uploads\/2025\/08\/meet-photo-group-mobile-1.jpg\" alt=\"Collage featuring a woman with a Rejuveniqe bottle, a formal awards group photo on stage, and two models posing in neutral-toned outfits.\" loading=\"lazy\"\/>\n\t\t\t<img decoding=\"async\" alt=\"Collage featuring a woman with a Rejuveniqe bottle, a formal awards group photo on stage, two models posing in neutral-toned outfits, and a group of women exercising outdoors.\" src=\"https:\/\/monatglobal.com\/wp-content\/uploads\/2025\/08\/meet-photo-group-1.jpg\" loading=\"lazy\"\/>\n\t    \n    <!--<img decoding=\"async\" src=\"https:\/\/monatglobal.com\/wp-content\/uploads\/2025\/08\/meet-photo-group-1.jpg\" alt=\"\"\/>-->\n    <!---->\n    <!--    <p>Todo lo recaudado se donar\u00e1 a una organizaci\u00f3n, con enfoque al apoyo a los ni\u00f1os en M\u00e9xico, por medio de nuestra Fundaci\u00f3n Gratitude.<\/p>-->\n        <!--\u00a1Acomp\u00e1\u00f1anos y descubre todo lo que MONAT tiene preparado para ti!-->\n        <!--<br \/><br \/>-->\n        <!--Aprende sobre los recursos disponibles para nuestros nuevos Market Partners en M\u00e9xico: Beneficios VIP, TikTok Shop M\u00e9xico, Leadership Circle, Fondo de Fundadores Visionarios, Motor Club&#8230; \u00a1y todo lo que est\u00e1 por venir! \ud83d\ude80\u2728-->\n    <!-- -->\n    <br \/>\n            <h2>Todos los martes desde marzo hasta abril de 2026<\/h2>\n            <p>Sesiones en ingl\u00e9s y espa\u00f1ol con interpretaci\u00f3n simult\u00e1nea a trav\u00e9s de Zoom AI<\/p>\n            <!--<a href=\"https:\/\/monatglobal.zoom.us\/webinar\/register\/WN_69gY4gsdRqG-XapqTMbu0w\">MEET MONAT<\/a>-->\n                <p>Cu\u00e1ndo<\/p>\n                    <p><strong>Meet MONAT:<\/strong> <br \/> 10 y 24 de marzo, 14 y 28 de abril.<\/p>\n                    <p><strong>C\u00f3mo hacer negocios en Rep\u00fablica Dominicana y Panam\u00e1:<\/strong> <br \/> 3 y 17 de marzo, 7 y 21 de abril.<\/p>\n                <p>Hora<\/p>\n                <p>8 PM ET \/ 7 PM CT \/ <br \/> 6 PM MT \/ 5 PM PT<\/p>\n                <p>D\u00f3nde<\/p>\n                <p>En vivo por Zoom<\/p>\n                <p>Para qui\u00e9n<\/p>\n                <p>L\u00edderes que quieren construir y crecer con MONAT en Rep\u00fablica Dominicana y Panam\u00e1<\/p>\n    <br \/>\n        <h2>\u00bfQu\u00e9 puedes <br \/> esperar?<\/h2>\n                <h3>Sesiones Informativas Virtuales<\/h3>\n                <ul>\n                    <li>Informaci\u00f3n clave sobre el lanzamiento de MONAT Rep\u00fablica Dominicana y Panam\u00e1<\/li>\n                    <li>Estrategias de crecimiento y motivaci\u00f3n de alto impacto<\/li>\n                    <li>Respuestas en vivo a tus preguntas<\/li>\n                    <li>Actualizaciones semanales para aquellos\/as listos\/as para liderar<\/li> \n                <\/ul>\n                <a href=\"https:\/\/monatglobal.zoom.us\/webinar\/register\/WN_ZCh74W8CQDC8_VloOoZDEA?ampDeviceId=9ffd1996-0e86-4777-96a8-0215cd13cfe9&#038;ampSessionId=1772038741945&#038;ampDeviceId=9ffd1996-0e86-4777-96a8-0215cd13cfe9&#038;ampSessionId=1772038741945\" target=\"_blank\">Sesiones Informativas Virtuales<\/a>\n            <img decoding=\"async\" alt=\"Neoclassical government building with a large white dome and columns in Santo Domingo, Dominican Republic, surrounded by palm trees and a green lawn.\" src=\"https:\/\/monatglobal.com\/pa\/wp-content\/uploads\/sites\/33\/2026\/02\/meet-monat-do.jpg\" loading=\"lazy\"\/> \n            <img decoding=\"async\" alt=\"Modern skyline of Panama City, Panama, with high-rise buildings along a coastal road and green waterfront.\" src=\"https:\/\/monatglobal.com\/pa\/wp-content\/uploads\/sites\/33\/2026\/02\/meet-monat-pa.jpg\" loading=\"lazy\"\/>\n                <h3>Meet MONAT<\/h3>\n                <ul>\n                    <li>Por qu\u00e9 es clave unirse a MONAT&nbsp;AHORA<\/li>\n                    <li>Historias de \u00e9xito de las l\u00edderes&nbsp;Top<\/li>\n                    <li>Informaci\u00f3n sobre c\u00f3mo&nbsp;unirse<\/li>\n                <\/ul>\n                <a href=\"https:\/\/monatglobal.zoom.us\/webinar\/register\/WN_xGQcMSHCTdGeZ86bfkpbpg?ampDeviceId=9ffd1996-0e86-4777-96a8-0215cd13cfe9&#038;ampSessionId=1772172098188&#038;ampDeviceId=9ffd1996-0e86-4777-96a8-0215cd13cfe9&#038;ampSessionId=1772172098188\" target=\"_blank\">MEET MONAT<\/a>\n        <br \/>\n        <br \/>\n        <br \/>\n        <br \/>\n        <br \/>\n<\/section>\n\n","protected":false},"excerpt":{"rendered":"<p>MONAT REP\u00daBLICA DOMINICANA Y PANAM\u00c1 YA LLEG\u00d3&#8230; Prep\u00e1rate para construir a lo&nbsp;grande. Acomp\u00e1\u00f1anos en nuestras sesiones virtuales informativas y llamadas de oportunidad Meet MONAT (Conoce a MONAT) ahora durante todo el mes de abril. \u00bfEres un\/a l\u00edder visionario listo\/a para expandir tu negocio en uno de los mercados m\u00e1s prometedores de Latinoam\u00e9rica? \u00bfEst\u00e1s interesado\/a en&hellip;<\/p>\n","protected":false},"author":31,"featured_media":109183,"parent":0,"menu_order":0,"comment_status":"closed","ping_status":"closed","template":"","meta":{"inline_featured_image":false,"footnotes":""},"categories":[],"tags":[],"class_list":["post-108490","page","type-page","status-publish","has-post-thumbnail","hentry"],"aioseo_notices":[],"_links":{"self":[{"href":"https:\/\/monatglobal.com\/pa\/wp-json\/wp\/v2\/pages\/108490","targetHints":{"allow":["GET"]}}],"collection":[{"href":"https:\/\/monatglobal.com\/pa\/wp-json\/wp\/v2\/pages"}],"about":[{"href":"https:\/\/monatglobal.com\/pa\/wp-json\/wp\/v2\/types\/page"}],"author":[{"embeddable":true,"href":"https:\/\/monatglobal.com\/pa\/wp-json\/wp\/v2\/users\/31"}],"replies":[{"embeddable":true,"href":"https:\/\/monatglobal.com\/pa\/wp-json\/wp\/v2\/comments?post=108490"}],"version-history":[{"count":23,"href":"https:\/\/monatglobal.com\/pa\/wp-json\/wp\/v2\/pages\/108490\/revisions"}],"predecessor-version":[{"id":109189,"href":"https:\/\/monatglobal.com\/pa\/wp-json\/wp\/v2\/pages\/108490\/revisions\/109189"}],"wp:featuredmedia":[{"embeddable":true,"href":"https:\/\/monatglobal.com\/pa\/wp-json\/wp\/v2\/media\/109183"}],"wp:attachment":[{"href":"https:\/\/monatglobal.com\/pa\/wp-json\/wp\/v2\/media?parent=108490"}],"wp:term":[{"taxonomy":"category","embeddable":true,"href":"https:\/\/monatglobal.com\/pa\/wp-json\/wp\/v2\/categories?post=108490"},{"taxonomy":"post_tag","embeddable":true,"href":"https:\/\/monatglobal.com\/pa\/wp-json\/wp\/v2\/tags?post=108490"}],"curies":[{"name":"wp","href":"https:\/\/api.w.org\/{rel}","templated":true}]}}