{"id":108424,"date":"2025-07-30T23:29:05","date_gmt":"2025-07-30T22:29:05","guid":{"rendered":"https:\/\/monatglobal.com\/mx\/?page_id=108424"},"modified":"2026-04-01T13:54:49","modified_gmt":"2026-04-01T12:54:49","slug":"vip","status":"publish","type":"page","link":"https:\/\/monatglobal.com\/pa\/vip\/","title":{"rendered":"Programa VIP"},"content":{"rendered":"\n\n\t<style>\n    :root{\n        --gray: #F4F3F2;\n        --green: #8C966A;\n    } \n<\/style>\n    <section id=\"bannerSec\">\n            <h3>BIENVENIDO A<\/h3>\n            <img decoding=\"async\" id=\"monatLogo_w\" src=\"https:\/\/monatglobal.com\/wp-content\/uploads\/2023\/08\/monat-logo-white-1.svg\" alt=\"monat logo\"\/>\n            <h1>Beneficios VIP\u2122<\/h1> \n            <h2>Gana m\u00e1s con nuevas recompensas.<\/h2>\n            <a href=\"https:\/\/corp.mymonat.com\/pyr_core\/v2_enrollments\/select_market?enroll_params=profile_form_type%3Dvip_for_life&#038;lang_code=es&#038;market=PA\" target=\"_blank\">UNIRSE AHORA<\/a>\n            <!--<a>DISPONIBLE EN ABRIL<\/a>-->\n    <\/section> \n    <!---->\n    <!--    <a href=\"https:\/\/monatglobal.com\/vip\/?lang=es#healthy-savings\">AHORROS INCRE\u00cdBLES<\/a> -->\n    <!--    -->\n    <!--    <a href=\"https:\/\/monatglobal.com\/vip\/?lang=es#exclusive-rewards\">RECOMPENSAS EXCLUSIVAS<\/a>-->\n    <!--    -->\n    <!--    <a href=\"https:\/\/monatglobal.com\/vip\/?lang=es#beautiful-results\">RESULTADOS REALES<\/a>-->\n    <!---->\n    <img decoding=\"async\" src=\"https:\/\/monatglobal.com\/wp-content\/uploads\/2024\/11\/vip-perks-main-banner-2024-final-min.jpg\" alt=\"Una mujer con cabello casta\u00f1o oscuro sentada en un sof\u00e1, sonriendo mientras sostiene una botella de producto MONAT, en una sala de estar acogedora y con luz natural.\" loading=\"lazy\"\/>\n        <img decoding=\"async\" src=\"https:\/\/monatglobal.com\/wp-content\/uploads\/2024\/11\/vip-perks-main-banner-2024-mobile-min.jpg\" alt=\"Una mujer con cabello casta\u00f1o oscuro sentada en un sof\u00e1, sonriendo mientras sostiene una botella de producto MONAT, en una sala de estar acogedora y con luz natural.\" loading=\"lazy\"\/>\n        <p>Convi\u00e9rtete en un VIP de MONAT y disfrutar\u00e1s de una gran cantidad de beneficios que incluyen ahorros incre\u00edbles, recompensas exclusivas, resultados reales y mucho m\u00e1s.<\/p>\n        <!--<p>\u00a1\u00danete hoy mismo de forma gratuita y disfruta de los beneficios!<\/p>-->\n    <section id=\"healthy-savings\">\n        <!---->\n        <!--    -->\n        <!--        <h2>01 AHORROS<br \/>INCRE\u00cdBLES<\/h2>-->\n        <!--    -->\n        <!--    <img decoding=\"async\" src=\"https:\/\/monatglobal.com\/wp-content\/uploads\/2024\/11\/HEALTHY-SAVINGS-banner-NA-pages-min.jpg\" alt=\"Una mujer rubia con una camiseta blanca sonriendo mientras sostiene una botella amarilla de producto MONAT al aire libre, cerca de la piscina.\" loading=\"lazy\"\/>-->\n        <!---->\n                <img decoding=\"async\" src=\"https:\/\/monatglobal.com\/wp-content\/uploads\/2024\/11\/VIP-POINTS.svg\" alt=\"VIP POINTS icon\"\/>\n                <h3>PUNTOS VIP<\/h3>\n                <p>Gana, canjea, ahorra.<\/p>\n                <p>Gana puntos con cada compra y canj\u00e9alos por recompensas&nbsp;exclusivas.<\/p>\n                <img decoding=\"async\" src=\"https:\/\/monatglobal.com\/wp-content\/uploads\/2024\/11\/FLEXSHIP-1.svg\" alt=\"RECOMPENSAS\"\/>\n                <h3>RECOMPENSAS DE PRODUCTOS<\/h3>\n                <p>\u00a1Date el gusto de disfrutar lo&nbsp;mejor!<\/p>\n                <p>\u00a1Utiliza tus puntos para probar algo nuevo y a\u00f1ade tu pr\u00f3ximo producto b\u00e1sico de belleza a tu pedido sin costo alguno! <br \/><br \/> Los premios de productos rotan mensualmente y s\u00f3lo est\u00e1n disponibles hasta agotar existencias.<\/p>\n                <img decoding=\"async\" src=\"https:\/\/monatglobal.com\/wp-content\/uploads\/2024\/11\/FLAT-RATE-SHIPPING.svg\" alt=\"FLAT RATE SHIPPING icon\"\/>\n                <h3>ENV\u00cdO CON <br \/> TARIFA FIJA*<\/h3>\n                <p>Comprar es f\u00e1cil.<\/p>\n                <p>Servicio de env\u00edo complementario GRATIS en pedidos elegibles.<\/p>\n                <img decoding=\"async\" src=\"https:\/\/monatglobal.com\/wp-content\/uploads\/2024\/11\/BIRTHDAY-GIFT.svg\" alt=\"BIRTHDAY GIFT icon\"\/>\n                <h3>BONO DE<br \/> CUMPLEA\u00d1OS<\/h3>\n                <p>Nuestro regalo para ti.<\/p>\n                <p>Recibe una recompensa en tu d\u00eda especial.<\/p>\n                <img decoding=\"async\" src=\"https:\/\/monatglobal.com\/wp-content\/uploads\/2024\/11\/ANNI-GIFT.svg\" alt=\"ANNI GIFT icon\"\/>\n                <h3>REGALO DE<br \/> ANIVERSARIO<\/h3>\n                <p>Gracias por todo lo que haces.<\/p>\n                <p>Celebra tu aniversario MONAT con Puntos VIP de&nbsp;regalo.<\/p>\n                <img decoding=\"async\" src=\"https:\/\/monatglobal.com\/wp-content\/uploads\/2024\/11\/SALES-AND-PROMOS.svg\" alt=\"SALES AND PROMOS icon\"\/>\n                <h3>VENTAS Y PROMOCIONES EXCLUSIVAS<\/h3>\n                <p>Lo lograste.<\/p>\n                <p>Disfruta de acceso exclusivo a ventas flash y promociones especiales donde ahorrar\u00e1s a\u00fan&nbsp;m\u00e1s.<\/p>\n    <!--    -->\n    <!--        -->\n    <!--            <img decoding=\"async\" src=\"https:\/\/monatglobal.com\/wp-content\/uploads\/2024\/11\/15-OFF.svg\" alt=\"15 off icon\"\/>-->\n    <!--            <h3>15% DE DESCUENTO<\/h3>-->\n    <!--            <p>En todos los productos. <br \/>Todos los d\u00edas.<\/p>-->\n    <!--            <p>Siempre recibir\u00e1s un 15% de descuento del precio minorista de cualquier producto&nbsp;MONAT.<\/p>-->\n    <!--        -->\n    <!--        -->\n    <!--            <img decoding=\"async\" src=\"https:\/\/monatglobal.com\/wp-content\/uploads\/2024\/11\/PURCHASE.svg\" alt=\"PURCHASE+ icon\"\/>-->\n    <!--            <h3>MONAT <br \/>PURCHASE +\u2122<\/h3>-->\n    <!--            <p>Ahorra a\u00fan m\u00e1s.<\/p>-->\n    <!--            <p>Recibe entre un 15 y un 25% de descuento adicional en tu compra, seg\u00fan el total de tu&nbsp;orden.<\/p>-->\n    <!--        -->\n    <!--        -->\n    <!--            <img decoding=\"async\" src=\"https:\/\/monatglobal.com\/wp-content\/uploads\/2024\/11\/FLAT-RATE-SHIPPING.svg\" alt=\"FLAT RATE SHIPPING icon\"\/>-->\n    <!--            <h3>ENV\u00cdO CON <br \/>TARIFA FIJA<\/h3>-->\n    <!--            <p>Comprar es f\u00e1cil.<\/p>-->\n    <!--            <p>Las \u00f3rdenes de menos de $100&nbsp;USD se env\u00edan por s\u00f3lo $5&nbsp;USD. \u00a1Las \u00f3rdenes de m\u00e1s de $100&nbsp;USD se env\u00edan&nbsp;gratis!<\/p>-->\n    <!--        -->\n    <!--    -->\n    <!--<\/section>-->\n    <!--<section id=\"exclusive-rewards\">-->\n    <!--    -->\n    <!--        <img decoding=\"async\" src=\"https:\/\/monatglobal.com\/wp-content\/uploads\/2024\/11\/Exclusive-Rewards-NA-pages-min.jpg\" alt=\"Una mujer casta\u00f1a sosteniendo y examinando dos botellas de productos MONAT en un ambiente c\u00e1lido y acogedor con tonos de madera clara.\" loading=\"lazy\"\/>-->\n    <!--        -->\n    <!--            <h2>02 RECOMPENSAS <br \/>EXCLUSIVAS<\/h2>-->\n    <!--        -->\n    <!--    -->\n    <!--    -->\n    <!--        -->\n    <!--            <img decoding=\"async\" src=\"https:\/\/monatglobal.com\/wp-content\/uploads\/2024\/11\/VIP-POINTS.svg\" alt=\"VIP POINTS icon\"\/>-->\n    <!--            <h3>PUNTOS VIP<\/h3>-->\n    <!--            <p>Gana, canjea, ahorra.<\/p>-->\n    <!--            <p>Con cada compra, ganar\u00e1s puntos que podr\u00e1s acumular y canjear como desees para obtener cupones personalizados para ahorrar&nbsp;dinero.<\/p>-->\n    <!--        -->\n    <!--        -->\n    <!--            <img decoding=\"async\" src=\"https:\/\/monatglobal.com\/wp-content\/uploads\/2024\/11\/BIRTHDAY-GIFT.svg\" alt=\"BIRTHDAY GIFT icon\"\/>-->\n    <!--            <h3>BONO DE<br \/> CUMPLEA\u00d1OS<\/h3>-->\n    <!--            <p>Nuestro regalo para ti.<\/p>-->\n    <!--            <p>Recibe un cup\u00f3n de recompensa de $25&nbsp;USD en tu d\u00eda&nbsp;especial.<\/p>-->\n    <!--        -->\n    <!--        -->\n    <!--            <img decoding=\"async\" src=\"https:\/\/monatglobal.com\/wp-content\/uploads\/2024\/11\/ANNI-GIFT.svg\" alt=\"ANNI GIFT icon\"\/>-->\n    <!--            <h3>REGALO DE<br \/> ANIVERSARIO<\/h3>-->\n    <!--            <p>Gracias por todo lo que haces.<\/p>-->\n    <!--            <p>Celebra con un cup\u00f3n de recompensa de $10&nbsp;USD en tu aniversario como VIP de&nbsp;MONAT.<\/p>-->\n    <!--        -->\n    <!--    -->\n    <!--<\/section>-->\n    <!--<section id=\"beautiful-results\">-->\n    <!--    -->\n    <!--        -->\n    <!--            <h2>03 RESULTADOS<br \/> REALES<\/h2> -->\n    <!--        -->\n    <!--        <img decoding=\"async\" src=\"https:\/\/monatglobal.com\/wp-content\/uploads\/2024\/11\/Beautiful-Results-NA-pages-min.jpg\" alt=\"Una mujer de cabello oscuro en un ba\u00f1o, sonriendo mientras alcanza un producto MONAT en una estanter\u00eda elegante llena de otros productos de belleza.\" loading=\"lazy\"\/>-->\n    <!--    -->\n    <!--    -->\n    <!--        -->\n    <!--            <img decoding=\"async\" src=\"https:\/\/monatglobal.com\/wp-content\/uploads\/2024\/11\/FLEXSHIP-1.svg\" alt=\"FLEXSHIP icon\"\/>-->\n    <!--            <h3>FLEXSHIP<\/h3>-->\n    <!--            <p>Nunca te quedes sin tus productos imprescindibles.<\/p>-->\n    <!--            <p>Elige tus productos y tu frecuencia:<br \/> cada 30 o 60 d\u00edas. Actualiza tu orden o ajusta tu cronograma en cualquier momento, sin&nbsp;complicaciones.<\/p>-->\n    <!--        -->\n    <!--        -->\n    <!--            <img decoding=\"async\" src=\"https:\/\/monatglobal.com\/wp-content\/uploads\/2024\/11\/FREE-PRODUCTS-SPANISH.svg\" alt=\"FREE icon\"\/>-->\n    <!--            <h3>PRODUCTOS<br \/> GRATIS<\/h3>-->\n    <!--            <p>Con Flexship obtienes beneficios.<\/p>-->\n    <!--            <p>Recibe un producto GRATIS en tu segunda, tercera y cuarta orden Flexship de $84&nbsp;USD o&nbsp;m\u00e1s.<\/p>-->\n    <!--        -->\n    <!--        -->\n    <!--            <img decoding=\"async\" src=\"https:\/\/monatglobal.com\/wp-content\/uploads\/2024\/11\/SALES-AND-PROMOS.svg\" alt=\"SALES AND PROMOS icon\"\/>-->\n    <!--            <h3>VENTAS Y PROMOCIONES EXCLUSIVAS<\/h3>-->\n    <!--            <p>Lo lograste.<\/p>-->\n    <!--            <p>Disfruta de acceso exclusivo a ventas flash y promociones especiales donde ahorrar\u00e1s a\u00fan&nbsp;m\u00e1s.<\/p>-->\n    <!--        -->\n    <!--    -->\n    <\/section>\n    <section id=\"preFooter\">\n        <h2>\u00bfLISTA(O) PARA SER <br \/> VIP DE MONAT?<\/h2>\n        <p>Con un pedido de inscripci\u00f3n de $70 USD para dar el primer paso hacia tu mejor cabello y piel. <br \/> Luego, empieza a ganar Puntos VIP en cada compra y ver\u00e1s c\u00f3mo se acumulan las recompensas.<\/p>\n        <a href=\"https:\/\/corp.mymonat.com\/pyr_core\/v2_enrollments\/select_market?enroll_params=profile_form_type%3Dvip_for_life&#038;lang_code=es&#038;market=PA\" target=\"_blank\">UNIRSE AHORA<\/a>\n        <!--<a>DISPONIBLE EN ABRIL<\/a>-->\n        <a href=\"https:\/\/monatglobal.com\/do\/wp-content\/uploads\/sites\/32\/2026\/03\/DOPA_MONAT-Beneficios-VIP-FAQ-10826_V2.pdf\" target=\"_blank\" id=\"faq_btn\">PREGUNTAS FRECUENTES DE MONAT BENEFICIOS VIP\u2122<\/a>\n        <p>*Disponible en marzo de 2026.<\/p>\n   <!-- TrustBox widget - Slider -->\n  <a href=\"https:\/\/es.trustpilot.com\/review\/monatglobal.com\" target=\"_blank\" rel=\"noopener\">Trustpilot<\/a>\n<!-- End TrustBox widget -->\n    <\/section>\n\n","protected":false},"excerpt":{"rendered":"<p>BIENVENIDO A Beneficios VIP\u2122 Gana m\u00e1s con nuevas recompensas. UNIRSE AHORA Convi\u00e9rtete en un VIP de MONAT y disfrutar\u00e1s de una gran cantidad de beneficios que incluyen ahorros incre\u00edbles, recompensas exclusivas, resultados reales y mucho m\u00e1s. PUNTOS VIP Gana, canjea, ahorra. Gana puntos con cada compra y canj\u00e9alos por recompensas&nbsp;exclusivas. RECOMPENSAS DE PRODUCTOS \u00a1Date el&hellip;<\/p>\n","protected":false},"author":31,"featured_media":109133,"parent":0,"menu_order":0,"comment_status":"closed","ping_status":"closed","template":"","meta":{"inline_featured_image":false,"footnotes":""},"categories":[],"tags":[],"class_list":["post-108424","page","type-page","status-publish","has-post-thumbnail","hentry"],"aioseo_notices":[],"_links":{"self":[{"href":"https:\/\/monatglobal.com\/pa\/wp-json\/wp\/v2\/pages\/108424","targetHints":{"allow":["GET"]}}],"collection":[{"href":"https:\/\/monatglobal.com\/pa\/wp-json\/wp\/v2\/pages"}],"about":[{"href":"https:\/\/monatglobal.com\/pa\/wp-json\/wp\/v2\/types\/page"}],"author":[{"embeddable":true,"href":"https:\/\/monatglobal.com\/pa\/wp-json\/wp\/v2\/users\/31"}],"replies":[{"embeddable":true,"href":"https:\/\/monatglobal.com\/pa\/wp-json\/wp\/v2\/comments?post=108424"}],"version-history":[{"count":9,"href":"https:\/\/monatglobal.com\/pa\/wp-json\/wp\/v2\/pages\/108424\/revisions"}],"predecessor-version":[{"id":109245,"href":"https:\/\/monatglobal.com\/pa\/wp-json\/wp\/v2\/pages\/108424\/revisions\/109245"}],"wp:featuredmedia":[{"embeddable":true,"href":"https:\/\/monatglobal.com\/pa\/wp-json\/wp\/v2\/media\/109133"}],"wp:attachment":[{"href":"https:\/\/monatglobal.com\/pa\/wp-json\/wp\/v2\/media?parent=108424"}],"wp:term":[{"taxonomy":"category","embeddable":true,"href":"https:\/\/monatglobal.com\/pa\/wp-json\/wp\/v2\/categories?post=108424"},{"taxonomy":"post_tag","embeddable":true,"href":"https:\/\/monatglobal.com\/pa\/wp-json\/wp\/v2\/tags?post=108424"}],"curies":[{"name":"wp","href":"https:\/\/api.w.org\/{rel}","templated":true}]}}