{"id":108421,"date":"2025-07-30T23:15:56","date_gmt":"2025-07-30T22:15:56","guid":{"rendered":"https:\/\/monatglobal.com\/mx\/?page_id=108421"},"modified":"2026-04-01T12:25:09","modified_gmt":"2026-04-01T11:25:09","slug":"the-monat-opportunity","status":"publish","type":"page","link":"https:\/\/monatglobal.com\/pa\/the-monat-opportunity\/","title":{"rendered":"La Oportunidad MONAT"},"content":{"rendered":"\n\n\t<style>\n   :root {\n        --mediumSizeP: clamp(1.8rem, 1.6vw, 2.3rem);\n        --smallSizeP: clamp(1.4rem, 1.4vw, 1.8rem);\n        --bigGap: clamp(7rem, 9vw, 12rem);\n        --mediumGap: clamp(5.5rem, 8vw, 10rem);\n        --smallGap: clamp(4rem, 6vw, 6rem); \n   }  \n<\/style>\n    <!--<a>DISPONIBLE EL 1RO DE OCTUBRE<\/a>-->\n    <a href=\"https:\/\/mymonat.com\/pyr_core\/v2_enrollments\/select_market?sponsor_id=&#038;enroll_params=profile_form_type%3Dexpress&#038;market=pa&#038;lang_code=es\">\u00daNETE AHORA<\/a>\n    <section id=\"bannerSec\">\n            <h1>\u00a1Tu <br \/> transformaci\u00f3n <br \/> comienza aqu\u00ed!<\/h1> \n            <!--MIRAR VIDEO-->\n        <!--<video src=\"https:\/\/monatglobal.com\/wp-content\/uploads\/2024\/11\/opp_video-video-converter.com_.mp4\" loop muted autoplay><\/video>-->\n    <\/section>\n    <section id=\"introSec\">\n        <p>Imag\u00ednate construyendo un negocio que se adapta a tu vida, compartiendo tu rutina de belleza diaria, usando productos de primera calidad, con ingredientes de baja toxicidad y resultados efectivos.  <\/p>\n                <video src=\"https:\/\/monatglobal.com\/wp-content\/uploads\/2024\/11\/opp_video-video-converter.com_.mp4\" loop muted autoplay><\/video>\n                <img decoding=\"async\" src=\" https:\/\/monatglobal.com\/wp-content\/uploads\/2024\/11\/products-that-actually-work_img-web-min.jpg\"\/>\n                <img decoding=\"async\" src=\"https:\/\/monatglobal.com\/wp-content\/uploads\/2019\/11\/play-btn-shadow.png\"\/>MIRAR VIDEO \n            <img decoding=\"async\" src=\"https:\/\/monatglobal.com\/wp-content\/uploads\/2024\/11\/low-tox-products_img-web-min.jpg\" loading=\"lazy\"\/>\n    <\/section>\n    <section id=\"slideSec\">\n                <h2>\u00bfPor qu\u00e9  <br \/> MONAT?<\/h2>\n                <p>No seguimos tendencias, las marcamos.<\/p>\n                <img decoding=\"async\" src=\"https:\/\/monatglobal.com\/wp-content\/uploads\/2024\/11\/trends-we-set-them_slide1-min-2.jpg\" loading=\"lazy\"\/>\n                <img decoding=\"async\" src=\"https:\/\/monatglobal.com\/wp-content\/uploads\/2024\/11\/trends-we-set-them_slide2-min-2.jpg\" loading=\"lazy\"\/>\n                         <img decoding=\"async\" src=\"https:\/\/monatglobal.com\/wp-content\/uploads\/2024\/11\/trends-we-set-them_slide3-min.jpg\" loading=\"lazy\"\/>\n               <img decoding=\"async\" src=\"https:\/\/monatglobal.com\/wp-content\/uploads\/2024\/11\/trends-we-set-them_slide4-2024-min.jpg\" loading=\"lazy\"\/>\n                <img decoding=\"async\" src=\"https:\/\/monatglobal.com\/wp-content\/uploads\/2024\/11\/Why-MONAT-slide_img-5-2024-min.jpg\" loading=\"lazy\"\/>\n                   <img decoding=\"async\" src=\"https:\/\/monatglobal.com\/wp-content\/uploads\/2024\/11\/products-that-actually-work_img-web-min.jpg\" loading=\"lazy\"\/>\n            <!---->\n            <p>No somos una marca de belleza como cualquier otra: somos la compa\u00f1\u00eda del cuidado del cabello de m\u00e1s r\u00e1pido crecimiento y n\u00famero 1 en la venta directa de productos del cuidado del cabello pr\u00e9mium en todo el mundo.<\/p>\n    <\/section>\n        <hr \/>\n        <section>\n                01\n                <h2>Productos  <br \/>pr\u00e9mium, resultados  <br \/> reales.<\/h2>\n                <p>Desde 2014, MONAT ha sido el l\u00edder en el cuidado del cuero cabelludo, mucho antes de que fuera tendencia. <br \/><br \/> Nuestras f\u00f3rmulas innovadoras, con ingredientes naturales y de baja toxicidad, brindan resultados excepcionales para el cabello y la piel, elevando al m\u00e1ximo tu confianza. <\/p>\n                <img decoding=\"async\" src=\"https:\/\/monatglobal.com\/wp-content\/uploads\/2024\/11\/Premium-Products_img-web-min.jpg\" loading=\"lazy\"\/>\n                <img decoding=\"async\" src=\"https:\/\/monatglobal.com\/wp-content\/uploads\/2018\/03\/leaping-bunny-logo-600-540_400x600-e1520273768164.png\" loading=\"lazy\"\/>\n                <p>Adem\u00e1s, contamos con la certificaci\u00f3n Leaping Bunny, as\u00ed que puedes estar seguro de que somos una marca que no realiza pruebas en animales.<\/p>\n                <img decoding=\"async\" src=\"https:\/\/monatglobal.com\/wp-content\/uploads\/2024\/11\/Premium-Products-Real-Results_awward-min.jpg\" loading=\"lazy\"\/>\n                <p>\u00bfQuieres resultados comprobados? Revisa nuestros asombrosos \u00abantes y despu\u00e9s\u00bb y los m\u00e1s de 80 productos galardonados. Con MONAT, tus clientes regresan porque los resultados son  <em>espectaculares.<\/em> <\/p>\n        <\/section>\n        <hr \/>\n        <section> \n                02\n                <h2>Convierte tu rutina<br \/>  de belleza en <br \/>  una inversi\u00f3n.<\/h2>\n                <p>MONAT en cifras:<\/p>\n                     Generamos m\u00e1s de $3.4 mil millones de d\u00f3lares en ingresos<br \/><br \/>\n                        Pagamos m\u00e1s de $1.5 mil millones de d\u00f3lares en comisiones <br \/><br \/>\n                        Ayudamos a m\u00e1s de 100 personas a llegar al Club del Mill\u00f3n de D\u00f3lares<br \/><br \/>\n                        \u00a1Todo esto en s\u00f3lo 10 a\u00f1os!<br \/><br \/>\n                    \n                <img decoding=\"async\" src=\"https:\/\/monatglobal.com\/wp-content\/uploads\/2024\/11\/Monetize-Your-Beauty-Routine_img-web-min.jpg\" loading=\"lazy\"\/>\n            <p>En MONAT, encuentras la flexibilidad, el respaldo y las herramientas que necesitas para alcanzar tus objetivos. \u00bfNo te gusta esperar? Tenemos la soluci\u00f3n: tienes la oportunidad de recibir hasta 5 pagos al mes al compartir MONAT con otras personas. <\/p>\n        <\/section>\n        <hr \/>\n        <section> \n                03\n                <h2>Una comunidad<br \/> sin igual.<\/h2>\n                <p>\u00bfCrecimiento personal? Confirmado. \u00bfGanancias profesionales? \u00a1Por supuesto! <\/p>\n                <p>No s\u00f3lo creamos negocios: creamos comunidades. Te damos todo el respaldo que necesitas; nunca est\u00e1s solo en esta aventura. Nuestra comunidad es lo m\u00e1s valioso que tenemos. <\/p>\n                <img decoding=\"async\" src=\"https:\/\/monatglobal.com\/wp-content\/uploads\/2024\/11\/community-vibes_img-web-min.jpg\" loading=\"lazy\"\/>\n            <p>Aqu\u00ed, avanzar de nivel es un estilo de vida, y cuando te conviertes en la mejor versi\u00f3n de ti mismo, lideras el camino para que otros hagan lo mismo. Eso es lo que nos hace imparables.<\/p>\n        <\/section>\n        <hr \/>\n        <section> \n                04\n                <h2>Marca la  <br \/>diferencia.<\/h2>\n                <p>En MONAT, retribuir est\u00e1 en nuestro ADN. <\/p>\n                <img decoding=\"async\" src=\"https:\/\/monatglobal.com\/wp-content\/uploads\/2024\/11\/Make-a-Difference_img-web-min.jpg\" loading=\"lazy\"\/>\n                <p>A trav\u00e9s de MONAT Gratitude Foundation\u2122, ya hemos donado $8 millones de d\u00f3lares para apoyar a familias, veteranos y programas educativos para ni\u00f1os.  Pero eso es s\u00f3lo el principio: \u00a1t\u00fa tambi\u00e9n puedes formar parte de este movimiento! <\/p>\n            <p>Como Market Partner, tendr\u00e1s la oportunidad de marcar la diferencia en peque\u00f1a y gran escala, tanto en tu comunidad local como en todo el mundo. Juntos estamos cambiando vidas y creando un impacto duradero. <\/p>\n        <\/section>\n        <hr \/>\n        <section> \n                05\n                <h2>Creada para brindar <br \/> estabilidad y  <br \/> \u00e9xito.<\/h2>\n                <p>Nuestros productos se fabrican en los EE. UU. y tambi\u00e9n cumplen estrictas normas europeas, lo que los convierte en unos de los m\u00e1s confiables del mundo de la belleza.<\/p>\n                <p>MONAT es una <b>empresa familiar <\/b> con total control sobre su fabricaci\u00f3n y procesos de investigaci\u00f3n y desarrollo, en asociaci\u00f3n con expertos de renombre mundial en la industria de la belleza. Esto nos permite innovar r\u00e1pidamente y garantizar la calidad inigualable de nuestros productos pr\u00e9mium.<\/p>\n                <img decoding=\"async\" src=\"https:\/\/monatglobal.com\/wp-content\/uploads\/2024\/10\/Built-for-Stability-Success_img_web-min.jpg\" loading=\"lazy\"\/>\n            <p>MONAT fue fundada por la familia Urdaneta, propietarios con d\u00e9cadas de experiencia y \u00e9xito en el sector. Junto a un reconocido y experimentado equipo corporativo, nos enorgullecemos de colaborar estrechamente con nuestros Market Partners.   <\/p>\n        <\/section>\n        <hr \/>\n        <section> \n                06\n                <h2>Un negocio sin <br \/> fronteras.<\/h2>\n                <p>Y, teniendo en cuenta que se espera que el sector del cuidado del cabello alcance los $35.49 mil millones de d\u00f3lares en 2030, asociarse con un l\u00edder como MONAT es un gran triunfo.<\/p>\n                <img decoding=\"async\" src=\"https:\/\/monatglobal.com\/wp-content\/uploads\/2026\/03\/A-Business-Without-Borders_img-web-2026-countries-april-1.jpg\" loading=\"lazy\"\/> \n                <p>Desde Norteam\u00e9rica hasta Latinoam\u00e9rica, a lo largo de Europa y hasta Asia Pac\u00edfico, estamos en 17 pa\u00edses y seguimos creciendo.<\/p>\n            <!--  -->\n            <!--    <img decoding=\"async\" src=\"https:\/\/monatglobal.com\/wp-content\/uploads\/2026\/01\/A-Business-Without-Borders_img-web-17-2026-.jpg\" loading=\"lazy\"\/>-->\n            <!--    <p>Desde Norteam\u00e9rica hasta Latinoam\u00e9rica, a lo largo de Europa y hasta Asia Pac\u00edfico, estamos en 17 pa\u00edses y seguimos creciendo.<\/p>-->\n            <!---->\n            <p>La expansi\u00f3n global de MONAT es estrat\u00e9gica. Analizamos y evaluamos cada mercado antes de expandir nuestras operaciones a nuevos pa\u00edses, asegur\u00e1ndonos de preparar a nuestros Market Partners para un negocio exitoso y rentable.<\/p>\n            <!-- US ONLY -->\n                <p>Es tu futuro, conqu\u00edstalo. Tienes la oportunidad de convertirte en Fundador Visionario en Norteam\u00e9rica y calificar potencialmente para recibir recompensas trimestrales basadas en los mercados con mayores ventas.<\/p>\n                <img decoding=\"async\" src=\"https:\/\/monatglobal.com\/wp-content\/uploads\/2024\/11\/Visionary-Founder-in-North-America_img-web-min.jpg\" loading=\"lazy\"\/>\n            <h2>Bienvenido a <br \/> tu pr\u00f3ximo <br \/> cap\u00edtulo <\/h2>\n            <p>\u00bfListo para decir S\u00cd? <\/p>\n            <p>Elige tu paquete de productos, enam\u00f3rate<br \/> y comienza el camino hacia tu nueva vida. <\/p>\n            <br \/>\n            <br \/>\n               <!-- TrustBox widget - Slider -->\n  <a href=\"https:\/\/es.trustpilot.com\/review\/monatglobal.com\" target=\"_blank\" rel=\"noopener\">Trustpilot<\/a>\n<!-- End TrustBox widget -->\n        <\/section>\n<br \/>\n<br \/>\n<br \/>\n<br \/> \n\n","protected":false},"excerpt":{"rendered":"<p>\u00daNETE AHORA \u00a1Tu transformaci\u00f3n comienza aqu\u00ed! Imag\u00ednate construyendo un negocio que se adapta a tu vida, compartiendo tu rutina de belleza diaria, usando productos de primera calidad, con ingredientes de baja toxicidad y resultados efectivos. MIRAR VIDEO \u00bfPor qu\u00e9 MONAT? No seguimos tendencias, las marcamos. No somos una marca de belleza como cualquier otra: somos&hellip;<\/p>\n","protected":false},"author":31,"featured_media":109113,"parent":0,"menu_order":0,"comment_status":"closed","ping_status":"closed","template":"","meta":{"inline_featured_image":false,"footnotes":""},"categories":[],"tags":[],"class_list":["post-108421","page","type-page","status-publish","has-post-thumbnail","hentry"],"aioseo_notices":[],"_links":{"self":[{"href":"https:\/\/monatglobal.com\/pa\/wp-json\/wp\/v2\/pages\/108421","targetHints":{"allow":["GET"]}}],"collection":[{"href":"https:\/\/monatglobal.com\/pa\/wp-json\/wp\/v2\/pages"}],"about":[{"href":"https:\/\/monatglobal.com\/pa\/wp-json\/wp\/v2\/types\/page"}],"author":[{"embeddable":true,"href":"https:\/\/monatglobal.com\/pa\/wp-json\/wp\/v2\/users\/31"}],"replies":[{"embeddable":true,"href":"https:\/\/monatglobal.com\/pa\/wp-json\/wp\/v2\/comments?post=108421"}],"version-history":[{"count":5,"href":"https:\/\/monatglobal.com\/pa\/wp-json\/wp\/v2\/pages\/108421\/revisions"}],"predecessor-version":[{"id":109244,"href":"https:\/\/monatglobal.com\/pa\/wp-json\/wp\/v2\/pages\/108421\/revisions\/109244"}],"wp:featuredmedia":[{"embeddable":true,"href":"https:\/\/monatglobal.com\/pa\/wp-json\/wp\/v2\/media\/109113"}],"wp:attachment":[{"href":"https:\/\/monatglobal.com\/pa\/wp-json\/wp\/v2\/media?parent=108421"}],"wp:term":[{"taxonomy":"category","embeddable":true,"href":"https:\/\/monatglobal.com\/pa\/wp-json\/wp\/v2\/categories?post=108421"},{"taxonomy":"post_tag","embeddable":true,"href":"https:\/\/monatglobal.com\/pa\/wp-json\/wp\/v2\/tags?post=108421"}],"curies":[{"name":"wp","href":"https:\/\/api.w.org\/{rel}","templated":true}]}}