{"id":64389,"date":"2021-10-23T22:49:03","date_gmt":"2021-10-23T22:49:03","guid":{"rendered":"https:\/\/monatglobal.com\/au\/?page_id=64389"},"modified":"2026-02-27T16:24:08","modified_gmt":"2026-02-27T21:24:08","slug":"rejuveniqe-oil","status":"publish","type":"page","link":"https:\/\/monatglobal.com\/nz\/rejuveniqe-oil\/","title":{"rendered":"REJUVENIQE\u00a0\u00ae"},"content":{"rendered":"\n\n\t<link rel=\"stylesheet\" href=\"https:\/\/unpkg.com\/swiper\/swiper-bundle.min.css\"\/>\n<link rel=\"stylesheet\" href=\"https:\/\/monatglobal.com\/wp-content\/creative_css\/product_styles_sheet.css\"\/>\n  <!--==================================================== ECOMM SECTION ====================================================-->\n  <p>BEST SELLER<\/p>\n    <!--==================================================== Ecomm image ====================================================-->\n    <img decoding=\"async\" src=\"https:\/\/monatglobal.com\/es\/wp-content\/uploads\/sites\/10\/2021\/10\/rejuveniqe_2021-ecomm.png\" alt=\"MONAT REJUVENIQE\u00ae \" loading=\"lazy\"\/>\n      <!--==================================================== Ecomm information  ====================================================-->\n        NUEVO\n        \n          <p>BEST SELLER<\/p>\n        <h1>REJUVENIQE<sup>\u00ae<\/sup><\/h1>\n        \n        <p>A proprietary blend of 13+ natural plant and essential oils for hair and&nbsp;skin.<\/p>\n        <p>30 ml \u212e 1.0 fl.oz.<\/p>\n       <!--==================================================== pricing box ====================================================-->\n<p>Retail Price<br \/>$00.00<\/p>\n<p>VIP Customer Price<br \/>$00.00<\/p>\n        <!--==================================================== pricing box ====================================================-->        \n        <p>To learn more about REJUVENIQE<sup>\u00ae<\/sup>, please contact your MONAT Market&nbsp;Partner.<\/p>\n          <a href=\"\" target=\"_blank\" role=\"button\" aria-label=\"\" rel=\"noopener\"><\/a>\n    <!--==================================================== \/ECOMM SECTION  ====================================================-->\n    <!--==================================================== Benefits image ====================================================-->\n    \n      <source media=\"(max-width: 700px)\" srcset=\"https:\/\/monatglobal.com\/nz\/wp-content\/uploads\/sites\/15\/2022\/10\/rejuveniqe-benefits_mobile.jpg\" loading=\"lazy\"\/>\n        <img decoding=\"async\" src=\"https:\/\/monatglobal.com\/nz\/wp-content\/uploads\/sites\/15\/2022\/10\/Rejuvenique-benefits-2021.jpg\" alt=\"Three females smiling while one of them is holding REJUVENIQE\u00ae\" loading=\"lazy\"\/>\n      \n      <!--==================================================== Benefits text ====================================================-->\n          <h2>BENEFITS<\/h2>\n          <h3>This multipurpose oil combines a proprietary blend of 13+ naturally derived plant and essential oils rich in omega fatty acids, antioxidants and nutrients that enhance the healthy look of hair and skin and may help to reduce the signs of&nbsp;ageing.<\/h3>\n          *Based on statistically significant hair breakage study assessing the reduction of broken fibres by repetitive combing and&nbsp;brushing. <br \/>\n          **Based on instrumental tests by a third-party&nbsp;laboratory. \n          <!--==================================================== features image  ====================================================-->\n          <img decoding=\"async\" src=\"https:\/\/monatglobal.com\/nz\/wp-content\/uploads\/sites\/15\/2022\/10\/Rejuveniqe-feautres.jpg\" alt=\"REJUVENIQE\u00ae laying on a flat surface, along with ingredients such as lemon and lime slices, sunflower seeds, coconut shavings and a white flower\" loading=\"lazy\"\/>\n        <!--==================================================== features text ====================================================-->\n            <h3>Features<\/h3>\n              <p>\/ A proprietary blend of 13+ natural plant and essential&nbsp;oils<\/p>\n              <p>\/ Precision dropper allows for targeted aplication on&nbsp;scalp<\/p>\n              <p>\/ Can be used as a facial or body&nbsp;moisturiser <\/p>\n              <p>\/ Versitile: rinse off or leave on hair, face, or&nbsp;body<\/p>\n              <p>\/ Add to you masque or cream for a boost of&nbsp;moisturisation<\/p>\n      <!--==================================================== composition image mobile ====================================================-->\n      <img decoding=\"async\" alt=\"Two REJUVENIQE\u00ae laying on a flat, tan surface\" src=\"https:\/\/monatglobal.com\/nz\/wp-content\/uploads\/sites\/15\/2022\/10\/Rejuveniqe-comp-1.jpg\" loading=\"lazy\"\/>\n      <!--==================================================== Why it works text ====================================================-->\n        <h2>THE CROWN JEWEL OF TRUE OPPULENCE<\/h2>\n        <h3>MONAT sourced the world seeking to find the most exquisite oils that would help balance, rejuvenate and benefit the hair and&nbsp;skin.<\/h3>\n        <p>Abyssinian oil was the first ingredient selected for its remarkable rejuvenating&nbsp;properties.<\/p><br \/>\n        <p>Wyj\u0105tkowo wydajny &#8211; wystarczy na\u0142o\u017cy\u0107 niewielk\u0105 ilo\u015b\u0107&nbsp;produktu.<\/p>\n    <!--==================================================== Composition section ====================================================-->\n        <img decoding=\"async\" src=\"https:\/\/monatglobal.com\/nz\/wp-content\/uploads\/sites\/15\/2022\/10\/Rejuveniqe-comp-1.jpg\" alt=\"Two REJUVENIQE\u00ae laying on a flat, tan surface\" loading=\"lazy\"\/>\n        <img decoding=\"async\" src=\"https:\/\/monatglobal.com\/es\/wp-content\/uploads\/sites\/10\/2021\/09\/small-square.png\" alt=\"Brunette with a ponytail holding REJUVENIQE\u00ae\" loading=\"lazy\"\/>\n            <!--==================================================== Directions text ====================================================--> \n              <h3>Directions<\/h3>\n              <p><strong>Pre-Shampoo Treatment:<\/strong><\/p>\n              <p>\/ Apply a generous amount to dry or damp hair and&nbsp;scalp.<\/p>\n              <p>\/ Leave on for 15 minutes.<\/p>\n              <p>\/ Rinse thoroughly, shampoo and&nbsp;condition.<\/p>\n            <!--==================================================== Directions video ====================================================-->\n        <p><strong>Intensive Hydrating Treatment:<\/strong><\/p>\n        <p>\/ Apply a generous amount to damp hair and&nbsp;scalp.<\/p>\n        <p>\/ Place a warm, moist towel around the head and leave on for 30&nbsp;minutes.<\/p>\n        <p>\/ Rinse thoroughly, shampoo and&nbsp;condition.<\/p>\n        <br \/>\n        <p><strong>Leave-in Finishing&nbsp;Treatment:<\/strong><\/p>\n        <p>\/ After hair is dry, rub a small amount between the palms of your hands and apply to the&nbsp;ends. <\/p>\n        <br \/>\n        <p><strong>Facial Moisturiser:<\/strong><\/p>\n        <p>\/ Apply morning and evening to face, neck and d\u00e9colletage, prior to moisturiser, concentrating on problem areas such as fine lines, for instant hydration and&nbsp;protection.<\/p>\n        <p><strong>Body Moisturiser:<\/strong><\/p>\n        <p>\/ Apply morning and evening to elbows, knees, dry spots and the top of the&nbsp;hands.<\/p>\n        <br \/>\n        <p><strong>ADDITIONAL USES: <\/strong><\/p>\n        <p>\/ Mix with your favourite moisturiser (face or body) for a boost of&nbsp;moisturisation.<\/p>\n        <p>\/ Add to conditioner or hair masque for added conditioning and&nbsp;shine.<\/p>\n        <p>\/ Blend in with your favourite liquid foundation to give your face added moisture when in dryer&nbsp;climates.<\/p>\n        <p>\/ Pat a few drops on your face before air travel to decrease moisture&nbsp;loss.<\/p>\n     <a href=\"\" target=\"_blank\" role=\"button\" aria-label=\"\" rel=\"noopener\"><\/a>\n    <!--==================================================== Ingredients section  ====================================================-->\n      <h2>KEY INGREDIENTS<\/h2>\n           <img decoding=\"async\" src=\"https:\/\/monatglobal.com\/wp-content\/uploads\/2022\/11\/Abyssinian-Oil.svg\" alt=\"Abyssinian Oil\"\/>\n          <p>Abyssinian Oil<\/p>\n          <img decoding=\"async\" src=\"https:\/\/monatglobal.com\/wp-content\/uploads\/2022\/11\/Meadowfoam-Oil.svg\" alt=\"Meadowfoam Oil\"\/>\n        <p>Meadowfoam Oil <\/p>\n            <img decoding=\"async\" src=\"https:\/\/monatglobal.com\/wp-content\/uploads\/2022\/12\/carrotoil.svg\" alt=\"Carrot Seed Oil\"\/>\n          <p>Carrot Seed Oil<\/p>\n  <button id=\"myBtn\" type=\"button\">SEE FULL INGREDIENTS LIST<\/button>\n  <!--==================================================== Modal content  ====================================================-->\n    \u00d7\n    <p>Limnanthes Alba (Meadowfoam) Seed Oil, Crambe Abyssinica Seed Oil, Camellia Oleifera Seed Oil, Solanum Lycopersicum (Tomato) Seed Oil, Daucus Carota Sativa (Carrot) Seed Oil, Citrus Limon (Lemon) Peel Oil, Citrus Aurantifolia (Lime) Oil, Citrus Aurantium Bergamia (Bergamot) Fruit Oil, Adansonia Digitata Oil, Mauritia Flexuosa Fruit Oil, Cocos Nucifera (Coconut) Oil, Gardenia Taitensis Flower Extract, Moringa Oleifera Seed Oil, Caryocar Brasiliense Fruit Oil, Helianthus Annuus (Sunflower) Seed Oil, Citral, Limonene, Linalool.<\/p>\n<!--==================================================== You might also like section ====================================================-->\n  <h2>YOU MIGHT ALSO LIKE  <\/h2>\n  <!--==================================================== Slider YOU MIGHT ALSO LIKE ====================================================-->\n  <!---->\n  <!--  -->\n      <!--==================================================== Slides products ====================================================-->\n  <!--    -->\n  <!--      <a href=\"https:\/\/monatglobal.com\/nz\/rejuvabeads\/\" aria-label=\"Go to REJUVABEADS page\">-->\n  <!--        <img decoding=\"async\" src=\"https:\/\/monatglobal.com\/wp-content\/uploads\/2022\/12\/Rejevabeads-ecomm.png\" loading=\"lazy\"\/>-->\n  <!--        <p>REJUVABEADS<sup>\u00ae<\/sup><\/p>-->\n  <!--      <\/a>-->\n  <!--    -->\n  <!--    -->\n  <!--      <a href=\"https:\/\/monatglobal.com\/nz\/replenish-masque\/\">-->\n  <!--        <img decoding=\"async\" src=\"https:\/\/monatglobal.com\/wp-content\/uploads\/2022\/12\/replenish-masque-e-comm-min.png\" alt=\"Replenish Masque\" loading=\"lazy\"\/>-->\n  <!--        <p>Replenish Masque<\/p>-->\n  <!--      <\/a>-->\n  <!--    -->\n  <!--    -->\n  <!--      <a href=\"\/nz\/lightweight-moisturizer\/\" aria-label=\"Go to BE BALANCED\u2122 Lightweight Moisturizer Page\">-->\n  <!--        <img decoding=\"async\" src=\"https:\/\/monatglobal.com\/wp-content\/uploads\/2022\/12\/BE-BALANCED-Lightweight-Moisturizer_ecomm-min.png\" alt=\"BE BALANCED\u2122 Lightweight Moisturizer \" loading=\"lazy\"\/>-->\n  <!--        <p>BE BALANCED\u2122<br \/>Lightweight Moisturizer <\/p>-->\n  <!--      <\/a>-->\n  <!--    -->\n  <!--  -->\n    <!--==================================================== If we need navigation buttons  ====================================================-->\n  <!--  -->\n  <!--  -->\n    <!--==================================================== If we need paginations  ====================================================-->\n  <!--  -->\n  <!---->\n<!-- If we need navigation buttons -->\n<!-- If we need paginations -->\n<a href=\"\" aria-label=\"\"><\/a>\n     <!--==================================================== this link has to go last for it to work   ====================================================-->\n\n","protected":false},"excerpt":{"rendered":"<p>BEST SELLER NUEVO BEST SELLER REJUVENIQE\u00ae A proprietary blend of 13+ natural plant and essential oils for hair and&nbsp;skin. 30 ml \u212e 1.0 fl.oz. Retail Price$00.00 VIP Customer Price$00.00 To learn more about REJUVENIQE\u00ae, please contact your MONAT Market&nbsp;Partner. BENEFITS This multipurpose oil combines a proprietary blend of 13+ naturally derived plant and essential oils&hellip;<\/p>\n","protected":false},"author":31,"featured_media":76554,"parent":0,"menu_order":0,"comment_status":"closed","ping_status":"closed","template":"","meta":{"inline_featured_image":false,"om_disable_all_campaigns":false,"_monsterinsights_skip_tracking":false,"_monsterinsights_sitenote_active":false,"_monsterinsights_sitenote_note":"","_monsterinsights_sitenote_category":0,"footnotes":""},"categories":[68],"tags":[],"class_list":["post-64389","page","type-page","status-publish","has-post-thumbnail","hentry","category-product-nz"],"aioseo_notices":[],"aioseo_head":"\n\t\t<!-- All in One SEO Pro 4.9.6 - aioseo.com -->\n\t<meta name=\"description\" content=\"REJUVENIQE is a multipurpose oil for hair and skin that strengthens hair, improves shine, reduces frizz, and hydrates skin. Made of 13+ plants &amp; essential oils\" \/>\n\t<meta name=\"robots\" content=\"max-image-preview:large\" \/>\n\t<link rel=\"canonical\" href=\"https:\/\/monatglobal.com\/nz\/rejuveniqe-oil\/\" \/>\n\t<meta name=\"generator\" content=\"All in One SEO Pro (AIOSEO) 4.9.6\" \/>\n\t\t<meta property=\"og:locale\" content=\"en_US\" \/>\n\t\t<meta property=\"og:site_name\" content=\"MONAT NEW ZEALAND - We Are Modern Nature\" \/>\n\t\t<meta property=\"og:type\" content=\"article\" \/>\n\t\t<meta property=\"og:title\" content=\"REJUVENIQE Oil | MONAT Products | Hair Oil Treatment\" \/>\n\t\t<meta property=\"og:description\" content=\"REJUVENIQE is a multipurpose oil for hair and skin that strengthens hair, improves shine, reduces frizz, and hydrates skin. Made of 13+ plants &amp; essential oils\" \/>\n\t\t<meta property=\"og:url\" content=\"https:\/\/monatglobal.com\/nz\/rejuveniqe-oil\/\" \/>\n\t\t<meta property=\"og:image\" content=\"https:\/\/monatglobal.com\/nz\/wp-content\/uploads\/sites\/15\/2022\/10\/rejuveniqe-nav-feature_nz.png\" \/>\n\t\t<meta property=\"og:image:secure_url\" content=\"https:\/\/monatglobal.com\/nz\/wp-content\/uploads\/sites\/15\/2022\/10\/rejuveniqe-nav-feature_nz.png\" \/>\n\t\t<meta property=\"og:image:width\" content=\"641\" \/>\n\t\t<meta property=\"og:image:height\" content=\"800\" \/>\n\t\t<meta property=\"article:published_time\" content=\"2021-10-23T22:49:03+00:00\" \/>\n\t\t<meta property=\"article:modified_time\" content=\"2026-02-27T21:24:08+00:00\" \/>\n\t\t<meta name=\"twitter:card\" content=\"summary_large_image\" \/>\n\t\t<meta name=\"twitter:title\" content=\"REJUVENIQE Oil | MONAT Products | Hair Oil Treatment\" \/>\n\t\t<meta name=\"twitter:description\" content=\"REJUVENIQE is a multipurpose oil for hair and skin that strengthens hair, improves shine, reduces frizz, and hydrates skin. Made of 13+ plants &amp; essential oils\" \/>\n\t\t<meta name=\"twitter:image\" content=\"https:\/\/monatglobal.com\/nz\/wp-content\/uploads\/sites\/15\/2022\/10\/rejuveniqe-nav-feature_nz.png\" \/>\n\t\t<script type=\"application\/ld+json\" class=\"aioseo-schema\">\n\t\t\t{\"@context\":\"https:\\\/\\\/schema.org\",\"@graph\":[{\"@type\":\"BreadcrumbList\",\"@id\":\"https:\\\/\\\/monatglobal.com\\\/nz\\\/rejuveniqe-oil\\\/#breadcrumblist\",\"itemListElement\":[{\"@type\":\"ListItem\",\"@id\":\"https:\\\/\\\/monatglobal.com\\\/nz#listItem\",\"position\":1,\"name\":\"Home\",\"item\":\"https:\\\/\\\/monatglobal.com\\\/nz\",\"nextItem\":{\"@type\":\"ListItem\",\"@id\":\"https:\\\/\\\/monatglobal.com\\\/nz\\\/rejuveniqe-oil\\\/#listItem\",\"name\":\"REJUVENIQE\\u00a0\\u00ae\"}},{\"@type\":\"ListItem\",\"@id\":\"https:\\\/\\\/monatglobal.com\\\/nz\\\/rejuveniqe-oil\\\/#listItem\",\"position\":2,\"name\":\"REJUVENIQE\\u00a0\\u00ae\",\"previousItem\":{\"@type\":\"ListItem\",\"@id\":\"https:\\\/\\\/monatglobal.com\\\/nz#listItem\",\"name\":\"Home\"}}]},{\"@type\":\"Organization\",\"@id\":\"https:\\\/\\\/monatglobal.com\\\/nz\\\/#organization\",\"name\":\"MONAT NEW ZEALAND\",\"description\":\"We Are Modern Nature\",\"url\":\"https:\\\/\\\/monatglobal.com\\\/nz\\\/\"},{\"@type\":\"WebPage\",\"@id\":\"https:\\\/\\\/monatglobal.com\\\/nz\\\/rejuveniqe-oil\\\/#webpage\",\"url\":\"https:\\\/\\\/monatglobal.com\\\/nz\\\/rejuveniqe-oil\\\/\",\"name\":\"REJUVENIQE Oil | MONAT Products | Hair Oil Treatment\",\"description\":\"REJUVENIQE is a multipurpose oil for hair and skin that strengthens hair, improves shine, reduces frizz, and hydrates skin. Made of 13+ plants & essential oils\",\"inLanguage\":\"en-US\",\"isPartOf\":{\"@id\":\"https:\\\/\\\/monatglobal.com\\\/nz\\\/#website\"},\"breadcrumb\":{\"@id\":\"https:\\\/\\\/monatglobal.com\\\/nz\\\/rejuveniqe-oil\\\/#breadcrumblist\"},\"image\":{\"@type\":\"ImageObject\",\"url\":\"https:\\\/\\\/monatglobal.com\\\/nz\\\/wp-content\\\/uploads\\\/sites\\\/15\\\/2022\\\/10\\\/rejuveniqe-nav-feature_nz.png\",\"@id\":\"https:\\\/\\\/monatglobal.com\\\/nz\\\/rejuveniqe-oil\\\/#mainImage\",\"width\":641,\"height\":800},\"primaryImageOfPage\":{\"@id\":\"https:\\\/\\\/monatglobal.com\\\/nz\\\/rejuveniqe-oil\\\/#mainImage\"},\"datePublished\":\"2021-10-23T22:49:03-04:00\",\"dateModified\":\"2026-02-27T16:24:08-05:00\"},{\"@type\":\"WebSite\",\"@id\":\"https:\\\/\\\/monatglobal.com\\\/nz\\\/#website\",\"url\":\"https:\\\/\\\/monatglobal.com\\\/nz\\\/\",\"name\":\"MONAT NEW ZEALAND\",\"description\":\"We Are Modern Nature\",\"inLanguage\":\"en-US\",\"publisher\":{\"@id\":\"https:\\\/\\\/monatglobal.com\\\/nz\\\/#organization\"}}]}\n\t\t<\/script>\n\t\t<!-- All in One SEO Pro -->\r\n\t\t<title>REJUVENIQE Oil | MONAT Products | Hair Oil Treatment<\/title>\n\n","aioseo_head_json":{"title":"REJUVENIQE Oil | MONAT Products | Hair Oil Treatment","description":"REJUVENIQE is a multipurpose oil for hair and skin that strengthens hair, improves shine, reduces frizz, and hydrates skin. Made of 13+ plants & essential oils","canonical_url":"https:\/\/monatglobal.com\/nz\/rejuveniqe-oil\/","robots":"max-image-preview:large","keywords":"","webmasterTools":{"miscellaneous":""},"schema":{"@context":"https:\/\/schema.org","@graph":[{"@type":"BreadcrumbList","@id":"https:\/\/monatglobal.com\/nz\/rejuveniqe-oil\/#breadcrumblist","itemListElement":[{"@type":"ListItem","@id":"https:\/\/monatglobal.com\/nz#listItem","position":1,"name":"Home","item":"https:\/\/monatglobal.com\/nz","nextItem":{"@type":"ListItem","@id":"https:\/\/monatglobal.com\/nz\/rejuveniqe-oil\/#listItem","name":"REJUVENIQE\u00a0\u00ae"}},{"@type":"ListItem","@id":"https:\/\/monatglobal.com\/nz\/rejuveniqe-oil\/#listItem","position":2,"name":"REJUVENIQE\u00a0\u00ae","previousItem":{"@type":"ListItem","@id":"https:\/\/monatglobal.com\/nz#listItem","name":"Home"}}]},{"@type":"Organization","@id":"https:\/\/monatglobal.com\/nz\/#organization","name":"MONAT NEW ZEALAND","description":"We Are Modern Nature","url":"https:\/\/monatglobal.com\/nz\/"},{"@type":"WebPage","@id":"https:\/\/monatglobal.com\/nz\/rejuveniqe-oil\/#webpage","url":"https:\/\/monatglobal.com\/nz\/rejuveniqe-oil\/","name":"REJUVENIQE Oil | MONAT Products | Hair Oil Treatment","description":"REJUVENIQE is a multipurpose oil for hair and skin that strengthens hair, improves shine, reduces frizz, and hydrates skin. Made of 13+ plants & essential oils","inLanguage":"en-US","isPartOf":{"@id":"https:\/\/monatglobal.com\/nz\/#website"},"breadcrumb":{"@id":"https:\/\/monatglobal.com\/nz\/rejuveniqe-oil\/#breadcrumblist"},"image":{"@type":"ImageObject","url":"https:\/\/monatglobal.com\/nz\/wp-content\/uploads\/sites\/15\/2022\/10\/rejuveniqe-nav-feature_nz.png","@id":"https:\/\/monatglobal.com\/nz\/rejuveniqe-oil\/#mainImage","width":641,"height":800},"primaryImageOfPage":{"@id":"https:\/\/monatglobal.com\/nz\/rejuveniqe-oil\/#mainImage"},"datePublished":"2021-10-23T22:49:03-04:00","dateModified":"2026-02-27T16:24:08-05:00"},{"@type":"WebSite","@id":"https:\/\/monatglobal.com\/nz\/#website","url":"https:\/\/monatglobal.com\/nz\/","name":"MONAT NEW ZEALAND","description":"We Are Modern Nature","inLanguage":"en-US","publisher":{"@id":"https:\/\/monatglobal.com\/nz\/#organization"}}]},"og:locale":"en_US","og:site_name":"MONAT NEW ZEALAND - We Are Modern Nature","og:type":"article","og:title":"REJUVENIQE Oil | MONAT Products | Hair Oil Treatment","og:description":"REJUVENIQE is a multipurpose oil for hair and skin that strengthens hair, improves shine, reduces frizz, and hydrates skin. Made of 13+ plants &amp; essential oils","og:url":"https:\/\/monatglobal.com\/nz\/rejuveniqe-oil\/","og:image":"https:\/\/monatglobal.com\/nz\/wp-content\/uploads\/sites\/15\/2022\/10\/rejuveniqe-nav-feature_nz.png","og:image:secure_url":"https:\/\/monatglobal.com\/nz\/wp-content\/uploads\/sites\/15\/2022\/10\/rejuveniqe-nav-feature_nz.png","og:image:width":641,"og:image:height":800,"article:published_time":"2021-10-23T22:49:03+00:00","article:modified_time":"2026-02-27T21:24:08+00:00","twitter:card":"summary_large_image","twitter:title":"REJUVENIQE Oil | MONAT Products | Hair Oil Treatment","twitter:description":"REJUVENIQE is a multipurpose oil for hair and skin that strengthens hair, improves shine, reduces frizz, and hydrates skin. Made of 13+ plants &amp; essential oils","twitter:image":"https:\/\/monatglobal.com\/nz\/wp-content\/uploads\/sites\/15\/2022\/10\/rejuveniqe-nav-feature_nz.png"},"aioseo_meta_data":{"post_id":"64389","title":"REJUVENIQE Oil | MONAT Products | Hair Oil Treatment","description":"REJUVENIQE is a multipurpose oil for hair and skin that strengthens hair, improves shine, reduces frizz, and hydrates skin. Made of 13+ plants &amp; essential oils","keywords":null,"keyphrases":{"focus":{"keyphrase":"","score":0,"analysis":{"keyphraseInTitle":{"score":0,"maxScore":9,"error":1}}},"additional":[]},"primary_term":null,"canonical_url":null,"og_title":null,"og_description":null,"og_object_type":"default","og_image_type":"default","og_image_url":null,"og_image_width":null,"og_image_height":null,"og_image_custom_url":null,"og_image_custom_fields":null,"og_video":"","og_custom_url":null,"og_article_section":null,"og_article_tags":null,"twitter_use_og":false,"twitter_card":"default","twitter_image_type":"default","twitter_image_url":null,"twitter_image_custom_url":null,"twitter_image_custom_fields":null,"twitter_title":null,"twitter_description":null,"schema":{"blockGraphs":[],"customGraphs":[],"default":{"data":{"Article":[],"Course":[],"Dataset":[],"FAQPage":[],"Movie":[],"Person":[],"Product":[],"ProductReview":[],"Car":[],"Recipe":[],"Service":[],"SoftwareApplication":[],"WebPage":[]},"graphName":"WebPage","isEnabled":true},"graphs":[]},"schema_type":"default","schema_type_options":null,"pillar_content":false,"robots_default":true,"robots_noindex":false,"robots_noarchive":false,"robots_nosnippet":false,"robots_nofollow":false,"robots_noimageindex":false,"robots_noodp":false,"robots_notranslate":false,"robots_max_snippet":"-1","robots_max_videopreview":"-1","robots_max_imagepreview":"large","priority":null,"frequency":"default","local_seo":null,"seo_analyzer_scan_date":"2026-02-27 21:58:21","breadcrumb_settings":null,"limit_modified_date":false,"reviewed_by":"0","open_ai":"{\"title\":{\"suggestions\":[],\"usage\":0},\"description\":{\"suggestions\":[],\"usage\":0}}","ai":{"faqs":[],"keyPoints":[],"titles":[],"descriptions":[],"socialPosts":{"email":[],"linkedin":[],"twitter":[],"facebook":[],"instagram":[]}},"created":"2023-07-26 02:36:43","updated":"2026-02-27 22:10:10"},"aioseo_breadcrumb":"<div class=\"aioseo-breadcrumbs\"><span class=\"aioseo-breadcrumb\">\n\t<a href=\"https:\/\/monatglobal.com\/nz\" title=\"Home\">Home<\/a>\n<\/span><span class=\"aioseo-breadcrumb-separator\">&raquo;<\/span><span class=\"aioseo-breadcrumb\">\n\tREJUVENIQE \u00ae\n<\/span><\/div>","aioseo_breadcrumb_json":[{"label":"Home","link":"https:\/\/monatglobal.com\/nz"},{"label":"REJUVENIQE\u00a0\u00ae","link":"https:\/\/monatglobal.com\/nz\/rejuveniqe-oil\/"}],"_links":{"self":[{"href":"https:\/\/monatglobal.com\/nz\/wp-json\/wp\/v2\/pages\/64389","targetHints":{"allow":["GET"]}}],"collection":[{"href":"https:\/\/monatglobal.com\/nz\/wp-json\/wp\/v2\/pages"}],"about":[{"href":"https:\/\/monatglobal.com\/nz\/wp-json\/wp\/v2\/types\/page"}],"author":[{"embeddable":true,"href":"https:\/\/monatglobal.com\/nz\/wp-json\/wp\/v2\/users\/31"}],"replies":[{"embeddable":true,"href":"https:\/\/monatglobal.com\/nz\/wp-json\/wp\/v2\/comments?post=64389"}],"version-history":[{"count":42,"href":"https:\/\/monatglobal.com\/nz\/wp-json\/wp\/v2\/pages\/64389\/revisions"}],"predecessor-version":[{"id":108932,"href":"https:\/\/monatglobal.com\/nz\/wp-json\/wp\/v2\/pages\/64389\/revisions\/108932"}],"wp:featuredmedia":[{"embeddable":true,"href":"https:\/\/monatglobal.com\/nz\/wp-json\/wp\/v2\/media\/76554"}],"wp:attachment":[{"href":"https:\/\/monatglobal.com\/nz\/wp-json\/wp\/v2\/media?parent=64389"}],"wp:term":[{"taxonomy":"category","embeddable":true,"href":"https:\/\/monatglobal.com\/nz\/wp-json\/wp\/v2\/categories?post=64389"},{"taxonomy":"post_tag","embeddable":true,"href":"https:\/\/monatglobal.com\/nz\/wp-json\/wp\/v2\/tags?post=64389"}],"curies":[{"name":"wp","href":"https:\/\/api.w.org\/{rel}","templated":true}]}}