{"id":2,"date":"2025-07-30T16:32:12","date_gmt":"2025-07-30T15:32:12","guid":{"rendered":"https:\/\/monatglobal.com\/mx\/?page_id=2"},"modified":"2026-04-14T15:38:34","modified_gmt":"2026-04-14T14:38:34","slug":"sample-page","status":"publish","type":"page","link":"https:\/\/monatglobal.com\/mx\/","title":{"rendered":"Productos premium para el cuidado del cabello | MONAT Global"},"content":{"rendered":"\n\n\t<!-- \/Banner -->\n    <!-- \/Slick Fix MX-->\n    <a href=\"https:\/\/monatglobal.com\/mx\/styling-cream-taming-wand\/\" aria-label=\"Goes to Slick Fix\">\n        \n            <source media=\"(max-width: 700px)\" srcset=\"https:\/\/monatglobal.com\/wp-content\/uploads\/2025\/12\/slick-fix-mobile-ph.jpg\"\/>\n            <img decoding=\"async\" src=\"https:\/\/monatglobal.com\/wp-content\/uploads\/2025\/12\/slick-fix-desk-ph-scaled.jpg\" alt=\" \"\/>\n        \n            NUEVO\n            <h2>MONAT <br \/> STUDIO ONE\u2122 <br \/> SLICK FIX<\/h2>\n            <p>CREMA ALISADORA + PEINE ANTI-FRIZZ<\/p>\n            <p>\u00a1Domina al instante los cabellos rebeldes y el&nbsp;frizz!<\/p>\n            <p>\u00a1Disponible ya!<\/p>\n    <\/a>\n    <!-- Slick Fix MX\/ -->\n    <!-- \/welcome Germany -->\n   <a href=\"https:\/\/monatglobal.com\/mx\/the-monat-opportunity\/\"  aria-label=\"Goes to opportunity page by MONAT\">\n    \n            <source media=\"(max-width: 700px)\" srcset=\"https:\/\/monatglobal.com\/de\/wp-content\/uploads\/sites\/22\/2025\/01\/welcome-to-MONAT-GERMANY-MOBILE-min.jpg\" loading=\"lazy\"\/>\n            <img decoding=\"async\" src=\"https:\/\/monatglobal.com\/de\/wp-content\/uploads\/sites\/22\/2025\/01\/wlcome-desktop-banner-GER-min.jpg\" alt=\"Group of three women laguhging and looking forward\" loading=\"lazy\"\/>\n        \n            <img width=\"50\" decoding=\"async\" src=\"https:\/\/monatglobal.com\/wp-content\/uploads\/2023\/08\/mexico-flag.jpg\" alt=\"Mexico Flag\" loading=\"lazy\"\/>\n            <h2>Bienvenido <br \/>a MONAT <br \/>Global<\/h2>\n            <p>Somos Modern Nature<sup>\u2122<\/sup><\/p>\n            <p>M\u00c1S INFORMACI\u00d3N<\/p>\n    <\/a>\n    <!-- \/Rejuveniqe\u00ae by MONAT -->\n    <a  href=\"https:\/\/monatglobal.com\/mx\/products\/?search=rejuveniqe%C2%AE\" aria-label=\"Goes to Rejuveniqe\u00ae by MONAT\">\n        \n            <source media=\"(max-width: 700px)\" srcset=\"https:\/\/monatglobal.com\/de\/wp-content\/uploads\/sites\/22\/2025\/01\/rejuveniqe-banner-GER-mobile-min.jpg\" loading=\"lazy\"\/>\n            <img decoding=\"async\" src=\"https:\/\/monatglobal.com\/de\/wp-content\/uploads\/sites\/22\/2025\/01\/rejuveniqe-desktop-banner-GER-min.jpg\" alt=\"Picture of a Rejuveniqe bottle placed on top of green leafs\" loading=\"lazy\"\/>\n        \n            <h2>Rejuveniqe<sup style=\"font-size: 0.5em;\n    position: relative;\">\u00ae<\/sup><br \/> Aceite Intensivo de MONAT<\/h2>\n             \nRealza tu belleza con nuestra exclusiva f\u00f3rmula de m\u00e1s de 13 aceites revitalizantes\n            <p>M\u00c1S INFORMACI\u00d3N<\/p>\n    <\/a>\n    <!-- \/BOND IQ Banner -->\n      <a href=\"https:\/\/corp.mymonat.com\/shop\/products\/bond-iq-peptide-therapy-leave-in-creme-6000006566\/?globallanguage=es&#038;globalmarket=mx\"  aria-label=\"Goes to MONAT Bond IQ\u2122\">   \n       \n            <source media=\"(max-width: 700px)\" srcset=\"https:\/\/monatglobal.com\/mx\/wp-content\/uploads\/sites\/30\/2025\/10\/Bond-IQ-Leave-In-banner-mobile-min.jpg\" loading=\"lazy\"\/>\n            <img decoding=\"async\" src=\"https:\/\/monatglobal.com\/mx\/wp-content\/uploads\/sites\/30\/2025\/10\/Bond-IQ-Leave-In-banner-desktop.jpg\" alt=\"Picture of a Rejuveniqe bottle placed on top of green leafs\" loading=\"lazy\"\/>\n        \n            NUEVO\n            <h2>MONAT <br \/> Bond IQ\u2122<\/h2>\n            Cuidado m\u00e1s inteligente. <br \/> Cabello m\u00e1s fuerte.\n            <p>\u00a1Ahora disponible!<\/p> \n      <\/a>\n    <!-- BOND IQ Banner\/ --> \n   <!--Progressbar -->\n<!-- Banner\/ -->\n<!-- \/Newest slider -->\n    <h2>Novedades<\/h2>\n<!-- Newest slider\/ -->\n<!-- \/holiday slider -->\n<!---->\n<!--    <h2>Holiday<\/h2>-->\n<!--    -->\n<!--        -->\n<!--        -->\n<!--        -->\n<!--    -->\n<!--     -->\n<!--    -->\n<!---->\n<!-- holiday slider\/ -->\n<!-- \/Links to product lines -->\n<!-- hair -->\n        <a href=\"https:\/\/monatglobal.com\/mx\/products\/\">\n        <p>CUIDADO DEL CABELLO<\/p>\n        <img decoding=\"async\" src=\"https:\/\/monatglobal.com\/mx\/wp-content\/uploads\/sites\/30\/2025\/10\/haircare-moantions_home_feature-min-1-min-scaled.jpg\" alt=\"A woman with long, glossy brown hair smiles while holding a white bottle of MONAT Bond IQ Fortifying Shampoo.\" loading=\"lazy\"\/>\n        <img decoding=\"async\" src=\"https:\/\/monatglobal.com\/wp-content\/uploads\/2023\/08\/fw-arrow.svg\" alt=\"Arrow\"\/>\n    <\/a>\n<!-- skin -->    \n    <!--<a href=\"https:\/\/monatglobal.com\/products\/?lang=es&line=cuidado-de-la-piel\">-->\n    <!--    <p>CUIDADO DE LA PIEL<\/p>-->\n    <!--    <img decoding=\"async\" src=\"https:\/\/monatglobal.com\/wp-content\/uploads\/2025\/08\/skincare-monations_home_feature-min.jpg\" alt=\"A woman with natural curly hair smiles warmly while holding a small bottle of MONAT barrier booster serum\" loading=\"lazy\"\/>-->\n    <!--    <img decoding=\"async\" src=\"https:\/\/monatglobal.com\/wp-content\/uploads\/2023\/08\/fw-arrow.svg\" alt=\"Arrow\"\/>-->\n    <!--<\/a>-->\n<!-- wellness --> \n    <!--    <a href=\"https:\/\/monatglobal.com\/products\/?lang=es&line=bienestar\">-->\n    <!--    <p>BIENESTAR<\/p>-->\n    <!--    <img decoding=\"async\" src=\"https:\/\/monatglobal.com\/wp-content\/uploads\/2025\/08\/wellness-monations_home_feature-min-1.jpg\" alt=\"A man with dark hair and facial stubble laughs joyfully with his eyes closed, holding his hand a pill of MONAT IR supllement\" loading=\"lazy\"\/>-->\n    <!--    <img decoding=\"async\" src=\"https:\/\/monatglobal.com\/wp-content\/uploads\/2023\/08\/fw-arrow.svg\" alt=\"Arrow\"\/>-->\n    <!--<\/a>-->\n<!-- Links to product lines\/ -->\n<!-- \/Best sellers slider -->\n  <h2>Los m\u00e1s vendidos<\/h2>\n<!-- Best sellers slider\/ -->\n<!-- \/Discover Monat -->\n<section id=\"joinSec\">\n    <h2>Descubre<br \/> MONAT<\/h2>\n                <a href=\"https:\/\/corp.mymonat.com\/pyr_core\/v2_enrollments\/select_market?sponsor_id=&#038;enroll_params=profile_form_type%3Dexpress&#038;market=mx&#038;lang_code=es\" target=\"_blank\">\n                    <img decoding=\"async\" src=\"https:\/\/monatglobal.com\/wp-content\/uploads\/2025\/02\/maket-partner-min.jpg\"\/>\n                        <h3>\u00a1Obtener ganancias con mi rutina de belleza! <br \/> Crear una empresa peque\u00f1a  <br \/> + Armar un equipo <\/h3>\n                            <p>\u00daNETE COMO<\/p>\n                            <button>Market Partner de MONAT<\/button> \n                <\/a>\n                <p>Para m\u00e1s informaci\u00f3n, visita  <br \/> <a href=\"https:\/\/monatglobal.com\/mx\/the-monat-opportunity\/\">https:\/\/monatglobal.com\/mx\/the-monat-opportunity\/<\/a><\/p>\n                <a href=\"https:\/\/corp.mymonat.com\/pyr_core\/v2_enrollments\/select_market?sponsor_id=&#038;enroll_params=profile_form_type=vip_for_life&#038;market=mx&#038;lang_code=es\" target=\"_blank\">\n                    <img decoding=\"async\" src=\"https:\/\/monatglobal.com\/wp-content\/uploads\/2025\/02\/join-as-a-VIP-min.jpg\"\/>\n                        <h3>Comprar productos premium <br \/>+ Obtener recompensas que te ahorran dinero<\/h3>\n                            <p>\u00daNETE COMO<\/p>\n                            <button>VIP DE MONAT<\/button>\n                <\/a>\n                <p>Disfruta de beneficios VIP adicionales cuando te inscribes con una orden inicial de $1,600 MXN. <br \/> Para m\u00e1s informaci\u00f3n visita: <br \/> <a href=\"https:\/\/monatglobal.com\/mx\/vip\/\">https:\/\/monatglobal.com\/mx\/vip\/<\/a><\/p>\n                <a href=\"https:\/\/corp.mymonat.com\/pyr_core\/v2_enrollments\/select_market?sponsor_id=&#038;enroll_params=profile_form_type=customer&#038;market=mx&#038;lang_code=es\"  target=\"_blank\">\n                    <img decoding=\"async\" src=\"https:\/\/monatglobal.com\/wp-content\/uploads\/2025\/02\/shop-retail-price-min.jpg\"\/>\n                        <h3>\u00bfA\u00fan no est\u00e1s segura(o)? <br \/>\n                        Comprar como un cliente general<\/h3>\n                            <button>Comprar ahora<\/button>\n                <\/a>\n                <p>Explora todos los productos MONAT: <br \/> <a href=\"https:\/\/monatglobal.com\/mx\/products\/\">https:\/\/monatglobal.com\/mx\/products\/<\/a><\/p>\n        <!---->\n        <!---->\n        <!---->\n<\/section>\n<!-- Discover Monat\/ -->\n<!-- \/Monat awards slider -->\n   <h2>Como aparece en<\/h2>\n   <!-- TrustBox widget - Mini -->\n  <a href=\"https:\/\/es.trustpilot.com\/review\/monatglobal.com\" target=\"_blank\" rel=\"noopener\">Trustpilot<\/a>\n<!-- End TrustBox widget -->\n   <!-- TrustBox widget - Slider -->\n  <a href=\"https:\/\/es.trustpilot.com\/review\/monatglobal.com\" target=\"_blank\" rel=\"noopener\">Trustpilot<\/a>\n<!-- End TrustBox widget -->\n            <img decoding=\"async\" src=\"https:\/\/monatglobal.com\/au\/wp-content\/uploads\/sites\/12\/2021\/09\/Think_Global_Awards_Logo.jpg\" loading=\"lazy\"\/>\n            <p>Think Global&nbsp;Awards<\/p>\n            <p>&#8211; Premio Marca del A\u00f1o<\/p>\n            <img decoding=\"async\" src=\"https:\/\/monatglobal.com\/au\/wp-content\/uploads\/sites\/12\/2021\/09\/G100_GlobeLogo_OneHundred-1.jpg\" loading=\"lazy\"\/>\n            <p>Direct Selling News Global 100&nbsp;list<\/p>\n            <p>&#8211; Lugar #24<\/p>\n            <img decoding=\"async\" src=\"https:\/\/monatglobal.com\/au\/wp-content\/uploads\/sites\/12\/2021\/09\/business-journal.jpg\" loading=\"lazy\"\/>\n            <p>South Florida Business Journal list of Power Leaders&nbsp;2020<\/p>\n            <p>&#8211; Ray Urdaneta<\/p>\n            <img decoding=\"async\" src=\"https:\/\/monatglobal.com\/au\/wp-content\/uploads\/sites\/12\/2021\/09\/inc5000-blog_award.jpg\" loading=\"lazy\"\/>\n            <p>Inc. 5000 List of America&#8217;s Fastest-Growing Private&nbsp;Companies<\/p>\n            <p>&#8211; Lugar #653<\/p>\n            <img decoding=\"async\" src=\"https:\/\/monatglobal.com\/au\/wp-content\/uploads\/sites\/12\/2021\/09\/stevie-gold.jpg\" loading=\"lazy\"\/>\n            <p>MONAT Global: Premio Stevie de Oro<\/p>\n            <p>Categor\u00eda: <br \/>Empresa del a\u00f1o &#8211; Minorista&nbsp;&#8211;&nbsp;Grande<\/p>\n            <img decoding=\"async\" src=\"https:\/\/monatglobal.com\/au\/wp-content\/uploads\/sites\/12\/2021\/09\/stevie-bronze.jpg\" loading=\"lazy\"\/>\n            <p>MONAT Global: Premio Stevie de Bronce<\/p>\n            <p>Categor\u00eda: <br \/>\u00c9xito en expansi\u00f3n&nbsp;internacional<\/p>\n      <!-- If we need paginations -->\n<!-- Monat awards slider\/ --> \n\n","protected":false},"excerpt":{"rendered":"<p>NUEVO MONAT STUDIO ONE\u2122 SLICK FIX CREMA ALISADORA + PEINE ANTI-FRIZZ \u00a1Domina al instante los cabellos rebeldes y el&nbsp;frizz! \u00a1Disponible ya! Bienvenido a MONAT Global Somos Modern Nature\u2122 M\u00c1S INFORMACI\u00d3N Rejuveniqe\u00ae Aceite Intensivo de MONAT Realza tu belleza con nuestra exclusiva f\u00f3rmula de m\u00e1s de 13 aceites revitalizantes M\u00c1S INFORMACI\u00d3N NUEVO MONAT Bond IQ\u2122 Cuidado&hellip;<\/p>\n","protected":false},"author":45,"featured_media":108580,"parent":0,"menu_order":0,"comment_status":"closed","ping_status":"open","template":"","meta":{"inline_featured_image":false,"footnotes":""},"categories":[],"tags":[],"class_list":["post-2","page","type-page","status-publish","has-post-thumbnail","hentry"],"aioseo_notices":[],"aioseo_head":"\n\t\t<!-- All in One SEO Pro 4.9.6 - aioseo.com -->\n\t<meta name=\"description\" content=\"L\u00edder global en productos innovadores de base natural para el cuidado del cabello, la piel y el bienestar, mediante un modelo de negocio insuperable que promueve la autoestima y la libertad financiera de un mill\u00f3n de familias en todo el mundo.\" \/>\n\t<meta name=\"robots\" content=\"max-image-preview:large\" \/>\n\t<link rel=\"canonical\" href=\"https:\/\/monatglobal.com\/mx\/\" \/>\n\t<meta name=\"generator\" content=\"All in One SEO Pro (AIOSEO) 4.9.6\" \/>\n\t\t<meta property=\"og:locale\" content=\"en_US\" \/>\n\t\t<meta property=\"og:site_name\" content=\"MONAT Mexico - We Are Modern Nature\u00ae\" \/>\n\t\t<meta property=\"og:type\" content=\"article\" \/>\n\t\t<meta property=\"og:title\" content=\"Productos premium para el cabello | MONAT Global\" \/>\n\t\t<meta property=\"og:description\" content=\"L\u00edder global en productos innovadores de base natural para el cuidado del cabello, la piel y el bienestar, mediante un modelo de negocio insuperable que promueve la autoestima y la libertad financiera de un mill\u00f3n de familias en todo el mundo.\" \/>\n\t\t<meta property=\"og:url\" content=\"https:\/\/monatglobal.com\/mx\/\" \/>\n\t\t<meta property=\"og:image\" content=\"https:\/\/monatglobal.com\/mx\/wp-content\/uploads\/sites\/30\/2025\/08\/La_Oportunidad-min.jpg\" \/>\n\t\t<meta property=\"og:image:secure_url\" content=\"https:\/\/monatglobal.com\/mx\/wp-content\/uploads\/sites\/30\/2025\/08\/La_Oportunidad-min.jpg\" \/>\n\t\t<meta property=\"og:image:width\" content=\"1200\" \/>\n\t\t<meta property=\"og:image:height\" content=\"628\" \/>\n\t\t<meta property=\"article:published_time\" content=\"2025-07-30T15:32:12+00:00\" \/>\n\t\t<meta property=\"article:modified_time\" content=\"2026-04-14T14:38:34+00:00\" \/>\n\t\t<meta property=\"article:publisher\" content=\"https:\/\/www.facebook.com\/monatofficial\" \/>\n\t\t<meta name=\"twitter:card\" content=\"summary\" \/>\n\t\t<meta name=\"twitter:title\" content=\"Productos premium para el cabello | MONAT Global\" \/>\n\t\t<meta name=\"twitter:description\" content=\"L\u00edder global en productos innovadores de base natural para el cuidado del cabello, la piel y el bienestar, mediante un modelo de negocio insuperable que promueve la autoestima y la libertad financiera de un mill\u00f3n de familias en todo el mundo.\" \/>\n\t\t<meta name=\"twitter:image\" content=\"https:\/\/monatglobal.com\/mx\/wp-content\/uploads\/sites\/30\/2025\/08\/La_Oportunidad-min.jpg\" \/>\n\t\t<script type=\"application\/ld+json\" class=\"aioseo-schema\">\n\t\t\t{\"@context\":\"https:\\\/\\\/schema.org\",\"@graph\":[{\"@type\":\"BreadcrumbList\",\"@id\":\"https:\\\/\\\/monatglobal.com\\\/mx\\\/#breadcrumblist\",\"itemListElement\":[{\"@type\":\"ListItem\",\"@id\":\"https:\\\/\\\/monatglobal.com\\\/mx#listItem\",\"position\":1,\"name\":\"Home\",\"item\":\"https:\\\/\\\/monatglobal.com\\\/mx\",\"nextItem\":{\"@type\":\"ListItem\",\"@id\":\"https:\\\/\\\/monatglobal.com\\\/mx\\\/#listItem\",\"name\":\"Productos premium para el cuidado del cabello | MONAT Global\"}},{\"@type\":\"ListItem\",\"@id\":\"https:\\\/\\\/monatglobal.com\\\/mx\\\/#listItem\",\"position\":2,\"name\":\"Productos premium para el cuidado del cabello | MONAT Global\",\"previousItem\":{\"@type\":\"ListItem\",\"@id\":\"https:\\\/\\\/monatglobal.com\\\/mx#listItem\",\"name\":\"Home\"}}]},{\"@type\":\"LocalBusiness\",\"@id\":\"https:\\\/\\\/monatglobal.com\\\/mx\\\/#localbusiness\",\"name\":\"MONAT GLOBAL\",\"brand\":{\"@id\":\"https:\\\/\\\/monatglobal.com\\\/mx\\\/#organization\"},\"url\":\"https:\\\/\\\/monatglobal.com\\\/mx\\\/\",\"logo\":\"https:\\\/\\\/monatglobal.com\\\/mx\\\/#logo\",\"openingHoursSpecification\":[{\"@type\":\"OpeningHoursSpecification\",\"dayOfWeek\":[\"https:\\\/\\\/schema.org\\\/Monday\"],\"opens\":\"09:00\",\"closes\":\"17:00\"},{\"@type\":\"OpeningHoursSpecification\",\"dayOfWeek\":[\"https:\\\/\\\/schema.org\\\/Tuesday\"],\"opens\":\"09:00\",\"closes\":\"17:00\"},{\"@type\":\"OpeningHoursSpecification\",\"dayOfWeek\":[\"https:\\\/\\\/schema.org\\\/Wednesday\"],\"opens\":\"09:00\",\"closes\":\"17:00\"},{\"@type\":\"OpeningHoursSpecification\",\"dayOfWeek\":[\"https:\\\/\\\/schema.org\\\/Thursday\"],\"opens\":\"09:00\",\"closes\":\"17:00\"},{\"@type\":\"OpeningHoursSpecification\",\"dayOfWeek\":[\"https:\\\/\\\/schema.org\\\/Friday\"],\"opens\":\"09:00\",\"closes\":\"17:00\"},{\"@type\":\"OpeningHoursSpecification\",\"dayOfWeek\":[\"https:\\\/\\\/schema.org\\\/Saturday\"],\"opens\":\"09:00\",\"closes\":\"17:00\"},{\"@type\":\"OpeningHoursSpecification\",\"dayOfWeek\":[\"https:\\\/\\\/schema.org\\\/Sunday\"],\"opens\":\"09:00\",\"closes\":\"17:00\"}]},{\"@type\":\"Organization\",\"@id\":\"https:\\\/\\\/monatglobal.com\\\/mx\\\/#organization\",\"name\":\"MONAT GLOBAL\",\"description\":\"We Are Modern Nature\\u00ae\",\"url\":\"https:\\\/\\\/monatglobal.com\\\/mx\\\/\",\"sameAs\":[\"https:\\\/\\\/www.facebook.com\\\/monatofficial\",\"https:\\\/\\\/www.instagram.com\\\/monatofficial\\\/\"]},{\"@type\":\"WebPage\",\"@id\":\"https:\\\/\\\/monatglobal.com\\\/mx\\\/#webpage\",\"url\":\"https:\\\/\\\/monatglobal.com\\\/mx\\\/\",\"name\":\"Productos premium para el cabello | MONAT Global\",\"description\":\"L\\u00edder global en productos innovadores de base natural para el cuidado del cabello, la piel y el bienestar, mediante un modelo de negocio insuperable que promueve la autoestima y la libertad financiera de un mill\\u00f3n de familias en todo el mundo.\",\"inLanguage\":\"en-US\",\"isPartOf\":{\"@id\":\"https:\\\/\\\/monatglobal.com\\\/mx\\\/#website\"},\"breadcrumb\":{\"@id\":\"https:\\\/\\\/monatglobal.com\\\/mx\\\/#breadcrumblist\"},\"image\":{\"@type\":\"ImageObject\",\"url\":\"https:\\\/\\\/monatglobal.com\\\/mx\\\/wp-content\\\/uploads\\\/sites\\\/30\\\/2025\\\/08\\\/La_Oportunidad-min.jpg\",\"@id\":\"https:\\\/\\\/monatglobal.com\\\/mx\\\/#mainImage\",\"width\":1200,\"height\":628},\"primaryImageOfPage\":{\"@id\":\"https:\\\/\\\/monatglobal.com\\\/mx\\\/#mainImage\"},\"datePublished\":\"2025-07-30T16:32:12+01:00\",\"dateModified\":\"2026-04-14T15:38:34+01:00\"},{\"@type\":\"WebSite\",\"@id\":\"https:\\\/\\\/monatglobal.com\\\/mx\\\/#website\",\"url\":\"https:\\\/\\\/monatglobal.com\\\/mx\\\/\",\"name\":\"MONAT GLOBAL\",\"description\":\"We Are Modern Nature\\u00ae\",\"inLanguage\":\"en-US\",\"publisher\":{\"@id\":\"https:\\\/\\\/monatglobal.com\\\/mx\\\/#organization\"}}]}\n\t\t<\/script>\n\t\t<!-- All in One SEO Pro -->\r\n\t\t<title>Productos premium para el cabello | MONAT Global<\/title>\n\n","aioseo_head_json":{"title":"Productos premium para el cabello | MONAT Global","description":"L\u00edder global en productos innovadores de base natural para el cuidado del cabello, la piel y el bienestar, mediante un modelo de negocio insuperable que promueve la autoestima y la libertad financiera de un mill\u00f3n de familias en todo el mundo.","canonical_url":"https:\/\/monatglobal.com\/mx\/","robots":"max-image-preview:large","keywords":"","webmasterTools":{"miscellaneous":""},"schema":{"@context":"https:\/\/schema.org","@graph":[{"@type":"BreadcrumbList","@id":"https:\/\/monatglobal.com\/mx\/#breadcrumblist","itemListElement":[{"@type":"ListItem","@id":"https:\/\/monatglobal.com\/mx#listItem","position":1,"name":"Home","item":"https:\/\/monatglobal.com\/mx","nextItem":{"@type":"ListItem","@id":"https:\/\/monatglobal.com\/mx\/#listItem","name":"Productos premium para el cuidado del cabello | MONAT Global"}},{"@type":"ListItem","@id":"https:\/\/monatglobal.com\/mx\/#listItem","position":2,"name":"Productos premium para el cuidado del cabello | MONAT Global","previousItem":{"@type":"ListItem","@id":"https:\/\/monatglobal.com\/mx#listItem","name":"Home"}}]},{"@type":"LocalBusiness","@id":"https:\/\/monatglobal.com\/mx\/#localbusiness","name":"MONAT GLOBAL","brand":{"@id":"https:\/\/monatglobal.com\/mx\/#organization"},"url":"https:\/\/monatglobal.com\/mx\/","logo":"https:\/\/monatglobal.com\/mx\/#logo","openingHoursSpecification":[{"@type":"OpeningHoursSpecification","dayOfWeek":["https:\/\/schema.org\/Monday"],"opens":"09:00","closes":"17:00"},{"@type":"OpeningHoursSpecification","dayOfWeek":["https:\/\/schema.org\/Tuesday"],"opens":"09:00","closes":"17:00"},{"@type":"OpeningHoursSpecification","dayOfWeek":["https:\/\/schema.org\/Wednesday"],"opens":"09:00","closes":"17:00"},{"@type":"OpeningHoursSpecification","dayOfWeek":["https:\/\/schema.org\/Thursday"],"opens":"09:00","closes":"17:00"},{"@type":"OpeningHoursSpecification","dayOfWeek":["https:\/\/schema.org\/Friday"],"opens":"09:00","closes":"17:00"},{"@type":"OpeningHoursSpecification","dayOfWeek":["https:\/\/schema.org\/Saturday"],"opens":"09:00","closes":"17:00"},{"@type":"OpeningHoursSpecification","dayOfWeek":["https:\/\/schema.org\/Sunday"],"opens":"09:00","closes":"17:00"}]},{"@type":"Organization","@id":"https:\/\/monatglobal.com\/mx\/#organization","name":"MONAT GLOBAL","description":"We Are Modern Nature\u00ae","url":"https:\/\/monatglobal.com\/mx\/","sameAs":["https:\/\/www.facebook.com\/monatofficial","https:\/\/www.instagram.com\/monatofficial\/"]},{"@type":"WebPage","@id":"https:\/\/monatglobal.com\/mx\/#webpage","url":"https:\/\/monatglobal.com\/mx\/","name":"Productos premium para el cabello | MONAT Global","description":"L\u00edder global en productos innovadores de base natural para el cuidado del cabello, la piel y el bienestar, mediante un modelo de negocio insuperable que promueve la autoestima y la libertad financiera de un mill\u00f3n de familias en todo el mundo.","inLanguage":"en-US","isPartOf":{"@id":"https:\/\/monatglobal.com\/mx\/#website"},"breadcrumb":{"@id":"https:\/\/monatglobal.com\/mx\/#breadcrumblist"},"image":{"@type":"ImageObject","url":"https:\/\/monatglobal.com\/mx\/wp-content\/uploads\/sites\/30\/2025\/08\/La_Oportunidad-min.jpg","@id":"https:\/\/monatglobal.com\/mx\/#mainImage","width":1200,"height":628},"primaryImageOfPage":{"@id":"https:\/\/monatglobal.com\/mx\/#mainImage"},"datePublished":"2025-07-30T16:32:12+01:00","dateModified":"2026-04-14T15:38:34+01:00"},{"@type":"WebSite","@id":"https:\/\/monatglobal.com\/mx\/#website","url":"https:\/\/monatglobal.com\/mx\/","name":"MONAT GLOBAL","description":"We Are Modern Nature\u00ae","inLanguage":"en-US","publisher":{"@id":"https:\/\/monatglobal.com\/mx\/#organization"}}]},"og:locale":"en_US","og:site_name":"MONAT Mexico - We Are Modern Nature\u00ae","og:type":"article","og:title":"Productos premium para el cabello | MONAT Global","og:description":"L\u00edder global en productos innovadores de base natural para el cuidado del cabello, la piel y el bienestar, mediante un modelo de negocio insuperable que promueve la autoestima y la libertad financiera de un mill\u00f3n de familias en todo el mundo.","og:url":"https:\/\/monatglobal.com\/mx\/","og:image":"https:\/\/monatglobal.com\/mx\/wp-content\/uploads\/sites\/30\/2025\/08\/La_Oportunidad-min.jpg","og:image:secure_url":"https:\/\/monatglobal.com\/mx\/wp-content\/uploads\/sites\/30\/2025\/08\/La_Oportunidad-min.jpg","og:image:width":1200,"og:image:height":628,"article:published_time":"2025-07-30T15:32:12+00:00","article:modified_time":"2026-04-14T14:38:34+00:00","article:publisher":"https:\/\/www.facebook.com\/monatofficial","twitter:card":"summary","twitter:title":"Productos premium para el cabello | MONAT Global","twitter:description":"L\u00edder global en productos innovadores de base natural para el cuidado del cabello, la piel y el bienestar, mediante un modelo de negocio insuperable que promueve la autoestima y la libertad financiera de un mill\u00f3n de familias en todo el mundo.","twitter:image":"https:\/\/monatglobal.com\/mx\/wp-content\/uploads\/sites\/30\/2025\/08\/La_Oportunidad-min.jpg"},"aioseo_meta_data":{"post_id":"2","title":"Productos premium para el cabello | MONAT Global","description":"L\u00edder global en productos innovadores de base natural para el cuidado del cabello, la piel y el bienestar, mediante un modelo de negocio insuperable que promueve la autoestima y la libertad financiera de un mill\u00f3n de familias en todo el mundo.","keywords":null,"keyphrases":{"focus":{"keyphrase":"","score":0,"analysis":{"keyphraseInTitle":{"score":0,"maxScore":9,"error":1}}},"additional":[]},"primary_term":null,"canonical_url":null,"og_title":null,"og_description":null,"og_object_type":"default","og_image_type":"default","og_image_url":null,"og_image_width":null,"og_image_height":null,"og_image_custom_url":null,"og_image_custom_fields":null,"og_video":"","og_custom_url":null,"og_article_section":null,"og_article_tags":null,"twitter_use_og":false,"twitter_card":"default","twitter_image_type":"default","twitter_image_url":null,"twitter_image_custom_url":null,"twitter_image_custom_fields":null,"twitter_title":null,"twitter_description":null,"schema":{"blockGraphs":[],"customGraphs":[],"default":{"data":{"Article":[],"Course":[],"Dataset":[],"FAQPage":[],"Movie":[],"Person":[],"Product":[],"ProductReview":[],"Car":[],"Recipe":[],"Service":[],"SoftwareApplication":[],"WebPage":[]},"graphName":"WebPage","isEnabled":true},"graphs":[]},"schema_type":"default","schema_type_options":null,"pillar_content":false,"robots_default":true,"robots_noindex":false,"robots_noarchive":false,"robots_nosnippet":false,"robots_nofollow":false,"robots_noimageindex":false,"robots_noodp":false,"robots_notranslate":false,"robots_max_snippet":"-1","robots_max_videopreview":"-1","robots_max_imagepreview":"large","priority":null,"frequency":"default","local_seo":null,"seo_analyzer_scan_date":"2026-04-14 16:56:38","breadcrumb_settings":null,"limit_modified_date":false,"reviewed_by":"0","open_ai":null,"ai":{"faqs":[],"keyPoints":[],"titles":[],"descriptions":[],"socialPosts":{"email":[],"linkedin":[],"twitter":[],"facebook":[],"instagram":[]}},"created":"2025-07-30 15:34:20","updated":"2026-04-14 16:56:49"},"aioseo_breadcrumb":"<div class=\"aioseo-breadcrumbs\"><span class=\"aioseo-breadcrumb\">\n\t<a href=\"https:\/\/monatglobal.com\/mx\" title=\"Home\">Home<\/a>\n<\/span><span class=\"aioseo-breadcrumb-separator\">&raquo;<\/span><span class=\"aioseo-breadcrumb\">\n\tProductos premium para el cuidado del cabello | MONAT Global\n<\/span><\/div>","aioseo_breadcrumb_json":[{"label":"Home","link":"https:\/\/monatglobal.com\/mx"},{"label":"Productos premium para el cuidado del cabello | MONAT Global","link":"https:\/\/monatglobal.com\/mx\/"}],"_links":{"self":[{"href":"https:\/\/monatglobal.com\/mx\/wp-json\/wp\/v2\/pages\/2","targetHints":{"allow":["GET"]}}],"collection":[{"href":"https:\/\/monatglobal.com\/mx\/wp-json\/wp\/v2\/pages"}],"about":[{"href":"https:\/\/monatglobal.com\/mx\/wp-json\/wp\/v2\/types\/page"}],"author":[{"embeddable":true,"href":"https:\/\/monatglobal.com\/mx\/wp-json\/wp\/v2\/users\/45"}],"replies":[{"embeddable":true,"href":"https:\/\/monatglobal.com\/mx\/wp-json\/wp\/v2\/comments?post=2"}],"version-history":[{"count":34,"href":"https:\/\/monatglobal.com\/mx\/wp-json\/wp\/v2\/pages\/2\/revisions"}],"predecessor-version":[{"id":109098,"href":"https:\/\/monatglobal.com\/mx\/wp-json\/wp\/v2\/pages\/2\/revisions\/109098"}],"wp:featuredmedia":[{"embeddable":true,"href":"https:\/\/monatglobal.com\/mx\/wp-json\/wp\/v2\/media\/108580"}],"wp:attachment":[{"href":"https:\/\/monatglobal.com\/mx\/wp-json\/wp\/v2\/media?parent=2"}],"wp:term":[{"taxonomy":"category","embeddable":true,"href":"https:\/\/monatglobal.com\/mx\/wp-json\/wp\/v2\/categories?post=2"},{"taxonomy":"post_tag","embeddable":true,"href":"https:\/\/monatglobal.com\/mx\/wp-json\/wp\/v2\/tags?post=2"}],"curies":[{"name":"wp","href":"https:\/\/api.w.org\/{rel}","templated":true}]}}