{"id":109104,"date":"2026-04-21T18:37:19","date_gmt":"2026-04-21T17:37:19","guid":{"rendered":"https:\/\/monatglobal.com\/mx\/?page_id=109104"},"modified":"2026-05-01T13:59:17","modified_gmt":"2026-05-01T12:59:17","slug":"bloom-theory-hair-perfume","status":"publish","type":"page","link":"https:\/\/monatglobal.com\/mx\/bloom-theory-hair-perfume\/","title":{"rendered":"MONAT Bloom Theory\u2122 Hair Perfume"},"content":{"rendered":"\n\n\t<!--Title: MONAT Bloom Theory\u2122 Hair Perfume | Brillo y Fragancia-->\n<!--Meta:  Perfume capilar lujoso enriquecido con aceite REJUVENIQE\u00ae que realza el brillo natural. Su exquisita fragancia floral, frutal y amaderada envuelve el cabello con un aroma ligero y de larga duraci\u00f3n, ideal para todo tipo de cabello--> \n<link rel=\"stylesheet\" href=\"https:\/\/monatglobal.com\/wp-content\/creative_css\/product_styles_sheet.css\" \/>\n\t<!--==================================================== ECOMM SECTION ====================================================-->\n\t\t<!--==================================================== Ecomm image ====================================================-->\n\t\t<img decoding=\"async\" src=\"https:\/\/monatglobal.com\/wp-content\/uploads\/2026\/03\/MONAT-BLOOM-THEORY-HAIR-PERFUME_ecomm_2026-1.png\" \n\t\talt=\"MONAT Bloom Theory\u2122 Hair Perfume bottle\" loading=\"lazy\"\/>\n\t\t<!--==================================================== Ecomm information  ====================================================-->\n\t\t\t \n\t\t\tNUEVO\n\t\t\t <p>MONAT<\/p>\n\t\t\t<h1>Bloom Theory\u2122  <br \/> Perfume para el cabello<\/h1>\n\t\t\t\n\t\t\t<p>Un aroma elegante y natural con notas rom\u00e1nticas frutales, florales y amaderadas.<\/p>\n\t\t\t<p>50 ml \u212e 1.7 fl. oz.<\/p>\n\t\t\t<!--==================================================== pricing box  ====================================================-->\n      <p>Precio minorista<br \/>$000 MXN<\/p>\n\t\t<!--==================================================== pricing box  ====================================================-->\n\t\t\t<p>Para obtener m\u00e1s informaci\u00f3n sobre MONAT Bloom Theory\u2122 Perfume para el cabello, comun\u00edcate con tu Market Partner de&nbsp;MONAT.<\/p>\n            <a href=\"\" target=\"_blank\"  role=\"button\" aria-label=\"\"><\/a>\n\t\t\t<!---->\n\t\t\t<!--    <a href=\"\">OUT OF STOCK<\/a>-->\n\t\t\t<!---->\n\t<!--==================================================== \/ECOMM SECTION  ====================================================-->\n\t<!--==================================================== Benefits image ====================================================-->\n\t\n\t\t<source media=\"(max-width: 700px)\" srcset=\"https:\/\/monatglobal.com\/wp-content\/uploads\/2026\/03\/MONAT-BLOOM-THEORY-HAIR-PERFUME_mobile-benefits_2026.jpg\" loading=\"lazy\"\/>\n\t\t\t<img decoding=\"async\" alt=\"MONAT Bloom Theory Hair Perfume spray bottle nestled among pink lilies and red peonies against a light background\" src=\"https:\/\/monatglobal.com\/wp-content\/uploads\/2026\/03\/Bloom-Theory-Hair-Perfume-benefits-desktop_2026.jpg\" loading=\"lazy\"\/>\n\t\t\n\t\t<!--==================================================== Benefits text ====================================================-->\n\t\t\t\t<h2>BENEFICIOS<\/h2>\n\t\t\t\t<h3>Dale a tu cabello un velo irresistible de fragancia que transforma tu look.<\/h3>\n                   <p>Infundido con REJUVENIQE<sup>\u00ae<\/sup> para un brillo intenso, MONAT Bloom Theory\u2122 es el toque final que nunca pasa desapercibido. \u00a1Sutil, elegante y siempre inolvidable!<\/p>\n\t\t\t\t<!--==================================================== features image  ====================================================-->\n\t\t\t\t<img decoding=\"async\" alt=\"ONAT Bloom Theory Hair Perfume tucked in a denim pocket alongside a white peony and pink lily, with flowing brown hair above\" src=\"https:\/\/monatglobal.com\/wp-content\/uploads\/2026\/03\/monat-Bloom-theory-features.jpg\" loading=\"lazy\"\/>\n\t\t\t<!--==================================================== features text ====================================================-->\n\t\t\t\t\t<h3>Caracter\u00edsticas<\/h3><br \/>\n\t\t\t\t\t\t<p>\/ Infunde el cabello con una fragancia lujosa y adictiva<\/p>\n\t\t\t\t\t\t<p>\/ F\u00f3rmula ligera y segura, enriquecida con REJUVENIQE<sup>\u00ae<\/sup>, que potencia y mejora visiblemente el brillo*<\/p>\n\t\t\t\t\t\t<p>\/ Proporciona hidrataci\u00f3n y una fragancia de larga duraci\u00f3n*<\/p>\n\t\t\t\t\t\t<p>\/ Ayuda a preservar el color y la vitalidad del cabello* <\/p>\n\t\t\t\t\t\t<p>\/ Adecuado para todo tipo de cabello<\/p>\n\t\t\t\t\t\t<p>*Basado en un estudio de consumo de siete d\u00edas con 35 participantes, realizado por un laboratorio independiente.<\/p>\n\t\t\t\t\t\t<br \/>\n\t\t\t\t\t<p>Fragancia \/ Notas frutales, florales y amaderadas<\/p>\n\t\t\t\t\t<p> Textura \/ Spray ligero<\/p>\n\t\t\t\t\t\t\n\t\t<!--==================================================== composition image mobile ====================================================-->\n\t\t<img decoding=\"async\" alt=\"Hand holding MONAT Bloom Theory Hair Perfume spray bottle with white and red peonies blooming from the top against a neutral background\" src=\"https:\/\/monatglobal.com\/wp-content\/uploads\/2026\/03\/monat-Bloom-theory-standalone.jpg\" loading=\"lazy\"\/>\n\t\t<!--==================================================== Why it works text ====================================================-->\n\t\t\t<h2>Suave, Adictivo, Inolvidable.<\/h2> \n\t\t\t<h3>Posee notas luminosas de bergamota, grosella negra y pera, dando paso a un coraz\u00f3n floral rom\u00e1ntico de rosas rojas, p\u00e9talos de peon\u00eda y lirio et\u00e9reo.<\/h3>\n\t\t\t<p>Finalmente, maderas de cachemira, almizcle blanco, neroli y \u00e1mbar dejan una estela delicada que envuelve el cabello con sofisticaci\u00f3n sutil.<\/p>\n\t<!--==================================================== Composition section ====================================================-->\n\t\t\t<img decoding=\"async\" alt=\"Hand holding MONAT Bloom Theory Hair Perfume spray bottle with white and red peonies blooming from the top against a neutral background\" src=\"https:\/\/monatglobal.com\/wp-content\/uploads\/2026\/03\/monat-Bloom-theory-standalone.jpg\" loading=\"lazy\"\/>\n\t\t\t<img decoding=\"async\" alt=\"MONAT Bloom Theory Hair Perfume 50ml spray bottle resting among pink lilies, white peonies, and red peonies with green leaves\" src=\"https:\/\/monatglobal.com\/wp-content\/uploads\/2026\/03\/monat-Bloom-theory-composition.jpg\" loading=\"lazy\"\/>\n\t\t\t\t\t<!--==================================================== Directions text ====================================================--> \n\t\t\t\t\t\t<h3>Forma de uso<\/h3>\n\t\t\t\t\t\t\t<p>\/ Divida el cabello en secciones.<\/p>\n\t\t\t\t\t\t\t<p>\/ Roc\u00eda el perfume uniformemente sobre el cabello seco, a una distancia de 8 a 10 pulgadas (20 a 25&nbsp;cm).<\/p>\n\t\t\t\t\t\t\t<p>\/ Volver a aplicar seg\u00fan sea necesario atrav\u00e9s del d\u00eda para refrescar la fragancia.<\/p>\n\t\t\t\t\t<!--==================================================== Directions video ====================================================-->\n\t\t\t\t\t<!--\t-->\n\t\t<!--<p>MONAT Bloom Theory\u2122 <br \/> Hair Perfume <br \/>0:30<\/p>-->\n            <a href=\"\" target=\"_blank\"  role=\"button\" aria-label=\"\"><\/a>\n\t\t<!--==================================================== Ingredients section  ====================================================-->\n\t\t<h2>Notas de fragancia<\/h2>\n\t\t<img decoding=\"async\" src=\"https:\/\/monatglobal.com\/wp-content\/uploads\/2026\/03\/Bergamot.svg\" alt=\"Red Roses Icon\"\/>\n\t\t\t\t<p>Bergamota<\/p>\n\t\t\t\t<img decoding=\"async\" src=\"https:\/\/monatglobal.com\/wp-content\/uploads\/2026\/03\/pear.svg\" alt=\"rose Icon\"\/>\n\t\t\t<p>Pera <\/p> \n\t\t    \t<img decoding=\"async\" src=\"https:\/\/monatglobal.com\/wp-content\/uploads\/2026\/03\/rose.svg\" alt=\"rose Icon\"\/>\n\t\t<p>Rosa<\/p>\n\t    \t\t    \t<img decoding=\"async\" src=\"https:\/\/monatglobal.com\/wp-content\/uploads\/2026\/03\/Cashmere-Woods-1.svg\" alt=\"Cashmere Woods Icon\"\/>\n\t<p>Maderas de Cachemira<\/p>\n<img decoding=\"async\" src=\"https:\/\/monatglobal.com\/wp-content\/uploads\/2022\/11\/Vegan-UV-Protectant.svg\" alt=\"Vegan UV Protectant Icon\"\/>\n\t<p>Vegan UV Protectant<\/p>\n<img decoding=\"async\" src=\"https:\/\/monatglobal.com\/wp-content\/uploads\/2022\/11\/Naturally-Derived-Emollients-Lipids.svg\" alt=\"Naturally Derived Emollients \n&amp; Lipids Icon\"\/>\n\t<p>Naturally Derived Emollients &#038;&nbsp;Lipids<\/p>\n\t<button id=\"myBtn\" type=\"button\">VER LISTA COMPLETA DE INGREDIENTES<\/button>\n\t<!--==================================================== Modal content  ====================================================-->\n\t\t&times;\n\t\t<p>Alcohol Denat., Aqua\/Water\/Eau, Fragrance\/Parfum, Cinnamidopropyltrimonium Chloride, Glycerin, Picea Mariana Bark Extract, Limnanthes Alba (Meadowfoam) Seed Oil, Crambe Abyssinica Seed Oil, Camellia Oleifera Seed Oil, Pisum Sativum (Pea) Extract, Solanum Lycopersicum (Tomato) Seed Oil, Daucus Carota Sativa (Carrot) Seed Oil, Simmondsia Chinensis (Jojoba) Seed Extract, Moringa Oleifera Seed Oil, Helianthus Annuus (Sunflower) Seed Oil, Citrus Limon (Lemon) Peel Oil, Citrus Aurantifolia (Lime) Oil, Citrus Aurantium Bergamia (Bergamot) Fruit Oil, Adansonia Digitata Oil, Mauritia Flexuosa Fruit Oil, Cocos Nucifera (Coconut) Oil, Gardenia Taitensis Flower Extract, Caryocar Brasiliense Fruit Oil, Olea Europaea (Olive) Fruit Oil, Sodium Benzoate, Limonene, Juniperus Virginiana Oil, Geranyl Acetate, Pinene.<\/p>\n<!--==================================================== You might also like section ====================================================-->\n      <h2>TAMBI\u00c9N TE ENCANTAR\u00c1<\/h2>\n       <!--==================================================== Slider YOU MIGHT ALSO LIKE ====================================================-->\n          <!---->\n          <!--   -->\n                 <!--Slides products-->\n          <!--      -->\n          <!--         <a href=\"https:\/\/monatglobal.com\/face-mist\/\" aria-label=\"Go to MONAT Studio One\u2122 Flexible hold Gel page\">-->\n          <!--          <img decoding=\"async\" alt=\"MONAT Studio One\u2122 Flexible hold Gel\" src=\"https:\/\/monatglobal.com\/wp-content\/uploads\/2024\/04\/IR-CLINICAL-HAIR-THINNING-DEFENSE-SERUM_ecomm-2024-oprah-min.png\" loading=\"lazy\"\/>-->\n          <!--          <p>S\u00e9rum para el cuero cabelludo<br \/> IR CLINICAL\u2122<\/p> -->\n          <!--        <\/a>-->\n          <!--      -->\n          <!--      -->\n          <!--         <a href=\"https:\/\/monatglobal.com\/intense-repair-serum\/\" aria-label=\"Go to REJUVENIQE\u00ae page\">-->\n          <!--            <img decoding=\"async\" src=\"https:\/\/monatglobal.com\/wp-content\/uploads\/2021\/07\/REJUVENIQE\u00ae-OIL-INTENSIVE.png\" alt=\"REJUVENIQE\u00ae\" loading=\"lazy\"\/>-->\n          <!--            <p>REJUVENIQE\u00ae<\/p>-->\n          <!--         <\/a>-->\n          <!--      -->\n          <!--   -->\n             <!---->\n            <!--            -->\n                 <!-- If we need navigation buttons -->\n              <!--            -->\n                <!--            -->\n             <!-- If we need paginations -->\n            <!--            -->\n          <!---->\n         <!--==================================================== If we need navigation buttons  ====================================================-->\n         <!--==================================================== If we need paginations  ====================================================-->\n    <a href=\"\" aria-label=\"\"><\/a>\n\t\n\n","protected":false},"excerpt":{"rendered":"<p>NUEVO MONAT Bloom Theory\u2122 Perfume para el cabello Un aroma elegante y natural con notas rom\u00e1nticas frutales, florales y amaderadas. 50 ml \u212e 1.7 fl. oz. Precio minorista$000 MXN Para obtener m\u00e1s informaci\u00f3n sobre MONAT Bloom Theory\u2122 Perfume para el cabello, comun\u00edcate con tu Market Partner de&nbsp;MONAT. BENEFICIOS Dale a tu cabello un velo irresistible&hellip;<\/p>\n","protected":false},"author":57,"featured_media":109105,"parent":0,"menu_order":0,"comment_status":"closed","ping_status":"closed","template":"","meta":{"inline_featured_image":false,"footnotes":""},"categories":[22],"tags":[],"class_list":["post-109104","page","type-page","status-publish","has-post-thumbnail","hentry","category-product-mx"],"aioseo_notices":[],"aioseo_head":"\n\t\t<!-- All in One SEO Pro 4.9.6 - aioseo.com -->\n\t<meta name=\"description\" content=\"Perfume capilar lujoso enriquecido con aceite REJUVENIQE\u00ae que realza el brillo natural. Su exquisita fragancia floral, frutal y amaderada envuelve el cabello con un aroma ligero y de larga duraci\u00f3n, ideal para todo tipo de cabello\" \/>\n\t<meta name=\"robots\" content=\"max-image-preview:large\" \/>\n\t<link rel=\"canonical\" href=\"https:\/\/monatglobal.com\/mx\/bloom-theory-hair-perfume\/\" \/>\n\t<meta name=\"generator\" content=\"All in One SEO Pro (AIOSEO) 4.9.6\" \/>\n\t\t<meta property=\"og:locale\" content=\"en_US\" \/>\n\t\t<meta property=\"og:site_name\" content=\"MONAT Mexico - We Are Modern Nature\u00ae\" \/>\n\t\t<meta property=\"og:type\" content=\"article\" \/>\n\t\t<meta property=\"og:title\" content=\"MONAT Bloom Theory\u2122 Hair Perfume | Brillo y Fragancia\" \/>\n\t\t<meta property=\"og:description\" content=\"Perfume capilar lujoso enriquecido con aceite REJUVENIQE\u00ae que realza el brillo natural. Su exquisita fragancia floral, frutal y amaderada envuelve el cabello con un aroma ligero y de larga duraci\u00f3n, ideal para todo tipo de cabello\" \/>\n\t\t<meta property=\"og:url\" content=\"https:\/\/monatglobal.com\/mx\/bloom-theory-hair-perfume\/\" \/>\n\t\t<meta property=\"og:image\" content=\"https:\/\/monatglobal.com\/mx\/wp-content\/uploads\/sites\/30\/2026\/04\/MONAT-BLOOM-THEORY-HAIR-PERFUME_ecomm_2026-1.png\" \/>\n\t\t<meta property=\"og:image:secure_url\" content=\"https:\/\/monatglobal.com\/mx\/wp-content\/uploads\/sites\/30\/2026\/04\/MONAT-BLOOM-THEORY-HAIR-PERFUME_ecomm_2026-1.png\" \/>\n\t\t<meta property=\"og:image:width\" content=\"641\" \/>\n\t\t<meta property=\"og:image:height\" content=\"800\" \/>\n\t\t<meta property=\"article:published_time\" content=\"2026-04-21T17:37:19+00:00\" \/>\n\t\t<meta property=\"article:modified_time\" content=\"2026-05-01T12:59:17+00:00\" \/>\n\t\t<meta property=\"article:publisher\" content=\"https:\/\/www.facebook.com\/monatofficial\" \/>\n\t\t<meta name=\"twitter:card\" content=\"summary\" \/>\n\t\t<meta name=\"twitter:title\" content=\"MONAT Bloom Theory\u2122 Hair Perfume | Brillo y Fragancia\" \/>\n\t\t<meta name=\"twitter:description\" content=\"Perfume capilar lujoso enriquecido con aceite REJUVENIQE\u00ae que realza el brillo natural. Su exquisita fragancia floral, frutal y amaderada envuelve el cabello con un aroma ligero y de larga duraci\u00f3n, ideal para todo tipo de cabello\" \/>\n\t\t<meta name=\"twitter:image\" content=\"https:\/\/monatglobal.com\/mx\/wp-content\/uploads\/sites\/30\/2026\/04\/MONAT-BLOOM-THEORY-HAIR-PERFUME_ecomm_2026-1.png\" \/>\n\t\t<script type=\"application\/ld+json\" class=\"aioseo-schema\">\n\t\t\t{\"@context\":\"https:\\\/\\\/schema.org\",\"@graph\":[{\"@type\":\"BreadcrumbList\",\"@id\":\"https:\\\/\\\/monatglobal.com\\\/mx\\\/bloom-theory-hair-perfume\\\/#breadcrumblist\",\"itemListElement\":[{\"@type\":\"ListItem\",\"@id\":\"https:\\\/\\\/monatglobal.com\\\/mx#listItem\",\"position\":1,\"name\":\"Home\",\"item\":\"https:\\\/\\\/monatglobal.com\\\/mx\",\"nextItem\":{\"@type\":\"ListItem\",\"@id\":\"https:\\\/\\\/monatglobal.com\\\/mx\\\/bloom-theory-hair-perfume\\\/#listItem\",\"name\":\"MONAT Bloom Theory\\u2122 Hair Perfume\"}},{\"@type\":\"ListItem\",\"@id\":\"https:\\\/\\\/monatglobal.com\\\/mx\\\/bloom-theory-hair-perfume\\\/#listItem\",\"position\":2,\"name\":\"MONAT Bloom Theory\\u2122 Hair Perfume\",\"previousItem\":{\"@type\":\"ListItem\",\"@id\":\"https:\\\/\\\/monatglobal.com\\\/mx#listItem\",\"name\":\"Home\"}}]},{\"@type\":\"Organization\",\"@id\":\"https:\\\/\\\/monatglobal.com\\\/mx\\\/#organization\",\"name\":\"MONAT GLOBAL\",\"description\":\"We Are Modern Nature\\u00ae\",\"url\":\"https:\\\/\\\/monatglobal.com\\\/mx\\\/\",\"sameAs\":[\"https:\\\/\\\/www.facebook.com\\\/monatofficial\",\"https:\\\/\\\/www.instagram.com\\\/monatofficial\\\/\"]},{\"@type\":\"WebPage\",\"@id\":\"https:\\\/\\\/monatglobal.com\\\/mx\\\/bloom-theory-hair-perfume\\\/#webpage\",\"url\":\"https:\\\/\\\/monatglobal.com\\\/mx\\\/bloom-theory-hair-perfume\\\/\",\"name\":\"MONAT Bloom Theory\\u2122 Hair Perfume | Brillo y Fragancia\",\"description\":\"Perfume capilar lujoso enriquecido con aceite REJUVENIQE\\u00ae que realza el brillo natural. Su exquisita fragancia floral, frutal y amaderada envuelve el cabello con un aroma ligero y de larga duraci\\u00f3n, ideal para todo tipo de cabello\",\"inLanguage\":\"en-US\",\"isPartOf\":{\"@id\":\"https:\\\/\\\/monatglobal.com\\\/mx\\\/#website\"},\"breadcrumb\":{\"@id\":\"https:\\\/\\\/monatglobal.com\\\/mx\\\/bloom-theory-hair-perfume\\\/#breadcrumblist\"},\"image\":{\"@type\":\"ImageObject\",\"url\":\"https:\\\/\\\/monatglobal.com\\\/mx\\\/wp-content\\\/uploads\\\/sites\\\/30\\\/2026\\\/04\\\/MONAT-BLOOM-THEORY-HAIR-PERFUME_ecomm_2026-1.png\",\"@id\":\"https:\\\/\\\/monatglobal.com\\\/mx\\\/bloom-theory-hair-perfume\\\/#mainImage\",\"width\":641,\"height\":800,\"caption\":\"Clear spray bottle of MONAT Bloom Theory hair perfume with white cap and visible label text: BLOOM THEORY \\\/ HAIR PERFUME.\"},\"primaryImageOfPage\":{\"@id\":\"https:\\\/\\\/monatglobal.com\\\/mx\\\/bloom-theory-hair-perfume\\\/#mainImage\"},\"datePublished\":\"2026-04-21T18:37:19+01:00\",\"dateModified\":\"2026-05-01T13:59:17+01:00\"},{\"@type\":\"WebSite\",\"@id\":\"https:\\\/\\\/monatglobal.com\\\/mx\\\/#website\",\"url\":\"https:\\\/\\\/monatglobal.com\\\/mx\\\/\",\"name\":\"MONAT GLOBAL\",\"description\":\"We Are Modern Nature\\u00ae\",\"inLanguage\":\"en-US\",\"publisher\":{\"@id\":\"https:\\\/\\\/monatglobal.com\\\/mx\\\/#organization\"}}]}\n\t\t<\/script>\n\t\t<!-- All in One SEO Pro -->\r\n\t\t<title>MONAT Bloom Theory\u2122 Hair Perfume | Brillo y Fragancia<\/title>\n\n","aioseo_head_json":{"title":"MONAT Bloom Theory\u2122 Hair Perfume | Brillo y Fragancia","description":"Perfume capilar lujoso enriquecido con aceite REJUVENIQE\u00ae que realza el brillo natural. Su exquisita fragancia floral, frutal y amaderada envuelve el cabello con un aroma ligero y de larga duraci\u00f3n, ideal para todo tipo de cabello","canonical_url":"https:\/\/monatglobal.com\/mx\/bloom-theory-hair-perfume\/","robots":"max-image-preview:large","keywords":"","webmasterTools":{"miscellaneous":""},"schema":{"@context":"https:\/\/schema.org","@graph":[{"@type":"BreadcrumbList","@id":"https:\/\/monatglobal.com\/mx\/bloom-theory-hair-perfume\/#breadcrumblist","itemListElement":[{"@type":"ListItem","@id":"https:\/\/monatglobal.com\/mx#listItem","position":1,"name":"Home","item":"https:\/\/monatglobal.com\/mx","nextItem":{"@type":"ListItem","@id":"https:\/\/monatglobal.com\/mx\/bloom-theory-hair-perfume\/#listItem","name":"MONAT Bloom Theory\u2122 Hair Perfume"}},{"@type":"ListItem","@id":"https:\/\/monatglobal.com\/mx\/bloom-theory-hair-perfume\/#listItem","position":2,"name":"MONAT Bloom Theory\u2122 Hair Perfume","previousItem":{"@type":"ListItem","@id":"https:\/\/monatglobal.com\/mx#listItem","name":"Home"}}]},{"@type":"Organization","@id":"https:\/\/monatglobal.com\/mx\/#organization","name":"MONAT GLOBAL","description":"We Are Modern Nature\u00ae","url":"https:\/\/monatglobal.com\/mx\/","sameAs":["https:\/\/www.facebook.com\/monatofficial","https:\/\/www.instagram.com\/monatofficial\/"]},{"@type":"WebPage","@id":"https:\/\/monatglobal.com\/mx\/bloom-theory-hair-perfume\/#webpage","url":"https:\/\/monatglobal.com\/mx\/bloom-theory-hair-perfume\/","name":"MONAT Bloom Theory\u2122 Hair Perfume | Brillo y Fragancia","description":"Perfume capilar lujoso enriquecido con aceite REJUVENIQE\u00ae que realza el brillo natural. Su exquisita fragancia floral, frutal y amaderada envuelve el cabello con un aroma ligero y de larga duraci\u00f3n, ideal para todo tipo de cabello","inLanguage":"en-US","isPartOf":{"@id":"https:\/\/monatglobal.com\/mx\/#website"},"breadcrumb":{"@id":"https:\/\/monatglobal.com\/mx\/bloom-theory-hair-perfume\/#breadcrumblist"},"image":{"@type":"ImageObject","url":"https:\/\/monatglobal.com\/mx\/wp-content\/uploads\/sites\/30\/2026\/04\/MONAT-BLOOM-THEORY-HAIR-PERFUME_ecomm_2026-1.png","@id":"https:\/\/monatglobal.com\/mx\/bloom-theory-hair-perfume\/#mainImage","width":641,"height":800,"caption":"Clear spray bottle of MONAT Bloom Theory hair perfume with white cap and visible label text: BLOOM THEORY \/ HAIR PERFUME."},"primaryImageOfPage":{"@id":"https:\/\/monatglobal.com\/mx\/bloom-theory-hair-perfume\/#mainImage"},"datePublished":"2026-04-21T18:37:19+01:00","dateModified":"2026-05-01T13:59:17+01:00"},{"@type":"WebSite","@id":"https:\/\/monatglobal.com\/mx\/#website","url":"https:\/\/monatglobal.com\/mx\/","name":"MONAT GLOBAL","description":"We Are Modern Nature\u00ae","inLanguage":"en-US","publisher":{"@id":"https:\/\/monatglobal.com\/mx\/#organization"}}]},"og:locale":"en_US","og:site_name":"MONAT Mexico - We Are Modern Nature\u00ae","og:type":"article","og:title":"MONAT Bloom Theory\u2122 Hair Perfume | Brillo y Fragancia","og:description":"Perfume capilar lujoso enriquecido con aceite REJUVENIQE\u00ae que realza el brillo natural. Su exquisita fragancia floral, frutal y amaderada envuelve el cabello con un aroma ligero y de larga duraci\u00f3n, ideal para todo tipo de cabello","og:url":"https:\/\/monatglobal.com\/mx\/bloom-theory-hair-perfume\/","og:image":"https:\/\/monatglobal.com\/mx\/wp-content\/uploads\/sites\/30\/2026\/04\/MONAT-BLOOM-THEORY-HAIR-PERFUME_ecomm_2026-1.png","og:image:secure_url":"https:\/\/monatglobal.com\/mx\/wp-content\/uploads\/sites\/30\/2026\/04\/MONAT-BLOOM-THEORY-HAIR-PERFUME_ecomm_2026-1.png","og:image:width":641,"og:image:height":800,"article:published_time":"2026-04-21T17:37:19+00:00","article:modified_time":"2026-05-01T12:59:17+00:00","article:publisher":"https:\/\/www.facebook.com\/monatofficial","twitter:card":"summary","twitter:title":"MONAT Bloom Theory\u2122 Hair Perfume | Brillo y Fragancia","twitter:description":"Perfume capilar lujoso enriquecido con aceite REJUVENIQE\u00ae que realza el brillo natural. Su exquisita fragancia floral, frutal y amaderada envuelve el cabello con un aroma ligero y de larga duraci\u00f3n, ideal para todo tipo de cabello","twitter:image":"https:\/\/monatglobal.com\/mx\/wp-content\/uploads\/sites\/30\/2026\/04\/MONAT-BLOOM-THEORY-HAIR-PERFUME_ecomm_2026-1.png"},"aioseo_meta_data":{"post_id":"109104","title":"MONAT Bloom Theory\u2122 Hair Perfume | Brillo y Fragancia","description":"Perfume capilar lujoso enriquecido con aceite REJUVENIQE\u00ae que realza el brillo natural. Su exquisita fragancia floral, frutal y amaderada envuelve el cabello con un aroma ligero y de larga duraci\u00f3n, ideal para todo tipo de cabello","keywords":null,"keyphrases":{"focus":{"keyphrase":"","score":0,"analysis":{"keyphraseInTitle":{"score":0,"maxScore":9,"error":1}}},"additional":[]},"primary_term":null,"canonical_url":null,"og_title":null,"og_description":null,"og_object_type":"default","og_image_type":"default","og_image_url":null,"og_image_width":null,"og_image_height":null,"og_image_custom_url":null,"og_image_custom_fields":null,"og_video":"","og_custom_url":null,"og_article_section":null,"og_article_tags":null,"twitter_use_og":false,"twitter_card":"default","twitter_image_type":"default","twitter_image_url":null,"twitter_image_custom_url":null,"twitter_image_custom_fields":null,"twitter_title":null,"twitter_description":null,"schema":{"blockGraphs":[],"customGraphs":[],"default":{"data":{"Article":[],"Course":[],"Dataset":[],"FAQPage":[],"Movie":[],"Person":[],"Product":[],"ProductReview":[],"Car":[],"Recipe":[],"Service":[],"SoftwareApplication":[],"WebPage":[]},"graphName":"WebPage","isEnabled":true},"graphs":[]},"schema_type":"default","schema_type_options":null,"pillar_content":false,"robots_default":true,"robots_noindex":false,"robots_noarchive":false,"robots_nosnippet":false,"robots_nofollow":false,"robots_noimageindex":false,"robots_noodp":false,"robots_notranslate":false,"robots_max_snippet":"-1","robots_max_videopreview":"-1","robots_max_imagepreview":"large","priority":null,"frequency":"default","local_seo":null,"seo_analyzer_scan_date":null,"breadcrumb_settings":null,"limit_modified_date":false,"reviewed_by":"0","open_ai":null,"ai":{"faqs":[],"keyPoints":[],"schemas":[],"titles":[],"descriptions":[],"socialPosts":{"email":[],"linkedin":[],"twitter":[],"facebook":[],"instagram":[]}},"created":"2026-04-21 17:34:38","updated":"2026-05-01 13:00:21"},"aioseo_breadcrumb":"<div class=\"aioseo-breadcrumbs\"><span class=\"aioseo-breadcrumb\">\n\t<a href=\"https:\/\/monatglobal.com\/mx\" title=\"Home\">Home<\/a>\n<\/span><span class=\"aioseo-breadcrumb-separator\">&raquo;<\/span><span class=\"aioseo-breadcrumb\">\n\tMONAT Bloom Theory\u2122 Hair Perfume\n<\/span><\/div>","aioseo_breadcrumb_json":[{"label":"Home","link":"https:\/\/monatglobal.com\/mx"},{"label":"MONAT Bloom Theory\u2122 Hair Perfume","link":"https:\/\/monatglobal.com\/mx\/bloom-theory-hair-perfume\/"}],"_links":{"self":[{"href":"https:\/\/monatglobal.com\/mx\/wp-json\/wp\/v2\/pages\/109104","targetHints":{"allow":["GET"]}}],"collection":[{"href":"https:\/\/monatglobal.com\/mx\/wp-json\/wp\/v2\/pages"}],"about":[{"href":"https:\/\/monatglobal.com\/mx\/wp-json\/wp\/v2\/types\/page"}],"author":[{"embeddable":true,"href":"https:\/\/monatglobal.com\/mx\/wp-json\/wp\/v2\/users\/57"}],"replies":[{"embeddable":true,"href":"https:\/\/monatglobal.com\/mx\/wp-json\/wp\/v2\/comments?post=109104"}],"version-history":[{"count":24,"href":"https:\/\/monatglobal.com\/mx\/wp-json\/wp\/v2\/pages\/109104\/revisions"}],"predecessor-version":[{"id":109133,"href":"https:\/\/monatglobal.com\/mx\/wp-json\/wp\/v2\/pages\/109104\/revisions\/109133"}],"wp:featuredmedia":[{"embeddable":true,"href":"https:\/\/monatglobal.com\/mx\/wp-json\/wp\/v2\/media\/109105"}],"wp:attachment":[{"href":"https:\/\/monatglobal.com\/mx\/wp-json\/wp\/v2\/media?parent=109104"}],"wp:term":[{"taxonomy":"category","embeddable":true,"href":"https:\/\/monatglobal.com\/mx\/wp-json\/wp\/v2\/categories?post=109104"},{"taxonomy":"post_tag","embeddable":true,"href":"https:\/\/monatglobal.com\/mx\/wp-json\/wp\/v2\/tags?post=109104"}],"curies":[{"name":"wp","href":"https:\/\/api.w.org\/{rel}","templated":true}]}}