{"id":108775,"date":"2025-10-06T17:02:14","date_gmt":"2025-10-06T16:02:14","guid":{"rendered":"https:\/\/monatglobal.com\/mx\/?page_id=108775"},"modified":"2026-01-28T17:53:05","modified_gmt":"2026-01-28T17:53:05","slug":"leadership-circle","status":"publish","type":"page","link":"https:\/\/monatglobal.com\/mx\/leadership-circle\/","title":{"rendered":"MONAT Leadership Circle 2026 &#8211; MONAT GLOBAL MX"},"content":{"rendered":"\n\n\t<style>\n   @import url('https:\/\/fonts.cdnfonts.com\/css\/dm-serif-display'); \n   :root {\n        --primaryColor: #5F6DB3;\n        --secondaryColor: #AABBCC ;\n        --gold: #9c807d;\n        --primarySerif: \"DM Serif Display\";    \n   }\n<\/style>\n<section id=\"bannerSec\">\n       <img decoding=\"async\" id=\"dc_icon\" src=\"https:\/\/monatglobal.com\/wp-content\/uploads\/2025\/08\/leadership-circle-logo-2026-ocre.svg\" alt=\"\"\/> \n    <h1 id=\"banner_h1\">Forjando<br \/> <em>el Ma\u00f1ana, Juntos.  <\/em><\/h1>\n<\/section>\n<section id=\"sec1\">\n      <img decoding=\"async\" src=\"https:\/\/monatglobal.com\/wp-content\/uploads\/2025\/08\/leadership-circle-badge-2026.svg\" alt=\"\"\/>\n      <h2>W South Beach <br \/> Miami, Florida <br \/> Marzo 12 al 15<\/h2>   \n         <p>Fechas de Calificaci\u00f3n <\/p> \n         <p>1 de octubre de 2025 al 31 de enero de 2026<\/p>\n               <img decoding=\"async\" id=\"seashell_bkgnd_img\" src=\"https:\/\/monatglobal.com\/wp-content\/uploads\/2025\/08\/yellow-shell.svg\"\/> \n               <h2>Liderazgo <br \/>en Acci\u00f3n<\/h2>\n            <p>Participa en capacitaciones exclusivas con l\u00edderes destacados y ejecutivos de MONAT. <br \/>Obt\u00e9n informaci\u00f3n valiosa para alinear tus objetivos y maximizar todo el potencial de tu negocio MONAT.<\/p>\n            <p>El Leadership Circle 2026 es un evento solo por invitaci\u00f3n para rangos de carrera MMM y niveles de Director.<\/p>\n<\/section>\n<section id=\"SED_sec\">\n   <img decoding=\"async\" src=\"https:\/\/monatglobal.com\/wp-content\/uploads\/2025\/08\/beach-seats-and-umbrella-min-1.jpg\" alt=\"\"\/>\n         <h2>Redefinir lo posible<\/h2>\n         <p>Profundiza en \u00e1reas clave durante nuestras mesas redondas.  <\/p>\n         <p>Mejora tus conocimientos durante sesiones espec\u00edficas por tema.<\/p>\n<\/section>\n<section id=\"sec3\">\n    <img decoding=\"async\" id=\"seashell\" src=\"https:\/\/monatglobal.com\/wp-content\/uploads\/2025\/08\/sea-snail-1.svg\" alt=\"\"\/>\n    <img decoding=\"async\" id=\"jellyfish\" src=\"https:\/\/monatglobal.com\/wp-content\/uploads\/2025\/08\/jellyfish.svg\" alt=\"\"\/>\n         <img decoding=\"async\" id=\"qualification_icon\" src=\"https:\/\/monatglobal.com\/wp-content\/uploads\/2025\/08\/sea-star.svg\" alt=\"\"\/>\n         <h2 id=\"qualification_title\">PERIODO DE CALIFICACI\u00d3N1 de octubre de 2025 <br \/>al 31 de enero de 2026 <\/h2>\n         <p>\u00bfQui\u00e9n Puede Participar?<\/p>\n         <p>Todos los Market Partners de M\u00e9xico* que alcancen el rango MM o superior antes del 31 de enero de&nbsp;2026 <br \/> podr\u00e1n optar a la calificaci\u00f3n.<\/p>\n         <p>**En caso de que un Market Partner realice un cambio de pa\u00eds a M\u00e9xico durante el periodo de calificaci\u00f3n, seguir\u00e1 cumpliendo los criterios de calificaci\u00f3n basados en el pa\u00eds en el que estaba registrado el 1 de agosto de 2025. <\/p> \n       <img decoding=\"async\" id=\"qualification_icon\" src=\"https:\/\/monatglobal.com\/wp-content\/uploads\/2025\/09\/recognition-leadership-graphic.svg\" alt=\"recognition leadership graphic\"\/>\n         <h2 id=\"qualification_title\">CRITERIOS DE RECONOCIMIENTO<\/h2>\n         <p>\u00a1C\u00d3MO GANARTE TU MOMENTO DE FAMA! <\/p>\n         <p>\u2022\tPatrocinador Principal  <br \/> \u2022\tLa Mayor\u00eda de VIPs Inscritos   <br \/> \u2022\tConsistencia (pagado como per\u00edodo completo de calificaci\u00f3n)<\/p>\n         <p>El per\u00edodo de calificaci\u00f3n para el reconocimiento es tambi\u00e9n del 1 de octubre de 2025 al 31 de enero de&nbsp;2026.<\/p>\n         <h2>CRITERIOS DE CALIFICACI\u00d3N<\/h2>\n            <p>NIVEL 1<\/p>\n            <p>Incluye 3 noches de alojamiento en hotel+ vuelo de ida y regreso<\/p>\n            <hr \/>\n            <p>Nuevos MMs, MMMs y Nuevos Directores al 31 de enero de 2026 <\/p>\n            <ul>\n                <li>Debe ser un MM, MMM o Director nuevo por primera vez durante el per\u00edodo de calificaci\u00f3n<\/li>\n                <li>Patrocina al menos 2 Market Partners (MPs) calificados y 8&nbsp;Clientes VIP calificados durante el per\u00edodo de calificaci\u00f3n<\/li>\n                <li>Ser pagado como AMM o superior en el \u00faltimo mes de calificaci\u00f3n <\/li>\n            <\/ul>\n         <!--   <hr \/>-->\n         <!--   <p>Los MMMs con rango de carrera a partir del 1 de agosto de 2025<\/p>-->\n         <!--   <ul>-->\n         <!--       <li>Tener el rango pagado de MMM o superior en 1 de los 6 meses durante el periodo de calificaci\u00f3n<\/li>-->\n         <!--       <li>Patrocinar al menos a 2 Market Partners (MPs) calificados y a 8&nbsp;Clientes VIP calificados durante el per\u00edodo de calificaci\u00f3n<\/li>-->\n         <!--       <li>Tener el rango pagado como AMM o superior en el \u00faltimo mes del per\u00edodo de calificaci\u00f3n<\/li>-->\n         <!--   <\/ul>-->\n         <!--   <hr \/>-->\n         <!--   <p>Directores con rango de carrera a partir del 1 de agosto de 2025<\/p>-->\n         <!--   <ul>-->\n         <!--       <li>Tener el rango pagado de AED o superior en 1 de los 6 meses durante el periodo de calificaci\u00f3n<\/li>-->\n         <!--       <li>Patrocinar al menos a 2 Market Partners (MPs) calificados y a 8&nbsp;Clientes VIP calificados durante el per\u00edodo de calificaci\u00f3n<\/li>-->\n         <!--       <li>Tener el rango pagado como MM o superior en el \u00faltimo mes del per\u00edodo de calificaci\u00f3n<\/li>-->\n         <!--   <\/ul>-->\n         <!---->\n         <!---->\n         <!--   <p>NIVEL 2<\/p>-->\n         <!--   <p>(Incluye 3 noches de hotel + vuelo de ida y&nbsp;vuelta)<\/p>-->\n         <!--   <hr \/>-->\n         <!--   <p>Los MMs con rango de carrera a partir del 1 de agosto de 2025 y los Market Partners que anteriormente ten\u00edan el rango de carrera de MM <\/p>-->\n         <!--   <ul>-->\n         <!--       <li>Tener el rango pagado de MM o superior en 1 de los 6 meses durante el periodo de calificaci\u00f3n<\/li>-->\n         <!--       <li>Patrocinar al menos a 2 Market Partners (MPs) calificados y a 8&nbsp;Clientes VIP calificados durante el per\u00edodo de calificaci\u00f3n<\/li>-->\n         <!--       <li>Avanzar de rango a 1 nuevo MMB que hayas patrocinado personalmente<\/li>-->\n         <!--       <li>Tener el rango pagado como AMM o superior en el \u00faltimo mes del per\u00edodo de calificaci\u00f3n<\/li>-->\n         <!--   <\/ul>-->\n         <!--   <hr \/>-->\n         <!--   <p>Los MMMs con rango de carrera a partir del 1 de agosto de 2025<\/p>-->\n         <!--   <ul>-->\n         <!--       <li>Tener el rango pagado de MMM o superior en 1 de los 6 meses durante el periodo de calificaci\u00f3n <\/li>-->\n         <!--       <li>Patrocinar al menos a 2 Market Partners (MPs) calificados y a 8&nbsp;Clientes VIP calificados durante el per\u00edodo de calificaci\u00f3n<\/li>-->\n         <!--       <li>Avanzar de rango a 2 NUEVOS MMBs que hayas patrocinado personalmente<\/li>-->\n         <!--       <li>Tener el rango pagado como AMM o superior en el \u00faltimo mes del per\u00edodo de calificaci\u00f3n<\/li>-->\n         <!--   <\/ul>-->\n         <!--   <hr \/>-->\n         <!--   <p>Directores con rango de carrera a partir del 1 de agosto de 2025<\/p>-->\n         <!--   <ul>-->\n         <!--       <li>Tener el rango pagado de AED o superior en 1 de los 6 meses durante el periodo de calificaci\u00f3n<\/li>-->\n         <!--       <li>Patrocinar al menos a 2 Market Partners (MPs) calificados y a 8&nbsp;Clientes VIP calificados durante el per\u00edodo de calificaci\u00f3n<\/li>-->\n         <!--       <li>Avanzar de rango a 2 NUEVOS MMBs que hayas patrocinado personalmente<\/li>-->\n         <!--       <li>Tener el rango pagado como MM o superior en el \u00faltimo mes del per\u00edodo de calificaci\u00f3n<\/li>-->\n         <!--   <\/ul>-->\n         <!--   <hr \/>-->\n         <!--   <p>Nuevos directores y nuevos MMs y MMMs antes del 31 de enero de 2026<\/p>-->\n         <!--   <ul>-->\n         <!--       <li>Ser un nuevo MMM o un nuevo Director por primera vez durante el periodo de calificaci\u00f3n<\/li>-->\n         <!--       <li>Patrocinar al menos a 2 Market Partners (MPs) calificados y a 8&nbsp;Clientes VIP calificados durante el per\u00edodo de calificaci\u00f3n<\/li>-->\n         <!--       <li>Tener el rango pagado como AMM o superior en el \u00faltimo mes del per\u00edodo de calificaci\u00f3n<\/li>-->\n         <!--   <\/ul>-->\n         <!---->\n            <!---->\n            <!--    <p>* VIPs enrolled as part of your Block must have an active Flexship through the 15th of the month following their enrollment month. <\/p>-->\n            <!--    <p>* Market Partners enrolled as part of your Block must enroll with a Product Pack or if they are enrolled under the Canada Zero Enrollment Option, they must achieve 200 PV within 30 days of their enrollment and within the Director Circle qualification&nbsp;timeframe.<\/p>-->\n            <!---->\n      <img decoding=\"async\" src=\"https:\/\/monatglobal.com\/wp-content\/uploads\/2025\/08\/fish.svg\" alt=\"\"\/>\n      <h2>\u00bfQu\u00e9 est\u00e1 incluido en la calificaci\u00f3n de  <br \/> leadership circle monat 2026?<\/h2>\n            <p>NIVEL 1<\/p>\n            <ul>\n               <li>Networking con lo mejor del liderazgo de MONAT<\/li>\n               <li>Premios especiales y evento de reconocimiento<\/li>\n               <li>Vista previa exclusiva de los planes de 2026<\/li>\n               <li>3 noches de alojamiento de hotel  <\/li>\n               <li>Pasaje a\u00e9reo de ida y vuelta al Aeropuerto Internacional de Miami<\/li>\n               <li>Opci\u00f3n de traer a tu c\u00f3nyuge (se aplican costos y condiciones)<\/li>\n            <\/ul>\n         <!---->\n         <!--   <p>NIVEL 2<\/p>-->\n         <!--   <ul>-->\n         <!--      <li>Tiempo para hacer contactos con lo mejor en Liderazgo de MONAT<\/li>-->\n         <!--      <li>Premios especiales y evento de reconocimiento<\/li>-->\n         <!--      <li>Anticipos exclusivos de los planes 2026<\/li>-->\n         <!--      <li>3 noches de hotel <\/li>-->\n         <!--      <li>Vuelo de ida y vuelta al Aeropuerto Internacional de Miami<\/li>-->\n         <!--      <li>Opci\u00f3n de traer a tu c\u00f3nyuge (se aplican tarifas y condiciones)<\/li>-->\n         <!--   <\/ul>-->\n         <!-- -->\n         <a id=\"faq_btn\" href=\"https:\/\/monatglobal.com\/mx\/wp-content\/uploads\/sites\/30\/2025\/10\/MX_LEADERSHIP-CIRCLE-2026-FAQ-290925_V3.pdf\" target=\"_blank\" rel=\"noopener\">PREGUNTAS FREQUENTES<\/a>\n         <a id=\"termsAndC\" href=\"https:\/\/monatglobal.com\/mx\/wp-content\/uploads\/sites\/30\/2025\/10\/Mexico-Updated-Leadership-Circle-2026-TC-061025_vAB.pdf\" target=\"_blank\" rel=\"noopener\">\n            <p> T\u00c9RMINOS Y CONDICIONES <\/p>\n         <\/a>\n      <h2 id=\"hashtag_text\">#MONATLeadershipCircle<\/h2>\n<\/section>\n\n","protected":false},"excerpt":{"rendered":"<p>Forjando el Ma\u00f1ana, Juntos. W South Beach Miami, Florida Marzo 12 al 15 Fechas de Calificaci\u00f3n 1 de octubre de 2025 al 31 de enero de 2026 Liderazgo en Acci\u00f3n Participa en capacitaciones exclusivas con l\u00edderes destacados y ejecutivos de MONAT. Obt\u00e9n informaci\u00f3n valiosa para alinear tus objetivos y maximizar todo el potencial de tu&hellip;<\/p>\n","protected":false},"author":57,"featured_media":108804,"parent":0,"menu_order":0,"comment_status":"closed","ping_status":"closed","template":"","meta":{"inline_featured_image":false,"footnotes":""},"categories":[],"tags":[],"class_list":["post-108775","page","type-page","status-publish","has-post-thumbnail","hentry"],"aioseo_notices":[],"aioseo_head":"\n\t\t<!-- All in One SEO Pro 4.9.5.2 - aioseo.com -->\n\t<meta name=\"description\" content=\"Forjando el Ma\u00f1ana, Juntos. W South Beach Miami, Florida Marzo 12 al 15 Fechas de Calificaci\u00f3n 1 de octubre de 2025 al 31 de enero de 2026 Liderazgo en Acci\u00f3n Participa en capacitaciones exclusivas con l\u00edderes destacados y ejecutivos de MONAT. Obt\u00e9n informaci\u00f3n valiosa para alinear tus objetivos y maximizar todo el potencial de tu\" \/>\n\t<meta name=\"robots\" content=\"max-image-preview:large\" \/>\n\t<link rel=\"canonical\" href=\"https:\/\/monatglobal.com\/mx\/leadership-circle\/\" \/>\n\t<meta name=\"generator\" content=\"All in One SEO Pro (AIOSEO) 4.9.5.2\" \/>\n\t\t<meta property=\"og:locale\" content=\"en_US\" \/>\n\t\t<meta property=\"og:site_name\" content=\"MONAT Mexico - We Are Modern Nature\u00ae\" \/>\n\t\t<meta property=\"og:type\" content=\"article\" \/>\n\t\t<meta property=\"og:title\" content=\"MONAT Leadership Circle 2026 \u2013 MONAT GLOBAL MX - MONAT Mexico\" \/>\n\t\t<meta property=\"og:description\" content=\"Forjando el Ma\u00f1ana, Juntos. W South Beach Miami, Florida Marzo 12 al 15 Fechas de Calificaci\u00f3n 1 de octubre de 2025 al 31 de enero de 2026 Liderazgo en Acci\u00f3n Participa en capacitaciones exclusivas con l\u00edderes destacados y ejecutivos de MONAT. Obt\u00e9n informaci\u00f3n valiosa para alinear tus objetivos y maximizar todo el potencial de tu\" \/>\n\t\t<meta property=\"og:url\" content=\"https:\/\/monatglobal.com\/mx\/leadership-circle\/\" \/>\n\t\t<meta property=\"og:image\" content=\"https:\/\/monatglobal.com\/mx\/wp-content\/uploads\/sites\/30\/2025\/10\/FT-IMG-LEADERSHIP-CIRCLE-MX.jpg\" \/>\n\t\t<meta property=\"og:image:secure_url\" content=\"https:\/\/monatglobal.com\/mx\/wp-content\/uploads\/sites\/30\/2025\/10\/FT-IMG-LEADERSHIP-CIRCLE-MX.jpg\" \/>\n\t\t<meta property=\"og:image:width\" content=\"1200\" \/>\n\t\t<meta property=\"og:image:height\" content=\"628\" \/>\n\t\t<meta property=\"article:published_time\" content=\"2025-10-06T16:02:14+00:00\" \/>\n\t\t<meta property=\"article:modified_time\" content=\"2026-01-28T17:53:05+00:00\" \/>\n\t\t<meta property=\"article:publisher\" content=\"https:\/\/www.facebook.com\/monatofficial\" \/>\n\t\t<meta name=\"twitter:card\" content=\"summary\" \/>\n\t\t<meta name=\"twitter:title\" content=\"MONAT Leadership Circle 2026 \u2013 MONAT GLOBAL MX - MONAT Mexico\" \/>\n\t\t<meta name=\"twitter:description\" content=\"Forjando el Ma\u00f1ana, Juntos. W South Beach Miami, Florida Marzo 12 al 15 Fechas de Calificaci\u00f3n 1 de octubre de 2025 al 31 de enero de 2026 Liderazgo en Acci\u00f3n Participa en capacitaciones exclusivas con l\u00edderes destacados y ejecutivos de MONAT. Obt\u00e9n informaci\u00f3n valiosa para alinear tus objetivos y maximizar todo el potencial de tu\" \/>\n\t\t<meta name=\"twitter:image\" content=\"https:\/\/monatglobal.com\/mx\/wp-content\/uploads\/sites\/30\/2025\/10\/FT-IMG-LEADERSHIP-CIRCLE-MX.jpg\" \/>\n\t\t<script type=\"application\/ld+json\" class=\"aioseo-schema\">\n\t\t\t{\"@context\":\"https:\\\/\\\/schema.org\",\"@graph\":[{\"@type\":\"BreadcrumbList\",\"@id\":\"https:\\\/\\\/monatglobal.com\\\/mx\\\/leadership-circle\\\/#breadcrumblist\",\"itemListElement\":[{\"@type\":\"ListItem\",\"@id\":\"https:\\\/\\\/monatglobal.com\\\/mx#listItem\",\"position\":1,\"name\":\"Home\",\"item\":\"https:\\\/\\\/monatglobal.com\\\/mx\",\"nextItem\":{\"@type\":\"ListItem\",\"@id\":\"https:\\\/\\\/monatglobal.com\\\/mx\\\/leadership-circle\\\/#listItem\",\"name\":\"MONAT Leadership Circle 2026 &#8211; MONAT GLOBAL MX\"}},{\"@type\":\"ListItem\",\"@id\":\"https:\\\/\\\/monatglobal.com\\\/mx\\\/leadership-circle\\\/#listItem\",\"position\":2,\"name\":\"MONAT Leadership Circle 2026 &#8211; MONAT GLOBAL MX\",\"previousItem\":{\"@type\":\"ListItem\",\"@id\":\"https:\\\/\\\/monatglobal.com\\\/mx#listItem\",\"name\":\"Home\"}}]},{\"@type\":\"Organization\",\"@id\":\"https:\\\/\\\/monatglobal.com\\\/mx\\\/#organization\",\"name\":\"MONAT GLOBAL\",\"description\":\"We Are Modern Nature\\u00ae\",\"url\":\"https:\\\/\\\/monatglobal.com\\\/mx\\\/\",\"sameAs\":[\"https:\\\/\\\/www.facebook.com\\\/monatofficial\",\"https:\\\/\\\/www.instagram.com\\\/monatofficial\\\/\"]},{\"@type\":\"WebPage\",\"@id\":\"https:\\\/\\\/monatglobal.com\\\/mx\\\/leadership-circle\\\/#webpage\",\"url\":\"https:\\\/\\\/monatglobal.com\\\/mx\\\/leadership-circle\\\/\",\"name\":\"MONAT Leadership Circle 2026 \\u2013 MONAT GLOBAL MX - MONAT Mexico\",\"description\":\"Forjando el Ma\\u00f1ana, Juntos. W South Beach Miami, Florida Marzo 12 al 15 Fechas de Calificaci\\u00f3n 1 de octubre de 2025 al 31 de enero de 2026 Liderazgo en Acci\\u00f3n Participa en capacitaciones exclusivas con l\\u00edderes destacados y ejecutivos de MONAT. Obt\\u00e9n informaci\\u00f3n valiosa para alinear tus objetivos y maximizar todo el potencial de tu\",\"inLanguage\":\"en-US\",\"isPartOf\":{\"@id\":\"https:\\\/\\\/monatglobal.com\\\/mx\\\/#website\"},\"breadcrumb\":{\"@id\":\"https:\\\/\\\/monatglobal.com\\\/mx\\\/leadership-circle\\\/#breadcrumblist\"},\"image\":{\"@type\":\"ImageObject\",\"url\":\"https:\\\/\\\/monatglobal.com\\\/mx\\\/wp-content\\\/uploads\\\/sites\\\/30\\\/2025\\\/10\\\/FT-IMG-LEADERSHIP-CIRCLE-MX.jpg\",\"@id\":\"https:\\\/\\\/monatglobal.com\\\/mx\\\/leadership-circle\\\/#mainImage\",\"width\":1200,\"height\":628},\"primaryImageOfPage\":{\"@id\":\"https:\\\/\\\/monatglobal.com\\\/mx\\\/leadership-circle\\\/#mainImage\"},\"datePublished\":\"2025-10-06T17:02:14+01:00\",\"dateModified\":\"2026-01-28T17:53:05+00:00\"},{\"@type\":\"WebSite\",\"@id\":\"https:\\\/\\\/monatglobal.com\\\/mx\\\/#website\",\"url\":\"https:\\\/\\\/monatglobal.com\\\/mx\\\/\",\"name\":\"MONAT GLOBAL\",\"description\":\"We Are Modern Nature\\u00ae\",\"inLanguage\":\"en-US\",\"publisher\":{\"@id\":\"https:\\\/\\\/monatglobal.com\\\/mx\\\/#organization\"}}]}\n\t\t<\/script>\n\t\t<!-- All in One SEO Pro -->\r\n\t\t<title>MONAT Leadership Circle 2026 \u2013 MONAT GLOBAL MX - MONAT Mexico<\/title>\n\n","aioseo_head_json":{"title":"MONAT Leadership Circle 2026 \u2013 MONAT GLOBAL MX - MONAT Mexico","description":"Forjando el Ma\u00f1ana, Juntos. W South Beach Miami, Florida Marzo 12 al 15 Fechas de Calificaci\u00f3n 1 de octubre de 2025 al 31 de enero de 2026 Liderazgo en Acci\u00f3n Participa en capacitaciones exclusivas con l\u00edderes destacados y ejecutivos de MONAT. Obt\u00e9n informaci\u00f3n valiosa para alinear tus objetivos y maximizar todo el potencial de tu","canonical_url":"https:\/\/monatglobal.com\/mx\/leadership-circle\/","robots":"max-image-preview:large","keywords":"","webmasterTools":{"miscellaneous":""},"schema":{"@context":"https:\/\/schema.org","@graph":[{"@type":"BreadcrumbList","@id":"https:\/\/monatglobal.com\/mx\/leadership-circle\/#breadcrumblist","itemListElement":[{"@type":"ListItem","@id":"https:\/\/monatglobal.com\/mx#listItem","position":1,"name":"Home","item":"https:\/\/monatglobal.com\/mx","nextItem":{"@type":"ListItem","@id":"https:\/\/monatglobal.com\/mx\/leadership-circle\/#listItem","name":"MONAT Leadership Circle 2026 &#8211; MONAT GLOBAL MX"}},{"@type":"ListItem","@id":"https:\/\/monatglobal.com\/mx\/leadership-circle\/#listItem","position":2,"name":"MONAT Leadership Circle 2026 &#8211; MONAT GLOBAL MX","previousItem":{"@type":"ListItem","@id":"https:\/\/monatglobal.com\/mx#listItem","name":"Home"}}]},{"@type":"Organization","@id":"https:\/\/monatglobal.com\/mx\/#organization","name":"MONAT GLOBAL","description":"We Are Modern Nature\u00ae","url":"https:\/\/monatglobal.com\/mx\/","sameAs":["https:\/\/www.facebook.com\/monatofficial","https:\/\/www.instagram.com\/monatofficial\/"]},{"@type":"WebPage","@id":"https:\/\/monatglobal.com\/mx\/leadership-circle\/#webpage","url":"https:\/\/monatglobal.com\/mx\/leadership-circle\/","name":"MONAT Leadership Circle 2026 \u2013 MONAT GLOBAL MX - MONAT Mexico","description":"Forjando el Ma\u00f1ana, Juntos. W South Beach Miami, Florida Marzo 12 al 15 Fechas de Calificaci\u00f3n 1 de octubre de 2025 al 31 de enero de 2026 Liderazgo en Acci\u00f3n Participa en capacitaciones exclusivas con l\u00edderes destacados y ejecutivos de MONAT. Obt\u00e9n informaci\u00f3n valiosa para alinear tus objetivos y maximizar todo el potencial de tu","inLanguage":"en-US","isPartOf":{"@id":"https:\/\/monatglobal.com\/mx\/#website"},"breadcrumb":{"@id":"https:\/\/monatglobal.com\/mx\/leadership-circle\/#breadcrumblist"},"image":{"@type":"ImageObject","url":"https:\/\/monatglobal.com\/mx\/wp-content\/uploads\/sites\/30\/2025\/10\/FT-IMG-LEADERSHIP-CIRCLE-MX.jpg","@id":"https:\/\/monatglobal.com\/mx\/leadership-circle\/#mainImage","width":1200,"height":628},"primaryImageOfPage":{"@id":"https:\/\/monatglobal.com\/mx\/leadership-circle\/#mainImage"},"datePublished":"2025-10-06T17:02:14+01:00","dateModified":"2026-01-28T17:53:05+00:00"},{"@type":"WebSite","@id":"https:\/\/monatglobal.com\/mx\/#website","url":"https:\/\/monatglobal.com\/mx\/","name":"MONAT GLOBAL","description":"We Are Modern Nature\u00ae","inLanguage":"en-US","publisher":{"@id":"https:\/\/monatglobal.com\/mx\/#organization"}}]},"og:locale":"en_US","og:site_name":"MONAT Mexico - We Are Modern Nature\u00ae","og:type":"article","og:title":"MONAT Leadership Circle 2026 \u2013 MONAT GLOBAL MX - MONAT Mexico","og:description":"Forjando el Ma\u00f1ana, Juntos. W South Beach Miami, Florida Marzo 12 al 15 Fechas de Calificaci\u00f3n 1 de octubre de 2025 al 31 de enero de 2026 Liderazgo en Acci\u00f3n Participa en capacitaciones exclusivas con l\u00edderes destacados y ejecutivos de MONAT. Obt\u00e9n informaci\u00f3n valiosa para alinear tus objetivos y maximizar todo el potencial de tu","og:url":"https:\/\/monatglobal.com\/mx\/leadership-circle\/","og:image":"https:\/\/monatglobal.com\/mx\/wp-content\/uploads\/sites\/30\/2025\/10\/FT-IMG-LEADERSHIP-CIRCLE-MX.jpg","og:image:secure_url":"https:\/\/monatglobal.com\/mx\/wp-content\/uploads\/sites\/30\/2025\/10\/FT-IMG-LEADERSHIP-CIRCLE-MX.jpg","og:image:width":1200,"og:image:height":628,"article:published_time":"2025-10-06T16:02:14+00:00","article:modified_time":"2026-01-28T17:53:05+00:00","article:publisher":"https:\/\/www.facebook.com\/monatofficial","twitter:card":"summary","twitter:title":"MONAT Leadership Circle 2026 \u2013 MONAT GLOBAL MX - MONAT Mexico","twitter:description":"Forjando el Ma\u00f1ana, Juntos. W South Beach Miami, Florida Marzo 12 al 15 Fechas de Calificaci\u00f3n 1 de octubre de 2025 al 31 de enero de 2026 Liderazgo en Acci\u00f3n Participa en capacitaciones exclusivas con l\u00edderes destacados y ejecutivos de MONAT. Obt\u00e9n informaci\u00f3n valiosa para alinear tus objetivos y maximizar todo el potencial de tu","twitter:image":"https:\/\/monatglobal.com\/mx\/wp-content\/uploads\/sites\/30\/2025\/10\/FT-IMG-LEADERSHIP-CIRCLE-MX.jpg"},"aioseo_meta_data":{"post_id":"108775","title":null,"description":null,"keywords":null,"keyphrases":null,"primary_term":null,"canonical_url":null,"og_title":null,"og_description":null,"og_object_type":"default","og_image_type":"default","og_image_url":null,"og_image_width":null,"og_image_height":null,"og_image_custom_url":null,"og_image_custom_fields":null,"og_video":null,"og_custom_url":null,"og_article_section":null,"og_article_tags":null,"twitter_use_og":false,"twitter_card":"default","twitter_image_type":"default","twitter_image_url":null,"twitter_image_custom_url":null,"twitter_image_custom_fields":null,"twitter_title":null,"twitter_description":null,"schema":{"blockGraphs":[],"customGraphs":[],"default":{"data":{"Article":[],"Course":[],"Dataset":[],"FAQPage":[],"Movie":[],"Person":[],"Product":[],"ProductReview":[],"Car":[],"Recipe":[],"Service":[],"SoftwareApplication":[],"WebPage":[]},"graphName":"","isEnabled":true},"graphs":[]},"schema_type":"default","schema_type_options":null,"pillar_content":false,"robots_default":true,"robots_noindex":false,"robots_noarchive":false,"robots_nosnippet":false,"robots_nofollow":false,"robots_noimageindex":false,"robots_noodp":false,"robots_notranslate":false,"robots_max_snippet":null,"robots_max_videopreview":null,"robots_max_imagepreview":"large","priority":null,"frequency":null,"local_seo":null,"seo_analyzer_scan_date":"2026-02-10 18:43:46","breadcrumb_settings":null,"limit_modified_date":false,"reviewed_by":null,"open_ai":null,"ai":null,"created":"2026-02-10 18:40:15","updated":"2026-02-10 19:01:48"},"aioseo_breadcrumb":"<div class=\"aioseo-breadcrumbs\"><span class=\"aioseo-breadcrumb\">\n\t<a href=\"https:\/\/monatglobal.com\/mx\" title=\"Home\">Home<\/a>\n<\/span><span class=\"aioseo-breadcrumb-separator\">&raquo;<\/span><span class=\"aioseo-breadcrumb\">\n\tMONAT Leadership Circle 2026 \u2013 MONAT GLOBAL MX\n<\/span><\/div>","aioseo_breadcrumb_json":[{"label":"Home","link":"https:\/\/monatglobal.com\/mx"},{"label":"MONAT Leadership Circle 2026 &#8211; MONAT GLOBAL MX","link":"https:\/\/monatglobal.com\/mx\/leadership-circle\/"}],"_links":{"self":[{"href":"https:\/\/monatglobal.com\/mx\/wp-json\/wp\/v2\/pages\/108775","targetHints":{"allow":["GET"]}}],"collection":[{"href":"https:\/\/monatglobal.com\/mx\/wp-json\/wp\/v2\/pages"}],"about":[{"href":"https:\/\/monatglobal.com\/mx\/wp-json\/wp\/v2\/types\/page"}],"author":[{"embeddable":true,"href":"https:\/\/monatglobal.com\/mx\/wp-json\/wp\/v2\/users\/57"}],"replies":[{"embeddable":true,"href":"https:\/\/monatglobal.com\/mx\/wp-json\/wp\/v2\/comments?post=108775"}],"version-history":[{"count":10,"href":"https:\/\/monatglobal.com\/mx\/wp-json\/wp\/v2\/pages\/108775\/revisions"}],"predecessor-version":[{"id":109046,"href":"https:\/\/monatglobal.com\/mx\/wp-json\/wp\/v2\/pages\/108775\/revisions\/109046"}],"wp:featuredmedia":[{"embeddable":true,"href":"https:\/\/monatglobal.com\/mx\/wp-json\/wp\/v2\/media\/108804"}],"wp:attachment":[{"href":"https:\/\/monatglobal.com\/mx\/wp-json\/wp\/v2\/media?parent=108775"}],"wp:term":[{"taxonomy":"category","embeddable":true,"href":"https:\/\/monatglobal.com\/mx\/wp-json\/wp\/v2\/categories?post=108775"},{"taxonomy":"post_tag","embeddable":true,"href":"https:\/\/monatglobal.com\/mx\/wp-json\/wp\/v2\/tags?post=108775"}],"curies":[{"name":"wp","href":"https:\/\/api.w.org\/{rel}","templated":true}]}}