{"id":108754,"date":"2025-10-01T14:43:08","date_gmt":"2025-10-01T13:43:08","guid":{"rendered":"https:\/\/monatglobal.com\/mx\/?page_id=108754"},"modified":"2026-03-19T20:32:40","modified_gmt":"2026-03-19T20:32:40","slug":"join","status":"publish","type":"page","link":"https:\/\/monatglobal.com\/mx\/join\/","title":{"rendered":"\u00danete a MONAT ahora"},"content":{"rendered":"\n\n\t<section id=\"joinSec\">\n        <img decoding=\"async\" src=\"https:\/\/monatglobal.com\/de\/wp-content\/uploads\/sites\/22\/2025\/01\/oil-drop-MONAT-logo-black-.png\" alt=\"MONAT oild drop logo\" loading=\"lazy\"\/>\n        <p>BIENVENIDO A MONAT<\/p>\n        <h1>\u00bfQU\u00c9 TE GUSTAR\u00cdA <br \/>HACER HOY?<\/h1> \n                <a href=\"https:\/\/corp.mymonat.com\/pyr_core\/v2_enrollments\/select_market?sponsor_id=&#038;enroll_params=profile_form_type%3Dexpress&#038;market=mx&#038;lang_code=es\" target=\"_blank\">\n                    <img decoding=\"async\" src=\"https:\/\/monatglobal.com\/wp-content\/uploads\/2025\/02\/maket-partner-min.jpg\"\/>\n                        <p>\u00a1Obtener ganancias con mi rutina de belleza! <br \/> Crear una empresa peque\u00f1a  <br \/> + Armar un equipo <\/p>\n                            <p>\u00daNETE COMO<\/p>\n                            <button>Market Partner de MONAT<\/button> \n                <\/a>\n                <p>Para m\u00e1s informaci\u00f3n, visita  <br \/> <a href=\"https:\/\/monatglobal.com\/mx\/the-monat-opportunity\/\">https:\/\/monatglobal.com\/mx\/the-monat-opportunity\/<\/a><\/p>\n                <a href=\"https:\/\/corp.mymonat.com\/pyr_core\/v2_enrollments\/select_market?sponsor_id=&#038;enroll_params=profile_form_type=vip_for_life&#038;market=mx&#038;lang_code=es\" target=\"_blank\">\n                    <img decoding=\"async\" src=\"https:\/\/monatglobal.com\/wp-content\/uploads\/2025\/02\/join-as-a-VIP-min.jpg\"\/>\n                        <p>Comprar productos premium <br \/>+ Obtener recompensas que te ahorran dinero<\/p>\n                            <p>\u00daNETE COMO<\/p>\n                            <button>VIP DE MONAT<\/button>\n                <\/a>\n                <p>Disfruta de beneficios VIP adicionales cuando te inscribes con una orden inicial de $1,600 MXN. <br \/> Para m\u00e1s informaci\u00f3n visita: <br \/> <a href=\"https:\/\/monatglobal.com\/mx\/vip\/\">https:\/\/monatglobal.com\/mx\/vip\/<\/a><\/p>\n                <a href=\"https:\/\/corp.mymonat.com\/pyr_core\/v2_enrollments\/select_market?sponsor_id=&#038;enroll_params=profile_form_type%3Dcustomer&#038;market=mx&#038;lang_code=es\"  target=\"_blank\">\n                    <img decoding=\"async\" src=\"https:\/\/monatglobal.com\/wp-content\/uploads\/2025\/02\/shop-retail-price-min.jpg\"\/>\n                        \u00bfA\u00fan no est\u00e1s segura(o)? <br \/>\n                        Comprar como un cliente general\n                            <button>Comprar ahora<\/button>\n                <\/a>\n                <p>Explora todos los productos MONAT: <br \/> <a href=\"https:\/\/monatglobal.com\/mx\/products\/\">https:\/\/monatglobal.com\/mx\/products\/<\/a><\/p>\n        <!---->\n        <!---->\n        <!---->\n       <!-- TrustBox widget - Mini -->\n  <a href=\"https:\/\/es.trustpilot.com\/review\/monatglobal.com\" target=\"_blank\" rel=\"noopener\">Trustpilot<\/a>\n<!-- End TrustBox widget -->\n<\/section>\n\n","protected":false},"excerpt":{"rendered":"<p>BIENVENIDO A MONAT \u00bfQU\u00c9 TE GUSTAR\u00cdA HACER HOY? \u00a1Obtener ganancias con mi rutina de belleza! Crear una empresa peque\u00f1a + Armar un equipo \u00daNETE COMO Market Partner de MONAT Para m\u00e1s informaci\u00f3n, visita https:\/\/monatglobal.com\/mx\/the-monat-opportunity\/ Comprar productos premium + Obtener recompensas que te ahorran dinero \u00daNETE COMO VIP DE MONAT Disfruta de beneficios VIP adicionales cuando&hellip;<\/p>\n","protected":false},"author":33,"featured_media":108729,"parent":0,"menu_order":0,"comment_status":"closed","ping_status":"closed","template":"","meta":{"inline_featured_image":false,"footnotes":""},"categories":[],"tags":[],"class_list":["post-108754","page","type-page","status-publish","has-post-thumbnail","hentry"],"aioseo_notices":[],"aioseo_head":"\n\t\t<!-- All in One SEO Pro 4.9.5.2 - aioseo.com -->\n\t<meta name=\"description\" content=\"BIENVENIDO A MONAT \u00bfQU\u00c9 TE GUSTAR\u00cdA HACER HOY? \u00a1Obtener ganancias con mi rutina de belleza! Crear una empresa peque\u00f1a + Armar un equipo \u00daNETE COMO Market Partner de MONAT Para m\u00e1s informaci\u00f3n, visita https:\/\/monatglobal.com\/mx\/the-monat-opportunity\/ Comprar productos premium + Obtener recompensas que te ahorran dinero \u00daNETE COMO VIP DE MONAT Disfruta de beneficios VIP adicionales cuando\" \/>\n\t<meta name=\"robots\" content=\"max-image-preview:large\" \/>\n\t<link rel=\"canonical\" href=\"https:\/\/monatglobal.com\/mx\/join\/\" \/>\n\t<meta name=\"generator\" content=\"All in One SEO Pro (AIOSEO) 4.9.5.2\" \/>\n\t\t<meta property=\"og:locale\" content=\"en_US\" \/>\n\t\t<meta property=\"og:site_name\" content=\"MONAT Mexico - We Are Modern Nature\u00ae\" \/>\n\t\t<meta property=\"og:type\" content=\"article\" \/>\n\t\t<meta property=\"og:title\" content=\"\u00danete a MONAT ahora - MONAT Mexico\" \/>\n\t\t<meta property=\"og:description\" content=\"BIENVENIDO A MONAT \u00bfQU\u00c9 TE GUSTAR\u00cdA HACER HOY? \u00a1Obtener ganancias con mi rutina de belleza! Crear una empresa peque\u00f1a + Armar un equipo \u00daNETE COMO Market Partner de MONAT Para m\u00e1s informaci\u00f3n, visita https:\/\/monatglobal.com\/mx\/the-monat-opportunity\/ Comprar productos premium + Obtener recompensas que te ahorran dinero \u00daNETE COMO VIP DE MONAT Disfruta de beneficios VIP adicionales cuando\" \/>\n\t\t<meta property=\"og:url\" content=\"https:\/\/monatglobal.com\/mx\/join\/\" \/>\n\t\t<meta property=\"og:image\" content=\"https:\/\/monatglobal.com\/mx\/wp-content\/uploads\/sites\/30\/2025\/09\/MONAT-Logos-grey-2_03.png\" \/>\n\t\t<meta property=\"og:image:secure_url\" content=\"https:\/\/monatglobal.com\/mx\/wp-content\/uploads\/sites\/30\/2025\/09\/MONAT-Logos-grey-2_03.png\" \/>\n\t\t<meta property=\"og:image:width\" content=\"287\" \/>\n\t\t<meta property=\"og:image:height\" content=\"231\" \/>\n\t\t<meta property=\"article:published_time\" content=\"2025-10-01T13:43:08+00:00\" \/>\n\t\t<meta property=\"article:modified_time\" content=\"2026-03-19T20:32:40+00:00\" \/>\n\t\t<meta property=\"article:publisher\" content=\"https:\/\/www.facebook.com\/monatofficial\" \/>\n\t\t<meta name=\"twitter:card\" content=\"summary\" \/>\n\t\t<meta name=\"twitter:title\" content=\"\u00danete a MONAT ahora - MONAT Mexico\" \/>\n\t\t<meta name=\"twitter:description\" content=\"BIENVENIDO A MONAT \u00bfQU\u00c9 TE GUSTAR\u00cdA HACER HOY? \u00a1Obtener ganancias con mi rutina de belleza! Crear una empresa peque\u00f1a + Armar un equipo \u00daNETE COMO Market Partner de MONAT Para m\u00e1s informaci\u00f3n, visita https:\/\/monatglobal.com\/mx\/the-monat-opportunity\/ Comprar productos premium + Obtener recompensas que te ahorran dinero \u00daNETE COMO VIP DE MONAT Disfruta de beneficios VIP adicionales cuando\" \/>\n\t\t<meta name=\"twitter:image\" content=\"https:\/\/monatglobal.com\/mx\/wp-content\/uploads\/sites\/30\/2025\/09\/MONAT-Logos-grey-2_03.png\" \/>\n\t\t<script type=\"application\/ld+json\" class=\"aioseo-schema\">\n\t\t\t{\"@context\":\"https:\\\/\\\/schema.org\",\"@graph\":[{\"@type\":\"BreadcrumbList\",\"@id\":\"https:\\\/\\\/monatglobal.com\\\/mx\\\/join\\\/#breadcrumblist\",\"itemListElement\":[{\"@type\":\"ListItem\",\"@id\":\"https:\\\/\\\/monatglobal.com\\\/mx#listItem\",\"position\":1,\"name\":\"Home\",\"item\":\"https:\\\/\\\/monatglobal.com\\\/mx\",\"nextItem\":{\"@type\":\"ListItem\",\"@id\":\"https:\\\/\\\/monatglobal.com\\\/mx\\\/join\\\/#listItem\",\"name\":\"\\u00danete a MONAT ahora\"}},{\"@type\":\"ListItem\",\"@id\":\"https:\\\/\\\/monatglobal.com\\\/mx\\\/join\\\/#listItem\",\"position\":2,\"name\":\"\\u00danete a MONAT ahora\",\"previousItem\":{\"@type\":\"ListItem\",\"@id\":\"https:\\\/\\\/monatglobal.com\\\/mx#listItem\",\"name\":\"Home\"}}]},{\"@type\":\"Organization\",\"@id\":\"https:\\\/\\\/monatglobal.com\\\/mx\\\/#organization\",\"name\":\"MONAT GLOBAL\",\"description\":\"We Are Modern Nature\\u00ae\",\"url\":\"https:\\\/\\\/monatglobal.com\\\/mx\\\/\",\"sameAs\":[\"https:\\\/\\\/www.facebook.com\\\/monatofficial\",\"https:\\\/\\\/www.instagram.com\\\/monatofficial\\\/\"]},{\"@type\":\"WebPage\",\"@id\":\"https:\\\/\\\/monatglobal.com\\\/mx\\\/join\\\/#webpage\",\"url\":\"https:\\\/\\\/monatglobal.com\\\/mx\\\/join\\\/\",\"name\":\"\\u00danete a MONAT ahora - MONAT Mexico\",\"description\":\"BIENVENIDO A MONAT \\u00bfQU\\u00c9 TE GUSTAR\\u00cdA HACER HOY? \\u00a1Obtener ganancias con mi rutina de belleza! Crear una empresa peque\\u00f1a + Armar un equipo \\u00daNETE COMO Market Partner de MONAT Para m\\u00e1s informaci\\u00f3n, visita https:\\\/\\\/monatglobal.com\\\/mx\\\/the-monat-opportunity\\\/ Comprar productos premium + Obtener recompensas que te ahorran dinero \\u00daNETE COMO VIP DE MONAT Disfruta de beneficios VIP adicionales cuando\",\"inLanguage\":\"en-US\",\"isPartOf\":{\"@id\":\"https:\\\/\\\/monatglobal.com\\\/mx\\\/#website\"},\"breadcrumb\":{\"@id\":\"https:\\\/\\\/monatglobal.com\\\/mx\\\/join\\\/#breadcrumblist\"},\"image\":{\"@type\":\"ImageObject\",\"url\":\"https:\\\/\\\/monatglobal.com\\\/mx\\\/wp-content\\\/uploads\\\/sites\\\/30\\\/2025\\\/09\\\/MONAT-Logos-grey-2_03.png\",\"@id\":\"https:\\\/\\\/monatglobal.com\\\/mx\\\/join\\\/#mainImage\",\"width\":287,\"height\":231},\"primaryImageOfPage\":{\"@id\":\"https:\\\/\\\/monatglobal.com\\\/mx\\\/join\\\/#mainImage\"},\"datePublished\":\"2025-10-01T14:43:08+01:00\",\"dateModified\":\"2026-03-19T20:32:40+00:00\"},{\"@type\":\"WebSite\",\"@id\":\"https:\\\/\\\/monatglobal.com\\\/mx\\\/#website\",\"url\":\"https:\\\/\\\/monatglobal.com\\\/mx\\\/\",\"name\":\"MONAT GLOBAL\",\"description\":\"We Are Modern Nature\\u00ae\",\"inLanguage\":\"en-US\",\"publisher\":{\"@id\":\"https:\\\/\\\/monatglobal.com\\\/mx\\\/#organization\"}}]}\n\t\t<\/script>\n\t\t<!-- All in One SEO Pro -->\r\n\t\t<title>\u00danete a MONAT ahora - MONAT Mexico<\/title>\n\n","aioseo_head_json":{"title":"\u00danete a MONAT ahora - MONAT Mexico","description":"BIENVENIDO A MONAT \u00bfQU\u00c9 TE GUSTAR\u00cdA HACER HOY? \u00a1Obtener ganancias con mi rutina de belleza! Crear una empresa peque\u00f1a + Armar un equipo \u00daNETE COMO Market Partner de MONAT Para m\u00e1s informaci\u00f3n, visita https:\/\/monatglobal.com\/mx\/the-monat-opportunity\/ Comprar productos premium + Obtener recompensas que te ahorran dinero \u00daNETE COMO VIP DE MONAT Disfruta de beneficios VIP adicionales cuando","canonical_url":"https:\/\/monatglobal.com\/mx\/join\/","robots":"max-image-preview:large","keywords":"","webmasterTools":{"miscellaneous":""},"schema":{"@context":"https:\/\/schema.org","@graph":[{"@type":"BreadcrumbList","@id":"https:\/\/monatglobal.com\/mx\/join\/#breadcrumblist","itemListElement":[{"@type":"ListItem","@id":"https:\/\/monatglobal.com\/mx#listItem","position":1,"name":"Home","item":"https:\/\/monatglobal.com\/mx","nextItem":{"@type":"ListItem","@id":"https:\/\/monatglobal.com\/mx\/join\/#listItem","name":"\u00danete a MONAT ahora"}},{"@type":"ListItem","@id":"https:\/\/monatglobal.com\/mx\/join\/#listItem","position":2,"name":"\u00danete a MONAT ahora","previousItem":{"@type":"ListItem","@id":"https:\/\/monatglobal.com\/mx#listItem","name":"Home"}}]},{"@type":"Organization","@id":"https:\/\/monatglobal.com\/mx\/#organization","name":"MONAT GLOBAL","description":"We Are Modern Nature\u00ae","url":"https:\/\/monatglobal.com\/mx\/","sameAs":["https:\/\/www.facebook.com\/monatofficial","https:\/\/www.instagram.com\/monatofficial\/"]},{"@type":"WebPage","@id":"https:\/\/monatglobal.com\/mx\/join\/#webpage","url":"https:\/\/monatglobal.com\/mx\/join\/","name":"\u00danete a MONAT ahora - MONAT Mexico","description":"BIENVENIDO A MONAT \u00bfQU\u00c9 TE GUSTAR\u00cdA HACER HOY? \u00a1Obtener ganancias con mi rutina de belleza! Crear una empresa peque\u00f1a + Armar un equipo \u00daNETE COMO Market Partner de MONAT Para m\u00e1s informaci\u00f3n, visita https:\/\/monatglobal.com\/mx\/the-monat-opportunity\/ Comprar productos premium + Obtener recompensas que te ahorran dinero \u00daNETE COMO VIP DE MONAT Disfruta de beneficios VIP adicionales cuando","inLanguage":"en-US","isPartOf":{"@id":"https:\/\/monatglobal.com\/mx\/#website"},"breadcrumb":{"@id":"https:\/\/monatglobal.com\/mx\/join\/#breadcrumblist"},"image":{"@type":"ImageObject","url":"https:\/\/monatglobal.com\/mx\/wp-content\/uploads\/sites\/30\/2025\/09\/MONAT-Logos-grey-2_03.png","@id":"https:\/\/monatglobal.com\/mx\/join\/#mainImage","width":287,"height":231},"primaryImageOfPage":{"@id":"https:\/\/monatglobal.com\/mx\/join\/#mainImage"},"datePublished":"2025-10-01T14:43:08+01:00","dateModified":"2026-03-19T20:32:40+00:00"},{"@type":"WebSite","@id":"https:\/\/monatglobal.com\/mx\/#website","url":"https:\/\/monatglobal.com\/mx\/","name":"MONAT GLOBAL","description":"We Are Modern Nature\u00ae","inLanguage":"en-US","publisher":{"@id":"https:\/\/monatglobal.com\/mx\/#organization"}}]},"og:locale":"en_US","og:site_name":"MONAT Mexico - We Are Modern Nature\u00ae","og:type":"article","og:title":"\u00danete a MONAT ahora - MONAT Mexico","og:description":"BIENVENIDO A MONAT \u00bfQU\u00c9 TE GUSTAR\u00cdA HACER HOY? \u00a1Obtener ganancias con mi rutina de belleza! Crear una empresa peque\u00f1a + Armar un equipo \u00daNETE COMO Market Partner de MONAT Para m\u00e1s informaci\u00f3n, visita https:\/\/monatglobal.com\/mx\/the-monat-opportunity\/ Comprar productos premium + Obtener recompensas que te ahorran dinero \u00daNETE COMO VIP DE MONAT Disfruta de beneficios VIP adicionales cuando","og:url":"https:\/\/monatglobal.com\/mx\/join\/","og:image":"https:\/\/monatglobal.com\/mx\/wp-content\/uploads\/sites\/30\/2025\/09\/MONAT-Logos-grey-2_03.png","og:image:secure_url":"https:\/\/monatglobal.com\/mx\/wp-content\/uploads\/sites\/30\/2025\/09\/MONAT-Logos-grey-2_03.png","og:image:width":287,"og:image:height":231,"article:published_time":"2025-10-01T13:43:08+00:00","article:modified_time":"2026-03-19T20:32:40+00:00","article:publisher":"https:\/\/www.facebook.com\/monatofficial","twitter:card":"summary","twitter:title":"\u00danete a MONAT ahora - MONAT Mexico","twitter:description":"BIENVENIDO A MONAT \u00bfQU\u00c9 TE GUSTAR\u00cdA HACER HOY? \u00a1Obtener ganancias con mi rutina de belleza! Crear una empresa peque\u00f1a + Armar un equipo \u00daNETE COMO Market Partner de MONAT Para m\u00e1s informaci\u00f3n, visita https:\/\/monatglobal.com\/mx\/the-monat-opportunity\/ Comprar productos premium + Obtener recompensas que te ahorran dinero \u00daNETE COMO VIP DE MONAT Disfruta de beneficios VIP adicionales cuando","twitter:image":"https:\/\/monatglobal.com\/mx\/wp-content\/uploads\/sites\/30\/2025\/09\/MONAT-Logos-grey-2_03.png"},"aioseo_meta_data":{"post_id":"108754","title":null,"description":null,"keywords":null,"keyphrases":null,"primary_term":null,"canonical_url":null,"og_title":null,"og_description":null,"og_object_type":"default","og_image_type":"default","og_image_url":null,"og_image_width":null,"og_image_height":null,"og_image_custom_url":null,"og_image_custom_fields":null,"og_video":null,"og_custom_url":null,"og_article_section":null,"og_article_tags":null,"twitter_use_og":false,"twitter_card":"default","twitter_image_type":"default","twitter_image_url":null,"twitter_image_custom_url":null,"twitter_image_custom_fields":null,"twitter_title":null,"twitter_description":null,"schema":{"blockGraphs":[],"customGraphs":[],"default":{"data":{"Article":[],"Course":[],"Dataset":[],"FAQPage":[],"Movie":[],"Person":[],"Product":[],"ProductReview":[],"Car":[],"Recipe":[],"Service":[],"SoftwareApplication":[],"WebPage":[]},"graphName":"WebPage","isEnabled":true},"graphs":[]},"schema_type":"default","schema_type_options":null,"pillar_content":false,"robots_default":true,"robots_noindex":false,"robots_noarchive":false,"robots_nosnippet":false,"robots_nofollow":false,"robots_noimageindex":false,"robots_noodp":false,"robots_notranslate":false,"robots_max_snippet":null,"robots_max_videopreview":null,"robots_max_imagepreview":"large","priority":null,"frequency":null,"local_seo":null,"seo_analyzer_scan_date":"2026-03-20 20:15:36","breadcrumb_settings":null,"limit_modified_date":false,"reviewed_by":null,"open_ai":null,"ai":null,"created":"2026-02-10 18:40:15","updated":"2026-03-20 20:19:08"},"aioseo_breadcrumb":"<div class=\"aioseo-breadcrumbs\"><span class=\"aioseo-breadcrumb\">\n\t<a href=\"https:\/\/monatglobal.com\/mx\" title=\"Home\">Home<\/a>\n<\/span><span class=\"aioseo-breadcrumb-separator\">&raquo;<\/span><span class=\"aioseo-breadcrumb\">\n\t\u00danete a MONAT ahora\n<\/span><\/div>","aioseo_breadcrumb_json":[{"label":"Home","link":"https:\/\/monatglobal.com\/mx"},{"label":"\u00danete a MONAT ahora","link":"https:\/\/monatglobal.com\/mx\/join\/"}],"_links":{"self":[{"href":"https:\/\/monatglobal.com\/mx\/wp-json\/wp\/v2\/pages\/108754","targetHints":{"allow":["GET"]}}],"collection":[{"href":"https:\/\/monatglobal.com\/mx\/wp-json\/wp\/v2\/pages"}],"about":[{"href":"https:\/\/monatglobal.com\/mx\/wp-json\/wp\/v2\/types\/page"}],"author":[{"embeddable":true,"href":"https:\/\/monatglobal.com\/mx\/wp-json\/wp\/v2\/users\/33"}],"replies":[{"embeddable":true,"href":"https:\/\/monatglobal.com\/mx\/wp-json\/wp\/v2\/comments?post=108754"}],"version-history":[{"count":6,"href":"https:\/\/monatglobal.com\/mx\/wp-json\/wp\/v2\/pages\/108754\/revisions"}],"predecessor-version":[{"id":109091,"href":"https:\/\/monatglobal.com\/mx\/wp-json\/wp\/v2\/pages\/108754\/revisions\/109091"}],"wp:featuredmedia":[{"embeddable":true,"href":"https:\/\/monatglobal.com\/mx\/wp-json\/wp\/v2\/media\/108729"}],"wp:attachment":[{"href":"https:\/\/monatglobal.com\/mx\/wp-json\/wp\/v2\/media?parent=108754"}],"wp:term":[{"taxonomy":"category","embeddable":true,"href":"https:\/\/monatglobal.com\/mx\/wp-json\/wp\/v2\/categories?post=108754"},{"taxonomy":"post_tag","embeddable":true,"href":"https:\/\/monatglobal.com\/mx\/wp-json\/wp\/v2\/tags?post=108754"}],"curies":[{"name":"wp","href":"https:\/\/api.w.org\/{rel}","templated":true}]}}