{"id":108751,"date":"2025-10-01T14:41:24","date_gmt":"2025-10-01T13:41:24","guid":{"rendered":"https:\/\/monatglobal.com\/mx\/?page_id=108751"},"modified":"2025-12-17T15:01:43","modified_gmt":"2025-12-17T15:01:43","slug":"contact","status":"publish","type":"page","link":"https:\/\/monatglobal.com\/mx\/contact\/","title":{"rendered":"Contacto"},"content":{"rendered":"\n\n            <p>Nota importante:  Para tu protecci\u00f3n, nunca env\u00edes informaci\u00f3n confidencial o sobre tarjetas de cr\u00e9dito por correo electr\u00f3nico o por el chat.<\/p>\n    <h1>Cont\u00e1ctanos<\/h1>\n    <h2>Por correo electr\u00f3nico<\/h2>\n            <a href=\"mailto:servicioalclienteMX@monatglobal.com\">servicioalclienteMX@monatglobal.com \u2197<\/a>\n            <p>Preguntas sobre cuentas, devoluciones y apoyo en general<\/p>\n            <a href=\"mailto:gratitude@monatglobal.com\">gratitude@monatglobal.com\u2197<\/a>\n            <p>Preguntas sobre nuestra Fundaci\u00f3n MONAT Gratitude<\/p>\n            <a href=\"mailto:recognition@monatglobal.com\">recognition@monatglobal.com \u2197<\/a>\n            <p>Preguntas sobre nuestro programa de Reconocimiento<\/p>\n    <h2>Por tel\u00e9fono<\/h2>\n                <a href=\"tel:+800-872-1845\"><p>800-872-1845<\/p><\/a>\n                <p>Atenci\u00f3n a clientes y Market Partners<\/p>\n                <p>Horarios de atenci\u00f3n:<\/p>\n                <p>Lunes a viernes:  10:00 a.m. ET &#8211; 7:00 p.m. ET <br \/>(8:00 a.m. CT &#8211; 5:00 p.m. CT)<\/p>\n                S\u00e1bado y domingo: Puedes comunicarte a trav\u00e9s del correo electr\u00f3nico <a href=\"mailto:servicioalclienteMX@monatglobal.com\">servicioalclienteMX@monatglobal.com \u2197<\/a>\n            \n    <h2>Por correo postal<\/h2>\n    <p>10000 Northwest 15th Terrace,<\/p>\n    <p>Doral, FL 33172<\/p>\n\n","protected":false},"excerpt":{"rendered":"<p>Nota importante: Para tu protecci\u00f3n, nunca env\u00edes informaci\u00f3n confidencial o sobre tarjetas de cr\u00e9dito por correo electr\u00f3nico o por el chat. Cont\u00e1ctanos Por correo electr\u00f3nico servicioalclienteMX@monatglobal.com \u2197 Preguntas sobre cuentas, devoluciones y apoyo en general gratitude@monatglobal.com\u2197 Preguntas sobre nuestra Fundaci\u00f3n MONAT Gratitude recognition@monatglobal.com \u2197 Preguntas sobre nuestro programa de Reconocimiento Por tel\u00e9fono 800-872-1845 Atenci\u00f3n a&hellip;<\/p>\n","protected":false},"author":33,"featured_media":108729,"parent":0,"menu_order":0,"comment_status":"closed","ping_status":"closed","template":"","meta":{"inline_featured_image":false,"footnotes":""},"categories":[],"tags":[],"class_list":["post-108751","page","type-page","status-publish","has-post-thumbnail","hentry"],"aioseo_notices":[],"aioseo_head":"\n\t\t<!-- All in One SEO Pro 4.9.5.2 - aioseo.com -->\n\t<meta name=\"description\" content=\"Nota importante: Para tu protecci\u00f3n, nunca env\u00edes informaci\u00f3n confidencial o sobre tarjetas de cr\u00e9dito por correo electr\u00f3nico o por el chat. Cont\u00e1ctanos Por correo electr\u00f3nico servicioalclienteMX@monatglobal.com \u2197 Preguntas sobre cuentas, devoluciones y apoyo en general gratitude@monatglobal.com\u2197 Preguntas sobre nuestra Fundaci\u00f3n MONAT Gratitude recognition@monatglobal.com \u2197 Preguntas sobre nuestro programa de Reconocimiento Por tel\u00e9fono 800-872-1845 Atenci\u00f3n a\" \/>\n\t<meta name=\"robots\" content=\"max-image-preview:large\" \/>\n\t<link rel=\"canonical\" href=\"https:\/\/monatglobal.com\/mx\/contact\/\" \/>\n\t<meta name=\"generator\" content=\"All in One SEO Pro (AIOSEO) 4.9.5.2\" \/>\n\t\t<meta property=\"og:locale\" content=\"en_US\" \/>\n\t\t<meta property=\"og:site_name\" content=\"MONAT Mexico - We Are Modern Nature\u00ae\" \/>\n\t\t<meta property=\"og:type\" content=\"article\" \/>\n\t\t<meta property=\"og:title\" content=\"Contacto - MONAT Mexico\" \/>\n\t\t<meta property=\"og:description\" content=\"Nota importante: Para tu protecci\u00f3n, nunca env\u00edes informaci\u00f3n confidencial o sobre tarjetas de cr\u00e9dito por correo electr\u00f3nico o por el chat. Cont\u00e1ctanos Por correo electr\u00f3nico servicioalclienteMX@monatglobal.com \u2197 Preguntas sobre cuentas, devoluciones y apoyo en general gratitude@monatglobal.com\u2197 Preguntas sobre nuestra Fundaci\u00f3n MONAT Gratitude recognition@monatglobal.com \u2197 Preguntas sobre nuestro programa de Reconocimiento Por tel\u00e9fono 800-872-1845 Atenci\u00f3n a\" \/>\n\t\t<meta property=\"og:url\" content=\"https:\/\/monatglobal.com\/mx\/contact\/\" \/>\n\t\t<meta property=\"og:image\" content=\"https:\/\/monatglobal.com\/mx\/wp-content\/uploads\/sites\/30\/2025\/09\/MONAT-Logos-grey-2_03.png\" \/>\n\t\t<meta property=\"og:image:secure_url\" content=\"https:\/\/monatglobal.com\/mx\/wp-content\/uploads\/sites\/30\/2025\/09\/MONAT-Logos-grey-2_03.png\" \/>\n\t\t<meta property=\"og:image:width\" content=\"287\" \/>\n\t\t<meta property=\"og:image:height\" content=\"231\" \/>\n\t\t<meta property=\"article:published_time\" content=\"2025-10-01T13:41:24+00:00\" \/>\n\t\t<meta property=\"article:modified_time\" content=\"2025-12-17T15:01:43+00:00\" \/>\n\t\t<meta property=\"article:publisher\" content=\"https:\/\/www.facebook.com\/monatofficial\" \/>\n\t\t<meta name=\"twitter:card\" content=\"summary\" \/>\n\t\t<meta name=\"twitter:title\" content=\"Contacto - MONAT Mexico\" \/>\n\t\t<meta name=\"twitter:description\" content=\"Nota importante: Para tu protecci\u00f3n, nunca env\u00edes informaci\u00f3n confidencial o sobre tarjetas de cr\u00e9dito por correo electr\u00f3nico o por el chat. Cont\u00e1ctanos Por correo electr\u00f3nico servicioalclienteMX@monatglobal.com \u2197 Preguntas sobre cuentas, devoluciones y apoyo en general gratitude@monatglobal.com\u2197 Preguntas sobre nuestra Fundaci\u00f3n MONAT Gratitude recognition@monatglobal.com \u2197 Preguntas sobre nuestro programa de Reconocimiento Por tel\u00e9fono 800-872-1845 Atenci\u00f3n a\" \/>\n\t\t<meta name=\"twitter:image\" content=\"https:\/\/monatglobal.com\/mx\/wp-content\/uploads\/sites\/30\/2025\/09\/MONAT-Logos-grey-2_03.png\" \/>\n\t\t<script type=\"application\/ld+json\" class=\"aioseo-schema\">\n\t\t\t{\"@context\":\"https:\\\/\\\/schema.org\",\"@graph\":[{\"@type\":\"BreadcrumbList\",\"@id\":\"https:\\\/\\\/monatglobal.com\\\/mx\\\/contact\\\/#breadcrumblist\",\"itemListElement\":[{\"@type\":\"ListItem\",\"@id\":\"https:\\\/\\\/monatglobal.com\\\/mx#listItem\",\"position\":1,\"name\":\"Home\",\"item\":\"https:\\\/\\\/monatglobal.com\\\/mx\",\"nextItem\":{\"@type\":\"ListItem\",\"@id\":\"https:\\\/\\\/monatglobal.com\\\/mx\\\/contact\\\/#listItem\",\"name\":\"Contacto\"}},{\"@type\":\"ListItem\",\"@id\":\"https:\\\/\\\/monatglobal.com\\\/mx\\\/contact\\\/#listItem\",\"position\":2,\"name\":\"Contacto\",\"previousItem\":{\"@type\":\"ListItem\",\"@id\":\"https:\\\/\\\/monatglobal.com\\\/mx#listItem\",\"name\":\"Home\"}}]},{\"@type\":\"Organization\",\"@id\":\"https:\\\/\\\/monatglobal.com\\\/mx\\\/#organization\",\"name\":\"MONAT GLOBAL\",\"description\":\"We Are Modern Nature\\u00ae\",\"url\":\"https:\\\/\\\/monatglobal.com\\\/mx\\\/\",\"sameAs\":[\"https:\\\/\\\/www.facebook.com\\\/monatofficial\",\"https:\\\/\\\/www.instagram.com\\\/monatofficial\\\/\"]},{\"@type\":\"WebPage\",\"@id\":\"https:\\\/\\\/monatglobal.com\\\/mx\\\/contact\\\/#webpage\",\"url\":\"https:\\\/\\\/monatglobal.com\\\/mx\\\/contact\\\/\",\"name\":\"Contacto - MONAT Mexico\",\"description\":\"Nota importante: Para tu protecci\\u00f3n, nunca env\\u00edes informaci\\u00f3n confidencial o sobre tarjetas de cr\\u00e9dito por correo electr\\u00f3nico o por el chat. Cont\\u00e1ctanos Por correo electr\\u00f3nico servicioalclienteMX@monatglobal.com \\u2197 Preguntas sobre cuentas, devoluciones y apoyo en general gratitude@monatglobal.com\\u2197 Preguntas sobre nuestra Fundaci\\u00f3n MONAT Gratitude recognition@monatglobal.com \\u2197 Preguntas sobre nuestro programa de Reconocimiento Por tel\\u00e9fono 800-872-1845 Atenci\\u00f3n a\",\"inLanguage\":\"en-US\",\"isPartOf\":{\"@id\":\"https:\\\/\\\/monatglobal.com\\\/mx\\\/#website\"},\"breadcrumb\":{\"@id\":\"https:\\\/\\\/monatglobal.com\\\/mx\\\/contact\\\/#breadcrumblist\"},\"image\":{\"@type\":\"ImageObject\",\"url\":\"https:\\\/\\\/monatglobal.com\\\/mx\\\/wp-content\\\/uploads\\\/sites\\\/30\\\/2025\\\/09\\\/MONAT-Logos-grey-2_03.png\",\"@id\":\"https:\\\/\\\/monatglobal.com\\\/mx\\\/contact\\\/#mainImage\",\"width\":287,\"height\":231},\"primaryImageOfPage\":{\"@id\":\"https:\\\/\\\/monatglobal.com\\\/mx\\\/contact\\\/#mainImage\"},\"datePublished\":\"2025-10-01T14:41:24+01:00\",\"dateModified\":\"2025-12-17T15:01:43+00:00\"},{\"@type\":\"WebSite\",\"@id\":\"https:\\\/\\\/monatglobal.com\\\/mx\\\/#website\",\"url\":\"https:\\\/\\\/monatglobal.com\\\/mx\\\/\",\"name\":\"MONAT GLOBAL\",\"description\":\"We Are Modern Nature\\u00ae\",\"inLanguage\":\"en-US\",\"publisher\":{\"@id\":\"https:\\\/\\\/monatglobal.com\\\/mx\\\/#organization\"}}]}\n\t\t<\/script>\n\t\t<!-- All in One SEO Pro -->\r\n\t\t<title>Contacto - MONAT Mexico<\/title>\n\n","aioseo_head_json":{"title":"Contacto - MONAT Mexico","description":"Nota importante: Para tu protecci\u00f3n, nunca env\u00edes informaci\u00f3n confidencial o sobre tarjetas de cr\u00e9dito por correo electr\u00f3nico o por el chat. Cont\u00e1ctanos Por correo electr\u00f3nico servicioalclienteMX@monatglobal.com \u2197 Preguntas sobre cuentas, devoluciones y apoyo en general gratitude@monatglobal.com\u2197 Preguntas sobre nuestra Fundaci\u00f3n MONAT Gratitude recognition@monatglobal.com \u2197 Preguntas sobre nuestro programa de Reconocimiento Por tel\u00e9fono 800-872-1845 Atenci\u00f3n a","canonical_url":"https:\/\/monatglobal.com\/mx\/contact\/","robots":"max-image-preview:large","keywords":"","webmasterTools":{"miscellaneous":""},"schema":{"@context":"https:\/\/schema.org","@graph":[{"@type":"BreadcrumbList","@id":"https:\/\/monatglobal.com\/mx\/contact\/#breadcrumblist","itemListElement":[{"@type":"ListItem","@id":"https:\/\/monatglobal.com\/mx#listItem","position":1,"name":"Home","item":"https:\/\/monatglobal.com\/mx","nextItem":{"@type":"ListItem","@id":"https:\/\/monatglobal.com\/mx\/contact\/#listItem","name":"Contacto"}},{"@type":"ListItem","@id":"https:\/\/monatglobal.com\/mx\/contact\/#listItem","position":2,"name":"Contacto","previousItem":{"@type":"ListItem","@id":"https:\/\/monatglobal.com\/mx#listItem","name":"Home"}}]},{"@type":"Organization","@id":"https:\/\/monatglobal.com\/mx\/#organization","name":"MONAT GLOBAL","description":"We Are Modern Nature\u00ae","url":"https:\/\/monatglobal.com\/mx\/","sameAs":["https:\/\/www.facebook.com\/monatofficial","https:\/\/www.instagram.com\/monatofficial\/"]},{"@type":"WebPage","@id":"https:\/\/monatglobal.com\/mx\/contact\/#webpage","url":"https:\/\/monatglobal.com\/mx\/contact\/","name":"Contacto - MONAT Mexico","description":"Nota importante: Para tu protecci\u00f3n, nunca env\u00edes informaci\u00f3n confidencial o sobre tarjetas de cr\u00e9dito por correo electr\u00f3nico o por el chat. Cont\u00e1ctanos Por correo electr\u00f3nico servicioalclienteMX@monatglobal.com \u2197 Preguntas sobre cuentas, devoluciones y apoyo en general gratitude@monatglobal.com\u2197 Preguntas sobre nuestra Fundaci\u00f3n MONAT Gratitude recognition@monatglobal.com \u2197 Preguntas sobre nuestro programa de Reconocimiento Por tel\u00e9fono 800-872-1845 Atenci\u00f3n a","inLanguage":"en-US","isPartOf":{"@id":"https:\/\/monatglobal.com\/mx\/#website"},"breadcrumb":{"@id":"https:\/\/monatglobal.com\/mx\/contact\/#breadcrumblist"},"image":{"@type":"ImageObject","url":"https:\/\/monatglobal.com\/mx\/wp-content\/uploads\/sites\/30\/2025\/09\/MONAT-Logos-grey-2_03.png","@id":"https:\/\/monatglobal.com\/mx\/contact\/#mainImage","width":287,"height":231},"primaryImageOfPage":{"@id":"https:\/\/monatglobal.com\/mx\/contact\/#mainImage"},"datePublished":"2025-10-01T14:41:24+01:00","dateModified":"2025-12-17T15:01:43+00:00"},{"@type":"WebSite","@id":"https:\/\/monatglobal.com\/mx\/#website","url":"https:\/\/monatglobal.com\/mx\/","name":"MONAT GLOBAL","description":"We Are Modern Nature\u00ae","inLanguage":"en-US","publisher":{"@id":"https:\/\/monatglobal.com\/mx\/#organization"}}]},"og:locale":"en_US","og:site_name":"MONAT Mexico - We Are Modern Nature\u00ae","og:type":"article","og:title":"Contacto - MONAT Mexico","og:description":"Nota importante: Para tu protecci\u00f3n, nunca env\u00edes informaci\u00f3n confidencial o sobre tarjetas de cr\u00e9dito por correo electr\u00f3nico o por el chat. Cont\u00e1ctanos Por correo electr\u00f3nico servicioalclienteMX@monatglobal.com \u2197 Preguntas sobre cuentas, devoluciones y apoyo en general gratitude@monatglobal.com\u2197 Preguntas sobre nuestra Fundaci\u00f3n MONAT Gratitude recognition@monatglobal.com \u2197 Preguntas sobre nuestro programa de Reconocimiento Por tel\u00e9fono 800-872-1845 Atenci\u00f3n a","og:url":"https:\/\/monatglobal.com\/mx\/contact\/","og:image":"https:\/\/monatglobal.com\/mx\/wp-content\/uploads\/sites\/30\/2025\/09\/MONAT-Logos-grey-2_03.png","og:image:secure_url":"https:\/\/monatglobal.com\/mx\/wp-content\/uploads\/sites\/30\/2025\/09\/MONAT-Logos-grey-2_03.png","og:image:width":287,"og:image:height":231,"article:published_time":"2025-10-01T13:41:24+00:00","article:modified_time":"2025-12-17T15:01:43+00:00","article:publisher":"https:\/\/www.facebook.com\/monatofficial","twitter:card":"summary","twitter:title":"Contacto - MONAT Mexico","twitter:description":"Nota importante: Para tu protecci\u00f3n, nunca env\u00edes informaci\u00f3n confidencial o sobre tarjetas de cr\u00e9dito por correo electr\u00f3nico o por el chat. Cont\u00e1ctanos Por correo electr\u00f3nico servicioalclienteMX@monatglobal.com \u2197 Preguntas sobre cuentas, devoluciones y apoyo en general gratitude@monatglobal.com\u2197 Preguntas sobre nuestra Fundaci\u00f3n MONAT Gratitude recognition@monatglobal.com \u2197 Preguntas sobre nuestro programa de Reconocimiento Por tel\u00e9fono 800-872-1845 Atenci\u00f3n a","twitter:image":"https:\/\/monatglobal.com\/mx\/wp-content\/uploads\/sites\/30\/2025\/09\/MONAT-Logos-grey-2_03.png"},"aioseo_meta_data":{"post_id":"108751","title":null,"description":null,"keywords":null,"keyphrases":null,"primary_term":null,"canonical_url":null,"og_title":null,"og_description":null,"og_object_type":"default","og_image_type":"default","og_image_url":null,"og_image_width":null,"og_image_height":null,"og_image_custom_url":null,"og_image_custom_fields":null,"og_video":null,"og_custom_url":null,"og_article_section":null,"og_article_tags":null,"twitter_use_og":false,"twitter_card":"default","twitter_image_type":"default","twitter_image_url":null,"twitter_image_custom_url":null,"twitter_image_custom_fields":null,"twitter_title":null,"twitter_description":null,"schema":{"blockGraphs":[],"customGraphs":[],"default":{"data":{"Article":[],"Course":[],"Dataset":[],"FAQPage":[],"Movie":[],"Person":[],"Product":[],"ProductReview":[],"Car":[],"Recipe":[],"Service":[],"SoftwareApplication":[],"WebPage":[]},"graphName":"","isEnabled":true},"graphs":[]},"schema_type":"default","schema_type_options":null,"pillar_content":false,"robots_default":true,"robots_noindex":false,"robots_noarchive":false,"robots_nosnippet":false,"robots_nofollow":false,"robots_noimageindex":false,"robots_noodp":false,"robots_notranslate":false,"robots_max_snippet":null,"robots_max_videopreview":null,"robots_max_imagepreview":"large","priority":null,"frequency":null,"local_seo":null,"seo_analyzer_scan_date":"2026-02-10 18:43:42","breadcrumb_settings":null,"limit_modified_date":false,"reviewed_by":null,"open_ai":null,"ai":null,"created":"2026-02-10 18:40:15","updated":"2026-02-10 19:01:48"},"aioseo_breadcrumb":"<div class=\"aioseo-breadcrumbs\"><span class=\"aioseo-breadcrumb\">\n\t<a href=\"https:\/\/monatglobal.com\/mx\" title=\"Home\">Home<\/a>\n<\/span><span class=\"aioseo-breadcrumb-separator\">&raquo;<\/span><span class=\"aioseo-breadcrumb\">\n\tContacto\n<\/span><\/div>","aioseo_breadcrumb_json":[{"label":"Home","link":"https:\/\/monatglobal.com\/mx"},{"label":"Contacto","link":"https:\/\/monatglobal.com\/mx\/contact\/"}],"_links":{"self":[{"href":"https:\/\/monatglobal.com\/mx\/wp-json\/wp\/v2\/pages\/108751","targetHints":{"allow":["GET"]}}],"collection":[{"href":"https:\/\/monatglobal.com\/mx\/wp-json\/wp\/v2\/pages"}],"about":[{"href":"https:\/\/monatglobal.com\/mx\/wp-json\/wp\/v2\/types\/page"}],"author":[{"embeddable":true,"href":"https:\/\/monatglobal.com\/mx\/wp-json\/wp\/v2\/users\/33"}],"replies":[{"embeddable":true,"href":"https:\/\/monatglobal.com\/mx\/wp-json\/wp\/v2\/comments?post=108751"}],"version-history":[{"count":4,"href":"https:\/\/monatglobal.com\/mx\/wp-json\/wp\/v2\/pages\/108751\/revisions"}],"predecessor-version":[{"id":108939,"href":"https:\/\/monatglobal.com\/mx\/wp-json\/wp\/v2\/pages\/108751\/revisions\/108939"}],"wp:featuredmedia":[{"embeddable":true,"href":"https:\/\/monatglobal.com\/mx\/wp-json\/wp\/v2\/media\/108729"}],"wp:attachment":[{"href":"https:\/\/monatglobal.com\/mx\/wp-json\/wp\/v2\/media?parent=108751"}],"wp:term":[{"taxonomy":"category","embeddable":true,"href":"https:\/\/monatglobal.com\/mx\/wp-json\/wp\/v2\/categories?post=108751"},{"taxonomy":"post_tag","embeddable":true,"href":"https:\/\/monatglobal.com\/mx\/wp-json\/wp\/v2\/tags?post=108751"}],"curies":[{"name":"wp","href":"https:\/\/api.w.org\/{rel}","templated":true}]}}