{"id":108723,"date":"2025-09-25T17:32:19","date_gmt":"2025-09-25T16:32:19","guid":{"rendered":"https:\/\/monatglobal.com\/mx\/?page_id=108723"},"modified":"2025-10-01T14:38:06","modified_gmt":"2025-10-01T13:38:06","slug":"the-science-of-monat","status":"publish","type":"page","link":"https:\/\/monatglobal.com\/mx\/the-science-of-monat\/","title":{"rendered":"Science of Monat"},"content":{"rendered":"\n<h1>La ciencia <br>de MONAT<\/h1>\n        <h2>Los ingredientes usados en los productos MONAT son naturales, seguros y puros. Dado que otras marcas reconocen el poder de los aceites bot\u00e1nicos, \u00bfen qu\u00e9 se diferencia&nbsp;MONAT?<\/h2>\n        <p>La respuesta est\u00e1 en nuestras f\u00f3rmulas exclusivas que hacen que estos ingredientes naturales trabajen en armon\u00eda unos con otros, combin\u00e1ndose y actuando para potenciar sus propiedades naturales y as\u00ed lograr que los productos MONAT alcancen un nivel superior. Aqu\u00ed te contamos un poco sobre la ciencia que hay detr\u00e1s de&nbsp;MONAT.<\/p>\n              <p>Oil Intensive <br>REJUVENIQE\u2122<\/p>\n              <p>Una mezcla de m\u00e1s de 13 aceites esenciales y vegetales naturales ricos en \u00e1cidos grasos omega, antioxidantes y nutrientes altamente compatibles con la piel y el&nbsp;cabello.<\/p>\n              <p>CAPIXYL\u2122<\/p>\n              <p>Un exclusivo complejo activo que ayuda a fortalecer y a engrosar el cabello al tiempo que promueve el crecimiento&nbsp;natural.<\/p>\n              <p>PROCATALINE\u2122<\/p>\n              <p>Con extracto de guisante, esta mezcla de alta tecnolog\u00eda promueve un cabello saludable y de aspecto m\u00e1s juvenil, protegi\u00e9ndolo de los factores&nbsp;ambientales.<\/p>\n             <img decoding=\"async\" src=\"https:\/\/monatglobal.com\/mx\/wp-content\/uploads\/sites\/30\/2025\/08\/MONAT-promise-icons.svg\">\n              <p>CRODASORB\u2122<\/p>\n              <p>Un poderoso ingrediente que ayuda a conservar la pigmentaci\u00f3n natural del cabello manteniendo cada hebra fuerte y&nbsp;protegida.<\/p>\n            <p>SOMOS MONAT<\/p>\n            <h2>Comprometidos con la calidad y la&nbsp;seguridad<\/h2>\n            <p>En MONAT, usamos ingredientes y materiales seguros y efectivos que combinan lo mejor de la ciencia y la naturaleza. Nuestros ingredientes de base natural son probados y formulados pensando en tu&nbsp;seguridad.<\/p>\n            <p>\u00a1S\u00ed!Solo utilizamos ingredientes seguros y cl\u00ednicamente&nbsp;probados.<\/p>\n            <p>Todas las formulaciones de MONAT est\u00e1n probadas cl\u00ednicamente por laboratorios independientes para asegurar que no producen irritaci\u00f3n. Formulamos nuestros productos para cumplir con los est\u00e1ndares m\u00e1s exigentes en los EE.UU., Canad\u00e1 y&nbsp;Europa.<\/p>\n            <p>Cuando se trata de la seguridad de nuestros productos, mantenemos el compromiso inquebrantable de utilizar \u00fanicamente ingredientes considerados seguros para su uso de acuerdo a terceros confiables, como el Panel de Expertos de Revisi\u00f3n de Ingredientes Cosm\u00e9ticos (CIR) en los Estados Unidos y el Comit\u00e9 Cient\u00edfico de Seguridad del Consumidor (SCCS) en&nbsp;Europa.<\/p>\n            <p>Adem\u00e1s, todas las f\u00f3rmulas de MONAT utilizan ingredientes que cumplen con los requisitos de la FDA, Health Canada y las normas m\u00e1s estrictas de la Comisi\u00f3n Europea, que los consideran &#8220;seguros para el fin cosm\u00e9tico al que est\u00e1n&nbsp;destinados.&#8221;<\/p>\n            <p>\u00a1S\u00ed!Utilizamos colorantes&nbsp;seguros<\/p>\n            <p>Usamos colorantes seguros aprobados por la FDA, Health Canada y la Comisi\u00f3n Europea en la Uni\u00f3n&nbsp;Europea.<\/p>\n            <p>\u00a1S\u00ed!Usamos fragancias&nbsp;seguras.<\/p>\n            <p>Solo usamos fragancias con ingredientes aprobados como seguros por el Instituto de Investigaci\u00f3n para los Materiales de Fragancias (RIFM, por sus siglas en ingl\u00e9s) y la Asociaci\u00f3n de Fragancias Internacional (IFRA, por sus siglas en&nbsp;ingl\u00e9s).<\/p>\n            <p>El RIFM y la IFRA son las autoridades cient\u00edficas para el uso seguro de las fragancias y materiales con fragancias que se encuentran en los productos de cuidado personal en todo el&nbsp;mundo.<\/p>\n            <p>\u00a1S\u00ed! Con componentes veganos y sin crueldad&nbsp;animal.<\/p>\n            <p>No usamos ning\u00fan ingrediente derivado de animales o subproductos de origen animal. Nuestros productos no son probados en&nbsp;animales.<\/p>\n            <p>\u00a1S\u00ed!Somos:<\/p>\n<img decoding=\"async\" src=\"https:\/\/monatglobal.com\/wp-content\/uploads\/2023\/07\/PROMISE-ICON.svg\">\n    <h2>\u00a1S\u00ed! <br>We Are Modern Nature<sup>\u00ae<\/sup><\/h2>\n","protected":false},"excerpt":{"rendered":"<p>La ciencia de MONAT Los ingredientes usados en los productos MONAT son naturales, seguros y puros. Dado que otras marcas reconocen el poder de los aceites bot\u00e1nicos, \u00bfen qu\u00e9 se diferencia&nbsp;MONAT? La respuesta est\u00e1 en nuestras f\u00f3rmulas exclusivas que hacen que estos ingredientes naturales trabajen en armon\u00eda unos con otros, combin\u00e1ndose y actuando para potenciar&hellip;<\/p>\n","protected":false},"author":31,"featured_media":108724,"parent":0,"menu_order":0,"comment_status":"closed","ping_status":"closed","template":"","meta":{"inline_featured_image":false,"footnotes":""},"categories":[],"tags":[],"class_list":["post-108723","page","type-page","status-publish","has-post-thumbnail","hentry"],"aioseo_notices":[],"aioseo_head":"\n\t\t<!-- All in One SEO Pro 4.9.5.2 - aioseo.com -->\n\t<meta name=\"description\" content=\"La ciencia de MONAT Los ingredientes usados en los productos MONAT son naturales, seguros y puros. Dado que otras marcas reconocen el poder de los aceites bot\u00e1nicos, \u00bfen qu\u00e9 se diferencia MONAT? La respuesta est\u00e1 en nuestras f\u00f3rmulas exclusivas que hacen que estos ingredientes naturales trabajen en armon\u00eda unos con otros, combin\u00e1ndose y actuando para potenciar\" \/>\n\t<meta name=\"robots\" content=\"max-image-preview:large\" \/>\n\t<link rel=\"canonical\" href=\"https:\/\/monatglobal.com\/mx\/the-science-of-monat\/\" \/>\n\t<meta name=\"generator\" content=\"All in One SEO Pro (AIOSEO) 4.9.5.2\" \/>\n\t\t<meta property=\"og:locale\" content=\"en_US\" \/>\n\t\t<meta property=\"og:site_name\" content=\"MONAT Mexico - We Are Modern Nature\u00ae\" \/>\n\t\t<meta property=\"og:type\" content=\"article\" \/>\n\t\t<meta property=\"og:title\" content=\"Science of Monat - MONAT Mexico\" \/>\n\t\t<meta property=\"og:description\" content=\"La ciencia de MONAT Los ingredientes usados en los productos MONAT son naturales, seguros y puros. Dado que otras marcas reconocen el poder de los aceites bot\u00e1nicos, \u00bfen qu\u00e9 se diferencia MONAT? La respuesta est\u00e1 en nuestras f\u00f3rmulas exclusivas que hacen que estos ingredientes naturales trabajen en armon\u00eda unos con otros, combin\u00e1ndose y actuando para potenciar\" \/>\n\t\t<meta property=\"og:url\" content=\"https:\/\/monatglobal.com\/mx\/the-science-of-monat\/\" \/>\n\t\t<meta property=\"og:image\" content=\"https:\/\/monatglobal.com\/mx\/wp-content\/uploads\/sites\/30\/2025\/09\/the-science-of-monat-1024x536-1.jpg\" \/>\n\t\t<meta property=\"og:image:secure_url\" content=\"https:\/\/monatglobal.com\/mx\/wp-content\/uploads\/sites\/30\/2025\/09\/the-science-of-monat-1024x536-1.jpg\" \/>\n\t\t<meta property=\"og:image:width\" content=\"1024\" \/>\n\t\t<meta property=\"og:image:height\" content=\"536\" \/>\n\t\t<meta property=\"article:published_time\" content=\"2025-09-25T16:32:19+00:00\" \/>\n\t\t<meta property=\"article:modified_time\" content=\"2025-10-01T13:38:06+00:00\" \/>\n\t\t<meta property=\"article:publisher\" content=\"https:\/\/www.facebook.com\/monatofficial\" \/>\n\t\t<meta name=\"twitter:card\" content=\"summary\" \/>\n\t\t<meta name=\"twitter:title\" content=\"Science of Monat - MONAT Mexico\" \/>\n\t\t<meta name=\"twitter:description\" content=\"La ciencia de MONAT Los ingredientes usados en los productos MONAT son naturales, seguros y puros. Dado que otras marcas reconocen el poder de los aceites bot\u00e1nicos, \u00bfen qu\u00e9 se diferencia MONAT? La respuesta est\u00e1 en nuestras f\u00f3rmulas exclusivas que hacen que estos ingredientes naturales trabajen en armon\u00eda unos con otros, combin\u00e1ndose y actuando para potenciar\" \/>\n\t\t<meta name=\"twitter:image\" content=\"https:\/\/monatglobal.com\/mx\/wp-content\/uploads\/sites\/30\/2025\/09\/the-science-of-monat-1024x536-1.jpg\" \/>\n\t\t<script type=\"application\/ld+json\" class=\"aioseo-schema\">\n\t\t\t{\"@context\":\"https:\\\/\\\/schema.org\",\"@graph\":[{\"@type\":\"BreadcrumbList\",\"@id\":\"https:\\\/\\\/monatglobal.com\\\/mx\\\/the-science-of-monat\\\/#breadcrumblist\",\"itemListElement\":[{\"@type\":\"ListItem\",\"@id\":\"https:\\\/\\\/monatglobal.com\\\/mx#listItem\",\"position\":1,\"name\":\"Home\",\"item\":\"https:\\\/\\\/monatglobal.com\\\/mx\",\"nextItem\":{\"@type\":\"ListItem\",\"@id\":\"https:\\\/\\\/monatglobal.com\\\/mx\\\/the-science-of-monat\\\/#listItem\",\"name\":\"Science of Monat\"}},{\"@type\":\"ListItem\",\"@id\":\"https:\\\/\\\/monatglobal.com\\\/mx\\\/the-science-of-monat\\\/#listItem\",\"position\":2,\"name\":\"Science of Monat\",\"previousItem\":{\"@type\":\"ListItem\",\"@id\":\"https:\\\/\\\/monatglobal.com\\\/mx#listItem\",\"name\":\"Home\"}}]},{\"@type\":\"Organization\",\"@id\":\"https:\\\/\\\/monatglobal.com\\\/mx\\\/#organization\",\"name\":\"MONAT GLOBAL\",\"description\":\"We Are Modern Nature\\u00ae\",\"url\":\"https:\\\/\\\/monatglobal.com\\\/mx\\\/\",\"sameAs\":[\"https:\\\/\\\/www.facebook.com\\\/monatofficial\",\"https:\\\/\\\/www.instagram.com\\\/monatofficial\\\/\"]},{\"@type\":\"WebPage\",\"@id\":\"https:\\\/\\\/monatglobal.com\\\/mx\\\/the-science-of-monat\\\/#webpage\",\"url\":\"https:\\\/\\\/monatglobal.com\\\/mx\\\/the-science-of-monat\\\/\",\"name\":\"Science of Monat - MONAT Mexico\",\"description\":\"La ciencia de MONAT Los ingredientes usados en los productos MONAT son naturales, seguros y puros. Dado que otras marcas reconocen el poder de los aceites bot\\u00e1nicos, \\u00bfen qu\\u00e9 se diferencia MONAT? La respuesta est\\u00e1 en nuestras f\\u00f3rmulas exclusivas que hacen que estos ingredientes naturales trabajen en armon\\u00eda unos con otros, combin\\u00e1ndose y actuando para potenciar\",\"inLanguage\":\"en-US\",\"isPartOf\":{\"@id\":\"https:\\\/\\\/monatglobal.com\\\/mx\\\/#website\"},\"breadcrumb\":{\"@id\":\"https:\\\/\\\/monatglobal.com\\\/mx\\\/the-science-of-monat\\\/#breadcrumblist\"},\"image\":{\"@type\":\"ImageObject\",\"url\":\"https:\\\/\\\/monatglobal.com\\\/mx\\\/wp-content\\\/uploads\\\/sites\\\/30\\\/2025\\\/09\\\/the-science-of-monat-1024x536-1.jpg\",\"@id\":\"https:\\\/\\\/monatglobal.com\\\/mx\\\/the-science-of-monat\\\/#mainImage\",\"width\":1024,\"height\":536},\"primaryImageOfPage\":{\"@id\":\"https:\\\/\\\/monatglobal.com\\\/mx\\\/the-science-of-monat\\\/#mainImage\"},\"datePublished\":\"2025-09-25T17:32:19+01:00\",\"dateModified\":\"2025-10-01T14:38:06+01:00\"},{\"@type\":\"WebSite\",\"@id\":\"https:\\\/\\\/monatglobal.com\\\/mx\\\/#website\",\"url\":\"https:\\\/\\\/monatglobal.com\\\/mx\\\/\",\"name\":\"MONAT GLOBAL\",\"description\":\"We Are Modern Nature\\u00ae\",\"inLanguage\":\"en-US\",\"publisher\":{\"@id\":\"https:\\\/\\\/monatglobal.com\\\/mx\\\/#organization\"}}]}\n\t\t<\/script>\n\t\t<!-- All in One SEO Pro -->\r\n\t\t<title>Science of Monat - MONAT Mexico<\/title>\n\n","aioseo_head_json":{"title":"Science of Monat - MONAT Mexico","description":"La ciencia de MONAT Los ingredientes usados en los productos MONAT son naturales, seguros y puros. Dado que otras marcas reconocen el poder de los aceites bot\u00e1nicos, \u00bfen qu\u00e9 se diferencia MONAT? La respuesta est\u00e1 en nuestras f\u00f3rmulas exclusivas que hacen que estos ingredientes naturales trabajen en armon\u00eda unos con otros, combin\u00e1ndose y actuando para potenciar","canonical_url":"https:\/\/monatglobal.com\/mx\/the-science-of-monat\/","robots":"max-image-preview:large","keywords":"","webmasterTools":{"miscellaneous":""},"schema":{"@context":"https:\/\/schema.org","@graph":[{"@type":"BreadcrumbList","@id":"https:\/\/monatglobal.com\/mx\/the-science-of-monat\/#breadcrumblist","itemListElement":[{"@type":"ListItem","@id":"https:\/\/monatglobal.com\/mx#listItem","position":1,"name":"Home","item":"https:\/\/monatglobal.com\/mx","nextItem":{"@type":"ListItem","@id":"https:\/\/monatglobal.com\/mx\/the-science-of-monat\/#listItem","name":"Science of Monat"}},{"@type":"ListItem","@id":"https:\/\/monatglobal.com\/mx\/the-science-of-monat\/#listItem","position":2,"name":"Science of Monat","previousItem":{"@type":"ListItem","@id":"https:\/\/monatglobal.com\/mx#listItem","name":"Home"}}]},{"@type":"Organization","@id":"https:\/\/monatglobal.com\/mx\/#organization","name":"MONAT GLOBAL","description":"We Are Modern Nature\u00ae","url":"https:\/\/monatglobal.com\/mx\/","sameAs":["https:\/\/www.facebook.com\/monatofficial","https:\/\/www.instagram.com\/monatofficial\/"]},{"@type":"WebPage","@id":"https:\/\/monatglobal.com\/mx\/the-science-of-monat\/#webpage","url":"https:\/\/monatglobal.com\/mx\/the-science-of-monat\/","name":"Science of Monat - MONAT Mexico","description":"La ciencia de MONAT Los ingredientes usados en los productos MONAT son naturales, seguros y puros. Dado que otras marcas reconocen el poder de los aceites bot\u00e1nicos, \u00bfen qu\u00e9 se diferencia MONAT? La respuesta est\u00e1 en nuestras f\u00f3rmulas exclusivas que hacen que estos ingredientes naturales trabajen en armon\u00eda unos con otros, combin\u00e1ndose y actuando para potenciar","inLanguage":"en-US","isPartOf":{"@id":"https:\/\/monatglobal.com\/mx\/#website"},"breadcrumb":{"@id":"https:\/\/monatglobal.com\/mx\/the-science-of-monat\/#breadcrumblist"},"image":{"@type":"ImageObject","url":"https:\/\/monatglobal.com\/mx\/wp-content\/uploads\/sites\/30\/2025\/09\/the-science-of-monat-1024x536-1.jpg","@id":"https:\/\/monatglobal.com\/mx\/the-science-of-monat\/#mainImage","width":1024,"height":536},"primaryImageOfPage":{"@id":"https:\/\/monatglobal.com\/mx\/the-science-of-monat\/#mainImage"},"datePublished":"2025-09-25T17:32:19+01:00","dateModified":"2025-10-01T14:38:06+01:00"},{"@type":"WebSite","@id":"https:\/\/monatglobal.com\/mx\/#website","url":"https:\/\/monatglobal.com\/mx\/","name":"MONAT GLOBAL","description":"We Are Modern Nature\u00ae","inLanguage":"en-US","publisher":{"@id":"https:\/\/monatglobal.com\/mx\/#organization"}}]},"og:locale":"en_US","og:site_name":"MONAT Mexico - We Are Modern Nature\u00ae","og:type":"article","og:title":"Science of Monat - MONAT Mexico","og:description":"La ciencia de MONAT Los ingredientes usados en los productos MONAT son naturales, seguros y puros. Dado que otras marcas reconocen el poder de los aceites bot\u00e1nicos, \u00bfen qu\u00e9 se diferencia MONAT? La respuesta est\u00e1 en nuestras f\u00f3rmulas exclusivas que hacen que estos ingredientes naturales trabajen en armon\u00eda unos con otros, combin\u00e1ndose y actuando para potenciar","og:url":"https:\/\/monatglobal.com\/mx\/the-science-of-monat\/","og:image":"https:\/\/monatglobal.com\/mx\/wp-content\/uploads\/sites\/30\/2025\/09\/the-science-of-monat-1024x536-1.jpg","og:image:secure_url":"https:\/\/monatglobal.com\/mx\/wp-content\/uploads\/sites\/30\/2025\/09\/the-science-of-monat-1024x536-1.jpg","og:image:width":1024,"og:image:height":536,"article:published_time":"2025-09-25T16:32:19+00:00","article:modified_time":"2025-10-01T13:38:06+00:00","article:publisher":"https:\/\/www.facebook.com\/monatofficial","twitter:card":"summary","twitter:title":"Science of Monat - MONAT Mexico","twitter:description":"La ciencia de MONAT Los ingredientes usados en los productos MONAT son naturales, seguros y puros. Dado que otras marcas reconocen el poder de los aceites bot\u00e1nicos, \u00bfen qu\u00e9 se diferencia MONAT? La respuesta est\u00e1 en nuestras f\u00f3rmulas exclusivas que hacen que estos ingredientes naturales trabajen en armon\u00eda unos con otros, combin\u00e1ndose y actuando para potenciar","twitter:image":"https:\/\/monatglobal.com\/mx\/wp-content\/uploads\/sites\/30\/2025\/09\/the-science-of-monat-1024x536-1.jpg"},"aioseo_meta_data":{"post_id":"108723","title":null,"description":null,"keywords":null,"keyphrases":null,"primary_term":null,"canonical_url":null,"og_title":null,"og_description":null,"og_object_type":"default","og_image_type":"default","og_image_url":null,"og_image_width":null,"og_image_height":null,"og_image_custom_url":null,"og_image_custom_fields":null,"og_video":null,"og_custom_url":null,"og_article_section":null,"og_article_tags":null,"twitter_use_og":false,"twitter_card":"default","twitter_image_type":"default","twitter_image_url":null,"twitter_image_custom_url":null,"twitter_image_custom_fields":null,"twitter_title":null,"twitter_description":null,"schema":{"blockGraphs":[],"customGraphs":[],"default":{"data":{"Article":[],"Course":[],"Dataset":[],"FAQPage":[],"Movie":[],"Person":[],"Product":[],"ProductReview":[],"Car":[],"Recipe":[],"Service":[],"SoftwareApplication":[],"WebPage":[]},"graphName":"","isEnabled":true},"graphs":[]},"schema_type":"default","schema_type_options":null,"pillar_content":false,"robots_default":true,"robots_noindex":false,"robots_noarchive":false,"robots_nosnippet":false,"robots_nofollow":false,"robots_noimageindex":false,"robots_noodp":false,"robots_notranslate":false,"robots_max_snippet":null,"robots_max_videopreview":null,"robots_max_imagepreview":"large","priority":null,"frequency":null,"local_seo":null,"seo_analyzer_scan_date":"2026-02-10 18:43:41","breadcrumb_settings":null,"limit_modified_date":false,"reviewed_by":null,"open_ai":null,"ai":null,"created":"2026-02-10 18:40:15","updated":"2026-02-10 19:01:48"},"aioseo_breadcrumb":"<div class=\"aioseo-breadcrumbs\"><span class=\"aioseo-breadcrumb\">\n\t<a href=\"https:\/\/monatglobal.com\/mx\" title=\"Home\">Home<\/a>\n<\/span><span class=\"aioseo-breadcrumb-separator\">&raquo;<\/span><span class=\"aioseo-breadcrumb\">\n\tScience of Monat\n<\/span><\/div>","aioseo_breadcrumb_json":[{"label":"Home","link":"https:\/\/monatglobal.com\/mx"},{"label":"Science of Monat","link":"https:\/\/monatglobal.com\/mx\/the-science-of-monat\/"}],"_links":{"self":[{"href":"https:\/\/monatglobal.com\/mx\/wp-json\/wp\/v2\/pages\/108723","targetHints":{"allow":["GET"]}}],"collection":[{"href":"https:\/\/monatglobal.com\/mx\/wp-json\/wp\/v2\/pages"}],"about":[{"href":"https:\/\/monatglobal.com\/mx\/wp-json\/wp\/v2\/types\/page"}],"author":[{"embeddable":true,"href":"https:\/\/monatglobal.com\/mx\/wp-json\/wp\/v2\/users\/31"}],"replies":[{"embeddable":true,"href":"https:\/\/monatglobal.com\/mx\/wp-json\/wp\/v2\/comments?post=108723"}],"version-history":[{"count":3,"href":"https:\/\/monatglobal.com\/mx\/wp-json\/wp\/v2\/pages\/108723\/revisions"}],"predecessor-version":[{"id":108749,"href":"https:\/\/monatglobal.com\/mx\/wp-json\/wp\/v2\/pages\/108723\/revisions\/108749"}],"wp:featuredmedia":[{"embeddable":true,"href":"https:\/\/monatglobal.com\/mx\/wp-json\/wp\/v2\/media\/108724"}],"wp:attachment":[{"href":"https:\/\/monatglobal.com\/mx\/wp-json\/wp\/v2\/media?parent=108723"}],"wp:term":[{"taxonomy":"category","embeddable":true,"href":"https:\/\/monatglobal.com\/mx\/wp-json\/wp\/v2\/categories?post=108723"},{"taxonomy":"post_tag","embeddable":true,"href":"https:\/\/monatglobal.com\/mx\/wp-json\/wp\/v2\/tags?post=108723"}],"curies":[{"name":"wp","href":"https:\/\/api.w.org\/{rel}","templated":true}]}}