{"id":108490,"date":"2025-08-04T19:08:43","date_gmt":"2025-08-04T18:08:43","guid":{"rendered":"https:\/\/monatglobal.com\/mx\/?page_id=108490"},"modified":"2025-11-03T13:43:40","modified_gmt":"2025-11-03T13:43:40","slug":"meet-monat","status":"publish","type":"page","link":"https:\/\/monatglobal.com\/mx\/meet-monat\/","title":{"rendered":"Conoce MONAT: Nuestra Historia, Productos y Oportunidad de Negocio | MONAT M\u00e9xico"},"content":{"rendered":"\n\n\t<section> \n            <img decoding=\"async\" src=\"https:\/\/monatglobal.com\/de\/wp-content\/uploads\/sites\/22\/2025\/02\/oil-drop-logo-w.png\" alt=\"Monat Logo\"\/> \n            <h1>\u00a1Conoce <br \/> MONAT, <br \/> en M\u00e9xico!<\/h1>\n            <p>\u00a1Es hora de celebrar la gran apertura de MONAT, M\u00e9xico!<\/p>\n            <a href=\"https:\/\/monatglobal.com\/mx\/meet-monat\/#meet\">MEET MONAT<\/a>  \n        <img decoding=\"async\" src=\"https:\/\/monatglobal.com\/mx\/wp-content\/uploads\/sites\/30\/2025\/10\/hero-banner-meet-mx-evenbrite-min-1.png\"\/>  \n<\/section>\n<section>\n        <!--<h2>\u00a1Conoce MONAT, <br \/> en M\u00e9xico!<\/h2>-->\n        <p>\u00a1MONAT llega a Guadalajara y Ciudad de M\u00e9xico!<\/p> \n        \u00a1Te invitamos a vivir una experiencia \u00fanica con MONAT! \ud83d\udcab\n        <br \/><br \/>\n        Este noviembre, acomp\u00e1\u00f1anos en nuestros eventos Conoce MONAT en Guadalajara y Ciudad de M\u00e9xico, donde podr\u00e1s descubrir todo lo que MONAT tiene para&nbsp;ti. \ud83c\udf0e\u2728 <br \/><br \/>\n        Conoce la marca que ha transformado el cabello -y la vida- de miles de personas alrededor del&nbsp;mundo. <br \/><br \/>\n        \ud83d\udcac Escucha historias reales, descubre c\u00f3mo iniciar tu propio negocio con MONAT y s\u00e9 parte de una comunidad que inspira independencia, belleza y&nbsp;prop\u00f3sito.\n    <h2>El costo de registro es de $10 USD <br \/> (Aproximadamente $185&nbsp;MXN)<\/h2>\n\t    \n\t\t    <source media=\"(max-width: 700px)\" srcset=\"https:\/\/monatglobal.com\/wp-content\/uploads\/2025\/08\/meet-photo-group-mobile-1.jpg\" loading=\"lazy\"\/>\n\t\t\t<img decoding=\"async\" alt=\"\" src=\"https:\/\/monatglobal.com\/wp-content\/uploads\/2025\/08\/meet-photo-group-1.jpg\" loading=\"lazy\"\/>\n\t    \n    <img decoding=\"async\" src=\"https:\/\/monatglobal.com\/wp-content\/uploads\/2025\/08\/meet-photo-group-1.jpg\" alt=\"\"\/>\n        <p>Todo lo recaudado se donar\u00e1 a una organizaci\u00f3n, con enfoque al apoyo a los ni\u00f1os en M\u00e9xico, por medio de nuestra Fundaci\u00f3n Gratitude.<\/p>\n        <!--\u00a1Acomp\u00e1\u00f1anos y descubre todo lo que MONAT tiene preparado para ti!-->\n        <!--<br \/><br \/>-->\n        <!--Aprende sobre los recursos disponibles para nuestros nuevos Market Partners en M\u00e9xico: Beneficios VIP, TikTok Shop M\u00e9xico, Leadership Circle, Fondo de Fundadores Visionarios, Motor Club&#8230; \u00a1y todo lo que est\u00e1 por venir! \ud83d\ude80\u2728-->\n<section id=\"meet\">\n    <h2>CONOCE MONAT<\/h2>\n                <p>CIUDAD DE M\u00c9XICO<\/p>\n                <p>S\u00e1bado, 15 de noviembre<\/p>\n                <p>Terraza Central Polanco Av. FC de Cuernavaca 214, Polanco, CDMX<\/p> \n                <p>11:00 a.m. &#8211; 1:30 p.m. CST<\/p>  \n                <a href=\"https:\/\/www.eventbrite.com\/e\/1824837099889?aff=oddtdtcreator\" target=\"_blank\" rel=\"noopener\">COMPRA TUS BOLETOS<\/a>\n                <p>GUADALAJARA<\/p>\n                <p>Lunes, 8 de diciembre<\/p>\n                <p>C. Pedro Loza 360, Centro Hist\u00f3rico, Guadalajara, Jalisco<\/p> \n                <p>6:00 p.m. &#8211; 8:30 p.m. CST<\/p>  \n                <a href=\"https:\/\/www.eventbrite.com\/e\/1824693339899?aff=oddtdtcreator\" target=\"_blank\" rel=\"noopener\">COMPRA TUS BOLETOS<\/a>\n<\/section>\n        <img decoding=\"async\" src=\"https:\/\/monatglobal.com\/wp-content\/uploads\/2025\/08\/palacio-mexico.jpg\" alt=\"\"\/>\n                <img decoding=\"async\" width=\"80\" src=\"https:\/\/monatglobal.com\/wp-content\/uploads\/2023\/08\/mexico-flag.jpg\" alt=\"Mexico flag\"\/>\n                <h2>\u00a1Nos vemos en&nbsp;M\u00e9xico!<\/h2>\n        <p>\u00a1Acomp\u00e1\u00f1anos y descubre todo lo que MONAT tiene preparado para ti!<\/p>\n        <p>Aprende sobre los recursos disponibles para nuestros nuevos Market Partners en M\u00e9xico: Beneficios VIP, TikTok Shop M\u00e9xico, Leadership Circle, Fondo de Fundadores Visionarios, Motor&nbsp;Club&#8230; \u00a1y todo lo que est\u00e1 por venir! \ud83d\ude80\u2728<\/p>\n    <!---->\n    <!-- -->\n    <!--    <img decoding=\"async\" id=\"rotate_img\" src=\"https:\/\/monatglobal.com\/wp-content\/uploads\/2025\/08\/woman-phone.png\" alt=\"MONATions 2025 ticket\" loading=\"lazy\"\/> -->\n    <!--     -->\n    <!--        <h2>\u00a1INSCR\u00cdBETE <br \/> AHORA Y DA EL <br \/> PRIMER PASO!<\/h2>-->\n    <!--        <a href=\"https:\/\/monatglobal.zoom.us\/webinar\/register\/WN_69gY4gsdRqG-XapqTMbu0w\">MEET MONAT<\/a>-->\n    <!--    -->\n    <!---->\n    <!--<p>S\u00e9 parte de esta expansi\u00f3n hist\u00f3rica. <br \/>MONAT M\u00e9xico est\u00e1 por comenzar... \u00bfser\u00e1s t\u00fa quien lidere el&nbsp;camino?<\/p>-->\n    <!---->\n    <!---->\n    <!--    -->\n    <!--        <h2>Todos los jueves de septiembre 2025<\/h2>-->\n    <!--        <p>Sesiones en ingl\u00e9s y espa\u00f1ol con interpretaci\u00f3n simult\u00e1nea v\u00eda Zoom AI<\/p>-->\n    <!--        <a href=\"https:\/\/monatglobal.zoom.us\/webinar\/register\/WN_69gY4gsdRqG-XapqTMbu0w\">MEET MONAT<\/a>-->\n    <!--    -->\n    <!--    -->\n    <!--        -->\n    <!--            <p>Cu\u00e1ndo<\/p>-->\n    <!--            -->\n    <!--                <p>4 de septiembre<\/p>-->\n    <!--                <p>11 de septiembre<\/p>-->\n    <!--                <p>18 de septiembre<\/p>-->\n    <!--                <p>25 de septiembre<\/p>-->\n    <!--            -->\n    <!--        -->\n    <!--        -->\n    <!--            <p>Hora<\/p>-->\n    <!--            <p>8 PM ET \/ 7 PM CT \/ <br \/> 6 PM MT \/ 5 PM PT<\/p>-->\n    <!--        -->\n    <!--        -->\n    <!--            <p>D\u00f3nde<\/p>-->\n    <!--            <p>En vivo por Zoom<\/p>-->\n    <!--        -->\n    <!--        -->\n    <!--            <p>Para qui\u00e9n<\/p>-->\n    <!--            <p>L\u00edderes que desean construir y crecer con MONAT en M\u00e9xico.<\/p>-->\n    <!--        -->\n    <!--    -->\n    <!---->\n    <!---->\n    <!--    <p>\u00bfQu\u00e9 puedes esperar? <\/p>-->\n    <!--    -->\n    <!--        <ul>-->\n    <!--            <li>Informaci\u00f3n clave sobre el lanzamiento de MONAT M\u00e9xico<\/li>-->\n    <!--            <li>Estrategias de crecimiento y motivaci\u00f3n de alto impacto<\/li>-->\n    <!--            <li>Respuestas en vivo a tus preguntas<\/li>-->\n    <!--        <\/ul>-->\n    <!--        <ul> -->\n    <!--            <li>C\u00f3mo usar el nuevo LinkTree y herramientas exclusivas<\/li> -->\n    <!--            <li>Actualizaciones semanales relevantes para quienes est\u00e1n listas para liderar<\/li>-->\n    <!--        <\/ul>-->\n    <!--    -->\n    <!---->\n<\/section>\n\n","protected":false},"excerpt":{"rendered":"<p>\u00a1Conoce MONAT, en M\u00e9xico! \u00a1Es hora de celebrar la gran apertura de MONAT, M\u00e9xico! MEET MONAT \u00a1MONAT llega a Guadalajara y Ciudad de M\u00e9xico! \u00a1Te invitamos a vivir una experiencia \u00fanica con MONAT! \ud83d\udcab Este noviembre, acomp\u00e1\u00f1anos en nuestros eventos Conoce MONAT en Guadalajara y Ciudad de M\u00e9xico, donde podr\u00e1s descubrir todo lo que MONAT&hellip;<\/p>\n","protected":false},"author":47,"featured_media":108594,"parent":0,"menu_order":0,"comment_status":"closed","ping_status":"closed","template":"","meta":{"inline_featured_image":false,"footnotes":""},"categories":[],"tags":[],"class_list":["post-108490","page","type-page","status-publish","has-post-thumbnail","hentry"],"aioseo_notices":[],"aioseo_head":"\n\t\t<!-- All in One SEO Pro 4.9.5.2 - aioseo.com -->\n\t<meta name=\"description\" content=\"Descubre MONAT M\u00e9xico. Conoce nuestra historia, la ciencia detr\u00e1s de nuestros productos para el cuidado capilar y la incre\u00edble oportunidad de negocio que ofrece la marca. \u00a1Bienvenido a la familia!\" \/>\n\t<meta name=\"robots\" content=\"max-image-preview:large\" \/>\n\t<link rel=\"canonical\" href=\"https:\/\/monatglobal.com\/mx\/meet-monat\/\" \/>\n\t<meta name=\"generator\" content=\"All in One SEO Pro (AIOSEO) 4.9.5.2\" \/>\n\t\t<meta property=\"og:locale\" content=\"en_US\" \/>\n\t\t<meta property=\"og:site_name\" content=\"MONAT Mexico - We Are Modern Nature\u00ae\" \/>\n\t\t<meta property=\"og:type\" content=\"article\" \/>\n\t\t<meta property=\"og:title\" content=\"Conoce MONAT: Nuestra Historia, Productos y Oportunidad de Negocio | MONAT M\u00e9xico\" \/>\n\t\t<meta property=\"og:description\" content=\"Descubre MONAT M\u00e9xico. Conoce nuestra historia, la ciencia detr\u00e1s de nuestros productos para el cuidado capilar y la incre\u00edble oportunidad de negocio que ofrece la marca. \u00a1Bienvenido a la familia!\" \/>\n\t\t<meta property=\"og:url\" content=\"https:\/\/monatglobal.com\/mx\/meet-monat\/\" \/>\n\t\t<meta property=\"og:image\" content=\"https:\/\/monatglobal.com\/mx\/wp-content\/uploads\/sites\/30\/2025\/08\/Eventos-Conoce-MONAT-min.jpg\" \/>\n\t\t<meta property=\"og:image:secure_url\" content=\"https:\/\/monatglobal.com\/mx\/wp-content\/uploads\/sites\/30\/2025\/08\/Eventos-Conoce-MONAT-min.jpg\" \/>\n\t\t<meta property=\"og:image:width\" content=\"1200\" \/>\n\t\t<meta property=\"og:image:height\" content=\"628\" \/>\n\t\t<meta property=\"article:published_time\" content=\"2025-08-04T18:08:43+00:00\" \/>\n\t\t<meta property=\"article:modified_time\" content=\"2025-11-03T13:43:40+00:00\" \/>\n\t\t<meta property=\"article:publisher\" content=\"https:\/\/www.facebook.com\/monatofficial\" \/>\n\t\t<meta name=\"twitter:card\" content=\"summary\" \/>\n\t\t<meta name=\"twitter:title\" content=\"Conoce MONAT: Nuestra Historia, Productos y Oportunidad de Negocio | MONAT M\u00e9xico\" \/>\n\t\t<meta name=\"twitter:description\" content=\"Descubre MONAT M\u00e9xico. Conoce nuestra historia, la ciencia detr\u00e1s de nuestros productos para el cuidado capilar y la incre\u00edble oportunidad de negocio que ofrece la marca. \u00a1Bienvenido a la familia!\" \/>\n\t\t<meta name=\"twitter:image\" content=\"https:\/\/monatglobal.com\/mx\/wp-content\/uploads\/sites\/30\/2025\/08\/Eventos-Conoce-MONAT-min.jpg\" \/>\n\t\t<script type=\"application\/ld+json\" class=\"aioseo-schema\">\n\t\t\t{\"@context\":\"https:\\\/\\\/schema.org\",\"@graph\":[{\"@type\":\"BreadcrumbList\",\"@id\":\"https:\\\/\\\/monatglobal.com\\\/mx\\\/meet-monat\\\/#breadcrumblist\",\"itemListElement\":[{\"@type\":\"ListItem\",\"@id\":\"https:\\\/\\\/monatglobal.com\\\/mx#listItem\",\"position\":1,\"name\":\"Home\",\"item\":\"https:\\\/\\\/monatglobal.com\\\/mx\",\"nextItem\":{\"@type\":\"ListItem\",\"@id\":\"https:\\\/\\\/monatglobal.com\\\/mx\\\/meet-monat\\\/#listItem\",\"name\":\"Conoce MONAT: Nuestra Historia, Productos y Oportunidad de Negocio | MONAT M\\u00e9xico\"}},{\"@type\":\"ListItem\",\"@id\":\"https:\\\/\\\/monatglobal.com\\\/mx\\\/meet-monat\\\/#listItem\",\"position\":2,\"name\":\"Conoce MONAT: Nuestra Historia, Productos y Oportunidad de Negocio | MONAT M\\u00e9xico\",\"previousItem\":{\"@type\":\"ListItem\",\"@id\":\"https:\\\/\\\/monatglobal.com\\\/mx#listItem\",\"name\":\"Home\"}}]},{\"@type\":\"Organization\",\"@id\":\"https:\\\/\\\/monatglobal.com\\\/mx\\\/#organization\",\"name\":\"MONAT GLOBAL\",\"description\":\"We Are Modern Nature\\u00ae\",\"url\":\"https:\\\/\\\/monatglobal.com\\\/mx\\\/\",\"sameAs\":[\"https:\\\/\\\/www.facebook.com\\\/monatofficial\",\"https:\\\/\\\/www.instagram.com\\\/monatofficial\\\/\"]},{\"@type\":\"WebPage\",\"@id\":\"https:\\\/\\\/monatglobal.com\\\/mx\\\/meet-monat\\\/#webpage\",\"url\":\"https:\\\/\\\/monatglobal.com\\\/mx\\\/meet-monat\\\/\",\"name\":\"Conoce MONAT: Nuestra Historia, Productos y Oportunidad de Negocio | MONAT M\\u00e9xico\",\"description\":\"Descubre MONAT M\\u00e9xico. Conoce nuestra historia, la ciencia detr\\u00e1s de nuestros productos para el cuidado capilar y la incre\\u00edble oportunidad de negocio que ofrece la marca. \\u00a1Bienvenido a la familia!\",\"inLanguage\":\"en-US\",\"isPartOf\":{\"@id\":\"https:\\\/\\\/monatglobal.com\\\/mx\\\/#website\"},\"breadcrumb\":{\"@id\":\"https:\\\/\\\/monatglobal.com\\\/mx\\\/meet-monat\\\/#breadcrumblist\"},\"image\":{\"@type\":\"ImageObject\",\"url\":\"https:\\\/\\\/monatglobal.com\\\/mx\\\/wp-content\\\/uploads\\\/sites\\\/30\\\/2025\\\/08\\\/Eventos-Conoce-MONAT-min.jpg\",\"@id\":\"https:\\\/\\\/monatglobal.com\\\/mx\\\/meet-monat\\\/#mainImage\",\"width\":1200,\"height\":628},\"primaryImageOfPage\":{\"@id\":\"https:\\\/\\\/monatglobal.com\\\/mx\\\/meet-monat\\\/#mainImage\"},\"datePublished\":\"2025-08-04T19:08:43+01:00\",\"dateModified\":\"2025-11-03T13:43:40+00:00\"},{\"@type\":\"WebSite\",\"@id\":\"https:\\\/\\\/monatglobal.com\\\/mx\\\/#website\",\"url\":\"https:\\\/\\\/monatglobal.com\\\/mx\\\/\",\"name\":\"MONAT GLOBAL\",\"description\":\"We Are Modern Nature\\u00ae\",\"inLanguage\":\"en-US\",\"publisher\":{\"@id\":\"https:\\\/\\\/monatglobal.com\\\/mx\\\/#organization\"}}]}\n\t\t<\/script>\n\t\t<!-- All in One SEO Pro -->\r\n\t\t<title>Conoce MONAT: Nuestra Historia, Productos y Oportunidad de Negocio | MONAT M\u00e9xico<\/title>\n\n","aioseo_head_json":{"title":"Conoce MONAT: Nuestra Historia, Productos y Oportunidad de Negocio | MONAT M\u00e9xico","description":"Descubre MONAT M\u00e9xico. Conoce nuestra historia, la ciencia detr\u00e1s de nuestros productos para el cuidado capilar y la incre\u00edble oportunidad de negocio que ofrece la marca. \u00a1Bienvenido a la familia!","canonical_url":"https:\/\/monatglobal.com\/mx\/meet-monat\/","robots":"max-image-preview:large","keywords":"","webmasterTools":{"miscellaneous":""},"schema":{"@context":"https:\/\/schema.org","@graph":[{"@type":"BreadcrumbList","@id":"https:\/\/monatglobal.com\/mx\/meet-monat\/#breadcrumblist","itemListElement":[{"@type":"ListItem","@id":"https:\/\/monatglobal.com\/mx#listItem","position":1,"name":"Home","item":"https:\/\/monatglobal.com\/mx","nextItem":{"@type":"ListItem","@id":"https:\/\/monatglobal.com\/mx\/meet-monat\/#listItem","name":"Conoce MONAT: Nuestra Historia, Productos y Oportunidad de Negocio | MONAT M\u00e9xico"}},{"@type":"ListItem","@id":"https:\/\/monatglobal.com\/mx\/meet-monat\/#listItem","position":2,"name":"Conoce MONAT: Nuestra Historia, Productos y Oportunidad de Negocio | MONAT M\u00e9xico","previousItem":{"@type":"ListItem","@id":"https:\/\/monatglobal.com\/mx#listItem","name":"Home"}}]},{"@type":"Organization","@id":"https:\/\/monatglobal.com\/mx\/#organization","name":"MONAT GLOBAL","description":"We Are Modern Nature\u00ae","url":"https:\/\/monatglobal.com\/mx\/","sameAs":["https:\/\/www.facebook.com\/monatofficial","https:\/\/www.instagram.com\/monatofficial\/"]},{"@type":"WebPage","@id":"https:\/\/monatglobal.com\/mx\/meet-monat\/#webpage","url":"https:\/\/monatglobal.com\/mx\/meet-monat\/","name":"Conoce MONAT: Nuestra Historia, Productos y Oportunidad de Negocio | MONAT M\u00e9xico","description":"Descubre MONAT M\u00e9xico. Conoce nuestra historia, la ciencia detr\u00e1s de nuestros productos para el cuidado capilar y la incre\u00edble oportunidad de negocio que ofrece la marca. \u00a1Bienvenido a la familia!","inLanguage":"en-US","isPartOf":{"@id":"https:\/\/monatglobal.com\/mx\/#website"},"breadcrumb":{"@id":"https:\/\/monatglobal.com\/mx\/meet-monat\/#breadcrumblist"},"image":{"@type":"ImageObject","url":"https:\/\/monatglobal.com\/mx\/wp-content\/uploads\/sites\/30\/2025\/08\/Eventos-Conoce-MONAT-min.jpg","@id":"https:\/\/monatglobal.com\/mx\/meet-monat\/#mainImage","width":1200,"height":628},"primaryImageOfPage":{"@id":"https:\/\/monatglobal.com\/mx\/meet-monat\/#mainImage"},"datePublished":"2025-08-04T19:08:43+01:00","dateModified":"2025-11-03T13:43:40+00:00"},{"@type":"WebSite","@id":"https:\/\/monatglobal.com\/mx\/#website","url":"https:\/\/monatglobal.com\/mx\/","name":"MONAT GLOBAL","description":"We Are Modern Nature\u00ae","inLanguage":"en-US","publisher":{"@id":"https:\/\/monatglobal.com\/mx\/#organization"}}]},"og:locale":"en_US","og:site_name":"MONAT Mexico - We Are Modern Nature\u00ae","og:type":"article","og:title":"Conoce MONAT: Nuestra Historia, Productos y Oportunidad de Negocio | MONAT M\u00e9xico","og:description":"Descubre MONAT M\u00e9xico. Conoce nuestra historia, la ciencia detr\u00e1s de nuestros productos para el cuidado capilar y la incre\u00edble oportunidad de negocio que ofrece la marca. \u00a1Bienvenido a la familia!","og:url":"https:\/\/monatglobal.com\/mx\/meet-monat\/","og:image":"https:\/\/monatglobal.com\/mx\/wp-content\/uploads\/sites\/30\/2025\/08\/Eventos-Conoce-MONAT-min.jpg","og:image:secure_url":"https:\/\/monatglobal.com\/mx\/wp-content\/uploads\/sites\/30\/2025\/08\/Eventos-Conoce-MONAT-min.jpg","og:image:width":1200,"og:image:height":628,"article:published_time":"2025-08-04T18:08:43+00:00","article:modified_time":"2025-11-03T13:43:40+00:00","article:publisher":"https:\/\/www.facebook.com\/monatofficial","twitter:card":"summary","twitter:title":"Conoce MONAT: Nuestra Historia, Productos y Oportunidad de Negocio | MONAT M\u00e9xico","twitter:description":"Descubre MONAT M\u00e9xico. Conoce nuestra historia, la ciencia detr\u00e1s de nuestros productos para el cuidado capilar y la incre\u00edble oportunidad de negocio que ofrece la marca. \u00a1Bienvenido a la familia!","twitter:image":"https:\/\/monatglobal.com\/mx\/wp-content\/uploads\/sites\/30\/2025\/08\/Eventos-Conoce-MONAT-min.jpg"},"aioseo_meta_data":{"post_id":"108490","title":"Conoce MONAT: Nuestra Historia, Productos y Oportunidad de Negocio | MONAT M\u00e9xico","description":"Descubre MONAT M\u00e9xico. Conoce nuestra historia, la ciencia detr\u00e1s de nuestros productos para el cuidado capilar y la incre\u00edble oportunidad de negocio que ofrece la marca. \u00a1Bienvenido a la familia!","keywords":null,"keyphrases":{"focus":{"keyphrase":"","score":0,"analysis":{"keyphraseInTitle":{"score":0,"maxScore":9,"error":1}}},"additional":[]},"primary_term":null,"canonical_url":null,"og_title":null,"og_description":null,"og_object_type":"default","og_image_type":"default","og_image_url":null,"og_image_width":null,"og_image_height":null,"og_image_custom_url":null,"og_image_custom_fields":null,"og_video":"","og_custom_url":null,"og_article_section":null,"og_article_tags":null,"twitter_use_og":false,"twitter_card":"default","twitter_image_type":"default","twitter_image_url":null,"twitter_image_custom_url":null,"twitter_image_custom_fields":null,"twitter_title":null,"twitter_description":null,"schema":{"blockGraphs":[],"customGraphs":[],"default":{"data":{"Article":[],"Course":[],"Dataset":[],"FAQPage":[],"Movie":[],"Person":[],"Product":[],"ProductReview":[],"Car":[],"Recipe":[],"Service":[],"SoftwareApplication":[],"WebPage":[]},"graphName":"WebPage","isEnabled":true},"graphs":[]},"schema_type":"default","schema_type_options":null,"pillar_content":false,"robots_default":true,"robots_noindex":false,"robots_noarchive":false,"robots_nosnippet":false,"robots_nofollow":false,"robots_noimageindex":false,"robots_noodp":false,"robots_notranslate":false,"robots_max_snippet":"-1","robots_max_videopreview":"-1","robots_max_imagepreview":"large","priority":null,"frequency":"default","local_seo":null,"seo_analyzer_scan_date":"2025-08-21 23:29:49","breadcrumb_settings":null,"limit_modified_date":false,"reviewed_by":"0","open_ai":null,"ai":{"faqs":[],"keyPoints":[],"titles":[],"descriptions":[],"socialPosts":{"email":[],"linkedin":[],"twitter":[],"facebook":[],"instagram":[]}},"created":"2025-08-04 18:08:43","updated":"2026-02-10 19:00:53"},"aioseo_breadcrumb":"<div class=\"aioseo-breadcrumbs\"><span class=\"aioseo-breadcrumb\">\n\t<a href=\"https:\/\/monatglobal.com\/mx\" title=\"Home\">Home<\/a>\n<\/span><span class=\"aioseo-breadcrumb-separator\">&raquo;<\/span><span class=\"aioseo-breadcrumb\">\n\tConoce MONAT: Nuestra Historia, Productos y Oportunidad de Negocio | MONAT M\u00e9xico\n<\/span><\/div>","aioseo_breadcrumb_json":[{"label":"Home","link":"https:\/\/monatglobal.com\/mx"},{"label":"Conoce MONAT: Nuestra Historia, Productos y Oportunidad de Negocio | MONAT M\u00e9xico","link":"https:\/\/monatglobal.com\/mx\/meet-monat\/"}],"_links":{"self":[{"href":"https:\/\/monatglobal.com\/mx\/wp-json\/wp\/v2\/pages\/108490","targetHints":{"allow":["GET"]}}],"collection":[{"href":"https:\/\/monatglobal.com\/mx\/wp-json\/wp\/v2\/pages"}],"about":[{"href":"https:\/\/monatglobal.com\/mx\/wp-json\/wp\/v2\/types\/page"}],"author":[{"embeddable":true,"href":"https:\/\/monatglobal.com\/mx\/wp-json\/wp\/v2\/users\/47"}],"replies":[{"embeddable":true,"href":"https:\/\/monatglobal.com\/mx\/wp-json\/wp\/v2\/comments?post=108490"}],"version-history":[{"count":38,"href":"https:\/\/monatglobal.com\/mx\/wp-json\/wp\/v2\/pages\/108490\/revisions"}],"predecessor-version":[{"id":108870,"href":"https:\/\/monatglobal.com\/mx\/wp-json\/wp\/v2\/pages\/108490\/revisions\/108870"}],"wp:featuredmedia":[{"embeddable":true,"href":"https:\/\/monatglobal.com\/mx\/wp-json\/wp\/v2\/media\/108594"}],"wp:attachment":[{"href":"https:\/\/monatglobal.com\/mx\/wp-json\/wp\/v2\/media?parent=108490"}],"wp:term":[{"taxonomy":"category","embeddable":true,"href":"https:\/\/monatglobal.com\/mx\/wp-json\/wp\/v2\/categories?post=108490"},{"taxonomy":"post_tag","embeddable":true,"href":"https:\/\/monatglobal.com\/mx\/wp-json\/wp\/v2\/tags?post=108490"}],"curies":[{"name":"wp","href":"https:\/\/api.w.org\/{rel}","templated":true}]}}