{"id":108481,"date":"2025-08-04T01:08:05","date_gmt":"2025-08-04T00:08:05","guid":{"rendered":"https:\/\/monatglobal.com\/mx\/?page_id=108481"},"modified":"2025-10-01T14:59:55","modified_gmt":"2025-10-01T13:59:55","slug":"cookies-policy","status":"publish","type":"page","link":"https:\/\/monatglobal.com\/mx\/cookies-policy\/","title":{"rendered":"Pol\u00edtica de cookies"},"content":{"rendered":"\n<img decoding=\"async\" src=\"https:\/\/monatglobal.com\/wp-content\/uploads\/2020\/08\/MONAT-Logos-grey-2_03.png\" alt=\"MONAT-Logos-grey-2_03.png\" itemprop=\"image\" title=\"MONAT-Logos-grey-2_03.png\" onerror=\"this.style.display='none'\">\n\t<p>POL\u00cdTICA DE COOKIES<\/p>\n<br>\n<p>MONAT Global Corp<\/p>\nGracias por elegir ser parte de nuestra comunidad en MONAT (MONAT Global Corp. y\/o MONATURE, S. DE R.L. DE C.V.) (&#8220;MONAT&#8221;, &#8220;Compa\u00f1\u00eda&#8221;, &#8220;nosotros&#8221;, &#8220;nos&#8221; o &#8220;nuestro&#8221;). Nos comprometemos a proteger tu informaci\u00f3n personal y tu derecho a la privacidad. Si tienes alguna pregunta o inquietud acerca de nuestra Pol\u00edtica o nuestras pr\u00e1cticas con respecto a tu informaci\u00f3n personal, cont\u00e1ctanos en <a href=\"mailto:dpo@monatglobal.com.\">dpo@monatglobal.com<\/a>. Esta Pol\u00edtica de Cookies se aplica, pero no se limita a, toda la informaci\u00f3n recopilada a trav\u00e9s de nuestros sitios web, portales, aplicaciones m\u00f3viles, plataformas o aplicaciones de redes sociales, y cualquier servicio relacionado, ventas, mercadeo o eventos (conjuntamente en esta Pol\u00edtica de Cookies,&nbsp;&#8220;Sitios&#8221;).\n<br>\n<br>\n<p>\u00cdNDICE<\/p>\n\n1.\t<a href=\"#1\"> \u00bfQU\u00c9 SON LAS COOKIES?<\/a><br>\n2.  <a href=\"#2\"> \u00bfC\u00d3MO SE UTILIZAN LAS COOKIES EN ESTE SITIO Y QU\u00c9 INFORMACI\u00d3N SE&nbsp;RECOPILA?<\/a><br>\n3.\t<a href=\"#3\"> \u00bfC\u00d3MO DESHABILITO Y HABILITO LAS&nbsp;COOKIES?<\/a><br>\n4.\t<a href=\"#4\"> \u00bfCU\u00c1LES SON MIS DERECHOS CON RESPECTO A MI INFORMACI\u00d3N&nbsp;PERSONAL?<\/a><br>\n5.\t<a href=\"#5\"> REVISIONES<\/a><br>\n6.  <a href=\"#6\"> LEY APLICABLE, JURISDICCI\u00d3N Y&nbsp;COMPETENCIA<\/a><br>\n\n<br>\n<br>\n\u00bfQU\u00c9 SON LAS COOKIES?\nUna cookie es una cadena de informaci\u00f3n de solo texto que un sitio web transfiere al archivo de cookies del navegador en el disco duro de tu computadora para que el sitio web pueda recordar qui\u00e9n eres. Las cookies pueden ayudar a un sitio web a organizar el contenido para que coincida con tus intereses preferidos m\u00e1s r\u00e1pidamente. Algunas cookies pueden permitirnos recrear y reproducir sesiones de usuario en nuestros Sitios. La mayor\u00eda de los sitios web principales utilizan&nbsp;cookies.\n<br>\n<br>\nUna cookie generalmente contendr\u00e1 el nombre del dominio desde el cual se origin\u00f3 la cookie, la &#8220;vida \u00fatil&#8221; de la cookie y un valor, generalmente un n\u00famero \u00fanico generado&nbsp;aleatoriamente.\n<br>\n<br>\nMONAT utiliza dos tipos de cookies en nuestros&nbsp;Sitios:\n<ul>\n    <li>Cookies de sesi\u00f3n, que son cookies temporales que permanecen en el archivo de cookies de tu navegador hasta que abandones el&nbsp;sitio.<\/li>\n    <li>Cookies permanentes, que permanecen en el archivo de cookies de su navegador durante mucho m\u00e1s tiempo, cuya duraci\u00f3n depender\u00e1 de la vida \u00fatil espec\u00edfica de la&nbsp;cookie.<\/li>\n<\/ul>\n<br>\n<br>\n\u00bfC\u00d3MO SE UTILIZAN LAS COOKIES EN ESTE SITIO Y QU\u00c9 INFORMACI\u00d3N SE&nbsp;RECOPILA?\n<br>\n<p>Cookies de sesi\u00f3n<\/p>\n<p>Estas se utilizan con los siguientes&nbsp;prop\u00f3sitos:<\/p>\n<ul>\n    <li>permitirte llevar informaci\u00f3n a trav\u00e9s de las p\u00e1ginas de nuestro sitio y evitar tener que volver a ingresar la informaci\u00f3n; y<\/li>\n    <li>permitirte acceder a la informaci\u00f3n almacenada dentro del&nbsp;registro. <\/li>\n<\/ul>\n<br>\n<p>Cookies permanentes<\/p>\n<p>Estas se utilizan con los siguientes&nbsp;prop\u00f3sitos:<\/p>\n<ul>\n    <li>reconocerte como un visitante \u00fanico (utilizando un n\u00famero) cuando regreses a nuestro sitio web;<\/li>\n    <li>adaptar el contenido o los anuncios para que coincidan con tus intereses preferidos o evitar mostrarte los mismos anuncios repetidamente;<\/li>\n    <li>recopilar estad\u00edsticas agregadas para comprender c\u00f3mo los usuarios utilizan nuestro sitio y mejorar la estructura del&nbsp;mismo;<\/li>\n    <li>identificar y resolver problemas de experiencia del usuario, mejorar las operaciones del sitio web; y<\/li>\n    <li>resolver consultas de los miembros y ayudar a garantizar el cumplimiento de nuestras normas para miembros.<\/li>\n<\/ul>    \n<br>\nCookies de terceros \n<p>Los terceros tambi\u00e9n pueden ofrecer cookies a trav\u00e9s de los Sitios. Estas se utilizan con los siguientes&nbsp;prop\u00f3sitos:<\/p>\n<ul>\n    <li>adaptar el contenido a tus preferencias;<\/li>\n    <li>contar el n\u00famero de usuarios de nuestro sitio; y<\/li>\n    <li>proporcionar seguridad en carritos de compra o transacciones.<\/li>\n<\/ul>\n<br>\nBalizas web \n<p>Algunas de nuestras p\u00e1ginas web pueden contener im\u00e1genes electr\u00f3nicas conocidas como balizas web (a veces conocidas como GIF transparentes) que nos permiten contar los usuarios que han visitado estas p\u00e1ginas. Las balizas web recopilan informaci\u00f3n limitada, que incluye un n\u00famero de cookie, la hora y la fecha de la visita a la p\u00e1gina, y una descripci\u00f3n de la p\u00e1gina en la que se encuentra la baliza web. Tambi\u00e9n es posible que haya balizas web colocadas por anunciantes de terceros. Estas balizas se utilizan \u00fanicamente para rastrear la efectividad de una campa\u00f1a publicitaria&nbsp;espec\u00edfica.<\/p>\n<br>\n<br>\n\u00bfC\u00d3MO DESHABILITO Y HABILITO LAS COOKIES?\nPuedes aceptar o rechazar cookies modificando la configuraci\u00f3n de tu navegador. Sin embargo, ten en cuenta que, si deshabilitas las cookies, es posible que no puedas utilizar todas las funciones interactivas de nuestro&nbsp;sitio. \n<br><br>\nSi deseas recibir un se\u00f1al de alerta antes de que se acepte una cookie en tu disco duro, sigue las siguientes&nbsp;instrucciones: \n<ul>\n    <li> <a href=\"https:\/\/support.microsoft.com\/en-us\/help\/17442\/windows-internet-explorer-delete-manage-cookies\" target=\"_blank\" rel=\"noopener\">Configuraci\u00f3n de cookies en Internet Explorer<\/a><\/li>     \n    <li> <a href=\"https:\/\/support.mozilla.org\/en-US\/kb\/cookies-information-websites-store-on-your-computer?redirectlocale=en-US&amp;redirectslug=Cookies\" target=\"_blank\" rel=\"noopener\">Configuraci\u00f3n de cookies en Firefox<\/a><\/li>     \n    <li> <a href=\"https:\/\/support.google.com\/chrome\/answer\/95647?hl=en\" target=\"_blank\" rel=\"noopener\">Configuraci\u00f3n de cookies en Chrome<\/a><\/li>   \n    <li> <a href=\"https:\/\/support.apple.com\/es-es\/guide\/safari\/sfri11471\/mac\" target=\"_blank\" rel=\"noopener\">Configuraci\u00f3n de cookies en Safari web y iOS<\/a><\/li>     \n<\/ul>\n<br> \nEliminar cookies \n<p>Puedes eliminar f\u00e1cilmente cualquier cookie que se haya instalado en la carpeta de cookies de tu navegador. Por ejemplo, si est\u00e1s utilizando Microsoft Windows&nbsp;Explorer:<\/p>\n<ul>\n    <li>Abre el &#8216;Explorador de Windows&#8217;<\/li>\n    <li>Haz clic en el bot\u00f3n &#8216;Buscar&#8217; en la barra de herramientas<\/li>\n    <li>Escribe &#8220;cookies&#8221; en el cuadro de b\u00fasqueda de &#8216;Carpetas y archivos&#8217;<\/li>\n    <li>Selecciona &#8216;Mi PC&#8217; en el cuadro &#8216;Buscar en&#8217;<\/li>\n    <li>Haz clic en &#8216;Buscar ahora&#8217;<\/li>\n    <li>Haz doble clic en las carpetas<\/li>\n    <li>Haz clic en &#8216;Seleccionar&#8217; en cualquier archivo de cookies<\/li>\n    <li>Presiona el bot\u00f3n &#8216;Eliminar&#8217; en tu teclado<\/li> \n<\/ul>\n<br>\n<p>Si no est\u00e1s utilizando Microsoft Windows Explorer, debes seleccionar &#8216;cookies&#8217; en la funci\u00f3n &#8216;Ayuda&#8217; para obtener informaci\u00f3n sobre d\u00f3nde encontrar tu carpeta de&nbsp;cookies.<\/p>\n<br>\n<br>\n\u00bfCU\u00c1LES SON MIS DERECHOS CON RESPECTO A MI INFORMACI\u00d3N&nbsp;PERSONAL?\nDependiendo de la legislaci\u00f3n aplicable, es posible que tengas varios derechos con respecto a tu informaci\u00f3n personal. Estos derechos pueden incluir el derecho de acceso, rectificaci\u00f3n, restricci\u00f3n u objeci\u00f3n al procesamiento de tus datos personales (incluido el procesamiento con fines de mercadeo directo), as\u00ed como el derecho a la portabilidad de los datos a otro responsable del tratamiento y el derecho a la eliminaci\u00f3n de tus datos. Algunos de nuestros sitios te permiten revisar y actualizar tu informaci\u00f3n personal. En caso de que esta funci\u00f3n no est\u00e9 disponible o si necesitas ayuda con respecto a otros derechos relacionados con tu informaci\u00f3n personal, te recomendamos que te comuniques con el Representante Oficial de Protecci\u00f3n de Datos de MONAT utilizando la informaci\u00f3n proporcionada a&nbsp;continuaci\u00f3n.\n<br>\n<br>\nTen en cuenta que estos derechos est\u00e1n sujetos a las limitaciones establecidas en la legislaci\u00f3n&nbsp;aplicable.\n<br>\n<br>\nSi no deseas recibir publicidad por correo electr\u00f3nico o SMS, se te brindar\u00e1 la oportunidad de optar por no recibir dichas&nbsp;comunicaciones.\n<br>\n<br>\nSi tienes preguntas adicionales sobre esta Pol\u00edtica de Cookies y nuestras pr\u00e1cticas, o si tienes alguna queja relacionada con el uso de tu informaci\u00f3n personal por parte de MONAT, no dudes en ponerte en contacto con nosotros&nbsp;en:\n<br>\n<p>MONAT Global Corp<\/p>\nAttn: Data Protection Officer <br>\n10000 NW 15 Terrace Doral, Fl. 33172<br>\nMiami, Florida 33122<br><br>\n<strong>O por Email:<\/strong><br> <a href=\"mailto:DPO@monatglobal.com\" target=\"_blank\" rel=\"noopener\">DPO@monatglobal.com<\/a><br>\n\n<br>\n<p>Para los usuarios y miembros de la Uni\u00f3n Europea y M\u00e9xico, si est\u00e1s preocupado por la recopilaci\u00f3n y el uso de tu informaci\u00f3n personal por parte de MONAT y no se resuelve de manera satisfactoria, tienes derecho a presentar una queja ante la autoridad competente en tu&nbsp;jurisdicci\u00f3n.<\/p>\n<br>\n<br>\n<p>\u00bfMONAT PUEDE CAMBIAR ESTA POL\u00cdTICA DE&nbsp;COOKIES?<\/p>\nTe recomendamos que visites nuestro sitio peri\u00f3dicamente para estar al tanto de la versi\u00f3n m\u00e1s reciente de esta Pol\u00edtica de&nbsp;Cookies.\n<br>\n<br>\nREVISIONES\n<p>MONAT se reserva el derecho de revisar y actualizar esta pol\u00edtica de tanto en tanto, seg\u00fan su exclusivo y absoluto criterio. Todos los cambios realizados ser\u00e1n efectivos una vez publicados por&nbsp;MONAT.<\/p>\n<br>\n<br>\nLEY APLICABLE, JURISDICCI\u00d3N Y&nbsp;COMPETENCIA\n<p>Este sitio web es creado y controlado por nosotros en el estado de la Florida. Los presentes T\u00e9rminos de Uso se rigen por las leyes del estado de la Florida, sin dar efecto a ning\u00fan principio de conflicto de leyes. T\u00fa aceptas que cualquier acci\u00f3n legal o equitativa derivada de o relacionada con estos T\u00e9rminos de Uso o el sitio web se presentar\u00e1 ante los tribunales estatales o federales ubicados en el Condado de Miami-Dade, Estado de la Florida. Al aceptar estos t\u00e9rminos, eres consiente y te sometes a la jurisdicci\u00f3n personal de dichos tribunales para litigar cualquier acci\u00f3n de este&nbsp;tipo.<\/p>\n<p>\u00daltima revisi\u00f3n: 1 de Septiembre de 2025<\/p>\n","protected":false},"excerpt":{"rendered":"<p>POL\u00cdTICA DE COOKIES MONAT Global Corp Gracias por elegir ser parte de nuestra comunidad en MONAT (MONAT Global Corp. y\/o MONATURE, S. DE R.L. DE C.V.) (&#8220;MONAT&#8221;, &#8220;Compa\u00f1\u00eda&#8221;, &#8220;nosotros&#8221;, &#8220;nos&#8221; o &#8220;nuestro&#8221;). Nos comprometemos a proteger tu informaci\u00f3n personal y tu derecho a la privacidad. Si tienes alguna pregunta o inquietud acerca de nuestra Pol\u00edtica&hellip;<\/p>\n","protected":false},"author":47,"featured_media":108729,"parent":0,"menu_order":0,"comment_status":"closed","ping_status":"closed","template":"","meta":{"inline_featured_image":false,"footnotes":""},"categories":[],"tags":[],"class_list":["post-108481","page","type-page","status-publish","has-post-thumbnail","hentry"],"aioseo_notices":[],"aioseo_head":"\n\t\t<!-- All in One SEO Pro 4.9.5.2 - aioseo.com -->\n\t<meta name=\"description\" content=\"POL\u00cdTICA DE COOKIES MONAT Global Corp Gracias por elegir ser parte de nuestra comunidad en MONAT (MONAT Global Corp. y\/o MONATURE, S. DE R.L. DE C.V.) (&quot;MONAT&quot;, &quot;Compa\u00f1\u00eda&quot;, &quot;nosotros&quot;, &quot;nos&quot; o &quot;nuestro&quot;). Nos comprometemos a proteger tu informaci\u00f3n personal y tu derecho a la privacidad. Si tienes alguna pregunta o inquietud acerca de nuestra Pol\u00edtica\" \/>\n\t<meta name=\"robots\" content=\"max-image-preview:large\" \/>\n\t<link rel=\"canonical\" href=\"https:\/\/monatglobal.com\/mx\/cookies-policy\/\" \/>\n\t<meta name=\"generator\" content=\"All in One SEO Pro (AIOSEO) 4.9.5.2\" \/>\n\t\t<meta property=\"og:locale\" content=\"en_US\" \/>\n\t\t<meta property=\"og:site_name\" content=\"MONAT Mexico - We Are Modern Nature\u00ae\" \/>\n\t\t<meta property=\"og:type\" content=\"article\" \/>\n\t\t<meta property=\"og:title\" content=\"Pol\u00edtica de cookies - MONAT Mexico\" \/>\n\t\t<meta property=\"og:description\" content=\"POL\u00cdTICA DE COOKIES MONAT Global Corp Gracias por elegir ser parte de nuestra comunidad en MONAT (MONAT Global Corp. y\/o MONATURE, S. DE R.L. DE C.V.) (&quot;MONAT&quot;, &quot;Compa\u00f1\u00eda&quot;, &quot;nosotros&quot;, &quot;nos&quot; o &quot;nuestro&quot;). Nos comprometemos a proteger tu informaci\u00f3n personal y tu derecho a la privacidad. Si tienes alguna pregunta o inquietud acerca de nuestra Pol\u00edtica\" \/>\n\t\t<meta property=\"og:url\" content=\"https:\/\/monatglobal.com\/mx\/cookies-policy\/\" \/>\n\t\t<meta property=\"og:image\" content=\"https:\/\/monatglobal.com\/mx\/wp-content\/uploads\/sites\/30\/2025\/09\/MONAT-Logos-grey-2_03.png\" \/>\n\t\t<meta property=\"og:image:secure_url\" content=\"https:\/\/monatglobal.com\/mx\/wp-content\/uploads\/sites\/30\/2025\/09\/MONAT-Logos-grey-2_03.png\" \/>\n\t\t<meta property=\"og:image:width\" content=\"287\" \/>\n\t\t<meta property=\"og:image:height\" content=\"231\" \/>\n\t\t<meta property=\"article:published_time\" content=\"2025-08-04T00:08:05+00:00\" \/>\n\t\t<meta property=\"article:modified_time\" content=\"2025-10-01T13:59:55+00:00\" \/>\n\t\t<meta property=\"article:publisher\" content=\"https:\/\/www.facebook.com\/monatofficial\" \/>\n\t\t<meta name=\"twitter:card\" content=\"summary\" \/>\n\t\t<meta name=\"twitter:title\" content=\"Pol\u00edtica de cookies - MONAT Mexico\" \/>\n\t\t<meta name=\"twitter:description\" content=\"POL\u00cdTICA DE COOKIES MONAT Global Corp Gracias por elegir ser parte de nuestra comunidad en MONAT (MONAT Global Corp. y\/o MONATURE, S. DE R.L. DE C.V.) (&quot;MONAT&quot;, &quot;Compa\u00f1\u00eda&quot;, &quot;nosotros&quot;, &quot;nos&quot; o &quot;nuestro&quot;). Nos comprometemos a proteger tu informaci\u00f3n personal y tu derecho a la privacidad. Si tienes alguna pregunta o inquietud acerca de nuestra Pol\u00edtica\" \/>\n\t\t<meta name=\"twitter:image\" content=\"https:\/\/monatglobal.com\/mx\/wp-content\/uploads\/sites\/30\/2025\/09\/MONAT-Logos-grey-2_03.png\" \/>\n\t\t<script type=\"application\/ld+json\" class=\"aioseo-schema\">\n\t\t\t{\"@context\":\"https:\\\/\\\/schema.org\",\"@graph\":[{\"@type\":\"BreadcrumbList\",\"@id\":\"https:\\\/\\\/monatglobal.com\\\/mx\\\/cookies-policy\\\/#breadcrumblist\",\"itemListElement\":[{\"@type\":\"ListItem\",\"@id\":\"https:\\\/\\\/monatglobal.com\\\/mx#listItem\",\"position\":1,\"name\":\"Home\",\"item\":\"https:\\\/\\\/monatglobal.com\\\/mx\",\"nextItem\":{\"@type\":\"ListItem\",\"@id\":\"https:\\\/\\\/monatglobal.com\\\/mx\\\/cookies-policy\\\/#listItem\",\"name\":\"Pol\\u00edtica de cookies\"}},{\"@type\":\"ListItem\",\"@id\":\"https:\\\/\\\/monatglobal.com\\\/mx\\\/cookies-policy\\\/#listItem\",\"position\":2,\"name\":\"Pol\\u00edtica de cookies\",\"previousItem\":{\"@type\":\"ListItem\",\"@id\":\"https:\\\/\\\/monatglobal.com\\\/mx#listItem\",\"name\":\"Home\"}}]},{\"@type\":\"Organization\",\"@id\":\"https:\\\/\\\/monatglobal.com\\\/mx\\\/#organization\",\"name\":\"MONAT GLOBAL\",\"description\":\"We Are Modern Nature\\u00ae\",\"url\":\"https:\\\/\\\/monatglobal.com\\\/mx\\\/\",\"sameAs\":[\"https:\\\/\\\/www.facebook.com\\\/monatofficial\",\"https:\\\/\\\/www.instagram.com\\\/monatofficial\\\/\"]},{\"@type\":\"WebPage\",\"@id\":\"https:\\\/\\\/monatglobal.com\\\/mx\\\/cookies-policy\\\/#webpage\",\"url\":\"https:\\\/\\\/monatglobal.com\\\/mx\\\/cookies-policy\\\/\",\"name\":\"Pol\\u00edtica de cookies - MONAT Mexico\",\"description\":\"POL\\u00cdTICA DE COOKIES MONAT Global Corp Gracias por elegir ser parte de nuestra comunidad en MONAT (MONAT Global Corp. y\\\/o MONATURE, S. DE R.L. DE C.V.) (\\\"MONAT\\\", \\\"Compa\\u00f1\\u00eda\\\", \\\"nosotros\\\", \\\"nos\\\" o \\\"nuestro\\\"). Nos comprometemos a proteger tu informaci\\u00f3n personal y tu derecho a la privacidad. Si tienes alguna pregunta o inquietud acerca de nuestra Pol\\u00edtica\",\"inLanguage\":\"en-US\",\"isPartOf\":{\"@id\":\"https:\\\/\\\/monatglobal.com\\\/mx\\\/#website\"},\"breadcrumb\":{\"@id\":\"https:\\\/\\\/monatglobal.com\\\/mx\\\/cookies-policy\\\/#breadcrumblist\"},\"image\":{\"@type\":\"ImageObject\",\"url\":\"https:\\\/\\\/monatglobal.com\\\/mx\\\/wp-content\\\/uploads\\\/sites\\\/30\\\/2025\\\/09\\\/MONAT-Logos-grey-2_03.png\",\"@id\":\"https:\\\/\\\/monatglobal.com\\\/mx\\\/cookies-policy\\\/#mainImage\",\"width\":287,\"height\":231},\"primaryImageOfPage\":{\"@id\":\"https:\\\/\\\/monatglobal.com\\\/mx\\\/cookies-policy\\\/#mainImage\"},\"datePublished\":\"2025-08-04T01:08:05+01:00\",\"dateModified\":\"2025-10-01T14:59:55+01:00\"},{\"@type\":\"WebSite\",\"@id\":\"https:\\\/\\\/monatglobal.com\\\/mx\\\/#website\",\"url\":\"https:\\\/\\\/monatglobal.com\\\/mx\\\/\",\"name\":\"MONAT GLOBAL\",\"description\":\"We Are Modern Nature\\u00ae\",\"inLanguage\":\"en-US\",\"publisher\":{\"@id\":\"https:\\\/\\\/monatglobal.com\\\/mx\\\/#organization\"}}]}\n\t\t<\/script>\n\t\t<!-- All in One SEO Pro -->\r\n\t\t<title>Pol\u00edtica de cookies - MONAT Mexico<\/title>\n\n","aioseo_head_json":{"title":"Pol\u00edtica de cookies - MONAT Mexico","description":"POL\u00cdTICA DE COOKIES MONAT Global Corp Gracias por elegir ser parte de nuestra comunidad en MONAT (MONAT Global Corp. y\/o MONATURE, S. DE R.L. DE C.V.) (\"MONAT\", \"Compa\u00f1\u00eda\", \"nosotros\", \"nos\" o \"nuestro\"). Nos comprometemos a proteger tu informaci\u00f3n personal y tu derecho a la privacidad. Si tienes alguna pregunta o inquietud acerca de nuestra Pol\u00edtica","canonical_url":"https:\/\/monatglobal.com\/mx\/cookies-policy\/","robots":"max-image-preview:large","keywords":"","webmasterTools":{"miscellaneous":""},"schema":{"@context":"https:\/\/schema.org","@graph":[{"@type":"BreadcrumbList","@id":"https:\/\/monatglobal.com\/mx\/cookies-policy\/#breadcrumblist","itemListElement":[{"@type":"ListItem","@id":"https:\/\/monatglobal.com\/mx#listItem","position":1,"name":"Home","item":"https:\/\/monatglobal.com\/mx","nextItem":{"@type":"ListItem","@id":"https:\/\/monatglobal.com\/mx\/cookies-policy\/#listItem","name":"Pol\u00edtica de cookies"}},{"@type":"ListItem","@id":"https:\/\/monatglobal.com\/mx\/cookies-policy\/#listItem","position":2,"name":"Pol\u00edtica de cookies","previousItem":{"@type":"ListItem","@id":"https:\/\/monatglobal.com\/mx#listItem","name":"Home"}}]},{"@type":"Organization","@id":"https:\/\/monatglobal.com\/mx\/#organization","name":"MONAT GLOBAL","description":"We Are Modern Nature\u00ae","url":"https:\/\/monatglobal.com\/mx\/","sameAs":["https:\/\/www.facebook.com\/monatofficial","https:\/\/www.instagram.com\/monatofficial\/"]},{"@type":"WebPage","@id":"https:\/\/monatglobal.com\/mx\/cookies-policy\/#webpage","url":"https:\/\/monatglobal.com\/mx\/cookies-policy\/","name":"Pol\u00edtica de cookies - MONAT Mexico","description":"POL\u00cdTICA DE COOKIES MONAT Global Corp Gracias por elegir ser parte de nuestra comunidad en MONAT (MONAT Global Corp. y\/o MONATURE, S. DE R.L. DE C.V.) (\"MONAT\", \"Compa\u00f1\u00eda\", \"nosotros\", \"nos\" o \"nuestro\"). Nos comprometemos a proteger tu informaci\u00f3n personal y tu derecho a la privacidad. Si tienes alguna pregunta o inquietud acerca de nuestra Pol\u00edtica","inLanguage":"en-US","isPartOf":{"@id":"https:\/\/monatglobal.com\/mx\/#website"},"breadcrumb":{"@id":"https:\/\/monatglobal.com\/mx\/cookies-policy\/#breadcrumblist"},"image":{"@type":"ImageObject","url":"https:\/\/monatglobal.com\/mx\/wp-content\/uploads\/sites\/30\/2025\/09\/MONAT-Logos-grey-2_03.png","@id":"https:\/\/monatglobal.com\/mx\/cookies-policy\/#mainImage","width":287,"height":231},"primaryImageOfPage":{"@id":"https:\/\/monatglobal.com\/mx\/cookies-policy\/#mainImage"},"datePublished":"2025-08-04T01:08:05+01:00","dateModified":"2025-10-01T14:59:55+01:00"},{"@type":"WebSite","@id":"https:\/\/monatglobal.com\/mx\/#website","url":"https:\/\/monatglobal.com\/mx\/","name":"MONAT GLOBAL","description":"We Are Modern Nature\u00ae","inLanguage":"en-US","publisher":{"@id":"https:\/\/monatglobal.com\/mx\/#organization"}}]},"og:locale":"en_US","og:site_name":"MONAT Mexico - We Are Modern Nature\u00ae","og:type":"article","og:title":"Pol\u00edtica de cookies - MONAT Mexico","og:description":"POL\u00cdTICA DE COOKIES MONAT Global Corp Gracias por elegir ser parte de nuestra comunidad en MONAT (MONAT Global Corp. y\/o MONATURE, S. DE R.L. DE C.V.) (&quot;MONAT&quot;, &quot;Compa\u00f1\u00eda&quot;, &quot;nosotros&quot;, &quot;nos&quot; o &quot;nuestro&quot;). Nos comprometemos a proteger tu informaci\u00f3n personal y tu derecho a la privacidad. Si tienes alguna pregunta o inquietud acerca de nuestra Pol\u00edtica","og:url":"https:\/\/monatglobal.com\/mx\/cookies-policy\/","og:image":"https:\/\/monatglobal.com\/mx\/wp-content\/uploads\/sites\/30\/2025\/09\/MONAT-Logos-grey-2_03.png","og:image:secure_url":"https:\/\/monatglobal.com\/mx\/wp-content\/uploads\/sites\/30\/2025\/09\/MONAT-Logos-grey-2_03.png","og:image:width":287,"og:image:height":231,"article:published_time":"2025-08-04T00:08:05+00:00","article:modified_time":"2025-10-01T13:59:55+00:00","article:publisher":"https:\/\/www.facebook.com\/monatofficial","twitter:card":"summary","twitter:title":"Pol\u00edtica de cookies - MONAT Mexico","twitter:description":"POL\u00cdTICA DE COOKIES MONAT Global Corp Gracias por elegir ser parte de nuestra comunidad en MONAT (MONAT Global Corp. y\/o MONATURE, S. DE R.L. DE C.V.) (&quot;MONAT&quot;, &quot;Compa\u00f1\u00eda&quot;, &quot;nosotros&quot;, &quot;nos&quot; o &quot;nuestro&quot;). Nos comprometemos a proteger tu informaci\u00f3n personal y tu derecho a la privacidad. Si tienes alguna pregunta o inquietud acerca de nuestra Pol\u00edtica","twitter:image":"https:\/\/monatglobal.com\/mx\/wp-content\/uploads\/sites\/30\/2025\/09\/MONAT-Logos-grey-2_03.png"},"aioseo_meta_data":{"post_id":"108481","title":null,"description":null,"keywords":null,"keyphrases":{"focus":{"keyphrase":"","score":0,"analysis":{"keyphraseInTitle":{"score":0,"maxScore":9,"error":1}}},"additional":[]},"primary_term":null,"canonical_url":null,"og_title":null,"og_description":null,"og_object_type":"default","og_image_type":"default","og_image_url":null,"og_image_width":null,"og_image_height":null,"og_image_custom_url":null,"og_image_custom_fields":null,"og_video":"","og_custom_url":null,"og_article_section":null,"og_article_tags":null,"twitter_use_og":false,"twitter_card":"default","twitter_image_type":"default","twitter_image_url":null,"twitter_image_custom_url":null,"twitter_image_custom_fields":null,"twitter_title":null,"twitter_description":null,"schema":{"blockGraphs":[],"customGraphs":[],"default":{"data":{"Article":[],"Course":[],"Dataset":[],"FAQPage":[],"Movie":[],"Person":[],"Product":[],"ProductReview":[],"Car":[],"Recipe":[],"Service":[],"SoftwareApplication":[],"WebPage":[]},"graphName":"WebPage","isEnabled":true},"graphs":[]},"schema_type":"default","schema_type_options":null,"pillar_content":false,"robots_default":true,"robots_noindex":false,"robots_noarchive":false,"robots_nosnippet":false,"robots_nofollow":false,"robots_noimageindex":false,"robots_noodp":false,"robots_notranslate":false,"robots_max_snippet":"-1","robots_max_videopreview":"-1","robots_max_imagepreview":"large","priority":null,"frequency":"default","local_seo":null,"seo_analyzer_scan_date":"2025-08-21 23:29:46","breadcrumb_settings":null,"limit_modified_date":false,"reviewed_by":"0","open_ai":null,"ai":{"faqs":[],"keyPoints":[],"titles":[],"descriptions":[],"socialPosts":{"email":[],"linkedin":[],"twitter":[],"facebook":[],"instagram":[]}},"created":"2025-08-04 00:08:05","updated":"2026-02-10 19:00:53"},"aioseo_breadcrumb":"<div class=\"aioseo-breadcrumbs\"><span class=\"aioseo-breadcrumb\">\n\t<a href=\"https:\/\/monatglobal.com\/mx\" title=\"Home\">Home<\/a>\n<\/span><span class=\"aioseo-breadcrumb-separator\">&raquo;<\/span><span class=\"aioseo-breadcrumb\">\n\tPol\u00edtica de cookies\n<\/span><\/div>","aioseo_breadcrumb_json":[{"label":"Home","link":"https:\/\/monatglobal.com\/mx"},{"label":"Pol\u00edtica de cookies","link":"https:\/\/monatglobal.com\/mx\/cookies-policy\/"}],"_links":{"self":[{"href":"https:\/\/monatglobal.com\/mx\/wp-json\/wp\/v2\/pages\/108481","targetHints":{"allow":["GET"]}}],"collection":[{"href":"https:\/\/monatglobal.com\/mx\/wp-json\/wp\/v2\/pages"}],"about":[{"href":"https:\/\/monatglobal.com\/mx\/wp-json\/wp\/v2\/types\/page"}],"author":[{"embeddable":true,"href":"https:\/\/monatglobal.com\/mx\/wp-json\/wp\/v2\/users\/47"}],"replies":[{"embeddable":true,"href":"https:\/\/monatglobal.com\/mx\/wp-json\/wp\/v2\/comments?post=108481"}],"version-history":[{"count":5,"href":"https:\/\/monatglobal.com\/mx\/wp-json\/wp\/v2\/pages\/108481\/revisions"}],"predecessor-version":[{"id":108766,"href":"https:\/\/monatglobal.com\/mx\/wp-json\/wp\/v2\/pages\/108481\/revisions\/108766"}],"wp:featuredmedia":[{"embeddable":true,"href":"https:\/\/monatglobal.com\/mx\/wp-json\/wp\/v2\/media\/108729"}],"wp:attachment":[{"href":"https:\/\/monatglobal.com\/mx\/wp-json\/wp\/v2\/media?parent=108481"}],"wp:term":[{"taxonomy":"category","embeddable":true,"href":"https:\/\/monatglobal.com\/mx\/wp-json\/wp\/v2\/categories?post=108481"},{"taxonomy":"post_tag","embeddable":true,"href":"https:\/\/monatglobal.com\/mx\/wp-json\/wp\/v2\/tags?post=108481"}],"curies":[{"name":"wp","href":"https:\/\/api.w.org\/{rel}","templated":true}]}}