{"id":108442,"date":"2025-07-31T14:32:58","date_gmt":"2025-07-31T13:32:58","guid":{"rendered":"https:\/\/monatglobal.com\/mx\/?page_id=108442"},"modified":"2025-10-01T14:51:42","modified_gmt":"2025-10-01T13:51:42","slug":"history","status":"publish","type":"page","link":"https:\/\/monatglobal.com\/mx\/history\/","title":{"rendered":"La Historia de MONATHistoria de MONAT: Nuestra Trayectoria y Logros | Conoce Nuestro LegadoLa Historia de MONAT"},"content":{"rendered":"\n\n\t<link rel='stylesheet' href='https:\/\/unpkg.com\/swiper\/swiper-bundle.min.css'\/>\n<section id=\"bannerSec\">\n        <p>Todo comenz\u00f3  <\/p>\n        <p>con una visi\u00f3n&#8230;<\/p>\n<\/section> \n<section id=\"dateSec\"> \n            <h1>La Historia de MONAT<\/h1>\n            <h3>El movimiento MONAT comenz\u00f3 con una familia y un gran sue\u00f1o: hacer del mundo un lugar mejor, pensando en cada persona y ofreciendo productos de primera calidad y una oportunidad&nbsp;gratificante.<\/h3>\n            <img decoding=\"async\" alt=\"Blonde female spraying hairspray onto a brunette female's curly hair.\" src=\"https:\/\/monatglobal.com\/wp-content\/uploads\/2022\/10\/our-story-MONAT-LAUNCH-2014.jpg\" loading=\"lazy\"\/> \n                    <h2>La familia Urdaneta fund\u00f3 MONAT en octubre de&nbsp;2014.<\/h2>\n                    <p> En tan solo unos pocos a\u00f1os, los Urdanetas inspiraron una revoluci\u00f3n gracias a la dedicaci\u00f3n de Market Parners de MONAT, el apasionado respaldo de los clientes VIP y el talento del personal de la oficina&nbsp;corporativa.<\/p>\n<\/section> \n<section id=\"encompassesSec\"> \n    <p>El movimiento MONAT abarca no s\u00f3lo productos innovadores para <em>el Cuidado del cabello, la piel <\/em> y <em> el bienestar,<\/em>  sino tambi\u00e9n una aut\u00e9ntica dedicaci\u00f3n a ayudar a los dem\u00e1s a construir vidas&nbsp;hermosas.<\/p>\n        <img decoding=\"async\" id=\"oilImg\" alt=\"Oil texture\" src=\"https:\/\/monatglobal.com\/wp-content\/uploads\/2022\/10\/oil-texture_history.png\" loading=\"lazy\"\/>\n        <img decoding=\"async\" id=\"cremeImg\" alt=\"Texture shot of Sun Veil\u2122.\" src=\"https:\/\/monatglobal.com\/wp-content\/uploads\/2022\/10\/creme-texture_history.png\" loading=\"lazy\"\/>    \n                <p>El movimiento MONAT abarca no s\u00f3lo productos innovadores para <em>el Cuidado del cabello, la piel <\/em> y <em> el bienestar,<\/em>  sino tambi\u00e9n una aut\u00e9ntica dedicaci\u00f3n a ayudar a los dem\u00e1s a construir vidas&nbsp;hermosas.<\/p>\n                <img decoding=\"async\" alt=\"A blonde female pouring MONAT Apple Cider Vinegar Gummies to the palm of her hand.\" src=\"https:\/\/monatglobal.com\/wp-content\/uploads\/2022\/10\/wellness-our-story-.jpg\" loading=\"lazy\"\/>\n                <p> MONAT ofrece un generoso plan de compensaci\u00f3n, un sistema de apoyo excepcionalmente enriquecedor y l\u00edderes atentos y comprometidos que te tratan como parte de la&nbsp;familia.<\/p>\n                <img decoding=\"async\" alt=\"Brunette female touching her hair while standing outside.\" src=\"https:\/\/monatglobal.com\/wp-content\/uploads\/2022\/10\/haircare-our-story.jpg\" loading=\"lazy\"\/>\n                <img decoding=\"async\" alt=\"Brunette female standing near a pink wall with the shadows of palm trees, while kissing Sun Veil\u2122.\" src=\"https:\/\/monatglobal.com\/wp-content\/uploads\/2022\/10\/skincare-our-story.jpg\" loading=\"lazy\"\/>\n<\/section> \n<section id=\"videoSec\">\n<\/section> \n<section id=\"readySec\"> \n        <h2>\u00bfEst\u00e1s listo para ser parte <br \/> de esta comunidad&nbsp;exclusiva?<\/h2>\n                <p>\u00a1Este  es el mejor momento para unirte a la familia&nbsp;MONAT!<\/p>\n                <a href=\"https:\/\/corp.mymonat.com\/pyr_core\/v2_enrollments\/select_market?sponsor_id=&#038;enroll_params=profile_form_type%3Dexpress&#038;market=mx&#038;lang_code=es\">\u00danete ahora<\/a>\n            <img decoding=\"async\" alt=\"Female sitting inside a shopping cart with MONAT boxes, while another female pushes the cart.\" src=\"https:\/\/monatglobal.com\/wp-content\/uploads\/2022\/10\/monat-family-our-story.jpg\" loading=\"lazy\"\/>\n        <a href=\"https:\/\/corp.mymonat.com\/pyr_core\/v2_enrollments\/select_market?sponsor_id=&#038;enroll_params=profile_form_type%3Dexpress&#038;market=mx&#038;lang_code=es\">\u00danete ahora<\/a>\n<\/section> \n\n","protected":false},"excerpt":{"rendered":"<p>Todo comenz\u00f3 con una visi\u00f3n&#8230; La Historia de MONAT El movimiento MONAT comenz\u00f3 con una familia y un gran sue\u00f1o: hacer del mundo un lugar mejor, pensando en cada persona y ofreciendo productos de primera calidad y una oportunidad&nbsp;gratificante. La familia Urdaneta fund\u00f3 MONAT en octubre de&nbsp;2014. En tan solo unos pocos a\u00f1os, los Urdanetas&hellip;<\/p>\n","protected":false},"author":47,"featured_media":108587,"parent":0,"menu_order":0,"comment_status":"closed","ping_status":"closed","template":"","meta":{"inline_featured_image":false,"footnotes":""},"categories":[],"tags":[],"class_list":["post-108442","page","type-page","status-publish","has-post-thumbnail","hentry"],"aioseo_notices":[],"aioseo_head":"\n\t\t<!-- All in One SEO Pro 4.9.5.2 - aioseo.com -->\n\t<meta name=\"description\" content=\"El movimiento MONAT comenz\u00f3 con una familia y un gran sue\u00f1o: hacer del mundo un lugar mejor, pensando en cada persona y ofreciendo productos de primera calidad y una oportunidad gratificante.\" \/>\n\t<meta name=\"robots\" content=\"max-image-preview:large\" \/>\n\t<link rel=\"canonical\" href=\"https:\/\/monatglobal.com\/mx\/history\/\" \/>\n\t<meta name=\"generator\" content=\"All in One SEO Pro (AIOSEO) 4.9.5.2\" \/>\n\t\t<meta property=\"og:locale\" content=\"en_US\" \/>\n\t\t<meta property=\"og:site_name\" content=\"MONAT Mexico - We Are Modern Nature\u00ae\" \/>\n\t\t<meta property=\"og:type\" content=\"article\" \/>\n\t\t<meta property=\"og:title\" content=\"Historia de MONAT: Nuestra Trayectoria y Logros | Conoce Nuestro Legado\" \/>\n\t\t<meta property=\"og:description\" content=\"El movimiento MONAT comenz\u00f3 con una familia y un gran sue\u00f1o: hacer del mundo un lugar mejor, pensando en cada persona y ofreciendo productos de primera calidad y una oportunidad gratificante.\" \/>\n\t\t<meta property=\"og:url\" content=\"https:\/\/monatglobal.com\/mx\/history\/\" \/>\n\t\t<meta property=\"og:image\" content=\"https:\/\/monatglobal.com\/mx\/wp-content\/uploads\/sites\/30\/2025\/08\/Historia-min.jpg\" \/>\n\t\t<meta property=\"og:image:secure_url\" content=\"https:\/\/monatglobal.com\/mx\/wp-content\/uploads\/sites\/30\/2025\/08\/Historia-min.jpg\" \/>\n\t\t<meta property=\"og:image:width\" content=\"1200\" \/>\n\t\t<meta property=\"og:image:height\" content=\"628\" \/>\n\t\t<meta property=\"article:published_time\" content=\"2025-07-31T13:32:58+00:00\" \/>\n\t\t<meta property=\"article:modified_time\" content=\"2025-10-01T13:51:42+00:00\" \/>\n\t\t<meta property=\"article:publisher\" content=\"https:\/\/www.facebook.com\/monatofficial\" \/>\n\t\t<meta name=\"twitter:card\" content=\"summary\" \/>\n\t\t<meta name=\"twitter:title\" content=\"Historia de MONAT: Nuestra Trayectoria y Logros | Conoce Nuestro Legado\" \/>\n\t\t<meta name=\"twitter:description\" content=\"El movimiento MONAT comenz\u00f3 con una familia y un gran sue\u00f1o: hacer del mundo un lugar mejor, pensando en cada persona y ofreciendo productos de primera calidad y una oportunidad gratificante.\" \/>\n\t\t<meta name=\"twitter:image\" content=\"https:\/\/monatglobal.com\/mx\/wp-content\/uploads\/sites\/30\/2025\/08\/Historia-min.jpg\" \/>\n\t\t<script type=\"application\/ld+json\" class=\"aioseo-schema\">\n\t\t\t{\"@context\":\"https:\\\/\\\/schema.org\",\"@graph\":[{\"@type\":\"BreadcrumbList\",\"@id\":\"https:\\\/\\\/monatglobal.com\\\/mx\\\/history\\\/#breadcrumblist\",\"itemListElement\":[{\"@type\":\"ListItem\",\"@id\":\"https:\\\/\\\/monatglobal.com\\\/mx#listItem\",\"position\":1,\"name\":\"Home\",\"item\":\"https:\\\/\\\/monatglobal.com\\\/mx\",\"nextItem\":{\"@type\":\"ListItem\",\"@id\":\"https:\\\/\\\/monatglobal.com\\\/mx\\\/history\\\/#listItem\",\"name\":\"La Historia de MONATHistoria de MONAT: Nuestra Trayectoria y Logros | Conoce Nuestro LegadoLa Historia de MONAT\"}},{\"@type\":\"ListItem\",\"@id\":\"https:\\\/\\\/monatglobal.com\\\/mx\\\/history\\\/#listItem\",\"position\":2,\"name\":\"La Historia de MONATHistoria de MONAT: Nuestra Trayectoria y Logros | Conoce Nuestro LegadoLa Historia de MONAT\",\"previousItem\":{\"@type\":\"ListItem\",\"@id\":\"https:\\\/\\\/monatglobal.com\\\/mx#listItem\",\"name\":\"Home\"}}]},{\"@type\":\"Organization\",\"@id\":\"https:\\\/\\\/monatglobal.com\\\/mx\\\/#organization\",\"name\":\"MONAT GLOBAL\",\"description\":\"We Are Modern Nature\\u00ae\",\"url\":\"https:\\\/\\\/monatglobal.com\\\/mx\\\/\",\"sameAs\":[\"https:\\\/\\\/www.facebook.com\\\/monatofficial\",\"https:\\\/\\\/www.instagram.com\\\/monatofficial\\\/\"]},{\"@type\":\"WebPage\",\"@id\":\"https:\\\/\\\/monatglobal.com\\\/mx\\\/history\\\/#webpage\",\"url\":\"https:\\\/\\\/monatglobal.com\\\/mx\\\/history\\\/\",\"name\":\"Historia de MONAT: Nuestra Trayectoria y Logros | Conoce Nuestro Legado\",\"description\":\"El movimiento MONAT comenz\\u00f3 con una familia y un gran sue\\u00f1o: hacer del mundo un lugar mejor, pensando en cada persona y ofreciendo productos de primera calidad y una oportunidad gratificante.\",\"inLanguage\":\"en-US\",\"isPartOf\":{\"@id\":\"https:\\\/\\\/monatglobal.com\\\/mx\\\/#website\"},\"breadcrumb\":{\"@id\":\"https:\\\/\\\/monatglobal.com\\\/mx\\\/history\\\/#breadcrumblist\"},\"image\":{\"@type\":\"ImageObject\",\"url\":\"https:\\\/\\\/monatglobal.com\\\/mx\\\/wp-content\\\/uploads\\\/sites\\\/30\\\/2025\\\/08\\\/Historia-min.jpg\",\"@id\":\"https:\\\/\\\/monatglobal.com\\\/mx\\\/history\\\/#mainImage\",\"width\":1200,\"height\":628},\"primaryImageOfPage\":{\"@id\":\"https:\\\/\\\/monatglobal.com\\\/mx\\\/history\\\/#mainImage\"},\"datePublished\":\"2025-07-31T14:32:58+01:00\",\"dateModified\":\"2025-10-01T14:51:42+01:00\"},{\"@type\":\"WebSite\",\"@id\":\"https:\\\/\\\/monatglobal.com\\\/mx\\\/#website\",\"url\":\"https:\\\/\\\/monatglobal.com\\\/mx\\\/\",\"name\":\"MONAT GLOBAL\",\"description\":\"We Are Modern Nature\\u00ae\",\"inLanguage\":\"en-US\",\"publisher\":{\"@id\":\"https:\\\/\\\/monatglobal.com\\\/mx\\\/#organization\"}}]}\n\t\t<\/script>\n\t\t<!-- All in One SEO Pro -->\r\n\t\t<title>Historia de MONAT: Nuestra Trayectoria y Logros | Conoce Nuestro Legado<\/title>\n\n","aioseo_head_json":{"title":"Historia de MONAT: Nuestra Trayectoria y Logros | Conoce Nuestro Legado","description":"El movimiento MONAT comenz\u00f3 con una familia y un gran sue\u00f1o: hacer del mundo un lugar mejor, pensando en cada persona y ofreciendo productos de primera calidad y una oportunidad gratificante.","canonical_url":"https:\/\/monatglobal.com\/mx\/history\/","robots":"max-image-preview:large","keywords":"","webmasterTools":{"miscellaneous":""},"schema":{"@context":"https:\/\/schema.org","@graph":[{"@type":"BreadcrumbList","@id":"https:\/\/monatglobal.com\/mx\/history\/#breadcrumblist","itemListElement":[{"@type":"ListItem","@id":"https:\/\/monatglobal.com\/mx#listItem","position":1,"name":"Home","item":"https:\/\/monatglobal.com\/mx","nextItem":{"@type":"ListItem","@id":"https:\/\/monatglobal.com\/mx\/history\/#listItem","name":"La Historia de MONATHistoria de MONAT: Nuestra Trayectoria y Logros | Conoce Nuestro LegadoLa Historia de MONAT"}},{"@type":"ListItem","@id":"https:\/\/monatglobal.com\/mx\/history\/#listItem","position":2,"name":"La Historia de MONATHistoria de MONAT: Nuestra Trayectoria y Logros | Conoce Nuestro LegadoLa Historia de MONAT","previousItem":{"@type":"ListItem","@id":"https:\/\/monatglobal.com\/mx#listItem","name":"Home"}}]},{"@type":"Organization","@id":"https:\/\/monatglobal.com\/mx\/#organization","name":"MONAT GLOBAL","description":"We Are Modern Nature\u00ae","url":"https:\/\/monatglobal.com\/mx\/","sameAs":["https:\/\/www.facebook.com\/monatofficial","https:\/\/www.instagram.com\/monatofficial\/"]},{"@type":"WebPage","@id":"https:\/\/monatglobal.com\/mx\/history\/#webpage","url":"https:\/\/monatglobal.com\/mx\/history\/","name":"Historia de MONAT: Nuestra Trayectoria y Logros | Conoce Nuestro Legado","description":"El movimiento MONAT comenz\u00f3 con una familia y un gran sue\u00f1o: hacer del mundo un lugar mejor, pensando en cada persona y ofreciendo productos de primera calidad y una oportunidad gratificante.","inLanguage":"en-US","isPartOf":{"@id":"https:\/\/monatglobal.com\/mx\/#website"},"breadcrumb":{"@id":"https:\/\/monatglobal.com\/mx\/history\/#breadcrumblist"},"image":{"@type":"ImageObject","url":"https:\/\/monatglobal.com\/mx\/wp-content\/uploads\/sites\/30\/2025\/08\/Historia-min.jpg","@id":"https:\/\/monatglobal.com\/mx\/history\/#mainImage","width":1200,"height":628},"primaryImageOfPage":{"@id":"https:\/\/monatglobal.com\/mx\/history\/#mainImage"},"datePublished":"2025-07-31T14:32:58+01:00","dateModified":"2025-10-01T14:51:42+01:00"},{"@type":"WebSite","@id":"https:\/\/monatglobal.com\/mx\/#website","url":"https:\/\/monatglobal.com\/mx\/","name":"MONAT GLOBAL","description":"We Are Modern Nature\u00ae","inLanguage":"en-US","publisher":{"@id":"https:\/\/monatglobal.com\/mx\/#organization"}}]},"og:locale":"en_US","og:site_name":"MONAT Mexico - We Are Modern Nature\u00ae","og:type":"article","og:title":"Historia de MONAT: Nuestra Trayectoria y Logros | Conoce Nuestro Legado","og:description":"El movimiento MONAT comenz\u00f3 con una familia y un gran sue\u00f1o: hacer del mundo un lugar mejor, pensando en cada persona y ofreciendo productos de primera calidad y una oportunidad gratificante.","og:url":"https:\/\/monatglobal.com\/mx\/history\/","og:image":"https:\/\/monatglobal.com\/mx\/wp-content\/uploads\/sites\/30\/2025\/08\/Historia-min.jpg","og:image:secure_url":"https:\/\/monatglobal.com\/mx\/wp-content\/uploads\/sites\/30\/2025\/08\/Historia-min.jpg","og:image:width":1200,"og:image:height":628,"article:published_time":"2025-07-31T13:32:58+00:00","article:modified_time":"2025-10-01T13:51:42+00:00","article:publisher":"https:\/\/www.facebook.com\/monatofficial","twitter:card":"summary","twitter:title":"Historia de MONAT: Nuestra Trayectoria y Logros | Conoce Nuestro Legado","twitter:description":"El movimiento MONAT comenz\u00f3 con una familia y un gran sue\u00f1o: hacer del mundo un lugar mejor, pensando en cada persona y ofreciendo productos de primera calidad y una oportunidad gratificante.","twitter:image":"https:\/\/monatglobal.com\/mx\/wp-content\/uploads\/sites\/30\/2025\/08\/Historia-min.jpg"},"aioseo_meta_data":{"post_id":"108442","title":"Historia de MONAT: Nuestra Trayectoria y Logros | Conoce Nuestro Legado","description":"El movimiento MONAT comenz\u00f3 con una familia y un gran sue\u00f1o: hacer del mundo un lugar mejor, pensando en cada persona y ofreciendo productos de primera calidad y una oportunidad gratificante.","keywords":null,"keyphrases":{"focus":{"keyphrase":"","score":0,"analysis":{"keyphraseInTitle":{"score":0,"maxScore":9,"error":1}}},"additional":[]},"primary_term":null,"canonical_url":null,"og_title":null,"og_description":null,"og_object_type":"default","og_image_type":"default","og_image_url":null,"og_image_width":null,"og_image_height":null,"og_image_custom_url":null,"og_image_custom_fields":null,"og_video":"","og_custom_url":null,"og_article_section":null,"og_article_tags":null,"twitter_use_og":false,"twitter_card":"default","twitter_image_type":"default","twitter_image_url":null,"twitter_image_custom_url":null,"twitter_image_custom_fields":null,"twitter_title":null,"twitter_description":null,"schema":{"blockGraphs":[],"customGraphs":[],"default":{"data":{"Article":[],"Course":[],"Dataset":[],"FAQPage":[],"Movie":[],"Person":[],"Product":[],"ProductReview":[],"Car":[],"Recipe":[],"Service":[],"SoftwareApplication":[],"WebPage":[]},"graphName":"WebPage","isEnabled":true},"graphs":[]},"schema_type":"default","schema_type_options":null,"pillar_content":false,"robots_default":true,"robots_noindex":false,"robots_noarchive":false,"robots_nosnippet":false,"robots_nofollow":false,"robots_noimageindex":false,"robots_noodp":false,"robots_notranslate":false,"robots_max_snippet":"-1","robots_max_videopreview":"-1","robots_max_imagepreview":"large","priority":null,"frequency":"default","local_seo":null,"seo_analyzer_scan_date":"2025-08-21 23:32:56","breadcrumb_settings":null,"limit_modified_date":false,"reviewed_by":"0","open_ai":null,"ai":{"faqs":[],"keyPoints":[],"titles":[],"descriptions":[],"socialPosts":{"email":[],"linkedin":[],"twitter":[],"facebook":[],"instagram":[]}},"created":"2025-07-31 13:33:04","updated":"2026-02-10 19:00:53"},"aioseo_breadcrumb":"<div class=\"aioseo-breadcrumbs\"><span class=\"aioseo-breadcrumb\">\n\t<a href=\"https:\/\/monatglobal.com\/mx\" title=\"Home\">Home<\/a>\n<\/span><span class=\"aioseo-breadcrumb-separator\">&raquo;<\/span><span class=\"aioseo-breadcrumb\">\n\tLa Historia de MONATHistoria de MONAT: Nuestra Trayectoria y Logros | Conoce Nuestro LegadoLa Historia de MONAT\n<\/span><\/div>","aioseo_breadcrumb_json":[{"label":"Home","link":"https:\/\/monatglobal.com\/mx"},{"label":"La Historia de MONATHistoria de MONAT: Nuestra Trayectoria y Logros | Conoce Nuestro LegadoLa Historia de MONAT","link":"https:\/\/monatglobal.com\/mx\/history\/"}],"_links":{"self":[{"href":"https:\/\/monatglobal.com\/mx\/wp-json\/wp\/v2\/pages\/108442","targetHints":{"allow":["GET"]}}],"collection":[{"href":"https:\/\/monatglobal.com\/mx\/wp-json\/wp\/v2\/pages"}],"about":[{"href":"https:\/\/monatglobal.com\/mx\/wp-json\/wp\/v2\/types\/page"}],"author":[{"embeddable":true,"href":"https:\/\/monatglobal.com\/mx\/wp-json\/wp\/v2\/users\/47"}],"replies":[{"embeddable":true,"href":"https:\/\/monatglobal.com\/mx\/wp-json\/wp\/v2\/comments?post=108442"}],"version-history":[{"count":7,"href":"https:\/\/monatglobal.com\/mx\/wp-json\/wp\/v2\/pages\/108442\/revisions"}],"predecessor-version":[{"id":108760,"href":"https:\/\/monatglobal.com\/mx\/wp-json\/wp\/v2\/pages\/108442\/revisions\/108760"}],"wp:featuredmedia":[{"embeddable":true,"href":"https:\/\/monatglobal.com\/mx\/wp-json\/wp\/v2\/media\/108587"}],"wp:attachment":[{"href":"https:\/\/monatglobal.com\/mx\/wp-json\/wp\/v2\/media?parent=108442"}],"wp:term":[{"taxonomy":"category","embeddable":true,"href":"https:\/\/monatglobal.com\/mx\/wp-json\/wp\/v2\/categories?post=108442"},{"taxonomy":"post_tag","embeddable":true,"href":"https:\/\/monatglobal.com\/mx\/wp-json\/wp\/v2\/tags?post=108442"}],"curies":[{"name":"wp","href":"https:\/\/api.w.org\/{rel}","templated":true}]}}