{"id":108432,"date":"2025-07-30T23:44:10","date_gmt":"2025-07-30T22:44:10","guid":{"rendered":"https:\/\/monatglobal.com\/mx\/?page_id=108432"},"modified":"2026-03-02T15:09:22","modified_gmt":"2026-03-02T15:09:22","slug":"founders-pool","status":"publish","type":"page","link":"https:\/\/monatglobal.com\/mx\/founders-pool\/","title":{"rendered":"Founders Pool de MONAT: Programa \u00c9lite de L\u00edderes y Bonos | MONAT M\u00e9xico"},"content":{"rendered":"\n\n\t<link href=\"https:\/\/fonts.cdnfonts.com\/css\/butler\" rel=\"stylesheet\"\/>\n<link href=\"https:\/\/fonts.cdnfonts.com\/css\/switzerland\" rel=\"stylesheet\"\/>\n    <img decoding=\"async\" src=\"https:\/\/monatglobal.com\/wp-content\/uploads\/2024\/06\/VFP-spanish-logo.svg\" alt=\"founders pool logo\"\/>\n<section id=\"future_sec\">\n    <img decoding=\"async\" src=\"https:\/\/monatglobal.com\/wp-content\/uploads\/2024\/06\/MARBLE-strip-min.jpg\" alt=\"marble\"\/>\n    <h1>S\u00c9 DUE\u00d1O DE UNA <br \/>PARTE DEL Futuro<\/h1>\n        <video src=\"https:\/\/monatglobal.com\/wp-content\/uploads\/2024\/06\/founders-pool-video.mp4\" loop muted autoplay><\/video>\n        <img decoding=\"async\" src=\"https:\/\/monatglobal.com\/wp-content\/uploads\/2024\/06\/its-your-future-.svg\"\/>\n        <img decoding=\"async\" data-lbxp-iframe=\"https:\/\/www.youtube-nocookie.com\/embed\/YZm42lIkgTY?cc_load_policy=1&#038;cc_lang_pref=es\" src=\"https:\/\/monatglobal.com\/wp-content\/uploads\/2016\/04\/play_btn_lines_shadow_1.png\"\/>\n    <img decoding=\"async\" src=\"https:\/\/monatglobal.com\/wp-content\/uploads\/2024\/06\/lines-detail-left.svg\" alt=\"background lines\"\/>\n<\/section>\n<section id=\"skils_sec\">\n    <h3>Empresa de venta directa #1 del mundo de productos pr\u00e9mium del cuidado del cabello.<\/h3>\n    <h3>Una marca multimillonaria que abarca tres continentes.<\/h3>\n    <h3>Productos premiados de base natural y amados por millones.<\/h3>\n    <h3>Una cultura de \u00e9xito basada en la familia, el servicio y la gratitud.<\/h3>\n    <h3>Un plan de compensaci\u00f3n que te recompensa como ning\u00fan otro.<\/h3>\n<\/section>   \n<sec id=\"become_sec\">\n        <img decoding=\"async\" src=\"https:\/\/monatglobal.com\/wp-content\/uploads\/2024\/06\/MARBLE-strip-min.jpg\" alt=\"marble\"\/>\n        <img decoding=\"async\" src=\"https:\/\/monatglobal.com\/wp-content\/uploads\/2024\/06\/lines-detail-right.svg\" alt=\"lines\"\/>\n            <h2>Y ahora, convi\u00e9rtete en un Fundador Visionario y ganar\u00e1s una participaci\u00f3n en la nueva Reserva de Fundadores&nbsp;Visionarios.<\/h2> \n                <img decoding=\"async\" src=\"https:\/\/monatglobal.com\/wp-content\/uploads\/2024\/06\/Visionary-Founder-min.jpg\" alt=\"\"\/>\n                <p>Junto con el beneficioso Plan de Compensaci\u00f3n de MONAT, la Reserva de Fundadores Visionarios ofrece la oportunidad de recibir pagos trimestrales basados en el uno por ciento del ingreso por comisiones de MONAT Norteam\u00e9rica y Latinoam\u00e9rica para el trimestre, adem\u00e1s de tus ganancias regulares.*<\/p>\n            <p>Inscr\u00edbete hoy como Market Partner (MP) de MONAT y comienza el viaje del que disfrutan cientos de miles de emprendedores en Norteam\u00e9rica, Latinoam\u00e9rica, Europa y Asia Pac\u00edfico.<\/p>\n            <p>Convi\u00e9rtete en un Fundador Visionario y no solo ser\u00e1s parte de MONAT, sino que ser\u00e1s due\u00f1o(a) de una parte de nuestro futuro.<\/p>\n            <h2>Para convertirte  <br \/> EN UN FUNDADOR <br \/>VISIONARIO:<\/h2>\n<\/sec>\n<section id=\"newMPS_sec\"> \n                <h2>NUEVOS MPs<\/h2>\n                <h3><strong>En Estados Unidos y Canad\u00e1: <\/strong><br \/> Inscritos entre el 1 de junio de 2024 y <br \/> el 30 de septiembre de 2025<\/h3>\n                <h3><strong>En M\u00e9xico:<\/strong> <br \/> Inscritos entre el 1 de octubre de 2025 y <br \/> el 31 de octubre de 2026<\/h3>\n                <h3><strong>En Rep\u00fablica Dominicana y Panam\u00e1:<\/strong> <br \/> Inscritos entre el 2 de marzo de 2026 y <br \/> el 31 de marzo de 2027<\/h3> \n                 <img decoding=\"async\" src=\"https:\/\/monatglobal.com\/wp-content\/uploads\/2024\/06\/NEW-MPS-min.jpg\" alt=\"\"\/>\n                 <img decoding=\"async\" src=\"https:\/\/monatglobal.com\/wp-content\/uploads\/2024\/06\/MARBLE-bkgnd-mp-min.jpg\"\/>\n<\/section> \n<!--<section id=\"currentMPS_sec\">-->\n<!--    -->\n<!--        <h3>PARA GANAR UNA PARTICIPACI\u00d3N<\/h3>-->\n<!--        <h3>PARA GANAR DOS PARTICIPACIONES:<\/h3>-->\n<!--        <p>Avanza de rango a MM dentro de tu mes de inscripci\u00f3n + 12&nbsp;meses calendario<\/p>-->\n<!--        <p>Inscribirte como Market Partner de Prelanzamiento en <strong>M\u00c9XICO<\/strong> entre el 1 de octubre y el 30 de noviembre 2025 <br \/><br \/> Inscribirte como Market Partner de Prelanzamiento <strong>Rep\u00fablica Dominicana\/<br \/>Panam\u00e1<\/strong> entre el 1 de febrero y el 28 de febrero de 2026<\/p>-->\n<!--    -->\n<!--<\/section>-->\n<h2>Market Partners <br \/> en Estados Unidos y Canad\u00e1<\/h2> \n        <h3>PARAMETEROS<\/h3>\n        <h3>PARA GANAR 1 PARTICIPACI\u00d3N<\/h3>\n        <p>Inscr\u00edbete entre el 1 de junio de 2024 y <br \/>el 30 de septiembre de&nbsp;2025<\/p>\n        <p>Asciende a MM dentro de tu mes de inscripci\u00f3n m\u00e1s 12&nbsp;meses&nbsp;calendario<\/p> \n    <h2>Market Partners <br \/> en M\u00e9xico<\/h2> \n        <h3>PARAMETEROS<\/h3>\n        <h3>PARA GANAR 1 PARTICIPACI\u00d3N<\/h3>\n        <h3>PARA GANAR 2 PARTICIPACIONES<\/h3>\n        <p>Inscr\u00edbete entre el 1 de octubre y el 30 de noviembre de&nbsp;2025<\/p>\n        \n        <p>Asciende a MM antes del 30 de noviembre de&nbsp;2026<\/p> \n        <p>Inscr\u00edbete entre el 1 de diciembre de 2025 y el 31 de octubre de 2026<\/p>\n        <p>Asciende a MM dentro de tu mes de inscripci\u00f3n m\u00e1s 12 meses calendario<\/p>\n        \n    <h2>Market Partners <br \/> en Rep\u00fablica Dominicana y Panam\u00e1<\/h2> \n        <h3>PAR\u00c1METROS<\/h3>\n        <h3>PARA GANAR 1 PARTICIPACI\u00d3N<\/h3>\n        <h3>PARA GANAR 2 PARTICIPACIONES<\/h3>\n        <p>Inscr\u00edbete entre el 2 y el 31 de marzo de 2026<\/p>\n        \n        <p>Asciende a MM antes del 30 de abril de 2027<\/p> \n        <p>Inscr\u00edbete entre el 1 de abril de 2026 y el 31 de marzo de 2027<\/p>\n        <p>Asciende a MM dentro de tu mes de inscripci\u00f3n m\u00e1s 12 meses calendario<\/p>\n        \n<br \/><br \/>\n<section id=\"plus\">\n    <h2>Adem\u00e1s <br \/> &#8211; Participaci\u00f3n por Patrocinio &#8211;<\/h2>\n    <p>Puedes ganar una participaci\u00f3n en la Reserva de Fundador Visionario cuando patrocines personalmente a un nuevo Fundador Visionario en M\u00e9xico, Rep\u00fablica Dominicana o Panam\u00e1.<\/p>\n            <ul>\n                <li>Debes tener el rango pagado de MM o superior en el mes en que tu Fundador Visionario promovido alcance por primera vez el rango de MM. Si no alcanzas el rango de MM o superior en el mismo mes, tendr\u00e1s los siguientes 3 meses para lograr el rango de pagado de MM o superior.<\/li> \n                <li>Solo se puede ganar una participaci\u00f3n por patrocinar a un nuevo Fundador Visionario, sin importar cu\u00e1ntos Fundadores Visionarios hayas patrocinado.<\/li>\n            <\/ul>\n            <ul>\n                <li>El m\u00e1ximo de participaciones que se pueden ganar para el Fondo de Fundadores Visionarios es de 2. Si ya tienes 2 participaciones por ti mismo, no eres elegible para la participaci\u00f3n por patrocinio.<\/li>\n                <li>La participaci\u00f3n por patrocinio est\u00e1 disponible para Market Partners de todos los pa\u00edses, si patrocinan personalmente a un nuevo Fundador Visionario en M\u00e9xico, Rep\u00fablica Dominicana o&nbsp;Panam\u00e1.<\/li>\n            <\/ul>\n<\/section>\n<section>\n        <a href=\"https:\/\/monatglobal.com\/wp-content\/uploads\/2026\/02\/USPA-LATAM_Visionary-Founders-Pool-FAQ_PDF_130226_v14.pdf\" target=\"_blank\" id=\"qualify_sec-faq\">PREGUNTAS FRECUENTES<\/a>  \n<\/section>\n\n","protected":false},"excerpt":{"rendered":"<p>S\u00c9 DUE\u00d1O DE UNA PARTE DEL Futuro Empresa de venta directa #1 del mundo de productos pr\u00e9mium del cuidado del cabello. Una marca multimillonaria que abarca tres continentes. Productos premiados de base natural y amados por millones. Una cultura de \u00e9xito basada en la familia, el servicio y la gratitud. Un plan de compensaci\u00f3n que&hellip;<\/p>\n","protected":false},"author":47,"featured_media":108586,"parent":0,"menu_order":0,"comment_status":"closed","ping_status":"closed","template":"","meta":{"inline_featured_image":false,"footnotes":""},"categories":[],"tags":[],"class_list":["post-108432","page","type-page","status-publish","has-post-thumbnail","hentry"],"aioseo_notices":[],"aioseo_head":"\n\t\t<!-- All in One SEO Pro 4.9.5.2 - aioseo.com -->\n\t<meta name=\"description\" content=\"Descubre el exclusivo programa Founders Pool de MONAT M\u00e9xico. Accede a bonos extraordinarios, reconocimientos VIP y viajes como parte de nuestra \u00e9lite de l\u00edderes. \u00bfTienes lo que se necesita?\" \/>\n\t<meta name=\"robots\" content=\"max-image-preview:large\" \/>\n\t<link rel=\"canonical\" href=\"https:\/\/monatglobal.com\/mx\/founders-pool\/\" \/>\n\t<meta name=\"generator\" content=\"All in One SEO Pro (AIOSEO) 4.9.5.2\" \/>\n\t\t<meta property=\"og:locale\" content=\"en_US\" \/>\n\t\t<meta property=\"og:site_name\" content=\"MONAT Mexico - We Are Modern Nature\u00ae\" \/>\n\t\t<meta property=\"og:type\" content=\"article\" \/>\n\t\t<meta property=\"og:title\" content=\"Founders Pool de MONAT: Programa \u00c9lite de L\u00edderes y Bonos | MONAT M\u00e9xico\" \/>\n\t\t<meta property=\"og:description\" content=\"Descubre el exclusivo programa Founders Pool de MONAT M\u00e9xico. Accede a bonos extraordinarios, reconocimientos VIP y viajes como parte de nuestra \u00e9lite de l\u00edderes. \u00bfTienes lo que se necesita?\" \/>\n\t\t<meta property=\"og:url\" content=\"https:\/\/monatglobal.com\/mx\/founders-pool\/\" \/>\n\t\t<meta property=\"og:image\" content=\"https:\/\/monatglobal.com\/mx\/wp-content\/uploads\/sites\/30\/2025\/08\/Founders-Pool-min.jpg\" \/>\n\t\t<meta property=\"og:image:secure_url\" content=\"https:\/\/monatglobal.com\/mx\/wp-content\/uploads\/sites\/30\/2025\/08\/Founders-Pool-min.jpg\" \/>\n\t\t<meta property=\"og:image:width\" content=\"1200\" \/>\n\t\t<meta property=\"og:image:height\" content=\"628\" \/>\n\t\t<meta property=\"article:published_time\" content=\"2025-07-30T22:44:10+00:00\" \/>\n\t\t<meta property=\"article:modified_time\" content=\"2026-03-02T15:09:22+00:00\" \/>\n\t\t<meta property=\"article:publisher\" content=\"https:\/\/www.facebook.com\/monatofficial\" \/>\n\t\t<meta name=\"twitter:card\" content=\"summary\" \/>\n\t\t<meta name=\"twitter:title\" content=\"Founders Pool de MONAT: Programa \u00c9lite de L\u00edderes y Bonos | MONAT M\u00e9xico\" \/>\n\t\t<meta name=\"twitter:description\" content=\"Descubre el exclusivo programa Founders Pool de MONAT M\u00e9xico. Accede a bonos extraordinarios, reconocimientos VIP y viajes como parte de nuestra \u00e9lite de l\u00edderes. \u00bfTienes lo que se necesita?\" \/>\n\t\t<meta name=\"twitter:image\" content=\"https:\/\/monatglobal.com\/mx\/wp-content\/uploads\/sites\/30\/2025\/08\/Founders-Pool-min.jpg\" \/>\n\t\t<script type=\"application\/ld+json\" class=\"aioseo-schema\">\n\t\t\t{\"@context\":\"https:\\\/\\\/schema.org\",\"@graph\":[{\"@type\":\"BreadcrumbList\",\"@id\":\"https:\\\/\\\/monatglobal.com\\\/mx\\\/founders-pool\\\/#breadcrumblist\",\"itemListElement\":[{\"@type\":\"ListItem\",\"@id\":\"https:\\\/\\\/monatglobal.com\\\/mx#listItem\",\"position\":1,\"name\":\"Home\",\"item\":\"https:\\\/\\\/monatglobal.com\\\/mx\",\"nextItem\":{\"@type\":\"ListItem\",\"@id\":\"https:\\\/\\\/monatglobal.com\\\/mx\\\/founders-pool\\\/#listItem\",\"name\":\"Founders Pool de MONAT: Programa \\u00c9lite de L\\u00edderes y Bonos | MONAT M\\u00e9xico\"}},{\"@type\":\"ListItem\",\"@id\":\"https:\\\/\\\/monatglobal.com\\\/mx\\\/founders-pool\\\/#listItem\",\"position\":2,\"name\":\"Founders Pool de MONAT: Programa \\u00c9lite de L\\u00edderes y Bonos | MONAT M\\u00e9xico\",\"previousItem\":{\"@type\":\"ListItem\",\"@id\":\"https:\\\/\\\/monatglobal.com\\\/mx#listItem\",\"name\":\"Home\"}}]},{\"@type\":\"Organization\",\"@id\":\"https:\\\/\\\/monatglobal.com\\\/mx\\\/#organization\",\"name\":\"MONAT GLOBAL\",\"description\":\"We Are Modern Nature\\u00ae\",\"url\":\"https:\\\/\\\/monatglobal.com\\\/mx\\\/\",\"sameAs\":[\"https:\\\/\\\/www.facebook.com\\\/monatofficial\",\"https:\\\/\\\/www.instagram.com\\\/monatofficial\\\/\"]},{\"@type\":\"WebPage\",\"@id\":\"https:\\\/\\\/monatglobal.com\\\/mx\\\/founders-pool\\\/#webpage\",\"url\":\"https:\\\/\\\/monatglobal.com\\\/mx\\\/founders-pool\\\/\",\"name\":\"Founders Pool de MONAT: Programa \\u00c9lite de L\\u00edderes y Bonos | MONAT M\\u00e9xico\",\"description\":\"Descubre el exclusivo programa Founders Pool de MONAT M\\u00e9xico. Accede a bonos extraordinarios, reconocimientos VIP y viajes como parte de nuestra \\u00e9lite de l\\u00edderes. \\u00bfTienes lo que se necesita?\",\"inLanguage\":\"en-US\",\"isPartOf\":{\"@id\":\"https:\\\/\\\/monatglobal.com\\\/mx\\\/#website\"},\"breadcrumb\":{\"@id\":\"https:\\\/\\\/monatglobal.com\\\/mx\\\/founders-pool\\\/#breadcrumblist\"},\"image\":{\"@type\":\"ImageObject\",\"url\":\"https:\\\/\\\/monatglobal.com\\\/mx\\\/wp-content\\\/uploads\\\/sites\\\/30\\\/2025\\\/08\\\/Founders-Pool-min.jpg\",\"@id\":\"https:\\\/\\\/monatglobal.com\\\/mx\\\/founders-pool\\\/#mainImage\",\"width\":1200,\"height\":628},\"primaryImageOfPage\":{\"@id\":\"https:\\\/\\\/monatglobal.com\\\/mx\\\/founders-pool\\\/#mainImage\"},\"datePublished\":\"2025-07-30T23:44:10+01:00\",\"dateModified\":\"2026-03-02T15:09:22+00:00\"},{\"@type\":\"WebSite\",\"@id\":\"https:\\\/\\\/monatglobal.com\\\/mx\\\/#website\",\"url\":\"https:\\\/\\\/monatglobal.com\\\/mx\\\/\",\"name\":\"MONAT GLOBAL\",\"description\":\"We Are Modern Nature\\u00ae\",\"inLanguage\":\"en-US\",\"publisher\":{\"@id\":\"https:\\\/\\\/monatglobal.com\\\/mx\\\/#organization\"}}]}\n\t\t<\/script>\n\t\t<!-- All in One SEO Pro -->\r\n\t\t<title>Founders Pool de MONAT: Programa \u00c9lite de L\u00edderes y Bonos | MONAT M\u00e9xico<\/title>\n\n","aioseo_head_json":{"title":"Founders Pool de MONAT: Programa \u00c9lite de L\u00edderes y Bonos | MONAT M\u00e9xico","description":"Descubre el exclusivo programa Founders Pool de MONAT M\u00e9xico. Accede a bonos extraordinarios, reconocimientos VIP y viajes como parte de nuestra \u00e9lite de l\u00edderes. \u00bfTienes lo que se necesita?","canonical_url":"https:\/\/monatglobal.com\/mx\/founders-pool\/","robots":"max-image-preview:large","keywords":"","webmasterTools":{"miscellaneous":""},"schema":{"@context":"https:\/\/schema.org","@graph":[{"@type":"BreadcrumbList","@id":"https:\/\/monatglobal.com\/mx\/founders-pool\/#breadcrumblist","itemListElement":[{"@type":"ListItem","@id":"https:\/\/monatglobal.com\/mx#listItem","position":1,"name":"Home","item":"https:\/\/monatglobal.com\/mx","nextItem":{"@type":"ListItem","@id":"https:\/\/monatglobal.com\/mx\/founders-pool\/#listItem","name":"Founders Pool de MONAT: Programa \u00c9lite de L\u00edderes y Bonos | MONAT M\u00e9xico"}},{"@type":"ListItem","@id":"https:\/\/monatglobal.com\/mx\/founders-pool\/#listItem","position":2,"name":"Founders Pool de MONAT: Programa \u00c9lite de L\u00edderes y Bonos | MONAT M\u00e9xico","previousItem":{"@type":"ListItem","@id":"https:\/\/monatglobal.com\/mx#listItem","name":"Home"}}]},{"@type":"Organization","@id":"https:\/\/monatglobal.com\/mx\/#organization","name":"MONAT GLOBAL","description":"We Are Modern Nature\u00ae","url":"https:\/\/monatglobal.com\/mx\/","sameAs":["https:\/\/www.facebook.com\/monatofficial","https:\/\/www.instagram.com\/monatofficial\/"]},{"@type":"WebPage","@id":"https:\/\/monatglobal.com\/mx\/founders-pool\/#webpage","url":"https:\/\/monatglobal.com\/mx\/founders-pool\/","name":"Founders Pool de MONAT: Programa \u00c9lite de L\u00edderes y Bonos | MONAT M\u00e9xico","description":"Descubre el exclusivo programa Founders Pool de MONAT M\u00e9xico. Accede a bonos extraordinarios, reconocimientos VIP y viajes como parte de nuestra \u00e9lite de l\u00edderes. \u00bfTienes lo que se necesita?","inLanguage":"en-US","isPartOf":{"@id":"https:\/\/monatglobal.com\/mx\/#website"},"breadcrumb":{"@id":"https:\/\/monatglobal.com\/mx\/founders-pool\/#breadcrumblist"},"image":{"@type":"ImageObject","url":"https:\/\/monatglobal.com\/mx\/wp-content\/uploads\/sites\/30\/2025\/08\/Founders-Pool-min.jpg","@id":"https:\/\/monatglobal.com\/mx\/founders-pool\/#mainImage","width":1200,"height":628},"primaryImageOfPage":{"@id":"https:\/\/monatglobal.com\/mx\/founders-pool\/#mainImage"},"datePublished":"2025-07-30T23:44:10+01:00","dateModified":"2026-03-02T15:09:22+00:00"},{"@type":"WebSite","@id":"https:\/\/monatglobal.com\/mx\/#website","url":"https:\/\/monatglobal.com\/mx\/","name":"MONAT GLOBAL","description":"We Are Modern Nature\u00ae","inLanguage":"en-US","publisher":{"@id":"https:\/\/monatglobal.com\/mx\/#organization"}}]},"og:locale":"en_US","og:site_name":"MONAT Mexico - We Are Modern Nature\u00ae","og:type":"article","og:title":"Founders Pool de MONAT: Programa \u00c9lite de L\u00edderes y Bonos | MONAT M\u00e9xico","og:description":"Descubre el exclusivo programa Founders Pool de MONAT M\u00e9xico. Accede a bonos extraordinarios, reconocimientos VIP y viajes como parte de nuestra \u00e9lite de l\u00edderes. \u00bfTienes lo que se necesita?","og:url":"https:\/\/monatglobal.com\/mx\/founders-pool\/","og:image":"https:\/\/monatglobal.com\/mx\/wp-content\/uploads\/sites\/30\/2025\/08\/Founders-Pool-min.jpg","og:image:secure_url":"https:\/\/monatglobal.com\/mx\/wp-content\/uploads\/sites\/30\/2025\/08\/Founders-Pool-min.jpg","og:image:width":1200,"og:image:height":628,"article:published_time":"2025-07-30T22:44:10+00:00","article:modified_time":"2026-03-02T15:09:22+00:00","article:publisher":"https:\/\/www.facebook.com\/monatofficial","twitter:card":"summary","twitter:title":"Founders Pool de MONAT: Programa \u00c9lite de L\u00edderes y Bonos | MONAT M\u00e9xico","twitter:description":"Descubre el exclusivo programa Founders Pool de MONAT M\u00e9xico. Accede a bonos extraordinarios, reconocimientos VIP y viajes como parte de nuestra \u00e9lite de l\u00edderes. \u00bfTienes lo que se necesita?","twitter:image":"https:\/\/monatglobal.com\/mx\/wp-content\/uploads\/sites\/30\/2025\/08\/Founders-Pool-min.jpg"},"aioseo_meta_data":{"post_id":"108432","title":"Founders Pool de MONAT: Programa \u00c9lite de L\u00edderes y Bonos | MONAT M\u00e9xico","description":"Descubre el exclusivo programa Founders Pool de MONAT M\u00e9xico. Accede a bonos extraordinarios, reconocimientos VIP y viajes como parte de nuestra \u00e9lite de l\u00edderes. \u00bfTienes lo que se necesita?","keywords":null,"keyphrases":{"focus":{"keyphrase":"","score":0,"analysis":{"keyphraseInTitle":{"score":0,"maxScore":9,"error":1}}},"additional":[]},"primary_term":null,"canonical_url":null,"og_title":null,"og_description":null,"og_object_type":"default","og_image_type":"default","og_image_url":null,"og_image_width":null,"og_image_height":null,"og_image_custom_url":null,"og_image_custom_fields":null,"og_video":"","og_custom_url":null,"og_article_section":null,"og_article_tags":null,"twitter_use_og":false,"twitter_card":"default","twitter_image_type":"default","twitter_image_url":null,"twitter_image_custom_url":null,"twitter_image_custom_fields":null,"twitter_title":null,"twitter_description":null,"schema":{"blockGraphs":[],"customGraphs":[],"default":{"data":{"Article":[],"Course":[],"Dataset":[],"FAQPage":[],"Movie":[],"Person":[],"Product":[],"ProductReview":[],"Car":[],"Recipe":[],"Service":[],"SoftwareApplication":[],"WebPage":[]},"graphName":"WebPage","isEnabled":true},"graphs":[]},"schema_type":"default","schema_type_options":null,"pillar_content":false,"robots_default":true,"robots_noindex":false,"robots_noarchive":false,"robots_nosnippet":false,"robots_nofollow":false,"robots_noimageindex":false,"robots_noodp":false,"robots_notranslate":false,"robots_max_snippet":"-1","robots_max_videopreview":"-1","robots_max_imagepreview":"large","priority":null,"frequency":"default","local_seo":null,"seo_analyzer_scan_date":"2026-03-02 16:03:26","breadcrumb_settings":null,"limit_modified_date":false,"reviewed_by":"0","open_ai":null,"ai":{"faqs":[],"keyPoints":[],"titles":[],"descriptions":[],"socialPosts":{"email":[],"linkedin":[],"twitter":[],"facebook":[],"instagram":[]}},"created":"2025-07-30 22:44:14","updated":"2026-03-02 16:05:58"},"aioseo_breadcrumb":"<div class=\"aioseo-breadcrumbs\"><span class=\"aioseo-breadcrumb\">\n\t<a href=\"https:\/\/monatglobal.com\/mx\" title=\"Home\">Home<\/a>\n<\/span><span class=\"aioseo-breadcrumb-separator\">&raquo;<\/span><span class=\"aioseo-breadcrumb\">\n\tFounders Pool de MONAT: Programa \u00c9lite de L\u00edderes y Bonos | MONAT M\u00e9xico\n<\/span><\/div>","aioseo_breadcrumb_json":[{"label":"Home","link":"https:\/\/monatglobal.com\/mx"},{"label":"Founders Pool de MONAT: Programa \u00c9lite de L\u00edderes y Bonos | MONAT M\u00e9xico","link":"https:\/\/monatglobal.com\/mx\/founders-pool\/"}],"_links":{"self":[{"href":"https:\/\/monatglobal.com\/mx\/wp-json\/wp\/v2\/pages\/108432","targetHints":{"allow":["GET"]}}],"collection":[{"href":"https:\/\/monatglobal.com\/mx\/wp-json\/wp\/v2\/pages"}],"about":[{"href":"https:\/\/monatglobal.com\/mx\/wp-json\/wp\/v2\/types\/page"}],"author":[{"embeddable":true,"href":"https:\/\/monatglobal.com\/mx\/wp-json\/wp\/v2\/users\/47"}],"replies":[{"embeddable":true,"href":"https:\/\/monatglobal.com\/mx\/wp-json\/wp\/v2\/comments?post=108432"}],"version-history":[{"count":11,"href":"https:\/\/monatglobal.com\/mx\/wp-json\/wp\/v2\/pages\/108432\/revisions"}],"predecessor-version":[{"id":109086,"href":"https:\/\/monatglobal.com\/mx\/wp-json\/wp\/v2\/pages\/108432\/revisions\/109086"}],"wp:featuredmedia":[{"embeddable":true,"href":"https:\/\/monatglobal.com\/mx\/wp-json\/wp\/v2\/media\/108586"}],"wp:attachment":[{"href":"https:\/\/monatglobal.com\/mx\/wp-json\/wp\/v2\/media?parent=108432"}],"wp:term":[{"taxonomy":"category","embeddable":true,"href":"https:\/\/monatglobal.com\/mx\/wp-json\/wp\/v2\/categories?post=108432"},{"taxonomy":"post_tag","embeddable":true,"href":"https:\/\/monatglobal.com\/mx\/wp-json\/wp\/v2\/tags?post=108432"}],"curies":[{"name":"wp","href":"https:\/\/api.w.org\/{rel}","templated":true}]}}