{"id":86478,"date":"2025-03-20T17:55:53","date_gmt":"2025-03-20T17:55:53","guid":{"rendered":"https:\/\/monatglobal.com\/lt\/?page_id=86478"},"modified":"2025-03-24T19:48:20","modified_gmt":"2025-03-24T19:48:20","slug":"biotechbeauty","status":"publish","type":"page","link":"https:\/\/monatglobal.com\/lt\/biotechbeauty\/","title":{"rendered":"MONAT Biotechnologinis gro\u017eis: Inovatyv\u016bs odos ir plauk\u0173 prie\u017ei\u016bros produktai"},"content":{"rendered":"\n<style>\n   :root {\n        --mediumSizeP: clamp(1.8rem, 1.6vw, 2.3rem); \n        --smallSizeP: clamp(1.4rem, 1.4vw, 1.8rem);\n        --gray: #fbfbfb\n   } \n<\/style> \n<section id=\"bannerSec\">\n        <img decoding=\"async\" id=\"monat_banner_logo\" src=\"https:\/\/monatglobal.com\/wp-content\/uploads\/2024\/11\/monat_logo_2024.svg\" alt=\"MONAT GLOBAL\">\n        <h2>Biotechnologinio <br>gro\u017eio <br>pradininkai<\/h2>\n            <p>Biotechnologinis gro\u017eis <em>(ang. Biotech Beauty)<\/em> &#8211; odos prie\u017ei\u016bros ir kosmetikos priemoni\u0173 kategorija, kuriai priskiriami biotechnologijomis sukurti laboratorijoje u\u017eauginti arba bioin\u017einerijos b\u016bdu sukurti ingredientai, didinantys veiksmingum\u0105, tvarum\u0105 ir eti\u0161kum\u0105 bei ma\u017einantys priklausomyb\u0119 nuo nat\u016brali\u0173 ar sintetini\u0173&nbsp;i\u0161tekli\u0173.<\/p>\n<\/section>\n<section id=\"sec1\">\n    <p>Biotechnologinis gro\u017eis <em>(ang. Biotech Beauty)<\/em> &#8211; odos prie\u017ei\u016bros ir kosmetikos priemoni\u0173 kategorija, kuriai priskiriami biotechnologijomis sukurti laboratorijoje u\u017eauginti arba bioin\u017einerijos b\u016bdu sukurti ingredientai, didinantys veiksmingum\u0105, tvarum\u0105 ir eti\u0161kum\u0105 bei ma\u017einantys priklausomyb\u0119 nuo nat\u016brali\u0173 ar sintetini\u0173&nbsp;i\u0161tekli\u0173.<\/p>\n        <p>MONAT inovacijos n\u0117ra tik<br> tendencija &#8211; tai m\u016bs\u0173&nbsp;palikimas.<\/p>\n        <img decoding=\"async\" src=\"https:\/\/monatglobal.com\/wp-content\/uploads\/2025\/03\/BIOTECH-DERIVED-FORMULATIONS-min.jpg\" alt=\"Oil with bubbles in a petri dish and dropper.\">\n        <p>Jau daugel\u012f met\u0173 esame biotechnologij\u0173 lyderiai, jungiantys novatori\u0161k\u0105 moksl\u0105 su geriausiais gamtos ingredientais, kad i\u0161 naujo apibr\u0117\u017etume gro\u017eio ir sveikatingumo&nbsp;principus.<\/p>\n            <p>Nuolat siekdami tobulumo tapome \u0161ios pramon\u0117s \u0161akos lyderiais, suteikian\u010diais jums galimyb\u0119 atrodyti ir jaustis&nbsp;geriausiai.<\/p> \n            <br>\n            <br>\n            <br>\n            <h2>BIOTECHNOLOGINIAI <br> SPRENDIMAI<\/h2>\n            <p>M\u016bs\u0173 apdovanojimus pelniusi\u0173 produkt\u0173 pagrindas &#8211; mokslas apie&nbsp;gro\u017e\u012f.<\/p>\n                        <img decoding=\"async\" alt=\"essential oil drops picture\" src=\"https:\/\/monatglobal.com\/wp-content\/uploads\/2023\/05\/essential-oil-drops-picture-min.png\">\n                        <img decoding=\"async\" alt=\"ceramides picture\" src=\"https:\/\/monatglobal.com\/wp-content\/uploads\/2025\/03\/ceramides-min.png\">\n                        <img decoding=\"async\" alt=\"hyaluronic acid picture\" src=\"https:\/\/monatglobal.com\/wp-content\/uploads\/2025\/03\/hyaluronic-acid-min.png\">\n                        <img decoding=\"async\" alt=\"oil texture formulations picture\" src=\"https:\/\/monatglobal.com\/wp-content\/uploads\/2025\/03\/oil-texture-formulations-min.png\">\n                        <img decoding=\"async\" alt=\"texture formulation picture\" src=\"https:\/\/monatglobal.com\/wp-content\/uploads\/2025\/03\/texture-formulation-2-min.png\">\n                        <img decoding=\"async\" alt=\"texture formulation picture\" src=\"https:\/\/monatglobal.com\/wp-content\/uploads\/2025\/03\/texture-formulations-min.png\">\n                <p>M\u016bs\u0173 patentuotuose preparatuose naudojami biotechnologiniai nat\u016bral\u016bs ingredientai: peptidai, biologin\u0117s kilm\u0117s \u017ealiavos, hialurono r\u016bg\u0161tis, nat\u016bralios kilm\u0117s polimerai, fermentacijos b\u016bdu gauti ingredientai, keramidai ir augal\u0173 kamienin\u0117s&nbsp;l\u0105stel\u0117s.<\/p>\n            <img decoding=\"async\" src=\"https:\/\/monatglobal.com\/wp-content\/uploads\/2025\/03\/bio-based-raw-materials-min.jpg\" alt=\"Lab professional handling pink liquid\">    \n            <p>Nuo plauk\u0173 iki odos prie\u017ei\u016bros &#8211; nat\u016braliai i\u0161gauti ingredientai yra neatsiejama m\u016bs\u0173 produkt\u0173 naujovi\u0173&nbsp;dalis.<\/p> \n    <img decoding=\"async\" src=\"https:\/\/monatglobal.com\/wp-content\/uploads\/2025\/03\/plant-stem-cells-min.jpg\" alt=\"close up picture of plant cell\">\n<\/section>\n<section id=\"sec2\">\n            <h2>VEGANI\u0160KI <br> IR \u0160VARUS<\/h2>\n            <p>Turime \u201eLeaping Bunny&#8221; sertifikat\u0105, tod\u0117l nenaudojame joki\u0173 gyv\u016bnin\u0117s kilm\u0117s&nbsp;ingredient\u0173.<\/p>\n        <img decoding=\"async\" src=\"https:\/\/monatglobal.com\/wp-content\/uploads\/2025\/03\/vegan-clean-model-mobile-min.jpg\" alt=\"A woman lifts a MONAT scalp care product playfully, emphasizing clean beauty.\">\n                    <img decoding=\"async\" alt=\"picture of a cup of apple vinegar \" src=\"https:\/\/monatglobal.com\/wp-content\/uploads\/2025\/03\/apple-vinegar-min.png\">\n                    <img decoding=\"async\" alt=\"leaping bunny logo\" src=\"https:\/\/monatglobal.com\/wp-content\/uploads\/2025\/03\/leaping-bunny-logo-min.png\">\n                    <img decoding=\"async\" alt=\"Heap of chia-seeds picture\" src=\"https:\/\/monatglobal.com\/wp-content\/uploads\/2025\/03\/Heap-of-chia-seeds-min.png\">\n                    <img decoding=\"async\" alt=\"open Pomegranate picture\" src=\"https:\/\/monatglobal.com\/wp-content\/uploads\/2023\/05\/open-Pomegranate-picture-min.png\">\n                    <img decoding=\"async\" alt=\"Group-aloe-vera-slice-picture\" src=\"https:\/\/monatglobal.com\/wp-content\/uploads\/2025\/03\/Group-aloe-vera-slice-picture-min.png\">\n                    <img decoding=\"async\" alt=\"open coconut picture\" src=\"https:\/\/monatglobal.com\/wp-content\/uploads\/2025\/03\/coconut-min.png\">\n            <p>MONAT produkt\u0173 sud\u0117tyje n\u0117ra gyv\u016bnin\u0117s kilm\u0117s ingredient\u0173, paraben\u0173, mineralini\u0173 aliej\u0173, ftalat\u0173, vazelino ir kit\u0173 kenksming\u0173 sintetini\u0173&nbsp;med\u017eiag\u0173.<\/p>\n        <img decoding=\"async\" src=\"https:\/\/monatglobal.com\/wp-content\/uploads\/2025\/03\/vegan-and-clean-model-min-1.png\" alt=\"A woman lifts a MONAT scalp care product playfully, emphasizing clean beauty.\">\n    <img decoding=\"async\" src=\"https:\/\/monatglobal.com\/wp-content\/uploads\/2025\/03\/free-of-animal-derived-ingredients-min.png\" alt=\"Close-up of skincare ingredients, showcasing a fine powder\">\n<\/section>\n<section id=\"sec3\">\n            <h2>TVARUMAS<\/h2>\n            <p>MONAT yra \u012fsipareigojusi siekti tvarumo, nes atsakingai tiekia produktus, naudoja perdirbamas pakuotes ir \u012fgyvendina vandens taupymo&nbsp;iniciatyvas.<\/p>\n        <img decoding=\"async\" src=\"https:\/\/monatglobal.com\/wp-content\/uploads\/2025\/03\/responsible-sourcing-min.png\" alt=\"Hands holding a Monat IR Clinical Hair Thinning Defense serum bottle with a dropper releasing a drop of product.\">\n                    <img decoding=\"async\" alt=\"multiple monat bottles picture\" src=\"https:\/\/monatglobal.com\/wp-content\/uploads\/2025\/03\/recycle-byproducts-min.png\">\n                    <img decoding=\"async\" alt=\"cold press process picture\" src=\"https:\/\/monatglobal.com\/wp-content\/uploads\/2025\/03\/cold-processed-min.png\">\n                    <img decoding=\"async\" alt=\"picture of water ripples\" src=\"https:\/\/monatglobal.com\/wp-content\/uploads\/2025\/03\/product-performance-min.png\">\n                    <!--<img decoding=\"async\" alt=\"open Pomegranate picture\" src=\"https:\/\/monatglobal.com\/wp-content\/uploads\/2023\/05\/open-Pomegranate-picture-min.png\"\/>-->\n                    <!--<img decoding=\"async\" alt=\"Group-aloe-vera-slice-picture\" src=\"https:\/\/monatglobal.com\/wp-content\/uploads\/2023\/05\/Group-aloe-vera-slice-picture-min.png\"\/>-->\n                    <!--<img decoding=\"async\" alt=\"group of almonds picture\" src=\"https:\/\/monatglobal.com\/wp-content\/uploads\/2023\/05\/istockphoto-1390257052-612x612_1-removebg-preview-min.png\"\/>-->\n            <p>Siekdami pad\u0117ti aplinkai, perdirbame \u0161alutinius gamybos produktus, o daugelis m\u016bs\u0173 formuli\u0173 apdorojamos \u0161altuoju b\u016bdu, kad b\u016bt\u0173 optimizuotas sudedam\u0173j\u0173 dali\u0173 veiksmingumas ir produkto&nbsp;veikimas.<\/p>\n<\/section>\n<section id=\"sec4\"> \n            <h2>AROMATAS<\/h2>\n            <p>MONAT kuria firminius kvapus naudodama saugiausias kvapi\u0173j\u0173 med\u017eiag\u0173 sudedam\u0105sias dalis, pasitelkdama eterini\u0173 aliej\u0173 ir augalini\u0173 ekstrakt\u0173 gali\u0105, kad suteikt\u0173 prabangos&nbsp;poj\u016bt\u012f.<\/p>\n                    <img decoding=\"async\" alt=\"lemon picture\" src=\"https:\/\/monatglobal.com\/wp-content\/uploads\/2025\/03\/lemon-aroma-min.png\">\n                    <img decoding=\"async\" alt=\"lavander picture\" src=\"https:\/\/monatglobal.com\/wp-content\/uploads\/2025\/03\/lavander-aroma-min.png\">\n                    <img decoding=\"async\" alt=\"cloves picture\" src=\"https:\/\/monatglobal.com\/wp-content\/uploads\/2025\/03\/cloves-aroma-min.png\">\n                    <img decoding=\"async\" alt=\"jasmin picture\" src=\"https:\/\/monatglobal.com\/wp-content\/uploads\/2025\/03\/jasmin-aroma-min.png\">\n                    <img decoding=\"async\" alt=\"yellow-flower picture\" src=\"https:\/\/monatglobal.com\/wp-content\/uploads\/2025\/03\/yellow-flower-aroma-min.png\">\n                    <img decoding=\"async\" alt=\"vanilla picture\" src=\"https:\/\/monatglobal.com\/wp-content\/uploads\/2025\/03\/vanilla-aroma-min.png\">\n            <p>Remiam\u0117s tvaria praktika, kuri daro minimal\u0173 poveik\u012f aplinkai, ir perdirbame \u017ealiavas, kad sukurtume auk\u0161tos kokyb\u0117s&nbsp;kvapus.<\/p>\n            <img decoding=\"async\" src=\"https:\/\/monatglobal.com\/wp-content\/uploads\/2025\/03\/Blending-science-and-creativity-min.jpg\" alt=\" A purple flower petal resting on a smear of lavender-colored gel with a small droplet beside it.\">    \n            <p>Derindami moksl\u0105 ir k\u016brybi\u0161kum\u0105, u\u017etikriname prabang\u0173, saug\u0173 ir ekologi\u0161k\u0105 kvap\u0173&nbsp;poj\u016bt\u012f.<\/p> \n    <img decoding=\"async\" src=\"https:\/\/monatglobal.com\/wp-content\/uploads\/2025\/03\/aroma-flower-min.png\" alt=\"Close-up of a vibrant tulip.\">\n<\/section>\n<section id=\"sec5\">\n        <img decoding=\"async\" src=\"https:\/\/monatglobal.com\/wp-content\/uploads\/2025\/03\/safe-and-eco-conscious-min.jpg\" alt=\"Glass jars with liquids - Skincare formulations in small jars\">\n            <img decoding=\"async\" src=\"https:\/\/monatglobal.com\/wp-content\/uploads\/2025\/03\/Studio-One_Volume-Lift-Spray_Product_Lifestyle_1103-1-min.jpg\" alt=\"Studio-One Volume-Lift-Spray_Producte with watermelon\">\n                            <img decoding=\"async\" alt=\"Rambutan picture\" src=\"https:\/\/monatglobal.com\/wp-content\/uploads\/2025\/03\/Rambutan-min.png\">\n                            <img decoding=\"async\" alt=\"naturally derived ingredients picture\" src=\"https:\/\/monatglobal.com\/wp-content\/uploads\/2025\/03\/naturally-derived-ingredients-min.png\">\n                            <img decoding=\"async\" alt=\"shea butter picture\" src=\"https:\/\/monatglobal.com\/wp-content\/uploads\/2025\/03\/shea-butter-min.png\">\n                             <img decoding=\"async\" alt=\"Serum gel swatch picture\" src=\"https:\/\/monatglobal.com\/wp-content\/uploads\/2025\/03\/Serum-gel-swatch-picture-min.png\">\n                            <img decoding=\"async\" alt=\"coffee-beans picture\" src=\"https:\/\/monatglobal.com\/wp-content\/uploads\/2025\/03\/coffee-beans-min.png\">\n                            <img decoding=\"async\" alt=\"cutting-edge-technology e-picture\" src=\"https:\/\/monatglobal.com\/wp-content\/uploads\/2025\/03\/cutting-edge-technology-min.png\">\n                    <p>Esame pasiry\u017e\u0119 ir toliau naudoti nat\u016bralios kilm\u0117s ingredientus ir pa\u017eangiausias technologijas, kad u\u017etikrintume saug\u0173, tvar\u0173 ir rezultatyv\u0173 gro\u017e\u012f, kuriam n\u0117ra&nbsp;lygi\u0173.<\/p>\n                <p>Tai yra m\u016bs\u0173 pa\u017eadas &#8211; \u0161varus, veiksmingas ir visada&nbsp;pirmaujantis.<\/p>\n        <img decoding=\"async\" src=\"https:\/\/monatglobal.com\/wp-content\/uploads\/2025\/03\/science-and-creativity-min.jpg\" alt=\"A purple flower petal resting on a smear of lavender-colored gel with a small droplet beside it.\">\n                <h2>M\u016aS\u0172 <br> \u012eSIPAREIGOJIMAS<br> JUMS<\/h2>\n                <p>MONAT nuo pat prad\u017ei\u0173 buvo biotechnologij\u0173 pionieriai, per\u017eengdami mokslo ir gamtos ribas, kad sukurt\u0173 naujovi\u0161kus, auk\u0161tos kokyb\u0117s&nbsp;produktus.<\/p>\n        \n            <source media=\"(max-width: 700px)\" srcset=\"https:\/\/monatglobal.com\/wp-content\/uploads\/2025\/03\/our-commitment-model-mobile-min.jpg\" loading=\"lazy\">\n            <img decoding=\"async\" src=\"https:\/\/monatglobal.com\/wp-content\/uploads\/2025\/03\/our-commitment-min-1.jpg\" alt=\"Sleek-haired woman exuding beauty. \" loading=\"lazy\">\n        \n<\/section>\n","protected":false},"excerpt":{"rendered":"<p>Biotechnologinio gro\u017eio pradininkai Biotechnologinis gro\u017eis (ang. Biotech Beauty) &#8211; odos prie\u017ei\u016bros ir kosmetikos priemoni\u0173 kategorija, kuriai priskiriami biotechnologijomis sukurti laboratorijoje u\u017eauginti arba bioin\u017einerijos b\u016bdu sukurti ingredientai, didinantys veiksmingum\u0105, tvarum\u0105 ir eti\u0161kum\u0105 bei ma\u017einantys priklausomyb\u0119 nuo nat\u016brali\u0173 ar sintetini\u0173&nbsp;i\u0161tekli\u0173. Biotechnologinis gro\u017eis (ang. Biotech Beauty) &#8211; odos prie\u017ei\u016bros ir kosmetikos priemoni\u0173 kategorija, kuriai priskiriami biotechnologijomis sukurti laboratorijoje&hellip;<\/p>\n","protected":false},"author":57,"featured_media":86453,"parent":0,"menu_order":0,"comment_status":"closed","ping_status":"closed","template":"","meta":{"inline_featured_image":false,"om_disable_all_campaigns":false,"_monsterinsights_skip_tracking":false,"_monsterinsights_sitenote_active":false,"_monsterinsights_sitenote_note":"","_monsterinsights_sitenote_category":0,"footnotes":""},"categories":[],"tags":[],"class_list":["post-86478","page","type-page","status-publish","has-post-thumbnail","hentry"],"aioseo_notices":[],"aioseo_head":"\n\t\t<!-- All in One SEO Pro 4.9.6 - aioseo.com -->\n\t<meta name=\"description\" content=\"Atraskite MONAT biotechnologinius gro\u017eio produktus, kuriuose derinami inovatyv\u016bs mokslo pasiekimai ir nat\u016bral\u016bs ingredientai, kad priimtum\u0117te gerus ir tvarius odos ir plauk\u0173 prie\u017ei\u016bros sprendimus.\" \/>\n\t<meta name=\"robots\" content=\"max-image-preview:large\" \/>\n\t<link rel=\"canonical\" href=\"https:\/\/monatglobal.com\/lt\/biotechbeauty\/\" \/>\n\t<meta name=\"generator\" content=\"All in One SEO Pro (AIOSEO) 4.9.6\" \/>\n\t\t<meta property=\"og:locale\" content=\"lt_LT\" \/>\n\t\t<meta property=\"og:site_name\" content=\"MONAT Lithuania -\" \/>\n\t\t<meta property=\"og:type\" content=\"article\" \/>\n\t\t<meta property=\"og:title\" content=\"MONAT Biotechnologinis gro\u017eis: Inovatyv\u016bs odos ir plauk\u0173 prie\u017ei\u016bros produktai\" \/>\n\t\t<meta property=\"og:description\" content=\"Atraskite MONAT biotechnologinius gro\u017eio produktus, kuriuose derinami inovatyv\u016bs mokslo pasiekimai ir nat\u016bral\u016bs ingredientai, kad priimtum\u0117te gerus ir tvarius odos ir plauk\u0173 prie\u017ei\u016bros sprendimus.\" \/>\n\t\t<meta property=\"og:url\" content=\"https:\/\/monatglobal.com\/lt\/biotechbeauty\/\" \/>\n\t\t<meta property=\"article:published_time\" content=\"2025-03-20T17:55:53+00:00\" \/>\n\t\t<meta property=\"article:modified_time\" content=\"2025-03-24T19:48:20+00:00\" \/>\n\t\t<meta name=\"twitter:card\" content=\"summary_large_image\" \/>\n\t\t<meta name=\"twitter:title\" content=\"MONAT Biotechnologinis gro\u017eis: Inovatyv\u016bs odos ir plauk\u0173 prie\u017ei\u016bros produktai\" \/>\n\t\t<meta name=\"twitter:description\" content=\"Atraskite MONAT biotechnologinius gro\u017eio produktus, kuriuose derinami inovatyv\u016bs mokslo pasiekimai ir nat\u016bral\u016bs ingredientai, kad priimtum\u0117te gerus ir tvarius odos ir plauk\u0173 prie\u017ei\u016bros sprendimus.\" \/>\n\t\t<script type=\"application\/ld+json\" class=\"aioseo-schema\">\n\t\t\t{\"@context\":\"https:\\\/\\\/schema.org\",\"@graph\":[{\"@type\":\"BreadcrumbList\",\"@id\":\"https:\\\/\\\/monatglobal.com\\\/lt\\\/biotechbeauty\\\/#breadcrumblist\",\"itemListElement\":[{\"@type\":\"ListItem\",\"@id\":\"https:\\\/\\\/monatglobal.com\\\/lt#listItem\",\"position\":1,\"name\":\"Home\",\"item\":\"https:\\\/\\\/monatglobal.com\\\/lt\",\"nextItem\":{\"@type\":\"ListItem\",\"@id\":\"https:\\\/\\\/monatglobal.com\\\/lt\\\/biotechbeauty\\\/#listItem\",\"name\":\"MONAT Biotechnologinis gro\\u017eis: Inovatyv\\u016bs odos ir plauk\\u0173 prie\\u017ei\\u016bros produktai\"}},{\"@type\":\"ListItem\",\"@id\":\"https:\\\/\\\/monatglobal.com\\\/lt\\\/biotechbeauty\\\/#listItem\",\"position\":2,\"name\":\"MONAT Biotechnologinis gro\\u017eis: Inovatyv\\u016bs odos ir plauk\\u0173 prie\\u017ei\\u016bros produktai\",\"previousItem\":{\"@type\":\"ListItem\",\"@id\":\"https:\\\/\\\/monatglobal.com\\\/lt#listItem\",\"name\":\"Home\"}}]},{\"@type\":\"Organization\",\"@id\":\"https:\\\/\\\/monatglobal.com\\\/lt\\\/#organization\",\"name\":\"MONAT Lithuania\",\"url\":\"https:\\\/\\\/monatglobal.com\\\/lt\\\/\"},{\"@type\":\"WebPage\",\"@id\":\"https:\\\/\\\/monatglobal.com\\\/lt\\\/biotechbeauty\\\/#webpage\",\"url\":\"https:\\\/\\\/monatglobal.com\\\/lt\\\/biotechbeauty\\\/\",\"name\":\"MONAT Biotechnologinis gro\\u017eis: Inovatyv\\u016bs odos ir plauk\\u0173 prie\\u017ei\\u016bros produktai\",\"description\":\"Atraskite MONAT biotechnologinius gro\\u017eio produktus, kuriuose derinami inovatyv\\u016bs mokslo pasiekimai ir nat\\u016bral\\u016bs ingredientai, kad priimtum\\u0117te gerus ir tvarius odos ir plauk\\u0173 prie\\u017ei\\u016bros sprendimus.\",\"inLanguage\":\"lt-LT\",\"isPartOf\":{\"@id\":\"https:\\\/\\\/monatglobal.com\\\/lt\\\/#website\"},\"breadcrumb\":{\"@id\":\"https:\\\/\\\/monatglobal.com\\\/lt\\\/biotechbeauty\\\/#breadcrumblist\"},\"image\":{\"@type\":\"ImageObject\",\"url\":\"https:\\\/\\\/monatglobal.com\\\/lt\\\/wp-content\\\/uploads\\\/sites\\\/11\\\/2025\\\/03\\\/MONAT-PIONEERS-OF-BIOTECH-BEAUTY-min.jpg\",\"@id\":\"https:\\\/\\\/monatglobal.com\\\/lt\\\/biotechbeauty\\\/#mainImage\",\"width\":1200,\"height\":628},\"primaryImageOfPage\":{\"@id\":\"https:\\\/\\\/monatglobal.com\\\/lt\\\/biotechbeauty\\\/#mainImage\"},\"datePublished\":\"2025-03-20T17:55:53+00:00\",\"dateModified\":\"2025-03-24T19:48:20+00:00\"},{\"@type\":\"WebSite\",\"@id\":\"https:\\\/\\\/monatglobal.com\\\/lt\\\/#website\",\"url\":\"https:\\\/\\\/monatglobal.com\\\/lt\\\/\",\"name\":\"MONAT Lithuania\",\"inLanguage\":\"lt-LT\",\"publisher\":{\"@id\":\"https:\\\/\\\/monatglobal.com\\\/lt\\\/#organization\"}}]}\n\t\t<\/script>\n\t\t<!-- All in One SEO Pro -->\r\n\t\t<title>MONAT Biotechnologinis gro\u017eis: Inovatyv\u016bs odos ir plauk\u0173 prie\u017ei\u016bros produktai<\/title>\n\n","aioseo_head_json":{"title":"MONAT Biotechnologinis gro\u017eis: Inovatyv\u016bs odos ir plauk\u0173 prie\u017ei\u016bros produktai","description":"Atraskite MONAT biotechnologinius gro\u017eio produktus, kuriuose derinami inovatyv\u016bs mokslo pasiekimai ir nat\u016bral\u016bs ingredientai, kad priimtum\u0117te gerus ir tvarius odos ir plauk\u0173 prie\u017ei\u016bros sprendimus.","canonical_url":"https:\/\/monatglobal.com\/lt\/biotechbeauty\/","robots":"max-image-preview:large","keywords":"","webmasterTools":{"miscellaneous":""},"schema":{"@context":"https:\/\/schema.org","@graph":[{"@type":"BreadcrumbList","@id":"https:\/\/monatglobal.com\/lt\/biotechbeauty\/#breadcrumblist","itemListElement":[{"@type":"ListItem","@id":"https:\/\/monatglobal.com\/lt#listItem","position":1,"name":"Home","item":"https:\/\/monatglobal.com\/lt","nextItem":{"@type":"ListItem","@id":"https:\/\/monatglobal.com\/lt\/biotechbeauty\/#listItem","name":"MONAT Biotechnologinis gro\u017eis: Inovatyv\u016bs odos ir plauk\u0173 prie\u017ei\u016bros produktai"}},{"@type":"ListItem","@id":"https:\/\/monatglobal.com\/lt\/biotechbeauty\/#listItem","position":2,"name":"MONAT Biotechnologinis gro\u017eis: Inovatyv\u016bs odos ir plauk\u0173 prie\u017ei\u016bros produktai","previousItem":{"@type":"ListItem","@id":"https:\/\/monatglobal.com\/lt#listItem","name":"Home"}}]},{"@type":"Organization","@id":"https:\/\/monatglobal.com\/lt\/#organization","name":"MONAT Lithuania","url":"https:\/\/monatglobal.com\/lt\/"},{"@type":"WebPage","@id":"https:\/\/monatglobal.com\/lt\/biotechbeauty\/#webpage","url":"https:\/\/monatglobal.com\/lt\/biotechbeauty\/","name":"MONAT Biotechnologinis gro\u017eis: Inovatyv\u016bs odos ir plauk\u0173 prie\u017ei\u016bros produktai","description":"Atraskite MONAT biotechnologinius gro\u017eio produktus, kuriuose derinami inovatyv\u016bs mokslo pasiekimai ir nat\u016bral\u016bs ingredientai, kad priimtum\u0117te gerus ir tvarius odos ir plauk\u0173 prie\u017ei\u016bros sprendimus.","inLanguage":"lt-LT","isPartOf":{"@id":"https:\/\/monatglobal.com\/lt\/#website"},"breadcrumb":{"@id":"https:\/\/monatglobal.com\/lt\/biotechbeauty\/#breadcrumblist"},"image":{"@type":"ImageObject","url":"https:\/\/monatglobal.com\/lt\/wp-content\/uploads\/sites\/11\/2025\/03\/MONAT-PIONEERS-OF-BIOTECH-BEAUTY-min.jpg","@id":"https:\/\/monatglobal.com\/lt\/biotechbeauty\/#mainImage","width":1200,"height":628},"primaryImageOfPage":{"@id":"https:\/\/monatglobal.com\/lt\/biotechbeauty\/#mainImage"},"datePublished":"2025-03-20T17:55:53+00:00","dateModified":"2025-03-24T19:48:20+00:00"},{"@type":"WebSite","@id":"https:\/\/monatglobal.com\/lt\/#website","url":"https:\/\/monatglobal.com\/lt\/","name":"MONAT Lithuania","inLanguage":"lt-LT","publisher":{"@id":"https:\/\/monatglobal.com\/lt\/#organization"}}]},"og:locale":"lt_LT","og:site_name":"MONAT Lithuania -","og:type":"article","og:title":"MONAT Biotechnologinis gro\u017eis: Inovatyv\u016bs odos ir plauk\u0173 prie\u017ei\u016bros produktai","og:description":"Atraskite MONAT biotechnologinius gro\u017eio produktus, kuriuose derinami inovatyv\u016bs mokslo pasiekimai ir nat\u016bral\u016bs ingredientai, kad priimtum\u0117te gerus ir tvarius odos ir plauk\u0173 prie\u017ei\u016bros sprendimus.","og:url":"https:\/\/monatglobal.com\/lt\/biotechbeauty\/","article:published_time":"2025-03-20T17:55:53+00:00","article:modified_time":"2025-03-24T19:48:20+00:00","twitter:card":"summary_large_image","twitter:title":"MONAT Biotechnologinis gro\u017eis: Inovatyv\u016bs odos ir plauk\u0173 prie\u017ei\u016bros produktai","twitter:description":"Atraskite MONAT biotechnologinius gro\u017eio produktus, kuriuose derinami inovatyv\u016bs mokslo pasiekimai ir nat\u016bral\u016bs ingredientai, kad priimtum\u0117te gerus ir tvarius odos ir plauk\u0173 prie\u017ei\u016bros sprendimus."},"aioseo_meta_data":{"post_id":"86478","title":"MONAT Biotechnologinis gro\u017eis: Inovatyv\u016bs odos ir plauk\u0173 prie\u017ei\u016bros produktai","description":"Atraskite MONAT biotechnologinius gro\u017eio produktus, kuriuose derinami inovatyv\u016bs mokslo pasiekimai ir nat\u016bral\u016bs ingredientai, kad priimtum\u0117te gerus ir tvarius odos ir plauk\u0173 prie\u017ei\u016bros sprendimus.","keywords":null,"keyphrases":{"focus":{"keyphrase":"","score":0,"analysis":{"keyphraseInTitle":{"score":0,"maxScore":9,"error":1}}},"additional":[]},"primary_term":null,"canonical_url":null,"og_title":null,"og_description":null,"og_object_type":"default","og_image_type":"default","og_image_url":null,"og_image_width":null,"og_image_height":null,"og_image_custom_url":null,"og_image_custom_fields":null,"og_video":"","og_custom_url":null,"og_article_section":null,"og_article_tags":null,"twitter_use_og":false,"twitter_card":"default","twitter_image_type":"default","twitter_image_url":null,"twitter_image_custom_url":null,"twitter_image_custom_fields":null,"twitter_title":null,"twitter_description":null,"schema":{"blockGraphs":[],"customGraphs":[],"default":{"data":{"Article":[],"Course":[],"Dataset":[],"FAQPage":[],"Movie":[],"Person":[],"Product":[],"ProductReview":[],"Car":[],"Recipe":[],"Service":[],"SoftwareApplication":[],"WebPage":[]},"graphName":"WebPage","isEnabled":true},"graphs":[]},"schema_type":"default","schema_type_options":null,"pillar_content":false,"robots_default":true,"robots_noindex":false,"robots_noarchive":false,"robots_nosnippet":false,"robots_nofollow":false,"robots_noimageindex":false,"robots_noodp":false,"robots_notranslate":false,"robots_max_snippet":"-1","robots_max_videopreview":"-1","robots_max_imagepreview":"large","priority":null,"frequency":"default","local_seo":null,"seo_analyzer_scan_date":"2025-08-15 03:06:40","breadcrumb_settings":null,"limit_modified_date":false,"reviewed_by":null,"open_ai":null,"ai":null,"created":"2025-03-20 17:55:55","updated":"2026-02-10 05:31:04"},"aioseo_breadcrumb":"<div class=\"aioseo-breadcrumbs\"><span class=\"aioseo-breadcrumb\">\n\t<a href=\"https:\/\/monatglobal.com\/lt\" title=\"Home\">Home<\/a>\n<\/span><span class=\"aioseo-breadcrumb-separator\">&raquo;<\/span><span class=\"aioseo-breadcrumb\">\n\tMONAT Biotechnologinis gro\u017eis: Inovatyv\u016bs odos ir plauk\u0173 prie\u017ei\u016bros produktai\n<\/span><\/div>","aioseo_breadcrumb_json":[{"label":"Home","link":"https:\/\/monatglobal.com\/lt"},{"label":"MONAT Biotechnologinis gro\u017eis: Inovatyv\u016bs odos ir plauk\u0173 prie\u017ei\u016bros produktai","link":"https:\/\/monatglobal.com\/lt\/biotechbeauty\/"}],"_links":{"self":[{"href":"https:\/\/monatglobal.com\/lt\/wp-json\/wp\/v2\/pages\/86478","targetHints":{"allow":["GET"]}}],"collection":[{"href":"https:\/\/monatglobal.com\/lt\/wp-json\/wp\/v2\/pages"}],"about":[{"href":"https:\/\/monatglobal.com\/lt\/wp-json\/wp\/v2\/types\/page"}],"author":[{"embeddable":true,"href":"https:\/\/monatglobal.com\/lt\/wp-json\/wp\/v2\/users\/57"}],"replies":[{"embeddable":true,"href":"https:\/\/monatglobal.com\/lt\/wp-json\/wp\/v2\/comments?post=86478"}],"version-history":[{"count":10,"href":"https:\/\/monatglobal.com\/lt\/wp-json\/wp\/v2\/pages\/86478\/revisions"}],"predecessor-version":[{"id":86501,"href":"https:\/\/monatglobal.com\/lt\/wp-json\/wp\/v2\/pages\/86478\/revisions\/86501"}],"wp:featuredmedia":[{"embeddable":true,"href":"https:\/\/monatglobal.com\/lt\/wp-json\/wp\/v2\/media\/86453"}],"wp:attachment":[{"href":"https:\/\/monatglobal.com\/lt\/wp-json\/wp\/v2\/media?parent=86478"}],"wp:term":[{"taxonomy":"category","embeddable":true,"href":"https:\/\/monatglobal.com\/lt\/wp-json\/wp\/v2\/categories?post=86478"},{"taxonomy":"post_tag","embeddable":true,"href":"https:\/\/monatglobal.com\/lt\/wp-json\/wp\/v2\/tags?post=86478"}],"curies":[{"name":"wp","href":"https:\/\/api.w.org\/{rel}","templated":true}]}}