{"id":85761,"date":"2024-11-18T15:32:38","date_gmt":"2024-11-18T15:32:38","guid":{"rendered":"https:\/\/monatglobal.com\/lt\/?page_id=85761"},"modified":"2026-02-11T15:55:28","modified_gmt":"2026-02-11T15:55:28","slug":"makeup-lip-liner","status":"publish","type":"page","link":"https:\/\/monatglobal.com\/lt\/makeup-lip-liner\/","title":{"rendered":"\u201eMONAT Lip Liner \u2122\u201c | Pabr\u0117\u017eia, pary\u0161kina ir i\u0161laiko l\u016bp\u0173 spalv\u0105"},"content":{"rendered":"\n\n\t<!--url: monatglobal.com\/makeup-lip-liner-->\n<!--title: MONAT Lip Liner\u2122 | Define, Enhance & Prolong Lip Color-->\n<!--Meta: This creamy, smudge-proof liner glides on smoothly, prevents feathering, enhances lip shape, and offers long-lasting wear with its hydrating, water-resistant formula.-->\n<link rel=\"stylesheet\" href=\"https:\/\/monatglobal.com\/wp-content\/creative_css\/product_styles_sheet.css\"\/>\n    <!--==================================================== ECOMM SECTION ====================================================-->\n        <!--==================================================== Ecomm image ====================================================-->\n                    <img decoding=\"async\" alt=\"\" src=\"\" loading=\"lazy\"\/>\n                    <img decoding=\"async\" alt=\"\" src=\"\" loading=\"lazy\"\/>\n                    <!---->\n                        <img decoding=\"async\" alt=\"\" src=\"\" data-lbxp=\"\" loading=\"lazy\"\/>\n                        <img decoding=\"async\" alt=\"\" src=\"\" loading=\"lazy\"\/>\n                        <!---->\n        <!--==================================================== Ecomm information  ====================================================-->\n            <p>\u201eMONAT<\/p>\n            <h1>Lip Liner \u2122&#8221;<\/h1>\n            <p>Pabr\u0117\u017eia, formuoja ir u\u017epildo l\u016bpas, jos atrodo pilnesn\u0117s.<\/p>\n            <p>   NET WT. 1.4 g \/ 0.05 oz.<\/p>\n            \n                <label><input type=\"radio\" name=\"toneLiner\"\/><\/label>\n                <label><input type=\"radio\" name=\"toneLiner\"\/><\/label>\n                <label><input type=\"radio\" name=\"toneLiner\"\/><\/label>\n          <!--==================================================== pricing box ====================================================-->  \n         <p>Ma\u017emenin\u0117 kaina<br \/>00.00 \u20ac<\/p>\n         <p>VIP kliento kaina<br \/>00.00 \u20ac<\/p>\n           <!--==================================================== pricing box ====================================================-->\n            <p>Nor\u0117dami su\u017einoti daugiau apie  \u201eMONAT Lip Liner\u2122\ufe0f&#8221;, pasikalb\u0117kite su savo \u201eMONAT Market Partner&#8221;. <\/p>\n          <a href=\"\" target=\"_blank\" role=\"button\" aria-label=\"\" rel=\"noopener\"><\/a>\n    <!--==================================================== \/ECOMM SECTION  ====================================================-->\n    <!--==================================================== Benefits image ====================================================-->\n    \n        <source id=\"benefitsMobImg\" media=\"(max-width: 700px)\" srcset=\"\"\/>\n        <img decoding=\"async\" id=\"benefitsImg\" src=\"\" alt=\"\" loading=\"lazy\"\/>\n    \n    <!--==================================================== Benefits text ====================================================-->\n            <h2>NAUDOS<\/h2>\n            <h3>\u0160is itin kreminis l\u016bp\u0173 kont\u016bro pie\u0161tukas puikiai pabr\u0117\u017eia ir pary\u0161kina l\u016bp\u0173 form\u0105, nenusivalo ir nenub\u0117ga. <\/h3>\n            <p>Galima rinktis i\u0161 trij\u0173 universali\u0173 atspalvi\u0173, kurie puikiai dera su m\u016bs\u0173 geriausiai parduodamais \u201eMONAT Liquid Lipstick\u2122&#8221; atspalviais ir \u201eMONAT Lip-Plumping Gloss\u2122&#8221;.<\/p>\n            <!--==================================================== features image slide  ====================================================-->\n                    <img decoding=\"async\" src=\"\" alt=\"\" loading=\"lazy\"\/>\n                    <img decoding=\"async\" src=\"\" alt=\"\" loading=\"lazy\"\/>\n        <!--==================================================== features text ====================================================-->\n                <h3>Ypatyb\u0117s<\/h3>\n                    <p>\/ Tolygi, vientisa linija suteikia l\u016bpoms putlumo<\/p>\n                    <p>\/ Lengvai dr\u0117kina ir pary\u0161kina l\u016bpas<\/p>\n                    <p>\/ Netepa ir nenub\u0117ga<\/p>\n                    <p>\/ Tikslus antgalis padeda perteikti intensyv\u0173 spalvos pigment\u0105 ant l\u016bp\u0173<\/p>\n                    <br \/>\n                <p>Kvapai  \/ Be kvapikli\u0173  <\/p>\n                <p>Tekst\u016bra  \/ Kremin\u0117<\/p>\n                <!--<p>*Based on a 14-day consumer study with 35 participants, performed by a third-party laboratory.<\/p> -->\n    <!--==================================================== composition image mobile ====================================================-->\n    <img decoding=\"async\" src=\"\" alt=\"\" loading=\"lazy\"\/>\n    <!--==================================================== Why it works text ====================================================-->\n        <h3>Tobul\u0173 l\u016bp\u0173 menas<\/h3>\n        <p>Kremin\u0117 dr\u0117kinamoji sud\u0117tis su va\u0161k\u0173 mi\u0161iniu lengvai pary\u0161kina nat\u016bralius l\u016bp\u0173 kont\u016brus. Apsaugin\u0119 pl\u0117vel\u0119 formuojan\u010dios med\u017eiagos pagerina i\u0161laikym\u0105, suteikia atsparum\u0105 vandeniui ir i\u0161lieka ilgiau.<\/p>\n<!--==================================================== Composition section ====================================================-->\n        <img decoding=\"async\" src=\"\" alt=\"\" loading=\"lazy\"\/>\n        <img decoding=\"async\" id=\"compImg_2\" src=\"\" alt=\"\" loading=\"lazy\"\/>\n                <!--==================================================== Directions text ====================================================--> \n                    <h3>Naudojimas<\/h3><br \/>\n                        <p>\/ Tiksliu antgaliu apibr\u0117\u017ekite ir u\u017epildykite l\u016bpas kaip pageidaujate. <\/p>\n                        <p>\/ Jei norite i\u0161gauti intensyvesn\u012f \u012fvaizd\u012f, pie\u0161tuku u\u017epildykite visas l\u016bpas ir u\u017etepkite <a href=\"https:\/\/monatglobal.com\/lt\/lip-plumb-gloss\/\">\u201eMONAT Lip-Plumping Gloss\u2122&#8221;<\/a>  ir (arba)<a href=\"https:\/\/monatglobal.com\/lt\/makeup-liquid-lipstick\/\">\u201eMONAT Liquid Lipstick\u2122&#8221;.<\/a><\/p>\n                <!--==================================================== Directions video ====================================================-->\n<p>\u201eMONAT Lip Liner \u2122&#8221; <br \/>7:21<\/p>\n      <a href=\"\" target=\"_blank\" role=\"button\" aria-label=\"\" rel=\"noopener\"><\/a>\n    <!--==================================================== Ingredients section  ====================================================-->\n        <h2>PAGRINDIN\u0116S AKTYVIOSIOS MED\u017dIAGOS<\/h2>\n                    <img decoding=\"async\" alt=\"rejuveniqe icon\" src=\"https:\/\/monatglobal.com\/wp-content\/uploads\/2024\/11\/wax-blend-icons.svg\"\/> \n                    <p>Va\u0161ko mi\u0161inys<\/p>\n                    <img decoding=\"async\" alt=\"Vitamin E icon\" src=\"https:\/\/monatglobal.com\/wp-content\/uploads\/2024\/11\/Film-Formers-icons.svg\"\/> \n                    <p>Apsaugin\u0119 pl\u0117vel\u0119 formuojan\u010dios med\u017eiagos<\/p>\n        <button id=\"myBtn\" type=\"button\">SUDEDAM\u0172J\u0172 DALI\u0172 S\u0104RA\u0160AS<\/button>\n        <!--==================================================== Modal content  ====================================================-->\n            \u00d7\n            <p>Synthetic Beeswax, Methyl Trimethicone, Trimethylsiloxysilicate, Dimethicone, Synthetic Wax, Caprylyl Methicone, Caprylic\/Capric\/Succinic Triglyceride, Bisdiglyceryl Polyacyladipate-2, Vp\/Hexadecene Copolymer, Polyhydroxystearic Acid, Caprylic\/Capric Triglyceride, Tocopherol, Isostearic Acid, Helianthus Annuus (Sunflower) Seed Oil, Polyglyceryl-3 Polyricinoleate, Lecithin, May Contain (+\/-), Titanium Dioxide\/CI 77891, Manganese Violet\/CI 77742, Red 40 Lake\/CI 16035, Iron Oxides (CI 77491, CI 77492, CI 77499), Red 7\/CI 15850, Red 6 Lake\/CI 15850.<\/p>\n    <!--==================================================== You might also like section ====================================================-->\n        <h2>JUMS TAIP PAT GALI PATIKTI<\/h2>\n        <!--==================================================== Slider YOU MIGHT ALSO LIKE ====================================================-->\n        <!---->\n        <!--    -->\n                <!-- Slides products-->\n        <!--        -->\n        <!--            <a href=\"https:\/\/monatglobal.com\/lt\/lip-plumb-gloss\/\" aria-label=\"Go to MONAT Lip-Plumping Gloss\u2122 page\">-->\n        <!--                <img decoding=\"async\" src=\"https:\/\/monatglobal.com\/wp-content\/uploads\/2024\/08\/LIP-PLUMPING-GLOSS-EFFORTLESS-ECOMM_2024-min-1.png\" alt=\"MONAT Lip-Plumping Gloss\u2122\"\/ loading=\"lazy\"\/>-->\n        <!--                <p>\u201eMONAT Lip-Plumping Gloss\u2122\"<\/p>-->\n        <!--            <\/a>-->\n        <!--        -->\n        <!--        -->\n        <!--            <a href=\"https:\/\/monatglobal.com\/lt\/makeup-liquid-lipstick\/\" aria-label=\"Go to MONAT Liquid Lipstick\u2122 page\">-->\n        <!--                <img decoding=\"async\" src=\"https:\/\/monatglobal.com\/wp-content\/uploads\/2023\/08\/liquid_lipstick_goddess-ecomm-1.png\" alt=\"MONAT Liquid Lipstick\u2122\" loading=\"lazy\"\/>-->\n        <!--                <p>\u201eMONAT Liquid Lipstick\u2122\"<\/p>-->\n        <!--            <\/a>-->\n        <!--        -->\n        <!--        -->\n        <!--            <a href=\"https:\/\/monatglobal.com\/lt\/liquid-highlighter\/\" aria-label=\"Go to MONAT Liquid Highlighter\u2122  page\">-->\n        <!--                <img decoding=\"async\" src=\"https:\/\/monatglobal.com\/wp-content\/uploads\/2024\/08\/LIQUID-HIGHLIGHTERS-CHAMPAGNE-ECOMM_2024-1.png\" alt=\"MONAT Liquid Highlighter\u2122 \" loading=\"lazy\"\/>-->\n        <!--                <p>\u201eMONAT Liquid Highlighter\u2122\"<\/p>-->\n        <!--            <\/a>-->\n        <!--        -->\n        <!--    -->\n            <!-- If we need navigation buttons -->\n        <!--    -->\n        <!--    -->\n            <!-- If we need paginations -->\n        <!--    -->\n        <!---->\n         <!--==================================================== If we need navigation buttons  ====================================================-->\n         <!--==================================================== If we need paginations  ====================================================-->\n    <a href=\"\" aria-label=\"\"><\/a>\n<!--==================================================== this link has to go last for it to work   ====================================================-->\n\n","protected":false},"excerpt":{"rendered":"<p>\u201eMONAT Lip Liner \u2122&#8221; Pabr\u0117\u017eia, formuoja ir u\u017epildo l\u016bpas, jos atrodo pilnesn\u0117s. NET WT. 1.4 g \/ 0.05 oz. Ma\u017emenin\u0117 kaina00.00 \u20ac VIP kliento kaina00.00 \u20ac Nor\u0117dami su\u017einoti daugiau apie \u201eMONAT Lip Liner\u2122\ufe0f&#8221;, pasikalb\u0117kite su savo \u201eMONAT Market Partner&#8221;. NAUDOS \u0160is itin kreminis l\u016bp\u0173 kont\u016bro pie\u0161tukas puikiai pabr\u0117\u017eia ir pary\u0161kina l\u016bp\u0173 form\u0105, nenusivalo ir nenub\u0117ga.&hellip;<\/p>\n","protected":false},"author":57,"featured_media":85762,"parent":0,"menu_order":0,"comment_status":"closed","ping_status":"closed","template":"","meta":{"inline_featured_image":false,"om_disable_all_campaigns":false,"_monsterinsights_skip_tracking":false,"_monsterinsights_sitenote_active":false,"_monsterinsights_sitenote_note":"","_monsterinsights_sitenote_category":0,"footnotes":""},"categories":[32],"tags":[],"class_list":["post-85761","page","type-page","status-publish","has-post-thumbnail","hentry","category-product-lt"],"aioseo_notices":[],"aioseo_head":"\n\t\t<!-- All in One SEO Pro 4.9.5.2 - aioseo.com -->\n\t<meta name=\"description\" content=\"\u0160is kreminis i\u0161liekantis l\u016bp\u0173 kont\u016bro pie\u0161tukas glotniai pasklinda, i\u0161ry\u0161kindamas l\u016bp\u0173 form\u0105, o jo dr\u0117kinamoji, vandeniui atspari sud\u0117tis u\u017etikrina ilgalaik\u012f i\u0161silaikym\u0105.\" \/>\n\t<meta name=\"robots\" content=\"max-image-preview:large\" \/>\n\t<link rel=\"canonical\" href=\"https:\/\/monatglobal.com\/lt\/makeup-lip-liner\/\" \/>\n\t<meta name=\"generator\" content=\"All in One SEO Pro (AIOSEO) 4.9.5.2\" \/>\n\t\t<meta property=\"og:locale\" content=\"lt_LT\" \/>\n\t\t<meta property=\"og:site_name\" content=\"MONAT Lithuania -\" \/>\n\t\t<meta property=\"og:type\" content=\"article\" \/>\n\t\t<meta property=\"og:title\" content=\"\u201eMONAT Lip Liner \u2122\u201c | Pabr\u0117\u017eia, pary\u0161kina ir i\u0161laiko l\u016bp\u0173 spalv\u0105\" \/>\n\t\t<meta property=\"og:description\" content=\"\u0160is kreminis i\u0161liekantis l\u016bp\u0173 kont\u016bro pie\u0161tukas glotniai pasklinda, i\u0161ry\u0161kindamas l\u016bp\u0173 form\u0105, o jo dr\u0117kinamoji, vandeniui atspari sud\u0117tis u\u017etikrina ilgalaik\u012f i\u0161silaikym\u0105.\" \/>\n\t\t<meta property=\"og:url\" content=\"https:\/\/monatglobal.com\/lt\/makeup-lip-liner\/\" \/>\n\t\t<meta property=\"article:published_time\" content=\"2024-11-18T15:32:38+00:00\" \/>\n\t\t<meta property=\"article:modified_time\" content=\"2026-02-11T15:55:28+00:00\" \/>\n\t\t<meta name=\"twitter:card\" content=\"summary_large_image\" \/>\n\t\t<meta name=\"twitter:title\" content=\"\u201eMONAT Lip Liner \u2122\u201c | Pabr\u0117\u017eia, pary\u0161kina ir i\u0161laiko l\u016bp\u0173 spalv\u0105\" \/>\n\t\t<meta name=\"twitter:description\" content=\"\u0160is kreminis i\u0161liekantis l\u016bp\u0173 kont\u016bro pie\u0161tukas glotniai pasklinda, i\u0161ry\u0161kindamas l\u016bp\u0173 form\u0105, o jo dr\u0117kinamoji, vandeniui atspari sud\u0117tis u\u017etikrina ilgalaik\u012f i\u0161silaikym\u0105.\" \/>\n\t\t<script type=\"application\/ld+json\" class=\"aioseo-schema\">\n\t\t\t{\"@context\":\"https:\\\/\\\/schema.org\",\"@graph\":[{\"@type\":\"BreadcrumbList\",\"@id\":\"https:\\\/\\\/monatglobal.com\\\/lt\\\/makeup-lip-liner\\\/#breadcrumblist\",\"itemListElement\":[{\"@type\":\"ListItem\",\"@id\":\"https:\\\/\\\/monatglobal.com\\\/lt#listItem\",\"position\":1,\"name\":\"Home\",\"item\":\"https:\\\/\\\/monatglobal.com\\\/lt\",\"nextItem\":{\"@type\":\"ListItem\",\"@id\":\"https:\\\/\\\/monatglobal.com\\\/lt\\\/makeup-lip-liner\\\/#listItem\",\"name\":\"\\u201eMONAT Lip Liner \\u2122\\u201c | Pabr\\u0117\\u017eia, pary\\u0161kina ir i\\u0161laiko l\\u016bp\\u0173 spalv\\u0105\"}},{\"@type\":\"ListItem\",\"@id\":\"https:\\\/\\\/monatglobal.com\\\/lt\\\/makeup-lip-liner\\\/#listItem\",\"position\":2,\"name\":\"\\u201eMONAT Lip Liner \\u2122\\u201c | Pabr\\u0117\\u017eia, pary\\u0161kina ir i\\u0161laiko l\\u016bp\\u0173 spalv\\u0105\",\"previousItem\":{\"@type\":\"ListItem\",\"@id\":\"https:\\\/\\\/monatglobal.com\\\/lt#listItem\",\"name\":\"Home\"}}]},{\"@type\":\"Organization\",\"@id\":\"https:\\\/\\\/monatglobal.com\\\/lt\\\/#organization\",\"name\":\"MONAT Lithuania\",\"url\":\"https:\\\/\\\/monatglobal.com\\\/lt\\\/\"},{\"@type\":\"WebPage\",\"@id\":\"https:\\\/\\\/monatglobal.com\\\/lt\\\/makeup-lip-liner\\\/#webpage\",\"url\":\"https:\\\/\\\/monatglobal.com\\\/lt\\\/makeup-lip-liner\\\/\",\"name\":\"\\u201eMONAT Lip Liner \\u2122\\u201c | Pabr\\u0117\\u017eia, pary\\u0161kina ir i\\u0161laiko l\\u016bp\\u0173 spalv\\u0105\",\"description\":\"\\u0160is kreminis i\\u0161liekantis l\\u016bp\\u0173 kont\\u016bro pie\\u0161tukas glotniai pasklinda, i\\u0161ry\\u0161kindamas l\\u016bp\\u0173 form\\u0105, o jo dr\\u0117kinamoji, vandeniui atspari sud\\u0117tis u\\u017etikrina ilgalaik\\u012f i\\u0161silaikym\\u0105.\",\"inLanguage\":\"lt-LT\",\"isPartOf\":{\"@id\":\"https:\\\/\\\/monatglobal.com\\\/lt\\\/#website\"},\"breadcrumb\":{\"@id\":\"https:\\\/\\\/monatglobal.com\\\/lt\\\/makeup-lip-liner\\\/#breadcrumblist\"},\"image\":{\"@type\":\"ImageObject\",\"url\":\"https:\\\/\\\/monatglobal.com\\\/lt\\\/wp-content\\\/uploads\\\/sites\\\/11\\\/2024\\\/11\\\/Lip-liner_ecomm_2024.png\",\"@id\":\"https:\\\/\\\/monatglobal.com\\\/lt\\\/makeup-lip-liner\\\/#mainImage\",\"width\":641,\"height\":800},\"primaryImageOfPage\":{\"@id\":\"https:\\\/\\\/monatglobal.com\\\/lt\\\/makeup-lip-liner\\\/#mainImage\"},\"datePublished\":\"2024-11-18T15:32:38+00:00\",\"dateModified\":\"2026-02-11T15:55:28+00:00\"},{\"@type\":\"WebSite\",\"@id\":\"https:\\\/\\\/monatglobal.com\\\/lt\\\/#website\",\"url\":\"https:\\\/\\\/monatglobal.com\\\/lt\\\/\",\"name\":\"MONAT Lithuania\",\"inLanguage\":\"lt-LT\",\"publisher\":{\"@id\":\"https:\\\/\\\/monatglobal.com\\\/lt\\\/#organization\"}}]}\n\t\t<\/script>\n\t\t<!-- All in One SEO Pro -->\r\n\t\t<title>\u201eMONAT Lip Liner \u2122\u201c | Pabr\u0117\u017eia, pary\u0161kina ir i\u0161laiko l\u016bp\u0173 spalv\u0105<\/title>\n\n","aioseo_head_json":{"title":"\u201eMONAT Lip Liner \u2122\u201c | Pabr\u0117\u017eia, pary\u0161kina ir i\u0161laiko l\u016bp\u0173 spalv\u0105","description":"\u0160is kreminis i\u0161liekantis l\u016bp\u0173 kont\u016bro pie\u0161tukas glotniai pasklinda, i\u0161ry\u0161kindamas l\u016bp\u0173 form\u0105, o jo dr\u0117kinamoji, vandeniui atspari sud\u0117tis u\u017etikrina ilgalaik\u012f i\u0161silaikym\u0105.","canonical_url":"https:\/\/monatglobal.com\/lt\/makeup-lip-liner\/","robots":"max-image-preview:large","keywords":"","webmasterTools":{"miscellaneous":""},"schema":{"@context":"https:\/\/schema.org","@graph":[{"@type":"BreadcrumbList","@id":"https:\/\/monatglobal.com\/lt\/makeup-lip-liner\/#breadcrumblist","itemListElement":[{"@type":"ListItem","@id":"https:\/\/monatglobal.com\/lt#listItem","position":1,"name":"Home","item":"https:\/\/monatglobal.com\/lt","nextItem":{"@type":"ListItem","@id":"https:\/\/monatglobal.com\/lt\/makeup-lip-liner\/#listItem","name":"\u201eMONAT Lip Liner \u2122\u201c | Pabr\u0117\u017eia, pary\u0161kina ir i\u0161laiko l\u016bp\u0173 spalv\u0105"}},{"@type":"ListItem","@id":"https:\/\/monatglobal.com\/lt\/makeup-lip-liner\/#listItem","position":2,"name":"\u201eMONAT Lip Liner \u2122\u201c | Pabr\u0117\u017eia, pary\u0161kina ir i\u0161laiko l\u016bp\u0173 spalv\u0105","previousItem":{"@type":"ListItem","@id":"https:\/\/monatglobal.com\/lt#listItem","name":"Home"}}]},{"@type":"Organization","@id":"https:\/\/monatglobal.com\/lt\/#organization","name":"MONAT Lithuania","url":"https:\/\/monatglobal.com\/lt\/"},{"@type":"WebPage","@id":"https:\/\/monatglobal.com\/lt\/makeup-lip-liner\/#webpage","url":"https:\/\/monatglobal.com\/lt\/makeup-lip-liner\/","name":"\u201eMONAT Lip Liner \u2122\u201c | Pabr\u0117\u017eia, pary\u0161kina ir i\u0161laiko l\u016bp\u0173 spalv\u0105","description":"\u0160is kreminis i\u0161liekantis l\u016bp\u0173 kont\u016bro pie\u0161tukas glotniai pasklinda, i\u0161ry\u0161kindamas l\u016bp\u0173 form\u0105, o jo dr\u0117kinamoji, vandeniui atspari sud\u0117tis u\u017etikrina ilgalaik\u012f i\u0161silaikym\u0105.","inLanguage":"lt-LT","isPartOf":{"@id":"https:\/\/monatglobal.com\/lt\/#website"},"breadcrumb":{"@id":"https:\/\/monatglobal.com\/lt\/makeup-lip-liner\/#breadcrumblist"},"image":{"@type":"ImageObject","url":"https:\/\/monatglobal.com\/lt\/wp-content\/uploads\/sites\/11\/2024\/11\/Lip-liner_ecomm_2024.png","@id":"https:\/\/monatglobal.com\/lt\/makeup-lip-liner\/#mainImage","width":641,"height":800},"primaryImageOfPage":{"@id":"https:\/\/monatglobal.com\/lt\/makeup-lip-liner\/#mainImage"},"datePublished":"2024-11-18T15:32:38+00:00","dateModified":"2026-02-11T15:55:28+00:00"},{"@type":"WebSite","@id":"https:\/\/monatglobal.com\/lt\/#website","url":"https:\/\/monatglobal.com\/lt\/","name":"MONAT Lithuania","inLanguage":"lt-LT","publisher":{"@id":"https:\/\/monatglobal.com\/lt\/#organization"}}]},"og:locale":"lt_LT","og:site_name":"MONAT Lithuania -","og:type":"article","og:title":"\u201eMONAT Lip Liner \u2122\u201c | Pabr\u0117\u017eia, pary\u0161kina ir i\u0161laiko l\u016bp\u0173 spalv\u0105","og:description":"\u0160is kreminis i\u0161liekantis l\u016bp\u0173 kont\u016bro pie\u0161tukas glotniai pasklinda, i\u0161ry\u0161kindamas l\u016bp\u0173 form\u0105, o jo dr\u0117kinamoji, vandeniui atspari sud\u0117tis u\u017etikrina ilgalaik\u012f i\u0161silaikym\u0105.","og:url":"https:\/\/monatglobal.com\/lt\/makeup-lip-liner\/","article:published_time":"2024-11-18T15:32:38+00:00","article:modified_time":"2026-02-11T15:55:28+00:00","twitter:card":"summary_large_image","twitter:title":"\u201eMONAT Lip Liner \u2122\u201c | Pabr\u0117\u017eia, pary\u0161kina ir i\u0161laiko l\u016bp\u0173 spalv\u0105","twitter:description":"\u0160is kreminis i\u0161liekantis l\u016bp\u0173 kont\u016bro pie\u0161tukas glotniai pasklinda, i\u0161ry\u0161kindamas l\u016bp\u0173 form\u0105, o jo dr\u0117kinamoji, vandeniui atspari sud\u0117tis u\u017etikrina ilgalaik\u012f i\u0161silaikym\u0105."},"aioseo_meta_data":{"post_id":"85761","title":"\u201eMONAT Lip Liner \u2122\u201c | Pabr\u0117\u017eia, pary\u0161kina ir i\u0161laiko l\u016bp\u0173 spalv\u0105","description":"\u0160is kreminis i\u0161liekantis l\u016bp\u0173 kont\u016bro pie\u0161tukas glotniai pasklinda, i\u0161ry\u0161kindamas l\u016bp\u0173 form\u0105, o jo dr\u0117kinamoji, vandeniui atspari sud\u0117tis u\u017etikrina ilgalaik\u012f i\u0161silaikym\u0105.","keywords":null,"keyphrases":{"focus":{"keyphrase":"","score":0,"analysis":{"keyphraseInTitle":{"score":0,"maxScore":9,"error":1}}},"additional":[]},"primary_term":null,"canonical_url":null,"og_title":null,"og_description":null,"og_object_type":"default","og_image_type":"default","og_image_url":null,"og_image_width":null,"og_image_height":null,"og_image_custom_url":null,"og_image_custom_fields":null,"og_video":"","og_custom_url":null,"og_article_section":null,"og_article_tags":null,"twitter_use_og":false,"twitter_card":"default","twitter_image_type":"default","twitter_image_url":null,"twitter_image_custom_url":null,"twitter_image_custom_fields":null,"twitter_title":null,"twitter_description":null,"schema":{"blockGraphs":[],"customGraphs":[],"default":{"data":{"Article":[],"Course":[],"Dataset":[],"FAQPage":[],"Movie":[],"Person":[],"Product":[],"ProductReview":[],"Car":[],"Recipe":[],"Service":[],"SoftwareApplication":[],"WebPage":[]},"graphName":"WebPage","isEnabled":true},"graphs":[]},"schema_type":"default","schema_type_options":null,"pillar_content":false,"robots_default":true,"robots_noindex":false,"robots_noarchive":false,"robots_nosnippet":false,"robots_nofollow":false,"robots_noimageindex":false,"robots_noodp":false,"robots_notranslate":false,"robots_max_snippet":"-1","robots_max_videopreview":"-1","robots_max_imagepreview":"large","priority":null,"frequency":"default","local_seo":null,"seo_analyzer_scan_date":"2026-02-11 16:09:30","breadcrumb_settings":null,"limit_modified_date":false,"reviewed_by":"0","open_ai":"{\"title\":{\"suggestions\":[],\"usage\":0},\"description\":{\"suggestions\":[],\"usage\":0}}","ai":{"faqs":[],"keyPoints":[],"titles":[],"descriptions":[],"socialPosts":{"email":[],"linkedin":[],"twitter":[],"facebook":[],"instagram":[]}},"created":"2024-11-18 15:22:51","updated":"2026-02-11 16:09:30"},"aioseo_breadcrumb":"<div class=\"aioseo-breadcrumbs\"><span class=\"aioseo-breadcrumb\">\n\t<a href=\"https:\/\/monatglobal.com\/lt\" title=\"Home\">Home<\/a>\n<\/span><span class=\"aioseo-breadcrumb-separator\">&raquo;<\/span><span class=\"aioseo-breadcrumb\">\n\t\u201eMONAT Lip Liner \u2122\u201c | Pabr\u0117\u017eia, pary\u0161kina ir i\u0161laiko l\u016bp\u0173 spalv\u0105\n<\/span><\/div>","aioseo_breadcrumb_json":[{"label":"Home","link":"https:\/\/monatglobal.com\/lt"},{"label":"\u201eMONAT Lip Liner \u2122\u201c | Pabr\u0117\u017eia, pary\u0161kina ir i\u0161laiko l\u016bp\u0173 spalv\u0105","link":"https:\/\/monatglobal.com\/lt\/makeup-lip-liner\/"}],"_links":{"self":[{"href":"https:\/\/monatglobal.com\/lt\/wp-json\/wp\/v2\/pages\/85761","targetHints":{"allow":["GET"]}}],"collection":[{"href":"https:\/\/monatglobal.com\/lt\/wp-json\/wp\/v2\/pages"}],"about":[{"href":"https:\/\/monatglobal.com\/lt\/wp-json\/wp\/v2\/types\/page"}],"author":[{"embeddable":true,"href":"https:\/\/monatglobal.com\/lt\/wp-json\/wp\/v2\/users\/57"}],"replies":[{"embeddable":true,"href":"https:\/\/monatglobal.com\/lt\/wp-json\/wp\/v2\/comments?post=85761"}],"version-history":[{"count":19,"href":"https:\/\/monatglobal.com\/lt\/wp-json\/wp\/v2\/pages\/85761\/revisions"}],"predecessor-version":[{"id":109150,"href":"https:\/\/monatglobal.com\/lt\/wp-json\/wp\/v2\/pages\/85761\/revisions\/109150"}],"wp:featuredmedia":[{"embeddable":true,"href":"https:\/\/monatglobal.com\/lt\/wp-json\/wp\/v2\/media\/85762"}],"wp:attachment":[{"href":"https:\/\/monatglobal.com\/lt\/wp-json\/wp\/v2\/media?parent=85761"}],"wp:term":[{"taxonomy":"category","embeddable":true,"href":"https:\/\/monatglobal.com\/lt\/wp-json\/wp\/v2\/categories?post=85761"},{"taxonomy":"post_tag","embeddable":true,"href":"https:\/\/monatglobal.com\/lt\/wp-json\/wp\/v2\/tags?post=85761"}],"curies":[{"name":"wp","href":"https:\/\/api.w.org\/{rel}","templated":true}]}}