{"id":85734,"date":"2024-11-13T03:26:09","date_gmt":"2024-11-13T03:26:09","guid":{"rendered":"https:\/\/monatglobal.com\/lt\/?page_id=85734"},"modified":"2026-02-11T17:05:24","modified_gmt":"2026-02-11T17:05:24","slug":"liquid-highlighter","status":"publish","type":"page","link":"https:\/\/monatglobal.com\/lt\/liquid-highlighter\/","title":{"rendered":"Skysta \u0161vyt\u0117jimo suteikianti priemon\u0117 | MONAT makia\u017eo produktai"},"content":{"rendered":"\n\n\t<!-- Title: Skysta \u0161vyt\u0117jimo suteikianti priemon\u0117 | MONAT makia\u017eo produktai -->\n<!-- Meta: Bene geriausia skysta \u0161vyt\u0117jimo suteikianti priemon\u0117, kurios sud\u0117tyje esantys niacinamidas ir skvalenas akimirksniu suteikia \u0161vyt\u0117jimo, spindesio ir suma\u017eina odos netobulumus. -->\n<link rel=\"stylesheet\" href=\"https:\/\/monatglobal.com\/wp-content\/creative_css\/product_styles_sheet.css\"\/>\n    <!--==================================================== ECOMM SECTION ====================================================-->\n        <!--==================================================== Ecomm image ====================================================--> \n                    <img decoding=\"async\" alt=\"\" src=\"\" loading=\"lazy\"\/>\n                  <img decoding=\"async\" alt=\"BE CLARIFIED\u2122 Acne-Clearing Moisturizer overlaying a texture shot of the moisturizer.\" src=\"https:\/\/monatglobal.com\/wp-content\/uploads\/2023\/03\/pop-up-ecomm-be-clarified-Acne-Clearing-Moisturizer-texture.jpg\" loading=\"lazy\"\/>\n                  <img decoding=\"async\" alt=\"BE CLARIFIED\u2122 Acne-Clearing Moisturizer overlaying a texture shot of the moisturizer.\" src=\"https:\/\/monatglobal.com\/wp-content\/uploads\/2023\/03\/pop-up-ecomm-be-clarified-Acne-Clearing-Moisturizer-texture.jpg\" loading=\"lazy\"\/>\n                  <img decoding=\"async\" alt=\"A male smiling while holding BE CLARIFIED\u2122 Acne-Clearing Moisturizer.\" src=\"https:\/\/monatglobal.com\/wp-content\/uploads\/2023\/03\/pop-up-ecomm-be-clarified-Acne-Clearing-Moisturizer.jpg\" loading=\"lazy\"\/>\n                        <img decoding=\"async\" alt=\"\" src=\"\" data-lbxp=\"\" loading=\"lazy\"\/>\n                      <img decoding=\"async\" alt=\"BE CLARIFIED\u2122 Acne-Clearing Moisturizer overlaying a texture shot of the moisturizer.\" src=\"https:\/\/monatglobal.com\/wp-content\/uploads\/2023\/03\/pop-up-ecomm-be-clarified-Acne-Clearing-Moisturizer-texture.jpg\" data-lbxp=\"\" loading=\"lazy\"\/>\n                      <img decoding=\"async\" alt=\"BE CLARIFIED\u2122 Acne-Clearing Moisturizer overlaying a texture shot of the moisturizer.\" src=\"https:\/\/monatglobal.com\/wp-content\/uploads\/2023\/03\/pop-up-ecomm-be-clarified-Acne-Clearing-Moisturizer-texture.jpg\" data-lbxp=\"\" loading=\"lazy\"\/>\n                      <img decoding=\"async\" alt=\"A male smiling while holding BE CLARIFIED\u2122 Acne-Clearing Moisturizer.\" src=\"https:\/\/monatglobal.com\/wp-content\/uploads\/2023\/03\/pop-up-ecomm-be-clarified-Acne-Clearing-Moisturizer.jpg\" loading=\"lazy\"\/>\n        <!--==================================================== Ecomm information  ====================================================-->\n            <p>\u201eMONAT<\/p>\n            <h1>Liquid Highlighter\u2122&#8221; \ufe0f<\/h1>\n            <p>su niacinamidu ir skvalenu<\/p>\n            <p>Akimirksniu suteikia spindesio ir vidinio \u0161vyt\u0117jimo.<\/p>\n            <p>10 ml \u212e 0.34 fl. oz.<\/p>\n            \n                <label><input type=\"radio\"  name=\"toneLiquidHighlighter\"\/><\/label>\n                <label><input type=\"radio\"  name=\"toneLiquidHighlighter\"\/><\/label>\n            <!--==================================================== pricing box ====================================================-->\n                    <p>Ma\u017emenin\u0117 kaina<br \/>00.00 \u20ac<\/p>\n                    <p>VIP kliento kaina<br \/>00.00 \u20ac<\/p>\n           <!--==================================================== pricing box ====================================================-->\n            <p>Nor\u0117dami su\u017einoti daugiau apie \u201eMONAT Liquid Highlighter\u2122&#8221;\ufe0f, pasikalb\u0117kite su savo \u201eMONAT Market Partner&#8221;. <\/p>\n          <a href=\"\" target=\"_blank\" role=\"button\" aria-label=\"\" rel=\"noopener\"><\/a>\n    <!--==================================================== \/ECOMM SECTION  ====================================================-->\n    <!--==================================================== Benefits image ====================================================-->\n    \n        <source id=\"benefitsMobImg\" media=\"(max-width: 700px)\" srcset=\"\"\/>\n        <img decoding=\"async\" id=\"benefitsImg\" src=\"\" alt=\"\" loading=\"lazy\"\/>\n    \n    <!--==================================================== Benefits text ====================================================-->\n            <h2>NAUDA<\/h2>\n            <h3>Vos keli \u0161ios priemon\u0117s la\u0161ai suteikia nat\u016braliems veido kont\u016brams, tokiems kaip skruostikauliai, antakiai, nosies nugar\u0117l\u0117 ir Kupidono lankas, ry\u0161kumo ir&nbsp;apibr\u0117\u017etumo.<\/h3>\n            <p>Nat\u016bralios kilm\u0117s augaliniai ir kiti od\u0105 puosel\u0117jantys ingredientai padeda odai spind\u0117ti ir&nbsp;\u0161vyt\u0117ti.<\/p>\n            <!--==================================================== features image slide  ====================================================-->\n                    <img decoding=\"async\" src=\"\" alt=\"\" loading=\"lazy\"\/>\n                    <img decoding=\"async\" src=\"\" alt=\"\" loading=\"lazy\"\/>\n        <!--==================================================== features text ====================================================-->\n                <h3>Ypatyb\u0117s<\/h3>\n                    <p> \/ \u0160viesina od\u0105 ir suteikia spindesio<\/p>\n                    <p> \/ Padeda u\u017emaskuoti odos netobulumus<\/p>\n                    <p> \/ Neriebi, lengva tekst\u016bra u\u017etikrina lengv\u0105 sluoksniavim\u0105<\/p>\n                    <p> \/ Du universal\u016bs atspalviai: \u201eChampagne&#8221; ir \u201eRose Gold&#8221;<\/p>\n                    <p>\/ Tinka vis\u0173 tip\u0173 odai<\/p>\n                    <br \/>\n                <p>Kvapas \/ Be kvapikli\u0173 <\/p>\n                <p>Texture \/ Skysta priemon\u0117<\/p>\n    <!--==================================================== composition image mobile ====================================================-->\n    <img decoding=\"async\" src=\"\" alt=\"\" loading=\"lazy\"\/>\n    <!--==================================================== Why it works text ====================================================-->\n        <h2>Suspind\u0117kite<\/h2>\n        <h3>\u0160ios odos prie\u017ei\u016bros priemon\u0117s sud\u0117tyje esantis niacinamidas, skvalenas, vitamino E acetatas ir&nbsp;REJUVENIQE S\u2122 \u0161viesina od\u0105, suteikia jai spindesio ir&nbsp;maskuoja netobulumus, o laikui b\u0117gant pagerina odos&nbsp;i\u0161vaizd\u0105.<\/h3>\n        \n<!--==================================================== Composition section ====================================================-->\n        <img decoding=\"async\" src=\"\" alt=\"\" loading=\"lazy\"\/>\n        <img decoding=\"async\" id=\"compImg_2\" src=\"\" alt=\"\" loading=\"lazy\"\/>\n                <!--==================================================== Directions text ====================================================--> \n                    <h3>Naudojimas<\/h3>\n                        <p>\/ Gerai suplakite.<\/p>\n                        <p>\/ U\u017etepkite ant vis\u0173 sri\u010di\u0173, kurioms norite suteikti \u0161vyt\u0117jimo.<\/p>\n                        <p>\/ I\u0161sklaidykite, kad suteiktum\u0117te odai \u0161vyt\u0117jimo.<\/p>\n                        <p>\/ Galima naudoti vien\u0105 arba \u012fla\u0161inti kelis la\u0161us \u012f m\u0117gstam\u0105 makia\u017eo pagrind\u0105, kad suteiktum\u0117te odai papildomo \u0161vyt\u0117jimo.<\/p> \n                <!--==================================================== Directions video ====================================================-->\n                    <!---->\n    <!--<p>\u201eMONAT Liquid Highlighter\u2122\"  <br \/>7:21<\/p>-->\n      <a href=\"\" target=\"_blank\" role=\"button\" aria-label=\"\" rel=\"noopener\"><\/a>\n    <!--==================================================== Ingredients section  ====================================================-->\n        <h2>PAGRINDIN\u0116S SUDEDAMOSIOS DALYS<\/h2>\n          <img decoding=\"async\" src=\"https:\/\/monatglobal.com\/wp-content\/uploads\/2024\/07\/Niacinamide-.svg\" alt=\"icon of Niacinamide \"\/> \n      <p>Niacinamidas<\/p>\n              <img decoding=\"async\" src=\"https:\/\/monatglobal.com\/wp-content\/uploads\/2024\/07\/Squalane.svg\" alt=\"icon of Squalane\"\/>\n      <p>Skvalenas<\/p>\n           <img decoding=\"async\" src=\"https:\/\/monatglobal.com\/wp-content\/uploads\/2024\/07\/Vitamin-E-Acetate-.svg\" alt=\"icon of Vitamin E Acetate\"\/>\n      <p>Vitamino E acetatas<\/p>\n            <img decoding=\"async\" src=\"https:\/\/monatglobal.com\/wp-content\/uploads\/2024\/07\/REJUVENIQE-S-1.svg\" alt=\"icon of  REJUVENIQE S\u2122\"\/> \n      <p>REJUVENIQE S\u2122<\/p>\n        <button id=\"myBtn\" type=\"button\">SUDEDAM\u0172J\u0172 DALI\u0172 S\u0104RA\u0160AS<\/button>\n        <!--==================================================== Modal content  ====================================================-->\n            \u00d7\n            <p>Aqua\/Water\/Eau, Glycerin, Diisostearyl Malate, Mica, Synthetic Fluorphlogopite, Hydroxypropyl Starch, Squalane, Lecithin, Niacinamide, Sclerotium Gum, Pullulan, Tocopheryl Acetate, Pisum Sativum (Pea) Extract, Sodium Phytate, Olea Europaea (Olive) Fruit Oil, Silica, Chenopodium Quinoa Seed Extract, Limnanthes Alba (Meadowfoam) Seed Oil, Xanthan Gum, Crambe Abyssinica Seed Oil, Tocopherol, Cocos Nucifera (Coconut) Oil, Camellia Oleifera Seed Oil, Daucus Carota Sativa (Carrot) Seed Oil, Simmondsia Chinensis (Jojoba) Seed Extract, Sodium Acrylates Copolymer, Capryloyl Glycerin\/Sebacic Acid Copolymer, Solanum Lycopersicum (Tomato) Seed Oil, Adansonia Digitata Oil, Caryocar Brasiliense Fruit Oil, Citrus Aurantifolia (Lime) Oil, Citrus Aurantium Bergamia (Bergamot) Fruit Oil, Citrus Limon (Lemon) Peel Oil, Gardenia Taitensis Flower Extract, Helianthus Annuus (Sunflower) Seed Oil, Mauritia Flexuosa Fruit Oil, Moringa Oleifera Seed Oil, Alcohol, Calcium Aluminum Borosilicate, Tin Oxide, Ethylhexylglycerin, Benzyl Alcohol, Sodium Benzoate, Potassium Sorbate, May Contain (+\/-): Titanium Dioxide (CI 77891), Iron Oxides (CI 77491).<\/p>\n    <!--==================================================== You might also like section ====================================================-->\n        <h2>JUMS TAIP PAT GALI PATI<\/h2>\n        <!--==================================================== Slider YOU MIGHT ALSO LIKE ====================================================-->\n        <!---->\n        <!--    -->\n        <!--    -->\n        <!--           <a href=\"https:\/\/monatglobal.com\/lt\/makeup-concealer\/#very-light\" aria-label=\"Go to \u201eMONAT Brighten + Correct Concealer\u2122\" page\">-->\n        <!--            <img decoding=\"async\" src=\"https:\/\/monatglobal.com\/wp-content\/uploads\/2023\/08\/brighten_correct_concealer_very_light-ecomm.png\" alt=\"tube of MONAT Brighten + Correct Concealer\u2122\" loading=\"lazy\"\/>-->\n        <!--            <p>\u201eMONAT Brighten + Correct Concealer\u2122\"\ufe0f\ufe0f<\/p>-->\n        <!--          <\/a>-->\n        <!--        -->\n        <!--        -->\n        <!--            <a href=\"https:\/\/monatglobal.com\/lt\/makeup-eyeshadow\/\" aria-label=\"Go to MONAT Glam Essentials Palette\u2122 page\">-->\n        <!--                <img decoding=\"async\" src=\"https:\/\/monatglobal.com\/wp-content\/uploads\/2024\/08\/MONAT-Glam-essential-palette-ECOMM_2024.png\" alt=\"MONAT Glam Essentials Palette\u2122\" loading=\"lazy\"\/>-->\n        <!--                <p>\u201eMONAT Glam Essentials Palette\u2122\"<\/p>-->\n        <!--            <\/a>-->\n        <!--        -->\n        <!--        -->\n        <!--           <a href=\"https:\/\/monatglobal.com\/lt\/lip-plumb-gloss\/\" aria-label=\"Go to MONAT Lip-Plumping Gloss\u2122 page\">-->\n        <!--            <img decoding=\"async\" src=\"https:\/\/monatglobal.com\/wp-content\/uploads\/2024\/08\/LIP-PLUMPING-GLOSS-CLASSY-ECOMM_2024-min.png\" alt=\"MONAT Lip-Plumping Gloss\u2122\" loading=\"lazy\"\/>-->\n        <!--            <p>\u201eMONAT Lip-Plumping Gloss\u2122\"<\/p>-->\n        <!--          <\/a>-->\n        <!--        -->\n        <!--    -->\n            <!-- If we need navigation buttons -->\n        <!--    -->\n        <!--    -->\n            <!-- If we need paginations -->\n        <!--    -->\n        <!---->\n         <!--==================================================== If we need navigation buttons  ====================================================-->\n         <!--==================================================== If we need paginations  ====================================================-->\n    <a href=\"\" aria-label=\"\"><\/a>\n<!--==================================================== this link has to go last for it to work   ====================================================-->\n\n","protected":false},"excerpt":{"rendered":"<p>\u201eMONAT Liquid Highlighter\u2122&#8221; \ufe0f su niacinamidu ir skvalenu Akimirksniu suteikia spindesio ir vidinio \u0161vyt\u0117jimo. 10 ml \u212e 0.34 fl. oz. Ma\u017emenin\u0117 kaina00.00 \u20ac VIP kliento kaina00.00 \u20ac Nor\u0117dami su\u017einoti daugiau apie \u201eMONAT Liquid Highlighter\u2122&#8221;\ufe0f, pasikalb\u0117kite su savo \u201eMONAT Market Partner&#8221;. NAUDA Vos keli \u0161ios priemon\u0117s la\u0161ai suteikia nat\u016braliems veido kont\u016brams, tokiems kaip skruostikauliai, antakiai, nosies&hellip;<\/p>\n","protected":false},"author":57,"featured_media":84696,"parent":0,"menu_order":0,"comment_status":"closed","ping_status":"closed","template":"","meta":{"inline_featured_image":false,"om_disable_all_campaigns":false,"_monsterinsights_skip_tracking":false,"_monsterinsights_sitenote_active":false,"_monsterinsights_sitenote_note":"","_monsterinsights_sitenote_category":0,"footnotes":""},"categories":[32],"tags":[],"class_list":["post-85734","page","type-page","status-publish","has-post-thumbnail","hentry","category-product-lt"],"aioseo_notices":[],"aioseo_head":"\n\t\t<!-- All in One SEO Pro 4.9.6 - aioseo.com -->\n\t<meta name=\"description\" content=\"Bene geriausia skysta \u0161vyt\u0117jimo suteikianti priemon\u0117, kurios sud\u0117tyje esantys niacinamidas ir skvalenas akimirksniu suteikia \u0161vyt\u0117jimo, spindesio ir suma\u017eina odos netobulumus.\" \/>\n\t<meta name=\"robots\" content=\"max-image-preview:large\" \/>\n\t<link rel=\"canonical\" href=\"https:\/\/monatglobal.com\/lt\/liquid-highlighter\/\" \/>\n\t<meta name=\"generator\" content=\"All in One SEO Pro (AIOSEO) 4.9.6\" \/>\n\t\t<meta property=\"og:locale\" content=\"lt_LT\" \/>\n\t\t<meta property=\"og:site_name\" content=\"MONAT Lithuania -\" \/>\n\t\t<meta property=\"og:type\" content=\"article\" \/>\n\t\t<meta property=\"og:title\" content=\"Skysta \u0161vyt\u0117jimo suteikianti priemon\u0117 | MONAT makia\u017eo produktai\" \/>\n\t\t<meta property=\"og:description\" content=\"Bene geriausia skysta \u0161vyt\u0117jimo suteikianti priemon\u0117, kurios sud\u0117tyje esantys niacinamidas ir skvalenas akimirksniu suteikia \u0161vyt\u0117jimo, spindesio ir suma\u017eina odos netobulumus.\" \/>\n\t\t<meta property=\"og:url\" content=\"https:\/\/monatglobal.com\/lt\/liquid-highlighter\/\" \/>\n\t\t<meta property=\"article:published_time\" content=\"2024-11-13T03:26:09+00:00\" \/>\n\t\t<meta property=\"article:modified_time\" content=\"2026-02-11T17:05:24+00:00\" \/>\n\t\t<meta name=\"twitter:card\" content=\"summary_large_image\" \/>\n\t\t<meta name=\"twitter:title\" content=\"Skysta \u0161vyt\u0117jimo suteikianti priemon\u0117 | MONAT makia\u017eo produktai\" \/>\n\t\t<meta name=\"twitter:description\" content=\"Bene geriausia skysta \u0161vyt\u0117jimo suteikianti priemon\u0117, kurios sud\u0117tyje esantys niacinamidas ir skvalenas akimirksniu suteikia \u0161vyt\u0117jimo, spindesio ir suma\u017eina odos netobulumus.\" \/>\n\t\t<script type=\"application\/ld+json\" class=\"aioseo-schema\">\n\t\t\t{\"@context\":\"https:\\\/\\\/schema.org\",\"@graph\":[{\"@type\":\"BreadcrumbList\",\"@id\":\"https:\\\/\\\/monatglobal.com\\\/lt\\\/liquid-highlighter\\\/#breadcrumblist\",\"itemListElement\":[{\"@type\":\"ListItem\",\"@id\":\"https:\\\/\\\/monatglobal.com\\\/lt#listItem\",\"position\":1,\"name\":\"Home\",\"item\":\"https:\\\/\\\/monatglobal.com\\\/lt\",\"nextItem\":{\"@type\":\"ListItem\",\"@id\":\"https:\\\/\\\/monatglobal.com\\\/lt\\\/liquid-highlighter\\\/#listItem\",\"name\":\"Skysta \\u0161vyt\\u0117jimo suteikianti priemon\\u0117 | MONAT makia\\u017eo produktai\"}},{\"@type\":\"ListItem\",\"@id\":\"https:\\\/\\\/monatglobal.com\\\/lt\\\/liquid-highlighter\\\/#listItem\",\"position\":2,\"name\":\"Skysta \\u0161vyt\\u0117jimo suteikianti priemon\\u0117 | MONAT makia\\u017eo produktai\",\"previousItem\":{\"@type\":\"ListItem\",\"@id\":\"https:\\\/\\\/monatglobal.com\\\/lt#listItem\",\"name\":\"Home\"}}]},{\"@type\":\"Organization\",\"@id\":\"https:\\\/\\\/monatglobal.com\\\/lt\\\/#organization\",\"name\":\"MONAT Lithuania\",\"url\":\"https:\\\/\\\/monatglobal.com\\\/lt\\\/\"},{\"@type\":\"WebPage\",\"@id\":\"https:\\\/\\\/monatglobal.com\\\/lt\\\/liquid-highlighter\\\/#webpage\",\"url\":\"https:\\\/\\\/monatglobal.com\\\/lt\\\/liquid-highlighter\\\/\",\"name\":\"Skysta \\u0161vyt\\u0117jimo suteikianti priemon\\u0117 | MONAT makia\\u017eo produktai\",\"description\":\"Bene geriausia skysta \\u0161vyt\\u0117jimo suteikianti priemon\\u0117, kurios sud\\u0117tyje esantys niacinamidas ir skvalenas akimirksniu suteikia \\u0161vyt\\u0117jimo, spindesio ir suma\\u017eina odos netobulumus.\",\"inLanguage\":\"lt-LT\",\"isPartOf\":{\"@id\":\"https:\\\/\\\/monatglobal.com\\\/lt\\\/#website\"},\"breadcrumb\":{\"@id\":\"https:\\\/\\\/monatglobal.com\\\/lt\\\/liquid-highlighter\\\/#breadcrumblist\"},\"image\":{\"@type\":\"ImageObject\",\"url\":\"https:\\\/\\\/monatglobal.com\\\/lt\\\/wp-content\\\/uploads\\\/sites\\\/11\\\/2024\\\/09\\\/LIQUID-HIGHLIGHTERS-CHAMPAGNE-ECOMM_2024-min.png\",\"@id\":\"https:\\\/\\\/monatglobal.com\\\/lt\\\/liquid-highlighter\\\/#mainImage\",\"width\":641,\"height\":800},\"primaryImageOfPage\":{\"@id\":\"https:\\\/\\\/monatglobal.com\\\/lt\\\/liquid-highlighter\\\/#mainImage\"},\"datePublished\":\"2024-11-13T03:26:09+00:00\",\"dateModified\":\"2026-02-11T17:05:24+00:00\"},{\"@type\":\"WebSite\",\"@id\":\"https:\\\/\\\/monatglobal.com\\\/lt\\\/#website\",\"url\":\"https:\\\/\\\/monatglobal.com\\\/lt\\\/\",\"name\":\"MONAT Lithuania\",\"inLanguage\":\"lt-LT\",\"publisher\":{\"@id\":\"https:\\\/\\\/monatglobal.com\\\/lt\\\/#organization\"}}]}\n\t\t<\/script>\n\t\t<!-- All in One SEO Pro -->\r\n\t\t<title>Skysta \u0161vyt\u0117jimo suteikianti priemon\u0117 | MONAT makia\u017eo produktai<\/title>\n\n","aioseo_head_json":{"title":"Skysta \u0161vyt\u0117jimo suteikianti priemon\u0117 | MONAT makia\u017eo produktai","description":"Bene geriausia skysta \u0161vyt\u0117jimo suteikianti priemon\u0117, kurios sud\u0117tyje esantys niacinamidas ir skvalenas akimirksniu suteikia \u0161vyt\u0117jimo, spindesio ir suma\u017eina odos netobulumus.","canonical_url":"https:\/\/monatglobal.com\/lt\/liquid-highlighter\/","robots":"max-image-preview:large","keywords":"","webmasterTools":{"miscellaneous":""},"schema":{"@context":"https:\/\/schema.org","@graph":[{"@type":"BreadcrumbList","@id":"https:\/\/monatglobal.com\/lt\/liquid-highlighter\/#breadcrumblist","itemListElement":[{"@type":"ListItem","@id":"https:\/\/monatglobal.com\/lt#listItem","position":1,"name":"Home","item":"https:\/\/monatglobal.com\/lt","nextItem":{"@type":"ListItem","@id":"https:\/\/monatglobal.com\/lt\/liquid-highlighter\/#listItem","name":"Skysta \u0161vyt\u0117jimo suteikianti priemon\u0117 | MONAT makia\u017eo produktai"}},{"@type":"ListItem","@id":"https:\/\/monatglobal.com\/lt\/liquid-highlighter\/#listItem","position":2,"name":"Skysta \u0161vyt\u0117jimo suteikianti priemon\u0117 | MONAT makia\u017eo produktai","previousItem":{"@type":"ListItem","@id":"https:\/\/monatglobal.com\/lt#listItem","name":"Home"}}]},{"@type":"Organization","@id":"https:\/\/monatglobal.com\/lt\/#organization","name":"MONAT Lithuania","url":"https:\/\/monatglobal.com\/lt\/"},{"@type":"WebPage","@id":"https:\/\/monatglobal.com\/lt\/liquid-highlighter\/#webpage","url":"https:\/\/monatglobal.com\/lt\/liquid-highlighter\/","name":"Skysta \u0161vyt\u0117jimo suteikianti priemon\u0117 | MONAT makia\u017eo produktai","description":"Bene geriausia skysta \u0161vyt\u0117jimo suteikianti priemon\u0117, kurios sud\u0117tyje esantys niacinamidas ir skvalenas akimirksniu suteikia \u0161vyt\u0117jimo, spindesio ir suma\u017eina odos netobulumus.","inLanguage":"lt-LT","isPartOf":{"@id":"https:\/\/monatglobal.com\/lt\/#website"},"breadcrumb":{"@id":"https:\/\/monatglobal.com\/lt\/liquid-highlighter\/#breadcrumblist"},"image":{"@type":"ImageObject","url":"https:\/\/monatglobal.com\/lt\/wp-content\/uploads\/sites\/11\/2024\/09\/LIQUID-HIGHLIGHTERS-CHAMPAGNE-ECOMM_2024-min.png","@id":"https:\/\/monatglobal.com\/lt\/liquid-highlighter\/#mainImage","width":641,"height":800},"primaryImageOfPage":{"@id":"https:\/\/monatglobal.com\/lt\/liquid-highlighter\/#mainImage"},"datePublished":"2024-11-13T03:26:09+00:00","dateModified":"2026-02-11T17:05:24+00:00"},{"@type":"WebSite","@id":"https:\/\/monatglobal.com\/lt\/#website","url":"https:\/\/monatglobal.com\/lt\/","name":"MONAT Lithuania","inLanguage":"lt-LT","publisher":{"@id":"https:\/\/monatglobal.com\/lt\/#organization"}}]},"og:locale":"lt_LT","og:site_name":"MONAT Lithuania -","og:type":"article","og:title":"Skysta \u0161vyt\u0117jimo suteikianti priemon\u0117 | MONAT makia\u017eo produktai","og:description":"Bene geriausia skysta \u0161vyt\u0117jimo suteikianti priemon\u0117, kurios sud\u0117tyje esantys niacinamidas ir skvalenas akimirksniu suteikia \u0161vyt\u0117jimo, spindesio ir suma\u017eina odos netobulumus.","og:url":"https:\/\/monatglobal.com\/lt\/liquid-highlighter\/","article:published_time":"2024-11-13T03:26:09+00:00","article:modified_time":"2026-02-11T17:05:24+00:00","twitter:card":"summary_large_image","twitter:title":"Skysta \u0161vyt\u0117jimo suteikianti priemon\u0117 | MONAT makia\u017eo produktai","twitter:description":"Bene geriausia skysta \u0161vyt\u0117jimo suteikianti priemon\u0117, kurios sud\u0117tyje esantys niacinamidas ir skvalenas akimirksniu suteikia \u0161vyt\u0117jimo, spindesio ir suma\u017eina odos netobulumus."},"aioseo_meta_data":{"post_id":"85734","title":"Skysta \u0161vyt\u0117jimo suteikianti priemon\u0117 | MONAT makia\u017eo produktai","description":"Bene geriausia skysta \u0161vyt\u0117jimo suteikianti priemon\u0117, kurios sud\u0117tyje esantys niacinamidas ir skvalenas akimirksniu suteikia \u0161vyt\u0117jimo, spindesio ir suma\u017eina odos netobulumus.","keywords":null,"keyphrases":{"focus":{"keyphrase":"","score":0,"analysis":{"keyphraseInTitle":{"score":0,"maxScore":9,"error":1}}},"additional":[]},"primary_term":null,"canonical_url":null,"og_title":null,"og_description":null,"og_object_type":"default","og_image_type":"default","og_image_url":null,"og_image_width":null,"og_image_height":null,"og_image_custom_url":null,"og_image_custom_fields":null,"og_video":"","og_custom_url":null,"og_article_section":null,"og_article_tags":null,"twitter_use_og":false,"twitter_card":"default","twitter_image_type":"default","twitter_image_url":null,"twitter_image_custom_url":null,"twitter_image_custom_fields":null,"twitter_title":null,"twitter_description":null,"schema":{"blockGraphs":[],"customGraphs":[],"default":{"data":{"Article":[],"Course":[],"Dataset":[],"FAQPage":[],"Movie":[],"Person":[],"Product":[],"ProductReview":[],"Car":[],"Recipe":[],"Service":[],"SoftwareApplication":[],"WebPage":[]},"graphName":"WebPage","isEnabled":true},"graphs":[]},"schema_type":"default","schema_type_options":null,"pillar_content":false,"robots_default":true,"robots_noindex":false,"robots_noarchive":false,"robots_nosnippet":false,"robots_nofollow":false,"robots_noimageindex":false,"robots_noodp":false,"robots_notranslate":false,"robots_max_snippet":"-1","robots_max_videopreview":"-1","robots_max_imagepreview":"large","priority":null,"frequency":"default","local_seo":null,"seo_analyzer_scan_date":"2026-02-11 17:06:01","breadcrumb_settings":null,"limit_modified_date":false,"reviewed_by":"0","open_ai":"{\"title\":{\"suggestions\":[],\"usage\":0},\"description\":{\"suggestions\":[],\"usage\":0}}","ai":{"faqs":[],"keyPoints":[],"titles":[],"descriptions":[],"socialPosts":{"email":[],"linkedin":[],"twitter":[],"facebook":[],"instagram":[]}},"created":"2024-11-11 21:21:12","updated":"2026-02-11 17:19:08"},"aioseo_breadcrumb":"<div class=\"aioseo-breadcrumbs\"><span class=\"aioseo-breadcrumb\">\n\t<a href=\"https:\/\/monatglobal.com\/lt\" title=\"Home\">Home<\/a>\n<\/span><span class=\"aioseo-breadcrumb-separator\">&raquo;<\/span><span class=\"aioseo-breadcrumb\">\n\tSkysta \u0161vyt\u0117jimo suteikianti priemon\u0117 | MONAT makia\u017eo produktai\n<\/span><\/div>","aioseo_breadcrumb_json":[{"label":"Home","link":"https:\/\/monatglobal.com\/lt"},{"label":"Skysta \u0161vyt\u0117jimo suteikianti priemon\u0117 | MONAT makia\u017eo produktai","link":"https:\/\/monatglobal.com\/lt\/liquid-highlighter\/"}],"_links":{"self":[{"href":"https:\/\/monatglobal.com\/lt\/wp-json\/wp\/v2\/pages\/85734","targetHints":{"allow":["GET"]}}],"collection":[{"href":"https:\/\/monatglobal.com\/lt\/wp-json\/wp\/v2\/pages"}],"about":[{"href":"https:\/\/monatglobal.com\/lt\/wp-json\/wp\/v2\/types\/page"}],"author":[{"embeddable":true,"href":"https:\/\/monatglobal.com\/lt\/wp-json\/wp\/v2\/users\/57"}],"replies":[{"embeddable":true,"href":"https:\/\/monatglobal.com\/lt\/wp-json\/wp\/v2\/comments?post=85734"}],"version-history":[{"count":32,"href":"https:\/\/monatglobal.com\/lt\/wp-json\/wp\/v2\/pages\/85734\/revisions"}],"predecessor-version":[{"id":109175,"href":"https:\/\/monatglobal.com\/lt\/wp-json\/wp\/v2\/pages\/85734\/revisions\/109175"}],"wp:featuredmedia":[{"embeddable":true,"href":"https:\/\/monatglobal.com\/lt\/wp-json\/wp\/v2\/media\/84696"}],"wp:attachment":[{"href":"https:\/\/monatglobal.com\/lt\/wp-json\/wp\/v2\/media?parent=85734"}],"wp:term":[{"taxonomy":"category","embeddable":true,"href":"https:\/\/monatglobal.com\/lt\/wp-json\/wp\/v2\/categories?post=85734"},{"taxonomy":"post_tag","embeddable":true,"href":"https:\/\/monatglobal.com\/lt\/wp-json\/wp\/v2\/tags?post=85734"}],"curies":[{"name":"wp","href":"https:\/\/api.w.org\/{rel}","templated":true}]}}