{"id":85690,"date":"2024-11-02T05:21:22","date_gmt":"2024-11-02T05:21:22","guid":{"rendered":"https:\/\/monatglobal.com\/lt\/?page_id=85690"},"modified":"2026-01-28T17:50:51","modified_gmt":"2026-01-28T17:50:51","slug":"leadership-circle","status":"publish","type":"page","link":"https:\/\/monatglobal.com\/lt\/leadership-circle\/","title":{"rendered":"\u201eMONAT Leadership Circle 2026 &#8211; MONAT GLOBAL\u201c"},"content":{"rendered":"\n\n\t<style>\n   @import url('https:\/\/fonts.cdnfonts.com\/css\/dm-serif-display'); \n   :root {\n        --primaryColor: #5F6DB3;\n        --secondaryColor: #AABBCC ;\n        --gold: #9c807d;\n        --primarySerif: \"DM Serif Display\";\n   }\n<\/style>\n<section id=\"bannerSec\">\n       <img decoding=\"async\" id=\"dc_icon\" src=\"https:\/\/monatglobal.com\/wp-content\/uploads\/2025\/08\/leadership-circle-logo-2026-ocre.svg\" alt=\"\"\/> \n    <h1 id=\"banner_h1\">Kurkime<br \/> <em>rytoj\u0173 kartu.  <\/em><\/h1>\n<\/section>\n<section id=\"sec1\">\n      <img decoding=\"async\" src=\"https:\/\/monatglobal.com\/wp-content\/uploads\/2025\/08\/leadership-circle-badge-2026.svg\" alt=\"\"\/>\n      <h2>W South Beach <br \/>Majamis, Florida <br \/> Kovo 12-15 d.<\/h2>   \n         <p>Kvalifikacijos datos<\/p> \n         <p>2025  RUGPJ\u016a\u010cIO 1 D. &#8211; 2026 SAUSIO 31 D.<\/p>\n               <img decoding=\"async\" id=\"seashell_bkgnd_img\" src=\"https:\/\/monatglobal.com\/wp-content\/uploads\/2025\/08\/yellow-shell.svg\"\/> \n               <h2>Veiksminga <br \/>lyderyst\u0117<\/h2>\n            <p>Dalyvaukite i\u0161skirtiniuose mokymuose su auk\u0161\u010diausio lygio vadovais ir MONAT vald\u017eia.<br \/>\u012egykite verting\u0173 \u017eini\u0173, kad suderintum\u0117te savo tikslus ir maksimaliai i\u0161naudotum\u0117te MONAT verslo potencial\u0105.<\/p>\n            <p>\u201eLeadership Circle 2026&#8243; yra renginys, \u012f kur\u012f kvie\u010diami tik karjeros rang\u0105 MMM ir direktoriaus lyg\u012f turintys asmenys.<\/p>\n<\/section>\n<section id=\"SED_sec\">\n   <img decoding=\"async\" src=\"https:\/\/monatglobal.com\/wp-content\/uploads\/2025\/08\/beach-seats-and-umbrella-min-1.jpg\" alt=\"\"\/>\n         <h2>I\u0160 NAUJO APIBR\u0116\u017dTI, KAS YRA \u012eMANOMA<\/h2>\n         <p>Pasinerkite su visais \u012f diskusijas  prie bendro stalo.<\/p>\n         <p>Gilininkite savo \u017einias per temines sesijas.<\/p>\n<\/section>\n<section id=\"sec3\">\n    <img decoding=\"async\" id=\"seashell\" src=\"https:\/\/monatglobal.com\/wp-content\/uploads\/2025\/08\/sea-snail-1.svg\" alt=\"\"\/>\n    <img decoding=\"async\" id=\"jellyfish\" src=\"https:\/\/monatglobal.com\/wp-content\/uploads\/2025\/08\/jellyfish.svg\" alt=\"\"\/>\n         <img decoding=\"async\" id=\"qualification_icon\" src=\"https:\/\/monatglobal.com\/wp-content\/uploads\/2025\/08\/sea-star.svg\" alt=\"\"\/>\n         <h2 id=\"qualification_title\">KVALIFIKACIJOS LAIKOTARPIS  2025  Rugpj\u016b\u010dio 1 d.-<br \/>2026 sausio 31 d.<\/h2>\n         <p>Kas gali dalyvauti?<\/p>\n         <p>Visi turintys karjeros rang\u0105 MMM, AED, ED ir  SED nuo rugpj\u016b\u010dio 1 d.  2025<br \/>ir MP partneriai, kurie pasieks MMM rang\u0105 arba auk\u010diau iki sausio 31 d. 2026 m.<\/p>\n          <img decoding=\"async\" id=\"qualification_icon\" src=\"https:\/\/monatglobal.com\/wp-content\/uploads\/2025\/09\/recognition-leadership-graphic.svg\" alt=\"recognition leadership graphic\"\/>\n         <h2 id=\"qualification_title\">PRIPA\u017dINIMO <br \/> KRITERIJAI<\/h2>\n         <p>KAIP U\u017dSITIKRINTI VIET\u0104 PA\u010cIAME SCENOS VIDURYJE!<\/p>\n         <p>\u2022\tTop r\u0117m\u0117jas <br \/> \u2022\tDaugiausia u\u017esiregistravusi\u0173 VIP klient\u0173 <br \/> \u2022\tNuoseklumas (vis\u0105 kvalifikacin\u012f laikotarp\u012f vienodas apmok\u0117jimo rangas)<\/p>\n         <p>Kvalifikacinis pripa\u017einimo laikotarpis taip pat yra 2025\u00a0m.\u00a0rugpj\u016b\u010dio\u00a01\u00a0d.-2026\u00a0m.\u00a0sausio\u00a031\u00a0d.<\/p>\n         <h2>KVALIFIKACIJOS REIKALAVIMAI<\/h2>\n            <p>1 LYGIS<\/p>\n            <p>(\u012eskai\u010diuota 3 nakt\u0173 apgyvendinimas vie\u0161butyje)<\/p>\n            <hr \/>\n            <p>Karjeros Rangas MM nuo rugpj\u016b\u010dio 1 d. 2025 ir  MP Partneriai, kurie prie\u0161 tai tur\u0117jo MM karjeros rang\u0105.<\/p> \n            <ul>\n                <li>Per kvalifikacin\u012f laikotarp\u012f 1 i\u0161 6 m\u0117nesi\u0173 turi b\u016bti apmokama kaip MM ara auk\u010diaus<\/li>\n                <li>Per kvalifikacin\u012f laikotarp\u012f reikia prijungti 2 kvalifikuotus MP partnerius (MP) ir 8 reikalavimus atitinkan\u010dius VIP klientus<\/li>\n                <li>Per paskutin\u012f kvalifikacin\u012f m\u0117nes\u012f turi b\u016bti apmokama kaip AMM ar auk\u0161\u010diau<\/li>\n            <\/ul>\n            <hr \/>\n            <p>Karjeros Rangas MMM nuo rugpj\u016b\u010dio 1 d. 2025<\/p>\n            <ul>\n                <li>Per kvalifikacin\u012f laikotarp\u012f 1 i\u0161 6 m\u0117nesi\u0173 turi b\u016bti apmokama kaip MMM ara auk\u010diaus<\/li>\n                <li>Per kvalifikacin\u012f laikotarp\u012f reikia prijungti 2 kvalifikuotus MP partnerius (MP) ir 8 reikalavimus atitinkan\u010dius VIP klientus<\/li>\n                <li>Per paskutin\u012f kvalifikacin\u012f m\u0117nes\u012f turi b\u016bti apmokama kaip AMM ar auk\u0161\u010diau<\/li>\n            <\/ul>\n            <hr \/>\n            <p>Direktoriaus karjeros Rangas  nuo rugpj\u016b\u010dio 1 d. 2025<\/p>\n            <ul>\n                <li>Per kvalifikacin\u012f laikotarp\u012f 1 i\u0161 6 m\u0117nesi\u0173 turi b\u016bti apmokama kaip AED ara auk\u010diaus<\/li>\n                <li>Per kvalifikacin\u012f laikotarp\u012f reikia prijungti 2 kvalifikuotus MP partnerius (MP) ir 8 reikalavimus atitinkan\u010dius VIP klientus<\/li>\n                <li>Per paskutin\u012f kvalifikacin\u012f m\u0117nes\u012f turi b\u016bti apmokama kaip AMM ar auk\u0161\u010diau<\/li>\n            <\/ul>\n            <p>2 LYGIS<\/p>\n            <p>(\u012eskai\u010diuota 3 nakt\u0173 apgyvendinimas vie\u0161butyje +&nbsp;skryd\u017eiai \u012f abi puses)<\/p>\n            <hr \/>\n            <p>Karjeros Rangas MM nuo rugpj\u016b\u010dio 1 d. 2025 ir  MP Partneriai, kurie prie\u0161 tai tur\u0117jo MM karjeros rang\u0105.<\/p>\n            <ul>\n                <li>Per kvalifikacin\u012f laikotarp\u012f 1 i\u0161 6 m\u0117nesi\u0173 turi b\u016bti apmokama kaip MM ara auk\u010diaus<\/li>\n                <li>Per kvalifikacin\u012f laikotarp\u012f reikia prijungti 2 kvalifikuotus MP partnerius (MP) ir 8 reikalavimus atitinkan\u010dius VIP klientus<\/li>\n                <li>I\u0161auginti 1 asmeni\u0161kai prijungt\u0105 MP iki MMB rango<\/li>\n                <li>Per paskutin\u012f kvalifikacin\u012f m\u0117nes\u012f turi b\u016bti apmokama kaip AMM ar auk\u0161\u010diau<\/li>\n            <\/ul>\n            <hr \/>\n            <p>Karjeros Rangas MMM nuo rugpj\u016b\u010dio 1 d. 2025  <\/p>\n            <ul>\n                <li>Per kvalifikacin\u012f laikotarp\u012f 1 i\u0161 6 m\u0117nesi\u0173 turi b\u016bti apmokama kaip MMM ara auk\u010diaus <\/li>\n                <li>Per kvalifikacin\u012f laikotarp\u012f reikia prijungti 2 kvalifikuotus MP partnerius (MP) ir 8 reikalavimus atitinkan\u010dius VIP klientus<\/li>\n                <li>I\u0161auginti 2 asmeni\u0161kai prijungtus MP iki MMB rango<\/li>\n                <li>Per paskutin\u012f kvalifikacin\u012f m\u0117nes\u012f turi b\u016bti apmokama kaip AMM ar auk\u0161\u010diau<\/li>\n            <\/ul>\n            <hr \/>\n            <p>Direktoriaus karjeros Rangas  nuo rugpj\u016b\u010dio 1 d. 2025 <\/p>\n            <ul>\n                <li>Per kvalifikacin\u012f laikotarp\u012f 1 i\u0161 6 m\u0117nesi\u0173 turi b\u016bti apmokama kaip MMM ara auk\u010diaus<\/li>\n                <li>Per kvalifikacin\u012f laikotarp\u012f reikia prijungti 2 kvalifikuotus MP partnerius (MP) ir 8 reikalavimus atitinkan\u010dius VIP klientus<\/li>\n                <li>I\u0161auginti 2 asmeni\u0161kai prijungtus MP iki MMB rango<\/li>\n                <li>Per paskutin\u012f kvalifikacin\u012f m\u0117nes\u012f turi b\u016bti apmokama kaip AMM ar auk\u0161\u010diau<\/li>\n            <\/ul>\n            <hr \/>\n            <p>Nauji MM, MMM ir nauji direktoriai iki sausio 31 d. 2026 m.<\/p>\n            <ul>\n                <li>Turi b\u016bti naujas MM, MMM arba naujas direktorius pirm\u0105 kart\u0105<\/li>\n                <li>Per kvalifikacin\u012f laikotarp\u012f reikia prijungti 2 kvalifikuotus MP partnerius (MP) ir 8 reikalavimus atitinkan\u010dius VIP klientus<\/li>\n                <li>Per paskutin\u012f kvalifikacin\u012f m\u0117nes\u012f turi b\u016bti apmokama kaip AMM ar auk\u0161\u010diau<\/li>\n            <\/ul>\n            <!---->\n            <!--    <p>* VIPs enrolled as part of your Block must have an active Flexship through the 15th of the month following their enrollment month. <\/p>-->\n            <!--    <p>* Market Partners enrolled as part of your Block must enroll with a Product Pack or if they are enrolled under the Canada Zero Enrollment Option, they must achieve 200 PV within 30 days of their enrollment and within the Director Circle qualification&nbsp;timeframe.<\/p>-->\n            <!---->\n      <img decoding=\"async\" src=\"https:\/\/monatglobal.com\/wp-content\/uploads\/2025\/08\/fish.svg\" alt=\"\"\/>\n      <h2>Kas Yra \u012etraukta \u012e<br \/>Monat Leadership Circle 2026<br \/>kvalifikacij\u0105?<\/h2>\n            <p>1 LYGIO<\/p>\n            <ul>\n               <li>Bendravimas su geriausiais MONAT lyderiais.<\/li>\n               <li>Speciali\u0173 apdovanojim\u0173 ir pripa\u017einimo renginys.<\/li>\n               <li>I\u0161skirtinis 2026 m. plan\u0173 pristatymas.<\/li>\n               <li>3 naktys vie\u0161butyje.<\/li>\n               <li>Galimyb\u0117 atsive\u017eti sutuoktin\u012f (-\u0119) (taikomos i\u0161laidos ir s\u0105lygos).<\/li>\n            <\/ul>\n            <p>2 LYGIO<\/p>\n            <ul>\n               <li>Bendravimas su geriausiais MONAT lyderiais.<\/li>\n               <li>Speciali\u0173 apdovanojim\u0173 ir pripa\u017einimo renginys.<\/li>\n               <li>I\u0161skirtinis 2026 m. plan\u0173 pristatymas.<\/li>\n               <li>3 naktys vie\u0161butyje.<\/li>\n               <li>Skrydis \u012f Majamio tarptautin\u012f oro uost\u0105 ir atgal.<\/li>\n               <li>Galimyb\u0117 atsive\u017eti sutuoktin\u012f (-\u0119) (taikomos i\u0161laidos ir s\u0105lygos).<\/li>\n            <\/ul>\n         <a id=\"faq_btn\" href=\"https:\/\/monatglobal.com\/lt\/wp-content\/uploads\/sites\/11\/2025\/08\/LT_Leadership-Circle-2026-FAQs_080625_v1.pdf\" target=\"_blank\" rel=\"noopener\">DUK<\/a> \n         <a id=\"termsAndC\" href=\"https:\/\/monatglobal.com\/lt\/wp-content\/uploads\/sites\/11\/2025\/08\/LT_Leadership-Circle-2026-Terms-and-Conditions_080625_v1.pdf\" target=\"_blank\" rel=\"noopener\">\n            <p>Taisykl\u0117s Ir S\u0105lygos <\/p>\n         <\/a>\n      <h2 id=\"hashtag_text\">#MONATLeadershipCircle<\/h2>\n<\/section>\n\n","protected":false},"excerpt":{"rendered":"<p>Kurkime rytoj\u0173 kartu. W South Beach Majamis, Florida Kovo 12-15 d. Kvalifikacijos datos 2025 RUGPJ\u016a\u010cIO 1 D. &#8211; 2026 SAUSIO 31 D. Veiksminga lyderyst\u0117 Dalyvaukite i\u0161skirtiniuose mokymuose su auk\u0161\u010diausio lygio vadovais ir MONAT vald\u017eia.\u012egykite verting\u0173 \u017eini\u0173, kad suderintum\u0117te savo tikslus ir maksimaliai i\u0161naudotum\u0117te MONAT verslo potencial\u0105. \u201eLeadership Circle 2026&#8243; yra renginys, \u012f kur\u012f kvie\u010diami tik&hellip;<\/p>\n","protected":false},"author":33,"featured_media":86908,"parent":0,"menu_order":0,"comment_status":"closed","ping_status":"closed","template":"","meta":{"inline_featured_image":false,"om_disable_all_campaigns":false,"_monsterinsights_skip_tracking":false,"_monsterinsights_sitenote_active":false,"_monsterinsights_sitenote_note":"","_monsterinsights_sitenote_category":0,"footnotes":""},"categories":[],"tags":[],"class_list":["post-85690","page","type-page","status-publish","has-post-thumbnail","hentry"],"aioseo_notices":[],"aioseo_head":"\n\t\t<!-- All in One SEO Pro 4.9.5.2 - aioseo.com -->\n\t<meta name=\"description\" content=\"Dalyvaukite i\u0161skirtiniuose MONAT mokymuose su geriausiais lyderiais. Su\u017einokite, kaip suderinti savo tikslus ir i\u0161pl\u0117toti versl\u0105 iki jo pilno potencialo.\" \/>\n\t<meta name=\"robots\" content=\"max-image-preview:large\" \/>\n\t<link rel=\"canonical\" href=\"https:\/\/monatglobal.com\/lt\/leadership-circle\/\" \/>\n\t<meta name=\"generator\" content=\"All in One SEO Pro (AIOSEO) 4.9.5.2\" \/>\n\t\t<meta property=\"og:locale\" content=\"lt_LT\" \/>\n\t\t<meta property=\"og:site_name\" content=\"MONAT Lithuania -\" \/>\n\t\t<meta property=\"og:type\" content=\"article\" \/>\n\t\t<meta property=\"og:title\" content=\"MONAT Leadership Circle 2026 - MONAT GLOBAL\" \/>\n\t\t<meta property=\"og:description\" content=\"Dalyvaukite i\u0161skirtiniuose MONAT mokymuose su geriausiais lyderiais. Su\u017einokite, kaip suderinti savo tikslus ir i\u0161pl\u0117toti versl\u0105 iki jo pilno potencialo.\" \/>\n\t\t<meta property=\"og:url\" content=\"https:\/\/monatglobal.com\/lt\/leadership-circle\/\" \/>\n\t\t<meta property=\"article:published_time\" content=\"2024-11-02T05:21:22+00:00\" \/>\n\t\t<meta property=\"article:modified_time\" content=\"2026-01-28T17:50:51+00:00\" \/>\n\t\t<meta name=\"twitter:card\" content=\"summary_large_image\" \/>\n\t\t<meta name=\"twitter:title\" content=\"MONAT Leadership Circle 2026 - MONAT GLOBAL\" \/>\n\t\t<meta name=\"twitter:description\" content=\"Dalyvaukite i\u0161skirtiniuose MONAT mokymuose su geriausiais lyderiais. Su\u017einokite, kaip suderinti savo tikslus ir i\u0161pl\u0117toti versl\u0105 iki jo pilno potencialo.\" \/>\n\t\t<script type=\"application\/ld+json\" class=\"aioseo-schema\">\n\t\t\t{\"@context\":\"https:\\\/\\\/schema.org\",\"@graph\":[{\"@type\":\"BreadcrumbList\",\"@id\":\"https:\\\/\\\/monatglobal.com\\\/lt\\\/leadership-circle\\\/#breadcrumblist\",\"itemListElement\":[{\"@type\":\"ListItem\",\"@id\":\"https:\\\/\\\/monatglobal.com\\\/lt#listItem\",\"position\":1,\"name\":\"Home\",\"item\":\"https:\\\/\\\/monatglobal.com\\\/lt\",\"nextItem\":{\"@type\":\"ListItem\",\"@id\":\"https:\\\/\\\/monatglobal.com\\\/lt\\\/leadership-circle\\\/#listItem\",\"name\":\"\\u201eMONAT Leadership Circle 2026 &#8211; MONAT GLOBAL\\u201c\"}},{\"@type\":\"ListItem\",\"@id\":\"https:\\\/\\\/monatglobal.com\\\/lt\\\/leadership-circle\\\/#listItem\",\"position\":2,\"name\":\"\\u201eMONAT Leadership Circle 2026 &#8211; MONAT GLOBAL\\u201c\",\"previousItem\":{\"@type\":\"ListItem\",\"@id\":\"https:\\\/\\\/monatglobal.com\\\/lt#listItem\",\"name\":\"Home\"}}]},{\"@type\":\"Organization\",\"@id\":\"https:\\\/\\\/monatglobal.com\\\/lt\\\/#organization\",\"name\":\"MONAT Lithuania\",\"url\":\"https:\\\/\\\/monatglobal.com\\\/lt\\\/\"},{\"@type\":\"WebPage\",\"@id\":\"https:\\\/\\\/monatglobal.com\\\/lt\\\/leadership-circle\\\/#webpage\",\"url\":\"https:\\\/\\\/monatglobal.com\\\/lt\\\/leadership-circle\\\/\",\"name\":\"MONAT Leadership Circle 2026 - MONAT GLOBAL\",\"description\":\"Dalyvaukite i\\u0161skirtiniuose MONAT mokymuose su geriausiais lyderiais. Su\\u017einokite, kaip suderinti savo tikslus ir i\\u0161pl\\u0117toti versl\\u0105 iki jo pilno potencialo.\",\"inLanguage\":\"lt-LT\",\"isPartOf\":{\"@id\":\"https:\\\/\\\/monatglobal.com\\\/lt\\\/#website\"},\"breadcrumb\":{\"@id\":\"https:\\\/\\\/monatglobal.com\\\/lt\\\/leadership-circle\\\/#breadcrumblist\"},\"image\":{\"@type\":\"ImageObject\",\"url\":\"https:\\\/\\\/monatglobal.com\\\/lt\\\/wp-content\\\/uploads\\\/sites\\\/11\\\/2025\\\/08\\\/leadership-2026-ft-img-min.jpg\",\"@id\":\"https:\\\/\\\/monatglobal.com\\\/lt\\\/leadership-circle\\\/#mainImage\",\"width\":1200,\"height\":628},\"primaryImageOfPage\":{\"@id\":\"https:\\\/\\\/monatglobal.com\\\/lt\\\/leadership-circle\\\/#mainImage\"},\"datePublished\":\"2024-11-02T05:21:22+00:00\",\"dateModified\":\"2026-01-28T17:50:51+00:00\"},{\"@type\":\"WebSite\",\"@id\":\"https:\\\/\\\/monatglobal.com\\\/lt\\\/#website\",\"url\":\"https:\\\/\\\/monatglobal.com\\\/lt\\\/\",\"name\":\"MONAT Lithuania\",\"inLanguage\":\"lt-LT\",\"publisher\":{\"@id\":\"https:\\\/\\\/monatglobal.com\\\/lt\\\/#organization\"}}]}\n\t\t<\/script>\n\t\t<!-- All in One SEO Pro -->\r\n\t\t<title>MONAT Leadership Circle 2026 - MONAT GLOBAL<\/title>\n\n","aioseo_head_json":{"title":"MONAT Leadership Circle 2026 - MONAT GLOBAL","description":"Dalyvaukite i\u0161skirtiniuose MONAT mokymuose su geriausiais lyderiais. Su\u017einokite, kaip suderinti savo tikslus ir i\u0161pl\u0117toti versl\u0105 iki jo pilno potencialo.","canonical_url":"https:\/\/monatglobal.com\/lt\/leadership-circle\/","robots":"max-image-preview:large","keywords":"","webmasterTools":{"miscellaneous":""},"schema":{"@context":"https:\/\/schema.org","@graph":[{"@type":"BreadcrumbList","@id":"https:\/\/monatglobal.com\/lt\/leadership-circle\/#breadcrumblist","itemListElement":[{"@type":"ListItem","@id":"https:\/\/monatglobal.com\/lt#listItem","position":1,"name":"Home","item":"https:\/\/monatglobal.com\/lt","nextItem":{"@type":"ListItem","@id":"https:\/\/monatglobal.com\/lt\/leadership-circle\/#listItem","name":"\u201eMONAT Leadership Circle 2026 &#8211; MONAT GLOBAL\u201c"}},{"@type":"ListItem","@id":"https:\/\/monatglobal.com\/lt\/leadership-circle\/#listItem","position":2,"name":"\u201eMONAT Leadership Circle 2026 &#8211; MONAT GLOBAL\u201c","previousItem":{"@type":"ListItem","@id":"https:\/\/monatglobal.com\/lt#listItem","name":"Home"}}]},{"@type":"Organization","@id":"https:\/\/monatglobal.com\/lt\/#organization","name":"MONAT Lithuania","url":"https:\/\/monatglobal.com\/lt\/"},{"@type":"WebPage","@id":"https:\/\/monatglobal.com\/lt\/leadership-circle\/#webpage","url":"https:\/\/monatglobal.com\/lt\/leadership-circle\/","name":"MONAT Leadership Circle 2026 - MONAT GLOBAL","description":"Dalyvaukite i\u0161skirtiniuose MONAT mokymuose su geriausiais lyderiais. Su\u017einokite, kaip suderinti savo tikslus ir i\u0161pl\u0117toti versl\u0105 iki jo pilno potencialo.","inLanguage":"lt-LT","isPartOf":{"@id":"https:\/\/monatglobal.com\/lt\/#website"},"breadcrumb":{"@id":"https:\/\/monatglobal.com\/lt\/leadership-circle\/#breadcrumblist"},"image":{"@type":"ImageObject","url":"https:\/\/monatglobal.com\/lt\/wp-content\/uploads\/sites\/11\/2025\/08\/leadership-2026-ft-img-min.jpg","@id":"https:\/\/monatglobal.com\/lt\/leadership-circle\/#mainImage","width":1200,"height":628},"primaryImageOfPage":{"@id":"https:\/\/monatglobal.com\/lt\/leadership-circle\/#mainImage"},"datePublished":"2024-11-02T05:21:22+00:00","dateModified":"2026-01-28T17:50:51+00:00"},{"@type":"WebSite","@id":"https:\/\/monatglobal.com\/lt\/#website","url":"https:\/\/monatglobal.com\/lt\/","name":"MONAT Lithuania","inLanguage":"lt-LT","publisher":{"@id":"https:\/\/monatglobal.com\/lt\/#organization"}}]},"og:locale":"lt_LT","og:site_name":"MONAT Lithuania -","og:type":"article","og:title":"MONAT Leadership Circle 2026 - MONAT GLOBAL","og:description":"Dalyvaukite i\u0161skirtiniuose MONAT mokymuose su geriausiais lyderiais. Su\u017einokite, kaip suderinti savo tikslus ir i\u0161pl\u0117toti versl\u0105 iki jo pilno potencialo.","og:url":"https:\/\/monatglobal.com\/lt\/leadership-circle\/","article:published_time":"2024-11-02T05:21:22+00:00","article:modified_time":"2026-01-28T17:50:51+00:00","twitter:card":"summary_large_image","twitter:title":"MONAT Leadership Circle 2026 - MONAT GLOBAL","twitter:description":"Dalyvaukite i\u0161skirtiniuose MONAT mokymuose su geriausiais lyderiais. Su\u017einokite, kaip suderinti savo tikslus ir i\u0161pl\u0117toti versl\u0105 iki jo pilno potencialo."},"aioseo_meta_data":{"post_id":"85690","title":"MONAT Leadership Circle 2026 - MONAT GLOBAL","description":"Dalyvaukite i\u0161skirtiniuose MONAT mokymuose su geriausiais lyderiais. Su\u017einokite, kaip suderinti savo tikslus ir i\u0161pl\u0117toti versl\u0105 iki jo pilno potencialo.","keywords":null,"keyphrases":{"focus":{"keyphrase":"","score":0,"analysis":{"keyphraseInTitle":{"score":0,"maxScore":9,"error":1}}},"additional":[]},"primary_term":null,"canonical_url":null,"og_title":null,"og_description":null,"og_object_type":"default","og_image_type":"default","og_image_url":null,"og_image_width":null,"og_image_height":null,"og_image_custom_url":null,"og_image_custom_fields":null,"og_video":"","og_custom_url":null,"og_article_section":null,"og_article_tags":null,"twitter_use_og":false,"twitter_card":"default","twitter_image_type":"default","twitter_image_url":null,"twitter_image_custom_url":null,"twitter_image_custom_fields":null,"twitter_title":null,"twitter_description":null,"schema":{"blockGraphs":[],"customGraphs":[],"default":{"data":{"Article":[],"Course":[],"Dataset":[],"FAQPage":[],"Movie":[],"Person":[],"Product":[],"ProductReview":[],"Car":[],"Recipe":[],"Service":[],"SoftwareApplication":[],"WebPage":[]},"graphName":"WebPage","isEnabled":true},"graphs":[]},"schema_type":"default","schema_type_options":null,"pillar_content":false,"robots_default":true,"robots_noindex":false,"robots_noarchive":false,"robots_nosnippet":false,"robots_nofollow":false,"robots_noimageindex":false,"robots_noodp":false,"robots_notranslate":false,"robots_max_snippet":"-1","robots_max_videopreview":"-1","robots_max_imagepreview":"large","priority":null,"frequency":"default","local_seo":null,"seo_analyzer_scan_date":"2025-08-21 18:52:21","breadcrumb_settings":null,"limit_modified_date":false,"reviewed_by":"0","open_ai":"{\"title\":{\"suggestions\":[],\"usage\":0},\"description\":{\"suggestions\":[],\"usage\":0}}","ai":{"faqs":[],"keyPoints":[],"titles":[],"descriptions":[],"socialPosts":{"email":[],"linkedin":[],"twitter":[],"facebook":[],"instagram":[]}},"created":"2024-10-30 17:39:02","updated":"2026-02-11 14:41:32"},"aioseo_breadcrumb":"<div class=\"aioseo-breadcrumbs\"><span class=\"aioseo-breadcrumb\">\n\t<a href=\"https:\/\/monatglobal.com\/lt\" title=\"Home\">Home<\/a>\n<\/span><span class=\"aioseo-breadcrumb-separator\">&raquo;<\/span><span class=\"aioseo-breadcrumb\">\n\t\u201eMONAT Leadership Circle 2026 \u2013 MONAT GLOBAL\u201c\n<\/span><\/div>","aioseo_breadcrumb_json":[{"label":"Home","link":"https:\/\/monatglobal.com\/lt"},{"label":"\u201eMONAT Leadership Circle 2026 &#8211; MONAT GLOBAL\u201c","link":"https:\/\/monatglobal.com\/lt\/leadership-circle\/"}],"_links":{"self":[{"href":"https:\/\/monatglobal.com\/lt\/wp-json\/wp\/v2\/pages\/85690","targetHints":{"allow":["GET"]}}],"collection":[{"href":"https:\/\/monatglobal.com\/lt\/wp-json\/wp\/v2\/pages"}],"about":[{"href":"https:\/\/monatglobal.com\/lt\/wp-json\/wp\/v2\/types\/page"}],"author":[{"embeddable":true,"href":"https:\/\/monatglobal.com\/lt\/wp-json\/wp\/v2\/users\/33"}],"replies":[{"embeddable":true,"href":"https:\/\/monatglobal.com\/lt\/wp-json\/wp\/v2\/comments?post=85690"}],"version-history":[{"count":13,"href":"https:\/\/monatglobal.com\/lt\/wp-json\/wp\/v2\/pages\/85690\/revisions"}],"predecessor-version":[{"id":108996,"href":"https:\/\/monatglobal.com\/lt\/wp-json\/wp\/v2\/pages\/85690\/revisions\/108996"}],"wp:featuredmedia":[{"embeddable":true,"href":"https:\/\/monatglobal.com\/lt\/wp-json\/wp\/v2\/media\/86908"}],"wp:attachment":[{"href":"https:\/\/monatglobal.com\/lt\/wp-json\/wp\/v2\/media?parent=85690"}],"wp:term":[{"taxonomy":"category","embeddable":true,"href":"https:\/\/monatglobal.com\/lt\/wp-json\/wp\/v2\/categories?post=85690"},{"taxonomy":"post_tag","embeddable":true,"href":"https:\/\/monatglobal.com\/lt\/wp-json\/wp\/v2\/tags?post=85690"}],"curies":[{"name":"wp","href":"https:\/\/api.w.org\/{rel}","templated":true}]}}