{"id":84705,"date":"2024-09-09T16:44:48","date_gmt":"2024-09-09T15:44:48","guid":{"rendered":"https:\/\/monatglobal.com\/lt\/?page_id=84705"},"modified":"2026-02-07T12:01:57","modified_gmt":"2026-02-07T12:01:57","slug":"lip-plumb-gloss","status":"publish","type":"page","link":"https:\/\/monatglobal.com\/lt\/lip-plumb-gloss\/","title":{"rendered":"L\u016bp\u0173 putlinimas | Momentinis dr\u0117kinimas ir putlinimas | MONAT makia\u017eas"},"content":{"rendered":"\n\n\t<!--Title: L\u016bp\u0173 putlinimas | Momentinis dr\u0117kinimas ir putlinimas | MONAT makia\u017eas-->\n<!--M\u016bs\u0173 l\u016bpas putlinantis blizgis - tai blizgi formul\u0117 su nat\u016braliais ingredientais, kurie i\u0161 karto putlina ir dr\u0117kina l\u016bpas bei paslepia l\u016bp\u0173 netobulumus.-->\n<link rel=\"stylesheet\" href=\"https:\/\/monatglobal.com\/wp-content\/creative_css\/product_styles_sheet.css\"\/>\n    <!--==================================================== ECOMM SECTION ====================================================-->\n        <!--==================================================== Ecomm image ====================================================-->\n            <p>BESTSELERIAI<\/p>\n            NAUJIENA\n                    <img decoding=\"async\" alt=\"\" src=\"\" loading=\"lazy\"\/>\n                    <img decoding=\"async\" alt=\"\" src=\"\" loading=\"lazy\"\/>\n                    <img decoding=\"async\" alt=\"\" src=\"\" loading=\"lazy\"\/>\n                  <img decoding=\"async\" alt=\"A male smiling while holding BE CLARIFIED\u2122 Acne-Clearing Moisturizer.\" src=\"https:\/\/monatglobal.com\/wp-content\/uploads\/2023\/03\/pop-up-ecomm-be-clarified-Acne-Clearing-Moisturizer.jpg\" loading=\"lazy\"\/>\n                        <img decoding=\"async\" alt=\"\" src=\"\" data-lbxp=\"\" loading=\"lazy\"\/>\n                        <img decoding=\"async\" alt=\"\" src=\"\" data-lbxp=\"\" loading=\"lazy\"\/>\n                        <img decoding=\"async\" alt=\"\" src=\"\" data-lbxp=\"\" loading=\"lazy\"\/>\n                      <img decoding=\"async\" alt=\"A male smiling while holding BE CLARIFIED\u2122 Acne-Clearing Moisturizer.\" src=\"https:\/\/monatglobal.com\/wp-content\/uploads\/2023\/03\/pop-up-ecomm-be-clarified-Acne-Clearing-Moisturizer.jpg\" loading=\"lazy\"\/>\n        <!--==================================================== Ecomm information  ====================================================-->\n            <p>BESTSELERIAI<\/p>\n            NAUJIENA\n            <p>MONAT<\/p>\n            <h1>\u201eLip-Plumping  <br \/> Gloss\u2122&#8221;<br \/>l\u016bp\u0173 blizgis\ufe0f<\/h1>\n            <p>With Vitamin E and Jojoba Esters<\/p>\n            <p>Antioksidant\u0173 prisotintas blizgis dr\u0117kina ir putlina l\u016bpas, suteikdamas apimties ir blizgesio.<\/p>\n            <p>6 ml \u212e 0.2 fl. oz.<\/p>  \n            \n                   <label><input type=\"radio\" name=\"toneLip\"\/><\/label>\n                <label><input type=\"radio\" name=\"toneLip\"\/><\/label>\n                <label><input type=\"radio\" name=\"toneLip\"\/><\/label>\n                <label><input type=\"radio\" name=\"toneLip\"\/><\/label>\n                <label><input type=\"radio\" name=\"toneLip\"\/><\/label>\n                <label><input type=\"radio\" name=\"toneLip\"\/><\/label>\n            <!--==================================================== pricing box ====================================================-->\n         <p>Ma\u017emenin\u0117 kaina<br \/>00.00 \u20ac<\/p>\n         <p>VIP kliento kaina<br \/>00.00  \u20ac<\/p>\n           <!--==================================================== pricing box ====================================================-->    \n            Nor\u0117dami su\u017einoti daugiau apie \u201eLip-Plumping\nGloss\u2122&#8221; l\u016bp\u0173 blizg\u012f, pasikalb\u0117kite su savo MONAT MP&nbsp;partneriu.\n  <a href=\"\" target=\"_blank\" role=\"button\" aria-label=\"\" rel=\"noopener\"><\/a>\n    <!--==================================================== \/ECOMM SECTION  ====================================================-->\n    <!--==================================================== Benefits image ====================================================-->\n    \n        <source id=\"benefitsMobImg\" media=\"(max-width: 700px)\" srcset=\"\"\/>\n        <img decoding=\"async\" id=\"benefitsImg\" src=\"\" alt=\"\" loading=\"lazy\"\/>\n    \n    <!--==================================================== Benefits text ====================================================-->\n            <h2>NAUDOS<\/h2>\n            <h3>MONAT \u201eLip-Plumping Gloss\u2122&#8221; l\u016bp\u0173 blizgis akimirksniu dr\u0117kina ir v\u0117sina l\u016bpas, suteikdamas joms putlumo, sodrumo ir apimties.<\/h3>\n             Keturi\u0173 nepakartojam\u0173 atspalvi\u0173 blizg\u012f galima tepti tiesiai ant l\u016bp\u0173 arba ant m\u0117gstamiausi\u0173 MONAT \u201eLiquid Lipstick\u2122&#8221; l\u016bp\u0173 da\u017e\u0173, suteikiant joms \napimties, blizgesio ir papildomo \u017eavesio.\n            <!--==================================================== features image slide  ====================================================-->\n                    <img decoding=\"async\" src=\"\" alt=\"\" loading=\"lazy\"\/>\n                    <img decoding=\"async\" src=\"\" alt=\"\" loading=\"lazy\"\/>\n                    <img decoding=\"async\" src=\"\" alt=\"\" loading=\"lazy\"\/>\n        <!--==================================================== features text ====================================================-->\n                <h3>Ypatyb\u0117s<\/h3>\n                    <p>\/ Akimirksniu suteikia ilgalaik\u012f dr\u0117kinim\u0105 <\/p>\n                    <p>\/ Sud\u0117tyje esantis veiksmingas kompleksas putlina l\u016bpas, suteikdamas joms stangrumo ir pilnumo <\/p>\n                    <p>\/ Vizualiai ma\u017eina l\u016bp\u0173 rauk\u0161leles*<\/p>\n                    <p>\/ L\u016bpos jau\u010diasi sudr\u0117kintos, pamaitintos ir atrodo pilnesn\u0117s**<\/p> \n                       <p>L\u016bpos jau\u010diasi sudr\u0117kintos, pamaitintos ir atrodo pilnesn\u0117s*\t*Remiantis 14 dien\u0173 naudotoj\u0173 tyrimu, kuriame dalyvavo 31 moteris. Tyrimas atliktas tre\u010diosios \u0161alies laboratorijoje.<\/p>\n                 <br \/>\n                <p>KVAPAS \/ Bekvapis<\/p>\n                <p>TEKST\u016aRA \/ Skystas blizgis<\/p>\n    <!--==================================================== composition image mobile ====================================================-->\n    <img decoding=\"async\" src=\"\" alt=\"\" loading=\"lazy\"\/>\n    <!--==================================================== Why it works text ====================================================-->\n        <h2>Putlesn\u0117s l\u016bpos<\/h2>\n              <h3>D\u017eiaukit\u0117s putliomis, gra\u017eiomis ir sudr\u0117kintomis l\u016bpomis! Sud\u0117tyje yra granat\u0173 \u017eied\u0173 ekstrakto, \u201eREJUVENIQE S\u2122&#8221; ir botanini\u0173 aliej\u0173 &#8211; tai suteikia putlumo ir vizualiai suma\u017eina l\u016bp\u0173 rauk\u0161leles, tad jos atrodo i\u0161ties nepriekai\u0161tingai.<\/h3>\n        <!--<p>\u0160i l\u016bpas puosel\u0117janti formul\u0117, kurios sud\u0117tyje yra granat\u0173 \u017eied\u0173 ekstrakto, REJUVENIQE S\u2122 ir augalini\u0173 aliej\u0173, putlina l\u016bpas ir paslepia l\u016bp\u0173 netobulumus, kad jos atrodyt\u0173 nepriekai\u0161tingai.<\/p>-->\n<!--==================================================== Composition section ====================================================-->\n        <img decoding=\"async\" src=\"\" alt=\"\" loading=\"lazy\"\/>\n        <img decoding=\"async\" id=\"compImg_2\" src=\"\" alt=\"\" loading=\"lazy\"\/>\n                <!--==================================================== Directions text ====================================================--> \n                    <h3>Naudojimas<\/h3><br \/>\n                        <p>\/ Tepkite ant \u0161vari\u0173, saus\u0173 l\u016bp\u0173.<\/p>\n                <!--==================================================== Directions video ====================================================-->\n                    <!---->\n<!--<p>MONAT Lip-Plumping Gloss\u2122\ufe0f <br \/>7:21<\/p>-->\n      <a href=\"\" target=\"_blank\" role=\"button\" aria-label=\"\" rel=\"noopener\"><\/a>\n    <!--==================================================== Ingredients section  ====================================================-->\n        <h2>PAGRINDIN\u0116S AKTYVIOSIOS MED\u017dIAGOS<\/h2>\n          <img decoding=\"async\" src=\"https:\/\/monatglobal.com\/wp-content\/uploads\/2024\/08\/MONAT-Lip-Plumping-Complex.svg\" alt=\"icon of MONAT Lip-Plumping Complex \"\/> \n      <p>MONAT l\u016bp\u0173 putlinimo kompleksas<\/p>\n              <img decoding=\"async\" src=\"https:\/\/monatglobal.com\/wp-content\/uploads\/2024\/08\/Sodium-Hyaluronate.svg\" alt=\"icon of Sodium Hyaluronate\"\/>\n      <p>Natrio hialuronatas<\/p>\n           <img decoding=\"async\" src=\"https:\/\/monatglobal.com\/wp-content\/uploads\/2024\/07\/REJUVENIQE-S-1.svg\" alt=\"icon of REJUVENIQE S\u2122\"\/>\n      <p>REJUVENIQE S\u2122<\/p>\n            <img decoding=\"async\" src=\"https:\/\/monatglobal.com\/wp-content\/uploads\/2024\/08\/Blend-of-Botanical-Oils.svg\" alt=\"icon of Blend of Botanical Oils and Polyglycerides\"\/> \n      <p>Augalini\u0173 aliej\u0173 ir poliglicerid\u0173 mi\u0161inys <\/p>\n        <button id=\"myBtn\" type=\"button\">SUDEDAM\u0172J\u0172 DALI\u0172 S\u0104RA\u0160AS\n<\/button>\n        <!--==================================================== Modal content  ====================================================-->\n            \u00d7\n            Graceful and Confident:<br \/><br \/>\nRicinus Communis (Castor) Seed Oil, Mango Butter Dimer Dilinoleyl Esters\/Dimer Dilinoleate Copolymer, Oleic\/Linoleic\/Linolenic Polyglycerides, Simmondsia Chinensis (Jojoba) Seed Oil, Copernicia Cerifera (Carnauba) Wax\/Cire de Carnauba, Capryloyl Glycerin\/Sebacic Acid Copolymer, Polyhydroxystearic Acid, Menthoxypropanediol, Sodium Hyaluronate,Hydrogenated Rapeseed Oil, Mentha Piperita (Perppermint) Oil, Daucus Carota Sativa (Carrot) Seed Oil, Simmondsia Chinensis (Jojoba) Seed Extract, Solanum Lycopersicum (Tomato) Seed Oil, Punica Granatum Seed Oil, Punica Granatum Flower Extract, Hydrogenated Castor Oil, Gardenia Taitensis Flower Extract, Helianthus Annuus (Sunflower) Seed Oil, Mauritia Flexuosa Fruit Oil, Sorbitan Oleate, Limnanthes Alba (Meadowfoam) Seed Oil, Crambe Abyssinica Seed Oil, Camellia Oleifera Seed Oil, Adansonia Digitata Oil, Caryocar Brasiliense Fruit Oil, Citrus Aurantifolia (Lime) Oil, Citrus Aurantium Bergamia (Bergamot) Fruit Oil, Citrus Limon (Lemon) Peel Oil, Cocos Nucifera (Coconut) Oil, Moringa Oleifera Seed Oil, Olea Europaea (Olive) Fruit Oil, Caprylyl Glycol, Polyglyceryl-3 Diisostearate, Silica, MAY CONTAIN(+\/-): Titanium Dioxide (CI 77891), Iron Oxides (CI 77491, CI 77499), Red 7 (CI 15850). \n<br \/><br \/>\n\u201eClassy&#8221;, \u201eEffortless&#8221;, \u201eRadiant&#8221; ir \u201eAuthentic&#8221;:<br \/><br \/>\nRicinus Communis (Castor) Seed Oil, Mango Butter Dimer Dilinoleyl Esters\/Dimer Dilinoleate Copolymer, Oleic\/Linoleic\/Linolenic Polyglycerides, Simmondsia Chinensis (Jojoba) Seed Oil, Copernicia Cerifera (Carnauba) Wax\/Cire de Carnauba, Capryloyl Glycerin\/Sebacic Acid Copolymer, Polyhydroxystearic Acid, Calcium Sodium Borosilicate, Menthoxypropanediol, Sodium Hyaluronate,Hydrogenated Rapeseed Oil, Mentha Piperita (Perppermint) Oil, Daucus Carota Sativa (Carrot) Seed Oil, Simmondsia Chinensis (Jojoba) Seed Extract, Solanum Lycopersicum (Tomato) Seed Oil, Punica Granatum Seed Oil, Punica Granatum Flower Extract, Hydrogenated Castor Oil, Gardenia Taitensis Flower Extract, Helianthus Annuus (Sunflower) Seed Oil, Mauritia Flexuosa Fruit Oil, Sorbitan Oleate, Limnanthes Alba (Meadowfoam) Seed Oil, Crambe Abyssinica Seed Oil, Camellia Oleifera Seed Oil, Adansonia Digitata Oil, Caryocar Brasiliense Fruit Oil, Citrus Aurantifolia (Lime) Oil, Citrus Aurantium Bergamia (Bergamot) Fruit Oil, Citrus Limon (Lemon) Peel Oil, Cocos Nucifera (Coconut) Oil, Moringa Oleifera Seed Oil, Olea Europaea (Olive) Fruit Oil, Caprylyl Glycol, Polyglyceryl-3 Diisostearate, Silica, Mica, Tin Oxide, Limonene, Menthol, Pinene, SUD\u0116TYJE GALI B\u016aTI(+\/-): Titanium Dioxide (CI 77891), Red 6 Lake (CI 15850), Red 7 (CI 15850) Iron Oxides (CI 77491, CI 77492, CI 77499), Yellow 5 Lake (CI 19140), Blue 1 Lake (CI42090).\t\n    <!--==================================================== You might also like section ====================================================-->\n        <h2>JUMS TAIP PAT GALI PATIKTI<\/h2>\n        <!--==================================================== Slider YOU MIGHT ALSO LIKE ====================================================-->\n         <!--==================================================== If we need navigation buttons  ====================================================-->\n         <!--==================================================== If we need paginations  ====================================================-->\n    <a href=\"\" aria-label=\"\"><\/a>\n<!--==================================================== this link has to go last for it to work   ====================================================-->\n\n","protected":false},"excerpt":{"rendered":"<p>BESTSELERIAI NAUJIENA BESTSELERIAI NAUJIENA MONAT \u201eLip-Plumping Gloss\u2122&#8221;l\u016bp\u0173 blizgis\ufe0f With Vitamin E and Jojoba Esters Antioksidant\u0173 prisotintas blizgis dr\u0117kina ir putlina l\u016bpas, suteikdamas apimties ir blizgesio. 6 ml \u212e 0.2 fl. oz. Ma\u017emenin\u0117 kaina00.00 \u20ac VIP kliento kaina00.00 \u20ac Nor\u0117dami su\u017einoti daugiau apie \u201eLip-Plumping Gloss\u2122&#8221; l\u016bp\u0173 blizg\u012f, pasikalb\u0117kite su savo MONAT MP&nbsp;partneriu. NAUDOS MONAT \u201eLip-Plumping Gloss\u2122&#8221;&hellip;<\/p>\n","protected":false},"author":31,"featured_media":84702,"parent":0,"menu_order":0,"comment_status":"closed","ping_status":"closed","template":"","meta":{"inline_featured_image":false,"om_disable_all_campaigns":false,"_monsterinsights_skip_tracking":false,"_monsterinsights_sitenote_active":false,"_monsterinsights_sitenote_note":"","_monsterinsights_sitenote_category":0,"footnotes":""},"categories":[32],"tags":[],"class_list":["post-84705","page","type-page","status-publish","has-post-thumbnail","hentry","category-product-lt"],"aioseo_notices":[],"aioseo_head":"\n\t\t<!-- All in One SEO Pro 4.9.6 - aioseo.com -->\n\t<meta name=\"description\" content=\"M\u016bs\u0173 l\u016bpas putlinantis blizgis \u2013 tai blizgi formul\u0117 su nat\u016braliais ingredientais, kurie i\u0161 karto putlina ir dr\u0117kina l\u016bpas bei paslepia l\u016bp\u0173 netobulumus.\" \/>\n\t<meta name=\"robots\" content=\"max-image-preview:large\" \/>\n\t<link rel=\"canonical\" href=\"https:\/\/monatglobal.com\/lt\/lip-plumb-gloss\/\" \/>\n\t<meta name=\"generator\" content=\"All in One SEO Pro (AIOSEO) 4.9.6\" \/>\n\t\t<meta property=\"og:locale\" content=\"lt_LT\" \/>\n\t\t<meta property=\"og:site_name\" content=\"MONAT Lithuania -\" \/>\n\t\t<meta property=\"og:type\" content=\"article\" \/>\n\t\t<meta property=\"og:title\" content=\"L\u016bp\u0173 putlinimas | Momentinis dr\u0117kinimas ir putlinimas | MONAT makia\u017eas\" \/>\n\t\t<meta property=\"og:description\" content=\"M\u016bs\u0173 l\u016bpas putlinantis blizgis \u2013 tai blizgi formul\u0117 su nat\u016braliais ingredientais, kurie i\u0161 karto putlina ir dr\u0117kina l\u016bpas bei paslepia l\u016bp\u0173 netobulumus.\" \/>\n\t\t<meta property=\"og:url\" content=\"https:\/\/monatglobal.com\/lt\/lip-plumb-gloss\/\" \/>\n\t\t<meta property=\"article:published_time\" content=\"2024-09-09T15:44:48+00:00\" \/>\n\t\t<meta property=\"article:modified_time\" content=\"2026-02-07T12:01:57+00:00\" \/>\n\t\t<meta name=\"twitter:card\" content=\"summary_large_image\" \/>\n\t\t<meta name=\"twitter:title\" content=\"L\u016bp\u0173 putlinimas | Momentinis dr\u0117kinimas ir putlinimas | MONAT makia\u017eas\" \/>\n\t\t<meta name=\"twitter:description\" content=\"M\u016bs\u0173 l\u016bpas putlinantis blizgis \u2013 tai blizgi formul\u0117 su nat\u016braliais ingredientais, kurie i\u0161 karto putlina ir dr\u0117kina l\u016bpas bei paslepia l\u016bp\u0173 netobulumus.\" \/>\n\t\t<script type=\"application\/ld+json\" class=\"aioseo-schema\">\n\t\t\t{\"@context\":\"https:\\\/\\\/schema.org\",\"@graph\":[{\"@type\":\"BreadcrumbList\",\"@id\":\"https:\\\/\\\/monatglobal.com\\\/lt\\\/lip-plumb-gloss\\\/#breadcrumblist\",\"itemListElement\":[{\"@type\":\"ListItem\",\"@id\":\"https:\\\/\\\/monatglobal.com\\\/lt#listItem\",\"position\":1,\"name\":\"Home\",\"item\":\"https:\\\/\\\/monatglobal.com\\\/lt\",\"nextItem\":{\"@type\":\"ListItem\",\"@id\":\"https:\\\/\\\/monatglobal.com\\\/lt\\\/lip-plumb-gloss\\\/#listItem\",\"name\":\"L\\u016bp\\u0173 putlinimas | Momentinis dr\\u0117kinimas ir putlinimas | MONAT makia\\u017eas\"}},{\"@type\":\"ListItem\",\"@id\":\"https:\\\/\\\/monatglobal.com\\\/lt\\\/lip-plumb-gloss\\\/#listItem\",\"position\":2,\"name\":\"L\\u016bp\\u0173 putlinimas | Momentinis dr\\u0117kinimas ir putlinimas | MONAT makia\\u017eas\",\"previousItem\":{\"@type\":\"ListItem\",\"@id\":\"https:\\\/\\\/monatglobal.com\\\/lt#listItem\",\"name\":\"Home\"}}]},{\"@type\":\"Organization\",\"@id\":\"https:\\\/\\\/monatglobal.com\\\/lt\\\/#organization\",\"name\":\"MONAT Lithuania\",\"url\":\"https:\\\/\\\/monatglobal.com\\\/lt\\\/\"},{\"@type\":\"WebPage\",\"@id\":\"https:\\\/\\\/monatglobal.com\\\/lt\\\/lip-plumb-gloss\\\/#webpage\",\"url\":\"https:\\\/\\\/monatglobal.com\\\/lt\\\/lip-plumb-gloss\\\/\",\"name\":\"L\\u016bp\\u0173 putlinimas | Momentinis dr\\u0117kinimas ir putlinimas | MONAT makia\\u017eas\",\"description\":\"M\\u016bs\\u0173 l\\u016bpas putlinantis blizgis \\u2013 tai blizgi formul\\u0117 su nat\\u016braliais ingredientais, kurie i\\u0161 karto putlina ir dr\\u0117kina l\\u016bpas bei paslepia l\\u016bp\\u0173 netobulumus.\",\"inLanguage\":\"lt-LT\",\"isPartOf\":{\"@id\":\"https:\\\/\\\/monatglobal.com\\\/lt\\\/#website\"},\"breadcrumb\":{\"@id\":\"https:\\\/\\\/monatglobal.com\\\/lt\\\/lip-plumb-gloss\\\/#breadcrumblist\"},\"image\":{\"@type\":\"ImageObject\",\"url\":\"https:\\\/\\\/monatglobal.com\\\/lt\\\/wp-content\\\/uploads\\\/sites\\\/11\\\/2024\\\/09\\\/LIP-PLUMPING-GLOSS-GRACEFUL-ECOMM_2024-min.png\",\"@id\":\"https:\\\/\\\/monatglobal.com\\\/lt\\\/lip-plumb-gloss\\\/#mainImage\",\"width\":641,\"height\":800},\"primaryImageOfPage\":{\"@id\":\"https:\\\/\\\/monatglobal.com\\\/lt\\\/lip-plumb-gloss\\\/#mainImage\"},\"datePublished\":\"2024-09-09T16:44:48+01:00\",\"dateModified\":\"2026-02-07T12:01:57+00:00\"},{\"@type\":\"WebSite\",\"@id\":\"https:\\\/\\\/monatglobal.com\\\/lt\\\/#website\",\"url\":\"https:\\\/\\\/monatglobal.com\\\/lt\\\/\",\"name\":\"MONAT Lithuania\",\"inLanguage\":\"lt-LT\",\"publisher\":{\"@id\":\"https:\\\/\\\/monatglobal.com\\\/lt\\\/#organization\"}}]}\n\t\t<\/script>\n\t\t<!-- All in One SEO Pro -->\r\n\t\t<title>L\u016bp\u0173 putlinimas | Momentinis dr\u0117kinimas ir putlinimas | MONAT makia\u017eas<\/title>\n\n","aioseo_head_json":{"title":"L\u016bp\u0173 putlinimas | Momentinis dr\u0117kinimas ir putlinimas | MONAT makia\u017eas","description":"M\u016bs\u0173 l\u016bpas putlinantis blizgis \u2013 tai blizgi formul\u0117 su nat\u016braliais ingredientais, kurie i\u0161 karto putlina ir dr\u0117kina l\u016bpas bei paslepia l\u016bp\u0173 netobulumus.","canonical_url":"https:\/\/monatglobal.com\/lt\/lip-plumb-gloss\/","robots":"max-image-preview:large","keywords":"","webmasterTools":{"miscellaneous":""},"schema":{"@context":"https:\/\/schema.org","@graph":[{"@type":"BreadcrumbList","@id":"https:\/\/monatglobal.com\/lt\/lip-plumb-gloss\/#breadcrumblist","itemListElement":[{"@type":"ListItem","@id":"https:\/\/monatglobal.com\/lt#listItem","position":1,"name":"Home","item":"https:\/\/monatglobal.com\/lt","nextItem":{"@type":"ListItem","@id":"https:\/\/monatglobal.com\/lt\/lip-plumb-gloss\/#listItem","name":"L\u016bp\u0173 putlinimas | Momentinis dr\u0117kinimas ir putlinimas | MONAT makia\u017eas"}},{"@type":"ListItem","@id":"https:\/\/monatglobal.com\/lt\/lip-plumb-gloss\/#listItem","position":2,"name":"L\u016bp\u0173 putlinimas | Momentinis dr\u0117kinimas ir putlinimas | MONAT makia\u017eas","previousItem":{"@type":"ListItem","@id":"https:\/\/monatglobal.com\/lt#listItem","name":"Home"}}]},{"@type":"Organization","@id":"https:\/\/monatglobal.com\/lt\/#organization","name":"MONAT Lithuania","url":"https:\/\/monatglobal.com\/lt\/"},{"@type":"WebPage","@id":"https:\/\/monatglobal.com\/lt\/lip-plumb-gloss\/#webpage","url":"https:\/\/monatglobal.com\/lt\/lip-plumb-gloss\/","name":"L\u016bp\u0173 putlinimas | Momentinis dr\u0117kinimas ir putlinimas | MONAT makia\u017eas","description":"M\u016bs\u0173 l\u016bpas putlinantis blizgis \u2013 tai blizgi formul\u0117 su nat\u016braliais ingredientais, kurie i\u0161 karto putlina ir dr\u0117kina l\u016bpas bei paslepia l\u016bp\u0173 netobulumus.","inLanguage":"lt-LT","isPartOf":{"@id":"https:\/\/monatglobal.com\/lt\/#website"},"breadcrumb":{"@id":"https:\/\/monatglobal.com\/lt\/lip-plumb-gloss\/#breadcrumblist"},"image":{"@type":"ImageObject","url":"https:\/\/monatglobal.com\/lt\/wp-content\/uploads\/sites\/11\/2024\/09\/LIP-PLUMPING-GLOSS-GRACEFUL-ECOMM_2024-min.png","@id":"https:\/\/monatglobal.com\/lt\/lip-plumb-gloss\/#mainImage","width":641,"height":800},"primaryImageOfPage":{"@id":"https:\/\/monatglobal.com\/lt\/lip-plumb-gloss\/#mainImage"},"datePublished":"2024-09-09T16:44:48+01:00","dateModified":"2026-02-07T12:01:57+00:00"},{"@type":"WebSite","@id":"https:\/\/monatglobal.com\/lt\/#website","url":"https:\/\/monatglobal.com\/lt\/","name":"MONAT Lithuania","inLanguage":"lt-LT","publisher":{"@id":"https:\/\/monatglobal.com\/lt\/#organization"}}]},"og:locale":"lt_LT","og:site_name":"MONAT Lithuania -","og:type":"article","og:title":"L\u016bp\u0173 putlinimas | Momentinis dr\u0117kinimas ir putlinimas | MONAT makia\u017eas","og:description":"M\u016bs\u0173 l\u016bpas putlinantis blizgis \u2013 tai blizgi formul\u0117 su nat\u016braliais ingredientais, kurie i\u0161 karto putlina ir dr\u0117kina l\u016bpas bei paslepia l\u016bp\u0173 netobulumus.","og:url":"https:\/\/monatglobal.com\/lt\/lip-plumb-gloss\/","article:published_time":"2024-09-09T15:44:48+00:00","article:modified_time":"2026-02-07T12:01:57+00:00","twitter:card":"summary_large_image","twitter:title":"L\u016bp\u0173 putlinimas | Momentinis dr\u0117kinimas ir putlinimas | MONAT makia\u017eas","twitter:description":"M\u016bs\u0173 l\u016bpas putlinantis blizgis \u2013 tai blizgi formul\u0117 su nat\u016braliais ingredientais, kurie i\u0161 karto putlina ir dr\u0117kina l\u016bpas bei paslepia l\u016bp\u0173 netobulumus."},"aioseo_meta_data":{"post_id":"84705","title":"L\u016bp\u0173 putlinimas | Momentinis dr\u0117kinimas ir putlinimas | MONAT makia\u017eas","description":"M\u016bs\u0173 l\u016bpas putlinantis blizgis \u2013 tai blizgi formul\u0117 su nat\u016braliais ingredientais, kurie i\u0161 karto putlina ir dr\u0117kina l\u016bpas bei paslepia l\u016bp\u0173 netobulumus.","keywords":null,"keyphrases":{"focus":{"keyphrase":"","score":0,"analysis":{"keyphraseInTitle":{"score":0,"maxScore":9,"error":1}}},"additional":[]},"primary_term":null,"canonical_url":null,"og_title":null,"og_description":null,"og_object_type":"default","og_image_type":"default","og_image_url":null,"og_image_width":null,"og_image_height":null,"og_image_custom_url":null,"og_image_custom_fields":null,"og_video":"","og_custom_url":null,"og_article_section":null,"og_article_tags":null,"twitter_use_og":false,"twitter_card":"default","twitter_image_type":"default","twitter_image_url":null,"twitter_image_custom_url":null,"twitter_image_custom_fields":null,"twitter_title":null,"twitter_description":null,"schema":{"blockGraphs":[],"customGraphs":[],"default":{"data":{"Article":[],"Course":[],"Dataset":[],"FAQPage":[],"Movie":[],"Person":[],"Product":[],"ProductReview":[],"Car":[],"Recipe":[],"Service":[],"SoftwareApplication":[],"WebPage":[]},"graphName":"WebPage","isEnabled":true},"graphs":[]},"schema_type":"default","schema_type_options":null,"pillar_content":false,"robots_default":true,"robots_noindex":false,"robots_noarchive":false,"robots_nosnippet":false,"robots_nofollow":false,"robots_noimageindex":false,"robots_noodp":false,"robots_notranslate":false,"robots_max_snippet":"-1","robots_max_videopreview":"-1","robots_max_imagepreview":"large","priority":null,"frequency":"default","local_seo":null,"seo_analyzer_scan_date":"2025-08-15 03:02:41","breadcrumb_settings":null,"limit_modified_date":false,"reviewed_by":null,"open_ai":"{\"title\":{\"suggestions\":[],\"usage\":0},\"description\":{\"suggestions\":[],\"usage\":0}}","ai":null,"created":"2024-09-09 14:36:30","updated":"2026-02-11 14:41:32"},"aioseo_breadcrumb":"<div class=\"aioseo-breadcrumbs\"><span class=\"aioseo-breadcrumb\">\n\t<a href=\"https:\/\/monatglobal.com\/lt\" title=\"Home\">Home<\/a>\n<\/span><span class=\"aioseo-breadcrumb-separator\">&raquo;<\/span><span class=\"aioseo-breadcrumb\">\n\tL\u016bp\u0173 putlinimas | Momentinis dr\u0117kinimas ir putlinimas | MONAT makia\u017eas\n<\/span><\/div>","aioseo_breadcrumb_json":[{"label":"Home","link":"https:\/\/monatglobal.com\/lt"},{"label":"L\u016bp\u0173 putlinimas | Momentinis dr\u0117kinimas ir putlinimas | MONAT makia\u017eas","link":"https:\/\/monatglobal.com\/lt\/lip-plumb-gloss\/"}],"_links":{"self":[{"href":"https:\/\/monatglobal.com\/lt\/wp-json\/wp\/v2\/pages\/84705","targetHints":{"allow":["GET"]}}],"collection":[{"href":"https:\/\/monatglobal.com\/lt\/wp-json\/wp\/v2\/pages"}],"about":[{"href":"https:\/\/monatglobal.com\/lt\/wp-json\/wp\/v2\/types\/page"}],"author":[{"embeddable":true,"href":"https:\/\/monatglobal.com\/lt\/wp-json\/wp\/v2\/users\/31"}],"replies":[{"embeddable":true,"href":"https:\/\/monatglobal.com\/lt\/wp-json\/wp\/v2\/comments?post=84705"}],"version-history":[{"count":28,"href":"https:\/\/monatglobal.com\/lt\/wp-json\/wp\/v2\/pages\/84705\/revisions"}],"predecessor-version":[{"id":109040,"href":"https:\/\/monatglobal.com\/lt\/wp-json\/wp\/v2\/pages\/84705\/revisions\/109040"}],"wp:featuredmedia":[{"embeddable":true,"href":"https:\/\/monatglobal.com\/lt\/wp-json\/wp\/v2\/media\/84702"}],"wp:attachment":[{"href":"https:\/\/monatglobal.com\/lt\/wp-json\/wp\/v2\/media?parent=84705"}],"wp:term":[{"taxonomy":"category","embeddable":true,"href":"https:\/\/monatglobal.com\/lt\/wp-json\/wp\/v2\/categories?post=84705"},{"taxonomy":"post_tag","embeddable":true,"href":"https:\/\/monatglobal.com\/lt\/wp-json\/wp\/v2\/tags?post=84705"}],"curies":[{"name":"wp","href":"https:\/\/api.w.org\/{rel}","templated":true}]}}